{"id":20201,"date":"2025-06-10T18:30:18","date_gmt":"2025-06-10T18:30:18","guid":{"rendered":"https:\/\/vitablanca.ma\/product\/manix-pure-gel-lubrifiant-intime\/"},"modified":"2025-12-27T14:19:26","modified_gmt":"2025-12-27T14:19:26","slug":"manix-pure-gel-lubrifiant-intime","status":"publish","type":"product","link":"https:\/\/vitablanca.ma\/en\/product\/manix-pure-gel-lubrifiant-intime\/","title":{"rendered":"Manix Pure Intimate Lubricant Gel"},"content":{"rendered":"<h2 data-mce-fragment=\"1\">Manix Pure Intimate Lubricant Gel<span data-mce-fragment=\"1\">\u00a0<\/span><span data-mce-fragment=\"1\">offers extreme softness for maximum pleasure for two.<\/span><br \/>\n<\/h2>\n<table data-mce-fragment=\"1\" width=\"100%\">\n<tbody data-mce-fragment=\"1\">\n<tr data-mce-fragment=\"1\">\n<td data-mce-fragment=\"1\" valign=\"top\" width=\"60%\">\n<div data-mce-fragment=\"1\" class=\"text\">PURE\u2122 is a highly lubricating gel formulated to provide extreme smoothness for maximum pleasure for two.<br data-mce-fragment=\"1\"><br data-mce-fragment=\"1\">Formulated for temporary relief of vaginal dryness.<\/p>\n<ul data-mce-fragment=\"1\">\n<li data-mce-fragment=\"1\">Extreme softness<\/li>\n<li data-mce-fragment=\"1\">No added flavoring<\/li>\n<li data-mce-fragment=\"1\">Water-based, non-greasy<\/li>\n<li data-mce-fragment=\"1\">Does not stain<\/li>\n<li data-mce-fragment=\"1\">Ideal for vaginal or anal intercourse with or without a condom<\/li>\n<li data-mce-fragment=\"1\">80 ml tube<\/li>\n<li data-mce-fragment=\"1\">200 ml tube<\/li>\n<\/ul>\n<h3 data-mce-fragment=\"1\">USE<\/h3>\n<p>Unscrew the cap and remove the seal. To open, lift the cap. For intimate or external use, apply a dose of gel to the area to be lubricated.<br data-mce-fragment=\"1\">This product is not a contraceptive and does not contain spermicide. Compatible with polyisoprene, natural rubber latex, and polyurethane condoms.<\/p>\n<h3 data-mce-fragment=\"1\">BUY MANIX PURE\u2122 INTIMATE LUBRICANT<\/h3>\n<p>Suitable for condoms, Manix and Skyn intimate lubricating gels provide comfort during vaginal or anal intercourse. They don&#039;t stain and can be cleaned with a little soapy water. All Manix and Skyn lubricating gels are dermatologically tested. Those who have purchased MANIX Pure\u2122 love its lubricating power. Read our customer reviews of MANIX Pure\u2122 and discover all our offers for Manix and Skyn Lubricating Gels.<\/p><\/div>\n<div data-mce-fragment=\"1\" class=\"text\"><\/div>\n<div data-mce-fragment=\"1\" class=\"text\">\n<h3 data-mce-fragment=\"1\">MANIX, THE THINNESS OF THE CONDOM FOR MORE PLEASURE<\/h3>\n<p>Created in 1987, the<span data-mce-fragment=\"1\">\u00a0<\/span>Manix brand<span data-mce-fragment=\"1\">\u00a0<\/span>has been known since the beginning for the thinness of its condoms. The Manix Infini 002 launched in the 90s was the thinnest condom on the market. Manix became known thanks to original advertising spots. In 1992, Manix launched the first condom made from deproteinized latex: it contains fewer latex proteins, those that cause allergies in sensitive individuals. Manix condoms are manufactured in the ultra-modern factories of the Lifestyles group, number 2 in the condom world, which also manufactures the Skyn brand. Also try MANIX lubricants suitable for all pleasures.<\/div>\n<ul data-mce-fragment=\"1\" class=\"productSpecifications\">\n<li data-mce-fragment=\"1\">Material: Water-based<\/li>\n<li data-mce-fragment=\"1\">Color: Transparent<\/li>\n<li data-mce-fragment=\"1\">Standard: CE\n<\/li>\n<li data-mce-fragment=\"1\">Condom compatible: Yes<\/li>\n<\/ul>\n<\/td>\n<\/tr>\n<\/tbody>\n<\/table>","protected":false},"excerpt":{"rendered":"<p>Manix Pure Gel Lubrifiant Intime\u00a0offre une douceur extr\u00eame pour un maximum de plaisir \u00e0 deux. PURE \u2122 est un gel \u00e0 haut pouvoir lubrifiant dont la formulation offre une douceur extr\u00eame pour un maximum de plaisir \u00e0 deux.Formule adapt\u00e9e au soulagement temporaire de la s\u00e9cheresse vaginale. Douceur extr\u00eame Sans ar\u00f4me ajout\u00e9 A base d&rsquo;eau, non [&hellip;]<\/p>\n","protected":false},"featured_media":20183,"template":"","meta":{"om_disable_all_campaigns":false},"product_brand":[5519],"product_cat":[15],"product_tag":[5523,5520,5522,5527,5528,5521,5524,5526,5525],"class_list":{"0":"post-20201","1":"product","2":"type-product","3":"status-publish","4":"has-post-thumbnail","6":"product_brand-manix-maroc-prix","7":"product_cat-beaute-sante-complements-alimentaires-soins-et-bien-etre-au-meilleur-prix","8":"product_tag-acheter-manix-maroc","9":"product_tag-manix-maroc","10":"product_tag-manix-original-maroc","11":"product_tag-manix-prix-maroc","12":"product_tag-marque-manix-maroc","13":"product_tag-preservatif-manix-maroc","14":"product_tag-preservatifs-maroc","15":"product_tag-protection-intime-maroc","16":"product_tag-sexualite-responsable-maroc","18":"first","19":"instock","20":"sale","21":"taxable","22":"shipping-taxable","23":"purchasable","24":"product-type-variable"},"yoast_head":"<!-- This site is optimized with the Yoast SEO plugin v27.4 - https:\/\/yoast.com\/product\/yoast-seo-wordpress\/ -->\n<title>Manix Pure Gel Lubrifiant Intime - Maroc Prix<\/title>\n<meta name=\"description\" content=\"Manix Pure Gel Lubrifiant Intime\" \/>\n<meta name=\"robots\" content=\"index, follow, max-snippet:-1, max-image-preview:large, max-video-preview:-1\" \/>\n<link rel=\"canonical\" href=\"https:\/\/vitablanca.ma\/en\/product\/manix-pure-gel-lubrifiant-intime\/\" \/>\n<meta property=\"og:locale\" content=\"en_US\" \/>\n<meta property=\"og:type\" content=\"article\" \/>\n<meta property=\"og:title\" content=\"Manix Pure Gel Lubrifiant Intime - Maroc Prix\" \/>\n<meta property=\"og:description\" content=\"Manix Pure Gel Lubrifiant Intime\" \/>\n<meta property=\"og:url\" content=\"https:\/\/vitablanca.ma\/en\/product\/manix-pure-gel-lubrifiant-intime\/\" \/>\n<meta property=\"og:site_name\" content=\"Vitablanca.ma &ndash; Sant&eacute;, vitalit&eacute; et bien-&ecirc;tre pour tous les Marocains\" \/>\n<meta property=\"article:publisher\" content=\"https:\/\/www.facebook.com\/profile.php?id=61576678196717\" \/>\n<meta property=\"article:modified_time\" content=\"2025-12-27T14:19:26+00:00\" \/>\n<meta property=\"og:image\" content=\"https:\/\/vitablanca.ma\/wp-content\/uploads\/2025\/06\/Manix-Pure-Gel-Lubrifiant-Intime-80ml-nova-paraharmacie-maroc.png\" \/>\n\t<meta property=\"og:image:width\" content=\"1000\" \/>\n\t<meta property=\"og:image:height\" content=\"1000\" \/>\n\t<meta property=\"og:image:type\" content=\"image\/png\" \/>\n<meta name=\"twitter:card\" content=\"summary_large_image\" \/>\n<meta name=\"twitter:label1\" content=\"Est. reading time\" \/>\n\t<meta name=\"twitter:data1\" content=\"2 minutes\" \/>\n<script type=\"application\/ld+json\" class=\"yoast-schema-graph\">{\"@context\":\"https:\\\/\\\/schema.org\",\"@graph\":[{\"@type\":[\"WebPage\",\"ItemPage\"],\"@id\":\"https:\\\/\\\/vitablanca.ma\\\/produit\\\/manix-pure-gel-lubrifiant-intime\\\/\",\"url\":\"https:\\\/\\\/vitablanca.ma\\\/produit\\\/manix-pure-gel-lubrifiant-intime\\\/\",\"name\":\"Manix Pure Gel Lubrifiant Intime - Maroc Prix\",\"isPartOf\":{\"@id\":\"https:\\\/\\\/vitablanca.ma\\\/#website\"},\"primaryImageOfPage\":{\"@id\":\"https:\\\/\\\/vitablanca.ma\\\/produit\\\/manix-pure-gel-lubrifiant-intime\\\/#primaryimage\"},\"image\":{\"@id\":\"https:\\\/\\\/vitablanca.ma\\\/produit\\\/manix-pure-gel-lubrifiant-intime\\\/#primaryimage\"},\"thumbnailUrl\":\"https:\\\/\\\/vitablanca.ma\\\/wp-content\\\/uploads\\\/2025\\\/06\\\/Manix-Pure-Gel-Lubrifiant-Intime-80ml-nova-paraharmacie-maroc.png\",\"datePublished\":\"2025-06-10T18:30:18+00:00\",\"dateModified\":\"2025-12-27T14:19:26+00:00\",\"description\":\"Manix Pure Gel Lubrifiant Intime\",\"breadcrumb\":{\"@id\":\"https:\\\/\\\/vitablanca.ma\\\/produit\\\/manix-pure-gel-lubrifiant-intime\\\/#breadcrumb\"},\"inLanguage\":\"en-US\",\"potentialAction\":[{\"@type\":\"ReadAction\",\"target\":[\"https:\\\/\\\/vitablanca.ma\\\/produit\\\/manix-pure-gel-lubrifiant-intime\\\/\"]}]},{\"@type\":\"ImageObject\",\"inLanguage\":\"en-US\",\"@id\":\"https:\\\/\\\/vitablanca.ma\\\/produit\\\/manix-pure-gel-lubrifiant-intime\\\/#primaryimage\",\"url\":\"https:\\\/\\\/vitablanca.ma\\\/wp-content\\\/uploads\\\/2025\\\/06\\\/Manix-Pure-Gel-Lubrifiant-Intime-80ml-nova-paraharmacie-maroc.png\",\"contentUrl\":\"https:\\\/\\\/vitablanca.ma\\\/wp-content\\\/uploads\\\/2025\\\/06\\\/Manix-Pure-Gel-Lubrifiant-Intime-80ml-nova-paraharmacie-maroc.png\",\"width\":1000,\"height\":1000},{\"@type\":\"BreadcrumbList\",\"@id\":\"https:\\\/\\\/vitablanca.ma\\\/produit\\\/manix-pure-gel-lubrifiant-intime\\\/#breadcrumb\",\"itemListElement\":[{\"@type\":\"ListItem\",\"position\":1,\"name\":\"Home\",\"item\":\"https:\\\/\\\/vitablanca.ma\\\/\"},{\"@type\":\"ListItem\",\"position\":2,\"name\":\"Tous Les Produits\",\"item\":\"https:\\\/\\\/vitablanca.ma\\\/tous-les-produits\\\/\"},{\"@type\":\"ListItem\",\"position\":3,\"name\":\"Manix Pure Gel Lubrifiant Intime\"}]},{\"@type\":\"WebSite\",\"@id\":\"https:\\\/\\\/vitablanca.ma\\\/#website\",\"url\":\"https:\\\/\\\/vitablanca.ma\\\/\",\"name\":\"VitaBlanca.ma | Compl\u00e9ments alimentaires, sant\u00e9 & beaut\u00e9 au Maroc\",\"description\":\"vendre vitamines et compl\u00e9ments premium des USA &amp; Canada, Nouvelle Z\u00e9lande,Maroc (NOW Foods, Solgar, Manuka). Livraison rapide partout au Maroc.\",\"publisher\":{\"@id\":\"https:\\\/\\\/vitablanca.ma\\\/#organization\"},\"alternateName\":\"VitaBlanca.ma\",\"potentialAction\":[{\"@type\":\"SearchAction\",\"target\":{\"@type\":\"EntryPoint\",\"urlTemplate\":\"https:\\\/\\\/vitablanca.ma\\\/?s={search_term_string}\"},\"query-input\":{\"@type\":\"PropertyValueSpecification\",\"valueRequired\":true,\"valueName\":\"search_term_string\"}}],\"inLanguage\":\"en-US\"},{\"@type\":\"Organization\",\"@id\":\"https:\\\/\\\/vitablanca.ma\\\/#organization\",\"name\":\"VitaBlanca\",\"url\":\"https:\\\/\\\/vitablanca.ma\\\/\",\"logo\":{\"@type\":\"ImageObject\",\"inLanguage\":\"en-US\",\"@id\":\"https:\\\/\\\/vitablanca.ma\\\/#\\\/schema\\\/logo\\\/image\\\/\",\"url\":\"https:\\\/\\\/vitablanca.ma\\\/wp-content\\\/uploads\\\/2025\\\/05\\\/cropped-vitablanca.png\",\"contentUrl\":\"https:\\\/\\\/vitablanca.ma\\\/wp-content\\\/uploads\\\/2025\\\/05\\\/cropped-vitablanca.png\",\"width\":360,\"height\":67,\"caption\":\"VitaBlanca\"},\"image\":{\"@id\":\"https:\\\/\\\/vitablanca.ma\\\/#\\\/schema\\\/logo\\\/image\\\/\"},\"sameAs\":[\"https:\\\/\\\/www.facebook.com\\\/profile.php?id=61576678196717\",\"https:\\\/\\\/www.tiktok.com\\\/@vitablanca.ma\",\"https:\\\/\\\/www.instagram.com\\\/vitablanca.ma\\\/\"]}]}<\/script>\n<!-- \/ Yoast SEO plugin. -->","yoast_head_json":{"title":"Manix Pure Intimate Lubricant Gel - Morocco Price","description":"Manix Pure Intimate Lubricant Gel","robots":{"index":"index","follow":"follow","max-snippet":"max-snippet:-1","max-image-preview":"max-image-preview:large","max-video-preview":"max-video-preview:-1"},"canonical":"https:\/\/vitablanca.ma\/en\/product\/manix-pure-gel-lubrifiant-intime\/","og_locale":"en_US","og_type":"article","og_title":"Manix Pure Gel Lubrifiant Intime - Maroc Prix","og_description":"Manix Pure Gel Lubrifiant Intime","og_url":"https:\/\/vitablanca.ma\/en\/product\/manix-pure-gel-lubrifiant-intime\/","og_site_name":"Vitablanca.ma &ndash; Sant&eacute;, vitalit&eacute; et bien-&ecirc;tre pour tous les Marocains","article_publisher":"https:\/\/www.facebook.com\/profile.php?id=61576678196717","article_modified_time":"2025-12-27T14:19:26+00:00","og_image":[{"width":1000,"height":1000,"url":"https:\/\/vitablanca.ma\/wp-content\/uploads\/2025\/06\/Manix-Pure-Gel-Lubrifiant-Intime-80ml-nova-paraharmacie-maroc.png","type":"image\/png"}],"twitter_card":"summary_large_image","twitter_misc":{"Est. reading time":"2 minutes"},"schema":{"@context":"https:\/\/schema.org","@graph":[{"@type":["WebPage","ItemPage"],"@id":"https:\/\/vitablanca.ma\/produit\/manix-pure-gel-lubrifiant-intime\/","url":"https:\/\/vitablanca.ma\/produit\/manix-pure-gel-lubrifiant-intime\/","name":"Manix Pure Intimate Lubricant Gel - Morocco Price","isPartOf":{"@id":"https:\/\/vitablanca.ma\/#website"},"primaryImageOfPage":{"@id":"https:\/\/vitablanca.ma\/produit\/manix-pure-gel-lubrifiant-intime\/#primaryimage"},"image":{"@id":"https:\/\/vitablanca.ma\/produit\/manix-pure-gel-lubrifiant-intime\/#primaryimage"},"thumbnailUrl":"https:\/\/vitablanca.ma\/wp-content\/uploads\/2025\/06\/Manix-Pure-Gel-Lubrifiant-Intime-80ml-nova-paraharmacie-maroc.png","datePublished":"2025-06-10T18:30:18+00:00","dateModified":"2025-12-27T14:19:26+00:00","description":"Manix Pure Intimate Lubricant Gel","breadcrumb":{"@id":"https:\/\/vitablanca.ma\/produit\/manix-pure-gel-lubrifiant-intime\/#breadcrumb"},"inLanguage":"en-US","potentialAction":[{"@type":"ReadAction","target":["https:\/\/vitablanca.ma\/produit\/manix-pure-gel-lubrifiant-intime\/"]}]},{"@type":"ImageObject","inLanguage":"en-US","@id":"https:\/\/vitablanca.ma\/produit\/manix-pure-gel-lubrifiant-intime\/#primaryimage","url":"https:\/\/vitablanca.ma\/wp-content\/uploads\/2025\/06\/Manix-Pure-Gel-Lubrifiant-Intime-80ml-nova-paraharmacie-maroc.png","contentUrl":"https:\/\/vitablanca.ma\/wp-content\/uploads\/2025\/06\/Manix-Pure-Gel-Lubrifiant-Intime-80ml-nova-paraharmacie-maroc.png","width":1000,"height":1000},{"@type":"BreadcrumbList","@id":"https:\/\/vitablanca.ma\/produit\/manix-pure-gel-lubrifiant-intime\/#breadcrumb","itemListElement":[{"@type":"ListItem","position":1,"name":"Home","item":"https:\/\/vitablanca.ma\/"},{"@type":"ListItem","position":2,"name":"Tous Les Produits","item":"https:\/\/vitablanca.ma\/tous-les-produits\/"},{"@type":"ListItem","position":3,"name":"Manix Pure Gel Lubrifiant Intime"}]},{"@type":"WebSite","@id":"https:\/\/vitablanca.ma\/#website","url":"https:\/\/vitablanca.ma\/","name":"VitaBlanca.ma | Food supplements, health &amp; beauty in Morocco","description":"sell premium vitamins and supplements from USA &amp; Canada, New Zealand, Morocco (NOW Foods, Solgar, Manuka). Fast delivery anywhere in Morocco.","publisher":{"@id":"https:\/\/vitablanca.ma\/#organization"},"alternateName":"VitaBlanca.ma","potentialAction":[{"@type":"SearchAction","target":{"@type":"EntryPoint","urlTemplate":"https:\/\/vitablanca.ma\/?s={search_term_string}"},"query-input":{"@type":"PropertyValueSpecification","valueRequired":true,"valueName":"search_term_string"}}],"inLanguage":"en-US"},{"@type":"Organization","@id":"https:\/\/vitablanca.ma\/#organization","name":"VitaBlanca","url":"https:\/\/vitablanca.ma\/","logo":{"@type":"ImageObject","inLanguage":"en-US","@id":"https:\/\/vitablanca.ma\/#\/schema\/logo\/image\/","url":"https:\/\/vitablanca.ma\/wp-content\/uploads\/2025\/05\/cropped-vitablanca.png","contentUrl":"https:\/\/vitablanca.ma\/wp-content\/uploads\/2025\/05\/cropped-vitablanca.png","width":360,"height":67,"caption":"VitaBlanca"},"image":{"@id":"https:\/\/vitablanca.ma\/#\/schema\/logo\/image\/"},"sameAs":["https:\/\/www.facebook.com\/profile.php?id=61576678196717","https:\/\/www.tiktok.com\/@vitablanca.ma","https:\/\/www.instagram.com\/vitablanca.ma\/"]}]}},"jetpack_sharing_enabled":true,"_links":{"self":[{"href":"https:\/\/vitablanca.ma\/en\/wp-json\/wp\/v2\/product\/20201","targetHints":{"allow":["GET"]}}],"collection":[{"href":"https:\/\/vitablanca.ma\/en\/wp-json\/wp\/v2\/product"}],"about":[{"href":"https:\/\/vitablanca.ma\/en\/wp-json\/wp\/v2\/types\/product"}],"wp:featuredmedia":[{"embeddable":true,"href":"https:\/\/vitablanca.ma\/en\/wp-json\/wp\/v2\/media\/20183"}],"wp:attachment":[{"href":"https:\/\/vitablanca.ma\/en\/wp-json\/wp\/v2\/media?parent=20201"}],"wp:term":[{"taxonomy":"product_brand","embeddable":true,"href":"https:\/\/vitablanca.ma\/en\/wp-json\/wp\/v2\/product_brand?post=20201"},{"taxonomy":"product_cat","embeddable":true,"href":"https:\/\/vitablanca.ma\/en\/wp-json\/wp\/v2\/product_cat?post=20201"},{"taxonomy":"product_tag","embeddable":true,"href":"https:\/\/vitablanca.ma\/en\/wp-json\/wp\/v2\/product_tag?post=20201"}],"curies":[{"name":"wp","href":"https:\/\/api.w.org\/{rel}","templated":true}]}}