{"id":20192,"date":"2025-06-10T18:29:56","date_gmt":"2025-06-10T18:29:56","guid":{"rendered":"https:\/\/vitablanca.ma\/product\/mam-perfect-0-6m-2-sucettes\/"},"modified":"2025-06-10T18:29:56","modified_gmt":"2025-06-10T18:29:56","slug":"mam-perfect-0-6m-2-sucettes","status":"publish","type":"product","link":"https:\/\/vitablanca.ma\/en\/product\/mam-perfect-0-6m-2-sucettes\/","title":{"rendered":"MAM Perfect 0-6m - 2 Pacifiers"},"content":{"rendered":"<h2 data-mce-fragment=\"1\">MAM Perfect +6m\u00a0<span data-mce-fragment=\"1\">Particularly gentle on teeth.<\/span><br \/>\n<\/h2>\n<p data-mce-fragment=\"1\"><span data-mce-fragment=\"1\">The MAM Perfect pacifier is the best way to contribute to your baby&#039;s healthy oral development.<br data-mce-fragment=\"1\">2 Lollipops.<br data-mce-fragment=\"1\"><\/span><\/p>\n<ul data-mce-fragment=\"1\">\n<li data-mce-fragment=\"1\">The unique MAM Perfect pacifier is<span data-mce-fragment=\"1\">\u00a0<\/span><b data-mce-fragment=\"1\">60 % thinner and 4 times more flexible***<span data-mce-fragment=\"1\">\u00a0<\/span><\/b>than classic pacifier nipples<\/li>\n<li data-mce-fragment=\"1\">Allows the mouth to close in a<b data-mce-fragment=\"1\"><span data-mce-fragment=\"1\">\u00a0<\/span>more natural position<\/b>\n<\/li>\n<li data-mce-fragment=\"1\">Orthodontic pacifier designed for<span data-mce-fragment=\"1\">\u00a0<\/span><b data-mce-fragment=\"1\">reduce the risk of dental malposition<\/b>\n<\/li>\n<li data-mce-fragment=\"1\">\n<b data-mce-fragment=\"1\">Clinically proven<\/b><span data-mce-fragment=\"1\">\u00a0<\/span>: promotes the proper development of teeth and jaw**<\/li>\n<li data-mce-fragment=\"1\">Developed in collaboration with orthodontists and pediatric dentists<\/li>\n<li data-mce-fragment=\"1\"><span data-mce-fragment=\"1\">Available in MAM SkinSoft\u2122 silicone, for a\u00a0<b data-mce-fragment=\"1\">high acceptance rate<\/b>.\u00a0<\/span><\/li>\n<li data-mce-fragment=\"1\">Soothes and calms baby<\/li>\n<li data-mce-fragment=\"1\">Supplied in a<span data-mce-fragment=\"1\">\u00a0<\/span><b data-mce-fragment=\"1\">transport and sterilization box<span data-mce-fragment=\"1\">\u00a0<\/span><\/b>practical for simple and ultra-fast microwave sterilization<\/li>\n<\/ul>\n<p data-mce-fragment=\"1\"><sup data-mce-fragment=\"1\">\u00b0<\/sup>MAM products do not contain BPA in accordance with current regulations. They also do not contain BPS.<\/p>\n<div data-mce-fragment=\"1\">\n<b data-mce-fragment=\"1\">1. COLLAR\u00a0<br data-mce-fragment=\"1\"><\/b><span data-mce-fragment=\"1\">Rounded for maximum comfort. Allows the skin to breathe thanks to its wide openings.\u00a0\u00a0<\/span>\n<\/div>\n<div data-mce-fragment=\"1\">\n<b data-mce-fragment=\"1\"><\/b><span data-mce-fragment=\"1\"><b data-mce-fragment=\"1\">2. BUTTON\u00a0<br data-mce-fragment=\"1\"><\/b><\/span><span data-mce-fragment=\"1\">Quick and easy to grab. Easy to attach to a pacifier clip.\u00a0\u00a0<\/span>\n<\/div>\n<div data-mce-fragment=\"1\">\n<b data-mce-fragment=\"1\"><\/b><span data-mce-fragment=\"1\"><b data-mce-fragment=\"1\">3. PACIFIER\u00a0<br data-mce-fragment=\"1\"><\/b><\/span><span data-mce-fragment=\"1\">Ultra-thin and flexible nipple allows the mouth to close in a more natural position. Allows enough room for teeth to form normally, reducing the risk of dental malposition.\u00a0 \u00a0<\/span>\n<\/div>\n<div data-mce-fragment=\"1\">\n<b data-mce-fragment=\"1\"><\/b><span data-mce-fragment=\"1\"><b data-mce-fragment=\"1\">4. SILICONE SKINSOFT<br data-mce-fragment=\"1\"><\/b><\/span><span data-mce-fragment=\"1\">Easily accepted by babies, for a familiar feeling.\u00a0\u00a0<\/span>\n<\/div>","protected":false},"excerpt":{"rendered":"<p>MAM Perfect +6m\u00a0Particuli\u00e8rement douce avec les dents. La sucette MAM Perfect est le meilleur moyen de contribuer au bon d\u00e9veloppement bucco-dentaire de b\u00e9b\u00e9.2 Sucettes. La t\u00e9tine unique MAM Perfect est\u00a060 % plus fine et 4 fois plus souple***\u00a0que les t\u00e9tines de sucettes classiques Permet \u00e0 la bouche de se fermer dans une\u00a0position plus naturelle Sucette [&hellip;]<\/p>\n","protected":false},"featured_media":20189,"template":"","meta":{"om_disable_all_campaigns":false},"product_brand":[],"product_cat":[15],"product_tag":[],"class_list":{"0":"post-20192","1":"product","2":"type-product","3":"status-publish","4":"has-post-thumbnail","6":"product_cat-beaute-sante-complements-alimentaires-soins-et-bien-etre-au-meilleur-prix","8":"first","9":"instock","10":"sale","11":"taxable","12":"shipping-taxable","13":"purchasable","14":"product-type-simple"},"yoast_head":"<!-- This site is optimized with the Yoast SEO plugin v27.3 - https:\/\/yoast.com\/product\/yoast-seo-wordpress\/ -->\n<title>MAM Perfect 0-6m -2 Sucettes - Maroc Prix<\/title>\n<meta name=\"description\" content=\"MAM Perfect 0-6m -2 Sucettes\" \/>\n<meta name=\"robots\" content=\"index, follow, max-snippet:-1, max-image-preview:large, max-video-preview:-1\" \/>\n<link rel=\"canonical\" href=\"https:\/\/vitablanca.ma\/en\/product\/mam-perfect-0-6m-2-sucettes\/\" \/>\n<meta property=\"og:locale\" content=\"en_US\" \/>\n<meta property=\"og:type\" content=\"article\" \/>\n<meta property=\"og:title\" content=\"MAM Perfect 0-6m -2 Sucettes - Maroc Prix\" \/>\n<meta property=\"og:description\" content=\"MAM Perfect 0-6m -2 Sucettes\" \/>\n<meta property=\"og:url\" content=\"https:\/\/vitablanca.ma\/en\/product\/mam-perfect-0-6m-2-sucettes\/\" \/>\n<meta property=\"og:site_name\" content=\"Vitablanca.ma &ndash; Sant&eacute;, vitalit&eacute; et bien-&ecirc;tre pour tous les Marocains\" \/>\n<meta property=\"article:publisher\" content=\"https:\/\/www.facebook.com\/profile.php?id=61576678196717\" \/>\n<meta property=\"og:image\" content=\"https:\/\/vitablanca.ma\/wp-content\/uploads\/2025\/06\/MAM-Perfect-0-6m-2-Sucettes-nova-parapharmacie-casablanca.jpg\" \/>\n\t<meta property=\"og:image:width\" content=\"1000\" \/>\n\t<meta property=\"og:image:height\" content=\"1000\" \/>\n\t<meta property=\"og:image:type\" content=\"image\/jpeg\" \/>\n<meta name=\"twitter:card\" content=\"summary_large_image\" \/>\n<meta name=\"twitter:label1\" content=\"Est. reading time\" \/>\n\t<meta name=\"twitter:data1\" content=\"1 minute\" \/>\n<script type=\"application\/ld+json\" class=\"yoast-schema-graph\">{\"@context\":\"https:\\\/\\\/schema.org\",\"@graph\":[{\"@type\":[\"WebPage\",\"ItemPage\"],\"@id\":\"https:\\\/\\\/vitablanca.ma\\\/produit\\\/mam-perfect-0-6m-2-sucettes\\\/\",\"url\":\"https:\\\/\\\/vitablanca.ma\\\/produit\\\/mam-perfect-0-6m-2-sucettes\\\/\",\"name\":\"MAM Perfect 0-6m -2 Sucettes - Maroc Prix\",\"isPartOf\":{\"@id\":\"https:\\\/\\\/vitablanca.ma\\\/#website\"},\"primaryImageOfPage\":{\"@id\":\"https:\\\/\\\/vitablanca.ma\\\/produit\\\/mam-perfect-0-6m-2-sucettes\\\/#primaryimage\"},\"image\":{\"@id\":\"https:\\\/\\\/vitablanca.ma\\\/produit\\\/mam-perfect-0-6m-2-sucettes\\\/#primaryimage\"},\"thumbnailUrl\":\"https:\\\/\\\/vitablanca.ma\\\/wp-content\\\/uploads\\\/2025\\\/06\\\/MAM-Perfect-0-6m-2-Sucettes-nova-parapharmacie-casablanca.jpg\",\"datePublished\":\"2025-06-10T18:29:56+00:00\",\"description\":\"MAM Perfect 0-6m -2 Sucettes\",\"breadcrumb\":{\"@id\":\"https:\\\/\\\/vitablanca.ma\\\/produit\\\/mam-perfect-0-6m-2-sucettes\\\/#breadcrumb\"},\"inLanguage\":\"en-US\",\"potentialAction\":[{\"@type\":\"ReadAction\",\"target\":[\"https:\\\/\\\/vitablanca.ma\\\/produit\\\/mam-perfect-0-6m-2-sucettes\\\/\"]}]},{\"@type\":\"ImageObject\",\"inLanguage\":\"en-US\",\"@id\":\"https:\\\/\\\/vitablanca.ma\\\/produit\\\/mam-perfect-0-6m-2-sucettes\\\/#primaryimage\",\"url\":\"https:\\\/\\\/vitablanca.ma\\\/wp-content\\\/uploads\\\/2025\\\/06\\\/MAM-Perfect-0-6m-2-Sucettes-nova-parapharmacie-casablanca.jpg\",\"contentUrl\":\"https:\\\/\\\/vitablanca.ma\\\/wp-content\\\/uploads\\\/2025\\\/06\\\/MAM-Perfect-0-6m-2-Sucettes-nova-parapharmacie-casablanca.jpg\",\"width\":1000,\"height\":1000},{\"@type\":\"BreadcrumbList\",\"@id\":\"https:\\\/\\\/vitablanca.ma\\\/produit\\\/mam-perfect-0-6m-2-sucettes\\\/#breadcrumb\",\"itemListElement\":[{\"@type\":\"ListItem\",\"position\":1,\"name\":\"Home\",\"item\":\"https:\\\/\\\/vitablanca.ma\\\/\"},{\"@type\":\"ListItem\",\"position\":2,\"name\":\"Tous Les Produits\",\"item\":\"https:\\\/\\\/vitablanca.ma\\\/tous-les-produits\\\/\"},{\"@type\":\"ListItem\",\"position\":3,\"name\":\"MAM Perfect 0-6m -2 Sucettes\"}]},{\"@type\":\"WebSite\",\"@id\":\"https:\\\/\\\/vitablanca.ma\\\/#website\",\"url\":\"https:\\\/\\\/vitablanca.ma\\\/\",\"name\":\"VitaBlanca.ma | Compl\u00e9ments alimentaires, sant\u00e9 & beaut\u00e9 au Maroc\",\"description\":\"vendre vitamines et compl\u00e9ments premium des USA &amp; Canada, Nouvelle Z\u00e9lande,Maroc (NOW Foods, Solgar, Manuka). Livraison rapide partout au Maroc.\",\"publisher\":{\"@id\":\"https:\\\/\\\/vitablanca.ma\\\/#organization\"},\"alternateName\":\"VitaBlanca.ma\",\"potentialAction\":[{\"@type\":\"SearchAction\",\"target\":{\"@type\":\"EntryPoint\",\"urlTemplate\":\"https:\\\/\\\/vitablanca.ma\\\/?s={search_term_string}\"},\"query-input\":{\"@type\":\"PropertyValueSpecification\",\"valueRequired\":true,\"valueName\":\"search_term_string\"}}],\"inLanguage\":\"en-US\"},{\"@type\":\"Organization\",\"@id\":\"https:\\\/\\\/vitablanca.ma\\\/#organization\",\"name\":\"VitaBlanca\",\"url\":\"https:\\\/\\\/vitablanca.ma\\\/\",\"logo\":{\"@type\":\"ImageObject\",\"inLanguage\":\"en-US\",\"@id\":\"https:\\\/\\\/vitablanca.ma\\\/#\\\/schema\\\/logo\\\/image\\\/\",\"url\":\"https:\\\/\\\/vitablanca.ma\\\/wp-content\\\/uploads\\\/2025\\\/05\\\/cropped-vitablanca.png\",\"contentUrl\":\"https:\\\/\\\/vitablanca.ma\\\/wp-content\\\/uploads\\\/2025\\\/05\\\/cropped-vitablanca.png\",\"width\":360,\"height\":67,\"caption\":\"VitaBlanca\"},\"image\":{\"@id\":\"https:\\\/\\\/vitablanca.ma\\\/#\\\/schema\\\/logo\\\/image\\\/\"},\"sameAs\":[\"https:\\\/\\\/www.facebook.com\\\/profile.php?id=61576678196717\",\"https:\\\/\\\/www.tiktok.com\\\/@vitablanca.ma\",\"https:\\\/\\\/www.instagram.com\\\/vitablanca.ma\\\/\"]}]}<\/script>\n<!-- \/ Yoast SEO plugin. -->","yoast_head_json":{"title":"MAM Perfect 0-6m - 2 Pacifiers - Morocco Price","description":"MAM Perfect 0-6m - 2 Pacifiers","robots":{"index":"index","follow":"follow","max-snippet":"max-snippet:-1","max-image-preview":"max-image-preview:large","max-video-preview":"max-video-preview:-1"},"canonical":"https:\/\/vitablanca.ma\/en\/product\/mam-perfect-0-6m-2-sucettes\/","og_locale":"en_US","og_type":"article","og_title":"MAM Perfect 0-6m -2 Sucettes - Maroc Prix","og_description":"MAM Perfect 0-6m -2 Sucettes","og_url":"https:\/\/vitablanca.ma\/en\/product\/mam-perfect-0-6m-2-sucettes\/","og_site_name":"Vitablanca.ma &ndash; Sant&eacute;, vitalit&eacute; et bien-&ecirc;tre pour tous les Marocains","article_publisher":"https:\/\/www.facebook.com\/profile.php?id=61576678196717","og_image":[{"width":1000,"height":1000,"url":"https:\/\/vitablanca.ma\/wp-content\/uploads\/2025\/06\/MAM-Perfect-0-6m-2-Sucettes-nova-parapharmacie-casablanca.jpg","type":"image\/jpeg"}],"twitter_card":"summary_large_image","twitter_misc":{"Est. reading time":"1 minute"},"schema":{"@context":"https:\/\/schema.org","@graph":[{"@type":["WebPage","ItemPage"],"@id":"https:\/\/vitablanca.ma\/produit\/mam-perfect-0-6m-2-sucettes\/","url":"https:\/\/vitablanca.ma\/produit\/mam-perfect-0-6m-2-sucettes\/","name":"MAM Perfect 0-6m - 2 Pacifiers - Morocco Price","isPartOf":{"@id":"https:\/\/vitablanca.ma\/#website"},"primaryImageOfPage":{"@id":"https:\/\/vitablanca.ma\/produit\/mam-perfect-0-6m-2-sucettes\/#primaryimage"},"image":{"@id":"https:\/\/vitablanca.ma\/produit\/mam-perfect-0-6m-2-sucettes\/#primaryimage"},"thumbnailUrl":"https:\/\/vitablanca.ma\/wp-content\/uploads\/2025\/06\/MAM-Perfect-0-6m-2-Sucettes-nova-parapharmacie-casablanca.jpg","datePublished":"2025-06-10T18:29:56+00:00","description":"MAM Perfect 0-6m - 2 Pacifiers","breadcrumb":{"@id":"https:\/\/vitablanca.ma\/produit\/mam-perfect-0-6m-2-sucettes\/#breadcrumb"},"inLanguage":"en-US","potentialAction":[{"@type":"ReadAction","target":["https:\/\/vitablanca.ma\/produit\/mam-perfect-0-6m-2-sucettes\/"]}]},{"@type":"ImageObject","inLanguage":"en-US","@id":"https:\/\/vitablanca.ma\/produit\/mam-perfect-0-6m-2-sucettes\/#primaryimage","url":"https:\/\/vitablanca.ma\/wp-content\/uploads\/2025\/06\/MAM-Perfect-0-6m-2-Sucettes-nova-parapharmacie-casablanca.jpg","contentUrl":"https:\/\/vitablanca.ma\/wp-content\/uploads\/2025\/06\/MAM-Perfect-0-6m-2-Sucettes-nova-parapharmacie-casablanca.jpg","width":1000,"height":1000},{"@type":"BreadcrumbList","@id":"https:\/\/vitablanca.ma\/produit\/mam-perfect-0-6m-2-sucettes\/#breadcrumb","itemListElement":[{"@type":"ListItem","position":1,"name":"Home","item":"https:\/\/vitablanca.ma\/"},{"@type":"ListItem","position":2,"name":"Tous Les Produits","item":"https:\/\/vitablanca.ma\/tous-les-produits\/"},{"@type":"ListItem","position":3,"name":"MAM Perfect 0-6m -2 Sucettes"}]},{"@type":"WebSite","@id":"https:\/\/vitablanca.ma\/#website","url":"https:\/\/vitablanca.ma\/","name":"VitaBlanca.ma | Food supplements, health &amp; beauty in Morocco","description":"sell premium vitamins and supplements from USA &amp; Canada, New Zealand, Morocco (NOW Foods, Solgar, Manuka). Fast delivery anywhere in Morocco.","publisher":{"@id":"https:\/\/vitablanca.ma\/#organization"},"alternateName":"VitaBlanca.ma","potentialAction":[{"@type":"SearchAction","target":{"@type":"EntryPoint","urlTemplate":"https:\/\/vitablanca.ma\/?s={search_term_string}"},"query-input":{"@type":"PropertyValueSpecification","valueRequired":true,"valueName":"search_term_string"}}],"inLanguage":"en-US"},{"@type":"Organization","@id":"https:\/\/vitablanca.ma\/#organization","name":"VitaBlanca","url":"https:\/\/vitablanca.ma\/","logo":{"@type":"ImageObject","inLanguage":"en-US","@id":"https:\/\/vitablanca.ma\/#\/schema\/logo\/image\/","url":"https:\/\/vitablanca.ma\/wp-content\/uploads\/2025\/05\/cropped-vitablanca.png","contentUrl":"https:\/\/vitablanca.ma\/wp-content\/uploads\/2025\/05\/cropped-vitablanca.png","width":360,"height":67,"caption":"VitaBlanca"},"image":{"@id":"https:\/\/vitablanca.ma\/#\/schema\/logo\/image\/"},"sameAs":["https:\/\/www.facebook.com\/profile.php?id=61576678196717","https:\/\/www.tiktok.com\/@vitablanca.ma","https:\/\/www.instagram.com\/vitablanca.ma\/"]}]}},"jetpack_sharing_enabled":true,"_links":{"self":[{"href":"https:\/\/vitablanca.ma\/en\/wp-json\/wp\/v2\/product\/20192","targetHints":{"allow":["GET"]}}],"collection":[{"href":"https:\/\/vitablanca.ma\/en\/wp-json\/wp\/v2\/product"}],"about":[{"href":"https:\/\/vitablanca.ma\/en\/wp-json\/wp\/v2\/types\/product"}],"wp:featuredmedia":[{"embeddable":true,"href":"https:\/\/vitablanca.ma\/en\/wp-json\/wp\/v2\/media\/20189"}],"wp:attachment":[{"href":"https:\/\/vitablanca.ma\/en\/wp-json\/wp\/v2\/media?parent=20192"}],"wp:term":[{"taxonomy":"product_brand","embeddable":true,"href":"https:\/\/vitablanca.ma\/en\/wp-json\/wp\/v2\/product_brand?post=20192"},{"taxonomy":"product_cat","embeddable":true,"href":"https:\/\/vitablanca.ma\/en\/wp-json\/wp\/v2\/product_cat?post=20192"},{"taxonomy":"product_tag","embeddable":true,"href":"https:\/\/vitablanca.ma\/en\/wp-json\/wp\/v2\/product_tag?post=20192"}],"curies":[{"name":"wp","href":"https:\/\/api.w.org\/{rel}","templated":true}]}}