{"id":20190,"date":"2025-06-10T18:29:51","date_gmt":"2025-06-10T18:29:51","guid":{"rendered":"https:\/\/vitablanca.ma\/product\/3-chenes-color-et-soin-2\/"},"modified":"2025-09-16T17:57:41","modified_gmt":"2025-09-16T17:57:41","slug":"3-chenes-color-et-soin-2","status":"publish","type":"product","link":"https:\/\/vitablanca.ma\/en\/product\/3-chenes-color-et-soin-2\/","title":{"rendered":"3 Oaks Color and Care"},"content":{"rendered":"<h2>3 Oaks Color and Care<\/h2>\n<p><strong>34 shades to satisfy all your desires.<\/strong><\/p>\n<p>A pioneer in coloring with plant extracts in pharmacies for over 20 years, Color&amp;Soin<sup>\u00ae<\/sup> is THE permanent coloring that takes care of your hair!<\/p>\n<p>A professional result!<\/p>\n<ul>\n<li>An exceptional, intense and reliable permanent color<\/li>\n<li>Complete coverage of white hair<\/li>\n<li>Optimal scalp comfort<\/li>\n<\/ul>\n<p>Shine, softness and suppleness! Experience a unique at-home coloring experience!<\/p>\n<h3>\n<strong>CASE CONTENTS<\/strong><br \/>\n<\/h3>\n<ul>\n<li>\n<strong>1 bottle of 60 mL of tincture<\/strong> with plant extracts<\/li>\n<li>\n<strong>1 bottle of 60 mL of fixative<\/strong> colored<\/li>\n<li>1 sachet of 15 mL of <strong>hair balm<\/strong>\n<\/li>\n<li>\n<strong>1 pair of gloves<\/strong> protectors<\/li>\n<li>\n<strong>1 notice<\/strong> explanatory.<\/li>\n<\/ul>\n<p>Application is only carried out on dry hair.<br \/>A sensitivity test remains essential before each application (see below).<\/p>\n<h3><strong><br \/>PREPARATION<\/strong><\/h3>\n<ul>\n<li>Place a towel over your shoulders to protect your clothes, then put on the pair of gloves.<\/li>\n<li>Pour the contents of the COLOR&amp;SOIN\u00ae Plant Extract Dye into the Color Fixer bottle.<\/li>\n<li>Screw the cap of the applicator bottle back on tightly and shake it until you obtain a perfectly homogeneous mixture.<\/li>\n<li>Unscrew the tip of the applicator bottle cap, and begin application immediately.\n<\/li>\n<\/ul>\n<h3><strong>APPLICATION<br \/><\/strong><\/h3>\n<ul>\n<li>Separate hair into four areas using a comb and carefully apply to the roots using the applicator tip.<\/li>\n<li>Then distribute the coloring mixture throughout the length of your hair. Use all of the product for coloring.<\/li>\n<li>Knead lightly to thoroughly soak all of the hair.\n<\/li>\n<\/ul>\n<p><strong>EXPOSURE TIME<br \/><\/strong><\/p>\n<ul>\n<li>Let it work <strong>20 minutes<\/strong> if you have few gray hairs. Extend to <strong>30 minutes<\/strong> if you have more than 50 % of gray hair and up to <strong>40 minutes<\/strong> if white hair is difficult to cover.<\/li>\n<li>For maintenance coloring, apply the mixture to the roots first, leave on for <strong>20 minutes.<\/strong> Then spread over the lengths and leave to act <strong>10 more minutes.<\/strong>\n<\/li>\n<\/ul>\n<p><strong>RINSING<\/strong><\/p>\n<ul>\n<li>Before rinsing, emulsify the application with a little warm water and massage in circular motions.<\/li>\n<li>Rinse until the water runs clear.<\/li>\n<li>Apply the COLOR&amp;SOIN\u00ae Hair Balm (included in the box) from root to tip, gently massaging the hair for approximately 2 minutes. Then proceed with a final rinse.<\/li>\n<li>Let your hair dry naturally (preferably) before styling so that it gradually regains its shape, flexibility and volume.<\/li>\n<\/ul>\n<h3><span class=\"Polaris-Badge_2qgie\">Available Colors<\/span><\/h3>\n<p><span class=\"Polaris-Badge_2qgie\">3N Dark Brown \u2013\u00a0<\/span><span class=\"Polaris-Badge_2qgie\">4B Brownie Chestnut \u2013\u00a0<\/span><span class=\"Polaris-Badge_2qgie\">4M Mahogany Chestnut \u2013\u00a0<\/span><span class=\"Polaris-Badge_2qgie\">4N Natural Brown \u2013\u00a0<\/span><span class=\"Polaris-Badge_2qgie\">5G Light Golden Brown \u2013\u00a0<\/span><span class=\"Polaris-Badge_2qgie\">5N Light Brown \u2013\u00a0<\/span><span class=\"Polaris-Badge_2qgie\">6B Cocoa Brown \u2013\u00a0<\/span><span class=\"Polaris-Badge_2qgie\">6G Dark Golden Blonde \u2013\u00a0<\/span><span class=\"Polaris-Badge_2qgie\">6N Dark Blonde \u2013\u00a0<\/span><span class=\"Polaris-Badge_2qgie\">7M Mahogany Blonde \u2013\u00a0<\/span><span class=\"Polaris-Badge_2qgie\">7N Hazelnut Blonde \u2013\u00a0<\/span><span class=\"Polaris-Badge_2qgie\">1N Black Ebony \u2013\u00a0<\/span><span class=\"Polaris-Badge_2qgie\">8N Wheat Blonde \u2013\u00a0<\/span><span class=\"Polaris-Badge_2qgie\">10N Platinum Blonde \u2013\u00a0<\/span><span class=\"Polaris-Badge_2qgie\">2A Azure Brown \u2013\u00a0<\/span><span class=\"Polaris-Badge_2qgie\">4A Glazed Chestnut \u2013\u00a0<\/span><span class=\"Polaris-Badge_2qgie\">8A Ash Blonde \u2013\u00a0<\/span><span class=\"Polaris-Badge_2qgie\">10A Light Ash Blonde \u2013\u00a0<\/span><span class=\"Polaris-Badge_2qgie\">11A Ash Sand Blonde \u2013\u00a0<\/span><span class=\"Polaris-Badge_2qgie\">7G Golden Blonde \u2013\u00a0<\/span><span class=\"Polaris-Badge_2qgie\">8G Light Golden Blonde \u2013\u00a0<\/span><span class=\"Polaris-Badge_2qgie\">5M Light Mahogany Brown \u2013\u00a0<\/span><span class=\"Polaris-Badge_2qgie\">5B Chocolate Brown \u2013\u00a0<\/span><span class=\"Polaris-Badge_2qgie\">7C Copper Earth Blonde \u2013\u00a0<\/span><span class=\"Polaris-Badge_2qgie\">9R Fire Red \u2013\u00a0<\/span><span class=\"Polaris-Badge_2qgie\">11R Blueberry Red \u2013\u00a0<\/span><span class=\"Polaris-Badge_2qgie\">8V Blond Veneziano \u2013\u00a0<\/span><span class=\"Polaris-Badge_2qgie\">5GM Light Brown Cappuccino<\/span><\/p>\n<p style=\"text-align: center\"><span class=\"Polaris-Badge_2qgie\">Discover Color et Soin, a product carefully selected to meet your specific needs, and enjoy an exceptional shopping experience on our site,\u00a0<strong>Vita Blanca Parapharmacie Maroc<\/strong><\/span><\/p>\n<p>\u00a0<\/p>","protected":false},"excerpt":{"rendered":"<p>3 Ch\u00eanes Color et Soin 34 nuances pour combler toutes vos envies. Pionnier de la coloration aux extraits v\u00e9g\u00e9taux en pharmacie depuis plus de 20 ans, Color&amp;Soin\u00ae est LA coloration permanente qui prend soin de vos cheveux ! Un r\u00e9sultat professionnel ! Une couleur permanente d&rsquo;exception, intense et fiable Une couverture totale des cheveux blancs [&hellip;]<\/p>\n","protected":false},"featured_media":19945,"template":"","meta":{"om_disable_all_campaigns":false},"product_brand":[],"product_cat":[15],"product_tag":[],"class_list":{"0":"post-20190","1":"product","2":"type-product","3":"status-publish","4":"has-post-thumbnail","6":"product_cat-beaute-sante-complements-alimentaires-soins-et-bien-etre-au-meilleur-prix","8":"first","9":"instock","10":"taxable","11":"shipping-taxable","12":"purchasable","13":"product-type-variable"},"yoast_head":"<!-- This site is optimized with the Yoast SEO plugin v27.3 - https:\/\/yoast.com\/product\/yoast-seo-wordpress\/ -->\n<title>3 Ch\u00eanes Color et Soin - Maroc Prix<\/title>\n<meta name=\"description\" content=\"3 Ch\u00eanes Color et Soin\" \/>\n<meta name=\"robots\" content=\"index, follow, max-snippet:-1, max-image-preview:large, max-video-preview:-1\" \/>\n<link rel=\"canonical\" href=\"https:\/\/vitablanca.ma\/en\/product\/3-chenes-color-et-soin-2\/\" \/>\n<meta property=\"og:locale\" content=\"en_US\" \/>\n<meta property=\"og:type\" content=\"article\" \/>\n<meta property=\"og:title\" content=\"3 Ch\u00eanes Color et Soin - Maroc Prix\" \/>\n<meta property=\"og:description\" content=\"3 Ch\u00eanes Color et Soin\" \/>\n<meta property=\"og:url\" content=\"https:\/\/vitablanca.ma\/en\/product\/3-chenes-color-et-soin-2\/\" \/>\n<meta property=\"og:site_name\" content=\"Vitablanca.ma &ndash; Sant&eacute;, vitalit&eacute; et bien-&ecirc;tre pour tous les Marocains\" \/>\n<meta property=\"article:publisher\" content=\"https:\/\/www.facebook.com\/profile.php?id=61576678196717\" \/>\n<meta property=\"article:modified_time\" content=\"2025-09-16T17:57:41+00:00\" \/>\n<meta property=\"og:image\" content=\"https:\/\/vitablanca.ma\/wp-content\/uploads\/2025\/06\/3-Chenes-Color-et-Soin-1N-Noir-Ebene-nova-parapharmacie-maroc-1.jpg\" \/>\n\t<meta property=\"og:image:width\" content=\"1000\" \/>\n\t<meta property=\"og:image:height\" content=\"1000\" \/>\n\t<meta property=\"og:image:type\" content=\"image\/jpeg\" \/>\n<meta name=\"twitter:card\" content=\"summary_large_image\" \/>\n<meta name=\"twitter:label1\" content=\"Est. reading time\" \/>\n\t<meta name=\"twitter:data1\" content=\"3 minutes\" \/>\n<script type=\"application\/ld+json\" class=\"yoast-schema-graph\">{\"@context\":\"https:\\\/\\\/schema.org\",\"@graph\":[{\"@type\":[\"WebPage\",\"ItemPage\"],\"@id\":\"https:\\\/\\\/vitablanca.ma\\\/produit\\\/3-chenes-color-et-soin-2\\\/\",\"url\":\"https:\\\/\\\/vitablanca.ma\\\/produit\\\/3-chenes-color-et-soin-2\\\/\",\"name\":\"3 Ch\u00eanes Color et Soin - Maroc Prix\",\"isPartOf\":{\"@id\":\"https:\\\/\\\/vitablanca.ma\\\/#website\"},\"primaryImageOfPage\":{\"@id\":\"https:\\\/\\\/vitablanca.ma\\\/produit\\\/3-chenes-color-et-soin-2\\\/#primaryimage\"},\"image\":{\"@id\":\"https:\\\/\\\/vitablanca.ma\\\/produit\\\/3-chenes-color-et-soin-2\\\/#primaryimage\"},\"thumbnailUrl\":\"https:\\\/\\\/vitablanca.ma\\\/wp-content\\\/uploads\\\/2025\\\/06\\\/3-Chenes-Color-et-Soin-1N-Noir-Ebene-nova-parapharmacie-maroc-1.jpg\",\"datePublished\":\"2025-06-10T18:29:51+00:00\",\"dateModified\":\"2025-09-16T17:57:41+00:00\",\"description\":\"3 Ch\u00eanes Color et Soin\",\"breadcrumb\":{\"@id\":\"https:\\\/\\\/vitablanca.ma\\\/produit\\\/3-chenes-color-et-soin-2\\\/#breadcrumb\"},\"inLanguage\":\"en-US\",\"potentialAction\":[{\"@type\":\"ReadAction\",\"target\":[\"https:\\\/\\\/vitablanca.ma\\\/produit\\\/3-chenes-color-et-soin-2\\\/\"]}]},{\"@type\":\"ImageObject\",\"inLanguage\":\"en-US\",\"@id\":\"https:\\\/\\\/vitablanca.ma\\\/produit\\\/3-chenes-color-et-soin-2\\\/#primaryimage\",\"url\":\"https:\\\/\\\/vitablanca.ma\\\/wp-content\\\/uploads\\\/2025\\\/06\\\/3-Chenes-Color-et-Soin-1N-Noir-Ebene-nova-parapharmacie-maroc-1.jpg\",\"contentUrl\":\"https:\\\/\\\/vitablanca.ma\\\/wp-content\\\/uploads\\\/2025\\\/06\\\/3-Chenes-Color-et-Soin-1N-Noir-Ebene-nova-parapharmacie-maroc-1.jpg\",\"width\":1000,\"height\":1000},{\"@type\":\"BreadcrumbList\",\"@id\":\"https:\\\/\\\/vitablanca.ma\\\/produit\\\/3-chenes-color-et-soin-2\\\/#breadcrumb\",\"itemListElement\":[{\"@type\":\"ListItem\",\"position\":1,\"name\":\"Home\",\"item\":\"https:\\\/\\\/vitablanca.ma\\\/\"},{\"@type\":\"ListItem\",\"position\":2,\"name\":\"Tous Les Produits\",\"item\":\"https:\\\/\\\/vitablanca.ma\\\/tous-les-produits\\\/\"},{\"@type\":\"ListItem\",\"position\":3,\"name\":\"3 Ch\u00eanes Color et Soin\"}]},{\"@type\":\"WebSite\",\"@id\":\"https:\\\/\\\/vitablanca.ma\\\/#website\",\"url\":\"https:\\\/\\\/vitablanca.ma\\\/\",\"name\":\"VitaBlanca.ma | Compl\u00e9ments alimentaires, sant\u00e9 & beaut\u00e9 au Maroc\",\"description\":\"vendre vitamines et compl\u00e9ments premium des USA &amp; Canada, Nouvelle Z\u00e9lande,Maroc (NOW Foods, Solgar, Manuka). Livraison rapide partout au Maroc.\",\"publisher\":{\"@id\":\"https:\\\/\\\/vitablanca.ma\\\/#organization\"},\"alternateName\":\"VitaBlanca.ma\",\"potentialAction\":[{\"@type\":\"SearchAction\",\"target\":{\"@type\":\"EntryPoint\",\"urlTemplate\":\"https:\\\/\\\/vitablanca.ma\\\/?s={search_term_string}\"},\"query-input\":{\"@type\":\"PropertyValueSpecification\",\"valueRequired\":true,\"valueName\":\"search_term_string\"}}],\"inLanguage\":\"en-US\"},{\"@type\":\"Organization\",\"@id\":\"https:\\\/\\\/vitablanca.ma\\\/#organization\",\"name\":\"VitaBlanca\",\"url\":\"https:\\\/\\\/vitablanca.ma\\\/\",\"logo\":{\"@type\":\"ImageObject\",\"inLanguage\":\"en-US\",\"@id\":\"https:\\\/\\\/vitablanca.ma\\\/#\\\/schema\\\/logo\\\/image\\\/\",\"url\":\"https:\\\/\\\/vitablanca.ma\\\/wp-content\\\/uploads\\\/2025\\\/05\\\/cropped-vitablanca.png\",\"contentUrl\":\"https:\\\/\\\/vitablanca.ma\\\/wp-content\\\/uploads\\\/2025\\\/05\\\/cropped-vitablanca.png\",\"width\":360,\"height\":67,\"caption\":\"VitaBlanca\"},\"image\":{\"@id\":\"https:\\\/\\\/vitablanca.ma\\\/#\\\/schema\\\/logo\\\/image\\\/\"},\"sameAs\":[\"https:\\\/\\\/www.facebook.com\\\/profile.php?id=61576678196717\",\"https:\\\/\\\/www.tiktok.com\\\/@vitablanca.ma\",\"https:\\\/\\\/www.instagram.com\\\/vitablanca.ma\\\/\"]}]}<\/script>\n<!-- \/ Yoast SEO plugin. -->","yoast_head_json":{"title":"3 Ch\u00eanes Color and Care - Morocco Price","description":"3 Oaks Color and Care","robots":{"index":"index","follow":"follow","max-snippet":"max-snippet:-1","max-image-preview":"max-image-preview:large","max-video-preview":"max-video-preview:-1"},"canonical":"https:\/\/vitablanca.ma\/en\/product\/3-chenes-color-et-soin-2\/","og_locale":"en_US","og_type":"article","og_title":"3 Ch\u00eanes Color et Soin - Maroc Prix","og_description":"3 Ch\u00eanes Color et Soin","og_url":"https:\/\/vitablanca.ma\/en\/product\/3-chenes-color-et-soin-2\/","og_site_name":"Vitablanca.ma &ndash; Sant&eacute;, vitalit&eacute; et bien-&ecirc;tre pour tous les Marocains","article_publisher":"https:\/\/www.facebook.com\/profile.php?id=61576678196717","article_modified_time":"2025-09-16T17:57:41+00:00","og_image":[{"width":1000,"height":1000,"url":"https:\/\/vitablanca.ma\/wp-content\/uploads\/2025\/06\/3-Chenes-Color-et-Soin-1N-Noir-Ebene-nova-parapharmacie-maroc-1.jpg","type":"image\/jpeg"}],"twitter_card":"summary_large_image","twitter_misc":{"Est. reading time":"3 minutes"},"schema":{"@context":"https:\/\/schema.org","@graph":[{"@type":["WebPage","ItemPage"],"@id":"https:\/\/vitablanca.ma\/produit\/3-chenes-color-et-soin-2\/","url":"https:\/\/vitablanca.ma\/produit\/3-chenes-color-et-soin-2\/","name":"3 Ch\u00eanes Color and Care - Morocco Price","isPartOf":{"@id":"https:\/\/vitablanca.ma\/#website"},"primaryImageOfPage":{"@id":"https:\/\/vitablanca.ma\/produit\/3-chenes-color-et-soin-2\/#primaryimage"},"image":{"@id":"https:\/\/vitablanca.ma\/produit\/3-chenes-color-et-soin-2\/#primaryimage"},"thumbnailUrl":"https:\/\/vitablanca.ma\/wp-content\/uploads\/2025\/06\/3-Chenes-Color-et-Soin-1N-Noir-Ebene-nova-parapharmacie-maroc-1.jpg","datePublished":"2025-06-10T18:29:51+00:00","dateModified":"2025-09-16T17:57:41+00:00","description":"3 Oaks Color and Care","breadcrumb":{"@id":"https:\/\/vitablanca.ma\/produit\/3-chenes-color-et-soin-2\/#breadcrumb"},"inLanguage":"en-US","potentialAction":[{"@type":"ReadAction","target":["https:\/\/vitablanca.ma\/produit\/3-chenes-color-et-soin-2\/"]}]},{"@type":"ImageObject","inLanguage":"en-US","@id":"https:\/\/vitablanca.ma\/produit\/3-chenes-color-et-soin-2\/#primaryimage","url":"https:\/\/vitablanca.ma\/wp-content\/uploads\/2025\/06\/3-Chenes-Color-et-Soin-1N-Noir-Ebene-nova-parapharmacie-maroc-1.jpg","contentUrl":"https:\/\/vitablanca.ma\/wp-content\/uploads\/2025\/06\/3-Chenes-Color-et-Soin-1N-Noir-Ebene-nova-parapharmacie-maroc-1.jpg","width":1000,"height":1000},{"@type":"BreadcrumbList","@id":"https:\/\/vitablanca.ma\/produit\/3-chenes-color-et-soin-2\/#breadcrumb","itemListElement":[{"@type":"ListItem","position":1,"name":"Home","item":"https:\/\/vitablanca.ma\/"},{"@type":"ListItem","position":2,"name":"Tous Les Produits","item":"https:\/\/vitablanca.ma\/tous-les-produits\/"},{"@type":"ListItem","position":3,"name":"3 Ch\u00eanes Color et Soin"}]},{"@type":"WebSite","@id":"https:\/\/vitablanca.ma\/#website","url":"https:\/\/vitablanca.ma\/","name":"VitaBlanca.ma | Food supplements, health &amp; beauty in Morocco","description":"sell premium vitamins and supplements from USA &amp; Canada, New Zealand, Morocco (NOW Foods, Solgar, Manuka). Fast delivery anywhere in Morocco.","publisher":{"@id":"https:\/\/vitablanca.ma\/#organization"},"alternateName":"VitaBlanca.ma","potentialAction":[{"@type":"SearchAction","target":{"@type":"EntryPoint","urlTemplate":"https:\/\/vitablanca.ma\/?s={search_term_string}"},"query-input":{"@type":"PropertyValueSpecification","valueRequired":true,"valueName":"search_term_string"}}],"inLanguage":"en-US"},{"@type":"Organization","@id":"https:\/\/vitablanca.ma\/#organization","name":"VitaBlanca","url":"https:\/\/vitablanca.ma\/","logo":{"@type":"ImageObject","inLanguage":"en-US","@id":"https:\/\/vitablanca.ma\/#\/schema\/logo\/image\/","url":"https:\/\/vitablanca.ma\/wp-content\/uploads\/2025\/05\/cropped-vitablanca.png","contentUrl":"https:\/\/vitablanca.ma\/wp-content\/uploads\/2025\/05\/cropped-vitablanca.png","width":360,"height":67,"caption":"VitaBlanca"},"image":{"@id":"https:\/\/vitablanca.ma\/#\/schema\/logo\/image\/"},"sameAs":["https:\/\/www.facebook.com\/profile.php?id=61576678196717","https:\/\/www.tiktok.com\/@vitablanca.ma","https:\/\/www.instagram.com\/vitablanca.ma\/"]}]}},"jetpack_sharing_enabled":true,"_links":{"self":[{"href":"https:\/\/vitablanca.ma\/en\/wp-json\/wp\/v2\/product\/20190","targetHints":{"allow":["GET"]}}],"collection":[{"href":"https:\/\/vitablanca.ma\/en\/wp-json\/wp\/v2\/product"}],"about":[{"href":"https:\/\/vitablanca.ma\/en\/wp-json\/wp\/v2\/types\/product"}],"wp:featuredmedia":[{"embeddable":true,"href":"https:\/\/vitablanca.ma\/en\/wp-json\/wp\/v2\/media\/19945"}],"wp:attachment":[{"href":"https:\/\/vitablanca.ma\/en\/wp-json\/wp\/v2\/media?parent=20190"}],"wp:term":[{"taxonomy":"product_brand","embeddable":true,"href":"https:\/\/vitablanca.ma\/en\/wp-json\/wp\/v2\/product_brand?post=20190"},{"taxonomy":"product_cat","embeddable":true,"href":"https:\/\/vitablanca.ma\/en\/wp-json\/wp\/v2\/product_cat?post=20190"},{"taxonomy":"product_tag","embeddable":true,"href":"https:\/\/vitablanca.ma\/en\/wp-json\/wp\/v2\/product_tag?post=20190"}],"curies":[{"name":"wp","href":"https:\/\/api.w.org\/{rel}","templated":true}]}}