{"id":20182,"date":"2025-06-10T18:29:32","date_gmt":"2025-06-10T18:29:32","guid":{"rendered":"https:\/\/vitablanca.ma\/product\/gum-micro-tip-brosse-a-dents-medium-473-2\/"},"modified":"2025-06-10T18:29:32","modified_gmt":"2025-06-10T18:29:32","slug":"gum-micro-tip-brosse-a-dents-medium-473-2","status":"publish","type":"product","link":"https:\/\/vitablanca.ma\/en\/product\/gum-micro-tip-brosse-a-dents-medium-473-2\/","title":{"rendered":"Gum Micro Tip Medium Toothbrush (473)"},"content":{"rendered":"<div class=\"product detail parbase\" data-mce-fragment=\"1\">\n<div class=\"gum-Product cq-dd-product-data-reference grid-container\" data-mce-fragment=\"1\">\n<div data-v-317ff41e=\"\" class=\"custom-grid grid-x grid-margin-x small-mt-60 small-mb-60 medium-mb-120\" data-mce-fragment=\"1\">\n<div data-v-317ff41e=\"\" class=\"cell medium-7 float-right text-center medium-text-left medium-pr-60 large-pr-120\" data-mce-fragment=\"1\">\n<div data-v-317ff41e=\"\" class=\"h3-title small-mb-30 medium-mb-60 medium-mt-0 c-txt-grey-dark\" data-mce-fragment=\"1\">\n<h2 data-mce-fragment=\"1\">Gum Micro Tip Medium Toothbrush<span data-mce-fragment=\"1\">\u00a0help remove dental plaque more effectively<\/span><br \/>\n<\/h2>\n<p data-v-317ff41e=\"\" data-mce-fragment=\"1\">The GUM Micro Tip brush goes beyond a simple toothbrush. Its unique bristle design helps improve brushing efficiency and gently clean teeth and gums.\u00a0<\/p>\n<\/div>\n<\/div>\n<\/div>\n<\/div>\n<\/div>\n<div class=\"product-detail-parsys\" data-mce-fragment=\"1\">\n<div class=\"container-narrow\" data-mce-fragment=\"1\">\n<div data-mce-fragment=\"1\">\n<div class=\"experiencefragment\" data-mce-fragment=\"1\">\n<div class=\"xf-content-height\" data-mce-fragment=\"1\">\n<div class=\"producthighlights parbase\" data-mce-fragment=\"1\">\n<div class=\"grid-container small-mt-45 medium-mt-90 small-mb-45 medium-mb-90\" data-mce-fragment=\"1\">\n<div class=\"grid-x align-center\" data-mce-fragment=\"1\">\n<div class=\"small-12 medium-10 cell producthighlights__inner c-bg-gradient-default c-txt-white small-p-30 medium-p-60 small-pl-45 small-pr-45 medium-pl-90 medium-pr-90 large-pl-120 large-pr-120\" data-mce-fragment=\"1\">\n<div class=\"grid-container full\" data-mce-fragment=\"1\">\n<div class=\"grid-x align-justify grid-x--single-col\" data-mce-fragment=\"1\">\n<div class=\"cell small-12\" data-mce-fragment=\"1\">\n<div class=\"aem-fix\" data-mce-fragment=\"1\">\n<div class=\"aem-fix\" data-mce-fragment=\"1\">\n<h3 class=\"small-mb-15 small-mt-0 medium-mb-30 medium-mt-0 c-txt-white text-center\" data-mce-fragment=\"1\">Points<span data-mce-fragment=\"1\">\u00a0<\/span><b data-mce-fragment=\"1\">STRONG<\/b><br \/>\n<\/h3>\n<\/div>\n<div class=\"aem-fix\" data-mce-fragment=\"1\">\n<ul data-mce-fragment=\"1\">\n<li data-mce-fragment=\"1\">The terminal part of each strand of the 2 central rows is made up of 4 to 6 micro strands, i.e. 70% more strands than a traditional brush, and a larger contact surface<\/li>\n<li data-mce-fragment=\"1\">Domed cut: the 2 raised central rows help remove plaque more effectively<\/li>\n<li data-mce-fragment=\"1\">Ergonomic bi-material handle, with thumb slot for improved comfort while brushing<\/li>\n<li data-mce-fragment=\"1\">Cap included<\/li>\n<\/ul>\n<\/div>\n<\/div>\n<\/div>\n<\/div>\n<\/div>\n<\/div>\n<\/div>\n<\/div>\n<\/div>\n<\/div>\n<\/div>\n<\/div>\n<\/div>\n<\/div>","protected":false},"excerpt":{"rendered":"<p>Gum Micro Tip Brosse \u00e0 Dents M\u00e9dium\u00a0permettent d&rsquo;\u00e9liminer plus efficacement la plaque dentaire La brosse GUM Micro Tip va plus loin qu&rsquo;une simple brosse \u00e0 dents. La conception unique de ses brins aide \u00e0 am\u00e9liorer l&rsquo;efficacit\u00e9 du brossage et \u00e0 obtenir des dents et des gencives propres, tout en douceur.\u00a0 Points\u00a0FORTS La partie terminale de [&hellip;]<\/p>\n","protected":false},"featured_media":19901,"template":"","meta":{"om_disable_all_campaigns":false},"product_brand":[],"product_cat":[15],"product_tag":[],"class_list":{"0":"post-20182","1":"product","2":"type-product","3":"status-publish","4":"has-post-thumbnail","6":"product_cat-beaute-sante-complements-alimentaires-soins-et-bien-etre-au-meilleur-prix","8":"first","9":"instock","10":"sale","11":"taxable","12":"shipping-taxable","13":"purchasable","14":"product-type-simple"},"yoast_head":"<!-- This site is optimized with the Yoast SEO plugin v27.3 - https:\/\/yoast.com\/product\/yoast-seo-wordpress\/ -->\n<title>Gum Micro Tip Brosse \u00e0 Dents M\u00e9dium (473) - Maroc Prix<\/title>\n<meta name=\"description\" content=\"Gum Micro Tip Brosse \u00e0 Dents M\u00e9dium (473)\" \/>\n<meta name=\"robots\" content=\"index, follow, max-snippet:-1, max-image-preview:large, max-video-preview:-1\" \/>\n<link rel=\"canonical\" href=\"https:\/\/vitablanca.ma\/en\/product\/gum-micro-tip-brosse-a-dents-medium-473-2\/\" \/>\n<meta property=\"og:locale\" content=\"en_US\" \/>\n<meta property=\"og:type\" content=\"article\" \/>\n<meta property=\"og:title\" content=\"Gum Micro Tip Brosse \u00e0 Dents M\u00e9dium (473) - Maroc Prix\" \/>\n<meta property=\"og:description\" content=\"Gum Micro Tip Brosse \u00e0 Dents M\u00e9dium (473)\" \/>\n<meta property=\"og:url\" content=\"https:\/\/vitablanca.ma\/en\/product\/gum-micro-tip-brosse-a-dents-medium-473-2\/\" \/>\n<meta property=\"og:site_name\" content=\"Vitablanca.ma &ndash; Sant&eacute;, vitalit&eacute; et bien-&ecirc;tre pour tous les Marocains\" \/>\n<meta property=\"article:publisher\" content=\"https:\/\/www.facebook.com\/profile.php?id=61576678196717\" \/>\n<meta property=\"og:image\" content=\"https:\/\/vitablanca.ma\/wp-content\/uploads\/2025\/06\/Gum-Micro-Tip-Brosse-a-Dents-Medium-_473_-nova-parapharmacie-maroc-1.png\" \/>\n\t<meta property=\"og:image:width\" content=\"1000\" \/>\n\t<meta property=\"og:image:height\" content=\"1000\" \/>\n\t<meta property=\"og:image:type\" content=\"image\/png\" \/>\n<meta name=\"twitter:card\" content=\"summary_large_image\" \/>\n<meta name=\"twitter:label1\" content=\"Est. reading time\" \/>\n\t<meta name=\"twitter:data1\" content=\"1 minute\" \/>\n<script type=\"application\/ld+json\" class=\"yoast-schema-graph\">{\"@context\":\"https:\\\/\\\/schema.org\",\"@graph\":[{\"@type\":[\"WebPage\",\"ItemPage\"],\"@id\":\"https:\\\/\\\/vitablanca.ma\\\/produit\\\/gum-micro-tip-brosse-a-dents-medium-473-2\\\/\",\"url\":\"https:\\\/\\\/vitablanca.ma\\\/produit\\\/gum-micro-tip-brosse-a-dents-medium-473-2\\\/\",\"name\":\"Gum Micro Tip Brosse \u00e0 Dents M\u00e9dium (473) - Maroc Prix\",\"isPartOf\":{\"@id\":\"https:\\\/\\\/vitablanca.ma\\\/#website\"},\"primaryImageOfPage\":{\"@id\":\"https:\\\/\\\/vitablanca.ma\\\/produit\\\/gum-micro-tip-brosse-a-dents-medium-473-2\\\/#primaryimage\"},\"image\":{\"@id\":\"https:\\\/\\\/vitablanca.ma\\\/produit\\\/gum-micro-tip-brosse-a-dents-medium-473-2\\\/#primaryimage\"},\"thumbnailUrl\":\"https:\\\/\\\/vitablanca.ma\\\/wp-content\\\/uploads\\\/2025\\\/06\\\/Gum-Micro-Tip-Brosse-a-Dents-Medium-_473_-nova-parapharmacie-maroc-1.png\",\"datePublished\":\"2025-06-10T18:29:32+00:00\",\"description\":\"Gum Micro Tip Brosse \u00e0 Dents M\u00e9dium (473)\",\"breadcrumb\":{\"@id\":\"https:\\\/\\\/vitablanca.ma\\\/produit\\\/gum-micro-tip-brosse-a-dents-medium-473-2\\\/#breadcrumb\"},\"inLanguage\":\"en-US\",\"potentialAction\":[{\"@type\":\"ReadAction\",\"target\":[\"https:\\\/\\\/vitablanca.ma\\\/produit\\\/gum-micro-tip-brosse-a-dents-medium-473-2\\\/\"]}]},{\"@type\":\"ImageObject\",\"inLanguage\":\"en-US\",\"@id\":\"https:\\\/\\\/vitablanca.ma\\\/produit\\\/gum-micro-tip-brosse-a-dents-medium-473-2\\\/#primaryimage\",\"url\":\"https:\\\/\\\/vitablanca.ma\\\/wp-content\\\/uploads\\\/2025\\\/06\\\/Gum-Micro-Tip-Brosse-a-Dents-Medium-_473_-nova-parapharmacie-maroc-1.png\",\"contentUrl\":\"https:\\\/\\\/vitablanca.ma\\\/wp-content\\\/uploads\\\/2025\\\/06\\\/Gum-Micro-Tip-Brosse-a-Dents-Medium-_473_-nova-parapharmacie-maroc-1.png\",\"width\":1000,\"height\":1000},{\"@type\":\"BreadcrumbList\",\"@id\":\"https:\\\/\\\/vitablanca.ma\\\/produit\\\/gum-micro-tip-brosse-a-dents-medium-473-2\\\/#breadcrumb\",\"itemListElement\":[{\"@type\":\"ListItem\",\"position\":1,\"name\":\"Home\",\"item\":\"https:\\\/\\\/vitablanca.ma\\\/\"},{\"@type\":\"ListItem\",\"position\":2,\"name\":\"Tous Les Produits\",\"item\":\"https:\\\/\\\/vitablanca.ma\\\/tous-les-produits\\\/\"},{\"@type\":\"ListItem\",\"position\":3,\"name\":\"Gum Micro Tip Brosse \u00e0 Dents M\u00e9dium (473)\"}]},{\"@type\":\"WebSite\",\"@id\":\"https:\\\/\\\/vitablanca.ma\\\/#website\",\"url\":\"https:\\\/\\\/vitablanca.ma\\\/\",\"name\":\"VitaBlanca.ma | Compl\u00e9ments alimentaires, sant\u00e9 & beaut\u00e9 au Maroc\",\"description\":\"vendre vitamines et compl\u00e9ments premium des USA &amp; Canada, Nouvelle Z\u00e9lande,Maroc (NOW Foods, Solgar, Manuka). Livraison rapide partout au Maroc.\",\"publisher\":{\"@id\":\"https:\\\/\\\/vitablanca.ma\\\/#organization\"},\"alternateName\":\"VitaBlanca.ma\",\"potentialAction\":[{\"@type\":\"SearchAction\",\"target\":{\"@type\":\"EntryPoint\",\"urlTemplate\":\"https:\\\/\\\/vitablanca.ma\\\/?s={search_term_string}\"},\"query-input\":{\"@type\":\"PropertyValueSpecification\",\"valueRequired\":true,\"valueName\":\"search_term_string\"}}],\"inLanguage\":\"en-US\"},{\"@type\":\"Organization\",\"@id\":\"https:\\\/\\\/vitablanca.ma\\\/#organization\",\"name\":\"VitaBlanca\",\"url\":\"https:\\\/\\\/vitablanca.ma\\\/\",\"logo\":{\"@type\":\"ImageObject\",\"inLanguage\":\"en-US\",\"@id\":\"https:\\\/\\\/vitablanca.ma\\\/#\\\/schema\\\/logo\\\/image\\\/\",\"url\":\"https:\\\/\\\/vitablanca.ma\\\/wp-content\\\/uploads\\\/2025\\\/05\\\/cropped-vitablanca.png\",\"contentUrl\":\"https:\\\/\\\/vitablanca.ma\\\/wp-content\\\/uploads\\\/2025\\\/05\\\/cropped-vitablanca.png\",\"width\":360,\"height\":67,\"caption\":\"VitaBlanca\"},\"image\":{\"@id\":\"https:\\\/\\\/vitablanca.ma\\\/#\\\/schema\\\/logo\\\/image\\\/\"},\"sameAs\":[\"https:\\\/\\\/www.facebook.com\\\/profile.php?id=61576678196717\",\"https:\\\/\\\/www.tiktok.com\\\/@vitablanca.ma\",\"https:\\\/\\\/www.instagram.com\\\/vitablanca.ma\\\/\"]}]}<\/script>\n<!-- \/ Yoast SEO plugin. -->","yoast_head_json":{"title":"Gum Micro Tip Medium Toothbrush (473) - Morocco Price","description":"Gum Micro Tip Medium Toothbrush (473)","robots":{"index":"index","follow":"follow","max-snippet":"max-snippet:-1","max-image-preview":"max-image-preview:large","max-video-preview":"max-video-preview:-1"},"canonical":"https:\/\/vitablanca.ma\/en\/product\/gum-micro-tip-brosse-a-dents-medium-473-2\/","og_locale":"en_US","og_type":"article","og_title":"Gum Micro Tip Brosse \u00e0 Dents M\u00e9dium (473) - Maroc Prix","og_description":"Gum Micro Tip Brosse \u00e0 Dents M\u00e9dium (473)","og_url":"https:\/\/vitablanca.ma\/en\/product\/gum-micro-tip-brosse-a-dents-medium-473-2\/","og_site_name":"Vitablanca.ma &ndash; Sant&eacute;, vitalit&eacute; et bien-&ecirc;tre pour tous les Marocains","article_publisher":"https:\/\/www.facebook.com\/profile.php?id=61576678196717","og_image":[{"width":1000,"height":1000,"url":"https:\/\/vitablanca.ma\/wp-content\/uploads\/2025\/06\/Gum-Micro-Tip-Brosse-a-Dents-Medium-_473_-nova-parapharmacie-maroc-1.png","type":"image\/png"}],"twitter_card":"summary_large_image","twitter_misc":{"Est. reading time":"1 minute"},"schema":{"@context":"https:\/\/schema.org","@graph":[{"@type":["WebPage","ItemPage"],"@id":"https:\/\/vitablanca.ma\/produit\/gum-micro-tip-brosse-a-dents-medium-473-2\/","url":"https:\/\/vitablanca.ma\/produit\/gum-micro-tip-brosse-a-dents-medium-473-2\/","name":"Gum Micro Tip Medium Toothbrush (473) - Morocco Price","isPartOf":{"@id":"https:\/\/vitablanca.ma\/#website"},"primaryImageOfPage":{"@id":"https:\/\/vitablanca.ma\/produit\/gum-micro-tip-brosse-a-dents-medium-473-2\/#primaryimage"},"image":{"@id":"https:\/\/vitablanca.ma\/produit\/gum-micro-tip-brosse-a-dents-medium-473-2\/#primaryimage"},"thumbnailUrl":"https:\/\/vitablanca.ma\/wp-content\/uploads\/2025\/06\/Gum-Micro-Tip-Brosse-a-Dents-Medium-_473_-nova-parapharmacie-maroc-1.png","datePublished":"2025-06-10T18:29:32+00:00","description":"Gum Micro Tip Medium Toothbrush (473)","breadcrumb":{"@id":"https:\/\/vitablanca.ma\/produit\/gum-micro-tip-brosse-a-dents-medium-473-2\/#breadcrumb"},"inLanguage":"en-US","potentialAction":[{"@type":"ReadAction","target":["https:\/\/vitablanca.ma\/produit\/gum-micro-tip-brosse-a-dents-medium-473-2\/"]}]},{"@type":"ImageObject","inLanguage":"en-US","@id":"https:\/\/vitablanca.ma\/produit\/gum-micro-tip-brosse-a-dents-medium-473-2\/#primaryimage","url":"https:\/\/vitablanca.ma\/wp-content\/uploads\/2025\/06\/Gum-Micro-Tip-Brosse-a-Dents-Medium-_473_-nova-parapharmacie-maroc-1.png","contentUrl":"https:\/\/vitablanca.ma\/wp-content\/uploads\/2025\/06\/Gum-Micro-Tip-Brosse-a-Dents-Medium-_473_-nova-parapharmacie-maroc-1.png","width":1000,"height":1000},{"@type":"BreadcrumbList","@id":"https:\/\/vitablanca.ma\/produit\/gum-micro-tip-brosse-a-dents-medium-473-2\/#breadcrumb","itemListElement":[{"@type":"ListItem","position":1,"name":"Home","item":"https:\/\/vitablanca.ma\/"},{"@type":"ListItem","position":2,"name":"Tous Les Produits","item":"https:\/\/vitablanca.ma\/tous-les-produits\/"},{"@type":"ListItem","position":3,"name":"Gum Micro Tip Brosse \u00e0 Dents M\u00e9dium (473)"}]},{"@type":"WebSite","@id":"https:\/\/vitablanca.ma\/#website","url":"https:\/\/vitablanca.ma\/","name":"VitaBlanca.ma | Food supplements, health &amp; beauty in Morocco","description":"sell premium vitamins and supplements from USA &amp; Canada, New Zealand, Morocco (NOW Foods, Solgar, Manuka). Fast delivery anywhere in Morocco.","publisher":{"@id":"https:\/\/vitablanca.ma\/#organization"},"alternateName":"VitaBlanca.ma","potentialAction":[{"@type":"SearchAction","target":{"@type":"EntryPoint","urlTemplate":"https:\/\/vitablanca.ma\/?s={search_term_string}"},"query-input":{"@type":"PropertyValueSpecification","valueRequired":true,"valueName":"search_term_string"}}],"inLanguage":"en-US"},{"@type":"Organization","@id":"https:\/\/vitablanca.ma\/#organization","name":"VitaBlanca","url":"https:\/\/vitablanca.ma\/","logo":{"@type":"ImageObject","inLanguage":"en-US","@id":"https:\/\/vitablanca.ma\/#\/schema\/logo\/image\/","url":"https:\/\/vitablanca.ma\/wp-content\/uploads\/2025\/05\/cropped-vitablanca.png","contentUrl":"https:\/\/vitablanca.ma\/wp-content\/uploads\/2025\/05\/cropped-vitablanca.png","width":360,"height":67,"caption":"VitaBlanca"},"image":{"@id":"https:\/\/vitablanca.ma\/#\/schema\/logo\/image\/"},"sameAs":["https:\/\/www.facebook.com\/profile.php?id=61576678196717","https:\/\/www.tiktok.com\/@vitablanca.ma","https:\/\/www.instagram.com\/vitablanca.ma\/"]}]}},"jetpack_sharing_enabled":true,"_links":{"self":[{"href":"https:\/\/vitablanca.ma\/en\/wp-json\/wp\/v2\/product\/20182","targetHints":{"allow":["GET"]}}],"collection":[{"href":"https:\/\/vitablanca.ma\/en\/wp-json\/wp\/v2\/product"}],"about":[{"href":"https:\/\/vitablanca.ma\/en\/wp-json\/wp\/v2\/types\/product"}],"wp:featuredmedia":[{"embeddable":true,"href":"https:\/\/vitablanca.ma\/en\/wp-json\/wp\/v2\/media\/19901"}],"wp:attachment":[{"href":"https:\/\/vitablanca.ma\/en\/wp-json\/wp\/v2\/media?parent=20182"}],"wp:term":[{"taxonomy":"product_brand","embeddable":true,"href":"https:\/\/vitablanca.ma\/en\/wp-json\/wp\/v2\/product_brand?post=20182"},{"taxonomy":"product_cat","embeddable":true,"href":"https:\/\/vitablanca.ma\/en\/wp-json\/wp\/v2\/product_cat?post=20182"},{"taxonomy":"product_tag","embeddable":true,"href":"https:\/\/vitablanca.ma\/en\/wp-json\/wp\/v2\/product_tag?post=20182"}],"curies":[{"name":"wp","href":"https:\/\/api.w.org\/{rel}","templated":true}]}}