{"id":20180,"date":"2025-06-10T18:29:30","date_gmt":"2025-06-10T18:29:30","guid":{"rendered":"https:\/\/vitablanca.ma\/product\/la-roche-posay-hydraphase-ha-yeux-15ml\/"},"modified":"2025-12-28T17:29:33","modified_gmt":"2025-12-28T17:29:33","slug":"la-roche-posay-hydraphase-ha-yeux-15ml","status":"publish","type":"product","link":"https:\/\/vitablanca.ma\/en\/product\/la-roche-posay-hydraphase-ha-yeux-15ml\/","title":{"rendered":"La Roche Posay Hydraphase HA Eyes 15ml"},"content":{"rendered":"<h2>La Roche Posay Hydraphase High Performance Rehydrating Eyes for Sensitive Skin with anti-puffiness action.<\/h2>\n<p>R\u00e9hydratation intensive pour lisser les ridules de d\u00e9shydratation du contour de l\u2019oeil. Action drainante sur les poches et les paupi\u00e8res gonfl\u00e9es.<br \/>\n15ml.<\/p>\n<h3>PROPERTIES<\/h3>\n<p>Dehydration lines, puffiness, swollen eyelids.<br \/>\nUne efficacit\u00e9 hydratante intensive et cibl\u00e9e, gr\u00e2ce \u00e0 l\u2019Acide Hyaluronique Fragment\u00e9, pour lisser les ridules de d\u00e9shydratation. Une action sur les poches et les paupi\u00e8res gonfl\u00e9es gr\u00e2ce \u00e0 l\u2019association de Caf\u00e9ine drainante et d\u2019Eau Thermale de La Roche-Posay d\u00e9congestionnante, optomis\u00e9e par une gestuelle d\u2019application originale.<\/p>\n<div>\n<h3>EFFICIENCY<\/h3>\n<ul>\n<li>> Les ridules sont liss\u00e9es:\u00a0 84% des femmes*<\/li>\n<li>> Les poches sont r\u00e9duites:\u00a0 62% des femmes*<\/li>\n<li>> Les signes de fatigue sont r\u00e9duits:\u00a0 64% des femmes*<\/li>\n<\/ul>\n<p>* Clinical test conducted on 50 women.<\/p>\n<\/div>\n<h3>TEXTURE & APPLICATION<\/h3>\n<div>\n<ol>\n<li>Apply a small amount of product in small touches to the eye contour.<\/li>\n<li>Spread the cream using light strokes.<\/li>\n<li>To reduce puffiness, continue the movement by smoothing the lower eyelid, from the inner corner of the eye towards the temple. Finish by applying gentle pressure to the temples to stimulate lymphatic circulation.<\/li>\n<li>To reduce fine lines caused by dehydration, perform a series of tapping movements around the eyes.<\/li>\n<\/ol>\n<p style=\"text-align: center;\">D\u00e9couvrez La Roche Posay Hydraphase HA Yeux , un produit soigneusement s\u00e9lectionn\u00e9 pour r\u00e9pondre \u00e0 vos besoins sp\u00e9cifiques, et vivez une exp\u00e9rience d\u2019achat exceptionnelle sur notre site, <strong>Vita Blanca Parapharmacie Maroc<\/strong><\/p>\n<\/div>","protected":false},"excerpt":{"rendered":"<p>La Roche Posay Hydraphase Yeux\u00a0R\u00e9hydratant Haute Performance\u00a0Peaux Sensibles action anti-poches. R\u00e9hydratation intensive pour lisser les ridules de d\u00e9shydratation du contour de l\u2019oeil. Action drainante sur les poches et les paupi\u00e8res gonfl\u00e9es. 15ml. PROPRI\u00c9T\u00c9S Ridules de d\u00e9shydratation, poches, paupi\u00e8res gonfl\u00e9es. Une efficacit\u00e9 hydratante intensive et cibl\u00e9e, gr\u00e2ce \u00e0 l\u2019Acide Hyaluronique Fragment\u00e9, pour lisser les ridules de [&hellip;]<\/p>\n","protected":false},"featured_media":20166,"template":"","meta":{"om_disable_all_campaigns":false},"product_brand":[3456],"product_cat":[18],"product_tag":[3459,3471,5642,5639,3473,3468,3472,3470,5638,3474,5636,5411,3462,3464,3460,3465,3461,3457,3466,3469,3458,5641,5643,3463,5644,5640,3467],"class_list":{"0":"post-20180","1":"product","2":"type-product","3":"status-publish","4":"has-post-thumbnail","6":"product_brand-la-roche-posay-maroc-prix","7":"product_cat-beaute-sante","8":"product_tag-acheter-la-roche-posay-en-ligne-maroc","9":"product_tag-anthelios-maroc","10":"product_tag-anti-fatigue-yeux-maroc","11":"product_tag-contour-des-yeux-hydratant-maroc","12":"product_tag-cosmetiques-maroc","13":"product_tag-creme-solaire-maroc","14":"product_tag-dermatologie-maroc","15":"product_tag-effaclar-maroc","16":"product_tag-hydraphase-ha-yeux-maroc","17":"product_tag-hydratation-peau","18":"product_tag-la-roche-posay-hydraphase-maroc","19":"product_tag-la-roche-posay-maroc-2","20":"product_tag-la-roche-posay-acne-maroc","21":"product_tag-la-roche-posay-anthelios-maroc","22":"product_tag-la-roche-posay-creme-solaire-maroc","23":"product_tag-la-roche-posay-effaclar-maroc","24":"product_tag-la-roche-posay-hydratant-visage-maroc","25":"product_tag-la-roche-posay-maroc","26":"product_tag-la-roche-posay-maroc-prix","27":"product_tag-peau-sensible-maroc","28":"product_tag-produits-la-roche-posay-maroc","29":"product_tag-reduction-poches-yeux-maroc","30":"product_tag-routine-yeux-maroc","31":"product_tag-serum-la-roche-posay-maroc","32":"product_tag-soin-anti-age-yeux-maroc","33":"product_tag-soin-yeux-peau-sensible-maroc","34":"product_tag-soins-visage-maroc","36":"first","37":"instock","38":"sale","39":"taxable","40":"shipping-taxable","41":"purchasable","42":"product-type-simple"},"yoast_head":"<!-- This site is optimized with the Yoast SEO plugin v27.5 - https:\/\/yoast.com\/product\/yoast-seo-wordpress\/ -->\n<title>La Roche Posay Hydraphase HA Yeux 15ml - Maroc Prix<\/title>\n<meta name=\"description\" content=\"Hydraphase HA Yeux 15\u202fml La Roche-Posay au Maroc : hydrate, repulpe et apaise le contour des yeux sensibles. R\u00e9duit les poches et les signes de fatigue.\" \/>\n<meta name=\"robots\" content=\"index, follow, max-snippet:-1, max-image-preview:large, max-video-preview:-1\" \/>\n<link rel=\"canonical\" href=\"https:\/\/vitablanca.ma\/en\/product\/la-roche-posay-hydraphase-ha-yeux-15ml\/\" \/>\n<meta property=\"og:locale\" content=\"en_US\" \/>\n<meta property=\"og:type\" content=\"article\" \/>\n<meta property=\"og:title\" content=\"La Roche Posay Hydraphase HA Yeux 15ml - Maroc Prix\" \/>\n<meta property=\"og:description\" content=\"Hydraphase HA Yeux 15\u202fml La Roche-Posay au Maroc : hydrate, repulpe et apaise le contour des yeux sensibles. R\u00e9duit les poches et les signes de fatigue.\" \/>\n<meta property=\"og:url\" content=\"https:\/\/vitablanca.ma\/en\/product\/la-roche-posay-hydraphase-ha-yeux-15ml\/\" \/>\n<meta property=\"og:site_name\" content=\"Vitablanca.ma &ndash; Sant&eacute;, vitalit&eacute; et bien-&ecirc;tre pour tous les Marocains\" \/>\n<meta property=\"article:publisher\" content=\"https:\/\/www.facebook.com\/profile.php?id=61576678196717\" \/>\n<meta property=\"article:modified_time\" content=\"2025-12-28T17:29:33+00:00\" \/>\n<meta property=\"og:image\" content=\"https:\/\/vitablanca.ma\/wp-content\/uploads\/2025\/06\/La-Roche-Posay-Hydraphase-Intense-Yeux-15ml-nova-para-pharmacie-maroc.jpg\" \/>\n\t<meta property=\"og:image:width\" content=\"1000\" \/>\n\t<meta property=\"og:image:height\" content=\"1000\" \/>\n\t<meta property=\"og:image:type\" content=\"image\/jpeg\" \/>\n<meta name=\"twitter:card\" content=\"summary_large_image\" \/>\n<meta name=\"twitter:label1\" content=\"Est. reading time\" \/>\n\t<meta name=\"twitter:data1\" content=\"1 minute\" \/>\n<script type=\"application\/ld+json\" class=\"yoast-schema-graph\">{\"@context\":\"https:\\\/\\\/schema.org\",\"@graph\":[{\"@type\":[\"WebPage\",\"ItemPage\"],\"@id\":\"https:\\\/\\\/vitablanca.ma\\\/produit\\\/la-roche-posay-hydraphase-ha-yeux-15ml\\\/\",\"url\":\"https:\\\/\\\/vitablanca.ma\\\/produit\\\/la-roche-posay-hydraphase-ha-yeux-15ml\\\/\",\"name\":\"La Roche Posay Hydraphase HA Yeux 15ml - Maroc Prix\",\"isPartOf\":{\"@id\":\"https:\\\/\\\/vitablanca.ma\\\/#website\"},\"primaryImageOfPage\":{\"@id\":\"https:\\\/\\\/vitablanca.ma\\\/produit\\\/la-roche-posay-hydraphase-ha-yeux-15ml\\\/#primaryimage\"},\"image\":{\"@id\":\"https:\\\/\\\/vitablanca.ma\\\/produit\\\/la-roche-posay-hydraphase-ha-yeux-15ml\\\/#primaryimage\"},\"thumbnailUrl\":\"https:\\\/\\\/vitablanca.ma\\\/wp-content\\\/uploads\\\/2025\\\/06\\\/La-Roche-Posay-Hydraphase-Intense-Yeux-15ml-nova-para-pharmacie-maroc.jpg\",\"datePublished\":\"2025-06-10T18:29:30+00:00\",\"dateModified\":\"2025-12-28T17:29:33+00:00\",\"description\":\"Hydraphase HA Yeux 15\u202fml La Roche-Posay au Maroc : hydrate, repulpe et apaise le contour des yeux sensibles. R\u00e9duit les poches et les signes de fatigue.\",\"breadcrumb\":{\"@id\":\"https:\\\/\\\/vitablanca.ma\\\/produit\\\/la-roche-posay-hydraphase-ha-yeux-15ml\\\/#breadcrumb\"},\"inLanguage\":\"en-US\",\"potentialAction\":[{\"@type\":\"ReadAction\",\"target\":[\"https:\\\/\\\/vitablanca.ma\\\/produit\\\/la-roche-posay-hydraphase-ha-yeux-15ml\\\/\"]}]},{\"@type\":\"ImageObject\",\"inLanguage\":\"en-US\",\"@id\":\"https:\\\/\\\/vitablanca.ma\\\/produit\\\/la-roche-posay-hydraphase-ha-yeux-15ml\\\/#primaryimage\",\"url\":\"https:\\\/\\\/vitablanca.ma\\\/wp-content\\\/uploads\\\/2025\\\/06\\\/La-Roche-Posay-Hydraphase-Intense-Yeux-15ml-nova-para-pharmacie-maroc.jpg\",\"contentUrl\":\"https:\\\/\\\/vitablanca.ma\\\/wp-content\\\/uploads\\\/2025\\\/06\\\/La-Roche-Posay-Hydraphase-Intense-Yeux-15ml-nova-para-pharmacie-maroc.jpg\",\"width\":1000,\"height\":1000},{\"@type\":\"BreadcrumbList\",\"@id\":\"https:\\\/\\\/vitablanca.ma\\\/produit\\\/la-roche-posay-hydraphase-ha-yeux-15ml\\\/#breadcrumb\",\"itemListElement\":[{\"@type\":\"ListItem\",\"position\":1,\"name\":\"Home\",\"item\":\"https:\\\/\\\/vitablanca.ma\\\/\"},{\"@type\":\"ListItem\",\"position\":2,\"name\":\"Tous Les Produits\",\"item\":\"https:\\\/\\\/vitablanca.ma\\\/tous-les-produits\\\/\"},{\"@type\":\"ListItem\",\"position\":3,\"name\":\"La Roche Posay Hydraphase HA Yeux 15ml\"}]},{\"@type\":\"WebSite\",\"@id\":\"https:\\\/\\\/vitablanca.ma\\\/#website\",\"url\":\"https:\\\/\\\/vitablanca.ma\\\/\",\"name\":\"VitaBlanca.ma | Compl\u00e9ments alimentaires, sant\u00e9 & beaut\u00e9 au Maroc\",\"description\":\"vendre vitamines et compl\u00e9ments premium des USA &amp; Canada, Nouvelle Z\u00e9lande,Maroc (NOW Foods, Solgar, Manuka). Livraison rapide partout au Maroc.\",\"publisher\":{\"@id\":\"https:\\\/\\\/vitablanca.ma\\\/#organization\"},\"alternateName\":\"VitaBlanca.ma\",\"potentialAction\":[{\"@type\":\"SearchAction\",\"target\":{\"@type\":\"EntryPoint\",\"urlTemplate\":\"https:\\\/\\\/vitablanca.ma\\\/?s={search_term_string}\"},\"query-input\":{\"@type\":\"PropertyValueSpecification\",\"valueRequired\":true,\"valueName\":\"search_term_string\"}}],\"inLanguage\":\"en-US\"},{\"@type\":\"Organization\",\"@id\":\"https:\\\/\\\/vitablanca.ma\\\/#organization\",\"name\":\"VitaBlanca\",\"url\":\"https:\\\/\\\/vitablanca.ma\\\/\",\"logo\":{\"@type\":\"ImageObject\",\"inLanguage\":\"en-US\",\"@id\":\"https:\\\/\\\/vitablanca.ma\\\/#\\\/schema\\\/logo\\\/image\\\/\",\"url\":\"https:\\\/\\\/vitablanca.ma\\\/wp-content\\\/uploads\\\/2025\\\/05\\\/cropped-vitablanca.png\",\"contentUrl\":\"https:\\\/\\\/vitablanca.ma\\\/wp-content\\\/uploads\\\/2025\\\/05\\\/cropped-vitablanca.png\",\"width\":360,\"height\":67,\"caption\":\"VitaBlanca\"},\"image\":{\"@id\":\"https:\\\/\\\/vitablanca.ma\\\/#\\\/schema\\\/logo\\\/image\\\/\"},\"sameAs\":[\"https:\\\/\\\/www.facebook.com\\\/profile.php?id=61576678196717\",\"https:\\\/\\\/www.tiktok.com\\\/@vitablanca.ma\",\"https:\\\/\\\/www.instagram.com\\\/vitablanca.ma\\\/\"]}]}<\/script>\n<!-- \/ Yoast SEO plugin. -->","yoast_head_json":{"title":"La Roche Posay Hydraphase HA Eyes 15ml - Morocco Price","description":"Hydraphase HA Yeux 15\u202fml La Roche-Posay au Maroc : hydrate, repulpe et apaise le contour des yeux sensibles. R\u00e9duit les poches et les signes de fatigue.","robots":{"index":"index","follow":"follow","max-snippet":"max-snippet:-1","max-image-preview":"max-image-preview:large","max-video-preview":"max-video-preview:-1"},"canonical":"https:\/\/vitablanca.ma\/en\/product\/la-roche-posay-hydraphase-ha-yeux-15ml\/","og_locale":"en_US","og_type":"article","og_title":"La Roche Posay Hydraphase HA Yeux 15ml - Maroc Prix","og_description":"Hydraphase HA Yeux 15\u202fml La Roche-Posay au Maroc : hydrate, repulpe et apaise le contour des yeux sensibles. R\u00e9duit les poches et les signes de fatigue.","og_url":"https:\/\/vitablanca.ma\/en\/product\/la-roche-posay-hydraphase-ha-yeux-15ml\/","og_site_name":"Vitablanca.ma &ndash; Sant&eacute;, vitalit&eacute; et bien-&ecirc;tre pour tous les Marocains","article_publisher":"https:\/\/www.facebook.com\/profile.php?id=61576678196717","article_modified_time":"2025-12-28T17:29:33+00:00","og_image":[{"width":1000,"height":1000,"url":"https:\/\/vitablanca.ma\/wp-content\/uploads\/2025\/06\/La-Roche-Posay-Hydraphase-Intense-Yeux-15ml-nova-para-pharmacie-maroc.jpg","type":"image\/jpeg"}],"twitter_card":"summary_large_image","twitter_misc":{"Est. reading time":"1 minute"},"schema":{"@context":"https:\/\/schema.org","@graph":[{"@type":["WebPage","ItemPage"],"@id":"https:\/\/vitablanca.ma\/produit\/la-roche-posay-hydraphase-ha-yeux-15ml\/","url":"https:\/\/vitablanca.ma\/produit\/la-roche-posay-hydraphase-ha-yeux-15ml\/","name":"La Roche Posay Hydraphase HA Eyes 15ml - Morocco Price","isPartOf":{"@id":"https:\/\/vitablanca.ma\/#website"},"primaryImageOfPage":{"@id":"https:\/\/vitablanca.ma\/produit\/la-roche-posay-hydraphase-ha-yeux-15ml\/#primaryimage"},"image":{"@id":"https:\/\/vitablanca.ma\/produit\/la-roche-posay-hydraphase-ha-yeux-15ml\/#primaryimage"},"thumbnailUrl":"https:\/\/vitablanca.ma\/wp-content\/uploads\/2025\/06\/La-Roche-Posay-Hydraphase-Intense-Yeux-15ml-nova-para-pharmacie-maroc.jpg","datePublished":"2025-06-10T18:29:30+00:00","dateModified":"2025-12-28T17:29:33+00:00","description":"Hydraphase HA Yeux 15\u202fml La Roche-Posay au Maroc : hydrate, repulpe et apaise le contour des yeux sensibles. R\u00e9duit les poches et les signes de fatigue.","breadcrumb":{"@id":"https:\/\/vitablanca.ma\/produit\/la-roche-posay-hydraphase-ha-yeux-15ml\/#breadcrumb"},"inLanguage":"en-US","potentialAction":[{"@type":"ReadAction","target":["https:\/\/vitablanca.ma\/produit\/la-roche-posay-hydraphase-ha-yeux-15ml\/"]}]},{"@type":"ImageObject","inLanguage":"en-US","@id":"https:\/\/vitablanca.ma\/produit\/la-roche-posay-hydraphase-ha-yeux-15ml\/#primaryimage","url":"https:\/\/vitablanca.ma\/wp-content\/uploads\/2025\/06\/La-Roche-Posay-Hydraphase-Intense-Yeux-15ml-nova-para-pharmacie-maroc.jpg","contentUrl":"https:\/\/vitablanca.ma\/wp-content\/uploads\/2025\/06\/La-Roche-Posay-Hydraphase-Intense-Yeux-15ml-nova-para-pharmacie-maroc.jpg","width":1000,"height":1000},{"@type":"BreadcrumbList","@id":"https:\/\/vitablanca.ma\/produit\/la-roche-posay-hydraphase-ha-yeux-15ml\/#breadcrumb","itemListElement":[{"@type":"ListItem","position":1,"name":"Home","item":"https:\/\/vitablanca.ma\/"},{"@type":"ListItem","position":2,"name":"Tous Les Produits","item":"https:\/\/vitablanca.ma\/tous-les-produits\/"},{"@type":"ListItem","position":3,"name":"La Roche Posay Hydraphase HA Yeux 15ml"}]},{"@type":"WebSite","@id":"https:\/\/vitablanca.ma\/#website","url":"https:\/\/vitablanca.ma\/","name":"VitaBlanca.ma | Food supplements, health &amp; beauty in Morocco","description":"sell premium vitamins and supplements from USA &amp; Canada, New Zealand, Morocco (NOW Foods, Solgar, Manuka). Fast delivery anywhere in Morocco.","publisher":{"@id":"https:\/\/vitablanca.ma\/#organization"},"alternateName":"VitaBlanca.ma","potentialAction":[{"@type":"SearchAction","target":{"@type":"EntryPoint","urlTemplate":"https:\/\/vitablanca.ma\/?s={search_term_string}"},"query-input":{"@type":"PropertyValueSpecification","valueRequired":true,"valueName":"search_term_string"}}],"inLanguage":"en-US"},{"@type":"Organization","@id":"https:\/\/vitablanca.ma\/#organization","name":"VitaBlanca","url":"https:\/\/vitablanca.ma\/","logo":{"@type":"ImageObject","inLanguage":"en-US","@id":"https:\/\/vitablanca.ma\/#\/schema\/logo\/image\/","url":"https:\/\/vitablanca.ma\/wp-content\/uploads\/2025\/05\/cropped-vitablanca.png","contentUrl":"https:\/\/vitablanca.ma\/wp-content\/uploads\/2025\/05\/cropped-vitablanca.png","width":360,"height":67,"caption":"VitaBlanca"},"image":{"@id":"https:\/\/vitablanca.ma\/#\/schema\/logo\/image\/"},"sameAs":["https:\/\/www.facebook.com\/profile.php?id=61576678196717","https:\/\/www.tiktok.com\/@vitablanca.ma","https:\/\/www.instagram.com\/vitablanca.ma\/"]}]}},"jetpack_sharing_enabled":true,"_links":{"self":[{"href":"https:\/\/vitablanca.ma\/en\/wp-json\/wp\/v2\/product\/20180","targetHints":{"allow":["GET"]}}],"collection":[{"href":"https:\/\/vitablanca.ma\/en\/wp-json\/wp\/v2\/product"}],"about":[{"href":"https:\/\/vitablanca.ma\/en\/wp-json\/wp\/v2\/types\/product"}],"wp:featuredmedia":[{"embeddable":true,"href":"https:\/\/vitablanca.ma\/en\/wp-json\/wp\/v2\/media\/20166"}],"wp:attachment":[{"href":"https:\/\/vitablanca.ma\/en\/wp-json\/wp\/v2\/media?parent=20180"}],"wp:term":[{"taxonomy":"product_brand","embeddable":true,"href":"https:\/\/vitablanca.ma\/en\/wp-json\/wp\/v2\/product_brand?post=20180"},{"taxonomy":"product_cat","embeddable":true,"href":"https:\/\/vitablanca.ma\/en\/wp-json\/wp\/v2\/product_cat?post=20180"},{"taxonomy":"product_tag","embeddable":true,"href":"https:\/\/vitablanca.ma\/en\/wp-json\/wp\/v2\/product_tag?post=20180"}],"curies":[{"name":"wp","href":"https:\/\/api.w.org\/{rel}","templated":true}]}}