{"id":20175,"date":"2025-06-10T18:29:17","date_gmt":"2025-06-10T18:29:17","guid":{"rendered":"https:\/\/vitablanca.ma\/product\/manix-infiniti-gel-lubrifiant-100ml\/"},"modified":"2025-12-27T14:19:26","modified_gmt":"2025-12-27T14:19:26","slug":"manix-infiniti-gel-lubrifiant-100ml","status":"publish","type":"product","link":"https:\/\/vitablanca.ma\/en\/product\/manix-infiniti-gel-lubrifiant-100ml\/","title":{"rendered":"Manix Infiniti Lubricant Gel 100ml"},"content":{"rendered":"<h2><strong data-mce-fragment=\"1\">Manix Infiniti Lubricant Gel<span data-mce-fragment=\"1\">\u00a0suitable for sensitive skin and safe for skin.<\/span><\/strong><\/h2>\n<p><strong data-mce-fragment=\"1\">Manix Infiniti<\/strong><span data-mce-fragment=\"1\">\u00a0is a\u00a0<\/span><strong data-mce-fragment=\"1\">lubricating gel<\/strong><span data-mce-fragment=\"1\">\u00a0high-end based on\u00a0<\/span><strong data-mce-fragment=\"1\">silicone<\/strong><span data-mce-fragment=\"1\">\u00a0whose high moisturizing power guarantees an effect<\/span><strong data-mce-fragment=\"1\"><span data-mce-fragment=\"1\">\u00a0<\/span>long duration<\/strong><span data-mce-fragment=\"1\">\u00a0and does not dry out.<\/span><\/p>\n<p><span data-mce-fragment=\"1\">Silicone&#039;s lubricating power is 3 times greater than water-based lubricants. Its lightweight composition creates a silky, ultra-soft feel. This gel is ultra-comfortable because it doesn&#039;t dry out or stick, and guarantees long-lasting pleasure.<\/span><\/p>\n<p><span data-mce-fragment=\"1\">Dermatologically tested, it is suitable for sensitive skin and safe for skin. It contains no added flavors or parabens. It is compatible with standard condoms and is suitable for vaginal and anal sex.<\/span><\/p>\n<p><span data-mce-fragment=\"1\">It offers new possibilities and can be used in the shower, in the bath... In addition, it is easily cleaned with your usual soap. Its formula is suitable for the temporary relief of vaginal dryness.\u00a0<\/span><strong data-mce-fragment=\"1\">Manix Infiniti lubricating gel<\/strong><span data-mce-fragment=\"1\">\u00a0is compatible with natural rubber latex, polyisoprene and polyurethane condoms.<\/span><\/p>\n<p><span data-mce-fragment=\"1\">Medical devices are regulated health products which, under this regulation, bear the CE marking.<\/span><\/p>\n<p><span data-mce-fragment=\"1\">The importance of condoms in preventing HIV\/AIDS and other diseases is recalled.\u00a0<\/span><strong data-mce-fragment=\"1\">IST.<\/strong><\/p>\n<p><strong data-mce-fragment=\"1\">Features<\/strong><span data-mce-fragment=\"1\">\u00a0:<\/span><em data-mce-fragment=\"1\">\u00a0dermatologically tested, contains no added flavors or preservatives.<\/em><br data-mce-fragment=\"1\"><\/p>\n<h3>Use<\/h3>\n<p><span>To open, turn the pump. For intimate or external use, squeeze the pump and spread a dose of gel onto the surface to be lubricated.<\/span><\/p>\n<h3>\n<strong>Indication\u00a0<\/strong><br \/>\n<\/h3>\n<ul>\n<li>This gel is not a contraceptive and does not contain spermicides. Compatible with natural rubber latex, polyisoprene, and polyurethane condoms.\u00a0<\/li>\n<li>Store at room temperature.<\/li>\n<li>Use within 6 months of opening.\u00a0<\/li>\n<\/ul>","protected":false},"excerpt":{"rendered":"<p>Manix Infiniti Gel Lubrifiant\u00a0adapt\u00e9 aux peaux sensibles et sans danger pour la peau. Manix Infiniti\u00a0est un\u00a0gel lubrifiant\u00a0haut de gamme \u00e0 base de\u00a0silicone\u00a0dont le haut pouvoir hydratant garantit un effet\u00a0longue dur\u00e9e\u00a0et ne s\u00e8che pas. Le pouvoir lubrifiant du silicone est 3 fois plus \u00e9lev\u00e9 que les lubrifiants \u00e0 base d&rsquo;eau. Sa composition l\u00e9g\u00e8re d\u00e9veloppe une sensation [&hellip;]<\/p>\n","protected":false},"featured_media":20162,"template":"","meta":{"om_disable_all_campaigns":false},"product_brand":[5519],"product_cat":[15],"product_tag":[5523,5520,5522,5527,5528,5521,5524,5526,5525],"class_list":{"0":"post-20175","1":"product","2":"type-product","3":"status-publish","4":"has-post-thumbnail","6":"product_brand-manix-maroc-prix","7":"product_cat-beaute-sante-complements-alimentaires-soins-et-bien-etre-au-meilleur-prix","8":"product_tag-acheter-manix-maroc","9":"product_tag-manix-maroc","10":"product_tag-manix-original-maroc","11":"product_tag-manix-prix-maroc","12":"product_tag-marque-manix-maroc","13":"product_tag-preservatif-manix-maroc","14":"product_tag-preservatifs-maroc","15":"product_tag-protection-intime-maroc","16":"product_tag-sexualite-responsable-maroc","18":"first","19":"instock","20":"sale","21":"taxable","22":"shipping-taxable","23":"purchasable","24":"product-type-simple"},"yoast_head":"<!-- This site is optimized with the Yoast SEO plugin v27.4 - https:\/\/yoast.com\/product\/yoast-seo-wordpress\/ -->\n<title>Manix Infiniti Gel Lubrifiant 100ml - Maroc Prix<\/title>\n<meta name=\"description\" content=\"Manix Infiniti Gel Lubrifiant 100ml\" \/>\n<meta name=\"robots\" content=\"index, follow, max-snippet:-1, max-image-preview:large, max-video-preview:-1\" \/>\n<link rel=\"canonical\" href=\"https:\/\/vitablanca.ma\/en\/product\/manix-infiniti-gel-lubrifiant-100ml\/\" \/>\n<meta property=\"og:locale\" content=\"en_US\" \/>\n<meta property=\"og:type\" content=\"article\" \/>\n<meta property=\"og:title\" content=\"Manix Infiniti Gel Lubrifiant 100ml - Maroc Prix\" \/>\n<meta property=\"og:description\" content=\"Manix Infiniti Gel Lubrifiant 100ml\" \/>\n<meta property=\"og:url\" content=\"https:\/\/vitablanca.ma\/en\/product\/manix-infiniti-gel-lubrifiant-100ml\/\" \/>\n<meta property=\"og:site_name\" content=\"Vitablanca.ma &ndash; Sant&eacute;, vitalit&eacute; et bien-&ecirc;tre pour tous les Marocains\" \/>\n<meta property=\"article:publisher\" content=\"https:\/\/www.facebook.com\/profile.php?id=61576678196717\" \/>\n<meta property=\"article:modified_time\" content=\"2025-12-27T14:19:26+00:00\" \/>\n<meta property=\"og:image\" content=\"https:\/\/vitablanca.ma\/wp-content\/uploads\/2025\/06\/Manix-Infiniti-Gel-Lubrifiant-nova-parapharmacie-maroc.png\" \/>\n\t<meta property=\"og:image:width\" content=\"1000\" \/>\n\t<meta property=\"og:image:height\" content=\"1000\" \/>\n\t<meta property=\"og:image:type\" content=\"image\/png\" \/>\n<meta name=\"twitter:card\" content=\"summary_large_image\" \/>\n<meta name=\"twitter:label1\" content=\"Est. reading time\" \/>\n\t<meta name=\"twitter:data1\" content=\"2 minutes\" \/>\n<script type=\"application\/ld+json\" class=\"yoast-schema-graph\">{\"@context\":\"https:\\\/\\\/schema.org\",\"@graph\":[{\"@type\":[\"WebPage\",\"ItemPage\"],\"@id\":\"https:\\\/\\\/vitablanca.ma\\\/produit\\\/manix-infiniti-gel-lubrifiant-100ml\\\/\",\"url\":\"https:\\\/\\\/vitablanca.ma\\\/produit\\\/manix-infiniti-gel-lubrifiant-100ml\\\/\",\"name\":\"Manix Infiniti Gel Lubrifiant 100ml - Maroc Prix\",\"isPartOf\":{\"@id\":\"https:\\\/\\\/vitablanca.ma\\\/#website\"},\"primaryImageOfPage\":{\"@id\":\"https:\\\/\\\/vitablanca.ma\\\/produit\\\/manix-infiniti-gel-lubrifiant-100ml\\\/#primaryimage\"},\"image\":{\"@id\":\"https:\\\/\\\/vitablanca.ma\\\/produit\\\/manix-infiniti-gel-lubrifiant-100ml\\\/#primaryimage\"},\"thumbnailUrl\":\"https:\\\/\\\/vitablanca.ma\\\/wp-content\\\/uploads\\\/2025\\\/06\\\/Manix-Infiniti-Gel-Lubrifiant-nova-parapharmacie-maroc.png\",\"datePublished\":\"2025-06-10T18:29:17+00:00\",\"dateModified\":\"2025-12-27T14:19:26+00:00\",\"description\":\"Manix Infiniti Gel Lubrifiant 100ml\",\"breadcrumb\":{\"@id\":\"https:\\\/\\\/vitablanca.ma\\\/produit\\\/manix-infiniti-gel-lubrifiant-100ml\\\/#breadcrumb\"},\"inLanguage\":\"en-US\",\"potentialAction\":[{\"@type\":\"ReadAction\",\"target\":[\"https:\\\/\\\/vitablanca.ma\\\/produit\\\/manix-infiniti-gel-lubrifiant-100ml\\\/\"]}]},{\"@type\":\"ImageObject\",\"inLanguage\":\"en-US\",\"@id\":\"https:\\\/\\\/vitablanca.ma\\\/produit\\\/manix-infiniti-gel-lubrifiant-100ml\\\/#primaryimage\",\"url\":\"https:\\\/\\\/vitablanca.ma\\\/wp-content\\\/uploads\\\/2025\\\/06\\\/Manix-Infiniti-Gel-Lubrifiant-nova-parapharmacie-maroc.png\",\"contentUrl\":\"https:\\\/\\\/vitablanca.ma\\\/wp-content\\\/uploads\\\/2025\\\/06\\\/Manix-Infiniti-Gel-Lubrifiant-nova-parapharmacie-maroc.png\",\"width\":1000,\"height\":1000},{\"@type\":\"BreadcrumbList\",\"@id\":\"https:\\\/\\\/vitablanca.ma\\\/produit\\\/manix-infiniti-gel-lubrifiant-100ml\\\/#breadcrumb\",\"itemListElement\":[{\"@type\":\"ListItem\",\"position\":1,\"name\":\"Home\",\"item\":\"https:\\\/\\\/vitablanca.ma\\\/\"},{\"@type\":\"ListItem\",\"position\":2,\"name\":\"Tous Les Produits\",\"item\":\"https:\\\/\\\/vitablanca.ma\\\/tous-les-produits\\\/\"},{\"@type\":\"ListItem\",\"position\":3,\"name\":\"Manix Infiniti Gel Lubrifiant 100ml\"}]},{\"@type\":\"WebSite\",\"@id\":\"https:\\\/\\\/vitablanca.ma\\\/#website\",\"url\":\"https:\\\/\\\/vitablanca.ma\\\/\",\"name\":\"VitaBlanca.ma | Compl\u00e9ments alimentaires, sant\u00e9 & beaut\u00e9 au Maroc\",\"description\":\"vendre vitamines et compl\u00e9ments premium des USA &amp; Canada, Nouvelle Z\u00e9lande,Maroc (NOW Foods, Solgar, Manuka). Livraison rapide partout au Maroc.\",\"publisher\":{\"@id\":\"https:\\\/\\\/vitablanca.ma\\\/#organization\"},\"alternateName\":\"VitaBlanca.ma\",\"potentialAction\":[{\"@type\":\"SearchAction\",\"target\":{\"@type\":\"EntryPoint\",\"urlTemplate\":\"https:\\\/\\\/vitablanca.ma\\\/?s={search_term_string}\"},\"query-input\":{\"@type\":\"PropertyValueSpecification\",\"valueRequired\":true,\"valueName\":\"search_term_string\"}}],\"inLanguage\":\"en-US\"},{\"@type\":\"Organization\",\"@id\":\"https:\\\/\\\/vitablanca.ma\\\/#organization\",\"name\":\"VitaBlanca\",\"url\":\"https:\\\/\\\/vitablanca.ma\\\/\",\"logo\":{\"@type\":\"ImageObject\",\"inLanguage\":\"en-US\",\"@id\":\"https:\\\/\\\/vitablanca.ma\\\/#\\\/schema\\\/logo\\\/image\\\/\",\"url\":\"https:\\\/\\\/vitablanca.ma\\\/wp-content\\\/uploads\\\/2025\\\/05\\\/cropped-vitablanca.png\",\"contentUrl\":\"https:\\\/\\\/vitablanca.ma\\\/wp-content\\\/uploads\\\/2025\\\/05\\\/cropped-vitablanca.png\",\"width\":360,\"height\":67,\"caption\":\"VitaBlanca\"},\"image\":{\"@id\":\"https:\\\/\\\/vitablanca.ma\\\/#\\\/schema\\\/logo\\\/image\\\/\"},\"sameAs\":[\"https:\\\/\\\/www.facebook.com\\\/profile.php?id=61576678196717\",\"https:\\\/\\\/www.tiktok.com\\\/@vitablanca.ma\",\"https:\\\/\\\/www.instagram.com\\\/vitablanca.ma\\\/\"]}]}<\/script>\n<!-- \/ Yoast SEO plugin. -->","yoast_head_json":{"title":"Manix Infiniti Lubricant Gel 100ml - Morocco Price","description":"Manix Infiniti Lubricant Gel 100ml","robots":{"index":"index","follow":"follow","max-snippet":"max-snippet:-1","max-image-preview":"max-image-preview:large","max-video-preview":"max-video-preview:-1"},"canonical":"https:\/\/vitablanca.ma\/en\/product\/manix-infiniti-gel-lubrifiant-100ml\/","og_locale":"en_US","og_type":"article","og_title":"Manix Infiniti Gel Lubrifiant 100ml - Maroc Prix","og_description":"Manix Infiniti Gel Lubrifiant 100ml","og_url":"https:\/\/vitablanca.ma\/en\/product\/manix-infiniti-gel-lubrifiant-100ml\/","og_site_name":"Vitablanca.ma &ndash; Sant&eacute;, vitalit&eacute; et bien-&ecirc;tre pour tous les Marocains","article_publisher":"https:\/\/www.facebook.com\/profile.php?id=61576678196717","article_modified_time":"2025-12-27T14:19:26+00:00","og_image":[{"width":1000,"height":1000,"url":"https:\/\/vitablanca.ma\/wp-content\/uploads\/2025\/06\/Manix-Infiniti-Gel-Lubrifiant-nova-parapharmacie-maroc.png","type":"image\/png"}],"twitter_card":"summary_large_image","twitter_misc":{"Est. reading time":"2 minutes"},"schema":{"@context":"https:\/\/schema.org","@graph":[{"@type":["WebPage","ItemPage"],"@id":"https:\/\/vitablanca.ma\/produit\/manix-infiniti-gel-lubrifiant-100ml\/","url":"https:\/\/vitablanca.ma\/produit\/manix-infiniti-gel-lubrifiant-100ml\/","name":"Manix Infiniti Lubricant Gel 100ml - Morocco Price","isPartOf":{"@id":"https:\/\/vitablanca.ma\/#website"},"primaryImageOfPage":{"@id":"https:\/\/vitablanca.ma\/produit\/manix-infiniti-gel-lubrifiant-100ml\/#primaryimage"},"image":{"@id":"https:\/\/vitablanca.ma\/produit\/manix-infiniti-gel-lubrifiant-100ml\/#primaryimage"},"thumbnailUrl":"https:\/\/vitablanca.ma\/wp-content\/uploads\/2025\/06\/Manix-Infiniti-Gel-Lubrifiant-nova-parapharmacie-maroc.png","datePublished":"2025-06-10T18:29:17+00:00","dateModified":"2025-12-27T14:19:26+00:00","description":"Manix Infiniti Lubricant Gel 100ml","breadcrumb":{"@id":"https:\/\/vitablanca.ma\/produit\/manix-infiniti-gel-lubrifiant-100ml\/#breadcrumb"},"inLanguage":"en-US","potentialAction":[{"@type":"ReadAction","target":["https:\/\/vitablanca.ma\/produit\/manix-infiniti-gel-lubrifiant-100ml\/"]}]},{"@type":"ImageObject","inLanguage":"en-US","@id":"https:\/\/vitablanca.ma\/produit\/manix-infiniti-gel-lubrifiant-100ml\/#primaryimage","url":"https:\/\/vitablanca.ma\/wp-content\/uploads\/2025\/06\/Manix-Infiniti-Gel-Lubrifiant-nova-parapharmacie-maroc.png","contentUrl":"https:\/\/vitablanca.ma\/wp-content\/uploads\/2025\/06\/Manix-Infiniti-Gel-Lubrifiant-nova-parapharmacie-maroc.png","width":1000,"height":1000},{"@type":"BreadcrumbList","@id":"https:\/\/vitablanca.ma\/produit\/manix-infiniti-gel-lubrifiant-100ml\/#breadcrumb","itemListElement":[{"@type":"ListItem","position":1,"name":"Home","item":"https:\/\/vitablanca.ma\/"},{"@type":"ListItem","position":2,"name":"Tous Les Produits","item":"https:\/\/vitablanca.ma\/tous-les-produits\/"},{"@type":"ListItem","position":3,"name":"Manix Infiniti Gel Lubrifiant 100ml"}]},{"@type":"WebSite","@id":"https:\/\/vitablanca.ma\/#website","url":"https:\/\/vitablanca.ma\/","name":"VitaBlanca.ma | Food supplements, health &amp; beauty in Morocco","description":"sell premium vitamins and supplements from USA &amp; Canada, New Zealand, Morocco (NOW Foods, Solgar, Manuka). Fast delivery anywhere in Morocco.","publisher":{"@id":"https:\/\/vitablanca.ma\/#organization"},"alternateName":"VitaBlanca.ma","potentialAction":[{"@type":"SearchAction","target":{"@type":"EntryPoint","urlTemplate":"https:\/\/vitablanca.ma\/?s={search_term_string}"},"query-input":{"@type":"PropertyValueSpecification","valueRequired":true,"valueName":"search_term_string"}}],"inLanguage":"en-US"},{"@type":"Organization","@id":"https:\/\/vitablanca.ma\/#organization","name":"VitaBlanca","url":"https:\/\/vitablanca.ma\/","logo":{"@type":"ImageObject","inLanguage":"en-US","@id":"https:\/\/vitablanca.ma\/#\/schema\/logo\/image\/","url":"https:\/\/vitablanca.ma\/wp-content\/uploads\/2025\/05\/cropped-vitablanca.png","contentUrl":"https:\/\/vitablanca.ma\/wp-content\/uploads\/2025\/05\/cropped-vitablanca.png","width":360,"height":67,"caption":"VitaBlanca"},"image":{"@id":"https:\/\/vitablanca.ma\/#\/schema\/logo\/image\/"},"sameAs":["https:\/\/www.facebook.com\/profile.php?id=61576678196717","https:\/\/www.tiktok.com\/@vitablanca.ma","https:\/\/www.instagram.com\/vitablanca.ma\/"]}]}},"jetpack_sharing_enabled":true,"_links":{"self":[{"href":"https:\/\/vitablanca.ma\/en\/wp-json\/wp\/v2\/product\/20175","targetHints":{"allow":["GET"]}}],"collection":[{"href":"https:\/\/vitablanca.ma\/en\/wp-json\/wp\/v2\/product"}],"about":[{"href":"https:\/\/vitablanca.ma\/en\/wp-json\/wp\/v2\/types\/product"}],"wp:featuredmedia":[{"embeddable":true,"href":"https:\/\/vitablanca.ma\/en\/wp-json\/wp\/v2\/media\/20162"}],"wp:attachment":[{"href":"https:\/\/vitablanca.ma\/en\/wp-json\/wp\/v2\/media?parent=20175"}],"wp:term":[{"taxonomy":"product_brand","embeddable":true,"href":"https:\/\/vitablanca.ma\/en\/wp-json\/wp\/v2\/product_brand?post=20175"},{"taxonomy":"product_cat","embeddable":true,"href":"https:\/\/vitablanca.ma\/en\/wp-json\/wp\/v2\/product_cat?post=20175"},{"taxonomy":"product_tag","embeddable":true,"href":"https:\/\/vitablanca.ma\/en\/wp-json\/wp\/v2\/product_tag?post=20175"}],"curies":[{"name":"wp","href":"https:\/\/api.w.org\/{rel}","templated":true}]}}