{"id":20126,"date":"2025-06-10T18:27:34","date_gmt":"2025-06-10T18:27:34","guid":{"rendered":"https:\/\/vitablanca.ma\/product\/md-bio12-masque-purifiant-a-largile-75ml\/"},"modified":"2025-06-10T18:27:34","modified_gmt":"2025-06-10T18:27:34","slug":"md-bio12-masque-purifiant-a-largile-75ml","status":"publish","type":"product","link":"https:\/\/vitablanca.ma\/en\/product\/md-bio12-masque-purifiant-a-largile-75ml\/","title":{"rendered":"M&amp;D Bio12 Purifying Clay Mask 75ml"},"content":{"rendered":"<h2>M&amp;D Bio12 Purifying Clay Mask <span data-mce-fragment=\"1\">soothes irritation and redness<\/span><br \/>\n<\/h2>\n<p>Specific pack for sensitive scalp. It soothes irritation and redness, counteracts flaking and has an absorbent action by rebalancing sebum production at the bulb level. It counteracts the formation of dandruff and reduces itching, thanks to a general antiseptic and purifying action.<\/p>\n<h3>Application<\/h3>\n<p>On dry hair, apply the product to the roots, lifting the strands from time to time with a comb. The special applicator allows you to deposit the product directly onto the scalp. Spread the compress with your fingers evenly and in a circular motion over the areas to be treated. Leave on for 10-15 minutes. Then rinse and wash.<\/p>\n<section class=\"section\" id=\"section_473021225\">\n<div class=\"section-content relative\">\n<div class=\"row row-solid\" id=\"row-1615656665\">\n<div id=\"col-1066556844\" class=\"col medium-4 small-12 large-4\">\n<div class=\"col-inner\">\n<div class=\"icon-box featured-box icon-box-center text-center\">\n<div class=\"icon-box-text last-reset\">\n<div id=\"text-1811366425\" class=\"text\">\n<h3>WHO USES IT<\/h3>\n<p>Specific for the treatment of:<\/p>\n<ul>\n<li>sebaceous hypersecretion<\/li>\n<li>redness<\/li>\n<li>itch<\/li>\n<li>peeling<\/li>\n<li>dandruff<\/li>\n<\/ul>\n<\/div>\n<\/div>\n<\/div>\n<\/div>\n<\/div>\n<div id=\"col-812480974\" class=\"col medium-4 small-12 large-4\">\n<div class=\"col-inner\">\n<div class=\"icon-box featured-box icon-box-center text-center\">\n<div class=\"icon-box-text last-reset\">\n<div id=\"text-539428005\" class=\"text\">\n<h3>WHAT&#039;S IN IT<\/h3>\n<ul>\n<li>BIO12 Complex<\/li>\n<li>Piroctone olamine<\/li>\n<li>lemon essential oil<\/li>\n<li>Tea tree essential oil<\/li>\n<\/ul>\n<\/div>\n<\/div>\n<\/div>\n<\/div>\n<\/div>\n<div id=\"col-276310750\" class=\"col medium-4 small-12 large-4\">\n<div class=\"col-inner\">\n<div class=\"icon-box featured-box icon-box-center text-center\">\n<div class=\"icon-box-text last-reset\">\n<div id=\"text-3407842612\" class=\"text\">\n<h3>WHAT IT DOESN&#039;T CONTAIN<\/h3>\n<ul>\n<li>Sulfated surfactants<\/li>\n<li>Silicones<\/li>\n<li>Mineral oils<\/li>\n<li>Dyes<\/li>\n<li>Parabens and isothiazolinones<\/li>\n<\/ul>\n<p>\u00a0<\/p>\n<\/div>\n<\/div>\n<\/div>\n<\/div>\n<\/div>\n<\/div>\n<\/div>\n<\/section>","protected":false},"excerpt":{"rendered":"<p>M&amp;D Bio12 Masque Purifiant A L&rsquo;argile apaise les \u00e9tats d\u2019irritation et de rougeurs Pack sp\u00e9cifique pour cuir chevelu sensible. Il apaise les \u00e9tats d\u2019irritation et de rougeurs, contrecarre les ph\u00e9nom\u00e8nes de desquamation et exerce une action absorbante en r\u00e9\u00e9quilibrant la production de s\u00e9bum au niveau du bulbe. Il contrecarre la formation de pellicules et diminue [&hellip;]<\/p>\n","protected":false},"featured_media":20119,"template":"","meta":{"om_disable_all_campaigns":false},"product_brand":[],"product_cat":[15],"product_tag":[],"class_list":{"0":"post-20126","1":"product","2":"type-product","3":"status-publish","4":"has-post-thumbnail","6":"product_cat-beaute-sante-complements-alimentaires-soins-et-bien-etre-au-meilleur-prix","8":"first","9":"instock","10":"sale","11":"taxable","12":"shipping-taxable","13":"purchasable","14":"product-type-simple"},"yoast_head":"<!-- This site is optimized with the Yoast SEO plugin v27.4 - https:\/\/yoast.com\/product\/yoast-seo-wordpress\/ -->\n<title>M&amp;D Bio12 Masque Purifiant A L&#039;argile 75ml - Maroc Prix<\/title>\n<meta name=\"description\" content=\"M&amp;D Bio12 Masque Purifiant A L&#039;argile 75ml\" \/>\n<meta name=\"robots\" content=\"index, follow, max-snippet:-1, max-image-preview:large, max-video-preview:-1\" \/>\n<link rel=\"canonical\" href=\"https:\/\/vitablanca.ma\/en\/product\/md-bio12-masque-purifiant-a-largile-75ml\/\" \/>\n<meta property=\"og:locale\" content=\"en_US\" \/>\n<meta property=\"og:type\" content=\"article\" \/>\n<meta property=\"og:title\" content=\"M&amp;D Bio12 Masque Purifiant A L&#039;argile 75ml - Maroc Prix\" \/>\n<meta property=\"og:description\" content=\"M&amp;D Bio12 Masque Purifiant A L&#039;argile 75ml\" \/>\n<meta property=\"og:url\" content=\"https:\/\/vitablanca.ma\/en\/product\/md-bio12-masque-purifiant-a-largile-75ml\/\" \/>\n<meta property=\"og:site_name\" content=\"Vitablanca.ma &ndash; Sant&eacute;, vitalit&eacute; et bien-&ecirc;tre pour tous les Marocains\" \/>\n<meta property=\"article:publisher\" content=\"https:\/\/www.facebook.com\/profile.php?id=61576678196717\" \/>\n<meta property=\"og:image\" content=\"https:\/\/vitablanca.ma\/wp-content\/uploads\/2025\/06\/M_D-Bio12-Masque-Purifiant-A-L_argile-75ml-nova-parapharmacie-maroc.jpg\" \/>\n\t<meta property=\"og:image:width\" content=\"1000\" \/>\n\t<meta property=\"og:image:height\" content=\"1000\" \/>\n\t<meta property=\"og:image:type\" content=\"image\/jpeg\" \/>\n<meta name=\"twitter:card\" content=\"summary_large_image\" \/>\n<meta name=\"twitter:label1\" content=\"Est. reading time\" \/>\n\t<meta name=\"twitter:data1\" content=\"1 minute\" \/>\n<script type=\"application\/ld+json\" class=\"yoast-schema-graph\">{\"@context\":\"https:\\\/\\\/schema.org\",\"@graph\":[{\"@type\":[\"WebPage\",\"ItemPage\"],\"@id\":\"https:\\\/\\\/vitablanca.ma\\\/produit\\\/md-bio12-masque-purifiant-a-largile-75ml\\\/\",\"url\":\"https:\\\/\\\/vitablanca.ma\\\/produit\\\/md-bio12-masque-purifiant-a-largile-75ml\\\/\",\"name\":\"M&amp;D Bio12 Masque Purifiant A L'argile 75ml - Maroc Prix\",\"isPartOf\":{\"@id\":\"https:\\\/\\\/vitablanca.ma\\\/#website\"},\"primaryImageOfPage\":{\"@id\":\"https:\\\/\\\/vitablanca.ma\\\/produit\\\/md-bio12-masque-purifiant-a-largile-75ml\\\/#primaryimage\"},\"image\":{\"@id\":\"https:\\\/\\\/vitablanca.ma\\\/produit\\\/md-bio12-masque-purifiant-a-largile-75ml\\\/#primaryimage\"},\"thumbnailUrl\":\"https:\\\/\\\/vitablanca.ma\\\/wp-content\\\/uploads\\\/2025\\\/06\\\/M_D-Bio12-Masque-Purifiant-A-L_argile-75ml-nova-parapharmacie-maroc.jpg\",\"datePublished\":\"2025-06-10T18:27:34+00:00\",\"description\":\"M&amp;D Bio12 Masque Purifiant A L'argile 75ml\",\"breadcrumb\":{\"@id\":\"https:\\\/\\\/vitablanca.ma\\\/produit\\\/md-bio12-masque-purifiant-a-largile-75ml\\\/#breadcrumb\"},\"inLanguage\":\"en-US\",\"potentialAction\":[{\"@type\":\"ReadAction\",\"target\":[\"https:\\\/\\\/vitablanca.ma\\\/produit\\\/md-bio12-masque-purifiant-a-largile-75ml\\\/\"]}]},{\"@type\":\"ImageObject\",\"inLanguage\":\"en-US\",\"@id\":\"https:\\\/\\\/vitablanca.ma\\\/produit\\\/md-bio12-masque-purifiant-a-largile-75ml\\\/#primaryimage\",\"url\":\"https:\\\/\\\/vitablanca.ma\\\/wp-content\\\/uploads\\\/2025\\\/06\\\/M_D-Bio12-Masque-Purifiant-A-L_argile-75ml-nova-parapharmacie-maroc.jpg\",\"contentUrl\":\"https:\\\/\\\/vitablanca.ma\\\/wp-content\\\/uploads\\\/2025\\\/06\\\/M_D-Bio12-Masque-Purifiant-A-L_argile-75ml-nova-parapharmacie-maroc.jpg\",\"width\":1000,\"height\":1000},{\"@type\":\"BreadcrumbList\",\"@id\":\"https:\\\/\\\/vitablanca.ma\\\/produit\\\/md-bio12-masque-purifiant-a-largile-75ml\\\/#breadcrumb\",\"itemListElement\":[{\"@type\":\"ListItem\",\"position\":1,\"name\":\"Home\",\"item\":\"https:\\\/\\\/vitablanca.ma\\\/\"},{\"@type\":\"ListItem\",\"position\":2,\"name\":\"Tous Les Produits\",\"item\":\"https:\\\/\\\/vitablanca.ma\\\/tous-les-produits\\\/\"},{\"@type\":\"ListItem\",\"position\":3,\"name\":\"M&amp;D Bio12 Masque Purifiant A L&#8217;argile 75ml\"}]},{\"@type\":\"WebSite\",\"@id\":\"https:\\\/\\\/vitablanca.ma\\\/#website\",\"url\":\"https:\\\/\\\/vitablanca.ma\\\/\",\"name\":\"VitaBlanca.ma | Compl\u00e9ments alimentaires, sant\u00e9 & beaut\u00e9 au Maroc\",\"description\":\"vendre vitamines et compl\u00e9ments premium des USA &amp; Canada, Nouvelle Z\u00e9lande,Maroc (NOW Foods, Solgar, Manuka). Livraison rapide partout au Maroc.\",\"publisher\":{\"@id\":\"https:\\\/\\\/vitablanca.ma\\\/#organization\"},\"alternateName\":\"VitaBlanca.ma\",\"potentialAction\":[{\"@type\":\"SearchAction\",\"target\":{\"@type\":\"EntryPoint\",\"urlTemplate\":\"https:\\\/\\\/vitablanca.ma\\\/?s={search_term_string}\"},\"query-input\":{\"@type\":\"PropertyValueSpecification\",\"valueRequired\":true,\"valueName\":\"search_term_string\"}}],\"inLanguage\":\"en-US\"},{\"@type\":\"Organization\",\"@id\":\"https:\\\/\\\/vitablanca.ma\\\/#organization\",\"name\":\"VitaBlanca\",\"url\":\"https:\\\/\\\/vitablanca.ma\\\/\",\"logo\":{\"@type\":\"ImageObject\",\"inLanguage\":\"en-US\",\"@id\":\"https:\\\/\\\/vitablanca.ma\\\/#\\\/schema\\\/logo\\\/image\\\/\",\"url\":\"https:\\\/\\\/vitablanca.ma\\\/wp-content\\\/uploads\\\/2025\\\/05\\\/cropped-vitablanca.png\",\"contentUrl\":\"https:\\\/\\\/vitablanca.ma\\\/wp-content\\\/uploads\\\/2025\\\/05\\\/cropped-vitablanca.png\",\"width\":360,\"height\":67,\"caption\":\"VitaBlanca\"},\"image\":{\"@id\":\"https:\\\/\\\/vitablanca.ma\\\/#\\\/schema\\\/logo\\\/image\\\/\"},\"sameAs\":[\"https:\\\/\\\/www.facebook.com\\\/profile.php?id=61576678196717\",\"https:\\\/\\\/www.tiktok.com\\\/@vitablanca.ma\",\"https:\\\/\\\/www.instagram.com\\\/vitablanca.ma\\\/\"]}]}<\/script>\n<!-- \/ Yoast SEO plugin. -->","yoast_head_json":{"title":"M&amp;D Bio12 Purifying Clay Mask 75ml - Morocco Price","description":"M&amp;D Bio12 Purifying Clay Mask 75ml","robots":{"index":"index","follow":"follow","max-snippet":"max-snippet:-1","max-image-preview":"max-image-preview:large","max-video-preview":"max-video-preview:-1"},"canonical":"https:\/\/vitablanca.ma\/en\/product\/md-bio12-masque-purifiant-a-largile-75ml\/","og_locale":"en_US","og_type":"article","og_title":"M&amp;D Bio12 Masque Purifiant A L'argile 75ml - Maroc Prix","og_description":"M&amp;D Bio12 Masque Purifiant A L'argile 75ml","og_url":"https:\/\/vitablanca.ma\/en\/product\/md-bio12-masque-purifiant-a-largile-75ml\/","og_site_name":"Vitablanca.ma &ndash; Sant&eacute;, vitalit&eacute; et bien-&ecirc;tre pour tous les Marocains","article_publisher":"https:\/\/www.facebook.com\/profile.php?id=61576678196717","og_image":[{"width":1000,"height":1000,"url":"https:\/\/vitablanca.ma\/wp-content\/uploads\/2025\/06\/M_D-Bio12-Masque-Purifiant-A-L_argile-75ml-nova-parapharmacie-maroc.jpg","type":"image\/jpeg"}],"twitter_card":"summary_large_image","twitter_misc":{"Est. reading time":"1 minute"},"schema":{"@context":"https:\/\/schema.org","@graph":[{"@type":["WebPage","ItemPage"],"@id":"https:\/\/vitablanca.ma\/produit\/md-bio12-masque-purifiant-a-largile-75ml\/","url":"https:\/\/vitablanca.ma\/produit\/md-bio12-masque-purifiant-a-largile-75ml\/","name":"M&amp;D Bio12 Purifying Clay Mask 75ml - Morocco Price","isPartOf":{"@id":"https:\/\/vitablanca.ma\/#website"},"primaryImageOfPage":{"@id":"https:\/\/vitablanca.ma\/produit\/md-bio12-masque-purifiant-a-largile-75ml\/#primaryimage"},"image":{"@id":"https:\/\/vitablanca.ma\/produit\/md-bio12-masque-purifiant-a-largile-75ml\/#primaryimage"},"thumbnailUrl":"https:\/\/vitablanca.ma\/wp-content\/uploads\/2025\/06\/M_D-Bio12-Masque-Purifiant-A-L_argile-75ml-nova-parapharmacie-maroc.jpg","datePublished":"2025-06-10T18:27:34+00:00","description":"M&amp;D Bio12 Purifying Clay Mask 75ml","breadcrumb":{"@id":"https:\/\/vitablanca.ma\/produit\/md-bio12-masque-purifiant-a-largile-75ml\/#breadcrumb"},"inLanguage":"en-US","potentialAction":[{"@type":"ReadAction","target":["https:\/\/vitablanca.ma\/produit\/md-bio12-masque-purifiant-a-largile-75ml\/"]}]},{"@type":"ImageObject","inLanguage":"en-US","@id":"https:\/\/vitablanca.ma\/produit\/md-bio12-masque-purifiant-a-largile-75ml\/#primaryimage","url":"https:\/\/vitablanca.ma\/wp-content\/uploads\/2025\/06\/M_D-Bio12-Masque-Purifiant-A-L_argile-75ml-nova-parapharmacie-maroc.jpg","contentUrl":"https:\/\/vitablanca.ma\/wp-content\/uploads\/2025\/06\/M_D-Bio12-Masque-Purifiant-A-L_argile-75ml-nova-parapharmacie-maroc.jpg","width":1000,"height":1000},{"@type":"BreadcrumbList","@id":"https:\/\/vitablanca.ma\/produit\/md-bio12-masque-purifiant-a-largile-75ml\/#breadcrumb","itemListElement":[{"@type":"ListItem","position":1,"name":"Home","item":"https:\/\/vitablanca.ma\/"},{"@type":"ListItem","position":2,"name":"Tous Les Produits","item":"https:\/\/vitablanca.ma\/tous-les-produits\/"},{"@type":"ListItem","position":3,"name":"M&amp;D Bio12 Masque Purifiant A L&#8217;argile 75ml"}]},{"@type":"WebSite","@id":"https:\/\/vitablanca.ma\/#website","url":"https:\/\/vitablanca.ma\/","name":"VitaBlanca.ma | Food supplements, health &amp; beauty in Morocco","description":"sell premium vitamins and supplements from USA &amp; Canada, New Zealand, Morocco (NOW Foods, Solgar, Manuka). Fast delivery anywhere in Morocco.","publisher":{"@id":"https:\/\/vitablanca.ma\/#organization"},"alternateName":"VitaBlanca.ma","potentialAction":[{"@type":"SearchAction","target":{"@type":"EntryPoint","urlTemplate":"https:\/\/vitablanca.ma\/?s={search_term_string}"},"query-input":{"@type":"PropertyValueSpecification","valueRequired":true,"valueName":"search_term_string"}}],"inLanguage":"en-US"},{"@type":"Organization","@id":"https:\/\/vitablanca.ma\/#organization","name":"VitaBlanca","url":"https:\/\/vitablanca.ma\/","logo":{"@type":"ImageObject","inLanguage":"en-US","@id":"https:\/\/vitablanca.ma\/#\/schema\/logo\/image\/","url":"https:\/\/vitablanca.ma\/wp-content\/uploads\/2025\/05\/cropped-vitablanca.png","contentUrl":"https:\/\/vitablanca.ma\/wp-content\/uploads\/2025\/05\/cropped-vitablanca.png","width":360,"height":67,"caption":"VitaBlanca"},"image":{"@id":"https:\/\/vitablanca.ma\/#\/schema\/logo\/image\/"},"sameAs":["https:\/\/www.facebook.com\/profile.php?id=61576678196717","https:\/\/www.tiktok.com\/@vitablanca.ma","https:\/\/www.instagram.com\/vitablanca.ma\/"]}]}},"jetpack_sharing_enabled":true,"_links":{"self":[{"href":"https:\/\/vitablanca.ma\/en\/wp-json\/wp\/v2\/product\/20126","targetHints":{"allow":["GET"]}}],"collection":[{"href":"https:\/\/vitablanca.ma\/en\/wp-json\/wp\/v2\/product"}],"about":[{"href":"https:\/\/vitablanca.ma\/en\/wp-json\/wp\/v2\/types\/product"}],"wp:featuredmedia":[{"embeddable":true,"href":"https:\/\/vitablanca.ma\/en\/wp-json\/wp\/v2\/media\/20119"}],"wp:attachment":[{"href":"https:\/\/vitablanca.ma\/en\/wp-json\/wp\/v2\/media?parent=20126"}],"wp:term":[{"taxonomy":"product_brand","embeddable":true,"href":"https:\/\/vitablanca.ma\/en\/wp-json\/wp\/v2\/product_brand?post=20126"},{"taxonomy":"product_cat","embeddable":true,"href":"https:\/\/vitablanca.ma\/en\/wp-json\/wp\/v2\/product_cat?post=20126"},{"taxonomy":"product_tag","embeddable":true,"href":"https:\/\/vitablanca.ma\/en\/wp-json\/wp\/v2\/product_tag?post=20126"}],"curies":[{"name":"wp","href":"https:\/\/api.w.org\/{rel}","templated":true}]}}