{"id":20124,"date":"2025-06-10T18:27:29","date_gmt":"2025-06-10T18:27:29","guid":{"rendered":"https:\/\/vitablanca.ma\/product\/lierac-body-hydra-gommage-micropeeling-200ml\/"},"modified":"2025-06-10T18:27:29","modified_gmt":"2025-06-10T18:27:29","slug":"lierac-body-hydra-gommage-micropeeling-200ml","status":"publish","type":"product","link":"https:\/\/vitablanca.ma\/en\/product\/lierac-body-hydra-gommage-micropeeling-200ml\/","title":{"rendered":"Lierac Body-Hydra + Micropeeling Scrub 200ml"},"content":{"rendered":"<h2><span>Lierac Body-Hydra + Gommage Micropeeling Pour assurer simultan\u00e9ment efficacit\u00e9 peeling et hydratation profonde<\/span><\/h2>\n<p class=\"p\"><span>L\u2019accumulation de cellules mortes \u00e0 la surface de la peau est souvent la cons\u00e9quence d\u2019un manque d\u2019eau.<\/span><span><br \/><\/span><span><br \/><\/span><span>Pour assurer simultan\u00e9ment efficacit\u00e9 peeling et hydratation profonde, les Laboratoires Lierac ont associ\u00e9 quatre actifs compl\u00e9mentaires.<\/span><span><br \/><\/span><span><br \/><\/span><span>L\u2019extrait d\u2019Hibiscus lissant, les micrograins d\u2019origine v\u00e9g\u00e9tale pour un effet peeling renforc\u00e9, le silicium raffermissant et le double acide hyaluronique repulpant.<\/span><span><br \/><\/span><span><br \/><\/span><span>La texture gel sensoriel a \u00e9t\u00e9 con\u00e7ue pour faciliter le massage et offrir un plus grand confort d\u2019utilisation. Il a \u00e9t\u00e9 enrichi en coco-glucoside, un surgraissant d\u2019origine v\u00e9g\u00e9tale, qui assure une hydratation imm\u00e9diate, m\u00eame apr\u00e8s rin\u00e7age. La peau est plus douce et plus pulpeuse. Fleur d\u2019oranger, gard\u00e9nia et fleur de frangipanier d\u00e9livrent leur parfum f\u00e9minin et addictif<\/span><span><\/span><\/p>\n<h3 class=\"p\"><span><strong data-mce-fragment=\"1\">B\u00e9n\u00e9fices<\/strong><\/span><\/h3>\n<p><strong>UNE EFFICACIT\u00c9 CLINIQUEMENT PROUV\u00c9E<sup>(1)<\/sup><\/strong><\/p>\n<p>Peau r\u00e9nov\u00e9e 100%<\/p>\n<p>Irr\u00e9gularit\u00e9s estomp\u00e9es 95%<\/p>\n<p>\u00c9clat r\u00e9activ\u00e9 95%<\/p>\n<p>Grain de peau uniformis\u00e9 95%<\/p>\n<p>Peau hydrat\u00e9e et confortable 100%<\/p>\n<p>(1) \u00c9tude clinique sur 20 volontaires pendant 28 jours \u2013 application hebdomadaire &#8211; % de satisfaction<\/p>\n<h3>Conseils d&rsquo;application<\/h3>\n<div data-v-c7b8b77c=\"\" class=\"mt-4 mb-2 lg:mb-8 max-w-[1270px] mx-auto px-4\">\n<div data-v-c7b8b77c=\"\" class=\"productTwoBlocks blocksReversed grid grid-cols-1 gap-8 lg:grid-cols-2 items-center text-sm\">\n<div>\n<div class=\"mt-4 mb-2 lg:mb-8 max-w-[1270px] mx-auto px-4\" data-v-c7b8b77c=\"\">\n<div class=\"productTwoBlocks blocksReversed grid grid-cols-1 gap-8 lg:grid-cols-2 items-center text-sm\" data-v-c7b8b77c=\"\">\n<div>\n<div data-v-c7b8b77c=\"\" class=\"mt-4 mb-2 lg:mb-8 max-w-[1270px] mx-auto px-4\">\n<div data-v-c7b8b77c=\"\" class=\"productTwoBlocks blocksReversed grid grid-cols-1 gap-8 lg:grid-cols-2 items-center text-sm\">\n<div>\n<p>Appliquer 1 fois par semaine sur peau humide, masser d\u00e9licatement en effectuant des mouvements circulaires puis rincer.<\/p>\n<\/div>\n<\/div>\n<\/div>\n<\/div>\n<\/div>\n<\/div>\n<h3>Ingredients<\/h3>\n<p><span>GLYCERIN. AQUA \/ WATER \/ EAU. BAMBUSA ARUNDINACEA STEM EXTRACT. POLYLACTIC ACID. PEG-7 GLYCERYL COCOATE. PARFUM \/ FRAGRANCE. COCO-GLUCOSIDE. GLYCERYL OLEATE. ACRYLATES\/C10-30 ALKYL ACRYLATE CROSSPOLYMER. TRIETHANOLAMINE. PHENOXYETHANOL. CITRIC ACID. TETRASODIUM EDTA. TOCOPHEROL. SODIUM HYALURONATE. HIBISCUS SABDARIFFA FLOWER EXTRACT. GLYCINE SOJA (SOYBEAN) OIL. SUCROSE PALMITATE. PROPYLENE GLYCOL. TOCOPHERYL ACETATE. GLYCERYL LINOLEATE. METHYLSILANOL MANNURONATE. HYDROGENATED PALM GLYCERIDES CITRATE. LECITHIN. POTASSIUM SORBATE. ASCORBYL PALMITATE. CI 17200 \/ RED 33. SORBIC ACID. 1362A<\/span><\/p>\n<\/div>\n<\/div>\n<\/div>\n<div data-v-c7b8b77c=\"\" class=\"mt-4 mb-2 lg:mb-8 max-w-[1270px] mx-auto px-4\">\n<div data-v-c7b8b77c=\"\" class=\"productTwoBlocks blocksReversed grid grid-cols-1 gap-8 lg:grid-cols-2 items-center text-sm\">\n<div data-v-c7b8b77c=\"\"><\/div>\n<\/div>\n<\/div>\n<div data-v-c7b8b77c=\"\" class=\"mb-8 max-w-[950px] mx-auto px-4\" id=\"reviews\">\n<div data-v-c7b8b77c=\"\" class=\"mb-2 lg:mb-8\"><\/div>\n<\/div>\n<p>\u00a0<\/p>\n","protected":false},"excerpt":{"rendered":"<p>Lierac Body-Hydra + Gommage Micropeeling Pour assurer simultan\u00e9ment efficacit\u00e9 peeling et hydratation profonde L\u2019accumulation de cellules mortes \u00e0 la surface de la peau est souvent la cons\u00e9quence d\u2019un manque d\u2019eau.Pour assurer simultan\u00e9ment efficacit\u00e9 peeling et hydratation profonde, les Laboratoires Lierac ont associ\u00e9 quatre actifs compl\u00e9mentaires.L\u2019extrait d\u2019Hibiscus lissant, les micrograins d\u2019origine v\u00e9g\u00e9tale pour un effet peeling [&hellip;]<\/p>\n","protected":false},"featured_media":20096,"template":"","meta":{"om_disable_all_campaigns":false},"product_brand":[],"product_cat":[15],"product_tag":[],"class_list":{"0":"post-20124","1":"product","2":"type-product","3":"status-publish","4":"has-post-thumbnail","6":"product_cat-beaute-sante-complements-alimentaires-soins-et-bien-etre-au-meilleur-prix","8":"first","9":"instock","10":"sale","11":"taxable","12":"shipping-taxable","13":"purchasable","14":"product-type-simple"},"yoast_head":"<!-- This site is optimized with the Yoast SEO plugin v27.4 - https:\/\/yoast.com\/product\/yoast-seo-wordpress\/ -->\n<title>Lierac Body-Hydra + Gommage Micropeeling 200ml - Maroc Prix<\/title>\n<meta name=\"description\" content=\"Lierac Body-Hydra + Gommage Micropeeling 200ml\" \/>\n<meta name=\"robots\" content=\"index, follow, max-snippet:-1, max-image-preview:large, max-video-preview:-1\" \/>\n<link rel=\"canonical\" href=\"https:\/\/vitablanca.ma\/en\/product\/lierac-body-hydra-gommage-micropeeling-200ml\/\" \/>\n<meta property=\"og:locale\" content=\"en_US\" \/>\n<meta property=\"og:type\" content=\"article\" \/>\n<meta property=\"og:title\" content=\"Lierac Body-Hydra + Gommage Micropeeling 200ml - Maroc Prix\" \/>\n<meta property=\"og:description\" content=\"Lierac Body-Hydra + Gommage Micropeeling 200ml\" \/>\n<meta property=\"og:url\" content=\"https:\/\/vitablanca.ma\/en\/product\/lierac-body-hydra-gommage-micropeeling-200ml\/\" \/>\n<meta property=\"og:site_name\" content=\"Vitablanca.ma &ndash; Sant&eacute;, vitalit&eacute; et bien-&ecirc;tre pour tous les Marocains\" \/>\n<meta property=\"article:publisher\" content=\"https:\/\/www.facebook.com\/profile.php?id=61576678196717\" \/>\n<meta property=\"og:image\" content=\"https:\/\/vitablanca.ma\/wp-content\/uploads\/2025\/06\/Lierac-Body-Hydra-_-Gommage-Micropeeling-200ml-novapara-maroc.jpg\" \/>\n\t<meta property=\"og:image:width\" content=\"1000\" \/>\n\t<meta property=\"og:image:height\" content=\"1000\" \/>\n\t<meta property=\"og:image:type\" content=\"image\/jpeg\" \/>\n<meta name=\"twitter:card\" content=\"summary_large_image\" \/>\n<meta name=\"twitter:label1\" content=\"Est. reading time\" \/>\n\t<meta name=\"twitter:data1\" content=\"1 minute\" \/>\n<script type=\"application\/ld+json\" class=\"yoast-schema-graph\">{\"@context\":\"https:\\\/\\\/schema.org\",\"@graph\":[{\"@type\":[\"WebPage\",\"ItemPage\"],\"@id\":\"https:\\\/\\\/vitablanca.ma\\\/produit\\\/lierac-body-hydra-gommage-micropeeling-200ml\\\/\",\"url\":\"https:\\\/\\\/vitablanca.ma\\\/produit\\\/lierac-body-hydra-gommage-micropeeling-200ml\\\/\",\"name\":\"Lierac Body-Hydra + Gommage Micropeeling 200ml - Maroc Prix\",\"isPartOf\":{\"@id\":\"https:\\\/\\\/vitablanca.ma\\\/#website\"},\"primaryImageOfPage\":{\"@id\":\"https:\\\/\\\/vitablanca.ma\\\/produit\\\/lierac-body-hydra-gommage-micropeeling-200ml\\\/#primaryimage\"},\"image\":{\"@id\":\"https:\\\/\\\/vitablanca.ma\\\/produit\\\/lierac-body-hydra-gommage-micropeeling-200ml\\\/#primaryimage\"},\"thumbnailUrl\":\"https:\\\/\\\/vitablanca.ma\\\/wp-content\\\/uploads\\\/2025\\\/06\\\/Lierac-Body-Hydra-_-Gommage-Micropeeling-200ml-novapara-maroc.jpg\",\"datePublished\":\"2025-06-10T18:27:29+00:00\",\"description\":\"Lierac Body-Hydra + Gommage Micropeeling 200ml\",\"breadcrumb\":{\"@id\":\"https:\\\/\\\/vitablanca.ma\\\/produit\\\/lierac-body-hydra-gommage-micropeeling-200ml\\\/#breadcrumb\"},\"inLanguage\":\"en-US\",\"potentialAction\":[{\"@type\":\"ReadAction\",\"target\":[\"https:\\\/\\\/vitablanca.ma\\\/produit\\\/lierac-body-hydra-gommage-micropeeling-200ml\\\/\"]}]},{\"@type\":\"ImageObject\",\"inLanguage\":\"en-US\",\"@id\":\"https:\\\/\\\/vitablanca.ma\\\/produit\\\/lierac-body-hydra-gommage-micropeeling-200ml\\\/#primaryimage\",\"url\":\"https:\\\/\\\/vitablanca.ma\\\/wp-content\\\/uploads\\\/2025\\\/06\\\/Lierac-Body-Hydra-_-Gommage-Micropeeling-200ml-novapara-maroc.jpg\",\"contentUrl\":\"https:\\\/\\\/vitablanca.ma\\\/wp-content\\\/uploads\\\/2025\\\/06\\\/Lierac-Body-Hydra-_-Gommage-Micropeeling-200ml-novapara-maroc.jpg\",\"width\":1000,\"height\":1000},{\"@type\":\"BreadcrumbList\",\"@id\":\"https:\\\/\\\/vitablanca.ma\\\/produit\\\/lierac-body-hydra-gommage-micropeeling-200ml\\\/#breadcrumb\",\"itemListElement\":[{\"@type\":\"ListItem\",\"position\":1,\"name\":\"Home\",\"item\":\"https:\\\/\\\/vitablanca.ma\\\/\"},{\"@type\":\"ListItem\",\"position\":2,\"name\":\"Tous Les Produits\",\"item\":\"https:\\\/\\\/vitablanca.ma\\\/tous-les-produits\\\/\"},{\"@type\":\"ListItem\",\"position\":3,\"name\":\"Lierac Body-Hydra + Gommage Micropeeling 200ml\"}]},{\"@type\":\"WebSite\",\"@id\":\"https:\\\/\\\/vitablanca.ma\\\/#website\",\"url\":\"https:\\\/\\\/vitablanca.ma\\\/\",\"name\":\"VitaBlanca.ma | Compl\u00e9ments alimentaires, sant\u00e9 & beaut\u00e9 au Maroc\",\"description\":\"vendre vitamines et compl\u00e9ments premium des USA &amp; Canada, Nouvelle Z\u00e9lande,Maroc (NOW Foods, Solgar, Manuka). Livraison rapide partout au Maroc.\",\"publisher\":{\"@id\":\"https:\\\/\\\/vitablanca.ma\\\/#organization\"},\"alternateName\":\"VitaBlanca.ma\",\"potentialAction\":[{\"@type\":\"SearchAction\",\"target\":{\"@type\":\"EntryPoint\",\"urlTemplate\":\"https:\\\/\\\/vitablanca.ma\\\/?s={search_term_string}\"},\"query-input\":{\"@type\":\"PropertyValueSpecification\",\"valueRequired\":true,\"valueName\":\"search_term_string\"}}],\"inLanguage\":\"en-US\"},{\"@type\":\"Organization\",\"@id\":\"https:\\\/\\\/vitablanca.ma\\\/#organization\",\"name\":\"VitaBlanca\",\"url\":\"https:\\\/\\\/vitablanca.ma\\\/\",\"logo\":{\"@type\":\"ImageObject\",\"inLanguage\":\"en-US\",\"@id\":\"https:\\\/\\\/vitablanca.ma\\\/#\\\/schema\\\/logo\\\/image\\\/\",\"url\":\"https:\\\/\\\/vitablanca.ma\\\/wp-content\\\/uploads\\\/2025\\\/05\\\/cropped-vitablanca.png\",\"contentUrl\":\"https:\\\/\\\/vitablanca.ma\\\/wp-content\\\/uploads\\\/2025\\\/05\\\/cropped-vitablanca.png\",\"width\":360,\"height\":67,\"caption\":\"VitaBlanca\"},\"image\":{\"@id\":\"https:\\\/\\\/vitablanca.ma\\\/#\\\/schema\\\/logo\\\/image\\\/\"},\"sameAs\":[\"https:\\\/\\\/www.facebook.com\\\/profile.php?id=61576678196717\",\"https:\\\/\\\/www.tiktok.com\\\/@vitablanca.ma\",\"https:\\\/\\\/www.instagram.com\\\/vitablanca.ma\\\/\"]}]}<\/script>\n<!-- \/ Yoast SEO plugin. -->","yoast_head_json":{"title":"Lierac Body-Hydra + Micropeeling Scrub 200ml - Morocco Price","description":"Lierac Body-Hydra + Micropeeling Scrub 200ml","robots":{"index":"index","follow":"follow","max-snippet":"max-snippet:-1","max-image-preview":"max-image-preview:large","max-video-preview":"max-video-preview:-1"},"canonical":"https:\/\/vitablanca.ma\/en\/product\/lierac-body-hydra-gommage-micropeeling-200ml\/","og_locale":"en_US","og_type":"article","og_title":"Lierac Body-Hydra + Gommage Micropeeling 200ml - Maroc Prix","og_description":"Lierac Body-Hydra + Gommage Micropeeling 200ml","og_url":"https:\/\/vitablanca.ma\/en\/product\/lierac-body-hydra-gommage-micropeeling-200ml\/","og_site_name":"Vitablanca.ma &ndash; Sant&eacute;, vitalit&eacute; et bien-&ecirc;tre pour tous les Marocains","article_publisher":"https:\/\/www.facebook.com\/profile.php?id=61576678196717","og_image":[{"width":1000,"height":1000,"url":"https:\/\/vitablanca.ma\/wp-content\/uploads\/2025\/06\/Lierac-Body-Hydra-_-Gommage-Micropeeling-200ml-novapara-maroc.jpg","type":"image\/jpeg"}],"twitter_card":"summary_large_image","twitter_misc":{"Est. reading time":"1 minute"},"schema":{"@context":"https:\/\/schema.org","@graph":[{"@type":["WebPage","ItemPage"],"@id":"https:\/\/vitablanca.ma\/produit\/lierac-body-hydra-gommage-micropeeling-200ml\/","url":"https:\/\/vitablanca.ma\/produit\/lierac-body-hydra-gommage-micropeeling-200ml\/","name":"Lierac Body-Hydra + Micropeeling Scrub 200ml - Morocco Price","isPartOf":{"@id":"https:\/\/vitablanca.ma\/#website"},"primaryImageOfPage":{"@id":"https:\/\/vitablanca.ma\/produit\/lierac-body-hydra-gommage-micropeeling-200ml\/#primaryimage"},"image":{"@id":"https:\/\/vitablanca.ma\/produit\/lierac-body-hydra-gommage-micropeeling-200ml\/#primaryimage"},"thumbnailUrl":"https:\/\/vitablanca.ma\/wp-content\/uploads\/2025\/06\/Lierac-Body-Hydra-_-Gommage-Micropeeling-200ml-novapara-maroc.jpg","datePublished":"2025-06-10T18:27:29+00:00","description":"Lierac Body-Hydra + Micropeeling Scrub 200ml","breadcrumb":{"@id":"https:\/\/vitablanca.ma\/produit\/lierac-body-hydra-gommage-micropeeling-200ml\/#breadcrumb"},"inLanguage":"en-US","potentialAction":[{"@type":"ReadAction","target":["https:\/\/vitablanca.ma\/produit\/lierac-body-hydra-gommage-micropeeling-200ml\/"]}]},{"@type":"ImageObject","inLanguage":"en-US","@id":"https:\/\/vitablanca.ma\/produit\/lierac-body-hydra-gommage-micropeeling-200ml\/#primaryimage","url":"https:\/\/vitablanca.ma\/wp-content\/uploads\/2025\/06\/Lierac-Body-Hydra-_-Gommage-Micropeeling-200ml-novapara-maroc.jpg","contentUrl":"https:\/\/vitablanca.ma\/wp-content\/uploads\/2025\/06\/Lierac-Body-Hydra-_-Gommage-Micropeeling-200ml-novapara-maroc.jpg","width":1000,"height":1000},{"@type":"BreadcrumbList","@id":"https:\/\/vitablanca.ma\/produit\/lierac-body-hydra-gommage-micropeeling-200ml\/#breadcrumb","itemListElement":[{"@type":"ListItem","position":1,"name":"Home","item":"https:\/\/vitablanca.ma\/"},{"@type":"ListItem","position":2,"name":"Tous Les Produits","item":"https:\/\/vitablanca.ma\/tous-les-produits\/"},{"@type":"ListItem","position":3,"name":"Lierac Body-Hydra + Gommage Micropeeling 200ml"}]},{"@type":"WebSite","@id":"https:\/\/vitablanca.ma\/#website","url":"https:\/\/vitablanca.ma\/","name":"VitaBlanca.ma | Food supplements, health &amp; beauty in Morocco","description":"sell premium vitamins and supplements from USA &amp; Canada, New Zealand, Morocco (NOW Foods, Solgar, Manuka). Fast delivery anywhere in Morocco.","publisher":{"@id":"https:\/\/vitablanca.ma\/#organization"},"alternateName":"VitaBlanca.ma","potentialAction":[{"@type":"SearchAction","target":{"@type":"EntryPoint","urlTemplate":"https:\/\/vitablanca.ma\/?s={search_term_string}"},"query-input":{"@type":"PropertyValueSpecification","valueRequired":true,"valueName":"search_term_string"}}],"inLanguage":"en-US"},{"@type":"Organization","@id":"https:\/\/vitablanca.ma\/#organization","name":"VitaBlanca","url":"https:\/\/vitablanca.ma\/","logo":{"@type":"ImageObject","inLanguage":"en-US","@id":"https:\/\/vitablanca.ma\/#\/schema\/logo\/image\/","url":"https:\/\/vitablanca.ma\/wp-content\/uploads\/2025\/05\/cropped-vitablanca.png","contentUrl":"https:\/\/vitablanca.ma\/wp-content\/uploads\/2025\/05\/cropped-vitablanca.png","width":360,"height":67,"caption":"VitaBlanca"},"image":{"@id":"https:\/\/vitablanca.ma\/#\/schema\/logo\/image\/"},"sameAs":["https:\/\/www.facebook.com\/profile.php?id=61576678196717","https:\/\/www.tiktok.com\/@vitablanca.ma","https:\/\/www.instagram.com\/vitablanca.ma\/"]}]}},"jetpack_sharing_enabled":true,"_links":{"self":[{"href":"https:\/\/vitablanca.ma\/en\/wp-json\/wp\/v2\/product\/20124","targetHints":{"allow":["GET"]}}],"collection":[{"href":"https:\/\/vitablanca.ma\/en\/wp-json\/wp\/v2\/product"}],"about":[{"href":"https:\/\/vitablanca.ma\/en\/wp-json\/wp\/v2\/types\/product"}],"wp:featuredmedia":[{"embeddable":true,"href":"https:\/\/vitablanca.ma\/en\/wp-json\/wp\/v2\/media\/20096"}],"wp:attachment":[{"href":"https:\/\/vitablanca.ma\/en\/wp-json\/wp\/v2\/media?parent=20124"}],"wp:term":[{"taxonomy":"product_brand","embeddable":true,"href":"https:\/\/vitablanca.ma\/en\/wp-json\/wp\/v2\/product_brand?post=20124"},{"taxonomy":"product_cat","embeddable":true,"href":"https:\/\/vitablanca.ma\/en\/wp-json\/wp\/v2\/product_cat?post=20124"},{"taxonomy":"product_tag","embeddable":true,"href":"https:\/\/vitablanca.ma\/en\/wp-json\/wp\/v2\/product_tag?post=20124"}],"curies":[{"name":"wp","href":"https:\/\/api.w.org\/{rel}","templated":true}]}}