{"id":20056,"date":"2025-06-10T18:25:06","date_gmt":"2025-06-10T18:25:06","guid":{"rendered":"https:\/\/vitablanca.ma\/product\/photowhite-serum-eclaircissant-advanced-30ml\/"},"modified":"2025-06-10T18:25:06","modified_gmt":"2025-06-10T18:25:06","slug":"photowhite-serum-eclaircissant-advanced-30ml","status":"publish","type":"product","link":"https:\/\/vitablanca.ma\/en\/product\/photowhite-serum-eclaircissant-advanced-30ml\/","title":{"rendered":"Photowhite Advanced Whitening Serum 30ml"},"content":{"rendered":"<h2>Photowhite Advanced Whitening Serum\u00a0<span data-mce-fragment=\"1\">for an effective depigmenting treatment in a single product.\u00a0<\/span><br \/>\n<\/h2>\n<p>Concentrated facial serum that combines the fundamental phases for an effective depigmenting treatment in a single product. Contains glycolic acid, which gently exfoliates the surface of the epidermis, and a complex of melanogenesis inhibitors, which work synergistically to counteract the formation of melanin.<\/p>\n<p>Exfoliating action Anti-stain depigmenting action<\/p>\n<p>Antioxidant action<\/p>\n<h3>HOW TO USE?<\/h3>\n<p>Apply to the entire face twice a day (morning and evening) after deep cleansing. Apply especially to areas with skin spots, discoloration, or thickening. Continue daily application for at least 60 days.<\/p>\n<h3>WHO USES IT?<\/h3>\n<p>Subjects with skin discoloration and spots<\/p>\n<p>To even out facial complexion<\/p>\n<p>To renew, revive and brighten dull skin<\/p>\n<h3>WHAT DOES IT CONTAIN?<\/h3>\n<p>Glycolic acid<\/p>\n<p>Melanogenesis inhibitors<\/p>\n<p>Vitamin E<\/p>\n<p>Vitamin C<\/p>\n<h3>WHAT DOESN&#039;T IT CONTAIN?<\/h3>\n<p>Parabens<\/p>\n<p>Mineral oils<\/p>\n<p>Perfume<\/p>\n<p>Dyes<\/p>","protected":false},"excerpt":{"rendered":"<p>Photowhite S\u00e9rum Eclaircissant Advanced\u00a0pour un traitement d\u00e9pigmentant efficace en un seul produit.\u00a0 S\u00e9rum visage concentr\u00e9 qui combine les phases fondamentales pour un traitement d\u00e9pigmentant efficace en un seul produit. Contient de l&rsquo;acide glycolique qui exfolie en douceur l&rsquo;\u00e9tat de surface de l&rsquo;\u00e9piderme et un complexe d&rsquo;inhibiteurs de la m\u00e9lanogen\u00e8se qui agissent en synergie pour contrer [&hellip;]<\/p>\n","protected":false},"featured_media":20048,"template":"","meta":{"om_disable_all_campaigns":false},"product_brand":[],"product_cat":[15],"product_tag":[],"class_list":{"0":"post-20056","1":"product","2":"type-product","3":"status-publish","4":"has-post-thumbnail","6":"product_cat-beaute-sante-complements-alimentaires-soins-et-bien-etre-au-meilleur-prix","8":"first","9":"instock","10":"sale","11":"taxable","12":"shipping-taxable","13":"purchasable","14":"product-type-simple"},"yoast_head":"<!-- This site is optimized with the Yoast SEO plugin v27.4 - https:\/\/yoast.com\/product\/yoast-seo-wordpress\/ -->\n<title>Photowhite S\u00e9rum Eclaircissant Advanced 30ml - Maroc Prix<\/title>\n<meta name=\"description\" content=\"Photowhite S\u00e9rum Eclaircissant Advanced 30ml\" \/>\n<meta name=\"robots\" content=\"index, follow, max-snippet:-1, max-image-preview:large, max-video-preview:-1\" \/>\n<link rel=\"canonical\" href=\"https:\/\/vitablanca.ma\/en\/product\/photowhite-serum-eclaircissant-advanced-30ml\/\" \/>\n<meta property=\"og:locale\" content=\"en_US\" \/>\n<meta property=\"og:type\" content=\"article\" \/>\n<meta property=\"og:title\" content=\"Photowhite S\u00e9rum Eclaircissant Advanced 30ml - Maroc Prix\" \/>\n<meta property=\"og:description\" content=\"Photowhite S\u00e9rum Eclaircissant Advanced 30ml\" \/>\n<meta property=\"og:url\" content=\"https:\/\/vitablanca.ma\/en\/product\/photowhite-serum-eclaircissant-advanced-30ml\/\" \/>\n<meta property=\"og:site_name\" content=\"Vitablanca.ma &ndash; Sant&eacute;, vitalit&eacute; et bien-&ecirc;tre pour tous les Marocains\" \/>\n<meta property=\"article:publisher\" content=\"https:\/\/www.facebook.com\/profile.php?id=61576678196717\" \/>\n<meta property=\"og:image\" content=\"https:\/\/vitablanca.ma\/wp-content\/uploads\/2025\/06\/Photowhite-Serum-Eclaircissant-Advanced-30mlnova-parapharmacie-maroc.jpg\" \/>\n\t<meta property=\"og:image:width\" content=\"1000\" \/>\n\t<meta property=\"og:image:height\" content=\"1000\" \/>\n\t<meta property=\"og:image:type\" content=\"image\/jpeg\" \/>\n<meta name=\"twitter:card\" content=\"summary_large_image\" \/>\n<meta name=\"twitter:label1\" content=\"Est. reading time\" \/>\n\t<meta name=\"twitter:data1\" content=\"1 minute\" \/>\n<script type=\"application\/ld+json\" class=\"yoast-schema-graph\">{\"@context\":\"https:\\\/\\\/schema.org\",\"@graph\":[{\"@type\":[\"WebPage\",\"ItemPage\"],\"@id\":\"https:\\\/\\\/vitablanca.ma\\\/produit\\\/photowhite-serum-eclaircissant-advanced-30ml\\\/\",\"url\":\"https:\\\/\\\/vitablanca.ma\\\/produit\\\/photowhite-serum-eclaircissant-advanced-30ml\\\/\",\"name\":\"Photowhite S\u00e9rum Eclaircissant Advanced 30ml - Maroc Prix\",\"isPartOf\":{\"@id\":\"https:\\\/\\\/vitablanca.ma\\\/#website\"},\"primaryImageOfPage\":{\"@id\":\"https:\\\/\\\/vitablanca.ma\\\/produit\\\/photowhite-serum-eclaircissant-advanced-30ml\\\/#primaryimage\"},\"image\":{\"@id\":\"https:\\\/\\\/vitablanca.ma\\\/produit\\\/photowhite-serum-eclaircissant-advanced-30ml\\\/#primaryimage\"},\"thumbnailUrl\":\"https:\\\/\\\/vitablanca.ma\\\/wp-content\\\/uploads\\\/2025\\\/06\\\/Photowhite-Serum-Eclaircissant-Advanced-30mlnova-parapharmacie-maroc.jpg\",\"datePublished\":\"2025-06-10T18:25:06+00:00\",\"description\":\"Photowhite S\u00e9rum Eclaircissant Advanced 30ml\",\"breadcrumb\":{\"@id\":\"https:\\\/\\\/vitablanca.ma\\\/produit\\\/photowhite-serum-eclaircissant-advanced-30ml\\\/#breadcrumb\"},\"inLanguage\":\"en-US\",\"potentialAction\":[{\"@type\":\"ReadAction\",\"target\":[\"https:\\\/\\\/vitablanca.ma\\\/produit\\\/photowhite-serum-eclaircissant-advanced-30ml\\\/\"]}]},{\"@type\":\"ImageObject\",\"inLanguage\":\"en-US\",\"@id\":\"https:\\\/\\\/vitablanca.ma\\\/produit\\\/photowhite-serum-eclaircissant-advanced-30ml\\\/#primaryimage\",\"url\":\"https:\\\/\\\/vitablanca.ma\\\/wp-content\\\/uploads\\\/2025\\\/06\\\/Photowhite-Serum-Eclaircissant-Advanced-30mlnova-parapharmacie-maroc.jpg\",\"contentUrl\":\"https:\\\/\\\/vitablanca.ma\\\/wp-content\\\/uploads\\\/2025\\\/06\\\/Photowhite-Serum-Eclaircissant-Advanced-30mlnova-parapharmacie-maroc.jpg\",\"width\":1000,\"height\":1000},{\"@type\":\"BreadcrumbList\",\"@id\":\"https:\\\/\\\/vitablanca.ma\\\/produit\\\/photowhite-serum-eclaircissant-advanced-30ml\\\/#breadcrumb\",\"itemListElement\":[{\"@type\":\"ListItem\",\"position\":1,\"name\":\"Home\",\"item\":\"https:\\\/\\\/vitablanca.ma\\\/\"},{\"@type\":\"ListItem\",\"position\":2,\"name\":\"Tous Les Produits\",\"item\":\"https:\\\/\\\/vitablanca.ma\\\/tous-les-produits\\\/\"},{\"@type\":\"ListItem\",\"position\":3,\"name\":\"Photowhite S\u00e9rum Eclaircissant Advanced 30ml\"}]},{\"@type\":\"WebSite\",\"@id\":\"https:\\\/\\\/vitablanca.ma\\\/#website\",\"url\":\"https:\\\/\\\/vitablanca.ma\\\/\",\"name\":\"VitaBlanca.ma | Compl\u00e9ments alimentaires, sant\u00e9 & beaut\u00e9 au Maroc\",\"description\":\"vendre vitamines et compl\u00e9ments premium des USA &amp; Canada, Nouvelle Z\u00e9lande,Maroc (NOW Foods, Solgar, Manuka). Livraison rapide partout au Maroc.\",\"publisher\":{\"@id\":\"https:\\\/\\\/vitablanca.ma\\\/#organization\"},\"alternateName\":\"VitaBlanca.ma\",\"potentialAction\":[{\"@type\":\"SearchAction\",\"target\":{\"@type\":\"EntryPoint\",\"urlTemplate\":\"https:\\\/\\\/vitablanca.ma\\\/?s={search_term_string}\"},\"query-input\":{\"@type\":\"PropertyValueSpecification\",\"valueRequired\":true,\"valueName\":\"search_term_string\"}}],\"inLanguage\":\"en-US\"},{\"@type\":\"Organization\",\"@id\":\"https:\\\/\\\/vitablanca.ma\\\/#organization\",\"name\":\"VitaBlanca\",\"url\":\"https:\\\/\\\/vitablanca.ma\\\/\",\"logo\":{\"@type\":\"ImageObject\",\"inLanguage\":\"en-US\",\"@id\":\"https:\\\/\\\/vitablanca.ma\\\/#\\\/schema\\\/logo\\\/image\\\/\",\"url\":\"https:\\\/\\\/vitablanca.ma\\\/wp-content\\\/uploads\\\/2025\\\/05\\\/cropped-vitablanca.png\",\"contentUrl\":\"https:\\\/\\\/vitablanca.ma\\\/wp-content\\\/uploads\\\/2025\\\/05\\\/cropped-vitablanca.png\",\"width\":360,\"height\":67,\"caption\":\"VitaBlanca\"},\"image\":{\"@id\":\"https:\\\/\\\/vitablanca.ma\\\/#\\\/schema\\\/logo\\\/image\\\/\"},\"sameAs\":[\"https:\\\/\\\/www.facebook.com\\\/profile.php?id=61576678196717\",\"https:\\\/\\\/www.tiktok.com\\\/@vitablanca.ma\",\"https:\\\/\\\/www.instagram.com\\\/vitablanca.ma\\\/\"]}]}<\/script>\n<!-- \/ Yoast SEO plugin. -->","yoast_head_json":{"title":"Photowhite Advanced Whitening Serum 30ml - Morocco Price","description":"Photowhite Advanced Whitening Serum 30ml","robots":{"index":"index","follow":"follow","max-snippet":"max-snippet:-1","max-image-preview":"max-image-preview:large","max-video-preview":"max-video-preview:-1"},"canonical":"https:\/\/vitablanca.ma\/en\/product\/photowhite-serum-eclaircissant-advanced-30ml\/","og_locale":"en_US","og_type":"article","og_title":"Photowhite S\u00e9rum Eclaircissant Advanced 30ml - Maroc Prix","og_description":"Photowhite S\u00e9rum Eclaircissant Advanced 30ml","og_url":"https:\/\/vitablanca.ma\/en\/product\/photowhite-serum-eclaircissant-advanced-30ml\/","og_site_name":"Vitablanca.ma &ndash; Sant&eacute;, vitalit&eacute; et bien-&ecirc;tre pour tous les Marocains","article_publisher":"https:\/\/www.facebook.com\/profile.php?id=61576678196717","og_image":[{"width":1000,"height":1000,"url":"https:\/\/vitablanca.ma\/wp-content\/uploads\/2025\/06\/Photowhite-Serum-Eclaircissant-Advanced-30mlnova-parapharmacie-maroc.jpg","type":"image\/jpeg"}],"twitter_card":"summary_large_image","twitter_misc":{"Est. reading time":"1 minute"},"schema":{"@context":"https:\/\/schema.org","@graph":[{"@type":["WebPage","ItemPage"],"@id":"https:\/\/vitablanca.ma\/produit\/photowhite-serum-eclaircissant-advanced-30ml\/","url":"https:\/\/vitablanca.ma\/produit\/photowhite-serum-eclaircissant-advanced-30ml\/","name":"Photowhite Advanced Whitening Serum 30ml - Morocco Price","isPartOf":{"@id":"https:\/\/vitablanca.ma\/#website"},"primaryImageOfPage":{"@id":"https:\/\/vitablanca.ma\/produit\/photowhite-serum-eclaircissant-advanced-30ml\/#primaryimage"},"image":{"@id":"https:\/\/vitablanca.ma\/produit\/photowhite-serum-eclaircissant-advanced-30ml\/#primaryimage"},"thumbnailUrl":"https:\/\/vitablanca.ma\/wp-content\/uploads\/2025\/06\/Photowhite-Serum-Eclaircissant-Advanced-30mlnova-parapharmacie-maroc.jpg","datePublished":"2025-06-10T18:25:06+00:00","description":"Photowhite Advanced Whitening Serum 30ml","breadcrumb":{"@id":"https:\/\/vitablanca.ma\/produit\/photowhite-serum-eclaircissant-advanced-30ml\/#breadcrumb"},"inLanguage":"en-US","potentialAction":[{"@type":"ReadAction","target":["https:\/\/vitablanca.ma\/produit\/photowhite-serum-eclaircissant-advanced-30ml\/"]}]},{"@type":"ImageObject","inLanguage":"en-US","@id":"https:\/\/vitablanca.ma\/produit\/photowhite-serum-eclaircissant-advanced-30ml\/#primaryimage","url":"https:\/\/vitablanca.ma\/wp-content\/uploads\/2025\/06\/Photowhite-Serum-Eclaircissant-Advanced-30mlnova-parapharmacie-maroc.jpg","contentUrl":"https:\/\/vitablanca.ma\/wp-content\/uploads\/2025\/06\/Photowhite-Serum-Eclaircissant-Advanced-30mlnova-parapharmacie-maroc.jpg","width":1000,"height":1000},{"@type":"BreadcrumbList","@id":"https:\/\/vitablanca.ma\/produit\/photowhite-serum-eclaircissant-advanced-30ml\/#breadcrumb","itemListElement":[{"@type":"ListItem","position":1,"name":"Home","item":"https:\/\/vitablanca.ma\/"},{"@type":"ListItem","position":2,"name":"Tous Les Produits","item":"https:\/\/vitablanca.ma\/tous-les-produits\/"},{"@type":"ListItem","position":3,"name":"Photowhite S\u00e9rum Eclaircissant Advanced 30ml"}]},{"@type":"WebSite","@id":"https:\/\/vitablanca.ma\/#website","url":"https:\/\/vitablanca.ma\/","name":"VitaBlanca.ma | Food supplements, health &amp; beauty in Morocco","description":"sell premium vitamins and supplements from USA &amp; Canada, New Zealand, Morocco (NOW Foods, Solgar, Manuka). Fast delivery anywhere in Morocco.","publisher":{"@id":"https:\/\/vitablanca.ma\/#organization"},"alternateName":"VitaBlanca.ma","potentialAction":[{"@type":"SearchAction","target":{"@type":"EntryPoint","urlTemplate":"https:\/\/vitablanca.ma\/?s={search_term_string}"},"query-input":{"@type":"PropertyValueSpecification","valueRequired":true,"valueName":"search_term_string"}}],"inLanguage":"en-US"},{"@type":"Organization","@id":"https:\/\/vitablanca.ma\/#organization","name":"VitaBlanca","url":"https:\/\/vitablanca.ma\/","logo":{"@type":"ImageObject","inLanguage":"en-US","@id":"https:\/\/vitablanca.ma\/#\/schema\/logo\/image\/","url":"https:\/\/vitablanca.ma\/wp-content\/uploads\/2025\/05\/cropped-vitablanca.png","contentUrl":"https:\/\/vitablanca.ma\/wp-content\/uploads\/2025\/05\/cropped-vitablanca.png","width":360,"height":67,"caption":"VitaBlanca"},"image":{"@id":"https:\/\/vitablanca.ma\/#\/schema\/logo\/image\/"},"sameAs":["https:\/\/www.facebook.com\/profile.php?id=61576678196717","https:\/\/www.tiktok.com\/@vitablanca.ma","https:\/\/www.instagram.com\/vitablanca.ma\/"]}]}},"jetpack_sharing_enabled":true,"_links":{"self":[{"href":"https:\/\/vitablanca.ma\/en\/wp-json\/wp\/v2\/product\/20056","targetHints":{"allow":["GET"]}}],"collection":[{"href":"https:\/\/vitablanca.ma\/en\/wp-json\/wp\/v2\/product"}],"about":[{"href":"https:\/\/vitablanca.ma\/en\/wp-json\/wp\/v2\/types\/product"}],"wp:featuredmedia":[{"embeddable":true,"href":"https:\/\/vitablanca.ma\/en\/wp-json\/wp\/v2\/media\/20048"}],"wp:attachment":[{"href":"https:\/\/vitablanca.ma\/en\/wp-json\/wp\/v2\/media?parent=20056"}],"wp:term":[{"taxonomy":"product_brand","embeddable":true,"href":"https:\/\/vitablanca.ma\/en\/wp-json\/wp\/v2\/product_brand?post=20056"},{"taxonomy":"product_cat","embeddable":true,"href":"https:\/\/vitablanca.ma\/en\/wp-json\/wp\/v2\/product_cat?post=20056"},{"taxonomy":"product_tag","embeddable":true,"href":"https:\/\/vitablanca.ma\/en\/wp-json\/wp\/v2\/product_tag?post=20056"}],"curies":[{"name":"wp","href":"https:\/\/api.w.org\/{rel}","templated":true}]}}