{"id":20042,"date":"2025-06-10T18:24:31","date_gmt":"2025-06-10T18:24:31","guid":{"rendered":"https:\/\/vitablanca.ma\/product\/les-3-chenes-bio-spiruline-vegan-100-comprimes\/"},"modified":"2025-06-10T18:24:31","modified_gmt":"2025-06-10T18:24:31","slug":"les-3-chenes-bio-spiruline-vegan-100-comprimes","status":"publish","type":"product","link":"https:\/\/vitablanca.ma\/en\/product\/les-3-chenes-bio-spiruline-vegan-100-comprimes\/","title":{"rendered":"Les 3 Ch\u00eanes Bio Spirulina Vegan 100 Tablets"},"content":{"rendered":"<h2>Les 3 Ch\u00eanes Bio Spirulina Vegan 100 Tablets<\/h2>\n<p><strong>Organic vegan spirulina 100 tablets<span>\u00a0<\/span><\/strong>East<span>\u00a0<\/span><strong>an organic food supplement<\/strong><span>\u00a0rich in essential amino acids.<\/span><\/p>\n<p><span>Also rich in vitamins, minerals, trace elements, proteins, essential fatty acids and enzymes. In addition, spirulina is consumed for its nutritional qualities.<\/span><\/p>\n<p><span>In addition, it is a pure concentrate of nutrients essential to the body.<\/span><\/p>\n<p><strong>Organic vegan spirulina<\/strong><span>\u00a0<\/span>:<\/p>\n<ul>\n<li>is rich in antioxidants,<\/li>\n<li>fight against fatigue<\/li>\n<li>promotes better resistance of the body to diseases and infections<\/li>\n<li>supports the immune system,<\/li>\n<li>plays a role in the tone and physiological balance of sugars<\/li>\n<\/ul>\n<p>It acts particularly on<span>\u00a0<\/span><strong>immunity<\/strong><span>\u00a0<\/span>to restore vitality and strength. In short, the spirulina plant helps reduce feelings of physical and intellectual fatigue.<\/p>\n<p>OUR<strong><span>\u00a0<\/span>organic food supplement<\/strong><span>\u00a0<\/span>is your everyday ally. Indeed, it<span>\u00a0<\/span><strong>tones the body<\/strong><span>\u00a0<\/span>And<strong><span>\u00a0<\/span>supports your immune defenses<\/strong><span>\u00a0<\/span>to fight against illnesses, infections and fatigue, due to daily activities.<\/p>\n<p>Moreover, it is therefore a complement<span>\u00a0<\/span><strong>anti-aging<\/strong>. Furthermore, it can also be used as part of a slimming program since it contributes to<span>\u00a0<\/span><strong>reduce hunger and control weight.<\/strong><\/p>\n<p>At the same time, spirulina acts as a detoxifier for the liver and kidneys. The dosage of tablets depends on the desired effects. Therefore, a doctor can prescribe a personalized dosage for you.<\/p>\n<p><span>The organic food supplement,\u00a0<\/span><a href=\"https:\/\/3chenes.com\/\" data-mce-href=\"https:\/\/3chenes.com\/\"><strong>The 3 Oaks<\/strong><\/a><span>\u00a0consists of<\/span><strong>\u00a0organic spirulina<\/strong><span>, a freshwater algae with qualities<\/span><strong>\u00a0recognized nutritional values.<\/strong><\/p>\n<ul>\n<li>\n<strong>Capacity:<span>\u00a0<\/span><\/strong>4 tablets provide 2g of<span>\u00a0<\/span><strong>spirulina<\/strong>.<\/li>\n<li>\n<strong>Weight<\/strong>: 50g<\/li>\n<li>\n<strong>Origin:<span>\u00a0<\/span><\/strong>Made in France<\/li>\n<li>\n<strong>Quality<\/strong><strong><span>\u00a0<\/span>:<span>\u00a0<\/span><\/strong>Vegan, Halal and Kosher<\/li>\n<li>\n<strong>Dosage and contraindications:<span>\u00a0<\/span><\/strong>See the Usage Tips tab<\/li>\n<\/ul>\n<h3>DIRECTIONS FOR USE:<\/h3>\n<ul>\n<li>Take 4 tablets per day with a large glass of water<\/li>\n<li>Take a 15-day course of treatment, which can be repeated several times a year.<\/li>\n<li>To be consumed as part of a balanced diet<\/li>\n<li>Keep out of reach of children<\/li>\n<li>Do not exceed the recommended daily dose<\/li>\n<li>We recommend that pregnant and breastfeeding women consult a healthcare professional before taking any<\/li>\n<\/ul>","protected":false},"excerpt":{"rendered":"<p>Les 3 Ch\u00eanes Bio Spiruline Vegan 100 Comprim\u00e9s Spiruline vegan bio 100 comprim\u00e9s\u00a0est\u00a0un compl\u00e9ment alimentaire bio\u00a0riche en acides amin\u00e9s essentiels. Aussi riche en vitamines, min\u00e9raux, oligo-\u00e9lements, prot\u00e9ines, en acides gras essentiels et en enzymes. En outre, la spiruline se consomme pour ses qualit\u00e9s nutritives. De plus, elle est un pur concentr\u00e9 de nutriments indispensables \u00e0 [&hellip;]<\/p>\n","protected":false},"featured_media":20034,"template":"","meta":{"om_disable_all_campaigns":false},"product_brand":[],"product_cat":[15],"product_tag":[],"class_list":{"0":"post-20042","1":"product","2":"type-product","3":"status-publish","4":"has-post-thumbnail","6":"product_cat-beaute-sante-complements-alimentaires-soins-et-bien-etre-au-meilleur-prix","8":"first","9":"instock","10":"sale","11":"taxable","12":"shipping-taxable","13":"purchasable","14":"product-type-simple"},"yoast_head":"<!-- This site is optimized with the Yoast SEO plugin v27.4 - https:\/\/yoast.com\/product\/yoast-seo-wordpress\/ -->\n<title>Les 3 Ch\u00eanes Bio Spiruline Vegan 100 Comprim\u00e9s - Maroc Prix<\/title>\n<meta name=\"description\" content=\"Les 3 Ch\u00eanes Bio Spiruline Vegan 100 Comprim\u00e9s\" \/>\n<meta name=\"robots\" content=\"index, follow, max-snippet:-1, max-image-preview:large, max-video-preview:-1\" \/>\n<link rel=\"canonical\" href=\"https:\/\/vitablanca.ma\/en\/product\/les-3-chenes-bio-spiruline-vegan-100-comprimes\/\" \/>\n<meta property=\"og:locale\" content=\"en_US\" \/>\n<meta property=\"og:type\" content=\"article\" \/>\n<meta property=\"og:title\" content=\"Les 3 Ch\u00eanes Bio Spiruline Vegan 100 Comprim\u00e9s - Maroc Prix\" \/>\n<meta property=\"og:description\" content=\"Les 3 Ch\u00eanes Bio Spiruline Vegan 100 Comprim\u00e9s\" \/>\n<meta property=\"og:url\" content=\"https:\/\/vitablanca.ma\/en\/product\/les-3-chenes-bio-spiruline-vegan-100-comprimes\/\" \/>\n<meta property=\"og:site_name\" content=\"Vitablanca.ma &ndash; Sant&eacute;, vitalit&eacute; et bien-&ecirc;tre pour tous les Marocains\" \/>\n<meta property=\"article:publisher\" content=\"https:\/\/www.facebook.com\/profile.php?id=61576678196717\" \/>\n<meta property=\"og:image\" content=\"https:\/\/vitablanca.ma\/wp-content\/uploads\/2025\/06\/Les-3-Chenes-Bio-Spiruline-Vegan-100-Comprimes-nova-parapharmacie-casablanca.jpg\" \/>\n\t<meta property=\"og:image:width\" content=\"1000\" \/>\n\t<meta property=\"og:image:height\" content=\"1000\" \/>\n\t<meta property=\"og:image:type\" content=\"image\/jpeg\" \/>\n<meta name=\"twitter:card\" content=\"summary_large_image\" \/>\n<meta name=\"twitter:label1\" content=\"Est. reading time\" \/>\n\t<meta name=\"twitter:data1\" content=\"2 minutes\" \/>\n<script type=\"application\/ld+json\" class=\"yoast-schema-graph\">{\"@context\":\"https:\\\/\\\/schema.org\",\"@graph\":[{\"@type\":[\"WebPage\",\"ItemPage\"],\"@id\":\"https:\\\/\\\/vitablanca.ma\\\/produit\\\/les-3-chenes-bio-spiruline-vegan-100-comprimes\\\/\",\"url\":\"https:\\\/\\\/vitablanca.ma\\\/produit\\\/les-3-chenes-bio-spiruline-vegan-100-comprimes\\\/\",\"name\":\"Les 3 Ch\u00eanes Bio Spiruline Vegan 100 Comprim\u00e9s - Maroc Prix\",\"isPartOf\":{\"@id\":\"https:\\\/\\\/vitablanca.ma\\\/#website\"},\"primaryImageOfPage\":{\"@id\":\"https:\\\/\\\/vitablanca.ma\\\/produit\\\/les-3-chenes-bio-spiruline-vegan-100-comprimes\\\/#primaryimage\"},\"image\":{\"@id\":\"https:\\\/\\\/vitablanca.ma\\\/produit\\\/les-3-chenes-bio-spiruline-vegan-100-comprimes\\\/#primaryimage\"},\"thumbnailUrl\":\"https:\\\/\\\/vitablanca.ma\\\/wp-content\\\/uploads\\\/2025\\\/06\\\/Les-3-Chenes-Bio-Spiruline-Vegan-100-Comprimes-nova-parapharmacie-casablanca.jpg\",\"datePublished\":\"2025-06-10T18:24:31+00:00\",\"description\":\"Les 3 Ch\u00eanes Bio Spiruline Vegan 100 Comprim\u00e9s\",\"breadcrumb\":{\"@id\":\"https:\\\/\\\/vitablanca.ma\\\/produit\\\/les-3-chenes-bio-spiruline-vegan-100-comprimes\\\/#breadcrumb\"},\"inLanguage\":\"en-US\",\"potentialAction\":[{\"@type\":\"ReadAction\",\"target\":[\"https:\\\/\\\/vitablanca.ma\\\/produit\\\/les-3-chenes-bio-spiruline-vegan-100-comprimes\\\/\"]}]},{\"@type\":\"ImageObject\",\"inLanguage\":\"en-US\",\"@id\":\"https:\\\/\\\/vitablanca.ma\\\/produit\\\/les-3-chenes-bio-spiruline-vegan-100-comprimes\\\/#primaryimage\",\"url\":\"https:\\\/\\\/vitablanca.ma\\\/wp-content\\\/uploads\\\/2025\\\/06\\\/Les-3-Chenes-Bio-Spiruline-Vegan-100-Comprimes-nova-parapharmacie-casablanca.jpg\",\"contentUrl\":\"https:\\\/\\\/vitablanca.ma\\\/wp-content\\\/uploads\\\/2025\\\/06\\\/Les-3-Chenes-Bio-Spiruline-Vegan-100-Comprimes-nova-parapharmacie-casablanca.jpg\",\"width\":1000,\"height\":1000},{\"@type\":\"BreadcrumbList\",\"@id\":\"https:\\\/\\\/vitablanca.ma\\\/produit\\\/les-3-chenes-bio-spiruline-vegan-100-comprimes\\\/#breadcrumb\",\"itemListElement\":[{\"@type\":\"ListItem\",\"position\":1,\"name\":\"Home\",\"item\":\"https:\\\/\\\/vitablanca.ma\\\/\"},{\"@type\":\"ListItem\",\"position\":2,\"name\":\"Tous Les Produits\",\"item\":\"https:\\\/\\\/vitablanca.ma\\\/tous-les-produits\\\/\"},{\"@type\":\"ListItem\",\"position\":3,\"name\":\"Les 3 Ch\u00eanes Bio Spiruline Vegan 100 Comprim\u00e9s\"}]},{\"@type\":\"WebSite\",\"@id\":\"https:\\\/\\\/vitablanca.ma\\\/#website\",\"url\":\"https:\\\/\\\/vitablanca.ma\\\/\",\"name\":\"VitaBlanca.ma | Compl\u00e9ments alimentaires, sant\u00e9 & beaut\u00e9 au Maroc\",\"description\":\"vendre vitamines et compl\u00e9ments premium des USA &amp; Canada, Nouvelle Z\u00e9lande,Maroc (NOW Foods, Solgar, Manuka). Livraison rapide partout au Maroc.\",\"publisher\":{\"@id\":\"https:\\\/\\\/vitablanca.ma\\\/#organization\"},\"alternateName\":\"VitaBlanca.ma\",\"potentialAction\":[{\"@type\":\"SearchAction\",\"target\":{\"@type\":\"EntryPoint\",\"urlTemplate\":\"https:\\\/\\\/vitablanca.ma\\\/?s={search_term_string}\"},\"query-input\":{\"@type\":\"PropertyValueSpecification\",\"valueRequired\":true,\"valueName\":\"search_term_string\"}}],\"inLanguage\":\"en-US\"},{\"@type\":\"Organization\",\"@id\":\"https:\\\/\\\/vitablanca.ma\\\/#organization\",\"name\":\"VitaBlanca\",\"url\":\"https:\\\/\\\/vitablanca.ma\\\/\",\"logo\":{\"@type\":\"ImageObject\",\"inLanguage\":\"en-US\",\"@id\":\"https:\\\/\\\/vitablanca.ma\\\/#\\\/schema\\\/logo\\\/image\\\/\",\"url\":\"https:\\\/\\\/vitablanca.ma\\\/wp-content\\\/uploads\\\/2025\\\/05\\\/cropped-vitablanca.png\",\"contentUrl\":\"https:\\\/\\\/vitablanca.ma\\\/wp-content\\\/uploads\\\/2025\\\/05\\\/cropped-vitablanca.png\",\"width\":360,\"height\":67,\"caption\":\"VitaBlanca\"},\"image\":{\"@id\":\"https:\\\/\\\/vitablanca.ma\\\/#\\\/schema\\\/logo\\\/image\\\/\"},\"sameAs\":[\"https:\\\/\\\/www.facebook.com\\\/profile.php?id=61576678196717\",\"https:\\\/\\\/www.tiktok.com\\\/@vitablanca.ma\",\"https:\\\/\\\/www.instagram.com\\\/vitablanca.ma\\\/\"]}]}<\/script>\n<!-- \/ Yoast SEO plugin. -->","yoast_head_json":{"title":"Les 3 Ch\u00eanes Bio Spirulina Vegan 100 Tablets - Morocco Price","description":"Les 3 Ch\u00eanes Bio Spirulina Vegan 100 Tablets","robots":{"index":"index","follow":"follow","max-snippet":"max-snippet:-1","max-image-preview":"max-image-preview:large","max-video-preview":"max-video-preview:-1"},"canonical":"https:\/\/vitablanca.ma\/en\/product\/les-3-chenes-bio-spiruline-vegan-100-comprimes\/","og_locale":"en_US","og_type":"article","og_title":"Les 3 Ch\u00eanes Bio Spiruline Vegan 100 Comprim\u00e9s - Maroc Prix","og_description":"Les 3 Ch\u00eanes Bio Spiruline Vegan 100 Comprim\u00e9s","og_url":"https:\/\/vitablanca.ma\/en\/product\/les-3-chenes-bio-spiruline-vegan-100-comprimes\/","og_site_name":"Vitablanca.ma &ndash; Sant&eacute;, vitalit&eacute; et bien-&ecirc;tre pour tous les Marocains","article_publisher":"https:\/\/www.facebook.com\/profile.php?id=61576678196717","og_image":[{"width":1000,"height":1000,"url":"https:\/\/vitablanca.ma\/wp-content\/uploads\/2025\/06\/Les-3-Chenes-Bio-Spiruline-Vegan-100-Comprimes-nova-parapharmacie-casablanca.jpg","type":"image\/jpeg"}],"twitter_card":"summary_large_image","twitter_misc":{"Est. reading time":"2 minutes"},"schema":{"@context":"https:\/\/schema.org","@graph":[{"@type":["WebPage","ItemPage"],"@id":"https:\/\/vitablanca.ma\/produit\/les-3-chenes-bio-spiruline-vegan-100-comprimes\/","url":"https:\/\/vitablanca.ma\/produit\/les-3-chenes-bio-spiruline-vegan-100-comprimes\/","name":"Les 3 Ch\u00eanes Bio Spirulina Vegan 100 Tablets - Morocco Price","isPartOf":{"@id":"https:\/\/vitablanca.ma\/#website"},"primaryImageOfPage":{"@id":"https:\/\/vitablanca.ma\/produit\/les-3-chenes-bio-spiruline-vegan-100-comprimes\/#primaryimage"},"image":{"@id":"https:\/\/vitablanca.ma\/produit\/les-3-chenes-bio-spiruline-vegan-100-comprimes\/#primaryimage"},"thumbnailUrl":"https:\/\/vitablanca.ma\/wp-content\/uploads\/2025\/06\/Les-3-Chenes-Bio-Spiruline-Vegan-100-Comprimes-nova-parapharmacie-casablanca.jpg","datePublished":"2025-06-10T18:24:31+00:00","description":"Les 3 Ch\u00eanes Bio Spirulina Vegan 100 Tablets","breadcrumb":{"@id":"https:\/\/vitablanca.ma\/produit\/les-3-chenes-bio-spiruline-vegan-100-comprimes\/#breadcrumb"},"inLanguage":"en-US","potentialAction":[{"@type":"ReadAction","target":["https:\/\/vitablanca.ma\/produit\/les-3-chenes-bio-spiruline-vegan-100-comprimes\/"]}]},{"@type":"ImageObject","inLanguage":"en-US","@id":"https:\/\/vitablanca.ma\/produit\/les-3-chenes-bio-spiruline-vegan-100-comprimes\/#primaryimage","url":"https:\/\/vitablanca.ma\/wp-content\/uploads\/2025\/06\/Les-3-Chenes-Bio-Spiruline-Vegan-100-Comprimes-nova-parapharmacie-casablanca.jpg","contentUrl":"https:\/\/vitablanca.ma\/wp-content\/uploads\/2025\/06\/Les-3-Chenes-Bio-Spiruline-Vegan-100-Comprimes-nova-parapharmacie-casablanca.jpg","width":1000,"height":1000},{"@type":"BreadcrumbList","@id":"https:\/\/vitablanca.ma\/produit\/les-3-chenes-bio-spiruline-vegan-100-comprimes\/#breadcrumb","itemListElement":[{"@type":"ListItem","position":1,"name":"Home","item":"https:\/\/vitablanca.ma\/"},{"@type":"ListItem","position":2,"name":"Tous Les Produits","item":"https:\/\/vitablanca.ma\/tous-les-produits\/"},{"@type":"ListItem","position":3,"name":"Les 3 Ch\u00eanes Bio Spiruline Vegan 100 Comprim\u00e9s"}]},{"@type":"WebSite","@id":"https:\/\/vitablanca.ma\/#website","url":"https:\/\/vitablanca.ma\/","name":"VitaBlanca.ma | Food supplements, health &amp; beauty in Morocco","description":"sell premium vitamins and supplements from USA &amp; Canada, New Zealand, Morocco (NOW Foods, Solgar, Manuka). Fast delivery anywhere in Morocco.","publisher":{"@id":"https:\/\/vitablanca.ma\/#organization"},"alternateName":"VitaBlanca.ma","potentialAction":[{"@type":"SearchAction","target":{"@type":"EntryPoint","urlTemplate":"https:\/\/vitablanca.ma\/?s={search_term_string}"},"query-input":{"@type":"PropertyValueSpecification","valueRequired":true,"valueName":"search_term_string"}}],"inLanguage":"en-US"},{"@type":"Organization","@id":"https:\/\/vitablanca.ma\/#organization","name":"VitaBlanca","url":"https:\/\/vitablanca.ma\/","logo":{"@type":"ImageObject","inLanguage":"en-US","@id":"https:\/\/vitablanca.ma\/#\/schema\/logo\/image\/","url":"https:\/\/vitablanca.ma\/wp-content\/uploads\/2025\/05\/cropped-vitablanca.png","contentUrl":"https:\/\/vitablanca.ma\/wp-content\/uploads\/2025\/05\/cropped-vitablanca.png","width":360,"height":67,"caption":"VitaBlanca"},"image":{"@id":"https:\/\/vitablanca.ma\/#\/schema\/logo\/image\/"},"sameAs":["https:\/\/www.facebook.com\/profile.php?id=61576678196717","https:\/\/www.tiktok.com\/@vitablanca.ma","https:\/\/www.instagram.com\/vitablanca.ma\/"]}]}},"jetpack_sharing_enabled":true,"_links":{"self":[{"href":"https:\/\/vitablanca.ma\/en\/wp-json\/wp\/v2\/product\/20042","targetHints":{"allow":["GET"]}}],"collection":[{"href":"https:\/\/vitablanca.ma\/en\/wp-json\/wp\/v2\/product"}],"about":[{"href":"https:\/\/vitablanca.ma\/en\/wp-json\/wp\/v2\/types\/product"}],"wp:featuredmedia":[{"embeddable":true,"href":"https:\/\/vitablanca.ma\/en\/wp-json\/wp\/v2\/media\/20034"}],"wp:attachment":[{"href":"https:\/\/vitablanca.ma\/en\/wp-json\/wp\/v2\/media?parent=20042"}],"wp:term":[{"taxonomy":"product_brand","embeddable":true,"href":"https:\/\/vitablanca.ma\/en\/wp-json\/wp\/v2\/product_brand?post=20042"},{"taxonomy":"product_cat","embeddable":true,"href":"https:\/\/vitablanca.ma\/en\/wp-json\/wp\/v2\/product_cat?post=20042"},{"taxonomy":"product_tag","embeddable":true,"href":"https:\/\/vitablanca.ma\/en\/wp-json\/wp\/v2\/product_tag?post=20042"}],"curies":[{"name":"wp","href":"https:\/\/api.w.org\/{rel}","templated":true}]}}