{"id":20040,"date":"2025-06-10T18:24:22","date_gmt":"2025-06-10T18:24:22","guid":{"rendered":"https:\/\/vitablanca.ma\/product\/photowhite-creme-ah-a-lacide-hyaluronique-50ml\/"},"modified":"2025-09-16T17:57:12","modified_gmt":"2025-09-16T17:57:12","slug":"photowhite-creme-ah-a-lacide-hyaluronique-50ml","status":"publish","type":"product","link":"https:\/\/vitablanca.ma\/en\/product\/photowhite-creme-ah-a-lacide-hyaluronique-50ml\/","title":{"rendered":"PhotoWhite AH Cream with Hyaluronic Acid 50ml"},"content":{"rendered":"<h1>PhotoWhite AH Cream with Hyaluronic Acid 50ml<\/h1>\n<p><span>Hyaluronic Acid AH Cream \u2013 50ml is a silky, smoothing facial cream that provides an effective solution to the formation of dark spots while reducing their recurrence. This cream corrects discoloration, hyperpigmentation, and evens out skin tone remarkably. It also works by redensifying the skin thanks to an active fibroblast stimulator, thus restoring tone and elasticity to your skin. Hyaluronic Acid AH Cream is a facial moisturizer that contains hyaluronic acid, a renowned skincare ingredient for its deep hydration power by retaining moisture within skin cells. In addition to hyaluronic acid, this cream is formulated with other ingredients that help brighten skin, reduce dark spots, and even out skin tone.<\/span><\/p>\n<h3><strong>Directions for Use:<\/strong><\/h3>\n<ul>\n<li>Apply the cream to the face, hands, neck, and all areas affected by skin spots.<\/li>\n<li>Massage gently until completely absorbed for optimal results.<\/li>\n<\/ul>\n<div class=\"large-2 col pb-0 mb-0\">\n<h3 class=\"uppercase mt\">INFORMATION:<\/h3>\n<\/div>\n<div class=\"large-10 col pb-0 mb-0\">\n<div class=\"panel entry-content\">\n<table class=\"woocommerce-product-attributes shop_attributes\">\n<tbody>\n<tr class=\"woocommerce-product-attributes-item woocommerce-product-attributes-item--attribute_pa_marque\">\n<th class=\"woocommerce-product-attributes-item__label\">BRAND<\/th>\n<td class=\"woocommerce-product-attributes-item__value\">\n<p>PhotoWhite<\/p>\n<\/td>\n<\/tr>\n<tr class=\"woocommerce-product-attributes-item woocommerce-product-attributes-item--attribute_pa_etat\">\n<th class=\"woocommerce-product-attributes-item__label\">STATE<\/th>\n<td class=\"woocommerce-product-attributes-item__value\">\n<p>Nine<\/p>\n<\/td>\n<\/tr>\n<tr class=\"woocommerce-product-attributes-item woocommerce-product-attributes-item--attribute_pa_texture\">\n<th class=\"woocommerce-product-attributes-item__label\">TEXTURE<\/th>\n<td class=\"woocommerce-product-attributes-item__value\">\n<p>Cream<\/p>\n<\/td>\n<\/tr>\n<tr class=\"woocommerce-product-attributes-item woocommerce-product-attributes-item--attribute_pa_type-de-peau\">\n<th class=\"woocommerce-product-attributes-item__label\">SKIN TYPE<\/th>\n<td class=\"woocommerce-product-attributes-item__value\">\n<p>Atopic &amp; sensitive skin, Combination, oily &amp; acne-prone skin, Normal skin, Dry skin<\/p>\n<\/td>\n<\/tr>\n<tr class=\"woocommerce-product-attributes-item woocommerce-product-attributes-item--attribute_pa_zone\">\n<th class=\"woocommerce-product-attributes-item__label\">AREA<\/th>\n<td class=\"woocommerce-product-attributes-item__value\">\n<p>Face<\/p>\n<\/td>\n<\/tr>\n<tr class=\"woocommerce-product-attributes-item woocommerce-product-attributes-item--attribute_pa_profil\">\n<th class=\"woocommerce-product-attributes-item__label\">PROFILE<\/th>\n<td class=\"woocommerce-product-attributes-item__value\">\n<p>Adults<\/p>\n<\/td>\n<\/tr>\n<tr class=\"woocommerce-product-attributes-item woocommerce-product-attributes-item--attribute_pa_couleur\">\n<th class=\"woocommerce-product-attributes-item__label\">COLOR<\/th>\n<td class=\"woocommerce-product-attributes-item__value\">\n<p>Invisible \/ Transparent<\/p>\n<\/td>\n<\/tr>\n<\/tbody>\n<\/table>\n<p>\u00a0<\/p>\n<p style=\"text-align: center\">Discover AH Cream with Hyaluronic Acid, a product carefully selected to meet your specific needs, and enjoy an exceptional shopping experience on our site,\u00a0<strong>Vita Blanca Parapharmacie Maroc<\/strong><\/p>\n<\/div>\n<\/div>","protected":false},"excerpt":{"rendered":"<p>PhotoWhite Cr\u00e8me AH \u00e0 L&rsquo;Acide Hyaluronique 50ml La Cr\u00e8me AH \u00e0 l\u2019Acide Hyaluronique \u2013 50ml est une cr\u00e8me pour le visage \u00e0 la texture soyeuse et lissante qui offre une solution efficace contre la formation des taches cutan\u00e9es tout en r\u00e9duisant leur r\u00e9apparition. Cette cr\u00e8me corrige la d\u00e9coloration, l\u2019hyperpigmentation, et unifie le teint de mani\u00e8re [&hellip;]<\/p>\n","protected":false},"featured_media":20038,"template":"","meta":{"om_disable_all_campaigns":false},"product_brand":[],"product_cat":[15],"product_tag":[],"class_list":{"0":"post-20040","1":"product","2":"type-product","3":"status-publish","4":"has-post-thumbnail","6":"product_cat-beaute-sante-complements-alimentaires-soins-et-bien-etre-au-meilleur-prix","8":"first","9":"instock","10":"sale","11":"taxable","12":"shipping-taxable","13":"purchasable","14":"product-type-simple"},"yoast_head":"<!-- This site is optimized with the Yoast SEO plugin v27.4 - https:\/\/yoast.com\/product\/yoast-seo-wordpress\/ -->\n<title>PhotoWhite Cr\u00e8me AH \u00e0 L&#039;Acide Hyaluronique 50ml - Maroc Prix<\/title>\n<meta name=\"description\" content=\"PhotoWhite Cr\u00e8me AH \u00e0 L&#039;Acide Hyaluronique 50ml\" \/>\n<meta name=\"robots\" content=\"index, follow, max-snippet:-1, max-image-preview:large, max-video-preview:-1\" \/>\n<link rel=\"canonical\" href=\"https:\/\/vitablanca.ma\/en\/product\/photowhite-creme-ah-a-lacide-hyaluronique-50ml\/\" \/>\n<meta property=\"og:locale\" content=\"en_US\" \/>\n<meta property=\"og:type\" content=\"article\" \/>\n<meta property=\"og:title\" content=\"PhotoWhite Cr\u00e8me AH \u00e0 L&#039;Acide Hyaluronique 50ml - Maroc Prix\" \/>\n<meta property=\"og:description\" content=\"PhotoWhite Cr\u00e8me AH \u00e0 L&#039;Acide Hyaluronique 50ml\" \/>\n<meta property=\"og:url\" content=\"https:\/\/vitablanca.ma\/en\/product\/photowhite-creme-ah-a-lacide-hyaluronique-50ml\/\" \/>\n<meta property=\"og:site_name\" content=\"Vitablanca.ma &ndash; Sant&eacute;, vitalit&eacute; et bien-&ecirc;tre pour tous les Marocains\" \/>\n<meta property=\"article:publisher\" content=\"https:\/\/www.facebook.com\/profile.php?id=61576678196717\" \/>\n<meta property=\"article:modified_time\" content=\"2025-09-16T17:57:12+00:00\" \/>\n<meta property=\"og:image\" content=\"https:\/\/vitablanca.ma\/wp-content\/uploads\/2025\/06\/photowhite-creme-ah-50ml.jpg\" \/>\n\t<meta property=\"og:image:width\" content=\"800\" \/>\n\t<meta property=\"og:image:height\" content=\"800\" \/>\n\t<meta property=\"og:image:type\" content=\"image\/jpeg\" \/>\n<meta name=\"twitter:card\" content=\"summary_large_image\" \/>\n<meta name=\"twitter:label1\" content=\"Est. reading time\" \/>\n\t<meta name=\"twitter:data1\" content=\"1 minute\" \/>\n<script type=\"application\/ld+json\" class=\"yoast-schema-graph\">{\"@context\":\"https:\\\/\\\/schema.org\",\"@graph\":[{\"@type\":[\"WebPage\",\"ItemPage\"],\"@id\":\"https:\\\/\\\/vitablanca.ma\\\/produit\\\/photowhite-creme-ah-a-lacide-hyaluronique-50ml\\\/\",\"url\":\"https:\\\/\\\/vitablanca.ma\\\/produit\\\/photowhite-creme-ah-a-lacide-hyaluronique-50ml\\\/\",\"name\":\"PhotoWhite Cr\u00e8me AH \u00e0 L'Acide Hyaluronique 50ml - Maroc Prix\",\"isPartOf\":{\"@id\":\"https:\\\/\\\/vitablanca.ma\\\/#website\"},\"primaryImageOfPage\":{\"@id\":\"https:\\\/\\\/vitablanca.ma\\\/produit\\\/photowhite-creme-ah-a-lacide-hyaluronique-50ml\\\/#primaryimage\"},\"image\":{\"@id\":\"https:\\\/\\\/vitablanca.ma\\\/produit\\\/photowhite-creme-ah-a-lacide-hyaluronique-50ml\\\/#primaryimage\"},\"thumbnailUrl\":\"https:\\\/\\\/vitablanca.ma\\\/wp-content\\\/uploads\\\/2025\\\/06\\\/photowhite-creme-ah-50ml.jpg\",\"datePublished\":\"2025-06-10T18:24:22+00:00\",\"dateModified\":\"2025-09-16T17:57:12+00:00\",\"description\":\"PhotoWhite Cr\u00e8me AH \u00e0 L'Acide Hyaluronique 50ml\",\"breadcrumb\":{\"@id\":\"https:\\\/\\\/vitablanca.ma\\\/produit\\\/photowhite-creme-ah-a-lacide-hyaluronique-50ml\\\/#breadcrumb\"},\"inLanguage\":\"en-US\",\"potentialAction\":[{\"@type\":\"ReadAction\",\"target\":[\"https:\\\/\\\/vitablanca.ma\\\/produit\\\/photowhite-creme-ah-a-lacide-hyaluronique-50ml\\\/\"]}]},{\"@type\":\"ImageObject\",\"inLanguage\":\"en-US\",\"@id\":\"https:\\\/\\\/vitablanca.ma\\\/produit\\\/photowhite-creme-ah-a-lacide-hyaluronique-50ml\\\/#primaryimage\",\"url\":\"https:\\\/\\\/vitablanca.ma\\\/wp-content\\\/uploads\\\/2025\\\/06\\\/photowhite-creme-ah-50ml.jpg\",\"contentUrl\":\"https:\\\/\\\/vitablanca.ma\\\/wp-content\\\/uploads\\\/2025\\\/06\\\/photowhite-creme-ah-50ml.jpg\",\"width\":800,\"height\":800},{\"@type\":\"BreadcrumbList\",\"@id\":\"https:\\\/\\\/vitablanca.ma\\\/produit\\\/photowhite-creme-ah-a-lacide-hyaluronique-50ml\\\/#breadcrumb\",\"itemListElement\":[{\"@type\":\"ListItem\",\"position\":1,\"name\":\"Home\",\"item\":\"https:\\\/\\\/vitablanca.ma\\\/\"},{\"@type\":\"ListItem\",\"position\":2,\"name\":\"Tous Les Produits\",\"item\":\"https:\\\/\\\/vitablanca.ma\\\/tous-les-produits\\\/\"},{\"@type\":\"ListItem\",\"position\":3,\"name\":\"PhotoWhite Cr\u00e8me AH \u00e0 L&#8217;Acide Hyaluronique 50ml\"}]},{\"@type\":\"WebSite\",\"@id\":\"https:\\\/\\\/vitablanca.ma\\\/#website\",\"url\":\"https:\\\/\\\/vitablanca.ma\\\/\",\"name\":\"VitaBlanca.ma | Compl\u00e9ments alimentaires, sant\u00e9 & beaut\u00e9 au Maroc\",\"description\":\"vendre vitamines et compl\u00e9ments premium des USA &amp; Canada, Nouvelle Z\u00e9lande,Maroc (NOW Foods, Solgar, Manuka). Livraison rapide partout au Maroc.\",\"publisher\":{\"@id\":\"https:\\\/\\\/vitablanca.ma\\\/#organization\"},\"alternateName\":\"VitaBlanca.ma\",\"potentialAction\":[{\"@type\":\"SearchAction\",\"target\":{\"@type\":\"EntryPoint\",\"urlTemplate\":\"https:\\\/\\\/vitablanca.ma\\\/?s={search_term_string}\"},\"query-input\":{\"@type\":\"PropertyValueSpecification\",\"valueRequired\":true,\"valueName\":\"search_term_string\"}}],\"inLanguage\":\"en-US\"},{\"@type\":\"Organization\",\"@id\":\"https:\\\/\\\/vitablanca.ma\\\/#organization\",\"name\":\"VitaBlanca\",\"url\":\"https:\\\/\\\/vitablanca.ma\\\/\",\"logo\":{\"@type\":\"ImageObject\",\"inLanguage\":\"en-US\",\"@id\":\"https:\\\/\\\/vitablanca.ma\\\/#\\\/schema\\\/logo\\\/image\\\/\",\"url\":\"https:\\\/\\\/vitablanca.ma\\\/wp-content\\\/uploads\\\/2025\\\/05\\\/cropped-vitablanca.png\",\"contentUrl\":\"https:\\\/\\\/vitablanca.ma\\\/wp-content\\\/uploads\\\/2025\\\/05\\\/cropped-vitablanca.png\",\"width\":360,\"height\":67,\"caption\":\"VitaBlanca\"},\"image\":{\"@id\":\"https:\\\/\\\/vitablanca.ma\\\/#\\\/schema\\\/logo\\\/image\\\/\"},\"sameAs\":[\"https:\\\/\\\/www.facebook.com\\\/profile.php?id=61576678196717\",\"https:\\\/\\\/www.tiktok.com\\\/@vitablanca.ma\",\"https:\\\/\\\/www.instagram.com\\\/vitablanca.ma\\\/\"]}]}<\/script>\n<!-- \/ Yoast SEO plugin. -->","yoast_head_json":{"title":"PhotoWhite AH Cream with Hyaluronic Acid 50ml - Morocco Price","description":"PhotoWhite AH Cream with Hyaluronic Acid 50ml","robots":{"index":"index","follow":"follow","max-snippet":"max-snippet:-1","max-image-preview":"max-image-preview:large","max-video-preview":"max-video-preview:-1"},"canonical":"https:\/\/vitablanca.ma\/en\/product\/photowhite-creme-ah-a-lacide-hyaluronique-50ml\/","og_locale":"en_US","og_type":"article","og_title":"PhotoWhite Cr\u00e8me AH \u00e0 L'Acide Hyaluronique 50ml - Maroc Prix","og_description":"PhotoWhite Cr\u00e8me AH \u00e0 L'Acide Hyaluronique 50ml","og_url":"https:\/\/vitablanca.ma\/en\/product\/photowhite-creme-ah-a-lacide-hyaluronique-50ml\/","og_site_name":"Vitablanca.ma &ndash; Sant&eacute;, vitalit&eacute; et bien-&ecirc;tre pour tous les Marocains","article_publisher":"https:\/\/www.facebook.com\/profile.php?id=61576678196717","article_modified_time":"2025-09-16T17:57:12+00:00","og_image":[{"width":800,"height":800,"url":"https:\/\/vitablanca.ma\/wp-content\/uploads\/2025\/06\/photowhite-creme-ah-50ml.jpg","type":"image\/jpeg"}],"twitter_card":"summary_large_image","twitter_misc":{"Est. reading time":"1 minute"},"schema":{"@context":"https:\/\/schema.org","@graph":[{"@type":["WebPage","ItemPage"],"@id":"https:\/\/vitablanca.ma\/produit\/photowhite-creme-ah-a-lacide-hyaluronique-50ml\/","url":"https:\/\/vitablanca.ma\/produit\/photowhite-creme-ah-a-lacide-hyaluronique-50ml\/","name":"PhotoWhite AH Cream with Hyaluronic Acid 50ml - Morocco Price","isPartOf":{"@id":"https:\/\/vitablanca.ma\/#website"},"primaryImageOfPage":{"@id":"https:\/\/vitablanca.ma\/produit\/photowhite-creme-ah-a-lacide-hyaluronique-50ml\/#primaryimage"},"image":{"@id":"https:\/\/vitablanca.ma\/produit\/photowhite-creme-ah-a-lacide-hyaluronique-50ml\/#primaryimage"},"thumbnailUrl":"https:\/\/vitablanca.ma\/wp-content\/uploads\/2025\/06\/photowhite-creme-ah-50ml.jpg","datePublished":"2025-06-10T18:24:22+00:00","dateModified":"2025-09-16T17:57:12+00:00","description":"PhotoWhite AH Cream with Hyaluronic Acid 50ml","breadcrumb":{"@id":"https:\/\/vitablanca.ma\/produit\/photowhite-creme-ah-a-lacide-hyaluronique-50ml\/#breadcrumb"},"inLanguage":"en-US","potentialAction":[{"@type":"ReadAction","target":["https:\/\/vitablanca.ma\/produit\/photowhite-creme-ah-a-lacide-hyaluronique-50ml\/"]}]},{"@type":"ImageObject","inLanguage":"en-US","@id":"https:\/\/vitablanca.ma\/produit\/photowhite-creme-ah-a-lacide-hyaluronique-50ml\/#primaryimage","url":"https:\/\/vitablanca.ma\/wp-content\/uploads\/2025\/06\/photowhite-creme-ah-50ml.jpg","contentUrl":"https:\/\/vitablanca.ma\/wp-content\/uploads\/2025\/06\/photowhite-creme-ah-50ml.jpg","width":800,"height":800},{"@type":"BreadcrumbList","@id":"https:\/\/vitablanca.ma\/produit\/photowhite-creme-ah-a-lacide-hyaluronique-50ml\/#breadcrumb","itemListElement":[{"@type":"ListItem","position":1,"name":"Home","item":"https:\/\/vitablanca.ma\/"},{"@type":"ListItem","position":2,"name":"Tous Les Produits","item":"https:\/\/vitablanca.ma\/tous-les-produits\/"},{"@type":"ListItem","position":3,"name":"PhotoWhite Cr\u00e8me AH \u00e0 L&#8217;Acide Hyaluronique 50ml"}]},{"@type":"WebSite","@id":"https:\/\/vitablanca.ma\/#website","url":"https:\/\/vitablanca.ma\/","name":"VitaBlanca.ma | Food supplements, health &amp; beauty in Morocco","description":"sell premium vitamins and supplements from USA &amp; Canada, New Zealand, Morocco (NOW Foods, Solgar, Manuka). Fast delivery anywhere in Morocco.","publisher":{"@id":"https:\/\/vitablanca.ma\/#organization"},"alternateName":"VitaBlanca.ma","potentialAction":[{"@type":"SearchAction","target":{"@type":"EntryPoint","urlTemplate":"https:\/\/vitablanca.ma\/?s={search_term_string}"},"query-input":{"@type":"PropertyValueSpecification","valueRequired":true,"valueName":"search_term_string"}}],"inLanguage":"en-US"},{"@type":"Organization","@id":"https:\/\/vitablanca.ma\/#organization","name":"VitaBlanca","url":"https:\/\/vitablanca.ma\/","logo":{"@type":"ImageObject","inLanguage":"en-US","@id":"https:\/\/vitablanca.ma\/#\/schema\/logo\/image\/","url":"https:\/\/vitablanca.ma\/wp-content\/uploads\/2025\/05\/cropped-vitablanca.png","contentUrl":"https:\/\/vitablanca.ma\/wp-content\/uploads\/2025\/05\/cropped-vitablanca.png","width":360,"height":67,"caption":"VitaBlanca"},"image":{"@id":"https:\/\/vitablanca.ma\/#\/schema\/logo\/image\/"},"sameAs":["https:\/\/www.facebook.com\/profile.php?id=61576678196717","https:\/\/www.tiktok.com\/@vitablanca.ma","https:\/\/www.instagram.com\/vitablanca.ma\/"]}]}},"jetpack_sharing_enabled":true,"_links":{"self":[{"href":"https:\/\/vitablanca.ma\/en\/wp-json\/wp\/v2\/product\/20040","targetHints":{"allow":["GET"]}}],"collection":[{"href":"https:\/\/vitablanca.ma\/en\/wp-json\/wp\/v2\/product"}],"about":[{"href":"https:\/\/vitablanca.ma\/en\/wp-json\/wp\/v2\/types\/product"}],"wp:featuredmedia":[{"embeddable":true,"href":"https:\/\/vitablanca.ma\/en\/wp-json\/wp\/v2\/media\/20038"}],"wp:attachment":[{"href":"https:\/\/vitablanca.ma\/en\/wp-json\/wp\/v2\/media?parent=20040"}],"wp:term":[{"taxonomy":"product_brand","embeddable":true,"href":"https:\/\/vitablanca.ma\/en\/wp-json\/wp\/v2\/product_brand?post=20040"},{"taxonomy":"product_cat","embeddable":true,"href":"https:\/\/vitablanca.ma\/en\/wp-json\/wp\/v2\/product_cat?post=20040"},{"taxonomy":"product_tag","embeddable":true,"href":"https:\/\/vitablanca.ma\/en\/wp-json\/wp\/v2\/product_tag?post=20040"}],"curies":[{"name":"wp","href":"https:\/\/api.w.org\/{rel}","templated":true}]}}