{"id":20023,"date":"2025-06-10T18:23:42","date_gmt":"2025-06-10T18:23:42","guid":{"rendered":"https:\/\/vitablanca.ma\/product\/les-3-chenes-push-up-gel-special-seins-200ml\/"},"modified":"2025-06-10T18:23:42","modified_gmt":"2025-06-10T18:23:42","slug":"les-3-chenes-push-up-gel-special-seins-200ml","status":"publish","type":"product","link":"https:\/\/vitablanca.ma\/en\/product\/les-3-chenes-push-up-gel-special-seins-200ml\/","title":{"rendered":"Les 3 Ch\u00eanes Push-Up Gel Special Breasts 200ml"},"content":{"rendered":"<h2>Les 3 Ch\u00eanes Push-Up Gel Special Breasts\u00a0<\/h2>\n<div class=\"wrapper-tab-content\" data-mce-fragment=\"1\">\n<div class=\"tab-content active\" data-tabcontent=\"\" id=\"collapse-tab1\" data-mce-fragment=\"1\">\n<div class=\"product-description\" data-mce-fragment=\"1\">\n<div class=\"rte\" data-mce-fragment=\"1\">\n<strong data-mce-fragment=\"1\">An anti-stretch mark gel that helps tone women&#039;s breasts.<\/strong><br data-mce-fragment=\"1\"><br data-mce-fragment=\"1\">PUSH-UP Special Breast Gel, thanks to its multi-action complex, acts on cellular stimulation (collagen synthesis and increase in fibroblasts), stretch marks and the tone of your bust. Suitable for pregnant women and the breastfeeding period.<br data-mce-fragment=\"1\"><br data-mce-fragment=\"1\">This is a gel, intended for women (it is suitable for pregnant and breastfeeding women), which should be applied to the breasts to help stimulate their tone. Applying the Les 3 Chenes Push Up Breast Gel will promote cellular stimulation. This will have the effect of reducing any stretch marks that may appear on the breasts. This treatment has been developed in particular for pregnant and breastfeeding women because they are more exposed to the risk of stretch marks and a loss of tone. The formula of this gel allows the breasts to regain their tone and firmness. They are firmed while stretch marks are reduced.<br data-mce-fragment=\"1\"><br data-mce-fragment=\"1\">Effectiveness tested, dermatologically tested. Paraben-free.<br data-mce-fragment=\"1\"><br data-mce-fragment=\"1\"><strong data-mce-fragment=\"1\">When should you use 3 CH\u00caNES Push-up breasts 200ml?<\/strong><br data-mce-fragment=\"1\">Les 3 ch\u00eanes Push-up seins is a gel for women whose breasts may be less firm and exposed to stretch marks. It is suitable for pregnant and breastfeeding women. Applying this treatment really helps to have firmer breasts while reducing unsightly stretch mark marks on the bust.<br data-mce-fragment=\"1\"><br data-mce-fragment=\"1\"><strong data-mce-fragment=\"1\">How to use 3 CH\u00caNES Push-up breasts 200ml?<\/strong><br data-mce-fragment=\"1\">Apply the treatment to the breasts up to the chin and make circular movements to ensure the gel penetrates well.<br data-mce-fragment=\"1\">It should be used before going to bed at night.<br data-mce-fragment=\"1\"><br data-mce-fragment=\"1\"><strong data-mce-fragment=\"1\">What is the composition of 3 CH\u00caNES Push-up breasts 200ml?<\/strong><br data-mce-fragment=\"1\">Push-up breasts 200ml is composed of urea, potassium lactate \u2013 sodium polyglutamate \u2013 hydrolyzed sclerotium gum \u2013 peg-100 stearate \u2013 glyceryl stearate \u2013 myristyl alcohol \u2013 myristyl glucoside \u2013 theobroma cacao parki (shea butter) \u2013 soybean glycerides \u2013 phenoxyethanol \u2013 benzyl alcohol \u2013 potassium sorbate \u2013 tocopherol \u2013 creatine \u2013 butylene glycol \u2013 cetyl hydroxyethylcelluose \u2013 rutin \u2013 palmitoyl oligopeptide \u2013 palmitoyl tetrapeptide-3 \u2013 phaseolus lunatus (green bean extract) \u2013 glycerin \u2013 rahnella\/soy protein ferment \u2013 glyceryl acrylate \u2013 acrylic acid copolymer \u2013 polysorbate 20 \u2013 tocopheryl acetate \u2013 hydroxyethyl acrylate\/sodium acryloyldimethyl taurate copolymer \u2013 squalane \u2013 polysorbate 60 \u2013 perfume (fragrance) \u2013 d limonene \u2013 linalool \u2013 citral \u2013 geraniol \u2013 butylphenyl methylpropional \u2013 lactic acid.<\/div>\n<div class=\"rte\" data-mce-fragment=\"1\"><\/div>\n<\/div>\n<\/div>\n<\/div>","protected":false},"excerpt":{"rendered":"<p>Les 3 Ch\u00eanes Push-Up Gel Special Seins\u00a0 Un gel anti-vergetures aidant \u00e0 tonifier les seins des femmes.PUSH-UP Gel Sp\u00e9cial Seins, gr\u00e2ce \u00e0 son complexe multi-actions, agit sur la stimulation cellulaire (synth\u00e8se du collag\u00e8ne et augmentation des fibroblastes), les vergetures et la tonicit\u00e9 de votre buste. Convient pour les femmes enceintes et la p\u00e9riode d&rsquo;allaitement.Il s&rsquo;agit [&hellip;]<\/p>\n","protected":false},"featured_media":20014,"template":"","meta":{"om_disable_all_campaigns":false},"product_brand":[],"product_cat":[15],"product_tag":[],"class_list":{"0":"post-20023","1":"product","2":"type-product","3":"status-publish","4":"has-post-thumbnail","6":"product_cat-beaute-sante-complements-alimentaires-soins-et-bien-etre-au-meilleur-prix","8":"first","9":"instock","10":"sale","11":"taxable","12":"shipping-taxable","13":"purchasable","14":"product-type-simple"},"yoast_head":"<!-- This site is optimized with the Yoast SEO plugin v27.4 - https:\/\/yoast.com\/product\/yoast-seo-wordpress\/ -->\n<title>Les 3 Ch\u00eanes Push-Up Gel Special Seins 200ml - Maroc Prix<\/title>\n<meta name=\"description\" content=\"Les 3 Ch\u00eanes Push-Up Gel Special Seins 200ml\" \/>\n<meta name=\"robots\" content=\"index, follow, max-snippet:-1, max-image-preview:large, max-video-preview:-1\" \/>\n<link rel=\"canonical\" href=\"https:\/\/vitablanca.ma\/en\/product\/les-3-chenes-push-up-gel-special-seins-200ml\/\" \/>\n<meta property=\"og:locale\" content=\"en_US\" \/>\n<meta property=\"og:type\" content=\"article\" \/>\n<meta property=\"og:title\" content=\"Les 3 Ch\u00eanes Push-Up Gel Special Seins 200ml - Maroc Prix\" \/>\n<meta property=\"og:description\" content=\"Les 3 Ch\u00eanes Push-Up Gel Special Seins 200ml\" \/>\n<meta property=\"og:url\" content=\"https:\/\/vitablanca.ma\/en\/product\/les-3-chenes-push-up-gel-special-seins-200ml\/\" \/>\n<meta property=\"og:site_name\" content=\"Vitablanca.ma &ndash; Sant&eacute;, vitalit&eacute; et bien-&ecirc;tre pour tous les Marocains\" \/>\n<meta property=\"article:publisher\" content=\"https:\/\/www.facebook.com\/profile.php?id=61576678196717\" \/>\n<meta property=\"og:image\" content=\"https:\/\/vitablanca.ma\/wp-content\/uploads\/2025\/06\/Les-3-Chenes-Push-Up-Gel-Special-Seins-200ml-nova-parapharmacie-casablanca.jpg\" \/>\n\t<meta property=\"og:image:width\" content=\"1000\" \/>\n\t<meta property=\"og:image:height\" content=\"1000\" \/>\n\t<meta property=\"og:image:type\" content=\"image\/jpeg\" \/>\n<meta name=\"twitter:card\" content=\"summary_large_image\" \/>\n<meta name=\"twitter:label1\" content=\"Est. reading time\" \/>\n\t<meta name=\"twitter:data1\" content=\"2 minutes\" \/>\n<script type=\"application\/ld+json\" class=\"yoast-schema-graph\">{\"@context\":\"https:\\\/\\\/schema.org\",\"@graph\":[{\"@type\":[\"WebPage\",\"ItemPage\"],\"@id\":\"https:\\\/\\\/vitablanca.ma\\\/produit\\\/les-3-chenes-push-up-gel-special-seins-200ml\\\/\",\"url\":\"https:\\\/\\\/vitablanca.ma\\\/produit\\\/les-3-chenes-push-up-gel-special-seins-200ml\\\/\",\"name\":\"Les 3 Ch\u00eanes Push-Up Gel Special Seins 200ml - Maroc Prix\",\"isPartOf\":{\"@id\":\"https:\\\/\\\/vitablanca.ma\\\/#website\"},\"primaryImageOfPage\":{\"@id\":\"https:\\\/\\\/vitablanca.ma\\\/produit\\\/les-3-chenes-push-up-gel-special-seins-200ml\\\/#primaryimage\"},\"image\":{\"@id\":\"https:\\\/\\\/vitablanca.ma\\\/produit\\\/les-3-chenes-push-up-gel-special-seins-200ml\\\/#primaryimage\"},\"thumbnailUrl\":\"https:\\\/\\\/vitablanca.ma\\\/wp-content\\\/uploads\\\/2025\\\/06\\\/Les-3-Chenes-Push-Up-Gel-Special-Seins-200ml-nova-parapharmacie-casablanca.jpg\",\"datePublished\":\"2025-06-10T18:23:42+00:00\",\"description\":\"Les 3 Ch\u00eanes Push-Up Gel Special Seins 200ml\",\"breadcrumb\":{\"@id\":\"https:\\\/\\\/vitablanca.ma\\\/produit\\\/les-3-chenes-push-up-gel-special-seins-200ml\\\/#breadcrumb\"},\"inLanguage\":\"en-US\",\"potentialAction\":[{\"@type\":\"ReadAction\",\"target\":[\"https:\\\/\\\/vitablanca.ma\\\/produit\\\/les-3-chenes-push-up-gel-special-seins-200ml\\\/\"]}]},{\"@type\":\"ImageObject\",\"inLanguage\":\"en-US\",\"@id\":\"https:\\\/\\\/vitablanca.ma\\\/produit\\\/les-3-chenes-push-up-gel-special-seins-200ml\\\/#primaryimage\",\"url\":\"https:\\\/\\\/vitablanca.ma\\\/wp-content\\\/uploads\\\/2025\\\/06\\\/Les-3-Chenes-Push-Up-Gel-Special-Seins-200ml-nova-parapharmacie-casablanca.jpg\",\"contentUrl\":\"https:\\\/\\\/vitablanca.ma\\\/wp-content\\\/uploads\\\/2025\\\/06\\\/Les-3-Chenes-Push-Up-Gel-Special-Seins-200ml-nova-parapharmacie-casablanca.jpg\",\"width\":1000,\"height\":1000},{\"@type\":\"BreadcrumbList\",\"@id\":\"https:\\\/\\\/vitablanca.ma\\\/produit\\\/les-3-chenes-push-up-gel-special-seins-200ml\\\/#breadcrumb\",\"itemListElement\":[{\"@type\":\"ListItem\",\"position\":1,\"name\":\"Home\",\"item\":\"https:\\\/\\\/vitablanca.ma\\\/\"},{\"@type\":\"ListItem\",\"position\":2,\"name\":\"Tous Les Produits\",\"item\":\"https:\\\/\\\/vitablanca.ma\\\/tous-les-produits\\\/\"},{\"@type\":\"ListItem\",\"position\":3,\"name\":\"Les 3 Ch\u00eanes Push-Up Gel Special Seins 200ml\"}]},{\"@type\":\"WebSite\",\"@id\":\"https:\\\/\\\/vitablanca.ma\\\/#website\",\"url\":\"https:\\\/\\\/vitablanca.ma\\\/\",\"name\":\"VitaBlanca.ma | Compl\u00e9ments alimentaires, sant\u00e9 & beaut\u00e9 au Maroc\",\"description\":\"vendre vitamines et compl\u00e9ments premium des USA &amp; Canada, Nouvelle Z\u00e9lande,Maroc (NOW Foods, Solgar, Manuka). Livraison rapide partout au Maroc.\",\"publisher\":{\"@id\":\"https:\\\/\\\/vitablanca.ma\\\/#organization\"},\"alternateName\":\"VitaBlanca.ma\",\"potentialAction\":[{\"@type\":\"SearchAction\",\"target\":{\"@type\":\"EntryPoint\",\"urlTemplate\":\"https:\\\/\\\/vitablanca.ma\\\/?s={search_term_string}\"},\"query-input\":{\"@type\":\"PropertyValueSpecification\",\"valueRequired\":true,\"valueName\":\"search_term_string\"}}],\"inLanguage\":\"en-US\"},{\"@type\":\"Organization\",\"@id\":\"https:\\\/\\\/vitablanca.ma\\\/#organization\",\"name\":\"VitaBlanca\",\"url\":\"https:\\\/\\\/vitablanca.ma\\\/\",\"logo\":{\"@type\":\"ImageObject\",\"inLanguage\":\"en-US\",\"@id\":\"https:\\\/\\\/vitablanca.ma\\\/#\\\/schema\\\/logo\\\/image\\\/\",\"url\":\"https:\\\/\\\/vitablanca.ma\\\/wp-content\\\/uploads\\\/2025\\\/05\\\/cropped-vitablanca.png\",\"contentUrl\":\"https:\\\/\\\/vitablanca.ma\\\/wp-content\\\/uploads\\\/2025\\\/05\\\/cropped-vitablanca.png\",\"width\":360,\"height\":67,\"caption\":\"VitaBlanca\"},\"image\":{\"@id\":\"https:\\\/\\\/vitablanca.ma\\\/#\\\/schema\\\/logo\\\/image\\\/\"},\"sameAs\":[\"https:\\\/\\\/www.facebook.com\\\/profile.php?id=61576678196717\",\"https:\\\/\\\/www.tiktok.com\\\/@vitablanca.ma\",\"https:\\\/\\\/www.instagram.com\\\/vitablanca.ma\\\/\"]}]}<\/script>\n<!-- \/ Yoast SEO plugin. -->","yoast_head_json":{"title":"Les 3 Ch\u00eanes Push-Up Gel Special Breasts 200ml - Morocco Price","description":"Les 3 Ch\u00eanes Push-Up Gel Special Breasts 200ml","robots":{"index":"index","follow":"follow","max-snippet":"max-snippet:-1","max-image-preview":"max-image-preview:large","max-video-preview":"max-video-preview:-1"},"canonical":"https:\/\/vitablanca.ma\/en\/product\/les-3-chenes-push-up-gel-special-seins-200ml\/","og_locale":"en_US","og_type":"article","og_title":"Les 3 Ch\u00eanes Push-Up Gel Special Seins 200ml - Maroc Prix","og_description":"Les 3 Ch\u00eanes Push-Up Gel Special Seins 200ml","og_url":"https:\/\/vitablanca.ma\/en\/product\/les-3-chenes-push-up-gel-special-seins-200ml\/","og_site_name":"Vitablanca.ma &ndash; Sant&eacute;, vitalit&eacute; et bien-&ecirc;tre pour tous les Marocains","article_publisher":"https:\/\/www.facebook.com\/profile.php?id=61576678196717","og_image":[{"width":1000,"height":1000,"url":"https:\/\/vitablanca.ma\/wp-content\/uploads\/2025\/06\/Les-3-Chenes-Push-Up-Gel-Special-Seins-200ml-nova-parapharmacie-casablanca.jpg","type":"image\/jpeg"}],"twitter_card":"summary_large_image","twitter_misc":{"Est. reading time":"2 minutes"},"schema":{"@context":"https:\/\/schema.org","@graph":[{"@type":["WebPage","ItemPage"],"@id":"https:\/\/vitablanca.ma\/produit\/les-3-chenes-push-up-gel-special-seins-200ml\/","url":"https:\/\/vitablanca.ma\/produit\/les-3-chenes-push-up-gel-special-seins-200ml\/","name":"Les 3 Ch\u00eanes Push-Up Gel Special Breasts 200ml - Morocco Price","isPartOf":{"@id":"https:\/\/vitablanca.ma\/#website"},"primaryImageOfPage":{"@id":"https:\/\/vitablanca.ma\/produit\/les-3-chenes-push-up-gel-special-seins-200ml\/#primaryimage"},"image":{"@id":"https:\/\/vitablanca.ma\/produit\/les-3-chenes-push-up-gel-special-seins-200ml\/#primaryimage"},"thumbnailUrl":"https:\/\/vitablanca.ma\/wp-content\/uploads\/2025\/06\/Les-3-Chenes-Push-Up-Gel-Special-Seins-200ml-nova-parapharmacie-casablanca.jpg","datePublished":"2025-06-10T18:23:42+00:00","description":"Les 3 Ch\u00eanes Push-Up Gel Special Breasts 200ml","breadcrumb":{"@id":"https:\/\/vitablanca.ma\/produit\/les-3-chenes-push-up-gel-special-seins-200ml\/#breadcrumb"},"inLanguage":"en-US","potentialAction":[{"@type":"ReadAction","target":["https:\/\/vitablanca.ma\/produit\/les-3-chenes-push-up-gel-special-seins-200ml\/"]}]},{"@type":"ImageObject","inLanguage":"en-US","@id":"https:\/\/vitablanca.ma\/produit\/les-3-chenes-push-up-gel-special-seins-200ml\/#primaryimage","url":"https:\/\/vitablanca.ma\/wp-content\/uploads\/2025\/06\/Les-3-Chenes-Push-Up-Gel-Special-Seins-200ml-nova-parapharmacie-casablanca.jpg","contentUrl":"https:\/\/vitablanca.ma\/wp-content\/uploads\/2025\/06\/Les-3-Chenes-Push-Up-Gel-Special-Seins-200ml-nova-parapharmacie-casablanca.jpg","width":1000,"height":1000},{"@type":"BreadcrumbList","@id":"https:\/\/vitablanca.ma\/produit\/les-3-chenes-push-up-gel-special-seins-200ml\/#breadcrumb","itemListElement":[{"@type":"ListItem","position":1,"name":"Home","item":"https:\/\/vitablanca.ma\/"},{"@type":"ListItem","position":2,"name":"Tous Les Produits","item":"https:\/\/vitablanca.ma\/tous-les-produits\/"},{"@type":"ListItem","position":3,"name":"Les 3 Ch\u00eanes Push-Up Gel Special Seins 200ml"}]},{"@type":"WebSite","@id":"https:\/\/vitablanca.ma\/#website","url":"https:\/\/vitablanca.ma\/","name":"VitaBlanca.ma | Food supplements, health &amp; beauty in Morocco","description":"sell premium vitamins and supplements from USA &amp; Canada, New Zealand, Morocco (NOW Foods, Solgar, Manuka). Fast delivery anywhere in Morocco.","publisher":{"@id":"https:\/\/vitablanca.ma\/#organization"},"alternateName":"VitaBlanca.ma","potentialAction":[{"@type":"SearchAction","target":{"@type":"EntryPoint","urlTemplate":"https:\/\/vitablanca.ma\/?s={search_term_string}"},"query-input":{"@type":"PropertyValueSpecification","valueRequired":true,"valueName":"search_term_string"}}],"inLanguage":"en-US"},{"@type":"Organization","@id":"https:\/\/vitablanca.ma\/#organization","name":"VitaBlanca","url":"https:\/\/vitablanca.ma\/","logo":{"@type":"ImageObject","inLanguage":"en-US","@id":"https:\/\/vitablanca.ma\/#\/schema\/logo\/image\/","url":"https:\/\/vitablanca.ma\/wp-content\/uploads\/2025\/05\/cropped-vitablanca.png","contentUrl":"https:\/\/vitablanca.ma\/wp-content\/uploads\/2025\/05\/cropped-vitablanca.png","width":360,"height":67,"caption":"VitaBlanca"},"image":{"@id":"https:\/\/vitablanca.ma\/#\/schema\/logo\/image\/"},"sameAs":["https:\/\/www.facebook.com\/profile.php?id=61576678196717","https:\/\/www.tiktok.com\/@vitablanca.ma","https:\/\/www.instagram.com\/vitablanca.ma\/"]}]}},"jetpack_sharing_enabled":true,"_links":{"self":[{"href":"https:\/\/vitablanca.ma\/en\/wp-json\/wp\/v2\/product\/20023","targetHints":{"allow":["GET"]}}],"collection":[{"href":"https:\/\/vitablanca.ma\/en\/wp-json\/wp\/v2\/product"}],"about":[{"href":"https:\/\/vitablanca.ma\/en\/wp-json\/wp\/v2\/types\/product"}],"wp:featuredmedia":[{"embeddable":true,"href":"https:\/\/vitablanca.ma\/en\/wp-json\/wp\/v2\/media\/20014"}],"wp:attachment":[{"href":"https:\/\/vitablanca.ma\/en\/wp-json\/wp\/v2\/media?parent=20023"}],"wp:term":[{"taxonomy":"product_brand","embeddable":true,"href":"https:\/\/vitablanca.ma\/en\/wp-json\/wp\/v2\/product_brand?post=20023"},{"taxonomy":"product_cat","embeddable":true,"href":"https:\/\/vitablanca.ma\/en\/wp-json\/wp\/v2\/product_cat?post=20023"},{"taxonomy":"product_tag","embeddable":true,"href":"https:\/\/vitablanca.ma\/en\/wp-json\/wp\/v2\/product_tag?post=20023"}],"curies":[{"name":"wp","href":"https:\/\/api.w.org\/{rel}","templated":true}]}}