{"id":20015,"date":"2025-06-10T18:23:27","date_gmt":"2025-06-10T18:23:27","guid":{"rendered":"https:\/\/vitablanca.ma\/product\/3-chenes-color-soin-retouche-color\/"},"modified":"2025-06-10T18:24:16","modified_gmt":"2025-06-10T18:24:16","slug":"3-chenes-color-soin-retouche-color","status":"publish","type":"product","link":"https:\/\/vitablanca.ma\/en\/product\/3-chenes-color-soin-retouche-color\/","title":{"rendered":"3 Ch\u00eanes Color &amp; Color Touch-Up Care"},"content":{"rendered":"<h2>3 Oaks Color and Care<\/h2>\n<p data-mce-fragment=\"1\">Formulated with pure pigments and plant extracts, COLOR &amp; CARE TOUCH-UP COLOR<sup data-mce-fragment=\"1\">\u00ae<\/sup><span data-mce-fragment=\"1\">\u00a0<\/span>is an instant spray that perfectly covers the roots for an even and natural look.<\/p>\n<p data-mce-fragment=\"1\">As a true treatment, it precisely masks the entire regrowth area, protecting and hydrating the scalp and roots.<br data-mce-fragment=\"1\">Its texture and quick drying allow RETOUCH COLOR to resist humidity and rain.<\/p>\n<p data-mce-fragment=\"1\"><strong data-mce-fragment=\"1\">6 references available<\/strong><span data-mce-fragment=\"1\">\u00a0<\/span>that adapt to all hair colors.<\/p>\n<p data-mce-fragment=\"1\">The most produced:<\/p>\n<ul data-mce-fragment=\"1\">\n<li data-mce-fragment=\"1\">Optimal hold and coverage<\/li>\n<li data-mce-fragment=\"1\">Quick drying<\/li>\n<li data-mce-fragment=\"1\">Perfect mimicry<\/li>\n<li data-mce-fragment=\"1\">Natural rendering<\/li>\n<li data-mce-fragment=\"1\">Protective and nourishing care<\/li>\n<\/ul>\n<h3>Directions for use<\/h3>\n<p>It is recommended to place a towel over your shoulders so as not to dirty your clothes.<\/p>\n<ul>\n<li>Shake the spray before use.<\/li>\n<li>Spray lightly on clean hair at a distance of approximately 15cm from the roots, avoiding the face, which you will have previously protected.<\/li>\n<li>Let dry for 1 minute.<\/li>\n<\/ul>\n<p><strong>EXPERT ADVICE<\/strong><\/p>\n<p>To achieve a very natural look, it is recommended to use a comb to distribute the color from the roots up to 4 to 5 cm towards the lengths. To remove RETOUCH COLOR and maintain good hair hydration, you can use shampoos from the COLOR &amp; SOIN brand<sup>\u00ae<\/sup>.<\/p>\n<h3>\n<strong>Precautions<\/strong><strong> of<\/strong><strong>employment<\/strong><br \/>\n<\/h3>\n<p>EXTREMELY FLAMMABLE AEROSOL.<br \/>Pressurized container: May burst if heated. Keep away from heat, hot surfaces, sparks, open flames, and other ignition sources. No smoking. Do not spray on a flame or other ignition source. Do not puncture or burn, even after use. Protect from sunlight and store in a well-ventilated area. Avoid spraying towards eyes or on irritated skin and intentionally inhaling. Do not use for purposes other than those for which the product is intended. Do not use in a confined atmosphere. Do not expose to temperatures exceeding 50 \u00baC \/ 122 \u00baF. Keep out of reach of children. If medical advice is needed, take the label or product with you. Follow the directions for use.<\/p>\n<h3>Available Colors<\/h3>\n<p>\u00a0<span class=\"Polaris-Badge_2qgie\" data-mce-fragment=\"1\">Light Blonde \u2013\u00a0<\/span><span class=\"Polaris-Badge_2qgie\" data-mce-fragment=\"1\">Dark Blonde \u2013\u00a0<\/span><span class=\"Polaris-Badge_2qgie\" data-mce-fragment=\"1\">Light Brown \u2013\u00a0<\/span><span class=\"Polaris-Badge_2qgie\" data-mce-fragment=\"1\">Dark Brown \u2013\u00a0<\/span><span class=\"Polaris-Badge_2qgie\" data-mce-fragment=\"1\">Black<\/span><span class=\"Polaris-Badge_2qgie\" data-mce-fragment=\"1\">Copper<\/span><\/p>","protected":false},"excerpt":{"rendered":"<p>3 Ch\u00eanes Color et Soin Formul\u00e9 avec des pigments purs et extraits v\u00e9g\u00e9taux, RETOUCHE COLOR de COLOR &amp; SOIN\u00ae\u00a0est un spray instantan\u00e9 couvrant parfaitement les racines pour un rendu uniforme et naturel. En v\u00e9ritable soin, il masque avec pr\u00e9cision toute la zone de repousse, prot\u00e9geant et hydratant le cuir chevelu et les racines.Sa texture et [&hellip;]<\/p>\n","protected":false},"featured_media":19973,"template":"","meta":{"om_disable_all_campaigns":false},"product_brand":[],"product_cat":[15],"product_tag":[],"class_list":{"0":"post-20015","1":"product","2":"type-product","3":"status-publish","4":"has-post-thumbnail","6":"product_cat-beaute-sante-complements-alimentaires-soins-et-bien-etre-au-meilleur-prix","8":"first","9":"instock","10":"sale","11":"taxable","12":"shipping-taxable","13":"purchasable","14":"product-type-variable"},"yoast_head":"<!-- This site is optimized with the Yoast SEO plugin v27.4 - https:\/\/yoast.com\/product\/yoast-seo-wordpress\/ -->\n<title>3 Ch\u00eanes Color &amp; Soin Retouche Color - Maroc Prix<\/title>\n<meta name=\"description\" content=\"3 Ch\u00eanes Color &amp; Soin Retouche Color\" \/>\n<meta name=\"robots\" content=\"index, follow, max-snippet:-1, max-image-preview:large, max-video-preview:-1\" \/>\n<link rel=\"canonical\" href=\"https:\/\/vitablanca.ma\/en\/product\/3-chenes-color-soin-retouche-color\/\" \/>\n<meta property=\"og:locale\" content=\"en_US\" \/>\n<meta property=\"og:type\" content=\"article\" \/>\n<meta property=\"og:title\" content=\"3 Ch\u00eanes Color &amp; Soin Retouche Color - Maroc Prix\" \/>\n<meta property=\"og:description\" content=\"3 Ch\u00eanes Color &amp; Soin Retouche Color\" \/>\n<meta property=\"og:url\" content=\"https:\/\/vitablanca.ma\/en\/product\/3-chenes-color-soin-retouche-color\/\" \/>\n<meta property=\"og:site_name\" content=\"Vitablanca.ma &ndash; Sant&eacute;, vitalit&eacute; et bien-&ecirc;tre pour tous les Marocains\" \/>\n<meta property=\"article:publisher\" content=\"https:\/\/www.facebook.com\/profile.php?id=61576678196717\" \/>\n<meta property=\"article:modified_time\" content=\"2025-06-10T18:24:16+00:00\" \/>\n<meta property=\"og:image\" content=\"https:\/\/vitablanca.ma\/wp-content\/uploads\/2025\/06\/3-Chenes-Color-_-Soin-Retouche-Color-Blond-Clair-nova-parapharmacie-maroc.jpg\" \/>\n\t<meta property=\"og:image:width\" content=\"1000\" \/>\n\t<meta property=\"og:image:height\" content=\"1000\" \/>\n\t<meta property=\"og:image:type\" content=\"image\/jpeg\" \/>\n<meta name=\"twitter:card\" content=\"summary_large_image\" \/>\n<meta name=\"twitter:label1\" content=\"Est. reading time\" \/>\n\t<meta name=\"twitter:data1\" content=\"2 minutes\" \/>\n<script type=\"application\/ld+json\" class=\"yoast-schema-graph\">{\"@context\":\"https:\\\/\\\/schema.org\",\"@graph\":[{\"@type\":[\"WebPage\",\"ItemPage\"],\"@id\":\"https:\\\/\\\/vitablanca.ma\\\/produit\\\/3-chenes-color-soin-retouche-color\\\/\",\"url\":\"https:\\\/\\\/vitablanca.ma\\\/produit\\\/3-chenes-color-soin-retouche-color\\\/\",\"name\":\"3 Ch\u00eanes Color &amp; Soin Retouche Color - Maroc Prix\",\"isPartOf\":{\"@id\":\"https:\\\/\\\/vitablanca.ma\\\/#website\"},\"primaryImageOfPage\":{\"@id\":\"https:\\\/\\\/vitablanca.ma\\\/produit\\\/3-chenes-color-soin-retouche-color\\\/#primaryimage\"},\"image\":{\"@id\":\"https:\\\/\\\/vitablanca.ma\\\/produit\\\/3-chenes-color-soin-retouche-color\\\/#primaryimage\"},\"thumbnailUrl\":\"https:\\\/\\\/vitablanca.ma\\\/wp-content\\\/uploads\\\/2025\\\/06\\\/3-Chenes-Color-_-Soin-Retouche-Color-Blond-Clair-nova-parapharmacie-maroc.jpg\",\"datePublished\":\"2025-06-10T18:23:27+00:00\",\"dateModified\":\"2025-06-10T18:24:16+00:00\",\"description\":\"3 Ch\u00eanes Color &amp; Soin Retouche Color\",\"breadcrumb\":{\"@id\":\"https:\\\/\\\/vitablanca.ma\\\/produit\\\/3-chenes-color-soin-retouche-color\\\/#breadcrumb\"},\"inLanguage\":\"en-US\",\"potentialAction\":[{\"@type\":\"ReadAction\",\"target\":[\"https:\\\/\\\/vitablanca.ma\\\/produit\\\/3-chenes-color-soin-retouche-color\\\/\"]}]},{\"@type\":\"ImageObject\",\"inLanguage\":\"en-US\",\"@id\":\"https:\\\/\\\/vitablanca.ma\\\/produit\\\/3-chenes-color-soin-retouche-color\\\/#primaryimage\",\"url\":\"https:\\\/\\\/vitablanca.ma\\\/wp-content\\\/uploads\\\/2025\\\/06\\\/3-Chenes-Color-_-Soin-Retouche-Color-Blond-Clair-nova-parapharmacie-maroc.jpg\",\"contentUrl\":\"https:\\\/\\\/vitablanca.ma\\\/wp-content\\\/uploads\\\/2025\\\/06\\\/3-Chenes-Color-_-Soin-Retouche-Color-Blond-Clair-nova-parapharmacie-maroc.jpg\",\"width\":1000,\"height\":1000},{\"@type\":\"BreadcrumbList\",\"@id\":\"https:\\\/\\\/vitablanca.ma\\\/produit\\\/3-chenes-color-soin-retouche-color\\\/#breadcrumb\",\"itemListElement\":[{\"@type\":\"ListItem\",\"position\":1,\"name\":\"Home\",\"item\":\"https:\\\/\\\/vitablanca.ma\\\/\"},{\"@type\":\"ListItem\",\"position\":2,\"name\":\"Tous Les Produits\",\"item\":\"https:\\\/\\\/vitablanca.ma\\\/tous-les-produits\\\/\"},{\"@type\":\"ListItem\",\"position\":3,\"name\":\"3 Ch\u00eanes Color &amp; Soin Retouche Color\"}]},{\"@type\":\"WebSite\",\"@id\":\"https:\\\/\\\/vitablanca.ma\\\/#website\",\"url\":\"https:\\\/\\\/vitablanca.ma\\\/\",\"name\":\"VitaBlanca.ma | Compl\u00e9ments alimentaires, sant\u00e9 & beaut\u00e9 au Maroc\",\"description\":\"vendre vitamines et compl\u00e9ments premium des USA &amp; Canada, Nouvelle Z\u00e9lande,Maroc (NOW Foods, Solgar, Manuka). Livraison rapide partout au Maroc.\",\"publisher\":{\"@id\":\"https:\\\/\\\/vitablanca.ma\\\/#organization\"},\"alternateName\":\"VitaBlanca.ma\",\"potentialAction\":[{\"@type\":\"SearchAction\",\"target\":{\"@type\":\"EntryPoint\",\"urlTemplate\":\"https:\\\/\\\/vitablanca.ma\\\/?s={search_term_string}\"},\"query-input\":{\"@type\":\"PropertyValueSpecification\",\"valueRequired\":true,\"valueName\":\"search_term_string\"}}],\"inLanguage\":\"en-US\"},{\"@type\":\"Organization\",\"@id\":\"https:\\\/\\\/vitablanca.ma\\\/#organization\",\"name\":\"VitaBlanca\",\"url\":\"https:\\\/\\\/vitablanca.ma\\\/\",\"logo\":{\"@type\":\"ImageObject\",\"inLanguage\":\"en-US\",\"@id\":\"https:\\\/\\\/vitablanca.ma\\\/#\\\/schema\\\/logo\\\/image\\\/\",\"url\":\"https:\\\/\\\/vitablanca.ma\\\/wp-content\\\/uploads\\\/2025\\\/05\\\/cropped-vitablanca.png\",\"contentUrl\":\"https:\\\/\\\/vitablanca.ma\\\/wp-content\\\/uploads\\\/2025\\\/05\\\/cropped-vitablanca.png\",\"width\":360,\"height\":67,\"caption\":\"VitaBlanca\"},\"image\":{\"@id\":\"https:\\\/\\\/vitablanca.ma\\\/#\\\/schema\\\/logo\\\/image\\\/\"},\"sameAs\":[\"https:\\\/\\\/www.facebook.com\\\/profile.php?id=61576678196717\",\"https:\\\/\\\/www.tiktok.com\\\/@vitablanca.ma\",\"https:\\\/\\\/www.instagram.com\\\/vitablanca.ma\\\/\"]}]}<\/script>\n<!-- \/ Yoast SEO plugin. -->","yoast_head_json":{"title":"3 Ch\u00eanes Color &amp; Soin Retouche Color - Morocco Price","description":"3 Ch\u00eanes Color &amp; Color Touch-Up Care","robots":{"index":"index","follow":"follow","max-snippet":"max-snippet:-1","max-image-preview":"max-image-preview:large","max-video-preview":"max-video-preview:-1"},"canonical":"https:\/\/vitablanca.ma\/en\/product\/3-chenes-color-soin-retouche-color\/","og_locale":"en_US","og_type":"article","og_title":"3 Ch\u00eanes Color &amp; Soin Retouche Color - Maroc Prix","og_description":"3 Ch\u00eanes Color &amp; Soin Retouche Color","og_url":"https:\/\/vitablanca.ma\/en\/product\/3-chenes-color-soin-retouche-color\/","og_site_name":"Vitablanca.ma &ndash; Sant&eacute;, vitalit&eacute; et bien-&ecirc;tre pour tous les Marocains","article_publisher":"https:\/\/www.facebook.com\/profile.php?id=61576678196717","article_modified_time":"2025-06-10T18:24:16+00:00","og_image":[{"width":1000,"height":1000,"url":"https:\/\/vitablanca.ma\/wp-content\/uploads\/2025\/06\/3-Chenes-Color-_-Soin-Retouche-Color-Blond-Clair-nova-parapharmacie-maroc.jpg","type":"image\/jpeg"}],"twitter_card":"summary_large_image","twitter_misc":{"Est. reading time":"2 minutes"},"schema":{"@context":"https:\/\/schema.org","@graph":[{"@type":["WebPage","ItemPage"],"@id":"https:\/\/vitablanca.ma\/produit\/3-chenes-color-soin-retouche-color\/","url":"https:\/\/vitablanca.ma\/produit\/3-chenes-color-soin-retouche-color\/","name":"3 Ch\u00eanes Color &amp; Soin Retouche Color - Morocco Price","isPartOf":{"@id":"https:\/\/vitablanca.ma\/#website"},"primaryImageOfPage":{"@id":"https:\/\/vitablanca.ma\/produit\/3-chenes-color-soin-retouche-color\/#primaryimage"},"image":{"@id":"https:\/\/vitablanca.ma\/produit\/3-chenes-color-soin-retouche-color\/#primaryimage"},"thumbnailUrl":"https:\/\/vitablanca.ma\/wp-content\/uploads\/2025\/06\/3-Chenes-Color-_-Soin-Retouche-Color-Blond-Clair-nova-parapharmacie-maroc.jpg","datePublished":"2025-06-10T18:23:27+00:00","dateModified":"2025-06-10T18:24:16+00:00","description":"3 Ch\u00eanes Color &amp; Color Touch-Up Care","breadcrumb":{"@id":"https:\/\/vitablanca.ma\/produit\/3-chenes-color-soin-retouche-color\/#breadcrumb"},"inLanguage":"en-US","potentialAction":[{"@type":"ReadAction","target":["https:\/\/vitablanca.ma\/produit\/3-chenes-color-soin-retouche-color\/"]}]},{"@type":"ImageObject","inLanguage":"en-US","@id":"https:\/\/vitablanca.ma\/produit\/3-chenes-color-soin-retouche-color\/#primaryimage","url":"https:\/\/vitablanca.ma\/wp-content\/uploads\/2025\/06\/3-Chenes-Color-_-Soin-Retouche-Color-Blond-Clair-nova-parapharmacie-maroc.jpg","contentUrl":"https:\/\/vitablanca.ma\/wp-content\/uploads\/2025\/06\/3-Chenes-Color-_-Soin-Retouche-Color-Blond-Clair-nova-parapharmacie-maroc.jpg","width":1000,"height":1000},{"@type":"BreadcrumbList","@id":"https:\/\/vitablanca.ma\/produit\/3-chenes-color-soin-retouche-color\/#breadcrumb","itemListElement":[{"@type":"ListItem","position":1,"name":"Home","item":"https:\/\/vitablanca.ma\/"},{"@type":"ListItem","position":2,"name":"Tous Les Produits","item":"https:\/\/vitablanca.ma\/tous-les-produits\/"},{"@type":"ListItem","position":3,"name":"3 Ch\u00eanes Color &amp; Soin Retouche Color"}]},{"@type":"WebSite","@id":"https:\/\/vitablanca.ma\/#website","url":"https:\/\/vitablanca.ma\/","name":"VitaBlanca.ma | Food supplements, health &amp; beauty in Morocco","description":"sell premium vitamins and supplements from USA &amp; Canada, New Zealand, Morocco (NOW Foods, Solgar, Manuka). Fast delivery anywhere in Morocco.","publisher":{"@id":"https:\/\/vitablanca.ma\/#organization"},"alternateName":"VitaBlanca.ma","potentialAction":[{"@type":"SearchAction","target":{"@type":"EntryPoint","urlTemplate":"https:\/\/vitablanca.ma\/?s={search_term_string}"},"query-input":{"@type":"PropertyValueSpecification","valueRequired":true,"valueName":"search_term_string"}}],"inLanguage":"en-US"},{"@type":"Organization","@id":"https:\/\/vitablanca.ma\/#organization","name":"VitaBlanca","url":"https:\/\/vitablanca.ma\/","logo":{"@type":"ImageObject","inLanguage":"en-US","@id":"https:\/\/vitablanca.ma\/#\/schema\/logo\/image\/","url":"https:\/\/vitablanca.ma\/wp-content\/uploads\/2025\/05\/cropped-vitablanca.png","contentUrl":"https:\/\/vitablanca.ma\/wp-content\/uploads\/2025\/05\/cropped-vitablanca.png","width":360,"height":67,"caption":"VitaBlanca"},"image":{"@id":"https:\/\/vitablanca.ma\/#\/schema\/logo\/image\/"},"sameAs":["https:\/\/www.facebook.com\/profile.php?id=61576678196717","https:\/\/www.tiktok.com\/@vitablanca.ma","https:\/\/www.instagram.com\/vitablanca.ma\/"]}]}},"jetpack_sharing_enabled":true,"_links":{"self":[{"href":"https:\/\/vitablanca.ma\/en\/wp-json\/wp\/v2\/product\/20015","targetHints":{"allow":["GET"]}}],"collection":[{"href":"https:\/\/vitablanca.ma\/en\/wp-json\/wp\/v2\/product"}],"about":[{"href":"https:\/\/vitablanca.ma\/en\/wp-json\/wp\/v2\/types\/product"}],"wp:featuredmedia":[{"embeddable":true,"href":"https:\/\/vitablanca.ma\/en\/wp-json\/wp\/v2\/media\/19973"}],"wp:attachment":[{"href":"https:\/\/vitablanca.ma\/en\/wp-json\/wp\/v2\/media?parent=20015"}],"wp:term":[{"taxonomy":"product_brand","embeddable":true,"href":"https:\/\/vitablanca.ma\/en\/wp-json\/wp\/v2\/product_brand?post=20015"},{"taxonomy":"product_cat","embeddable":true,"href":"https:\/\/vitablanca.ma\/en\/wp-json\/wp\/v2\/product_cat?post=20015"},{"taxonomy":"product_tag","embeddable":true,"href":"https:\/\/vitablanca.ma\/en\/wp-json\/wp\/v2\/product_tag?post=20015"}],"curies":[{"name":"wp","href":"https:\/\/api.w.org\/{rel}","templated":true}]}}