{"id":19984,"date":"2025-06-10T18:21:32","date_gmt":"2025-06-10T18:21:32","guid":{"rendered":"https:\/\/vitablanca.ma\/product\/gum-proxabrush-classic-brossette-interdentaire-19mm-614-2\/"},"modified":"2025-06-10T18:21:32","modified_gmt":"2025-06-10T18:21:32","slug":"gum-proxabrush-classic-brossette-interdentaire-19mm-614-2","status":"publish","type":"product","link":"https:\/\/vitablanca.ma\/en\/product\/gum-proxabrush-classic-brossette-interdentaire-19mm-614-2\/","title":{"rendered":"Gum PROXABRUSH CLASSIC Interdental Brush 1.9mm (614)"},"content":{"rendered":"<div class=\"product detail parbase\" data-mce-fragment=\"1\">\n<div class=\"gum-Product cq-dd-product-data-reference grid-container\" data-mce-fragment=\"1\">\n<div data-v-317ff41e=\"\" class=\"custom-grid grid-x grid-margin-x small-mt-60 small-mb-60 medium-mb-120\" data-mce-fragment=\"1\">\n<div data-v-317ff41e=\"\" class=\"cell medium-7 float-right text-center medium-text-left medium-pr-60 large-pr-120\" data-mce-fragment=\"1\">\n<div data-v-317ff41e=\"\" class=\"h3-title small-mb-30 medium-mb-60 medium-mt-0 c-txt-grey-dark\" data-mce-fragment=\"1\">\n<h2 data-mce-fragment=\"1\">Gum PROXABRUSH CLASSIC Interdental Brush very easy to refill\u00a0<\/h2>\n<p data-v-317ff41e=\"\" data-mce-fragment=\"1\">The PROXABRUSH range of brushes is a unique range specially designed to simplify interdental cleaning. This is very important because plaque and food debris can easily build up between teeth, sometimes leading to gum disease.<\/p>\n<p data-v-317ff41e=\"\" data-mce-fragment=\"1\">GUM PROXABRUSH CLASSIC cleans areas of the mouth that a toothbrush can&#039;t reach. Several brush head sizes are available, so you can choose the right one for your interdental spaces, from narrow to wide.<\/p>\n<p data-v-317ff41e=\"\" data-mce-fragment=\"1\">Refills can be changed easily; we recommend changing them once a week<\/p>\n<\/div>\n<\/div>\n<\/div>\n<\/div>\n<\/div>\n<div class=\"product-detail-parsys\" data-mce-fragment=\"1\">\n<div class=\"container-narrow\" data-mce-fragment=\"1\">\n<div data-mce-fragment=\"1\">\n<div class=\"experiencefragment\" data-mce-fragment=\"1\">\n<div class=\"xf-content-height\" data-mce-fragment=\"1\">\n<div class=\"producthighlights parbase\" data-mce-fragment=\"1\">\n<div class=\"grid-container small-mt-45 medium-mt-90 small-mb-45 medium-mb-90\" data-mce-fragment=\"1\">\n<div class=\"grid-x align-center\" data-mce-fragment=\"1\">\n<div class=\"small-12 medium-10 cell producthighlights__inner c-bg-gradient-default c-txt-white small-p-30 medium-p-60 small-pl-45 small-pr-45 medium-pl-90 medium-pr-90 large-pl-120 large-pr-120\" data-mce-fragment=\"1\">\n<div class=\"grid-container full\" data-mce-fragment=\"1\">\n<div class=\"grid-x align-justify grid-x--single-col\" data-mce-fragment=\"1\">\n<div class=\"cell small-12\" data-mce-fragment=\"1\">\n<div class=\"aem-fix\" data-mce-fragment=\"1\">\n<div class=\"aem-fix\" data-mce-fragment=\"1\">\n<h3 class=\"small-mb-15 small-mt-0 medium-mb-30 medium-mt-0 c-txt-white text-center\" data-mce-fragment=\"1\">Points<span data-mce-fragment=\"1\">\u00a0<\/span><b data-mce-fragment=\"1\">STRONG<\/b><br \/>\n<\/h3>\n<\/div>\n<div class=\"aem-fix\" data-mce-fragment=\"1\">\n<ul data-mce-fragment=\"1\">\n<li data-mce-fragment=\"1\">Very easy to recharge\u00a0<\/li>\n<li data-mce-fragment=\"1\">Bristles coated with chlorhexidine, an antibacterial agent, to keep the brush clean between uses<\/li>\n<li data-mce-fragment=\"1\">Refills available in 6 sizes, to adapt to different interdental spaces<\/li>\n<\/ul>\n<\/div>\n<\/div>\n<\/div>\n<\/div>\n<\/div>\n<\/div>\n<\/div>\n<\/div>\n<\/div>\n<\/div>\n<\/div>\n<\/div>\n<\/div>\n<\/div>","protected":false},"excerpt":{"rendered":"<p>Gum PROXABRUSH CLASSIC Brossette Interdentaire tr\u00e8s facile \u00e0 recharger\u00a0 La gamme de brossettes PROXABRUSH est une gamme unique sp\u00e9cialement con\u00e7ue pour simplifier le nettoyage interdentaire.\u00a0Ce dernier est tr\u00e8s important, car la plaque dentaire et les r\u00e9sidus alimentaires peuvent facilement s&rsquo;accumuler entre les dents, pouvant parfois conduire \u00e0 des maladies des gencives. GUM PROXABRUSH CLASSIC\u00a0permet de [&hellip;]<\/p>\n","protected":false},"featured_media":19781,"template":"","meta":{"om_disable_all_campaigns":false},"product_brand":[],"product_cat":[15],"product_tag":[],"class_list":{"0":"post-19984","1":"product","2":"type-product","3":"status-publish","4":"has-post-thumbnail","6":"product_cat-beaute-sante-complements-alimentaires-soins-et-bien-etre-au-meilleur-prix","8":"first","9":"instock","10":"sale","11":"taxable","12":"shipping-taxable","13":"purchasable","14":"product-type-simple"},"yoast_head":"<!-- This site is optimized with the Yoast SEO plugin v27.4 - https:\/\/yoast.com\/product\/yoast-seo-wordpress\/ -->\n<title>Gum PROXABRUSH CLASSIC Brossette Interdentaire 1,9mm (614) - Maroc Prix<\/title>\n<meta name=\"description\" content=\"Gum PROXABRUSH CLASSIC Brossette Interdentaire 1,9mm (614)\" \/>\n<meta name=\"robots\" content=\"index, follow, max-snippet:-1, max-image-preview:large, max-video-preview:-1\" \/>\n<link rel=\"canonical\" href=\"https:\/\/vitablanca.ma\/en\/product\/gum-proxabrush-classic-brossette-interdentaire-19mm-614-2\/\" \/>\n<meta property=\"og:locale\" content=\"en_US\" \/>\n<meta property=\"og:type\" content=\"article\" \/>\n<meta property=\"og:title\" content=\"Gum PROXABRUSH CLASSIC Brossette Interdentaire 1,9mm (614) - Maroc Prix\" \/>\n<meta property=\"og:description\" content=\"Gum PROXABRUSH CLASSIC Brossette Interdentaire 1,9mm (614)\" \/>\n<meta property=\"og:url\" content=\"https:\/\/vitablanca.ma\/en\/product\/gum-proxabrush-classic-brossette-interdentaire-19mm-614-2\/\" \/>\n<meta property=\"og:site_name\" content=\"Vitablanca.ma &ndash; Sant&eacute;, vitalit&eacute; et bien-&ecirc;tre pour tous les Marocains\" \/>\n<meta property=\"article:publisher\" content=\"https:\/\/www.facebook.com\/profile.php?id=61576678196717\" \/>\n<meta property=\"og:image\" content=\"https:\/\/vitablanca.ma\/wp-content\/uploads\/2025\/06\/Gum-PROXABRUSH-CLASSIC-Brossette-Interdentaire-1_9mm-_614_-nova-parapharmacie-maroc-1.png\" \/>\n\t<meta property=\"og:image:width\" content=\"1000\" \/>\n\t<meta property=\"og:image:height\" content=\"1000\" \/>\n\t<meta property=\"og:image:type\" content=\"image\/png\" \/>\n<meta name=\"twitter:card\" content=\"summary_large_image\" \/>\n<meta name=\"twitter:label1\" content=\"Est. reading time\" \/>\n\t<meta name=\"twitter:data1\" content=\"1 minute\" \/>\n<script type=\"application\/ld+json\" class=\"yoast-schema-graph\">{\"@context\":\"https:\\\/\\\/schema.org\",\"@graph\":[{\"@type\":[\"WebPage\",\"ItemPage\"],\"@id\":\"https:\\\/\\\/vitablanca.ma\\\/produit\\\/gum-proxabrush-classic-brossette-interdentaire-19mm-614-2\\\/\",\"url\":\"https:\\\/\\\/vitablanca.ma\\\/produit\\\/gum-proxabrush-classic-brossette-interdentaire-19mm-614-2\\\/\",\"name\":\"Gum PROXABRUSH CLASSIC Brossette Interdentaire 1,9mm (614) - Maroc Prix\",\"isPartOf\":{\"@id\":\"https:\\\/\\\/vitablanca.ma\\\/#website\"},\"primaryImageOfPage\":{\"@id\":\"https:\\\/\\\/vitablanca.ma\\\/produit\\\/gum-proxabrush-classic-brossette-interdentaire-19mm-614-2\\\/#primaryimage\"},\"image\":{\"@id\":\"https:\\\/\\\/vitablanca.ma\\\/produit\\\/gum-proxabrush-classic-brossette-interdentaire-19mm-614-2\\\/#primaryimage\"},\"thumbnailUrl\":\"https:\\\/\\\/vitablanca.ma\\\/wp-content\\\/uploads\\\/2025\\\/06\\\/Gum-PROXABRUSH-CLASSIC-Brossette-Interdentaire-1_9mm-_614_-nova-parapharmacie-maroc-1.png\",\"datePublished\":\"2025-06-10T18:21:32+00:00\",\"description\":\"Gum PROXABRUSH CLASSIC Brossette Interdentaire 1,9mm (614)\",\"breadcrumb\":{\"@id\":\"https:\\\/\\\/vitablanca.ma\\\/produit\\\/gum-proxabrush-classic-brossette-interdentaire-19mm-614-2\\\/#breadcrumb\"},\"inLanguage\":\"en-US\",\"potentialAction\":[{\"@type\":\"ReadAction\",\"target\":[\"https:\\\/\\\/vitablanca.ma\\\/produit\\\/gum-proxabrush-classic-brossette-interdentaire-19mm-614-2\\\/\"]}]},{\"@type\":\"ImageObject\",\"inLanguage\":\"en-US\",\"@id\":\"https:\\\/\\\/vitablanca.ma\\\/produit\\\/gum-proxabrush-classic-brossette-interdentaire-19mm-614-2\\\/#primaryimage\",\"url\":\"https:\\\/\\\/vitablanca.ma\\\/wp-content\\\/uploads\\\/2025\\\/06\\\/Gum-PROXABRUSH-CLASSIC-Brossette-Interdentaire-1_9mm-_614_-nova-parapharmacie-maroc-1.png\",\"contentUrl\":\"https:\\\/\\\/vitablanca.ma\\\/wp-content\\\/uploads\\\/2025\\\/06\\\/Gum-PROXABRUSH-CLASSIC-Brossette-Interdentaire-1_9mm-_614_-nova-parapharmacie-maroc-1.png\",\"width\":1000,\"height\":1000},{\"@type\":\"BreadcrumbList\",\"@id\":\"https:\\\/\\\/vitablanca.ma\\\/produit\\\/gum-proxabrush-classic-brossette-interdentaire-19mm-614-2\\\/#breadcrumb\",\"itemListElement\":[{\"@type\":\"ListItem\",\"position\":1,\"name\":\"Home\",\"item\":\"https:\\\/\\\/vitablanca.ma\\\/\"},{\"@type\":\"ListItem\",\"position\":2,\"name\":\"Tous Les Produits\",\"item\":\"https:\\\/\\\/vitablanca.ma\\\/tous-les-produits\\\/\"},{\"@type\":\"ListItem\",\"position\":3,\"name\":\"Gum PROXABRUSH CLASSIC Brossette Interdentaire 1,9mm (614)\"}]},{\"@type\":\"WebSite\",\"@id\":\"https:\\\/\\\/vitablanca.ma\\\/#website\",\"url\":\"https:\\\/\\\/vitablanca.ma\\\/\",\"name\":\"VitaBlanca.ma | Compl\u00e9ments alimentaires, sant\u00e9 & beaut\u00e9 au Maroc\",\"description\":\"vendre vitamines et compl\u00e9ments premium des USA &amp; Canada, Nouvelle Z\u00e9lande,Maroc (NOW Foods, Solgar, Manuka). Livraison rapide partout au Maroc.\",\"publisher\":{\"@id\":\"https:\\\/\\\/vitablanca.ma\\\/#organization\"},\"alternateName\":\"VitaBlanca.ma\",\"potentialAction\":[{\"@type\":\"SearchAction\",\"target\":{\"@type\":\"EntryPoint\",\"urlTemplate\":\"https:\\\/\\\/vitablanca.ma\\\/?s={search_term_string}\"},\"query-input\":{\"@type\":\"PropertyValueSpecification\",\"valueRequired\":true,\"valueName\":\"search_term_string\"}}],\"inLanguage\":\"en-US\"},{\"@type\":\"Organization\",\"@id\":\"https:\\\/\\\/vitablanca.ma\\\/#organization\",\"name\":\"VitaBlanca\",\"url\":\"https:\\\/\\\/vitablanca.ma\\\/\",\"logo\":{\"@type\":\"ImageObject\",\"inLanguage\":\"en-US\",\"@id\":\"https:\\\/\\\/vitablanca.ma\\\/#\\\/schema\\\/logo\\\/image\\\/\",\"url\":\"https:\\\/\\\/vitablanca.ma\\\/wp-content\\\/uploads\\\/2025\\\/05\\\/cropped-vitablanca.png\",\"contentUrl\":\"https:\\\/\\\/vitablanca.ma\\\/wp-content\\\/uploads\\\/2025\\\/05\\\/cropped-vitablanca.png\",\"width\":360,\"height\":67,\"caption\":\"VitaBlanca\"},\"image\":{\"@id\":\"https:\\\/\\\/vitablanca.ma\\\/#\\\/schema\\\/logo\\\/image\\\/\"},\"sameAs\":[\"https:\\\/\\\/www.facebook.com\\\/profile.php?id=61576678196717\",\"https:\\\/\\\/www.tiktok.com\\\/@vitablanca.ma\",\"https:\\\/\\\/www.instagram.com\\\/vitablanca.ma\\\/\"]}]}<\/script>\n<!-- \/ Yoast SEO plugin. -->","yoast_head_json":{"title":"Gum PROXABRUSH CLASSIC Interdental Brush 1.9mm (614) - Morocco Price","description":"Gum PROXABRUSH CLASSIC Interdental Brush 1.9mm (614)","robots":{"index":"index","follow":"follow","max-snippet":"max-snippet:-1","max-image-preview":"max-image-preview:large","max-video-preview":"max-video-preview:-1"},"canonical":"https:\/\/vitablanca.ma\/en\/product\/gum-proxabrush-classic-brossette-interdentaire-19mm-614-2\/","og_locale":"en_US","og_type":"article","og_title":"Gum PROXABRUSH CLASSIC Brossette Interdentaire 1,9mm (614) - Maroc Prix","og_description":"Gum PROXABRUSH CLASSIC Brossette Interdentaire 1,9mm (614)","og_url":"https:\/\/vitablanca.ma\/en\/product\/gum-proxabrush-classic-brossette-interdentaire-19mm-614-2\/","og_site_name":"Vitablanca.ma &ndash; Sant&eacute;, vitalit&eacute; et bien-&ecirc;tre pour tous les Marocains","article_publisher":"https:\/\/www.facebook.com\/profile.php?id=61576678196717","og_image":[{"width":1000,"height":1000,"url":"https:\/\/vitablanca.ma\/wp-content\/uploads\/2025\/06\/Gum-PROXABRUSH-CLASSIC-Brossette-Interdentaire-1_9mm-_614_-nova-parapharmacie-maroc-1.png","type":"image\/png"}],"twitter_card":"summary_large_image","twitter_misc":{"Est. reading time":"1 minute"},"schema":{"@context":"https:\/\/schema.org","@graph":[{"@type":["WebPage","ItemPage"],"@id":"https:\/\/vitablanca.ma\/produit\/gum-proxabrush-classic-brossette-interdentaire-19mm-614-2\/","url":"https:\/\/vitablanca.ma\/produit\/gum-proxabrush-classic-brossette-interdentaire-19mm-614-2\/","name":"Gum PROXABRUSH CLASSIC Interdental Brush 1.9mm (614) - Morocco Price","isPartOf":{"@id":"https:\/\/vitablanca.ma\/#website"},"primaryImageOfPage":{"@id":"https:\/\/vitablanca.ma\/produit\/gum-proxabrush-classic-brossette-interdentaire-19mm-614-2\/#primaryimage"},"image":{"@id":"https:\/\/vitablanca.ma\/produit\/gum-proxabrush-classic-brossette-interdentaire-19mm-614-2\/#primaryimage"},"thumbnailUrl":"https:\/\/vitablanca.ma\/wp-content\/uploads\/2025\/06\/Gum-PROXABRUSH-CLASSIC-Brossette-Interdentaire-1_9mm-_614_-nova-parapharmacie-maroc-1.png","datePublished":"2025-06-10T18:21:32+00:00","description":"Gum PROXABRUSH CLASSIC Interdental Brush 1.9mm (614)","breadcrumb":{"@id":"https:\/\/vitablanca.ma\/produit\/gum-proxabrush-classic-brossette-interdentaire-19mm-614-2\/#breadcrumb"},"inLanguage":"en-US","potentialAction":[{"@type":"ReadAction","target":["https:\/\/vitablanca.ma\/produit\/gum-proxabrush-classic-brossette-interdentaire-19mm-614-2\/"]}]},{"@type":"ImageObject","inLanguage":"en-US","@id":"https:\/\/vitablanca.ma\/produit\/gum-proxabrush-classic-brossette-interdentaire-19mm-614-2\/#primaryimage","url":"https:\/\/vitablanca.ma\/wp-content\/uploads\/2025\/06\/Gum-PROXABRUSH-CLASSIC-Brossette-Interdentaire-1_9mm-_614_-nova-parapharmacie-maroc-1.png","contentUrl":"https:\/\/vitablanca.ma\/wp-content\/uploads\/2025\/06\/Gum-PROXABRUSH-CLASSIC-Brossette-Interdentaire-1_9mm-_614_-nova-parapharmacie-maroc-1.png","width":1000,"height":1000},{"@type":"BreadcrumbList","@id":"https:\/\/vitablanca.ma\/produit\/gum-proxabrush-classic-brossette-interdentaire-19mm-614-2\/#breadcrumb","itemListElement":[{"@type":"ListItem","position":1,"name":"Home","item":"https:\/\/vitablanca.ma\/"},{"@type":"ListItem","position":2,"name":"Tous Les Produits","item":"https:\/\/vitablanca.ma\/tous-les-produits\/"},{"@type":"ListItem","position":3,"name":"Gum PROXABRUSH CLASSIC Brossette Interdentaire 1,9mm (614)"}]},{"@type":"WebSite","@id":"https:\/\/vitablanca.ma\/#website","url":"https:\/\/vitablanca.ma\/","name":"VitaBlanca.ma | Food supplements, health &amp; beauty in Morocco","description":"sell premium vitamins and supplements from USA &amp; Canada, New Zealand, Morocco (NOW Foods, Solgar, Manuka). Fast delivery anywhere in Morocco.","publisher":{"@id":"https:\/\/vitablanca.ma\/#organization"},"alternateName":"VitaBlanca.ma","potentialAction":[{"@type":"SearchAction","target":{"@type":"EntryPoint","urlTemplate":"https:\/\/vitablanca.ma\/?s={search_term_string}"},"query-input":{"@type":"PropertyValueSpecification","valueRequired":true,"valueName":"search_term_string"}}],"inLanguage":"en-US"},{"@type":"Organization","@id":"https:\/\/vitablanca.ma\/#organization","name":"VitaBlanca","url":"https:\/\/vitablanca.ma\/","logo":{"@type":"ImageObject","inLanguage":"en-US","@id":"https:\/\/vitablanca.ma\/#\/schema\/logo\/image\/","url":"https:\/\/vitablanca.ma\/wp-content\/uploads\/2025\/05\/cropped-vitablanca.png","contentUrl":"https:\/\/vitablanca.ma\/wp-content\/uploads\/2025\/05\/cropped-vitablanca.png","width":360,"height":67,"caption":"VitaBlanca"},"image":{"@id":"https:\/\/vitablanca.ma\/#\/schema\/logo\/image\/"},"sameAs":["https:\/\/www.facebook.com\/profile.php?id=61576678196717","https:\/\/www.tiktok.com\/@vitablanca.ma","https:\/\/www.instagram.com\/vitablanca.ma\/"]}]}},"jetpack_sharing_enabled":true,"_links":{"self":[{"href":"https:\/\/vitablanca.ma\/en\/wp-json\/wp\/v2\/product\/19984","targetHints":{"allow":["GET"]}}],"collection":[{"href":"https:\/\/vitablanca.ma\/en\/wp-json\/wp\/v2\/product"}],"about":[{"href":"https:\/\/vitablanca.ma\/en\/wp-json\/wp\/v2\/types\/product"}],"wp:featuredmedia":[{"embeddable":true,"href":"https:\/\/vitablanca.ma\/en\/wp-json\/wp\/v2\/media\/19781"}],"wp:attachment":[{"href":"https:\/\/vitablanca.ma\/en\/wp-json\/wp\/v2\/media?parent=19984"}],"wp:term":[{"taxonomy":"product_brand","embeddable":true,"href":"https:\/\/vitablanca.ma\/en\/wp-json\/wp\/v2\/product_brand?post=19984"},{"taxonomy":"product_cat","embeddable":true,"href":"https:\/\/vitablanca.ma\/en\/wp-json\/wp\/v2\/product_cat?post=19984"},{"taxonomy":"product_tag","embeddable":true,"href":"https:\/\/vitablanca.ma\/en\/wp-json\/wp\/v2\/product_tag?post=19984"}],"curies":[{"name":"wp","href":"https:\/\/api.w.org\/{rel}","templated":true}]}}