{"id":19979,"date":"2025-06-10T18:21:22","date_gmt":"2025-06-10T18:21:22","guid":{"rendered":"https:\/\/vitablanca.ma\/product\/photowhite-lait-corps-eclaircissant-acide-glycolique-200ml\/"},"modified":"2025-06-10T18:21:22","modified_gmt":"2025-06-10T18:21:22","slug":"photowhite-lait-corps-eclaircissant-acide-glycolique-200ml","status":"publish","type":"product","link":"https:\/\/vitablanca.ma\/en\/product\/photowhite-lait-corps-eclaircissant-acide-glycolique-200ml\/","title":{"rendered":"Photowhite Lightening Body Lotion Glycolic Acid 200ml"},"content":{"rendered":"<h2>Photowhite Lightening Body Lotion Glycolic Acid\u00a0<span data-mce-fragment=\"1\">deeply hydrates and nourishes the skin of the body.<\/span><br \/>\n<\/h2>\n<p><span>Body milk with a silky texture, which deeply hydrates and nourishes the skin of the body.<\/span><\/p>\n<p><span>Contains an inhibitor of the melanogenesis process and glycolic acid which act synergistically to renew the superficial layers of the epidermis and counteract skin pigmentation.<\/span><\/p>\n<ul>\n<li><span>Exfoliating action<\/span><\/li>\n<li><span>Depigmenting action<\/span><\/li>\n<li><span>Moisturizing-nourishing action<\/span><\/li>\n<\/ul>","protected":false},"excerpt":{"rendered":"<p>Photowhite Lait Corps Eclaircissant Acide Glycolique\u00a0hydrate et nourrit en profondeur la peau du corps. Lait corporel \u00e0 la texture soyeuse, qui hydrate et nourrit en profondeur la peau du corps. Contient un inhibiteur du processus de m\u00e9lanogen\u00e8se et de l\u2019acide glycolique qui agissent en synergie pour renouveler les couches superficielles de l\u2019\u00e9piderme et contrer la [&hellip;]<\/p>\n","protected":false},"featured_media":19975,"template":"","meta":{"om_disable_all_campaigns":false},"product_brand":[],"product_cat":[15],"product_tag":[],"class_list":{"0":"post-19979","1":"product","2":"type-product","3":"status-publish","4":"has-post-thumbnail","6":"product_cat-beaute-sante-complements-alimentaires-soins-et-bien-etre-au-meilleur-prix","8":"first","9":"instock","10":"sale","11":"taxable","12":"shipping-taxable","13":"purchasable","14":"product-type-simple"},"yoast_head":"<!-- This site is optimized with the Yoast SEO plugin v27.4 - https:\/\/yoast.com\/product\/yoast-seo-wordpress\/ -->\n<title>Photowhite Lait Corps Eclaircissant Acide Glycolique 200ml - Maroc Prix<\/title>\n<meta name=\"description\" content=\"Photowhite Lait Corps Eclaircissant Acide Glycolique 200ml\" \/>\n<meta name=\"robots\" content=\"index, follow, max-snippet:-1, max-image-preview:large, max-video-preview:-1\" \/>\n<link rel=\"canonical\" href=\"https:\/\/vitablanca.ma\/en\/product\/photowhite-lait-corps-eclaircissant-acide-glycolique-200ml\/\" \/>\n<meta property=\"og:locale\" content=\"en_US\" \/>\n<meta property=\"og:type\" content=\"article\" \/>\n<meta property=\"og:title\" content=\"Photowhite Lait Corps Eclaircissant Acide Glycolique 200ml - Maroc Prix\" \/>\n<meta property=\"og:description\" content=\"Photowhite Lait Corps Eclaircissant Acide Glycolique 200ml\" \/>\n<meta property=\"og:url\" content=\"https:\/\/vitablanca.ma\/en\/product\/photowhite-lait-corps-eclaircissant-acide-glycolique-200ml\/\" \/>\n<meta property=\"og:site_name\" content=\"Vitablanca.ma &ndash; Sant&eacute;, vitalit&eacute; et bien-&ecirc;tre pour tous les Marocains\" \/>\n<meta property=\"article:publisher\" content=\"https:\/\/www.facebook.com\/profile.php?id=61576678196717\" \/>\n<meta property=\"og:image\" content=\"https:\/\/vitablanca.ma\/wp-content\/uploads\/2025\/06\/Photowhite-Lait-Corps-Eclaircissant-Acide-Glycolique-nova-parapharmacie-maroc.jpg\" \/>\n\t<meta property=\"og:image:width\" content=\"1000\" \/>\n\t<meta property=\"og:image:height\" content=\"1000\" \/>\n\t<meta property=\"og:image:type\" content=\"image\/jpeg\" \/>\n<meta name=\"twitter:card\" content=\"summary_large_image\" \/>\n<script type=\"application\/ld+json\" class=\"yoast-schema-graph\">{\"@context\":\"https:\\\/\\\/schema.org\",\"@graph\":[{\"@type\":[\"WebPage\",\"ItemPage\"],\"@id\":\"https:\\\/\\\/vitablanca.ma\\\/produit\\\/photowhite-lait-corps-eclaircissant-acide-glycolique-200ml\\\/\",\"url\":\"https:\\\/\\\/vitablanca.ma\\\/produit\\\/photowhite-lait-corps-eclaircissant-acide-glycolique-200ml\\\/\",\"name\":\"Photowhite Lait Corps Eclaircissant Acide Glycolique 200ml - Maroc Prix\",\"isPartOf\":{\"@id\":\"https:\\\/\\\/vitablanca.ma\\\/#website\"},\"primaryImageOfPage\":{\"@id\":\"https:\\\/\\\/vitablanca.ma\\\/produit\\\/photowhite-lait-corps-eclaircissant-acide-glycolique-200ml\\\/#primaryimage\"},\"image\":{\"@id\":\"https:\\\/\\\/vitablanca.ma\\\/produit\\\/photowhite-lait-corps-eclaircissant-acide-glycolique-200ml\\\/#primaryimage\"},\"thumbnailUrl\":\"https:\\\/\\\/vitablanca.ma\\\/wp-content\\\/uploads\\\/2025\\\/06\\\/Photowhite-Lait-Corps-Eclaircissant-Acide-Glycolique-nova-parapharmacie-maroc.jpg\",\"datePublished\":\"2025-06-10T18:21:22+00:00\",\"description\":\"Photowhite Lait Corps Eclaircissant Acide Glycolique 200ml\",\"breadcrumb\":{\"@id\":\"https:\\\/\\\/vitablanca.ma\\\/produit\\\/photowhite-lait-corps-eclaircissant-acide-glycolique-200ml\\\/#breadcrumb\"},\"inLanguage\":\"en-US\",\"potentialAction\":[{\"@type\":\"ReadAction\",\"target\":[\"https:\\\/\\\/vitablanca.ma\\\/produit\\\/photowhite-lait-corps-eclaircissant-acide-glycolique-200ml\\\/\"]}]},{\"@type\":\"ImageObject\",\"inLanguage\":\"en-US\",\"@id\":\"https:\\\/\\\/vitablanca.ma\\\/produit\\\/photowhite-lait-corps-eclaircissant-acide-glycolique-200ml\\\/#primaryimage\",\"url\":\"https:\\\/\\\/vitablanca.ma\\\/wp-content\\\/uploads\\\/2025\\\/06\\\/Photowhite-Lait-Corps-Eclaircissant-Acide-Glycolique-nova-parapharmacie-maroc.jpg\",\"contentUrl\":\"https:\\\/\\\/vitablanca.ma\\\/wp-content\\\/uploads\\\/2025\\\/06\\\/Photowhite-Lait-Corps-Eclaircissant-Acide-Glycolique-nova-parapharmacie-maroc.jpg\",\"width\":1000,\"height\":1000},{\"@type\":\"BreadcrumbList\",\"@id\":\"https:\\\/\\\/vitablanca.ma\\\/produit\\\/photowhite-lait-corps-eclaircissant-acide-glycolique-200ml\\\/#breadcrumb\",\"itemListElement\":[{\"@type\":\"ListItem\",\"position\":1,\"name\":\"Home\",\"item\":\"https:\\\/\\\/vitablanca.ma\\\/\"},{\"@type\":\"ListItem\",\"position\":2,\"name\":\"Tous Les Produits\",\"item\":\"https:\\\/\\\/vitablanca.ma\\\/tous-les-produits\\\/\"},{\"@type\":\"ListItem\",\"position\":3,\"name\":\"Photowhite Lait Corps Eclaircissant Acide Glycolique 200ml\"}]},{\"@type\":\"WebSite\",\"@id\":\"https:\\\/\\\/vitablanca.ma\\\/#website\",\"url\":\"https:\\\/\\\/vitablanca.ma\\\/\",\"name\":\"VitaBlanca.ma | Compl\u00e9ments alimentaires, sant\u00e9 & beaut\u00e9 au Maroc\",\"description\":\"vendre vitamines et compl\u00e9ments premium des USA &amp; Canada, Nouvelle Z\u00e9lande,Maroc (NOW Foods, Solgar, Manuka). Livraison rapide partout au Maroc.\",\"publisher\":{\"@id\":\"https:\\\/\\\/vitablanca.ma\\\/#organization\"},\"alternateName\":\"VitaBlanca.ma\",\"potentialAction\":[{\"@type\":\"SearchAction\",\"target\":{\"@type\":\"EntryPoint\",\"urlTemplate\":\"https:\\\/\\\/vitablanca.ma\\\/?s={search_term_string}\"},\"query-input\":{\"@type\":\"PropertyValueSpecification\",\"valueRequired\":true,\"valueName\":\"search_term_string\"}}],\"inLanguage\":\"en-US\"},{\"@type\":\"Organization\",\"@id\":\"https:\\\/\\\/vitablanca.ma\\\/#organization\",\"name\":\"VitaBlanca\",\"url\":\"https:\\\/\\\/vitablanca.ma\\\/\",\"logo\":{\"@type\":\"ImageObject\",\"inLanguage\":\"en-US\",\"@id\":\"https:\\\/\\\/vitablanca.ma\\\/#\\\/schema\\\/logo\\\/image\\\/\",\"url\":\"https:\\\/\\\/vitablanca.ma\\\/wp-content\\\/uploads\\\/2025\\\/05\\\/cropped-vitablanca.png\",\"contentUrl\":\"https:\\\/\\\/vitablanca.ma\\\/wp-content\\\/uploads\\\/2025\\\/05\\\/cropped-vitablanca.png\",\"width\":360,\"height\":67,\"caption\":\"VitaBlanca\"},\"image\":{\"@id\":\"https:\\\/\\\/vitablanca.ma\\\/#\\\/schema\\\/logo\\\/image\\\/\"},\"sameAs\":[\"https:\\\/\\\/www.facebook.com\\\/profile.php?id=61576678196717\",\"https:\\\/\\\/www.tiktok.com\\\/@vitablanca.ma\",\"https:\\\/\\\/www.instagram.com\\\/vitablanca.ma\\\/\"]}]}<\/script>\n<!-- \/ Yoast SEO plugin. -->","yoast_head_json":{"title":"Photowhite Lightening Body Lotion Glycolic Acid 200ml - Morocco Price","description":"Photowhite Lightening Body Lotion Glycolic Acid 200ml","robots":{"index":"index","follow":"follow","max-snippet":"max-snippet:-1","max-image-preview":"max-image-preview:large","max-video-preview":"max-video-preview:-1"},"canonical":"https:\/\/vitablanca.ma\/en\/product\/photowhite-lait-corps-eclaircissant-acide-glycolique-200ml\/","og_locale":"en_US","og_type":"article","og_title":"Photowhite Lait Corps Eclaircissant Acide Glycolique 200ml - Maroc Prix","og_description":"Photowhite Lait Corps Eclaircissant Acide Glycolique 200ml","og_url":"https:\/\/vitablanca.ma\/en\/product\/photowhite-lait-corps-eclaircissant-acide-glycolique-200ml\/","og_site_name":"Vitablanca.ma &ndash; Sant&eacute;, vitalit&eacute; et bien-&ecirc;tre pour tous les Marocains","article_publisher":"https:\/\/www.facebook.com\/profile.php?id=61576678196717","og_image":[{"width":1000,"height":1000,"url":"https:\/\/vitablanca.ma\/wp-content\/uploads\/2025\/06\/Photowhite-Lait-Corps-Eclaircissant-Acide-Glycolique-nova-parapharmacie-maroc.jpg","type":"image\/jpeg"}],"twitter_card":"summary_large_image","schema":{"@context":"https:\/\/schema.org","@graph":[{"@type":["WebPage","ItemPage"],"@id":"https:\/\/vitablanca.ma\/produit\/photowhite-lait-corps-eclaircissant-acide-glycolique-200ml\/","url":"https:\/\/vitablanca.ma\/produit\/photowhite-lait-corps-eclaircissant-acide-glycolique-200ml\/","name":"Photowhite Lightening Body Lotion Glycolic Acid 200ml - Morocco Price","isPartOf":{"@id":"https:\/\/vitablanca.ma\/#website"},"primaryImageOfPage":{"@id":"https:\/\/vitablanca.ma\/produit\/photowhite-lait-corps-eclaircissant-acide-glycolique-200ml\/#primaryimage"},"image":{"@id":"https:\/\/vitablanca.ma\/produit\/photowhite-lait-corps-eclaircissant-acide-glycolique-200ml\/#primaryimage"},"thumbnailUrl":"https:\/\/vitablanca.ma\/wp-content\/uploads\/2025\/06\/Photowhite-Lait-Corps-Eclaircissant-Acide-Glycolique-nova-parapharmacie-maroc.jpg","datePublished":"2025-06-10T18:21:22+00:00","description":"Photowhite Lightening Body Lotion Glycolic Acid 200ml","breadcrumb":{"@id":"https:\/\/vitablanca.ma\/produit\/photowhite-lait-corps-eclaircissant-acide-glycolique-200ml\/#breadcrumb"},"inLanguage":"en-US","potentialAction":[{"@type":"ReadAction","target":["https:\/\/vitablanca.ma\/produit\/photowhite-lait-corps-eclaircissant-acide-glycolique-200ml\/"]}]},{"@type":"ImageObject","inLanguage":"en-US","@id":"https:\/\/vitablanca.ma\/produit\/photowhite-lait-corps-eclaircissant-acide-glycolique-200ml\/#primaryimage","url":"https:\/\/vitablanca.ma\/wp-content\/uploads\/2025\/06\/Photowhite-Lait-Corps-Eclaircissant-Acide-Glycolique-nova-parapharmacie-maroc.jpg","contentUrl":"https:\/\/vitablanca.ma\/wp-content\/uploads\/2025\/06\/Photowhite-Lait-Corps-Eclaircissant-Acide-Glycolique-nova-parapharmacie-maroc.jpg","width":1000,"height":1000},{"@type":"BreadcrumbList","@id":"https:\/\/vitablanca.ma\/produit\/photowhite-lait-corps-eclaircissant-acide-glycolique-200ml\/#breadcrumb","itemListElement":[{"@type":"ListItem","position":1,"name":"Home","item":"https:\/\/vitablanca.ma\/"},{"@type":"ListItem","position":2,"name":"Tous Les Produits","item":"https:\/\/vitablanca.ma\/tous-les-produits\/"},{"@type":"ListItem","position":3,"name":"Photowhite Lait Corps Eclaircissant Acide Glycolique 200ml"}]},{"@type":"WebSite","@id":"https:\/\/vitablanca.ma\/#website","url":"https:\/\/vitablanca.ma\/","name":"VitaBlanca.ma | Food supplements, health &amp; beauty in Morocco","description":"sell premium vitamins and supplements from USA &amp; Canada, New Zealand, Morocco (NOW Foods, Solgar, Manuka). Fast delivery anywhere in Morocco.","publisher":{"@id":"https:\/\/vitablanca.ma\/#organization"},"alternateName":"VitaBlanca.ma","potentialAction":[{"@type":"SearchAction","target":{"@type":"EntryPoint","urlTemplate":"https:\/\/vitablanca.ma\/?s={search_term_string}"},"query-input":{"@type":"PropertyValueSpecification","valueRequired":true,"valueName":"search_term_string"}}],"inLanguage":"en-US"},{"@type":"Organization","@id":"https:\/\/vitablanca.ma\/#organization","name":"VitaBlanca","url":"https:\/\/vitablanca.ma\/","logo":{"@type":"ImageObject","inLanguage":"en-US","@id":"https:\/\/vitablanca.ma\/#\/schema\/logo\/image\/","url":"https:\/\/vitablanca.ma\/wp-content\/uploads\/2025\/05\/cropped-vitablanca.png","contentUrl":"https:\/\/vitablanca.ma\/wp-content\/uploads\/2025\/05\/cropped-vitablanca.png","width":360,"height":67,"caption":"VitaBlanca"},"image":{"@id":"https:\/\/vitablanca.ma\/#\/schema\/logo\/image\/"},"sameAs":["https:\/\/www.facebook.com\/profile.php?id=61576678196717","https:\/\/www.tiktok.com\/@vitablanca.ma","https:\/\/www.instagram.com\/vitablanca.ma\/"]}]}},"jetpack_sharing_enabled":true,"_links":{"self":[{"href":"https:\/\/vitablanca.ma\/en\/wp-json\/wp\/v2\/product\/19979","targetHints":{"allow":["GET"]}}],"collection":[{"href":"https:\/\/vitablanca.ma\/en\/wp-json\/wp\/v2\/product"}],"about":[{"href":"https:\/\/vitablanca.ma\/en\/wp-json\/wp\/v2\/types\/product"}],"wp:featuredmedia":[{"embeddable":true,"href":"https:\/\/vitablanca.ma\/en\/wp-json\/wp\/v2\/media\/19975"}],"wp:attachment":[{"href":"https:\/\/vitablanca.ma\/en\/wp-json\/wp\/v2\/media?parent=19979"}],"wp:term":[{"taxonomy":"product_brand","embeddable":true,"href":"https:\/\/vitablanca.ma\/en\/wp-json\/wp\/v2\/product_brand?post=19979"},{"taxonomy":"product_cat","embeddable":true,"href":"https:\/\/vitablanca.ma\/en\/wp-json\/wp\/v2\/product_cat?post=19979"},{"taxonomy":"product_tag","embeddable":true,"href":"https:\/\/vitablanca.ma\/en\/wp-json\/wp\/v2\/product_tag?post=19979"}],"curies":[{"name":"wp","href":"https:\/\/api.w.org\/{rel}","templated":true}]}}