{"id":19831,"date":"2025-06-10T18:11:51","date_gmt":"2025-06-10T18:11:51","guid":{"rendered":"https:\/\/vitablanca.ma\/product\/lierac-hydragenist-la-creme-rehydratante-eclat-50ml\/"},"modified":"2025-06-10T18:11:51","modified_gmt":"2025-06-10T18:11:51","slug":"lierac-hydragenist-la-creme-rehydratante-eclat-50ml","status":"publish","type":"product","link":"https:\/\/vitablanca.ma\/en\/product\/lierac-hydragenist-la-creme-rehydratante-eclat-50ml\/","title":{"rendered":"Lierac Hydragenist Radiance Rehydrating Cream 50ml"},"content":{"rendered":"<h2><span>Lierac Hydragenist La Cr\u00e8me R\u00e9hydratante \u00c9clat offrir hydratation intense et sensation de confort imm\u00e9diat.<\/span><\/h2>\n<p class=\"p\"><span>Formul\u00e9e \u00e0 98% d\u2019ingr\u00e9dients d\u2019origine naturelle, la Cr\u00e8me R\u00e9hydratante \u00c9clat fond d\u00e9licatement sur la peau pour lui offrir hydratation intense et sensation de confort imm\u00e9diat. Sa texture fine, onctueuse et r\u00e9confortante enveloppe la peau d\u2019un voile de douceur.<\/span><span><br \/><\/span><span>Les peaux normales \u00e0 s\u00e8ches peuvent enfin concilier confort et l\u00e9g\u00e8ret\u00e9.<\/span><span><br \/><\/span><span><br \/><\/span><span>Imm\u00e9diatement apr\u00e8s application, la peau est belle et souple. Elle est durablement hydrat\u00e9e. Les sensations d\u2019inconfort et de tiraillement disparaissent.<\/span><span><br \/><\/span><span>Formul\u00e9e pour convenir aux peaux normales \u00e0 s\u00e8ches, m\u00eame sensibles*.<\/span><span><\/span><\/p>\n<h3 class=\"p\"><span><strong data-mce-fragment=\"1\">B\u00e9n\u00e9fices<\/strong><\/span><\/h3>\n<p><span>Issue de la Recherche LIERAC sur les m\u00e9canismes d\u2019hydratation de la peau, la nouvelle gamme Hydragenist est enrichie d\u2019une technologie double action :<\/span><br \/><span>&#8211; une action hydratante sur le long terme, gr\u00e2ce \u00e0 un ferment r\u00e9hydratant unique qui booste durablement les m\u00e9canismes naturels d\u2019hydratation de la peau<\/span><br \/><span>&#8211; une action hydratante imm\u00e9diate, gr\u00e2ce \u00e0 de l\u2019acide hyaluronique de haut poids mol\u00e9culaire qui apporte du confort et de l\u2019\u00e9clat \u00e0 toutes les peaux, m\u00eames les plus assoiff\u00e9es.<\/span><b><span><\/span><\/b><\/p>\n<h3>Conseils d&rsquo;application<\/h3>\n<div data-v-c7b8b77c=\"\" class=\"mt-4 mb-2 lg:mb-8 max-w-[1270px] mx-auto px-4\">\n<div data-v-c7b8b77c=\"\" class=\"productTwoBlocks blocksReversed grid grid-cols-1 gap-8 lg:grid-cols-2 items-center text-sm\">\n<div>\n<p>Appliquer le matin et le soir sur le visage et le cou.<\/p>\n<h3>Ingredients<\/h3>\n<p><span>AQUA \/ WATER \/ EAU. GLYCERIN. C15-19 ALKANE. ISOSTEARYL ISOSTEARATE. SQUALANE. PROPANEDIOL. BUTYROSPERMUM PARKII (SHEA) BUTTER. CETYL STEARATE. C10-18 TRIGLYCERIDES. CETYL PALMITATE. CETYL ALCOHOL. POTASSIUM CETYL PHOSPHATE. CARBOMER. PARFUM \/ FRAGRANCE. CAESALPINIA SPINOSA GUM. ETHYLHEXYLGLYCERIN. SODIUM BENZOATE. SODIUM HYALURONATE. TOCOPHEROL. SODIUM HYDROXIDE. STEARIC ACID. HELIANTHUS ANNUUS (SUNFLOWER) SEED OIL. BACILLUS FERMENT. 4101A<\/span><\/p>\n<\/div>\n<\/div>\n<\/div>\n<div data-v-c7b8b77c=\"\" class=\"mt-4 mb-2 lg:mb-8 max-w-[1270px] mx-auto px-4\">\n<div data-v-c7b8b77c=\"\" class=\"productTwoBlocks blocksReversed grid grid-cols-1 gap-8 lg:grid-cols-2 items-center text-sm\"><\/div>\n<\/div>\n","protected":false},"excerpt":{"rendered":"<p>Lierac Hydragenist La Cr\u00e8me R\u00e9hydratante \u00c9clat offrir hydratation intense et sensation de confort imm\u00e9diat. Formul\u00e9e \u00e0 98% d\u2019ingr\u00e9dients d\u2019origine naturelle, la Cr\u00e8me R\u00e9hydratante \u00c9clat fond d\u00e9licatement sur la peau pour lui offrir hydratation intense et sensation de confort imm\u00e9diat. Sa texture fine, onctueuse et r\u00e9confortante enveloppe la peau d\u2019un voile de douceur.Les peaux normales \u00e0 [&hellip;]<\/p>\n","protected":false},"featured_media":19821,"template":"","meta":{"om_disable_all_campaigns":false},"product_brand":[],"product_cat":[15],"product_tag":[],"class_list":{"0":"post-19831","1":"product","2":"type-product","3":"status-publish","4":"has-post-thumbnail","6":"product_cat-beaute-sante-complements-alimentaires-soins-et-bien-etre-au-meilleur-prix","8":"first","9":"instock","10":"sale","11":"taxable","12":"shipping-taxable","13":"purchasable","14":"product-type-simple"},"yoast_head":"<!-- This site is optimized with the Yoast SEO plugin v27.4 - https:\/\/yoast.com\/product\/yoast-seo-wordpress\/ -->\n<title>Lierac Hydragenist La Cr\u00e8me R\u00e9hydratante \u00c9clat 50ml - Maroc Prix<\/title>\n<meta name=\"description\" content=\"Lierac Hydragenist La Cr\u00e8me R\u00e9hydratante \u00c9clat 50ml\" \/>\n<meta name=\"robots\" content=\"index, follow, max-snippet:-1, max-image-preview:large, max-video-preview:-1\" \/>\n<link rel=\"canonical\" href=\"https:\/\/vitablanca.ma\/en\/product\/lierac-hydragenist-la-creme-rehydratante-eclat-50ml\/\" \/>\n<meta property=\"og:locale\" content=\"en_US\" \/>\n<meta property=\"og:type\" content=\"article\" \/>\n<meta property=\"og:title\" content=\"Lierac Hydragenist La Cr\u00e8me R\u00e9hydratante \u00c9clat 50ml - Maroc Prix\" \/>\n<meta property=\"og:description\" content=\"Lierac Hydragenist La Cr\u00e8me R\u00e9hydratante \u00c9clat 50ml\" \/>\n<meta property=\"og:url\" content=\"https:\/\/vitablanca.ma\/en\/product\/lierac-hydragenist-la-creme-rehydratante-eclat-50ml\/\" \/>\n<meta property=\"og:site_name\" content=\"Vitablanca.ma &ndash; Sant&eacute;, vitalit&eacute; et bien-&ecirc;tre pour tous les Marocains\" \/>\n<meta property=\"article:publisher\" content=\"https:\/\/www.facebook.com\/profile.php?id=61576678196717\" \/>\n<meta property=\"og:image\" content=\"https:\/\/vitablanca.ma\/wp-content\/uploads\/2025\/06\/Lierac-Hydragenist-La-Creme-Rehydratante-Eclat-novapara-maroc.jpg\" \/>\n\t<meta property=\"og:image:width\" content=\"1000\" \/>\n\t<meta property=\"og:image:height\" content=\"1000\" \/>\n\t<meta property=\"og:image:type\" content=\"image\/jpeg\" \/>\n<meta name=\"twitter:card\" content=\"summary_large_image\" \/>\n<meta name=\"twitter:label1\" content=\"Est. reading time\" \/>\n\t<meta name=\"twitter:data1\" content=\"1 minute\" \/>\n<script type=\"application\/ld+json\" class=\"yoast-schema-graph\">{\"@context\":\"https:\\\/\\\/schema.org\",\"@graph\":[{\"@type\":[\"WebPage\",\"ItemPage\"],\"@id\":\"https:\\\/\\\/vitablanca.ma\\\/produit\\\/lierac-hydragenist-la-creme-rehydratante-eclat-50ml\\\/\",\"url\":\"https:\\\/\\\/vitablanca.ma\\\/produit\\\/lierac-hydragenist-la-creme-rehydratante-eclat-50ml\\\/\",\"name\":\"Lierac Hydragenist La Cr\u00e8me R\u00e9hydratante \u00c9clat 50ml - Maroc Prix\",\"isPartOf\":{\"@id\":\"https:\\\/\\\/vitablanca.ma\\\/#website\"},\"primaryImageOfPage\":{\"@id\":\"https:\\\/\\\/vitablanca.ma\\\/produit\\\/lierac-hydragenist-la-creme-rehydratante-eclat-50ml\\\/#primaryimage\"},\"image\":{\"@id\":\"https:\\\/\\\/vitablanca.ma\\\/produit\\\/lierac-hydragenist-la-creme-rehydratante-eclat-50ml\\\/#primaryimage\"},\"thumbnailUrl\":\"https:\\\/\\\/vitablanca.ma\\\/wp-content\\\/uploads\\\/2025\\\/06\\\/Lierac-Hydragenist-La-Creme-Rehydratante-Eclat-novapara-maroc.jpg\",\"datePublished\":\"2025-06-10T18:11:51+00:00\",\"description\":\"Lierac Hydragenist La Cr\u00e8me R\u00e9hydratante \u00c9clat 50ml\",\"breadcrumb\":{\"@id\":\"https:\\\/\\\/vitablanca.ma\\\/produit\\\/lierac-hydragenist-la-creme-rehydratante-eclat-50ml\\\/#breadcrumb\"},\"inLanguage\":\"en-US\",\"potentialAction\":[{\"@type\":\"ReadAction\",\"target\":[\"https:\\\/\\\/vitablanca.ma\\\/produit\\\/lierac-hydragenist-la-creme-rehydratante-eclat-50ml\\\/\"]}]},{\"@type\":\"ImageObject\",\"inLanguage\":\"en-US\",\"@id\":\"https:\\\/\\\/vitablanca.ma\\\/produit\\\/lierac-hydragenist-la-creme-rehydratante-eclat-50ml\\\/#primaryimage\",\"url\":\"https:\\\/\\\/vitablanca.ma\\\/wp-content\\\/uploads\\\/2025\\\/06\\\/Lierac-Hydragenist-La-Creme-Rehydratante-Eclat-novapara-maroc.jpg\",\"contentUrl\":\"https:\\\/\\\/vitablanca.ma\\\/wp-content\\\/uploads\\\/2025\\\/06\\\/Lierac-Hydragenist-La-Creme-Rehydratante-Eclat-novapara-maroc.jpg\",\"width\":1000,\"height\":1000},{\"@type\":\"BreadcrumbList\",\"@id\":\"https:\\\/\\\/vitablanca.ma\\\/produit\\\/lierac-hydragenist-la-creme-rehydratante-eclat-50ml\\\/#breadcrumb\",\"itemListElement\":[{\"@type\":\"ListItem\",\"position\":1,\"name\":\"Home\",\"item\":\"https:\\\/\\\/vitablanca.ma\\\/\"},{\"@type\":\"ListItem\",\"position\":2,\"name\":\"Tous Les Produits\",\"item\":\"https:\\\/\\\/vitablanca.ma\\\/tous-les-produits\\\/\"},{\"@type\":\"ListItem\",\"position\":3,\"name\":\"Lierac Hydragenist La Cr\u00e8me R\u00e9hydratante \u00c9clat 50ml\"}]},{\"@type\":\"WebSite\",\"@id\":\"https:\\\/\\\/vitablanca.ma\\\/#website\",\"url\":\"https:\\\/\\\/vitablanca.ma\\\/\",\"name\":\"VitaBlanca.ma | Compl\u00e9ments alimentaires, sant\u00e9 & beaut\u00e9 au Maroc\",\"description\":\"vendre vitamines et compl\u00e9ments premium des USA &amp; Canada, Nouvelle Z\u00e9lande,Maroc (NOW Foods, Solgar, Manuka). Livraison rapide partout au Maroc.\",\"publisher\":{\"@id\":\"https:\\\/\\\/vitablanca.ma\\\/#organization\"},\"alternateName\":\"VitaBlanca.ma\",\"potentialAction\":[{\"@type\":\"SearchAction\",\"target\":{\"@type\":\"EntryPoint\",\"urlTemplate\":\"https:\\\/\\\/vitablanca.ma\\\/?s={search_term_string}\"},\"query-input\":{\"@type\":\"PropertyValueSpecification\",\"valueRequired\":true,\"valueName\":\"search_term_string\"}}],\"inLanguage\":\"en-US\"},{\"@type\":\"Organization\",\"@id\":\"https:\\\/\\\/vitablanca.ma\\\/#organization\",\"name\":\"VitaBlanca\",\"url\":\"https:\\\/\\\/vitablanca.ma\\\/\",\"logo\":{\"@type\":\"ImageObject\",\"inLanguage\":\"en-US\",\"@id\":\"https:\\\/\\\/vitablanca.ma\\\/#\\\/schema\\\/logo\\\/image\\\/\",\"url\":\"https:\\\/\\\/vitablanca.ma\\\/wp-content\\\/uploads\\\/2025\\\/05\\\/cropped-vitablanca.png\",\"contentUrl\":\"https:\\\/\\\/vitablanca.ma\\\/wp-content\\\/uploads\\\/2025\\\/05\\\/cropped-vitablanca.png\",\"width\":360,\"height\":67,\"caption\":\"VitaBlanca\"},\"image\":{\"@id\":\"https:\\\/\\\/vitablanca.ma\\\/#\\\/schema\\\/logo\\\/image\\\/\"},\"sameAs\":[\"https:\\\/\\\/www.facebook.com\\\/profile.php?id=61576678196717\",\"https:\\\/\\\/www.tiktok.com\\\/@vitablanca.ma\",\"https:\\\/\\\/www.instagram.com\\\/vitablanca.ma\\\/\"]}]}<\/script>\n<!-- \/ Yoast SEO plugin. -->","yoast_head_json":{"title":"Lierac Hydragenist Radiance Rehydrating Cream 50ml - Morocco Price","description":"Lierac Hydragenist Radiance Rehydrating Cream 50ml","robots":{"index":"index","follow":"follow","max-snippet":"max-snippet:-1","max-image-preview":"max-image-preview:large","max-video-preview":"max-video-preview:-1"},"canonical":"https:\/\/vitablanca.ma\/en\/product\/lierac-hydragenist-la-creme-rehydratante-eclat-50ml\/","og_locale":"en_US","og_type":"article","og_title":"Lierac Hydragenist La Cr\u00e8me R\u00e9hydratante \u00c9clat 50ml - Maroc Prix","og_description":"Lierac Hydragenist La Cr\u00e8me R\u00e9hydratante \u00c9clat 50ml","og_url":"https:\/\/vitablanca.ma\/en\/product\/lierac-hydragenist-la-creme-rehydratante-eclat-50ml\/","og_site_name":"Vitablanca.ma &ndash; Sant&eacute;, vitalit&eacute; et bien-&ecirc;tre pour tous les Marocains","article_publisher":"https:\/\/www.facebook.com\/profile.php?id=61576678196717","og_image":[{"width":1000,"height":1000,"url":"https:\/\/vitablanca.ma\/wp-content\/uploads\/2025\/06\/Lierac-Hydragenist-La-Creme-Rehydratante-Eclat-novapara-maroc.jpg","type":"image\/jpeg"}],"twitter_card":"summary_large_image","twitter_misc":{"Est. reading time":"1 minute"},"schema":{"@context":"https:\/\/schema.org","@graph":[{"@type":["WebPage","ItemPage"],"@id":"https:\/\/vitablanca.ma\/produit\/lierac-hydragenist-la-creme-rehydratante-eclat-50ml\/","url":"https:\/\/vitablanca.ma\/produit\/lierac-hydragenist-la-creme-rehydratante-eclat-50ml\/","name":"Lierac Hydragenist Radiance Rehydrating Cream 50ml - Morocco Price","isPartOf":{"@id":"https:\/\/vitablanca.ma\/#website"},"primaryImageOfPage":{"@id":"https:\/\/vitablanca.ma\/produit\/lierac-hydragenist-la-creme-rehydratante-eclat-50ml\/#primaryimage"},"image":{"@id":"https:\/\/vitablanca.ma\/produit\/lierac-hydragenist-la-creme-rehydratante-eclat-50ml\/#primaryimage"},"thumbnailUrl":"https:\/\/vitablanca.ma\/wp-content\/uploads\/2025\/06\/Lierac-Hydragenist-La-Creme-Rehydratante-Eclat-novapara-maroc.jpg","datePublished":"2025-06-10T18:11:51+00:00","description":"Lierac Hydragenist Radiance Rehydrating Cream 50ml","breadcrumb":{"@id":"https:\/\/vitablanca.ma\/produit\/lierac-hydragenist-la-creme-rehydratante-eclat-50ml\/#breadcrumb"},"inLanguage":"en-US","potentialAction":[{"@type":"ReadAction","target":["https:\/\/vitablanca.ma\/produit\/lierac-hydragenist-la-creme-rehydratante-eclat-50ml\/"]}]},{"@type":"ImageObject","inLanguage":"en-US","@id":"https:\/\/vitablanca.ma\/produit\/lierac-hydragenist-la-creme-rehydratante-eclat-50ml\/#primaryimage","url":"https:\/\/vitablanca.ma\/wp-content\/uploads\/2025\/06\/Lierac-Hydragenist-La-Creme-Rehydratante-Eclat-novapara-maroc.jpg","contentUrl":"https:\/\/vitablanca.ma\/wp-content\/uploads\/2025\/06\/Lierac-Hydragenist-La-Creme-Rehydratante-Eclat-novapara-maroc.jpg","width":1000,"height":1000},{"@type":"BreadcrumbList","@id":"https:\/\/vitablanca.ma\/produit\/lierac-hydragenist-la-creme-rehydratante-eclat-50ml\/#breadcrumb","itemListElement":[{"@type":"ListItem","position":1,"name":"Home","item":"https:\/\/vitablanca.ma\/"},{"@type":"ListItem","position":2,"name":"Tous Les Produits","item":"https:\/\/vitablanca.ma\/tous-les-produits\/"},{"@type":"ListItem","position":3,"name":"Lierac Hydragenist La Cr\u00e8me R\u00e9hydratante \u00c9clat 50ml"}]},{"@type":"WebSite","@id":"https:\/\/vitablanca.ma\/#website","url":"https:\/\/vitablanca.ma\/","name":"VitaBlanca.ma | Food supplements, health &amp; beauty in Morocco","description":"sell premium vitamins and supplements from USA &amp; Canada, New Zealand, Morocco (NOW Foods, Solgar, Manuka). Fast delivery anywhere in Morocco.","publisher":{"@id":"https:\/\/vitablanca.ma\/#organization"},"alternateName":"VitaBlanca.ma","potentialAction":[{"@type":"SearchAction","target":{"@type":"EntryPoint","urlTemplate":"https:\/\/vitablanca.ma\/?s={search_term_string}"},"query-input":{"@type":"PropertyValueSpecification","valueRequired":true,"valueName":"search_term_string"}}],"inLanguage":"en-US"},{"@type":"Organization","@id":"https:\/\/vitablanca.ma\/#organization","name":"VitaBlanca","url":"https:\/\/vitablanca.ma\/","logo":{"@type":"ImageObject","inLanguage":"en-US","@id":"https:\/\/vitablanca.ma\/#\/schema\/logo\/image\/","url":"https:\/\/vitablanca.ma\/wp-content\/uploads\/2025\/05\/cropped-vitablanca.png","contentUrl":"https:\/\/vitablanca.ma\/wp-content\/uploads\/2025\/05\/cropped-vitablanca.png","width":360,"height":67,"caption":"VitaBlanca"},"image":{"@id":"https:\/\/vitablanca.ma\/#\/schema\/logo\/image\/"},"sameAs":["https:\/\/www.facebook.com\/profile.php?id=61576678196717","https:\/\/www.tiktok.com\/@vitablanca.ma","https:\/\/www.instagram.com\/vitablanca.ma\/"]}]}},"jetpack_sharing_enabled":true,"_links":{"self":[{"href":"https:\/\/vitablanca.ma\/en\/wp-json\/wp\/v2\/product\/19831","targetHints":{"allow":["GET"]}}],"collection":[{"href":"https:\/\/vitablanca.ma\/en\/wp-json\/wp\/v2\/product"}],"about":[{"href":"https:\/\/vitablanca.ma\/en\/wp-json\/wp\/v2\/types\/product"}],"wp:featuredmedia":[{"embeddable":true,"href":"https:\/\/vitablanca.ma\/en\/wp-json\/wp\/v2\/media\/19821"}],"wp:attachment":[{"href":"https:\/\/vitablanca.ma\/en\/wp-json\/wp\/v2\/media?parent=19831"}],"wp:term":[{"taxonomy":"product_brand","embeddable":true,"href":"https:\/\/vitablanca.ma\/en\/wp-json\/wp\/v2\/product_brand?post=19831"},{"taxonomy":"product_cat","embeddable":true,"href":"https:\/\/vitablanca.ma\/en\/wp-json\/wp\/v2\/product_cat?post=19831"},{"taxonomy":"product_tag","embeddable":true,"href":"https:\/\/vitablanca.ma\/en\/wp-json\/wp\/v2\/product_tag?post=19831"}],"curies":[{"name":"wp","href":"https:\/\/api.w.org\/{rel}","templated":true}]}}