{"id":19757,"date":"2025-06-10T18:08:38","date_gmt":"2025-06-10T18:08:38","guid":{"rendered":"https:\/\/vitablanca.ma\/product\/klorane-apres-shampoing-a-la-camomille-200ml\/"},"modified":"2026-01-21T23:56:45","modified_gmt":"2026-01-21T23:56:45","slug":"klorane-apres-shampoing-a-la-camomille-200ml","status":"publish","type":"product","link":"https:\/\/vitablanca.ma\/en\/product\/klorane-apres-shampoing-a-la-camomille-200ml\/","title":{"rendered":"Klorane Chamomile Conditioner 200ml"},"content":{"rendered":"<h2>Klorane Chamomile Conditioner.\u00a0<span data-mce-fragment=\"1\">Repairs hair, detangles.<\/span><br \/>\n<\/h2>\n<p class=\"p-info__description\">Gentle care, the Conditioner detangles, repairs and revives the highlights and natural shine of blonde hair.<br \/>Natural Active.<br \/>Detangling, repairing, illuminating.<br \/>200ml.<\/p>\n<div class=\"block-content\">\n<p>Chamomile Conditioner is formulated to nourish and care for blonde to brown hair. Used in conjunction with Chamomile Shampoo, this illuminating treatment instantly repairs, illuminates, and detangles hair lacking light, without weighing it down. We chose the Matricaria recutita L. species for its richness in apigenin, a plant-based active ingredient with natural lightening properties. Chamomile Conditioner naturally lightens blonde hair and adorns brown hair with beautiful golden highlights. Thanks to its creamy, melting texture, it repairs, illuminates, and detangles blonde hair.<\/p>\n<\/div>\n<div class=\"block-content has-heading\">\n<div class=\"block-content-heading\">\n<h3 class=\"\" id=\"\">Advantage<\/h3>\n<\/div>\n<p>Perfectly soft* and detangled**, the hair is naturally filled with light, its blond highlights are accentuated and its shine revived.<\/p>\n<div class=\"block-content-heading\">\n<h3 class=\"\" id=\"\">Benefits<\/h3>\n<\/div>\n<p>\u2013 Detangles: its formula includes gentle detangling agents to instantly detangle hair without weighing it down.<br \/>\u2013 Repairs: it gently repairs the hair fiber and closes the scales.<br \/>\u2013 Revives: illuminates and naturally reveals the highlights of blond and brown hair, natural or highlighted.<\/p>\n<p class=\"style-1\"><strong>Ideal:<\/strong> for Family<\/p>\n<p class=\"style-1\"><strong>Hair Type:<\/strong> Colored hair, blonde hair<\/p>\n<p class=\"style-1\"><strong>Need:<\/strong> Shine of blond highlights<\/p>\n<h3 class=\"application__title\"><span class=\"anm block-name animated\" id=\"\">Application<\/span><\/h3>\n<div class=\"application__sub-title anm animated\">\n<p>Instantly brightens and detangles natural, highlighted or colored blonde hair.<\/p>\n<\/div>\n<\/div>\n<p>\u00a0<\/p>","protected":false},"excerpt":{"rendered":"<p>Klorane Apr\u00e8s-Shampoing \u00e0 La Camomille.\u00a0R\u00e9pare les cheveux, D\u00e9m\u00eale. Soin douceur, l\u2019Apr\u00e8s-shampoing d\u00e9m\u00eale, r\u00e9pare et ravive les reflets et l\u2019\u00e9clat naturel des cheveux blonds.Actif Naturel.D\u00e9m\u00ealant, r\u00e9parateur, illuminant.200ml. Le Baume apr\u00e8s-shampoing \u00e0 la Camomille est formul\u00e9 pour nourrir et prendre soin des cheveux blonds \u00e0 ch\u00e2tains. Utilis\u00e9 en compl\u00e9ment du Shampoing \u00e0 la Camomille, ce soin illuminateur [&hellip;]<\/p>\n","protected":false},"featured_media":19752,"template":"","meta":{"om_disable_all_campaigns":false},"product_brand":[6000],"product_cat":[18,15],"product_tag":[],"class_list":{"0":"post-19757","1":"product","2":"type-product","3":"status-publish","4":"has-post-thumbnail","6":"product_brand-klorane-maroc-prix","7":"product_cat-beaute-sante","8":"product_cat-beaute-sante-complements-alimentaires-soins-et-bien-etre-au-meilleur-prix","10":"first","11":"instock","12":"sale","13":"taxable","14":"shipping-taxable","15":"purchasable","16":"product-type-simple"},"yoast_head":"<!-- This site is optimized with the Yoast SEO plugin v27.4 - https:\/\/yoast.com\/product\/yoast-seo-wordpress\/ -->\n<title>Klorane Apr\u00e8s-Shampoing \u00e0 La Camomille 200ml - Maroc Prix<\/title>\n<meta name=\"description\" content=\"Klorane Apr\u00e8s-Shampoing \u00e0 La Camomille 200ml\" \/>\n<meta name=\"robots\" content=\"index, follow, max-snippet:-1, max-image-preview:large, max-video-preview:-1\" \/>\n<link rel=\"canonical\" href=\"https:\/\/vitablanca.ma\/en\/product\/klorane-apres-shampoing-a-la-camomille-200ml\/\" \/>\n<meta property=\"og:locale\" content=\"en_US\" \/>\n<meta property=\"og:type\" content=\"article\" \/>\n<meta property=\"og:title\" content=\"Klorane Apr\u00e8s-Shampoing \u00e0 La Camomille 200ml - Maroc Prix\" \/>\n<meta property=\"og:description\" content=\"Klorane Apr\u00e8s-Shampoing \u00e0 La Camomille 200ml\" \/>\n<meta property=\"og:url\" content=\"https:\/\/vitablanca.ma\/en\/product\/klorane-apres-shampoing-a-la-camomille-200ml\/\" \/>\n<meta property=\"og:site_name\" content=\"Vitablanca.ma &ndash; Sant&eacute;, vitalit&eacute; et bien-&ecirc;tre pour tous les Marocains\" \/>\n<meta property=\"article:publisher\" content=\"https:\/\/www.facebook.com\/profile.php?id=61576678196717\" \/>\n<meta property=\"article:modified_time\" content=\"2026-01-21T23:56:45+00:00\" \/>\n<meta property=\"og:image\" content=\"https:\/\/vitablanca.ma\/wp-content\/uploads\/2025\/06\/Klorane-Apres-Shampoing-a-La-Camomille-200ml-nova-parapharmacie-casablanca.jpg\" \/>\n\t<meta property=\"og:image:width\" content=\"1000\" \/>\n\t<meta property=\"og:image:height\" content=\"1000\" \/>\n\t<meta property=\"og:image:type\" content=\"image\/jpeg\" \/>\n<meta name=\"twitter:card\" content=\"summary_large_image\" \/>\n<meta name=\"twitter:label1\" content=\"Est. reading time\" \/>\n\t<meta name=\"twitter:data1\" content=\"1 minute\" \/>\n<script type=\"application\/ld+json\" class=\"yoast-schema-graph\">{\"@context\":\"https:\\\/\\\/schema.org\",\"@graph\":[{\"@type\":[\"WebPage\",\"ItemPage\"],\"@id\":\"https:\\\/\\\/vitablanca.ma\\\/produit\\\/klorane-apres-shampoing-a-la-camomille-200ml\\\/\",\"url\":\"https:\\\/\\\/vitablanca.ma\\\/produit\\\/klorane-apres-shampoing-a-la-camomille-200ml\\\/\",\"name\":\"Klorane Apr\u00e8s-Shampoing \u00e0 La Camomille 200ml - Maroc Prix\",\"isPartOf\":{\"@id\":\"https:\\\/\\\/vitablanca.ma\\\/#website\"},\"primaryImageOfPage\":{\"@id\":\"https:\\\/\\\/vitablanca.ma\\\/produit\\\/klorane-apres-shampoing-a-la-camomille-200ml\\\/#primaryimage\"},\"image\":{\"@id\":\"https:\\\/\\\/vitablanca.ma\\\/produit\\\/klorane-apres-shampoing-a-la-camomille-200ml\\\/#primaryimage\"},\"thumbnailUrl\":\"https:\\\/\\\/vitablanca.ma\\\/wp-content\\\/uploads\\\/2025\\\/06\\\/Klorane-Apres-Shampoing-a-La-Camomille-200ml-nova-parapharmacie-casablanca.jpg\",\"datePublished\":\"2025-06-10T18:08:38+00:00\",\"dateModified\":\"2026-01-21T23:56:45+00:00\",\"description\":\"Klorane Apr\u00e8s-Shampoing \u00e0 La Camomille 200ml\",\"breadcrumb\":{\"@id\":\"https:\\\/\\\/vitablanca.ma\\\/produit\\\/klorane-apres-shampoing-a-la-camomille-200ml\\\/#breadcrumb\"},\"inLanguage\":\"en-US\",\"potentialAction\":[{\"@type\":\"ReadAction\",\"target\":[\"https:\\\/\\\/vitablanca.ma\\\/produit\\\/klorane-apres-shampoing-a-la-camomille-200ml\\\/\"]}]},{\"@type\":\"ImageObject\",\"inLanguage\":\"en-US\",\"@id\":\"https:\\\/\\\/vitablanca.ma\\\/produit\\\/klorane-apres-shampoing-a-la-camomille-200ml\\\/#primaryimage\",\"url\":\"https:\\\/\\\/vitablanca.ma\\\/wp-content\\\/uploads\\\/2025\\\/06\\\/Klorane-Apres-Shampoing-a-La-Camomille-200ml-nova-parapharmacie-casablanca.jpg\",\"contentUrl\":\"https:\\\/\\\/vitablanca.ma\\\/wp-content\\\/uploads\\\/2025\\\/06\\\/Klorane-Apres-Shampoing-a-La-Camomille-200ml-nova-parapharmacie-casablanca.jpg\",\"width\":1000,\"height\":1000},{\"@type\":\"BreadcrumbList\",\"@id\":\"https:\\\/\\\/vitablanca.ma\\\/produit\\\/klorane-apres-shampoing-a-la-camomille-200ml\\\/#breadcrumb\",\"itemListElement\":[{\"@type\":\"ListItem\",\"position\":1,\"name\":\"Home\",\"item\":\"https:\\\/\\\/vitablanca.ma\\\/\"},{\"@type\":\"ListItem\",\"position\":2,\"name\":\"Tous Les Produits\",\"item\":\"https:\\\/\\\/vitablanca.ma\\\/tous-les-produits\\\/\"},{\"@type\":\"ListItem\",\"position\":3,\"name\":\"Klorane Apr\u00e8s-Shampoing \u00e0 La Camomille 200ml\"}]},{\"@type\":\"WebSite\",\"@id\":\"https:\\\/\\\/vitablanca.ma\\\/#website\",\"url\":\"https:\\\/\\\/vitablanca.ma\\\/\",\"name\":\"VitaBlanca.ma | Compl\u00e9ments alimentaires, sant\u00e9 & beaut\u00e9 au Maroc\",\"description\":\"vendre vitamines et compl\u00e9ments premium des USA &amp; Canada, Nouvelle Z\u00e9lande,Maroc (NOW Foods, Solgar, Manuka). Livraison rapide partout au Maroc.\",\"publisher\":{\"@id\":\"https:\\\/\\\/vitablanca.ma\\\/#organization\"},\"alternateName\":\"VitaBlanca.ma\",\"potentialAction\":[{\"@type\":\"SearchAction\",\"target\":{\"@type\":\"EntryPoint\",\"urlTemplate\":\"https:\\\/\\\/vitablanca.ma\\\/?s={search_term_string}\"},\"query-input\":{\"@type\":\"PropertyValueSpecification\",\"valueRequired\":true,\"valueName\":\"search_term_string\"}}],\"inLanguage\":\"en-US\"},{\"@type\":\"Organization\",\"@id\":\"https:\\\/\\\/vitablanca.ma\\\/#organization\",\"name\":\"VitaBlanca\",\"url\":\"https:\\\/\\\/vitablanca.ma\\\/\",\"logo\":{\"@type\":\"ImageObject\",\"inLanguage\":\"en-US\",\"@id\":\"https:\\\/\\\/vitablanca.ma\\\/#\\\/schema\\\/logo\\\/image\\\/\",\"url\":\"https:\\\/\\\/vitablanca.ma\\\/wp-content\\\/uploads\\\/2025\\\/05\\\/cropped-vitablanca.png\",\"contentUrl\":\"https:\\\/\\\/vitablanca.ma\\\/wp-content\\\/uploads\\\/2025\\\/05\\\/cropped-vitablanca.png\",\"width\":360,\"height\":67,\"caption\":\"VitaBlanca\"},\"image\":{\"@id\":\"https:\\\/\\\/vitablanca.ma\\\/#\\\/schema\\\/logo\\\/image\\\/\"},\"sameAs\":[\"https:\\\/\\\/www.facebook.com\\\/profile.php?id=61576678196717\",\"https:\\\/\\\/www.tiktok.com\\\/@vitablanca.ma\",\"https:\\\/\\\/www.instagram.com\\\/vitablanca.ma\\\/\"]}]}<\/script>\n<!-- \/ Yoast SEO plugin. -->","yoast_head_json":{"title":"Klorane Chamomile Conditioner 200ml - Morocco Price","description":"Klorane Chamomile Conditioner 200ml","robots":{"index":"index","follow":"follow","max-snippet":"max-snippet:-1","max-image-preview":"max-image-preview:large","max-video-preview":"max-video-preview:-1"},"canonical":"https:\/\/vitablanca.ma\/en\/product\/klorane-apres-shampoing-a-la-camomille-200ml\/","og_locale":"en_US","og_type":"article","og_title":"Klorane Apr\u00e8s-Shampoing \u00e0 La Camomille 200ml - Maroc Prix","og_description":"Klorane Apr\u00e8s-Shampoing \u00e0 La Camomille 200ml","og_url":"https:\/\/vitablanca.ma\/en\/product\/klorane-apres-shampoing-a-la-camomille-200ml\/","og_site_name":"Vitablanca.ma &ndash; Sant&eacute;, vitalit&eacute; et bien-&ecirc;tre pour tous les Marocains","article_publisher":"https:\/\/www.facebook.com\/profile.php?id=61576678196717","article_modified_time":"2026-01-21T23:56:45+00:00","og_image":[{"width":1000,"height":1000,"url":"https:\/\/vitablanca.ma\/wp-content\/uploads\/2025\/06\/Klorane-Apres-Shampoing-a-La-Camomille-200ml-nova-parapharmacie-casablanca.jpg","type":"image\/jpeg"}],"twitter_card":"summary_large_image","twitter_misc":{"Est. reading time":"1 minute"},"schema":{"@context":"https:\/\/schema.org","@graph":[{"@type":["WebPage","ItemPage"],"@id":"https:\/\/vitablanca.ma\/produit\/klorane-apres-shampoing-a-la-camomille-200ml\/","url":"https:\/\/vitablanca.ma\/produit\/klorane-apres-shampoing-a-la-camomille-200ml\/","name":"Klorane Chamomile Conditioner 200ml - Morocco Price","isPartOf":{"@id":"https:\/\/vitablanca.ma\/#website"},"primaryImageOfPage":{"@id":"https:\/\/vitablanca.ma\/produit\/klorane-apres-shampoing-a-la-camomille-200ml\/#primaryimage"},"image":{"@id":"https:\/\/vitablanca.ma\/produit\/klorane-apres-shampoing-a-la-camomille-200ml\/#primaryimage"},"thumbnailUrl":"https:\/\/vitablanca.ma\/wp-content\/uploads\/2025\/06\/Klorane-Apres-Shampoing-a-La-Camomille-200ml-nova-parapharmacie-casablanca.jpg","datePublished":"2025-06-10T18:08:38+00:00","dateModified":"2026-01-21T23:56:45+00:00","description":"Klorane Chamomile Conditioner 200ml","breadcrumb":{"@id":"https:\/\/vitablanca.ma\/produit\/klorane-apres-shampoing-a-la-camomille-200ml\/#breadcrumb"},"inLanguage":"en-US","potentialAction":[{"@type":"ReadAction","target":["https:\/\/vitablanca.ma\/produit\/klorane-apres-shampoing-a-la-camomille-200ml\/"]}]},{"@type":"ImageObject","inLanguage":"en-US","@id":"https:\/\/vitablanca.ma\/produit\/klorane-apres-shampoing-a-la-camomille-200ml\/#primaryimage","url":"https:\/\/vitablanca.ma\/wp-content\/uploads\/2025\/06\/Klorane-Apres-Shampoing-a-La-Camomille-200ml-nova-parapharmacie-casablanca.jpg","contentUrl":"https:\/\/vitablanca.ma\/wp-content\/uploads\/2025\/06\/Klorane-Apres-Shampoing-a-La-Camomille-200ml-nova-parapharmacie-casablanca.jpg","width":1000,"height":1000},{"@type":"BreadcrumbList","@id":"https:\/\/vitablanca.ma\/produit\/klorane-apres-shampoing-a-la-camomille-200ml\/#breadcrumb","itemListElement":[{"@type":"ListItem","position":1,"name":"Home","item":"https:\/\/vitablanca.ma\/"},{"@type":"ListItem","position":2,"name":"Tous Les Produits","item":"https:\/\/vitablanca.ma\/tous-les-produits\/"},{"@type":"ListItem","position":3,"name":"Klorane Apr\u00e8s-Shampoing \u00e0 La Camomille 200ml"}]},{"@type":"WebSite","@id":"https:\/\/vitablanca.ma\/#website","url":"https:\/\/vitablanca.ma\/","name":"VitaBlanca.ma | Food supplements, health &amp; beauty in Morocco","description":"sell premium vitamins and supplements from USA &amp; Canada, New Zealand, Morocco (NOW Foods, Solgar, Manuka). Fast delivery anywhere in Morocco.","publisher":{"@id":"https:\/\/vitablanca.ma\/#organization"},"alternateName":"VitaBlanca.ma","potentialAction":[{"@type":"SearchAction","target":{"@type":"EntryPoint","urlTemplate":"https:\/\/vitablanca.ma\/?s={search_term_string}"},"query-input":{"@type":"PropertyValueSpecification","valueRequired":true,"valueName":"search_term_string"}}],"inLanguage":"en-US"},{"@type":"Organization","@id":"https:\/\/vitablanca.ma\/#organization","name":"VitaBlanca","url":"https:\/\/vitablanca.ma\/","logo":{"@type":"ImageObject","inLanguage":"en-US","@id":"https:\/\/vitablanca.ma\/#\/schema\/logo\/image\/","url":"https:\/\/vitablanca.ma\/wp-content\/uploads\/2025\/05\/cropped-vitablanca.png","contentUrl":"https:\/\/vitablanca.ma\/wp-content\/uploads\/2025\/05\/cropped-vitablanca.png","width":360,"height":67,"caption":"VitaBlanca"},"image":{"@id":"https:\/\/vitablanca.ma\/#\/schema\/logo\/image\/"},"sameAs":["https:\/\/www.facebook.com\/profile.php?id=61576678196717","https:\/\/www.tiktok.com\/@vitablanca.ma","https:\/\/www.instagram.com\/vitablanca.ma\/"]}]}},"jetpack_sharing_enabled":true,"_links":{"self":[{"href":"https:\/\/vitablanca.ma\/en\/wp-json\/wp\/v2\/product\/19757","targetHints":{"allow":["GET"]}}],"collection":[{"href":"https:\/\/vitablanca.ma\/en\/wp-json\/wp\/v2\/product"}],"about":[{"href":"https:\/\/vitablanca.ma\/en\/wp-json\/wp\/v2\/types\/product"}],"wp:featuredmedia":[{"embeddable":true,"href":"https:\/\/vitablanca.ma\/en\/wp-json\/wp\/v2\/media\/19752"}],"wp:attachment":[{"href":"https:\/\/vitablanca.ma\/en\/wp-json\/wp\/v2\/media?parent=19757"}],"wp:term":[{"taxonomy":"product_brand","embeddable":true,"href":"https:\/\/vitablanca.ma\/en\/wp-json\/wp\/v2\/product_brand?post=19757"},{"taxonomy":"product_cat","embeddable":true,"href":"https:\/\/vitablanca.ma\/en\/wp-json\/wp\/v2\/product_cat?post=19757"},{"taxonomy":"product_tag","embeddable":true,"href":"https:\/\/vitablanca.ma\/en\/wp-json\/wp\/v2\/product_tag?post=19757"}],"curies":[{"name":"wp","href":"https:\/\/api.w.org\/{rel}","templated":true}]}}