{"id":19706,"date":"2025-06-10T18:06:25","date_gmt":"2025-06-10T18:06:25","guid":{"rendered":"https:\/\/vitablanca.ma\/product\/klorane-masque-au-lait-de-papyrus-nutritif-et-lissant-150ml\/"},"modified":"2026-01-21T23:56:46","modified_gmt":"2026-01-21T23:56:46","slug":"klorane-masque-au-lait-de-papyrus-nutritif-et-lissant-150ml","status":"publish","type":"product","link":"https:\/\/vitablanca.ma\/en\/product\/klorane-masque-au-lait-de-papyrus-nutritif-et-lissant-150ml\/","title":{"rendered":"Klorane Nourishing and Smoothing Papyrus Milk Mask 150ml"},"content":{"rendered":"<h2><span data-mce-fragment=\"1\">Klorane Nourishing and Smoothing Papyrus Milk Mask deeply nourishes and repairs hair, even frizzy hair<\/span><\/h2>\n<div class=\"block-content\">\n<p><span>Nourishing smoothing mask, for hair care, very dry and unruly hair, based on Papyrus Milk, with nourishing and smoothing action, allowing to repair and deeply nourish damaged hair, to control the volume and frizz of the hair, while relaxing and lastingly smoothing the hair fiber.<\/span><br \/><span>Hair regains suppleness, softness and a silky feel. It also makes detangling easier.<\/span><\/p>\n<\/div>\n<div class=\"block-content has-heading\">\n<h3>Application<\/h3>\n<\/div>\n<div class=\"block-content has-heading\">\n<span>Once a week or more often if the hair is very damaged.<\/span><br \/><span>Rinse hair thoroughly after shampooing and towel-dry. Apply the conditioner generously to the lengths and ends.<\/span><br \/><span>Leave on for 5 minutes, comb through, then rinse hair thoroughly.<\/span><br \/><span>For enhanced action, leave on for 20 minutes under a warm towel before rinsing.<\/span>\n<\/div>","protected":false},"excerpt":{"rendered":"<p>Klorane Masque au Lait de Papyrus Nutritif et Lissant nourrit et r\u00e9pare profond\u00e9ment les cheveux, m\u00eame cr\u00e9pus Masque nutritif lissant, pour soin capillaire, cheveux tr\u00e8s secs et indisciplines, \u00e0 base de Lait de papyrus, \u00e0 action nourrissante et lissante, permettant de r\u00e9parer et nourrir en profondeur les cheveux ab\u00eem\u00e9s, de ma\u00eetriser le volume et le [&hellip;]<\/p>\n","protected":false},"featured_media":19701,"template":"","meta":{"om_disable_all_campaigns":false},"product_brand":[6000],"product_cat":[18,15],"product_tag":[],"class_list":{"0":"post-19706","1":"product","2":"type-product","3":"status-publish","4":"has-post-thumbnail","6":"product_brand-klorane-maroc-prix","7":"product_cat-beaute-sante","8":"product_cat-beaute-sante-complements-alimentaires-soins-et-bien-etre-au-meilleur-prix","10":"first","11":"instock","12":"sale","13":"taxable","14":"shipping-taxable","15":"purchasable","16":"product-type-simple"},"yoast_head":"<!-- This site is optimized with the Yoast SEO plugin v27.4 - https:\/\/yoast.com\/product\/yoast-seo-wordpress\/ -->\n<title>Klorane Masque au Lait de Papyrus Nutritif et Lissant 150ml - Maroc Prix<\/title>\n<meta name=\"description\" content=\"Klorane Masque au Lait de Papyrus Nutritif et Lissant 150ml\" \/>\n<meta name=\"robots\" content=\"index, follow, max-snippet:-1, max-image-preview:large, max-video-preview:-1\" \/>\n<link rel=\"canonical\" href=\"https:\/\/vitablanca.ma\/en\/product\/klorane-masque-au-lait-de-papyrus-nutritif-et-lissant-150ml\/\" \/>\n<meta property=\"og:locale\" content=\"en_US\" \/>\n<meta property=\"og:type\" content=\"article\" \/>\n<meta property=\"og:title\" content=\"Klorane Masque au Lait de Papyrus Nutritif et Lissant 150ml - Maroc Prix\" \/>\n<meta property=\"og:description\" content=\"Klorane Masque au Lait de Papyrus Nutritif et Lissant 150ml\" \/>\n<meta property=\"og:url\" content=\"https:\/\/vitablanca.ma\/en\/product\/klorane-masque-au-lait-de-papyrus-nutritif-et-lissant-150ml\/\" \/>\n<meta property=\"og:site_name\" content=\"Vitablanca.ma &ndash; Sant&eacute;, vitalit&eacute; et bien-&ecirc;tre pour tous les Marocains\" \/>\n<meta property=\"article:publisher\" content=\"https:\/\/www.facebook.com\/profile.php?id=61576678196717\" \/>\n<meta property=\"article:modified_time\" content=\"2026-01-21T23:56:46+00:00\" \/>\n<meta property=\"og:image\" content=\"https:\/\/vitablanca.ma\/wp-content\/uploads\/2025\/06\/Klorane-Masque-au-Lait-de-Papyrus-Nutritif-et-Lissant-150ml-nova-parapharmacie-casablanca.jpg\" \/>\n\t<meta property=\"og:image:width\" content=\"1000\" \/>\n\t<meta property=\"og:image:height\" content=\"1000\" \/>\n\t<meta property=\"og:image:type\" content=\"image\/jpeg\" \/>\n<meta name=\"twitter:card\" content=\"summary_large_image\" \/>\n<meta name=\"twitter:label1\" content=\"Est. reading time\" \/>\n\t<meta name=\"twitter:data1\" content=\"1 minute\" \/>\n<script type=\"application\/ld+json\" class=\"yoast-schema-graph\">{\"@context\":\"https:\\\/\\\/schema.org\",\"@graph\":[{\"@type\":[\"WebPage\",\"ItemPage\"],\"@id\":\"https:\\\/\\\/vitablanca.ma\\\/produit\\\/klorane-masque-au-lait-de-papyrus-nutritif-et-lissant-150ml\\\/\",\"url\":\"https:\\\/\\\/vitablanca.ma\\\/produit\\\/klorane-masque-au-lait-de-papyrus-nutritif-et-lissant-150ml\\\/\",\"name\":\"Klorane Masque au Lait de Papyrus Nutritif et Lissant 150ml - Maroc Prix\",\"isPartOf\":{\"@id\":\"https:\\\/\\\/vitablanca.ma\\\/#website\"},\"primaryImageOfPage\":{\"@id\":\"https:\\\/\\\/vitablanca.ma\\\/produit\\\/klorane-masque-au-lait-de-papyrus-nutritif-et-lissant-150ml\\\/#primaryimage\"},\"image\":{\"@id\":\"https:\\\/\\\/vitablanca.ma\\\/produit\\\/klorane-masque-au-lait-de-papyrus-nutritif-et-lissant-150ml\\\/#primaryimage\"},\"thumbnailUrl\":\"https:\\\/\\\/vitablanca.ma\\\/wp-content\\\/uploads\\\/2025\\\/06\\\/Klorane-Masque-au-Lait-de-Papyrus-Nutritif-et-Lissant-150ml-nova-parapharmacie-casablanca.jpg\",\"datePublished\":\"2025-06-10T18:06:25+00:00\",\"dateModified\":\"2026-01-21T23:56:46+00:00\",\"description\":\"Klorane Masque au Lait de Papyrus Nutritif et Lissant 150ml\",\"breadcrumb\":{\"@id\":\"https:\\\/\\\/vitablanca.ma\\\/produit\\\/klorane-masque-au-lait-de-papyrus-nutritif-et-lissant-150ml\\\/#breadcrumb\"},\"inLanguage\":\"en-US\",\"potentialAction\":[{\"@type\":\"ReadAction\",\"target\":[\"https:\\\/\\\/vitablanca.ma\\\/produit\\\/klorane-masque-au-lait-de-papyrus-nutritif-et-lissant-150ml\\\/\"]}]},{\"@type\":\"ImageObject\",\"inLanguage\":\"en-US\",\"@id\":\"https:\\\/\\\/vitablanca.ma\\\/produit\\\/klorane-masque-au-lait-de-papyrus-nutritif-et-lissant-150ml\\\/#primaryimage\",\"url\":\"https:\\\/\\\/vitablanca.ma\\\/wp-content\\\/uploads\\\/2025\\\/06\\\/Klorane-Masque-au-Lait-de-Papyrus-Nutritif-et-Lissant-150ml-nova-parapharmacie-casablanca.jpg\",\"contentUrl\":\"https:\\\/\\\/vitablanca.ma\\\/wp-content\\\/uploads\\\/2025\\\/06\\\/Klorane-Masque-au-Lait-de-Papyrus-Nutritif-et-Lissant-150ml-nova-parapharmacie-casablanca.jpg\",\"width\":1000,\"height\":1000},{\"@type\":\"BreadcrumbList\",\"@id\":\"https:\\\/\\\/vitablanca.ma\\\/produit\\\/klorane-masque-au-lait-de-papyrus-nutritif-et-lissant-150ml\\\/#breadcrumb\",\"itemListElement\":[{\"@type\":\"ListItem\",\"position\":1,\"name\":\"Home\",\"item\":\"https:\\\/\\\/vitablanca.ma\\\/\"},{\"@type\":\"ListItem\",\"position\":2,\"name\":\"Tous Les Produits\",\"item\":\"https:\\\/\\\/vitablanca.ma\\\/tous-les-produits\\\/\"},{\"@type\":\"ListItem\",\"position\":3,\"name\":\"Klorane Masque au Lait de Papyrus Nutritif et Lissant 150ml\"}]},{\"@type\":\"WebSite\",\"@id\":\"https:\\\/\\\/vitablanca.ma\\\/#website\",\"url\":\"https:\\\/\\\/vitablanca.ma\\\/\",\"name\":\"VitaBlanca.ma | Compl\u00e9ments alimentaires, sant\u00e9 & beaut\u00e9 au Maroc\",\"description\":\"vendre vitamines et compl\u00e9ments premium des USA &amp; Canada, Nouvelle Z\u00e9lande,Maroc (NOW Foods, Solgar, Manuka). Livraison rapide partout au Maroc.\",\"publisher\":{\"@id\":\"https:\\\/\\\/vitablanca.ma\\\/#organization\"},\"alternateName\":\"VitaBlanca.ma\",\"potentialAction\":[{\"@type\":\"SearchAction\",\"target\":{\"@type\":\"EntryPoint\",\"urlTemplate\":\"https:\\\/\\\/vitablanca.ma\\\/?s={search_term_string}\"},\"query-input\":{\"@type\":\"PropertyValueSpecification\",\"valueRequired\":true,\"valueName\":\"search_term_string\"}}],\"inLanguage\":\"en-US\"},{\"@type\":\"Organization\",\"@id\":\"https:\\\/\\\/vitablanca.ma\\\/#organization\",\"name\":\"VitaBlanca\",\"url\":\"https:\\\/\\\/vitablanca.ma\\\/\",\"logo\":{\"@type\":\"ImageObject\",\"inLanguage\":\"en-US\",\"@id\":\"https:\\\/\\\/vitablanca.ma\\\/#\\\/schema\\\/logo\\\/image\\\/\",\"url\":\"https:\\\/\\\/vitablanca.ma\\\/wp-content\\\/uploads\\\/2025\\\/05\\\/cropped-vitablanca.png\",\"contentUrl\":\"https:\\\/\\\/vitablanca.ma\\\/wp-content\\\/uploads\\\/2025\\\/05\\\/cropped-vitablanca.png\",\"width\":360,\"height\":67,\"caption\":\"VitaBlanca\"},\"image\":{\"@id\":\"https:\\\/\\\/vitablanca.ma\\\/#\\\/schema\\\/logo\\\/image\\\/\"},\"sameAs\":[\"https:\\\/\\\/www.facebook.com\\\/profile.php?id=61576678196717\",\"https:\\\/\\\/www.tiktok.com\\\/@vitablanca.ma\",\"https:\\\/\\\/www.instagram.com\\\/vitablanca.ma\\\/\"]}]}<\/script>\n<!-- \/ Yoast SEO plugin. -->","yoast_head_json":{"title":"Klorane Nourishing and Smoothing Papyrus Milk Mask 150ml - Morocco Price","description":"Klorane Nourishing and Smoothing Papyrus Milk Mask 150ml","robots":{"index":"index","follow":"follow","max-snippet":"max-snippet:-1","max-image-preview":"max-image-preview:large","max-video-preview":"max-video-preview:-1"},"canonical":"https:\/\/vitablanca.ma\/en\/product\/klorane-masque-au-lait-de-papyrus-nutritif-et-lissant-150ml\/","og_locale":"en_US","og_type":"article","og_title":"Klorane Masque au Lait de Papyrus Nutritif et Lissant 150ml - Maroc Prix","og_description":"Klorane Masque au Lait de Papyrus Nutritif et Lissant 150ml","og_url":"https:\/\/vitablanca.ma\/en\/product\/klorane-masque-au-lait-de-papyrus-nutritif-et-lissant-150ml\/","og_site_name":"Vitablanca.ma &ndash; Sant&eacute;, vitalit&eacute; et bien-&ecirc;tre pour tous les Marocains","article_publisher":"https:\/\/www.facebook.com\/profile.php?id=61576678196717","article_modified_time":"2026-01-21T23:56:46+00:00","og_image":[{"width":1000,"height":1000,"url":"https:\/\/vitablanca.ma\/wp-content\/uploads\/2025\/06\/Klorane-Masque-au-Lait-de-Papyrus-Nutritif-et-Lissant-150ml-nova-parapharmacie-casablanca.jpg","type":"image\/jpeg"}],"twitter_card":"summary_large_image","twitter_misc":{"Est. reading time":"1 minute"},"schema":{"@context":"https:\/\/schema.org","@graph":[{"@type":["WebPage","ItemPage"],"@id":"https:\/\/vitablanca.ma\/produit\/klorane-masque-au-lait-de-papyrus-nutritif-et-lissant-150ml\/","url":"https:\/\/vitablanca.ma\/produit\/klorane-masque-au-lait-de-papyrus-nutritif-et-lissant-150ml\/","name":"Klorane Nourishing and Smoothing Papyrus Milk Mask 150ml - Morocco Price","isPartOf":{"@id":"https:\/\/vitablanca.ma\/#website"},"primaryImageOfPage":{"@id":"https:\/\/vitablanca.ma\/produit\/klorane-masque-au-lait-de-papyrus-nutritif-et-lissant-150ml\/#primaryimage"},"image":{"@id":"https:\/\/vitablanca.ma\/produit\/klorane-masque-au-lait-de-papyrus-nutritif-et-lissant-150ml\/#primaryimage"},"thumbnailUrl":"https:\/\/vitablanca.ma\/wp-content\/uploads\/2025\/06\/Klorane-Masque-au-Lait-de-Papyrus-Nutritif-et-Lissant-150ml-nova-parapharmacie-casablanca.jpg","datePublished":"2025-06-10T18:06:25+00:00","dateModified":"2026-01-21T23:56:46+00:00","description":"Klorane Nourishing and Smoothing Papyrus Milk Mask 150ml","breadcrumb":{"@id":"https:\/\/vitablanca.ma\/produit\/klorane-masque-au-lait-de-papyrus-nutritif-et-lissant-150ml\/#breadcrumb"},"inLanguage":"en-US","potentialAction":[{"@type":"ReadAction","target":["https:\/\/vitablanca.ma\/produit\/klorane-masque-au-lait-de-papyrus-nutritif-et-lissant-150ml\/"]}]},{"@type":"ImageObject","inLanguage":"en-US","@id":"https:\/\/vitablanca.ma\/produit\/klorane-masque-au-lait-de-papyrus-nutritif-et-lissant-150ml\/#primaryimage","url":"https:\/\/vitablanca.ma\/wp-content\/uploads\/2025\/06\/Klorane-Masque-au-Lait-de-Papyrus-Nutritif-et-Lissant-150ml-nova-parapharmacie-casablanca.jpg","contentUrl":"https:\/\/vitablanca.ma\/wp-content\/uploads\/2025\/06\/Klorane-Masque-au-Lait-de-Papyrus-Nutritif-et-Lissant-150ml-nova-parapharmacie-casablanca.jpg","width":1000,"height":1000},{"@type":"BreadcrumbList","@id":"https:\/\/vitablanca.ma\/produit\/klorane-masque-au-lait-de-papyrus-nutritif-et-lissant-150ml\/#breadcrumb","itemListElement":[{"@type":"ListItem","position":1,"name":"Home","item":"https:\/\/vitablanca.ma\/"},{"@type":"ListItem","position":2,"name":"Tous Les Produits","item":"https:\/\/vitablanca.ma\/tous-les-produits\/"},{"@type":"ListItem","position":3,"name":"Klorane Masque au Lait de Papyrus Nutritif et Lissant 150ml"}]},{"@type":"WebSite","@id":"https:\/\/vitablanca.ma\/#website","url":"https:\/\/vitablanca.ma\/","name":"VitaBlanca.ma | Food supplements, health &amp; beauty in Morocco","description":"sell premium vitamins and supplements from USA &amp; Canada, New Zealand, Morocco (NOW Foods, Solgar, Manuka). Fast delivery anywhere in Morocco.","publisher":{"@id":"https:\/\/vitablanca.ma\/#organization"},"alternateName":"VitaBlanca.ma","potentialAction":[{"@type":"SearchAction","target":{"@type":"EntryPoint","urlTemplate":"https:\/\/vitablanca.ma\/?s={search_term_string}"},"query-input":{"@type":"PropertyValueSpecification","valueRequired":true,"valueName":"search_term_string"}}],"inLanguage":"en-US"},{"@type":"Organization","@id":"https:\/\/vitablanca.ma\/#organization","name":"VitaBlanca","url":"https:\/\/vitablanca.ma\/","logo":{"@type":"ImageObject","inLanguage":"en-US","@id":"https:\/\/vitablanca.ma\/#\/schema\/logo\/image\/","url":"https:\/\/vitablanca.ma\/wp-content\/uploads\/2025\/05\/cropped-vitablanca.png","contentUrl":"https:\/\/vitablanca.ma\/wp-content\/uploads\/2025\/05\/cropped-vitablanca.png","width":360,"height":67,"caption":"VitaBlanca"},"image":{"@id":"https:\/\/vitablanca.ma\/#\/schema\/logo\/image\/"},"sameAs":["https:\/\/www.facebook.com\/profile.php?id=61576678196717","https:\/\/www.tiktok.com\/@vitablanca.ma","https:\/\/www.instagram.com\/vitablanca.ma\/"]}]}},"jetpack_sharing_enabled":true,"_links":{"self":[{"href":"https:\/\/vitablanca.ma\/en\/wp-json\/wp\/v2\/product\/19706","targetHints":{"allow":["GET"]}}],"collection":[{"href":"https:\/\/vitablanca.ma\/en\/wp-json\/wp\/v2\/product"}],"about":[{"href":"https:\/\/vitablanca.ma\/en\/wp-json\/wp\/v2\/types\/product"}],"wp:featuredmedia":[{"embeddable":true,"href":"https:\/\/vitablanca.ma\/en\/wp-json\/wp\/v2\/media\/19701"}],"wp:attachment":[{"href":"https:\/\/vitablanca.ma\/en\/wp-json\/wp\/v2\/media?parent=19706"}],"wp:term":[{"taxonomy":"product_brand","embeddable":true,"href":"https:\/\/vitablanca.ma\/en\/wp-json\/wp\/v2\/product_brand?post=19706"},{"taxonomy":"product_cat","embeddable":true,"href":"https:\/\/vitablanca.ma\/en\/wp-json\/wp\/v2\/product_cat?post=19706"},{"taxonomy":"product_tag","embeddable":true,"href":"https:\/\/vitablanca.ma\/en\/wp-json\/wp\/v2\/product_tag?post=19706"}],"curies":[{"name":"wp","href":"https:\/\/api.w.org\/{rel}","templated":true}]}}