{"id":19700,"date":"2025-06-10T18:06:15","date_gmt":"2025-06-10T18:06:15","guid":{"rendered":"https:\/\/vitablanca.ma\/product\/lero-femme-enceinte-et-allaitante-30-capsules-2\/"},"modified":"2025-06-10T18:06:15","modified_gmt":"2025-06-10T18:06:15","slug":"lero-femme-enceinte-et-allaitante-30-capsules-2","status":"publish","type":"product","link":"https:\/\/vitablanca.ma\/en\/product\/lero-femme-enceinte-et-allaitante-30-capsules-2\/","title":{"rendered":"L\u00e9ro Pregnant and Breastfeeding Women 30 Capsules"},"content":{"rendered":"<h2><span data-mce-fragment=\"1\">L\u00e9ro Pregnant and Breastfeeding Woman is a food supplement based on iron, iodine, zinc, B vitamins<\/span><\/h2>\n<p><span data-mce-fragment=\"1\">Lero\u00a0<strong>Natalience<\/strong>\u00a0is a food supplement based on iron, iodine, zinc, B vitamins, which accompanies you throughout your pregnancy and during breastfeeding, necessary both for the future mother and for the proper development of the fetus and the newborn.<\/span><\/p>\n<ul>\n<li>Pregnant &amp; breastfeeding women.<\/li>\n<li>To contribute to the normal development of the brain and eyes of the fetus and newborn.<\/li>\n<li>Box of 30 capsules<\/li>\n<li>1 box = 3 months<\/li>\n<\/ul>\n<div class=\"fusion-text\">\n<p><span>Lero\u00a0<strong>Natalience<\/strong>\u00a0completes your diet during pregnancy and breastfeeding by providing you with:<\/span><\/p>\n<ul>\n<li><span class=\"Apple-converted-space\">of<span>\u00a0<\/span><strong>DHA<\/strong><span>\u00a0<\/span>(omega-3 fatty acid provided by wild fish oil concentrated at 60%) which, when consumed by pregnant women, contributes to<span>\u00a0<\/span><strong>normal development of the fetus&#039;s eyes and brain<\/strong>,<\/span><\/li>\n<li>of<span>\u00a0<\/span><strong>folic acid<\/strong><span>\u00a0<\/span>(<strong>vitamin B9<\/strong>) which participates in cell division and normal amino acid synthesis. It also participates in the<span>\u00a0<\/span><strong>maternal tissue growth<\/strong><span>\u00a0<\/span>during pregnancy and is therefore of interest to women who want to become pregnant and to pregnant women,<\/li>\n<li>of the<span>\u00a0<\/span><strong>vitamin B8<\/strong><span>\u00a0<\/span>which contributes to the normal functioning of the nervous system,<\/li>\n<li>of<span>\u00a0<\/span><strong>iodine<\/strong>, recommended because it contributes to maintaining the proper functioning of the thyroid and the production of thyroid hormones,<\/li>\n<li>of the<span>\u00a0<\/span><strong>vitamin B1<\/strong><span>\u00a0<\/span>which contributes to normal psychological functions,<\/li>\n<li>of<span>\u00a0<\/span><strong>iron<\/strong><span>\u00a0<\/span>and of the<span>\u00a0<\/span><strong>vitamin B12<\/strong><span>\u00a0<\/span>which participate in the normal formation of red blood cells.<\/li>\n<\/ul>\n<\/div>\n<h3><span>Tips and tricks\u00a0<\/span><\/h3>\n<p>It&#039;s not about eating for two, as the saying goes, but about eating twice as well when you&#039;re pregnant.<\/p>\n<ul>\n<li>Eat regularly and as varied as possible.<\/li>\n<li>Make sure you get enough calcium for bone mineralization and to enrich future breast milk.<\/li>\n<li>Eat foods rich in iron (ginger, parsley, dried apricots, cashew nuts, dried fruits, spinach, dandelion, etc.) and folic acid (watercress, spinach, parsley, broccoli, dandelion, chestnuts, etc.).<\/li>\n<li>Avoid raw milk and raw milk cheeses, cold meats, raw fish and only eat meat that is well cooked.<\/li>\n<li>Regularly practice light sporting activity under medical supervision (walking, swimming, exercise bike, etc.).<\/li>\n<li>Do not drink alcohol or smoke during pregnancy and breastfeeding.<\/li>\n<\/ul>\n<p><span data-mce-fragment=\"1\"><br \/><\/span><\/p>","protected":false},"excerpt":{"rendered":"<p>L\u00e9ro Femme Enceinte Et Allaitante\u00a0est un compl\u00e9ment alimentaire \u00e0 base de fer, d\u2019iode, de zinc, de vitamines B L\u00e9ro\u00a0Natalience\u00a0est un compl\u00e9ment alimentaire \u00e0 base de fer, d\u2019iode, de zinc, de vitamines B, qui vous accompagne tout au long de votre grossesse et pendant l\u2019allaitement, n\u00e9cessaires \u00e0 la fois pour la future maman et au bon [&hellip;]<\/p>\n","protected":false},"featured_media":19695,"template":"","meta":{"om_disable_all_campaigns":false},"product_brand":[],"product_cat":[15],"product_tag":[],"class_list":{"0":"post-19700","1":"product","2":"type-product","3":"status-publish","4":"has-post-thumbnail","6":"product_cat-beaute-sante-complements-alimentaires-soins-et-bien-etre-au-meilleur-prix","8":"first","9":"instock","10":"sale","11":"taxable","12":"shipping-taxable","13":"purchasable","14":"product-type-simple"},"yoast_head":"<!-- This site is optimized with the Yoast SEO plugin v27.3 - https:\/\/yoast.com\/product\/yoast-seo-wordpress\/ -->\n<title>L\u00e9ro Femme Enceinte Et Allaitante 30 Capsules - Maroc Prix<\/title>\n<meta name=\"description\" content=\"L\u00e9ro Femme Enceinte Et Allaitante 30 Capsules\" \/>\n<meta name=\"robots\" content=\"index, follow, max-snippet:-1, max-image-preview:large, max-video-preview:-1\" \/>\n<link rel=\"canonical\" href=\"https:\/\/vitablanca.ma\/en\/product\/lero-femme-enceinte-et-allaitante-30-capsules-2\/\" \/>\n<meta property=\"og:locale\" content=\"en_US\" \/>\n<meta property=\"og:type\" content=\"article\" \/>\n<meta property=\"og:title\" content=\"L\u00e9ro Femme Enceinte Et Allaitante 30 Capsules - Maroc Prix\" \/>\n<meta property=\"og:description\" content=\"L\u00e9ro Femme Enceinte Et Allaitante 30 Capsules\" \/>\n<meta property=\"og:url\" content=\"https:\/\/vitablanca.ma\/en\/product\/lero-femme-enceinte-et-allaitante-30-capsules-2\/\" \/>\n<meta property=\"og:site_name\" content=\"Vitablanca.ma &ndash; Sant&eacute;, vitalit&eacute; et bien-&ecirc;tre pour tous les Marocains\" \/>\n<meta property=\"article:publisher\" content=\"https:\/\/www.facebook.com\/profile.php?id=61576678196717\" \/>\n<meta property=\"og:image\" content=\"https:\/\/vitablanca.ma\/wp-content\/uploads\/2025\/06\/Lero-Femme-Enceinte-Et-Allaitante-90-Capsules-global-parapharmacie-maroc-1.jpg\" \/>\n\t<meta property=\"og:image:width\" content=\"1000\" \/>\n\t<meta property=\"og:image:height\" content=\"1000\" \/>\n\t<meta property=\"og:image:type\" content=\"image\/jpeg\" \/>\n<meta name=\"twitter:card\" content=\"summary_large_image\" \/>\n<meta name=\"twitter:label1\" content=\"Est. reading time\" \/>\n\t<meta name=\"twitter:data1\" content=\"2 minutes\" \/>\n<script type=\"application\/ld+json\" class=\"yoast-schema-graph\">{\"@context\":\"https:\\\/\\\/schema.org\",\"@graph\":[{\"@type\":[\"WebPage\",\"ItemPage\"],\"@id\":\"https:\\\/\\\/vitablanca.ma\\\/produit\\\/lero-femme-enceinte-et-allaitante-30-capsules-2\\\/\",\"url\":\"https:\\\/\\\/vitablanca.ma\\\/produit\\\/lero-femme-enceinte-et-allaitante-30-capsules-2\\\/\",\"name\":\"L\u00e9ro Femme Enceinte Et Allaitante 30 Capsules - Maroc Prix\",\"isPartOf\":{\"@id\":\"https:\\\/\\\/vitablanca.ma\\\/#website\"},\"primaryImageOfPage\":{\"@id\":\"https:\\\/\\\/vitablanca.ma\\\/produit\\\/lero-femme-enceinte-et-allaitante-30-capsules-2\\\/#primaryimage\"},\"image\":{\"@id\":\"https:\\\/\\\/vitablanca.ma\\\/produit\\\/lero-femme-enceinte-et-allaitante-30-capsules-2\\\/#primaryimage\"},\"thumbnailUrl\":\"https:\\\/\\\/vitablanca.ma\\\/wp-content\\\/uploads\\\/2025\\\/06\\\/Lero-Femme-Enceinte-Et-Allaitante-90-Capsules-global-parapharmacie-maroc-1.jpg\",\"datePublished\":\"2025-06-10T18:06:15+00:00\",\"description\":\"L\u00e9ro Femme Enceinte Et Allaitante 30 Capsules\",\"breadcrumb\":{\"@id\":\"https:\\\/\\\/vitablanca.ma\\\/produit\\\/lero-femme-enceinte-et-allaitante-30-capsules-2\\\/#breadcrumb\"},\"inLanguage\":\"en-US\",\"potentialAction\":[{\"@type\":\"ReadAction\",\"target\":[\"https:\\\/\\\/vitablanca.ma\\\/produit\\\/lero-femme-enceinte-et-allaitante-30-capsules-2\\\/\"]}]},{\"@type\":\"ImageObject\",\"inLanguage\":\"en-US\",\"@id\":\"https:\\\/\\\/vitablanca.ma\\\/produit\\\/lero-femme-enceinte-et-allaitante-30-capsules-2\\\/#primaryimage\",\"url\":\"https:\\\/\\\/vitablanca.ma\\\/wp-content\\\/uploads\\\/2025\\\/06\\\/Lero-Femme-Enceinte-Et-Allaitante-90-Capsules-global-parapharmacie-maroc-1.jpg\",\"contentUrl\":\"https:\\\/\\\/vitablanca.ma\\\/wp-content\\\/uploads\\\/2025\\\/06\\\/Lero-Femme-Enceinte-Et-Allaitante-90-Capsules-global-parapharmacie-maroc-1.jpg\",\"width\":1000,\"height\":1000},{\"@type\":\"BreadcrumbList\",\"@id\":\"https:\\\/\\\/vitablanca.ma\\\/produit\\\/lero-femme-enceinte-et-allaitante-30-capsules-2\\\/#breadcrumb\",\"itemListElement\":[{\"@type\":\"ListItem\",\"position\":1,\"name\":\"Home\",\"item\":\"https:\\\/\\\/vitablanca.ma\\\/\"},{\"@type\":\"ListItem\",\"position\":2,\"name\":\"Tous Les Produits\",\"item\":\"https:\\\/\\\/vitablanca.ma\\\/tous-les-produits\\\/\"},{\"@type\":\"ListItem\",\"position\":3,\"name\":\"L\u00e9ro Femme Enceinte Et Allaitante 30 Capsules\"}]},{\"@type\":\"WebSite\",\"@id\":\"https:\\\/\\\/vitablanca.ma\\\/#website\",\"url\":\"https:\\\/\\\/vitablanca.ma\\\/\",\"name\":\"VitaBlanca.ma | Compl\u00e9ments alimentaires, sant\u00e9 & beaut\u00e9 au Maroc\",\"description\":\"vendre vitamines et compl\u00e9ments premium des USA &amp; Canada, Nouvelle Z\u00e9lande,Maroc (NOW Foods, Solgar, Manuka). Livraison rapide partout au Maroc.\",\"publisher\":{\"@id\":\"https:\\\/\\\/vitablanca.ma\\\/#organization\"},\"alternateName\":\"VitaBlanca.ma\",\"potentialAction\":[{\"@type\":\"SearchAction\",\"target\":{\"@type\":\"EntryPoint\",\"urlTemplate\":\"https:\\\/\\\/vitablanca.ma\\\/?s={search_term_string}\"},\"query-input\":{\"@type\":\"PropertyValueSpecification\",\"valueRequired\":true,\"valueName\":\"search_term_string\"}}],\"inLanguage\":\"en-US\"},{\"@type\":\"Organization\",\"@id\":\"https:\\\/\\\/vitablanca.ma\\\/#organization\",\"name\":\"VitaBlanca\",\"url\":\"https:\\\/\\\/vitablanca.ma\\\/\",\"logo\":{\"@type\":\"ImageObject\",\"inLanguage\":\"en-US\",\"@id\":\"https:\\\/\\\/vitablanca.ma\\\/#\\\/schema\\\/logo\\\/image\\\/\",\"url\":\"https:\\\/\\\/vitablanca.ma\\\/wp-content\\\/uploads\\\/2025\\\/05\\\/cropped-vitablanca.png\",\"contentUrl\":\"https:\\\/\\\/vitablanca.ma\\\/wp-content\\\/uploads\\\/2025\\\/05\\\/cropped-vitablanca.png\",\"width\":360,\"height\":67,\"caption\":\"VitaBlanca\"},\"image\":{\"@id\":\"https:\\\/\\\/vitablanca.ma\\\/#\\\/schema\\\/logo\\\/image\\\/\"},\"sameAs\":[\"https:\\\/\\\/www.facebook.com\\\/profile.php?id=61576678196717\",\"https:\\\/\\\/www.tiktok.com\\\/@vitablanca.ma\",\"https:\\\/\\\/www.instagram.com\\\/vitablanca.ma\\\/\"]}]}<\/script>\n<!-- \/ Yoast SEO plugin. -->","yoast_head_json":{"title":"L\u00e9ro Pregnant and Breastfeeding Women 30 Capsules - Morocco Price","description":"L\u00e9ro Pregnant and Breastfeeding Women 30 Capsules","robots":{"index":"index","follow":"follow","max-snippet":"max-snippet:-1","max-image-preview":"max-image-preview:large","max-video-preview":"max-video-preview:-1"},"canonical":"https:\/\/vitablanca.ma\/en\/product\/lero-femme-enceinte-et-allaitante-30-capsules-2\/","og_locale":"en_US","og_type":"article","og_title":"L\u00e9ro Femme Enceinte Et Allaitante 30 Capsules - Maroc Prix","og_description":"L\u00e9ro Femme Enceinte Et Allaitante 30 Capsules","og_url":"https:\/\/vitablanca.ma\/en\/product\/lero-femme-enceinte-et-allaitante-30-capsules-2\/","og_site_name":"Vitablanca.ma &ndash; Sant&eacute;, vitalit&eacute; et bien-&ecirc;tre pour tous les Marocains","article_publisher":"https:\/\/www.facebook.com\/profile.php?id=61576678196717","og_image":[{"width":1000,"height":1000,"url":"https:\/\/vitablanca.ma\/wp-content\/uploads\/2025\/06\/Lero-Femme-Enceinte-Et-Allaitante-90-Capsules-global-parapharmacie-maroc-1.jpg","type":"image\/jpeg"}],"twitter_card":"summary_large_image","twitter_misc":{"Est. reading time":"2 minutes"},"schema":{"@context":"https:\/\/schema.org","@graph":[{"@type":["WebPage","ItemPage"],"@id":"https:\/\/vitablanca.ma\/produit\/lero-femme-enceinte-et-allaitante-30-capsules-2\/","url":"https:\/\/vitablanca.ma\/produit\/lero-femme-enceinte-et-allaitante-30-capsules-2\/","name":"L\u00e9ro Pregnant and Breastfeeding Women 30 Capsules - Morocco Price","isPartOf":{"@id":"https:\/\/vitablanca.ma\/#website"},"primaryImageOfPage":{"@id":"https:\/\/vitablanca.ma\/produit\/lero-femme-enceinte-et-allaitante-30-capsules-2\/#primaryimage"},"image":{"@id":"https:\/\/vitablanca.ma\/produit\/lero-femme-enceinte-et-allaitante-30-capsules-2\/#primaryimage"},"thumbnailUrl":"https:\/\/vitablanca.ma\/wp-content\/uploads\/2025\/06\/Lero-Femme-Enceinte-Et-Allaitante-90-Capsules-global-parapharmacie-maroc-1.jpg","datePublished":"2025-06-10T18:06:15+00:00","description":"L\u00e9ro Pregnant and Breastfeeding Women 30 Capsules","breadcrumb":{"@id":"https:\/\/vitablanca.ma\/produit\/lero-femme-enceinte-et-allaitante-30-capsules-2\/#breadcrumb"},"inLanguage":"en-US","potentialAction":[{"@type":"ReadAction","target":["https:\/\/vitablanca.ma\/produit\/lero-femme-enceinte-et-allaitante-30-capsules-2\/"]}]},{"@type":"ImageObject","inLanguage":"en-US","@id":"https:\/\/vitablanca.ma\/produit\/lero-femme-enceinte-et-allaitante-30-capsules-2\/#primaryimage","url":"https:\/\/vitablanca.ma\/wp-content\/uploads\/2025\/06\/Lero-Femme-Enceinte-Et-Allaitante-90-Capsules-global-parapharmacie-maroc-1.jpg","contentUrl":"https:\/\/vitablanca.ma\/wp-content\/uploads\/2025\/06\/Lero-Femme-Enceinte-Et-Allaitante-90-Capsules-global-parapharmacie-maroc-1.jpg","width":1000,"height":1000},{"@type":"BreadcrumbList","@id":"https:\/\/vitablanca.ma\/produit\/lero-femme-enceinte-et-allaitante-30-capsules-2\/#breadcrumb","itemListElement":[{"@type":"ListItem","position":1,"name":"Home","item":"https:\/\/vitablanca.ma\/"},{"@type":"ListItem","position":2,"name":"Tous Les Produits","item":"https:\/\/vitablanca.ma\/tous-les-produits\/"},{"@type":"ListItem","position":3,"name":"L\u00e9ro Femme Enceinte Et Allaitante 30 Capsules"}]},{"@type":"WebSite","@id":"https:\/\/vitablanca.ma\/#website","url":"https:\/\/vitablanca.ma\/","name":"VitaBlanca.ma | Food supplements, health &amp; beauty in Morocco","description":"sell premium vitamins and supplements from USA &amp; Canada, New Zealand, Morocco (NOW Foods, Solgar, Manuka). Fast delivery anywhere in Morocco.","publisher":{"@id":"https:\/\/vitablanca.ma\/#organization"},"alternateName":"VitaBlanca.ma","potentialAction":[{"@type":"SearchAction","target":{"@type":"EntryPoint","urlTemplate":"https:\/\/vitablanca.ma\/?s={search_term_string}"},"query-input":{"@type":"PropertyValueSpecification","valueRequired":true,"valueName":"search_term_string"}}],"inLanguage":"en-US"},{"@type":"Organization","@id":"https:\/\/vitablanca.ma\/#organization","name":"VitaBlanca","url":"https:\/\/vitablanca.ma\/","logo":{"@type":"ImageObject","inLanguage":"en-US","@id":"https:\/\/vitablanca.ma\/#\/schema\/logo\/image\/","url":"https:\/\/vitablanca.ma\/wp-content\/uploads\/2025\/05\/cropped-vitablanca.png","contentUrl":"https:\/\/vitablanca.ma\/wp-content\/uploads\/2025\/05\/cropped-vitablanca.png","width":360,"height":67,"caption":"VitaBlanca"},"image":{"@id":"https:\/\/vitablanca.ma\/#\/schema\/logo\/image\/"},"sameAs":["https:\/\/www.facebook.com\/profile.php?id=61576678196717","https:\/\/www.tiktok.com\/@vitablanca.ma","https:\/\/www.instagram.com\/vitablanca.ma\/"]}]}},"jetpack_sharing_enabled":true,"_links":{"self":[{"href":"https:\/\/vitablanca.ma\/en\/wp-json\/wp\/v2\/product\/19700","targetHints":{"allow":["GET"]}}],"collection":[{"href":"https:\/\/vitablanca.ma\/en\/wp-json\/wp\/v2\/product"}],"about":[{"href":"https:\/\/vitablanca.ma\/en\/wp-json\/wp\/v2\/types\/product"}],"wp:featuredmedia":[{"embeddable":true,"href":"https:\/\/vitablanca.ma\/en\/wp-json\/wp\/v2\/media\/19695"}],"wp:attachment":[{"href":"https:\/\/vitablanca.ma\/en\/wp-json\/wp\/v2\/media?parent=19700"}],"wp:term":[{"taxonomy":"product_brand","embeddable":true,"href":"https:\/\/vitablanca.ma\/en\/wp-json\/wp\/v2\/product_brand?post=19700"},{"taxonomy":"product_cat","embeddable":true,"href":"https:\/\/vitablanca.ma\/en\/wp-json\/wp\/v2\/product_cat?post=19700"},{"taxonomy":"product_tag","embeddable":true,"href":"https:\/\/vitablanca.ma\/en\/wp-json\/wp\/v2\/product_tag?post=19700"}],"curies":[{"name":"wp","href":"https:\/\/api.w.org\/{rel}","templated":true}]}}