{"id":19691,"date":"2025-06-10T18:05:59","date_gmt":"2025-06-10T18:05:59","guid":{"rendered":"https:\/\/vitablanca.ma\/product\/klorane-shampoing-sec-au-lait-davoine-150ml\/"},"modified":"2026-01-21T23:56:46","modified_gmt":"2026-01-21T23:56:46","slug":"klorane-shampoing-sec-au-lait-davoine-150ml","status":"publish","type":"product","link":"https:\/\/vitablanca.ma\/en\/product\/klorane-shampoing-sec-au-lait-davoine-150ml\/","title":{"rendered":"Klorane Dry Shampoo with Oat Milk 150ml"},"content":{"rendered":"<h2>Klorane Dry Shampoo with Oat Milk\u00a0<span data-mce-fragment=\"1\">Cleans without water.<\/span><br \/>\n<\/h2>\n<p><span data-mce-fragment=\"1\">This extra-gentle, leave-in dry shampoo gently cleanses to restore volume, freshness and texture to hair.<br \/><\/span>Clean hair with volume in 2 minutes and without water.<br \/>Cleansing, softening, texturizing.<br \/>150ml.<\/p>\n<div class=\"block-content\">\n<p>Since 1971, Klorane Dry Shampoo with Oat Milk has been providing freshness and lightness between washes, while saving water. No rinsing required, this shampoo is sprayed onto dry hair to gently cleanse and absorb excess sebum while respecting the scalp&#039;s balance. The formula is made from softening oat milk and naturally derived powders with very high absorbency. In 2 minutes, hair regains volume and texture with a pleasant, fresh fragrance. Convenient to use, the dry shampoo can be taken anywhere and leaves no residue.<\/p>\n<\/div>\n<div class=\"block-content has-heading\">\n<div class=\"block-content-heading\">\n<h3 class=\"\" id=\"\">Advantage<\/h3>\n<\/div>\n<p>Practical, gentle, and effective, dry shampoo saves time and water. #savewater: Save up to 180 liters of water by using dry shampoo. With the Klorane Botanical Foundation, Klorane is committed to preserving water and your hair.<\/p>\n<div class=\"block-content-heading\">\n<h3 class=\"\" id=\"\">Benefits<\/h3>\n<\/div>\n<p>\u2013 Cleansing: the extra-gentle, no-rinse formula with Oat milk cleanses the scalp without damaging it and eliminates excess sebum in 2 minutes.<br \/>\u2013 Texturizing: in just a few sprays, it restores volume, substance and texture to the hair without the need to wet it.<br \/>\u2013 Styling: a real freshness gesture and beauty secret, Oat Dry Shampoo makes it easier to create all hairstyles and helps them hold.<\/p>\n<p class=\"style-1\"><strong>Ideal:<\/strong> For\u00a0<span>Teenagers, adults<\/span><\/p>\n<p class=\"style-1\"><strong>Hair Type:<\/strong>\u00a0<span>All hair types<\/span><\/p>\n<p class=\"style-1\"><strong>Need:<\/strong>\u00a0<span>Soft, ultra-soft effect<\/span><\/p>\n<h3 class=\"resultats__title\"><span class=\"block-name anm animated\" id=\"\">Results<\/span><\/h3>\n<div class=\"resultats__sub-title anm animated\">\n<p>Gently moisturize, soften and protect.<\/p>\n<p><span class=\"anm block-name animated\" id=\"\"><strong>Application<\/strong><br \/><\/span>Extra-gentle, high-tolerance dry shampoo for washing without water.<br \/>Perfect for mornings when you don&#039;t have time! In 2 minutes, hair feels light and fresh without water.<\/p>\n<p><strong>FREQUENCY OF USE<\/strong><br \/>As often as needed<\/p>\n<p><strong>1. SHAKE<\/strong><br \/>Shake the spray before use.<\/p>\n<p><strong>2. SPRAY<\/strong><br \/>Spray section by section, 15 cm from the scalp and leave on for 2 minutes.<\/p>\n<p><strong>3. ELIMINATE<\/strong><br \/>Brush well or use a hair dryer to remove residue.<\/p>\n<div class=\"block-heading-title\">\n<h3 class=\"anm block-name animated\">Ingredients<\/h3>\n<\/div>\n<div class=\"block-heading-description anm animated\">\n<p>Naturally sourced absorbent ingredients.<\/p>\n<\/div>\n<\/div>\n<\/div>","protected":false},"excerpt":{"rendered":"<p>Klorane Shampoing Sec Au Lait D&rsquo;Avoine\u00a0Nettoie sans eau. Ce\u00a0Shampoing sec sans rin\u00e7age, extra-doux\u00a0nettoie en douceur pour redonner volume, fra\u00eecheur et texture aux cheveux.Des cheveux propres et du volume en 2 min et sans eau.Nettoyant, adoucissant, texturisant.150ml. Depuis 1971, le\u00a0Shampoing sec Klorane\u00a0au lait d\u2019Avoine\u00a0apporte fra\u00eecheur et l\u00e9g\u00e8ret\u00e9 entre 2 shampoings, tout en \u00e9conomisant l\u2019eau.\u00a0Sans rin\u00e7age, ce [&hellip;]<\/p>\n","protected":false},"featured_media":19688,"template":"","meta":{"om_disable_all_campaigns":false},"product_brand":[6000],"product_cat":[18,15],"product_tag":[],"class_list":{"0":"post-19691","1":"product","2":"type-product","3":"status-publish","4":"has-post-thumbnail","6":"product_brand-klorane-maroc-prix","7":"product_cat-beaute-sante","8":"product_cat-beaute-sante-complements-alimentaires-soins-et-bien-etre-au-meilleur-prix","10":"first","11":"instock","12":"sale","13":"taxable","14":"shipping-taxable","15":"purchasable","16":"product-type-simple"},"yoast_head":"<!-- This site is optimized with the Yoast SEO plugin v27.4 - https:\/\/yoast.com\/product\/yoast-seo-wordpress\/ -->\n<title>Klorane Shampoing Sec Au Lait D&#039;Avoine 150ml - Maroc Prix<\/title>\n<meta name=\"description\" content=\"Klorane Shampoing Sec Au Lait D&#039;Avoine 150ml\" \/>\n<meta name=\"robots\" content=\"index, follow, max-snippet:-1, max-image-preview:large, max-video-preview:-1\" \/>\n<link rel=\"canonical\" href=\"https:\/\/vitablanca.ma\/en\/product\/klorane-shampoing-sec-au-lait-davoine-150ml\/\" \/>\n<meta property=\"og:locale\" content=\"en_US\" \/>\n<meta property=\"og:type\" content=\"article\" \/>\n<meta property=\"og:title\" content=\"Klorane Shampoing Sec Au Lait D&#039;Avoine 150ml - Maroc Prix\" \/>\n<meta property=\"og:description\" content=\"Klorane Shampoing Sec Au Lait D&#039;Avoine 150ml\" \/>\n<meta property=\"og:url\" content=\"https:\/\/vitablanca.ma\/en\/product\/klorane-shampoing-sec-au-lait-davoine-150ml\/\" \/>\n<meta property=\"og:site_name\" content=\"Vitablanca.ma &ndash; Sant&eacute;, vitalit&eacute; et bien-&ecirc;tre pour tous les Marocains\" \/>\n<meta property=\"article:publisher\" content=\"https:\/\/www.facebook.com\/profile.php?id=61576678196717\" \/>\n<meta property=\"article:modified_time\" content=\"2026-01-21T23:56:46+00:00\" \/>\n<meta property=\"og:image\" content=\"https:\/\/vitablanca.ma\/wp-content\/uploads\/2025\/06\/Klorane-Shampoing-Sec-Au-Lait-D_Avoine-150ml-nova-parapharmacie-casablanca.jpg\" \/>\n\t<meta property=\"og:image:width\" content=\"1000\" \/>\n\t<meta property=\"og:image:height\" content=\"1000\" \/>\n\t<meta property=\"og:image:type\" content=\"image\/jpeg\" \/>\n<meta name=\"twitter:card\" content=\"summary_large_image\" \/>\n<meta name=\"twitter:label1\" content=\"Est. reading time\" \/>\n\t<meta name=\"twitter:data1\" content=\"2 minutes\" \/>\n<script type=\"application\/ld+json\" class=\"yoast-schema-graph\">{\"@context\":\"https:\\\/\\\/schema.org\",\"@graph\":[{\"@type\":[\"WebPage\",\"ItemPage\"],\"@id\":\"https:\\\/\\\/vitablanca.ma\\\/produit\\\/klorane-shampoing-sec-au-lait-davoine-150ml\\\/\",\"url\":\"https:\\\/\\\/vitablanca.ma\\\/produit\\\/klorane-shampoing-sec-au-lait-davoine-150ml\\\/\",\"name\":\"Klorane Shampoing Sec Au Lait D'Avoine 150ml - Maroc Prix\",\"isPartOf\":{\"@id\":\"https:\\\/\\\/vitablanca.ma\\\/#website\"},\"primaryImageOfPage\":{\"@id\":\"https:\\\/\\\/vitablanca.ma\\\/produit\\\/klorane-shampoing-sec-au-lait-davoine-150ml\\\/#primaryimage\"},\"image\":{\"@id\":\"https:\\\/\\\/vitablanca.ma\\\/produit\\\/klorane-shampoing-sec-au-lait-davoine-150ml\\\/#primaryimage\"},\"thumbnailUrl\":\"https:\\\/\\\/vitablanca.ma\\\/wp-content\\\/uploads\\\/2025\\\/06\\\/Klorane-Shampoing-Sec-Au-Lait-D_Avoine-150ml-nova-parapharmacie-casablanca.jpg\",\"datePublished\":\"2025-06-10T18:05:59+00:00\",\"dateModified\":\"2026-01-21T23:56:46+00:00\",\"description\":\"Klorane Shampoing Sec Au Lait D'Avoine 150ml\",\"breadcrumb\":{\"@id\":\"https:\\\/\\\/vitablanca.ma\\\/produit\\\/klorane-shampoing-sec-au-lait-davoine-150ml\\\/#breadcrumb\"},\"inLanguage\":\"en-US\",\"potentialAction\":[{\"@type\":\"ReadAction\",\"target\":[\"https:\\\/\\\/vitablanca.ma\\\/produit\\\/klorane-shampoing-sec-au-lait-davoine-150ml\\\/\"]}]},{\"@type\":\"ImageObject\",\"inLanguage\":\"en-US\",\"@id\":\"https:\\\/\\\/vitablanca.ma\\\/produit\\\/klorane-shampoing-sec-au-lait-davoine-150ml\\\/#primaryimage\",\"url\":\"https:\\\/\\\/vitablanca.ma\\\/wp-content\\\/uploads\\\/2025\\\/06\\\/Klorane-Shampoing-Sec-Au-Lait-D_Avoine-150ml-nova-parapharmacie-casablanca.jpg\",\"contentUrl\":\"https:\\\/\\\/vitablanca.ma\\\/wp-content\\\/uploads\\\/2025\\\/06\\\/Klorane-Shampoing-Sec-Au-Lait-D_Avoine-150ml-nova-parapharmacie-casablanca.jpg\",\"width\":1000,\"height\":1000},{\"@type\":\"BreadcrumbList\",\"@id\":\"https:\\\/\\\/vitablanca.ma\\\/produit\\\/klorane-shampoing-sec-au-lait-davoine-150ml\\\/#breadcrumb\",\"itemListElement\":[{\"@type\":\"ListItem\",\"position\":1,\"name\":\"Home\",\"item\":\"https:\\\/\\\/vitablanca.ma\\\/\"},{\"@type\":\"ListItem\",\"position\":2,\"name\":\"Tous Les Produits\",\"item\":\"https:\\\/\\\/vitablanca.ma\\\/tous-les-produits\\\/\"},{\"@type\":\"ListItem\",\"position\":3,\"name\":\"Klorane Shampoing Sec Au Lait D&#8217;Avoine 150ml\"}]},{\"@type\":\"WebSite\",\"@id\":\"https:\\\/\\\/vitablanca.ma\\\/#website\",\"url\":\"https:\\\/\\\/vitablanca.ma\\\/\",\"name\":\"VitaBlanca.ma | Compl\u00e9ments alimentaires, sant\u00e9 & beaut\u00e9 au Maroc\",\"description\":\"vendre vitamines et compl\u00e9ments premium des USA &amp; Canada, Nouvelle Z\u00e9lande,Maroc (NOW Foods, Solgar, Manuka). Livraison rapide partout au Maroc.\",\"publisher\":{\"@id\":\"https:\\\/\\\/vitablanca.ma\\\/#organization\"},\"alternateName\":\"VitaBlanca.ma\",\"potentialAction\":[{\"@type\":\"SearchAction\",\"target\":{\"@type\":\"EntryPoint\",\"urlTemplate\":\"https:\\\/\\\/vitablanca.ma\\\/?s={search_term_string}\"},\"query-input\":{\"@type\":\"PropertyValueSpecification\",\"valueRequired\":true,\"valueName\":\"search_term_string\"}}],\"inLanguage\":\"en-US\"},{\"@type\":\"Organization\",\"@id\":\"https:\\\/\\\/vitablanca.ma\\\/#organization\",\"name\":\"VitaBlanca\",\"url\":\"https:\\\/\\\/vitablanca.ma\\\/\",\"logo\":{\"@type\":\"ImageObject\",\"inLanguage\":\"en-US\",\"@id\":\"https:\\\/\\\/vitablanca.ma\\\/#\\\/schema\\\/logo\\\/image\\\/\",\"url\":\"https:\\\/\\\/vitablanca.ma\\\/wp-content\\\/uploads\\\/2025\\\/05\\\/cropped-vitablanca.png\",\"contentUrl\":\"https:\\\/\\\/vitablanca.ma\\\/wp-content\\\/uploads\\\/2025\\\/05\\\/cropped-vitablanca.png\",\"width\":360,\"height\":67,\"caption\":\"VitaBlanca\"},\"image\":{\"@id\":\"https:\\\/\\\/vitablanca.ma\\\/#\\\/schema\\\/logo\\\/image\\\/\"},\"sameAs\":[\"https:\\\/\\\/www.facebook.com\\\/profile.php?id=61576678196717\",\"https:\\\/\\\/www.tiktok.com\\\/@vitablanca.ma\",\"https:\\\/\\\/www.instagram.com\\\/vitablanca.ma\\\/\"]}]}<\/script>\n<!-- \/ Yoast SEO plugin. -->","yoast_head_json":{"title":"Klorane Dry Shampoo with Oat Milk 150ml - Morocco Price","description":"Klorane Dry Shampoo with Oat Milk 150ml","robots":{"index":"index","follow":"follow","max-snippet":"max-snippet:-1","max-image-preview":"max-image-preview:large","max-video-preview":"max-video-preview:-1"},"canonical":"https:\/\/vitablanca.ma\/en\/product\/klorane-shampoing-sec-au-lait-davoine-150ml\/","og_locale":"en_US","og_type":"article","og_title":"Klorane Shampoing Sec Au Lait D'Avoine 150ml - Maroc Prix","og_description":"Klorane Shampoing Sec Au Lait D'Avoine 150ml","og_url":"https:\/\/vitablanca.ma\/en\/product\/klorane-shampoing-sec-au-lait-davoine-150ml\/","og_site_name":"Vitablanca.ma &ndash; Sant&eacute;, vitalit&eacute; et bien-&ecirc;tre pour tous les Marocains","article_publisher":"https:\/\/www.facebook.com\/profile.php?id=61576678196717","article_modified_time":"2026-01-21T23:56:46+00:00","og_image":[{"width":1000,"height":1000,"url":"https:\/\/vitablanca.ma\/wp-content\/uploads\/2025\/06\/Klorane-Shampoing-Sec-Au-Lait-D_Avoine-150ml-nova-parapharmacie-casablanca.jpg","type":"image\/jpeg"}],"twitter_card":"summary_large_image","twitter_misc":{"Est. reading time":"2 minutes"},"schema":{"@context":"https:\/\/schema.org","@graph":[{"@type":["WebPage","ItemPage"],"@id":"https:\/\/vitablanca.ma\/produit\/klorane-shampoing-sec-au-lait-davoine-150ml\/","url":"https:\/\/vitablanca.ma\/produit\/klorane-shampoing-sec-au-lait-davoine-150ml\/","name":"Klorane Dry Shampoo with Oat Milk 150ml - Morocco Price","isPartOf":{"@id":"https:\/\/vitablanca.ma\/#website"},"primaryImageOfPage":{"@id":"https:\/\/vitablanca.ma\/produit\/klorane-shampoing-sec-au-lait-davoine-150ml\/#primaryimage"},"image":{"@id":"https:\/\/vitablanca.ma\/produit\/klorane-shampoing-sec-au-lait-davoine-150ml\/#primaryimage"},"thumbnailUrl":"https:\/\/vitablanca.ma\/wp-content\/uploads\/2025\/06\/Klorane-Shampoing-Sec-Au-Lait-D_Avoine-150ml-nova-parapharmacie-casablanca.jpg","datePublished":"2025-06-10T18:05:59+00:00","dateModified":"2026-01-21T23:56:46+00:00","description":"Klorane Dry Shampoo with Oat Milk 150ml","breadcrumb":{"@id":"https:\/\/vitablanca.ma\/produit\/klorane-shampoing-sec-au-lait-davoine-150ml\/#breadcrumb"},"inLanguage":"en-US","potentialAction":[{"@type":"ReadAction","target":["https:\/\/vitablanca.ma\/produit\/klorane-shampoing-sec-au-lait-davoine-150ml\/"]}]},{"@type":"ImageObject","inLanguage":"en-US","@id":"https:\/\/vitablanca.ma\/produit\/klorane-shampoing-sec-au-lait-davoine-150ml\/#primaryimage","url":"https:\/\/vitablanca.ma\/wp-content\/uploads\/2025\/06\/Klorane-Shampoing-Sec-Au-Lait-D_Avoine-150ml-nova-parapharmacie-casablanca.jpg","contentUrl":"https:\/\/vitablanca.ma\/wp-content\/uploads\/2025\/06\/Klorane-Shampoing-Sec-Au-Lait-D_Avoine-150ml-nova-parapharmacie-casablanca.jpg","width":1000,"height":1000},{"@type":"BreadcrumbList","@id":"https:\/\/vitablanca.ma\/produit\/klorane-shampoing-sec-au-lait-davoine-150ml\/#breadcrumb","itemListElement":[{"@type":"ListItem","position":1,"name":"Home","item":"https:\/\/vitablanca.ma\/"},{"@type":"ListItem","position":2,"name":"Tous Les Produits","item":"https:\/\/vitablanca.ma\/tous-les-produits\/"},{"@type":"ListItem","position":3,"name":"Klorane Shampoing Sec Au Lait D&#8217;Avoine 150ml"}]},{"@type":"WebSite","@id":"https:\/\/vitablanca.ma\/#website","url":"https:\/\/vitablanca.ma\/","name":"VitaBlanca.ma | Food supplements, health &amp; beauty in Morocco","description":"sell premium vitamins and supplements from USA &amp; Canada, New Zealand, Morocco (NOW Foods, Solgar, Manuka). Fast delivery anywhere in Morocco.","publisher":{"@id":"https:\/\/vitablanca.ma\/#organization"},"alternateName":"VitaBlanca.ma","potentialAction":[{"@type":"SearchAction","target":{"@type":"EntryPoint","urlTemplate":"https:\/\/vitablanca.ma\/?s={search_term_string}"},"query-input":{"@type":"PropertyValueSpecification","valueRequired":true,"valueName":"search_term_string"}}],"inLanguage":"en-US"},{"@type":"Organization","@id":"https:\/\/vitablanca.ma\/#organization","name":"VitaBlanca","url":"https:\/\/vitablanca.ma\/","logo":{"@type":"ImageObject","inLanguage":"en-US","@id":"https:\/\/vitablanca.ma\/#\/schema\/logo\/image\/","url":"https:\/\/vitablanca.ma\/wp-content\/uploads\/2025\/05\/cropped-vitablanca.png","contentUrl":"https:\/\/vitablanca.ma\/wp-content\/uploads\/2025\/05\/cropped-vitablanca.png","width":360,"height":67,"caption":"VitaBlanca"},"image":{"@id":"https:\/\/vitablanca.ma\/#\/schema\/logo\/image\/"},"sameAs":["https:\/\/www.facebook.com\/profile.php?id=61576678196717","https:\/\/www.tiktok.com\/@vitablanca.ma","https:\/\/www.instagram.com\/vitablanca.ma\/"]}]}},"jetpack_sharing_enabled":true,"_links":{"self":[{"href":"https:\/\/vitablanca.ma\/en\/wp-json\/wp\/v2\/product\/19691","targetHints":{"allow":["GET"]}}],"collection":[{"href":"https:\/\/vitablanca.ma\/en\/wp-json\/wp\/v2\/product"}],"about":[{"href":"https:\/\/vitablanca.ma\/en\/wp-json\/wp\/v2\/types\/product"}],"wp:featuredmedia":[{"embeddable":true,"href":"https:\/\/vitablanca.ma\/en\/wp-json\/wp\/v2\/media\/19688"}],"wp:attachment":[{"href":"https:\/\/vitablanca.ma\/en\/wp-json\/wp\/v2\/media?parent=19691"}],"wp:term":[{"taxonomy":"product_brand","embeddable":true,"href":"https:\/\/vitablanca.ma\/en\/wp-json\/wp\/v2\/product_brand?post=19691"},{"taxonomy":"product_cat","embeddable":true,"href":"https:\/\/vitablanca.ma\/en\/wp-json\/wp\/v2\/product_cat?post=19691"},{"taxonomy":"product_tag","embeddable":true,"href":"https:\/\/vitablanca.ma\/en\/wp-json\/wp\/v2\/product_tag?post=19691"}],"curies":[{"name":"wp","href":"https:\/\/api.w.org\/{rel}","templated":true}]}}