{"id":19620,"date":"2025-06-10T18:03:03","date_gmt":"2025-06-10T18:03:03","guid":{"rendered":"https:\/\/vitablanca.ma\/product\/isispharma-sensylia-gellee-demaquillante-250ml\/"},"modified":"2025-12-24T16:33:15","modified_gmt":"2025-12-24T16:33:15","slug":"isispharma-sensylia-gellee-demaquillante-250ml","status":"publish","type":"product","link":"https:\/\/vitablanca.ma\/en\/product\/isispharma-sensylia-gellee-demaquillante-250ml\/","title":{"rendered":"Isispharma Sensylia Cleansing Gel 250ml"},"content":{"rendered":"<h2>Isispharma Sensylia Cleansing Jelly\u00a0<span data-mce-fragment=\"1\">specially developed for sensitive and dehydrated skin<\/span><br \/>\n<\/h2>\n<div class=\"sp_details--tab accordion_item open\">\n<h3 class=\"sp_details--tab-title accordion_item--toggle\">HOW TO USE IT?<span class=\"sp_details--tab-toggle-icon\"><\/span><br \/>\n<\/h3>\n<div class=\"sp_details--tab-content accordion_item--content\">\n<div class=\"accordion_item--content-inner rich-text\">\n<div class=\"sp_details--content\">\n<p><strong>On the face and eyes<\/strong><br \/>2 in 1 application<br \/><em>No-rinse makeup remover<\/em><span>\u00a0<\/span>: apply Sensylia Gel\u00e9e morning and\/or evening using a cotton pad or your fingertips.<\/p>\n<p><em>Rinse-off cleansing gel<\/em><span>\u00a0<\/span>: With your fingertips, use Sensylia Gel\u00e9e morning and\/or evening on the face and eyes and the jelly transforms into a fine cleansing foam which traps particles.<\/p>\n<p><strong>Test under dermatological and ophthalmic control<\/strong><br \/>Suitable for the whole family and pregnant and breastfeeding women.<\/p>\n<p><span class=\"usage usage-day\">DAY\u00a0<\/span><span class=\"usage usage-night\">NIGHT<\/span><\/p>\n<\/div>\n<\/div>\n<\/div>\n<\/div>\n<div class=\"sp_details--tab accordion_item open\">\n<h3 class=\"sp_details--tab-title accordion_item--toggle\">OUR CLINICAL RESULTS<span class=\"sp_details--tab-toggle-icon\"><\/span><br \/>\n<\/h3>\n<div class=\"sp_details--tab-content accordion_item--content\">\n<div class=\"accordion_item--content-inner rich-text\">\n<div class=\"sp_details--content\">\n<p><strong>Proven effectiveness<\/strong><\/p>\n<p>\u2022 Immediate sensation of freshness and pleasant texture in 100% of cases*<br \/>\u2022 Effectively removes makeup 91%*<br \/>\u2022 Gently cleans 91%*<br \/>\u2022 Hydrates + 30% of hydration at 2 hours**<br \/>\u2022 The skin is purified 91%*<br \/>\u2022 Skin is comfortable 100%*<\/p>\n<div class=\"annotation\">\n<p>Usage test on 20 volunteers for 28 days.<br \/>*Volunteer self-assessment<br \/>** Measurement using a Corneometer\u00ae CM 825 on 11 volunteers<\/p>\n<\/div>\n<\/div>\n<\/div>\n<\/div>\n<\/div>\n<div class=\"sp_details--tab accordion_item open\">\n<h3 class=\"sp_details--tab-title accordion_item--toggle\">COMPOSITION<span class=\"sp_details--tab-toggle-icon\"><\/span><br \/>\n<\/h3>\n<div class=\"sp_details--tab-content accordion_item--content\">\n<div class=\"accordion_item--content-inner rich-text\">\n<div class=\"sp_details--content\">\n<div class=\"annotation\">AQUA, PROPYLENE GLYCOL, GLYCERIN, BUTYLENE GLYCOL, CAPRYLYL\/CAPRYL GLUCOSIDE, PENTYLENE GLYCOL, XANTHAN GUM, TRIETHANOLAMINE, P ANISIC ACID, PPG 26 BUTETH 26 PEG<br \/>40 HYDROGENATED CASTOR OIL, HYDROXYPROPYL GUAR, O CYMEN 5 OL, CITRIC ACID, IMPERATA CYLINDRICA ROOT EXTRACT, COCO GLUCOSIDE, CAPRYLYL GLYCOL, CARBOMER, SODIUM CITRATE,<br \/>SORBIC ACID, ACRYLATES\/C 10 30 ALKYL ACRYLATE CROSSPOLYMER, ACETYL TETRAPEPTIDE 15 BIOTIN<\/div>\n<\/div>\n<\/div>\n<\/div>\n<\/div>","protected":false},"excerpt":{"rendered":"<p>Isispharma Sensylia Gell\u00e9e D\u00e9maquillante\u00a0sp\u00e9cialement d\u00e9velopp\u00e9e pour les peaux sensibles et d\u00e9shydrat\u00e9es COMMENT L&rsquo;UTILISER ? Sur le visage et les yeuxApplication 2 en 1D\u00e9maquillant sans rin\u00e7age\u00a0: appliquez Sensylia Gel\u00e9e matin et\/ou soir \u00e0 l\u2019aide d\u2019un coton ou du bout des doigts. Gel nettoyant avec rin\u00e7age\u00a0: Du bout des doigts, utilisez Sensylia Gel\u00e9e matin et\/ou soir sur [&hellip;]<\/p>\n","protected":false},"featured_media":19606,"template":"","meta":{"om_disable_all_campaigns":false},"product_brand":[5496],"product_cat":[15],"product_tag":[5502,5487,5497,5499,3469,5498,5501,5500,5503],"class_list":{"0":"post-19620","1":"product","2":"type-product","3":"status-publish","4":"has-post-thumbnail","6":"product_brand-isispharma-maroc-prix","7":"product_cat-beaute-sante-complements-alimentaires-soins-et-bien-etre-au-meilleur-prix","8":"product_tag-anti-rougeurs-maroc","9":"product_tag-isispharma-maroc","10":"product_tag-isispharma-produits-maroc","11":"product_tag-neotone-maroc","12":"product_tag-peau-sensible-maroc","13":"product_tag-ruboril-maroc","14":"product_tag-soin-dermatologique-maroc","15":"product_tag-teen-derm-maroc","16":"product_tag-traitement-taches-maroc","18":"first","19":"instock","20":"sale","21":"taxable","22":"shipping-taxable","23":"purchasable","24":"product-type-simple"},"yoast_head":"<!-- This site is optimized with the Yoast SEO plugin v27.4 - https:\/\/yoast.com\/product\/yoast-seo-wordpress\/ -->\n<title>Isispharma Sensylia Gell\u00e9e D\u00e9maquillante 250ml - Maroc Prix<\/title>\n<meta name=\"description\" content=\"Isispharma Sensylia Gell\u00e9e D\u00e9maquillante 250ml\" \/>\n<meta name=\"robots\" content=\"index, follow, max-snippet:-1, max-image-preview:large, max-video-preview:-1\" \/>\n<link rel=\"canonical\" href=\"https:\/\/vitablanca.ma\/en\/product\/isispharma-sensylia-gellee-demaquillante-250ml\/\" \/>\n<meta property=\"og:locale\" content=\"en_US\" \/>\n<meta property=\"og:type\" content=\"article\" \/>\n<meta property=\"og:title\" content=\"Isispharma Sensylia Gell\u00e9e D\u00e9maquillante 250ml - Maroc Prix\" \/>\n<meta property=\"og:description\" content=\"Isispharma Sensylia Gell\u00e9e D\u00e9maquillante 250ml\" \/>\n<meta property=\"og:url\" content=\"https:\/\/vitablanca.ma\/en\/product\/isispharma-sensylia-gellee-demaquillante-250ml\/\" \/>\n<meta property=\"og:site_name\" content=\"Vitablanca.ma &ndash; Sant&eacute;, vitalit&eacute; et bien-&ecirc;tre pour tous les Marocains\" \/>\n<meta property=\"article:publisher\" content=\"https:\/\/www.facebook.com\/profile.php?id=61576678196717\" \/>\n<meta property=\"article:modified_time\" content=\"2025-12-24T16:33:15+00:00\" \/>\n<meta property=\"og:image\" content=\"https:\/\/vitablanca.ma\/wp-content\/uploads\/2025\/06\/Isispharma-Sensylia-Gellee-Demaquillante-250ml-nova-parapharmacie-maroc.png\" \/>\n\t<meta property=\"og:image:width\" content=\"1000\" \/>\n\t<meta property=\"og:image:height\" content=\"1000\" \/>\n\t<meta property=\"og:image:type\" content=\"image\/png\" \/>\n<meta name=\"twitter:card\" content=\"summary_large_image\" \/>\n<meta name=\"twitter:label1\" content=\"Est. reading time\" \/>\n\t<meta name=\"twitter:data1\" content=\"1 minute\" \/>\n<script type=\"application\/ld+json\" class=\"yoast-schema-graph\">{\"@context\":\"https:\\\/\\\/schema.org\",\"@graph\":[{\"@type\":[\"WebPage\",\"ItemPage\"],\"@id\":\"https:\\\/\\\/vitablanca.ma\\\/produit\\\/isispharma-sensylia-gellee-demaquillante-250ml\\\/\",\"url\":\"https:\\\/\\\/vitablanca.ma\\\/produit\\\/isispharma-sensylia-gellee-demaquillante-250ml\\\/\",\"name\":\"Isispharma Sensylia Gell\u00e9e D\u00e9maquillante 250ml - Maroc Prix\",\"isPartOf\":{\"@id\":\"https:\\\/\\\/vitablanca.ma\\\/#website\"},\"primaryImageOfPage\":{\"@id\":\"https:\\\/\\\/vitablanca.ma\\\/produit\\\/isispharma-sensylia-gellee-demaquillante-250ml\\\/#primaryimage\"},\"image\":{\"@id\":\"https:\\\/\\\/vitablanca.ma\\\/produit\\\/isispharma-sensylia-gellee-demaquillante-250ml\\\/#primaryimage\"},\"thumbnailUrl\":\"https:\\\/\\\/vitablanca.ma\\\/wp-content\\\/uploads\\\/2025\\\/06\\\/Isispharma-Sensylia-Gellee-Demaquillante-250ml-nova-parapharmacie-maroc.png\",\"datePublished\":\"2025-06-10T18:03:03+00:00\",\"dateModified\":\"2025-12-24T16:33:15+00:00\",\"description\":\"Isispharma Sensylia Gell\u00e9e D\u00e9maquillante 250ml\",\"breadcrumb\":{\"@id\":\"https:\\\/\\\/vitablanca.ma\\\/produit\\\/isispharma-sensylia-gellee-demaquillante-250ml\\\/#breadcrumb\"},\"inLanguage\":\"en-US\",\"potentialAction\":[{\"@type\":\"ReadAction\",\"target\":[\"https:\\\/\\\/vitablanca.ma\\\/produit\\\/isispharma-sensylia-gellee-demaquillante-250ml\\\/\"]}]},{\"@type\":\"ImageObject\",\"inLanguage\":\"en-US\",\"@id\":\"https:\\\/\\\/vitablanca.ma\\\/produit\\\/isispharma-sensylia-gellee-demaquillante-250ml\\\/#primaryimage\",\"url\":\"https:\\\/\\\/vitablanca.ma\\\/wp-content\\\/uploads\\\/2025\\\/06\\\/Isispharma-Sensylia-Gellee-Demaquillante-250ml-nova-parapharmacie-maroc.png\",\"contentUrl\":\"https:\\\/\\\/vitablanca.ma\\\/wp-content\\\/uploads\\\/2025\\\/06\\\/Isispharma-Sensylia-Gellee-Demaquillante-250ml-nova-parapharmacie-maroc.png\",\"width\":1000,\"height\":1000},{\"@type\":\"BreadcrumbList\",\"@id\":\"https:\\\/\\\/vitablanca.ma\\\/produit\\\/isispharma-sensylia-gellee-demaquillante-250ml\\\/#breadcrumb\",\"itemListElement\":[{\"@type\":\"ListItem\",\"position\":1,\"name\":\"Home\",\"item\":\"https:\\\/\\\/vitablanca.ma\\\/\"},{\"@type\":\"ListItem\",\"position\":2,\"name\":\"Tous Les Produits\",\"item\":\"https:\\\/\\\/vitablanca.ma\\\/tous-les-produits\\\/\"},{\"@type\":\"ListItem\",\"position\":3,\"name\":\"Isispharma Sensylia Gell\u00e9e D\u00e9maquillante 250ml\"}]},{\"@type\":\"WebSite\",\"@id\":\"https:\\\/\\\/vitablanca.ma\\\/#website\",\"url\":\"https:\\\/\\\/vitablanca.ma\\\/\",\"name\":\"VitaBlanca.ma | Compl\u00e9ments alimentaires, sant\u00e9 & beaut\u00e9 au Maroc\",\"description\":\"vendre vitamines et compl\u00e9ments premium des USA &amp; Canada, Nouvelle Z\u00e9lande,Maroc (NOW Foods, Solgar, Manuka). Livraison rapide partout au Maroc.\",\"publisher\":{\"@id\":\"https:\\\/\\\/vitablanca.ma\\\/#organization\"},\"alternateName\":\"VitaBlanca.ma\",\"potentialAction\":[{\"@type\":\"SearchAction\",\"target\":{\"@type\":\"EntryPoint\",\"urlTemplate\":\"https:\\\/\\\/vitablanca.ma\\\/?s={search_term_string}\"},\"query-input\":{\"@type\":\"PropertyValueSpecification\",\"valueRequired\":true,\"valueName\":\"search_term_string\"}}],\"inLanguage\":\"en-US\"},{\"@type\":\"Organization\",\"@id\":\"https:\\\/\\\/vitablanca.ma\\\/#organization\",\"name\":\"VitaBlanca\",\"url\":\"https:\\\/\\\/vitablanca.ma\\\/\",\"logo\":{\"@type\":\"ImageObject\",\"inLanguage\":\"en-US\",\"@id\":\"https:\\\/\\\/vitablanca.ma\\\/#\\\/schema\\\/logo\\\/image\\\/\",\"url\":\"https:\\\/\\\/vitablanca.ma\\\/wp-content\\\/uploads\\\/2025\\\/05\\\/cropped-vitablanca.png\",\"contentUrl\":\"https:\\\/\\\/vitablanca.ma\\\/wp-content\\\/uploads\\\/2025\\\/05\\\/cropped-vitablanca.png\",\"width\":360,\"height\":67,\"caption\":\"VitaBlanca\"},\"image\":{\"@id\":\"https:\\\/\\\/vitablanca.ma\\\/#\\\/schema\\\/logo\\\/image\\\/\"},\"sameAs\":[\"https:\\\/\\\/www.facebook.com\\\/profile.php?id=61576678196717\",\"https:\\\/\\\/www.tiktok.com\\\/@vitablanca.ma\",\"https:\\\/\\\/www.instagram.com\\\/vitablanca.ma\\\/\"]}]}<\/script>\n<!-- \/ Yoast SEO plugin. -->","yoast_head_json":{"title":"Isispharma Sensylia Cleansing Gel 250ml - Morocco Price","description":"Isispharma Sensylia Cleansing Gel 250ml","robots":{"index":"index","follow":"follow","max-snippet":"max-snippet:-1","max-image-preview":"max-image-preview:large","max-video-preview":"max-video-preview:-1"},"canonical":"https:\/\/vitablanca.ma\/en\/product\/isispharma-sensylia-gellee-demaquillante-250ml\/","og_locale":"en_US","og_type":"article","og_title":"Isispharma Sensylia Gell\u00e9e D\u00e9maquillante 250ml - Maroc Prix","og_description":"Isispharma Sensylia Gell\u00e9e D\u00e9maquillante 250ml","og_url":"https:\/\/vitablanca.ma\/en\/product\/isispharma-sensylia-gellee-demaquillante-250ml\/","og_site_name":"Vitablanca.ma &ndash; Sant&eacute;, vitalit&eacute; et bien-&ecirc;tre pour tous les Marocains","article_publisher":"https:\/\/www.facebook.com\/profile.php?id=61576678196717","article_modified_time":"2025-12-24T16:33:15+00:00","og_image":[{"width":1000,"height":1000,"url":"https:\/\/vitablanca.ma\/wp-content\/uploads\/2025\/06\/Isispharma-Sensylia-Gellee-Demaquillante-250ml-nova-parapharmacie-maroc.png","type":"image\/png"}],"twitter_card":"summary_large_image","twitter_misc":{"Est. reading time":"1 minute"},"schema":{"@context":"https:\/\/schema.org","@graph":[{"@type":["WebPage","ItemPage"],"@id":"https:\/\/vitablanca.ma\/produit\/isispharma-sensylia-gellee-demaquillante-250ml\/","url":"https:\/\/vitablanca.ma\/produit\/isispharma-sensylia-gellee-demaquillante-250ml\/","name":"Isispharma Sensylia Cleansing Gel 250ml - Morocco Price","isPartOf":{"@id":"https:\/\/vitablanca.ma\/#website"},"primaryImageOfPage":{"@id":"https:\/\/vitablanca.ma\/produit\/isispharma-sensylia-gellee-demaquillante-250ml\/#primaryimage"},"image":{"@id":"https:\/\/vitablanca.ma\/produit\/isispharma-sensylia-gellee-demaquillante-250ml\/#primaryimage"},"thumbnailUrl":"https:\/\/vitablanca.ma\/wp-content\/uploads\/2025\/06\/Isispharma-Sensylia-Gellee-Demaquillante-250ml-nova-parapharmacie-maroc.png","datePublished":"2025-06-10T18:03:03+00:00","dateModified":"2025-12-24T16:33:15+00:00","description":"Isispharma Sensylia Cleansing Gel 250ml","breadcrumb":{"@id":"https:\/\/vitablanca.ma\/produit\/isispharma-sensylia-gellee-demaquillante-250ml\/#breadcrumb"},"inLanguage":"en-US","potentialAction":[{"@type":"ReadAction","target":["https:\/\/vitablanca.ma\/produit\/isispharma-sensylia-gellee-demaquillante-250ml\/"]}]},{"@type":"ImageObject","inLanguage":"en-US","@id":"https:\/\/vitablanca.ma\/produit\/isispharma-sensylia-gellee-demaquillante-250ml\/#primaryimage","url":"https:\/\/vitablanca.ma\/wp-content\/uploads\/2025\/06\/Isispharma-Sensylia-Gellee-Demaquillante-250ml-nova-parapharmacie-maroc.png","contentUrl":"https:\/\/vitablanca.ma\/wp-content\/uploads\/2025\/06\/Isispharma-Sensylia-Gellee-Demaquillante-250ml-nova-parapharmacie-maroc.png","width":1000,"height":1000},{"@type":"BreadcrumbList","@id":"https:\/\/vitablanca.ma\/produit\/isispharma-sensylia-gellee-demaquillante-250ml\/#breadcrumb","itemListElement":[{"@type":"ListItem","position":1,"name":"Home","item":"https:\/\/vitablanca.ma\/"},{"@type":"ListItem","position":2,"name":"Tous Les Produits","item":"https:\/\/vitablanca.ma\/tous-les-produits\/"},{"@type":"ListItem","position":3,"name":"Isispharma Sensylia Gell\u00e9e D\u00e9maquillante 250ml"}]},{"@type":"WebSite","@id":"https:\/\/vitablanca.ma\/#website","url":"https:\/\/vitablanca.ma\/","name":"VitaBlanca.ma | Food supplements, health &amp; beauty in Morocco","description":"sell premium vitamins and supplements from USA &amp; Canada, New Zealand, Morocco (NOW Foods, Solgar, Manuka). Fast delivery anywhere in Morocco.","publisher":{"@id":"https:\/\/vitablanca.ma\/#organization"},"alternateName":"VitaBlanca.ma","potentialAction":[{"@type":"SearchAction","target":{"@type":"EntryPoint","urlTemplate":"https:\/\/vitablanca.ma\/?s={search_term_string}"},"query-input":{"@type":"PropertyValueSpecification","valueRequired":true,"valueName":"search_term_string"}}],"inLanguage":"en-US"},{"@type":"Organization","@id":"https:\/\/vitablanca.ma\/#organization","name":"VitaBlanca","url":"https:\/\/vitablanca.ma\/","logo":{"@type":"ImageObject","inLanguage":"en-US","@id":"https:\/\/vitablanca.ma\/#\/schema\/logo\/image\/","url":"https:\/\/vitablanca.ma\/wp-content\/uploads\/2025\/05\/cropped-vitablanca.png","contentUrl":"https:\/\/vitablanca.ma\/wp-content\/uploads\/2025\/05\/cropped-vitablanca.png","width":360,"height":67,"caption":"VitaBlanca"},"image":{"@id":"https:\/\/vitablanca.ma\/#\/schema\/logo\/image\/"},"sameAs":["https:\/\/www.facebook.com\/profile.php?id=61576678196717","https:\/\/www.tiktok.com\/@vitablanca.ma","https:\/\/www.instagram.com\/vitablanca.ma\/"]}]}},"jetpack_sharing_enabled":true,"_links":{"self":[{"href":"https:\/\/vitablanca.ma\/en\/wp-json\/wp\/v2\/product\/19620","targetHints":{"allow":["GET"]}}],"collection":[{"href":"https:\/\/vitablanca.ma\/en\/wp-json\/wp\/v2\/product"}],"about":[{"href":"https:\/\/vitablanca.ma\/en\/wp-json\/wp\/v2\/types\/product"}],"wp:featuredmedia":[{"embeddable":true,"href":"https:\/\/vitablanca.ma\/en\/wp-json\/wp\/v2\/media\/19606"}],"wp:attachment":[{"href":"https:\/\/vitablanca.ma\/en\/wp-json\/wp\/v2\/media?parent=19620"}],"wp:term":[{"taxonomy":"product_brand","embeddable":true,"href":"https:\/\/vitablanca.ma\/en\/wp-json\/wp\/v2\/product_brand?post=19620"},{"taxonomy":"product_cat","embeddable":true,"href":"https:\/\/vitablanca.ma\/en\/wp-json\/wp\/v2\/product_cat?post=19620"},{"taxonomy":"product_tag","embeddable":true,"href":"https:\/\/vitablanca.ma\/en\/wp-json\/wp\/v2\/product_tag?post=19620"}],"curies":[{"name":"wp","href":"https:\/\/api.w.org\/{rel}","templated":true}]}}