{"id":19591,"date":"2025-06-10T18:01:53","date_gmt":"2025-06-10T18:01:53","guid":{"rendered":"https:\/\/vitablanca.ma\/product\/isispharma-unitone-4-white-advanced-serum-depigmentant-intensif-15ml\/"},"modified":"2025-12-24T16:33:16","modified_gmt":"2025-12-24T16:33:16","slug":"isispharma-unitone-4-white-advanced-serum-depigmentant-intensif-15ml","status":"publish","type":"product","link":"https:\/\/vitablanca.ma\/en\/product\/isispharma-unitone-4-white-advanced-serum-depigmentant-intensif-15ml\/","title":{"rendered":"Isispharma Unitone 4 White Advanced Intensive Depigmenting Serum 15ml"},"content":{"rendered":"<h2>Isispharma Unitone 4 White Advanced Intensive Depigmenting Serum<br \/>\n<\/h2>\n<p><strong>UNITONE\u00ae 4 white advanced<\/strong>\u00a0has been specially developed for skin with pigment spots.<\/p>\n<p><strong>PROPERTIES OF THE MAIN ASSETS<\/strong><\/p>\n<ul>\n<li>\u2022<strong>\u00a0COMPLEX OF CONCENTRATED ACTIVE INGREDIENTS\u00a0<\/strong>: reduces excessive melanin production<br \/>\u2022<strong>\u00a0GLYCOLIC ACID<\/strong>\u00a0: gently exfoliates pre-formed melanin on the skin&#039;s surface<\/li>\n<\/ul>\n<h3>USE<\/h3>\n<p>Apply\u00a0<strong>UNITONE\u00ae 4 white advanced<\/strong>\u00a0once a day, only in the evening, on the areas to be treated or as directed by your dermatologist or healthcare professional.\u00a0<strong>UNITONE 4 white advanced<\/strong>\u00a0has been specially formulated for nighttime application.<\/p>","protected":false},"excerpt":{"rendered":"<p>Isispharma Unitone 4 White Advanced S\u00e9rum D\u00e9pigmentant Intensif UNITONE\u00ae 4 white advanced\u00a0a \u00e9t\u00e9 sp\u00e9cialement d\u00e9velopp\u00e9 pour les peaux pr\u00e9sentant des taches pigmentaires. PROPRI\u00c9T\u00c9S DES PRINCIPAUX ACTIFS \u2022\u00a0COMPLEXE D\u2019ACTIFS CONCENTR\u00c9S\u00a0: r\u00e9duit la production excessive de m\u00e9lanine\u2022\u00a0ACIDE GLYCOLIQUE\u00a0: exfolie en douceur la m\u00e9lanine pr\u00e9form\u00e9e \u00e0 la surface de la peau UTILISATION Appliquer\u00a0UNITONE\u00ae 4 white advanced\u00a0une fois par [&hellip;]<\/p>\n","protected":false},"featured_media":19586,"template":"","meta":{"om_disable_all_campaigns":false},"product_brand":[5496],"product_cat":[15],"product_tag":[5502,5487,5497,5499,3469,5498,5501,5500,5503],"class_list":{"0":"post-19591","1":"product","2":"type-product","3":"status-publish","4":"has-post-thumbnail","6":"product_brand-isispharma-maroc-prix","7":"product_cat-beaute-sante-complements-alimentaires-soins-et-bien-etre-au-meilleur-prix","8":"product_tag-anti-rougeurs-maroc","9":"product_tag-isispharma-maroc","10":"product_tag-isispharma-produits-maroc","11":"product_tag-neotone-maroc","12":"product_tag-peau-sensible-maroc","13":"product_tag-ruboril-maroc","14":"product_tag-soin-dermatologique-maroc","15":"product_tag-teen-derm-maroc","16":"product_tag-traitement-taches-maroc","18":"first","19":"instock","20":"sale","21":"taxable","22":"shipping-taxable","23":"purchasable","24":"product-type-simple"},"yoast_head":"<!-- This site is optimized with the Yoast SEO plugin v27.4 - https:\/\/yoast.com\/product\/yoast-seo-wordpress\/ -->\n<title>Isispharma Unitone 4 White Advanced S\u00e9rum D\u00e9pigmentant Intensif 15ml - Maroc Prix<\/title>\n<meta name=\"description\" content=\"Isispharma Unitone 4 White Advanced S\u00e9rum D\u00e9pigmentant Intensif 15ml\" \/>\n<meta name=\"robots\" content=\"index, follow, max-snippet:-1, max-image-preview:large, max-video-preview:-1\" \/>\n<link rel=\"canonical\" href=\"https:\/\/vitablanca.ma\/en\/product\/isispharma-unitone-4-white-advanced-serum-depigmentant-intensif-15ml\/\" \/>\n<meta property=\"og:locale\" content=\"en_US\" \/>\n<meta property=\"og:type\" content=\"article\" \/>\n<meta property=\"og:title\" content=\"Isispharma Unitone 4 White Advanced S\u00e9rum D\u00e9pigmentant Intensif 15ml - Maroc Prix\" \/>\n<meta property=\"og:description\" content=\"Isispharma Unitone 4 White Advanced S\u00e9rum D\u00e9pigmentant Intensif 15ml\" \/>\n<meta property=\"og:url\" content=\"https:\/\/vitablanca.ma\/en\/product\/isispharma-unitone-4-white-advanced-serum-depigmentant-intensif-15ml\/\" \/>\n<meta property=\"og:site_name\" content=\"Vitablanca.ma &ndash; Sant&eacute;, vitalit&eacute; et bien-&ecirc;tre pour tous les Marocains\" \/>\n<meta property=\"article:publisher\" content=\"https:\/\/www.facebook.com\/profile.php?id=61576678196717\" \/>\n<meta property=\"article:modified_time\" content=\"2025-12-24T16:33:16+00:00\" \/>\n<meta property=\"og:image\" content=\"https:\/\/vitablanca.ma\/wp-content\/uploads\/2025\/06\/Isispharma-Unitone-4-White-Advanced-Serum-Depigmentant-Intensif-15ml-Nova-para-prix-Maroc.png\" \/>\n\t<meta property=\"og:image:width\" content=\"1000\" \/>\n\t<meta property=\"og:image:height\" content=\"1000\" \/>\n\t<meta property=\"og:image:type\" content=\"image\/png\" \/>\n<meta name=\"twitter:card\" content=\"summary_large_image\" \/>\n<meta name=\"twitter:label1\" content=\"Est. reading time\" \/>\n\t<meta name=\"twitter:data1\" content=\"1 minute\" \/>\n<script type=\"application\/ld+json\" class=\"yoast-schema-graph\">{\"@context\":\"https:\\\/\\\/schema.org\",\"@graph\":[{\"@type\":[\"WebPage\",\"ItemPage\"],\"@id\":\"https:\\\/\\\/vitablanca.ma\\\/produit\\\/isispharma-unitone-4-white-advanced-serum-depigmentant-intensif-15ml\\\/\",\"url\":\"https:\\\/\\\/vitablanca.ma\\\/produit\\\/isispharma-unitone-4-white-advanced-serum-depigmentant-intensif-15ml\\\/\",\"name\":\"Isispharma Unitone 4 White Advanced S\u00e9rum D\u00e9pigmentant Intensif 15ml - Maroc Prix\",\"isPartOf\":{\"@id\":\"https:\\\/\\\/vitablanca.ma\\\/#website\"},\"primaryImageOfPage\":{\"@id\":\"https:\\\/\\\/vitablanca.ma\\\/produit\\\/isispharma-unitone-4-white-advanced-serum-depigmentant-intensif-15ml\\\/#primaryimage\"},\"image\":{\"@id\":\"https:\\\/\\\/vitablanca.ma\\\/produit\\\/isispharma-unitone-4-white-advanced-serum-depigmentant-intensif-15ml\\\/#primaryimage\"},\"thumbnailUrl\":\"https:\\\/\\\/vitablanca.ma\\\/wp-content\\\/uploads\\\/2025\\\/06\\\/Isispharma-Unitone-4-White-Advanced-Serum-Depigmentant-Intensif-15ml-Nova-para-prix-Maroc.png\",\"datePublished\":\"2025-06-10T18:01:53+00:00\",\"dateModified\":\"2025-12-24T16:33:16+00:00\",\"description\":\"Isispharma Unitone 4 White Advanced S\u00e9rum D\u00e9pigmentant Intensif 15ml\",\"breadcrumb\":{\"@id\":\"https:\\\/\\\/vitablanca.ma\\\/produit\\\/isispharma-unitone-4-white-advanced-serum-depigmentant-intensif-15ml\\\/#breadcrumb\"},\"inLanguage\":\"en-US\",\"potentialAction\":[{\"@type\":\"ReadAction\",\"target\":[\"https:\\\/\\\/vitablanca.ma\\\/produit\\\/isispharma-unitone-4-white-advanced-serum-depigmentant-intensif-15ml\\\/\"]}]},{\"@type\":\"ImageObject\",\"inLanguage\":\"en-US\",\"@id\":\"https:\\\/\\\/vitablanca.ma\\\/produit\\\/isispharma-unitone-4-white-advanced-serum-depigmentant-intensif-15ml\\\/#primaryimage\",\"url\":\"https:\\\/\\\/vitablanca.ma\\\/wp-content\\\/uploads\\\/2025\\\/06\\\/Isispharma-Unitone-4-White-Advanced-Serum-Depigmentant-Intensif-15ml-Nova-para-prix-Maroc.png\",\"contentUrl\":\"https:\\\/\\\/vitablanca.ma\\\/wp-content\\\/uploads\\\/2025\\\/06\\\/Isispharma-Unitone-4-White-Advanced-Serum-Depigmentant-Intensif-15ml-Nova-para-prix-Maroc.png\",\"width\":1000,\"height\":1000},{\"@type\":\"BreadcrumbList\",\"@id\":\"https:\\\/\\\/vitablanca.ma\\\/produit\\\/isispharma-unitone-4-white-advanced-serum-depigmentant-intensif-15ml\\\/#breadcrumb\",\"itemListElement\":[{\"@type\":\"ListItem\",\"position\":1,\"name\":\"Home\",\"item\":\"https:\\\/\\\/vitablanca.ma\\\/\"},{\"@type\":\"ListItem\",\"position\":2,\"name\":\"Tous Les Produits\",\"item\":\"https:\\\/\\\/vitablanca.ma\\\/tous-les-produits\\\/\"},{\"@type\":\"ListItem\",\"position\":3,\"name\":\"Isispharma Unitone 4 White Advanced S\u00e9rum D\u00e9pigmentant Intensif 15ml\"}]},{\"@type\":\"WebSite\",\"@id\":\"https:\\\/\\\/vitablanca.ma\\\/#website\",\"url\":\"https:\\\/\\\/vitablanca.ma\\\/\",\"name\":\"VitaBlanca.ma | Compl\u00e9ments alimentaires, sant\u00e9 & beaut\u00e9 au Maroc\",\"description\":\"vendre vitamines et compl\u00e9ments premium des USA &amp; Canada, Nouvelle Z\u00e9lande,Maroc (NOW Foods, Solgar, Manuka). Livraison rapide partout au Maroc.\",\"publisher\":{\"@id\":\"https:\\\/\\\/vitablanca.ma\\\/#organization\"},\"alternateName\":\"VitaBlanca.ma\",\"potentialAction\":[{\"@type\":\"SearchAction\",\"target\":{\"@type\":\"EntryPoint\",\"urlTemplate\":\"https:\\\/\\\/vitablanca.ma\\\/?s={search_term_string}\"},\"query-input\":{\"@type\":\"PropertyValueSpecification\",\"valueRequired\":true,\"valueName\":\"search_term_string\"}}],\"inLanguage\":\"en-US\"},{\"@type\":\"Organization\",\"@id\":\"https:\\\/\\\/vitablanca.ma\\\/#organization\",\"name\":\"VitaBlanca\",\"url\":\"https:\\\/\\\/vitablanca.ma\\\/\",\"logo\":{\"@type\":\"ImageObject\",\"inLanguage\":\"en-US\",\"@id\":\"https:\\\/\\\/vitablanca.ma\\\/#\\\/schema\\\/logo\\\/image\\\/\",\"url\":\"https:\\\/\\\/vitablanca.ma\\\/wp-content\\\/uploads\\\/2025\\\/05\\\/cropped-vitablanca.png\",\"contentUrl\":\"https:\\\/\\\/vitablanca.ma\\\/wp-content\\\/uploads\\\/2025\\\/05\\\/cropped-vitablanca.png\",\"width\":360,\"height\":67,\"caption\":\"VitaBlanca\"},\"image\":{\"@id\":\"https:\\\/\\\/vitablanca.ma\\\/#\\\/schema\\\/logo\\\/image\\\/\"},\"sameAs\":[\"https:\\\/\\\/www.facebook.com\\\/profile.php?id=61576678196717\",\"https:\\\/\\\/www.tiktok.com\\\/@vitablanca.ma\",\"https:\\\/\\\/www.instagram.com\\\/vitablanca.ma\\\/\"]}]}<\/script>\n<!-- \/ Yoast SEO plugin. -->","yoast_head_json":{"title":"Isispharma Unitone 4 White Advanced Intensive Depigmenting Serum 15ml - Morocco Price","description":"Isispharma Unitone 4 White Advanced Intensive Depigmenting Serum 15ml","robots":{"index":"index","follow":"follow","max-snippet":"max-snippet:-1","max-image-preview":"max-image-preview:large","max-video-preview":"max-video-preview:-1"},"canonical":"https:\/\/vitablanca.ma\/en\/product\/isispharma-unitone-4-white-advanced-serum-depigmentant-intensif-15ml\/","og_locale":"en_US","og_type":"article","og_title":"Isispharma Unitone 4 White Advanced S\u00e9rum D\u00e9pigmentant Intensif 15ml - Maroc Prix","og_description":"Isispharma Unitone 4 White Advanced S\u00e9rum D\u00e9pigmentant Intensif 15ml","og_url":"https:\/\/vitablanca.ma\/en\/product\/isispharma-unitone-4-white-advanced-serum-depigmentant-intensif-15ml\/","og_site_name":"Vitablanca.ma &ndash; Sant&eacute;, vitalit&eacute; et bien-&ecirc;tre pour tous les Marocains","article_publisher":"https:\/\/www.facebook.com\/profile.php?id=61576678196717","article_modified_time":"2025-12-24T16:33:16+00:00","og_image":[{"width":1000,"height":1000,"url":"https:\/\/vitablanca.ma\/wp-content\/uploads\/2025\/06\/Isispharma-Unitone-4-White-Advanced-Serum-Depigmentant-Intensif-15ml-Nova-para-prix-Maroc.png","type":"image\/png"}],"twitter_card":"summary_large_image","twitter_misc":{"Est. reading time":"1 minute"},"schema":{"@context":"https:\/\/schema.org","@graph":[{"@type":["WebPage","ItemPage"],"@id":"https:\/\/vitablanca.ma\/produit\/isispharma-unitone-4-white-advanced-serum-depigmentant-intensif-15ml\/","url":"https:\/\/vitablanca.ma\/produit\/isispharma-unitone-4-white-advanced-serum-depigmentant-intensif-15ml\/","name":"Isispharma Unitone 4 White Advanced Intensive Depigmenting Serum 15ml - Morocco Price","isPartOf":{"@id":"https:\/\/vitablanca.ma\/#website"},"primaryImageOfPage":{"@id":"https:\/\/vitablanca.ma\/produit\/isispharma-unitone-4-white-advanced-serum-depigmentant-intensif-15ml\/#primaryimage"},"image":{"@id":"https:\/\/vitablanca.ma\/produit\/isispharma-unitone-4-white-advanced-serum-depigmentant-intensif-15ml\/#primaryimage"},"thumbnailUrl":"https:\/\/vitablanca.ma\/wp-content\/uploads\/2025\/06\/Isispharma-Unitone-4-White-Advanced-Serum-Depigmentant-Intensif-15ml-Nova-para-prix-Maroc.png","datePublished":"2025-06-10T18:01:53+00:00","dateModified":"2025-12-24T16:33:16+00:00","description":"Isispharma Unitone 4 White Advanced Intensive Depigmenting Serum 15ml","breadcrumb":{"@id":"https:\/\/vitablanca.ma\/produit\/isispharma-unitone-4-white-advanced-serum-depigmentant-intensif-15ml\/#breadcrumb"},"inLanguage":"en-US","potentialAction":[{"@type":"ReadAction","target":["https:\/\/vitablanca.ma\/produit\/isispharma-unitone-4-white-advanced-serum-depigmentant-intensif-15ml\/"]}]},{"@type":"ImageObject","inLanguage":"en-US","@id":"https:\/\/vitablanca.ma\/produit\/isispharma-unitone-4-white-advanced-serum-depigmentant-intensif-15ml\/#primaryimage","url":"https:\/\/vitablanca.ma\/wp-content\/uploads\/2025\/06\/Isispharma-Unitone-4-White-Advanced-Serum-Depigmentant-Intensif-15ml-Nova-para-prix-Maroc.png","contentUrl":"https:\/\/vitablanca.ma\/wp-content\/uploads\/2025\/06\/Isispharma-Unitone-4-White-Advanced-Serum-Depigmentant-Intensif-15ml-Nova-para-prix-Maroc.png","width":1000,"height":1000},{"@type":"BreadcrumbList","@id":"https:\/\/vitablanca.ma\/produit\/isispharma-unitone-4-white-advanced-serum-depigmentant-intensif-15ml\/#breadcrumb","itemListElement":[{"@type":"ListItem","position":1,"name":"Home","item":"https:\/\/vitablanca.ma\/"},{"@type":"ListItem","position":2,"name":"Tous Les Produits","item":"https:\/\/vitablanca.ma\/tous-les-produits\/"},{"@type":"ListItem","position":3,"name":"Isispharma Unitone 4 White Advanced S\u00e9rum D\u00e9pigmentant Intensif 15ml"}]},{"@type":"WebSite","@id":"https:\/\/vitablanca.ma\/#website","url":"https:\/\/vitablanca.ma\/","name":"VitaBlanca.ma | Food supplements, health &amp; beauty in Morocco","description":"sell premium vitamins and supplements from USA &amp; Canada, New Zealand, Morocco (NOW Foods, Solgar, Manuka). Fast delivery anywhere in Morocco.","publisher":{"@id":"https:\/\/vitablanca.ma\/#organization"},"alternateName":"VitaBlanca.ma","potentialAction":[{"@type":"SearchAction","target":{"@type":"EntryPoint","urlTemplate":"https:\/\/vitablanca.ma\/?s={search_term_string}"},"query-input":{"@type":"PropertyValueSpecification","valueRequired":true,"valueName":"search_term_string"}}],"inLanguage":"en-US"},{"@type":"Organization","@id":"https:\/\/vitablanca.ma\/#organization","name":"VitaBlanca","url":"https:\/\/vitablanca.ma\/","logo":{"@type":"ImageObject","inLanguage":"en-US","@id":"https:\/\/vitablanca.ma\/#\/schema\/logo\/image\/","url":"https:\/\/vitablanca.ma\/wp-content\/uploads\/2025\/05\/cropped-vitablanca.png","contentUrl":"https:\/\/vitablanca.ma\/wp-content\/uploads\/2025\/05\/cropped-vitablanca.png","width":360,"height":67,"caption":"VitaBlanca"},"image":{"@id":"https:\/\/vitablanca.ma\/#\/schema\/logo\/image\/"},"sameAs":["https:\/\/www.facebook.com\/profile.php?id=61576678196717","https:\/\/www.tiktok.com\/@vitablanca.ma","https:\/\/www.instagram.com\/vitablanca.ma\/"]}]}},"jetpack_sharing_enabled":true,"_links":{"self":[{"href":"https:\/\/vitablanca.ma\/en\/wp-json\/wp\/v2\/product\/19591","targetHints":{"allow":["GET"]}}],"collection":[{"href":"https:\/\/vitablanca.ma\/en\/wp-json\/wp\/v2\/product"}],"about":[{"href":"https:\/\/vitablanca.ma\/en\/wp-json\/wp\/v2\/types\/product"}],"wp:featuredmedia":[{"embeddable":true,"href":"https:\/\/vitablanca.ma\/en\/wp-json\/wp\/v2\/media\/19586"}],"wp:attachment":[{"href":"https:\/\/vitablanca.ma\/en\/wp-json\/wp\/v2\/media?parent=19591"}],"wp:term":[{"taxonomy":"product_brand","embeddable":true,"href":"https:\/\/vitablanca.ma\/en\/wp-json\/wp\/v2\/product_brand?post=19591"},{"taxonomy":"product_cat","embeddable":true,"href":"https:\/\/vitablanca.ma\/en\/wp-json\/wp\/v2\/product_cat?post=19591"},{"taxonomy":"product_tag","embeddable":true,"href":"https:\/\/vitablanca.ma\/en\/wp-json\/wp\/v2\/product_tag?post=19591"}],"curies":[{"name":"wp","href":"https:\/\/api.w.org\/{rel}","templated":true}]}}