{"id":19584,"date":"2025-06-10T18:01:30","date_gmt":"2025-06-10T18:01:30","guid":{"rendered":"https:\/\/vitablanca.ma\/product\/la-roche-posay-toleriane-dermallergo-creme-hydratante-40ml\/"},"modified":"2025-12-17T19:08:11","modified_gmt":"2025-12-17T19:08:11","slug":"la-roche-posay-toleriane-dermallergo-creme-hydratante-40ml","status":"publish","type":"product","link":"https:\/\/vitablanca.ma\/en\/product\/la-roche-posay-toleriane-dermallergo-creme-hydratante-40ml\/","title":{"rendered":"La Roche Posay Toleriane Dermallergo Moisturizing Cream 40ml"},"content":{"rendered":"<h2>La Roche Posay Toleriane Dermallergo Cream Daily moisturizing and soothing facial care for sensitive and allergic skin.<\/h2>\n<p><span>Toleriane Dermallergo is a moisturizing cream for sensitive and allergy-prone skin.<br \/>40ml.<\/span><\/p>\n<section class=\"obj_detail product clearfix\">\n<div id=\"carousselpack\" class=\"ctn_description clearfix\">\n<div class=\"ctn_col var_center\">\n<div class=\"ctn_properties\">\n<h3>PROPERTIES<\/h3>\n<p>Toleriane Dermallergo facial moisturizer is designed to soothe and moisturize the epidermis and strengthen the skin barrier of normal to dry skin prone to allergies or hypersensitivity.<\/p>\n<p><strong>La Roche Posay Innovation<\/strong><br \/>Scientists have discovered that allergic skin suffers from an imbalance of<span>\u00a0<\/span><strong><u>microbiome<\/u><\/strong>, a group of bacteria located on the surface of the skin that are useful for its proper functioning. To restore its balance, we have integrated a new unique fraction of probiotic<span>\u00a0<\/span><strong>Sphingobioma<\/strong><span>\u00a0<\/span>in our Toleriane Dermallergo anti-redness cream.<\/p>\n<p><strong>1\/ Instantly soothes the skin<\/strong><\/p>\n<p>Our sensitive skin moisturizer is enriched with<span>\u00a0<\/span><strong>Neurosensin<\/strong>, un actif apaisant d\u00e9riv\u00e9 d\u2019une mol\u00e9cule naturellement pr\u00e9sente dans l\u2019organisme. Elle agit sur les diff\u00e9rents signes de la sensibilit\u00e9 cutan\u00e9e afin de diminuer les rougeurs, limiter les d\u00e9mangeaisons et les irritations, et att\u00e9nuer les sensations d\u2019inconfort.<\/p>\n<p><strong>2\/ Repairs and strengthens the skin barrier<\/strong><\/p>\n<p>When the<span>\u00a0<\/span><u>skin microbiome<span>\u00a0<\/span><\/u>becomes fragile and unbalanced, the<span>\u00a0<\/span><u>skin allergies<\/u><span>\u00a0<\/span>and sensitivity appear. The new unique fraction of<span>\u00a0<\/span><strong>Sphingobioma<\/strong><span>\u00a0<\/span>helps compensate for the loss of some of these microorganisms and strengthen the skin&#039;s natural defenses.\u00a0<\/p>\n<p><strong>3\/ Limits relapse<\/strong><br \/>Our sensitive skin cream has an anti-relapse action, thanks to its high tolerance, perfume-free and alcohol-free formulation, which limits<span>\u00a0<\/span><u>allergic skin reactions<\/u>.<\/p>\n<\/div>\n<\/div>\n<\/div>\n<\/section>\n<section class=\"obj_detail product clearfix\">\n<div class=\"obj_encart clearfix\">\n<div class=\"ctn_col var_efficacy\">\n<h3>EFFICIENCY<\/h3>\n<p>Formula tested on allergic skin:<br \/><u>92 %<\/u><span>\u00a0<\/span>have soothed skin in 1 minute<\/p>\n<ul>\n<li>Strengthens and protects the skin barrier in 1 hour<\/li>\n<li>Jusqu\u2019\u00e0 48h d\u2019hydratation<\/li>\n<li>Redness greatly reduced<\/li>\n<li>Anti-relapse<\/li>\n<li>High tolerance<\/li>\n<\/ul>\n<\/div>\n<div class=\"ctn_col var_texture\">\n<h3>TEXTURE & APPLICATION<\/h3>\n<div>\n<strong>Texture<\/strong><br \/>Creamy texture that absorbs quickly. Non-sticky finish.<\/p>\n<p><strong>Application<\/strong><br \/>To properly moisturize your sensitive skin morning and evening, apply Toleriane Dermallergo cream to clean, dry skin on the face, neck and eye area.<\/p>\n<p><strong>Care routine<\/strong><br \/>To complete your sensitive skin care routine, cleanse your skin with our<span>\u00a0<\/span><u>Toleriane Dermo-Cleansing Fluid facial cleanser<\/u>, then apply our sensitive skin care for the eye area<span>\u00a0<\/span><u>Toleriane Dermallergo Eyes<\/u>.<\/p>\n<\/div>\n<\/div>\n<\/div>\n<\/section>","protected":false},"excerpt":{"rendered":"<p>La Roche posay Toleriane Dermallergo\u00a0Cr\u00e8me\u00a0Soin visage quotidien hydratant et apaisant pour peaux sensibles et allergiques. Toleriane Dermallergo est une cr\u00e8me hydratante pour peau sensible et \u00e0 tendance allergique.40ml. PROPRI\u00c9T\u00c9S La cr\u00e8me hydratante visage Toleriane Dermallergo est con\u00e7ue pour apaiser et hydrater l\u2019\u00e9piderme et renforcer la barri\u00e8re cutan\u00e9e des peaux normales \u00e0 s\u00e8ches sujettes aux allergies [&hellip;]<\/p>\n","protected":false},"featured_media":19575,"template":"","meta":{"om_disable_all_campaigns":false},"product_brand":[3456],"product_cat":[18],"product_tag":[3459,3471,3473,3468,3472,3470,3474,3462,3464,3460,3465,3461,3457,3466,3469,3458,3463,3467],"class_list":{"0":"post-19584","1":"product","2":"type-product","3":"status-publish","4":"has-post-thumbnail","6":"product_brand-la-roche-posay-maroc-prix","7":"product_cat-beaute-sante","8":"product_tag-acheter-la-roche-posay-en-ligne-maroc","9":"product_tag-anthelios-maroc","10":"product_tag-cosmetiques-maroc","11":"product_tag-creme-solaire-maroc","12":"product_tag-dermatologie-maroc","13":"product_tag-effaclar-maroc","14":"product_tag-hydratation-peau","15":"product_tag-la-roche-posay-acne-maroc","16":"product_tag-la-roche-posay-anthelios-maroc","17":"product_tag-la-roche-posay-creme-solaire-maroc","18":"product_tag-la-roche-posay-effaclar-maroc","19":"product_tag-la-roche-posay-hydratant-visage-maroc","20":"product_tag-la-roche-posay-maroc","21":"product_tag-la-roche-posay-maroc-prix","22":"product_tag-peau-sensible-maroc","23":"product_tag-produits-la-roche-posay-maroc","24":"product_tag-serum-la-roche-posay-maroc","25":"product_tag-soins-visage-maroc","27":"first","28":"instock","29":"sale","30":"taxable","31":"shipping-taxable","32":"purchasable","33":"product-type-simple"},"yoast_head":"<!-- This site is optimized with the Yoast SEO plugin v27.5 - https:\/\/yoast.com\/product\/yoast-seo-wordpress\/ -->\n<title>La Roche Posay Toleriane Dermallergo Cr\u00e8me Hydratante 40ml - Maroc Prix<\/title>\n<meta name=\"description\" content=\"La Roche Posay Toleriane Dermallergo Cr\u00e8me Hydratante 40ml\" \/>\n<meta name=\"robots\" content=\"index, follow, max-snippet:-1, max-image-preview:large, max-video-preview:-1\" \/>\n<link rel=\"canonical\" href=\"https:\/\/vitablanca.ma\/en\/product\/la-roche-posay-toleriane-dermallergo-creme-hydratante-40ml\/\" \/>\n<meta property=\"og:locale\" content=\"en_US\" \/>\n<meta property=\"og:type\" content=\"article\" \/>\n<meta property=\"og:title\" content=\"La Roche Posay Toleriane Dermallergo Cr\u00e8me Hydratante 40ml - Maroc Prix\" \/>\n<meta property=\"og:description\" content=\"La Roche Posay Toleriane Dermallergo Cr\u00e8me Hydratante 40ml\" \/>\n<meta property=\"og:url\" content=\"https:\/\/vitablanca.ma\/en\/product\/la-roche-posay-toleriane-dermallergo-creme-hydratante-40ml\/\" \/>\n<meta property=\"og:site_name\" content=\"Vitablanca.ma &ndash; Sant&eacute;, vitalit&eacute; et bien-&ecirc;tre pour tous les Marocains\" \/>\n<meta property=\"article:publisher\" content=\"https:\/\/www.facebook.com\/profile.php?id=61576678196717\" \/>\n<meta property=\"article:modified_time\" content=\"2025-12-17T19:08:11+00:00\" \/>\n<meta property=\"og:image\" content=\"https:\/\/vitablanca.ma\/wp-content\/uploads\/2025\/06\/La-Roche-posay-Toleriane-Ultra-Creme-40ml-nova-parapharmacie-maroc.jpg\" \/>\n\t<meta property=\"og:image:width\" content=\"1000\" \/>\n\t<meta property=\"og:image:height\" content=\"1000\" \/>\n\t<meta property=\"og:image:type\" content=\"image\/jpeg\" \/>\n<meta name=\"twitter:card\" content=\"summary_large_image\" \/>\n<meta name=\"twitter:label1\" content=\"Est. reading time\" \/>\n\t<meta name=\"twitter:data1\" content=\"2 minutes\" \/>\n<script type=\"application\/ld+json\" class=\"yoast-schema-graph\">{\"@context\":\"https:\\\/\\\/schema.org\",\"@graph\":[{\"@type\":[\"WebPage\",\"ItemPage\"],\"@id\":\"https:\\\/\\\/vitablanca.ma\\\/produit\\\/la-roche-posay-toleriane-dermallergo-creme-hydratante-40ml\\\/\",\"url\":\"https:\\\/\\\/vitablanca.ma\\\/produit\\\/la-roche-posay-toleriane-dermallergo-creme-hydratante-40ml\\\/\",\"name\":\"La Roche Posay Toleriane Dermallergo Cr\u00e8me Hydratante 40ml - Maroc Prix\",\"isPartOf\":{\"@id\":\"https:\\\/\\\/vitablanca.ma\\\/#website\"},\"primaryImageOfPage\":{\"@id\":\"https:\\\/\\\/vitablanca.ma\\\/produit\\\/la-roche-posay-toleriane-dermallergo-creme-hydratante-40ml\\\/#primaryimage\"},\"image\":{\"@id\":\"https:\\\/\\\/vitablanca.ma\\\/produit\\\/la-roche-posay-toleriane-dermallergo-creme-hydratante-40ml\\\/#primaryimage\"},\"thumbnailUrl\":\"https:\\\/\\\/vitablanca.ma\\\/wp-content\\\/uploads\\\/2025\\\/06\\\/La-Roche-posay-Toleriane-Ultra-Creme-40ml-nova-parapharmacie-maroc.jpg\",\"datePublished\":\"2025-06-10T18:01:30+00:00\",\"dateModified\":\"2025-12-17T19:08:11+00:00\",\"description\":\"La Roche Posay Toleriane Dermallergo Cr\u00e8me Hydratante 40ml\",\"breadcrumb\":{\"@id\":\"https:\\\/\\\/vitablanca.ma\\\/produit\\\/la-roche-posay-toleriane-dermallergo-creme-hydratante-40ml\\\/#breadcrumb\"},\"inLanguage\":\"en-US\",\"potentialAction\":[{\"@type\":\"ReadAction\",\"target\":[\"https:\\\/\\\/vitablanca.ma\\\/produit\\\/la-roche-posay-toleriane-dermallergo-creme-hydratante-40ml\\\/\"]}]},{\"@type\":\"ImageObject\",\"inLanguage\":\"en-US\",\"@id\":\"https:\\\/\\\/vitablanca.ma\\\/produit\\\/la-roche-posay-toleriane-dermallergo-creme-hydratante-40ml\\\/#primaryimage\",\"url\":\"https:\\\/\\\/vitablanca.ma\\\/wp-content\\\/uploads\\\/2025\\\/06\\\/La-Roche-posay-Toleriane-Ultra-Creme-40ml-nova-parapharmacie-maroc.jpg\",\"contentUrl\":\"https:\\\/\\\/vitablanca.ma\\\/wp-content\\\/uploads\\\/2025\\\/06\\\/La-Roche-posay-Toleriane-Ultra-Creme-40ml-nova-parapharmacie-maroc.jpg\",\"width\":1000,\"height\":1000},{\"@type\":\"BreadcrumbList\",\"@id\":\"https:\\\/\\\/vitablanca.ma\\\/produit\\\/la-roche-posay-toleriane-dermallergo-creme-hydratante-40ml\\\/#breadcrumb\",\"itemListElement\":[{\"@type\":\"ListItem\",\"position\":1,\"name\":\"Home\",\"item\":\"https:\\\/\\\/vitablanca.ma\\\/\"},{\"@type\":\"ListItem\",\"position\":2,\"name\":\"Tous Les Produits\",\"item\":\"https:\\\/\\\/vitablanca.ma\\\/tous-les-produits\\\/\"},{\"@type\":\"ListItem\",\"position\":3,\"name\":\"La Roche Posay Toleriane Dermallergo Cr\u00e8me Hydratante 40ml\"}]},{\"@type\":\"WebSite\",\"@id\":\"https:\\\/\\\/vitablanca.ma\\\/#website\",\"url\":\"https:\\\/\\\/vitablanca.ma\\\/\",\"name\":\"VitaBlanca.ma | Compl\u00e9ments alimentaires, sant\u00e9 & beaut\u00e9 au Maroc\",\"description\":\"vendre vitamines et compl\u00e9ments premium des USA &amp; Canada, Nouvelle Z\u00e9lande,Maroc (NOW Foods, Solgar, Manuka). Livraison rapide partout au Maroc.\",\"publisher\":{\"@id\":\"https:\\\/\\\/vitablanca.ma\\\/#organization\"},\"alternateName\":\"VitaBlanca.ma\",\"potentialAction\":[{\"@type\":\"SearchAction\",\"target\":{\"@type\":\"EntryPoint\",\"urlTemplate\":\"https:\\\/\\\/vitablanca.ma\\\/?s={search_term_string}\"},\"query-input\":{\"@type\":\"PropertyValueSpecification\",\"valueRequired\":true,\"valueName\":\"search_term_string\"}}],\"inLanguage\":\"en-US\"},{\"@type\":\"Organization\",\"@id\":\"https:\\\/\\\/vitablanca.ma\\\/#organization\",\"name\":\"VitaBlanca\",\"url\":\"https:\\\/\\\/vitablanca.ma\\\/\",\"logo\":{\"@type\":\"ImageObject\",\"inLanguage\":\"en-US\",\"@id\":\"https:\\\/\\\/vitablanca.ma\\\/#\\\/schema\\\/logo\\\/image\\\/\",\"url\":\"https:\\\/\\\/vitablanca.ma\\\/wp-content\\\/uploads\\\/2025\\\/05\\\/cropped-vitablanca.png\",\"contentUrl\":\"https:\\\/\\\/vitablanca.ma\\\/wp-content\\\/uploads\\\/2025\\\/05\\\/cropped-vitablanca.png\",\"width\":360,\"height\":67,\"caption\":\"VitaBlanca\"},\"image\":{\"@id\":\"https:\\\/\\\/vitablanca.ma\\\/#\\\/schema\\\/logo\\\/image\\\/\"},\"sameAs\":[\"https:\\\/\\\/www.facebook.com\\\/profile.php?id=61576678196717\",\"https:\\\/\\\/www.tiktok.com\\\/@vitablanca.ma\",\"https:\\\/\\\/www.instagram.com\\\/vitablanca.ma\\\/\"]}]}<\/script>\n<!-- \/ Yoast SEO plugin. -->","yoast_head_json":{"title":"La Roche Posay Toleriane Dermallergo Moisturizing Cream 40ml - Morocco Price","description":"La Roche Posay Toleriane Dermallergo Moisturizing Cream 40ml","robots":{"index":"index","follow":"follow","max-snippet":"max-snippet:-1","max-image-preview":"max-image-preview:large","max-video-preview":"max-video-preview:-1"},"canonical":"https:\/\/vitablanca.ma\/en\/product\/la-roche-posay-toleriane-dermallergo-creme-hydratante-40ml\/","og_locale":"en_US","og_type":"article","og_title":"La Roche Posay Toleriane Dermallergo Cr\u00e8me Hydratante 40ml - Maroc Prix","og_description":"La Roche Posay Toleriane Dermallergo Cr\u00e8me Hydratante 40ml","og_url":"https:\/\/vitablanca.ma\/en\/product\/la-roche-posay-toleriane-dermallergo-creme-hydratante-40ml\/","og_site_name":"Vitablanca.ma &ndash; Sant&eacute;, vitalit&eacute; et bien-&ecirc;tre pour tous les Marocains","article_publisher":"https:\/\/www.facebook.com\/profile.php?id=61576678196717","article_modified_time":"2025-12-17T19:08:11+00:00","og_image":[{"width":1000,"height":1000,"url":"https:\/\/vitablanca.ma\/wp-content\/uploads\/2025\/06\/La-Roche-posay-Toleriane-Ultra-Creme-40ml-nova-parapharmacie-maroc.jpg","type":"image\/jpeg"}],"twitter_card":"summary_large_image","twitter_misc":{"Est. reading time":"2 minutes"},"schema":{"@context":"https:\/\/schema.org","@graph":[{"@type":["WebPage","ItemPage"],"@id":"https:\/\/vitablanca.ma\/produit\/la-roche-posay-toleriane-dermallergo-creme-hydratante-40ml\/","url":"https:\/\/vitablanca.ma\/produit\/la-roche-posay-toleriane-dermallergo-creme-hydratante-40ml\/","name":"La Roche Posay Toleriane Dermallergo Moisturizing Cream 40ml - Morocco Price","isPartOf":{"@id":"https:\/\/vitablanca.ma\/#website"},"primaryImageOfPage":{"@id":"https:\/\/vitablanca.ma\/produit\/la-roche-posay-toleriane-dermallergo-creme-hydratante-40ml\/#primaryimage"},"image":{"@id":"https:\/\/vitablanca.ma\/produit\/la-roche-posay-toleriane-dermallergo-creme-hydratante-40ml\/#primaryimage"},"thumbnailUrl":"https:\/\/vitablanca.ma\/wp-content\/uploads\/2025\/06\/La-Roche-posay-Toleriane-Ultra-Creme-40ml-nova-parapharmacie-maroc.jpg","datePublished":"2025-06-10T18:01:30+00:00","dateModified":"2025-12-17T19:08:11+00:00","description":"La Roche Posay Toleriane Dermallergo Moisturizing Cream 40ml","breadcrumb":{"@id":"https:\/\/vitablanca.ma\/produit\/la-roche-posay-toleriane-dermallergo-creme-hydratante-40ml\/#breadcrumb"},"inLanguage":"en-US","potentialAction":[{"@type":"ReadAction","target":["https:\/\/vitablanca.ma\/produit\/la-roche-posay-toleriane-dermallergo-creme-hydratante-40ml\/"]}]},{"@type":"ImageObject","inLanguage":"en-US","@id":"https:\/\/vitablanca.ma\/produit\/la-roche-posay-toleriane-dermallergo-creme-hydratante-40ml\/#primaryimage","url":"https:\/\/vitablanca.ma\/wp-content\/uploads\/2025\/06\/La-Roche-posay-Toleriane-Ultra-Creme-40ml-nova-parapharmacie-maroc.jpg","contentUrl":"https:\/\/vitablanca.ma\/wp-content\/uploads\/2025\/06\/La-Roche-posay-Toleriane-Ultra-Creme-40ml-nova-parapharmacie-maroc.jpg","width":1000,"height":1000},{"@type":"BreadcrumbList","@id":"https:\/\/vitablanca.ma\/produit\/la-roche-posay-toleriane-dermallergo-creme-hydratante-40ml\/#breadcrumb","itemListElement":[{"@type":"ListItem","position":1,"name":"Home","item":"https:\/\/vitablanca.ma\/"},{"@type":"ListItem","position":2,"name":"Tous Les Produits","item":"https:\/\/vitablanca.ma\/tous-les-produits\/"},{"@type":"ListItem","position":3,"name":"La Roche Posay Toleriane Dermallergo Cr\u00e8me Hydratante 40ml"}]},{"@type":"WebSite","@id":"https:\/\/vitablanca.ma\/#website","url":"https:\/\/vitablanca.ma\/","name":"VitaBlanca.ma | Food supplements, health &amp; beauty in Morocco","description":"sell premium vitamins and supplements from USA &amp; Canada, New Zealand, Morocco (NOW Foods, Solgar, Manuka). Fast delivery anywhere in Morocco.","publisher":{"@id":"https:\/\/vitablanca.ma\/#organization"},"alternateName":"VitaBlanca.ma","potentialAction":[{"@type":"SearchAction","target":{"@type":"EntryPoint","urlTemplate":"https:\/\/vitablanca.ma\/?s={search_term_string}"},"query-input":{"@type":"PropertyValueSpecification","valueRequired":true,"valueName":"search_term_string"}}],"inLanguage":"en-US"},{"@type":"Organization","@id":"https:\/\/vitablanca.ma\/#organization","name":"VitaBlanca","url":"https:\/\/vitablanca.ma\/","logo":{"@type":"ImageObject","inLanguage":"en-US","@id":"https:\/\/vitablanca.ma\/#\/schema\/logo\/image\/","url":"https:\/\/vitablanca.ma\/wp-content\/uploads\/2025\/05\/cropped-vitablanca.png","contentUrl":"https:\/\/vitablanca.ma\/wp-content\/uploads\/2025\/05\/cropped-vitablanca.png","width":360,"height":67,"caption":"VitaBlanca"},"image":{"@id":"https:\/\/vitablanca.ma\/#\/schema\/logo\/image\/"},"sameAs":["https:\/\/www.facebook.com\/profile.php?id=61576678196717","https:\/\/www.tiktok.com\/@vitablanca.ma","https:\/\/www.instagram.com\/vitablanca.ma\/"]}]}},"jetpack_sharing_enabled":true,"_links":{"self":[{"href":"https:\/\/vitablanca.ma\/en\/wp-json\/wp\/v2\/product\/19584","targetHints":{"allow":["GET"]}}],"collection":[{"href":"https:\/\/vitablanca.ma\/en\/wp-json\/wp\/v2\/product"}],"about":[{"href":"https:\/\/vitablanca.ma\/en\/wp-json\/wp\/v2\/types\/product"}],"wp:featuredmedia":[{"embeddable":true,"href":"https:\/\/vitablanca.ma\/en\/wp-json\/wp\/v2\/media\/19575"}],"wp:attachment":[{"href":"https:\/\/vitablanca.ma\/en\/wp-json\/wp\/v2\/media?parent=19584"}],"wp:term":[{"taxonomy":"product_brand","embeddable":true,"href":"https:\/\/vitablanca.ma\/en\/wp-json\/wp\/v2\/product_brand?post=19584"},{"taxonomy":"product_cat","embeddable":true,"href":"https:\/\/vitablanca.ma\/en\/wp-json\/wp\/v2\/product_cat?post=19584"},{"taxonomy":"product_tag","embeddable":true,"href":"https:\/\/vitablanca.ma\/en\/wp-json\/wp\/v2\/product_tag?post=19584"}],"curies":[{"name":"wp","href":"https:\/\/api.w.org\/{rel}","templated":true}]}}