{"id":19579,"date":"2025-06-10T18:01:22","date_gmt":"2025-06-10T18:01:22","guid":{"rendered":"https:\/\/vitablanca.ma\/product\/isispharma-neotone-aqua-solution-micellaire-demaquillante\/"},"modified":"2025-12-24T16:33:16","modified_gmt":"2025-12-24T16:33:16","slug":"isispharma-neotone-aqua-solution-micellaire-demaquillante","status":"publish","type":"product","link":"https:\/\/vitablanca.ma\/en\/product\/isispharma-neotone-aqua-solution-micellaire-demaquillante\/","title":{"rendered":"Isispharma Neotone Aqua Micellar Make-up Remover Solution"},"content":{"rendered":"<h2 data-mce-fragment=\"1\">Isispharma Neotone Aqua Micellar Make-up Remover Solution\u00a0<span data-mce-fragment=\"1\">nettoie en douceur les peaux sensibles\u00a0<\/span><br \/>\n<\/h2>\n<div class=\"sp_details--description\" data-mce-fragment=\"1\">\n<p data-mce-fragment=\"1\">Neotone Aqua, l\u2019eau micellaire qui nettoie et d\u00e9maquille en douceur les peaux sensibles sujettes aux taches pigmentaires.<\/p>\n<\/div>\n<div class=\"sp_details--tabs\" data-mce-fragment=\"1\">\n<div class=\"sp_details--tab accordion_item open\" data-mce-fragment=\"1\">\n<h3 class=\"sp_details--tab-title accordion_item--toggle\" data-mce-fragment=\"1\">HOW TO USE IT?<span class=\"sp_details--tab-toggle-icon\" data-mce-fragment=\"1\"><\/span><br \/>\n<\/h3>\n<div class=\"sp_details--tab-content accordion_item--content\" data-mce-fragment=\"1\">\n<div class=\"accordion_item--content-inner rich-text\" data-mce-fragment=\"1\">\n<div class=\"sp_details--content\" data-mce-fragment=\"1\">\n<p data-mce-fragment=\"1\"><strong data-mce-fragment=\"1\">Sur tout le visage et le cou<\/strong><br data-mce-fragment=\"1\">Appliquez Neotone Aqua matin et soir \u00e0 l\u2019aide d\u2019un coton pour nettoyer et d\u00e9maquiller la peau en profondeur.<\/p>\n<p data-mce-fragment=\"1\"><strong data-mce-fragment=\"1\">Dermatologically tested.<\/strong><br data-mce-fragment=\"1\">Sa formule efficace mais ultra-douce a \u00e9t\u00e9 sp\u00e9cialement con\u00e7ue pour les femmes enceintes.<\/p>\n<p data-mce-fragment=\"1\"><span class=\"usage usage-day\" data-mce-fragment=\"1\">DAY\u00a0<\/span><span class=\"usage usage-night\" data-mce-fragment=\"1\">NIGHT<\/span><\/p>\n<\/div>\n<\/div>\n<\/div>\n<\/div>\n<div class=\"sp_details--tab accordion_item open\" data-mce-fragment=\"1\">\n<h3 class=\"sp_details--tab-title accordion_item--toggle\" data-mce-fragment=\"1\">OUR CLINICAL RESULTS<span class=\"sp_details--tab-toggle-icon\" data-mce-fragment=\"1\"><\/span><br \/>\n<\/h3>\n<div class=\"sp_details--tab-content accordion_item--content\" data-mce-fragment=\"1\">\n<div class=\"accordion_item--content-inner rich-text\" data-mce-fragment=\"1\">\n<div class=\"sp_details--content\" data-mce-fragment=\"1\">\n<p data-mce-fragment=\"1\"><strong data-mce-fragment=\"1\">Proven effectiveness after 1 month of use<br data-mce-fragment=\"1\"><\/strong>+ 25%* luminosit\u00e9 du teint**<br data-mce-fragment=\"1\">+ 30%* \u00e9clat du teint***<\/p>\n<div class=\"annotation\" data-mce-fragment=\"1\">\n<p data-mce-fragment=\"1\">*Test d\u2019usage sur 19 volontaires pendant 28 jours.<br data-mce-fragment=\"1\">** Chez 74% des volontaires.<br data-mce-fragment=\"1\">*** Chez 68% des volontaires.<\/p>\n<\/div>\n<\/div>\n<\/div>\n<\/div>\n<\/div>\n<div class=\"sp_details--tab accordion_item open\" data-mce-fragment=\"1\">\n<h3 class=\"sp_details--tab-title accordion_item--toggle\" data-mce-fragment=\"1\">COMPOSITION<span class=\"sp_details--tab-toggle-icon\" data-mce-fragment=\"1\"><\/span><br \/>\n<\/h3>\n<div class=\"sp_details--tab-content accordion_item--content\" data-mce-fragment=\"1\">\n<div class=\"accordion_item--content-inner rich-text\" data-mce-fragment=\"1\">\n<div class=\"sp_details--content\" data-mce-fragment=\"1\">\n<div class=\"annotation\" data-mce-fragment=\"1\">AQUA (WATER), GLYCERIN, PEG-6 CAPRYLIC\/CAPRIC GLYCERIDES, PEG-40 HYDROGENATED CASTOR OIL, POLYSORBATE 20, PENTYLENE GLYCOL, NIACINAMIDE, PARFUM (FRAGRANCE), CAPRYLIC\/CAPRIC TRIGLYCERIDE, CETRIMONIUM BROMIDE, DISODIUM EDTA, BUTETH-3, SODIUM BENZOTRIAZOLYL BUTYLPHENOL SULFONATE, ALCOHOL, TRIS(TETRAMETHYLHYDROXYPIPERIDINOL) CITRATE, TRIBUTYL CITRATE, GLYCYRRHIZA GLABRA (LICORICE) ROOT EXTRACT, DIACETYL BOLDINE, CI 42090 (BLUE 1), CI 17200 (RED 33)<\/div>\n<\/div>\n<\/div>\n<\/div>\n<\/div>\n<\/div>","protected":false},"excerpt":{"rendered":"<p>Isispharma Neotone Aqua Solution Micellaire D\u00e9maquillante\u00a0nettoie en douceur les peaux sensibles\u00a0 Neotone Aqua, l\u2019eau micellaire qui nettoie et d\u00e9maquille en douceur les peaux sensibles sujettes aux taches pigmentaires. COMMENT L&rsquo;UTILISER ? Sur tout le visage et le couAppliquez Neotone Aqua matin et soir \u00e0 l\u2019aide d\u2019un coton pour nettoyer et d\u00e9maquiller la peau en profondeur. [&hellip;]<\/p>\n","protected":false},"featured_media":19571,"template":"","meta":{"om_disable_all_campaigns":false},"product_brand":[5496],"product_cat":[15],"product_tag":[5502,5487,5497,5499,3469,5498,5501,5500,5503],"class_list":{"0":"post-19579","1":"product","2":"type-product","3":"status-publish","4":"has-post-thumbnail","6":"product_brand-isispharma-maroc-prix","7":"product_cat-beaute-sante-complements-alimentaires-soins-et-bien-etre-au-meilleur-prix","8":"product_tag-anti-rougeurs-maroc","9":"product_tag-isispharma-maroc","10":"product_tag-isispharma-produits-maroc","11":"product_tag-neotone-maroc","12":"product_tag-peau-sensible-maroc","13":"product_tag-ruboril-maroc","14":"product_tag-soin-dermatologique-maroc","15":"product_tag-teen-derm-maroc","16":"product_tag-traitement-taches-maroc","18":"first","19":"instock","20":"sale","21":"taxable","22":"shipping-taxable","23":"purchasable","24":"product-type-variable"},"yoast_head":"<!-- This site is optimized with the Yoast SEO plugin v27.4 - https:\/\/yoast.com\/product\/yoast-seo-wordpress\/ -->\n<title>Isispharma Neotone Aqua Solution Micellaire D\u00e9maquillante - Maroc Prix<\/title>\n<meta name=\"description\" content=\"Isispharma Neotone Aqua Solution Micellaire D\u00e9maquillante\" \/>\n<meta name=\"robots\" content=\"index, follow, max-snippet:-1, max-image-preview:large, max-video-preview:-1\" \/>\n<link rel=\"canonical\" href=\"https:\/\/vitablanca.ma\/en\/product\/isispharma-neotone-aqua-solution-micellaire-demaquillante\/\" \/>\n<meta property=\"og:locale\" content=\"en_US\" \/>\n<meta property=\"og:type\" content=\"article\" \/>\n<meta property=\"og:title\" content=\"Isispharma Neotone Aqua Solution Micellaire D\u00e9maquillante - Maroc Prix\" \/>\n<meta property=\"og:description\" content=\"Isispharma Neotone Aqua Solution Micellaire D\u00e9maquillante\" \/>\n<meta property=\"og:url\" content=\"https:\/\/vitablanca.ma\/en\/product\/isispharma-neotone-aqua-solution-micellaire-demaquillante\/\" \/>\n<meta property=\"og:site_name\" content=\"Vitablanca.ma &ndash; Sant&eacute;, vitalit&eacute; et bien-&ecirc;tre pour tous les Marocains\" \/>\n<meta property=\"article:publisher\" content=\"https:\/\/www.facebook.com\/profile.php?id=61576678196717\" \/>\n<meta property=\"article:modified_time\" content=\"2025-12-24T16:33:16+00:00\" \/>\n<meta property=\"og:image\" content=\"https:\/\/vitablanca.ma\/wp-content\/uploads\/2025\/06\/Isispharma-Neotone-Aqua-Solution-Micellaire-Demaquillante-250ml-nova-parapharmacie-maroc.png\" \/>\n\t<meta property=\"og:image:width\" content=\"1000\" \/>\n\t<meta property=\"og:image:height\" content=\"1000\" \/>\n\t<meta property=\"og:image:type\" content=\"image\/png\" \/>\n<meta name=\"twitter:card\" content=\"summary_large_image\" \/>\n<meta name=\"twitter:label1\" content=\"Est. reading time\" \/>\n\t<meta name=\"twitter:data1\" content=\"1 minute\" \/>\n<script type=\"application\/ld+json\" class=\"yoast-schema-graph\">{\"@context\":\"https:\\\/\\\/schema.org\",\"@graph\":[{\"@type\":[\"WebPage\",\"ItemPage\"],\"@id\":\"https:\\\/\\\/vitablanca.ma\\\/produit\\\/isispharma-neotone-aqua-solution-micellaire-demaquillante\\\/\",\"url\":\"https:\\\/\\\/vitablanca.ma\\\/produit\\\/isispharma-neotone-aqua-solution-micellaire-demaquillante\\\/\",\"name\":\"Isispharma Neotone Aqua Solution Micellaire D\u00e9maquillante - Maroc Prix\",\"isPartOf\":{\"@id\":\"https:\\\/\\\/vitablanca.ma\\\/#website\"},\"primaryImageOfPage\":{\"@id\":\"https:\\\/\\\/vitablanca.ma\\\/produit\\\/isispharma-neotone-aqua-solution-micellaire-demaquillante\\\/#primaryimage\"},\"image\":{\"@id\":\"https:\\\/\\\/vitablanca.ma\\\/produit\\\/isispharma-neotone-aqua-solution-micellaire-demaquillante\\\/#primaryimage\"},\"thumbnailUrl\":\"https:\\\/\\\/vitablanca.ma\\\/wp-content\\\/uploads\\\/2025\\\/06\\\/Isispharma-Neotone-Aqua-Solution-Micellaire-Demaquillante-250ml-nova-parapharmacie-maroc.png\",\"datePublished\":\"2025-06-10T18:01:22+00:00\",\"dateModified\":\"2025-12-24T16:33:16+00:00\",\"description\":\"Isispharma Neotone Aqua Solution Micellaire D\u00e9maquillante\",\"breadcrumb\":{\"@id\":\"https:\\\/\\\/vitablanca.ma\\\/produit\\\/isispharma-neotone-aqua-solution-micellaire-demaquillante\\\/#breadcrumb\"},\"inLanguage\":\"en-US\",\"potentialAction\":[{\"@type\":\"ReadAction\",\"target\":[\"https:\\\/\\\/vitablanca.ma\\\/produit\\\/isispharma-neotone-aqua-solution-micellaire-demaquillante\\\/\"]}]},{\"@type\":\"ImageObject\",\"inLanguage\":\"en-US\",\"@id\":\"https:\\\/\\\/vitablanca.ma\\\/produit\\\/isispharma-neotone-aqua-solution-micellaire-demaquillante\\\/#primaryimage\",\"url\":\"https:\\\/\\\/vitablanca.ma\\\/wp-content\\\/uploads\\\/2025\\\/06\\\/Isispharma-Neotone-Aqua-Solution-Micellaire-Demaquillante-250ml-nova-parapharmacie-maroc.png\",\"contentUrl\":\"https:\\\/\\\/vitablanca.ma\\\/wp-content\\\/uploads\\\/2025\\\/06\\\/Isispharma-Neotone-Aqua-Solution-Micellaire-Demaquillante-250ml-nova-parapharmacie-maroc.png\",\"width\":1000,\"height\":1000},{\"@type\":\"BreadcrumbList\",\"@id\":\"https:\\\/\\\/vitablanca.ma\\\/produit\\\/isispharma-neotone-aqua-solution-micellaire-demaquillante\\\/#breadcrumb\",\"itemListElement\":[{\"@type\":\"ListItem\",\"position\":1,\"name\":\"Home\",\"item\":\"https:\\\/\\\/vitablanca.ma\\\/\"},{\"@type\":\"ListItem\",\"position\":2,\"name\":\"Tous Les Produits\",\"item\":\"https:\\\/\\\/vitablanca.ma\\\/tous-les-produits\\\/\"},{\"@type\":\"ListItem\",\"position\":3,\"name\":\"Isispharma Neotone Aqua Solution Micellaire D\u00e9maquillante\"}]},{\"@type\":\"WebSite\",\"@id\":\"https:\\\/\\\/vitablanca.ma\\\/#website\",\"url\":\"https:\\\/\\\/vitablanca.ma\\\/\",\"name\":\"VitaBlanca.ma | Compl\u00e9ments alimentaires, sant\u00e9 & beaut\u00e9 au Maroc\",\"description\":\"vendre vitamines et compl\u00e9ments premium des USA &amp; Canada, Nouvelle Z\u00e9lande,Maroc (NOW Foods, Solgar, Manuka). Livraison rapide partout au Maroc.\",\"publisher\":{\"@id\":\"https:\\\/\\\/vitablanca.ma\\\/#organization\"},\"alternateName\":\"VitaBlanca.ma\",\"potentialAction\":[{\"@type\":\"SearchAction\",\"target\":{\"@type\":\"EntryPoint\",\"urlTemplate\":\"https:\\\/\\\/vitablanca.ma\\\/?s={search_term_string}\"},\"query-input\":{\"@type\":\"PropertyValueSpecification\",\"valueRequired\":true,\"valueName\":\"search_term_string\"}}],\"inLanguage\":\"en-US\"},{\"@type\":\"Organization\",\"@id\":\"https:\\\/\\\/vitablanca.ma\\\/#organization\",\"name\":\"VitaBlanca\",\"url\":\"https:\\\/\\\/vitablanca.ma\\\/\",\"logo\":{\"@type\":\"ImageObject\",\"inLanguage\":\"en-US\",\"@id\":\"https:\\\/\\\/vitablanca.ma\\\/#\\\/schema\\\/logo\\\/image\\\/\",\"url\":\"https:\\\/\\\/vitablanca.ma\\\/wp-content\\\/uploads\\\/2025\\\/05\\\/cropped-vitablanca.png\",\"contentUrl\":\"https:\\\/\\\/vitablanca.ma\\\/wp-content\\\/uploads\\\/2025\\\/05\\\/cropped-vitablanca.png\",\"width\":360,\"height\":67,\"caption\":\"VitaBlanca\"},\"image\":{\"@id\":\"https:\\\/\\\/vitablanca.ma\\\/#\\\/schema\\\/logo\\\/image\\\/\"},\"sameAs\":[\"https:\\\/\\\/www.facebook.com\\\/profile.php?id=61576678196717\",\"https:\\\/\\\/www.tiktok.com\\\/@vitablanca.ma\",\"https:\\\/\\\/www.instagram.com\\\/vitablanca.ma\\\/\"]}]}<\/script>\n<!-- \/ Yoast SEO plugin. -->","yoast_head_json":{"title":"Isispharma Neotone Aqua Solution Micellaire D\u00e9maquillante - Maroc Prix","description":"Isispharma Neotone Aqua Micellar Make-up Remover Solution","robots":{"index":"index","follow":"follow","max-snippet":"max-snippet:-1","max-image-preview":"max-image-preview:large","max-video-preview":"max-video-preview:-1"},"canonical":"https:\/\/vitablanca.ma\/en\/product\/isispharma-neotone-aqua-solution-micellaire-demaquillante\/","og_locale":"en_US","og_type":"article","og_title":"Isispharma Neotone Aqua Solution Micellaire D\u00e9maquillante - Maroc Prix","og_description":"Isispharma Neotone Aqua Solution Micellaire D\u00e9maquillante","og_url":"https:\/\/vitablanca.ma\/en\/product\/isispharma-neotone-aqua-solution-micellaire-demaquillante\/","og_site_name":"Vitablanca.ma &ndash; Sant&eacute;, vitalit&eacute; et bien-&ecirc;tre pour tous les Marocains","article_publisher":"https:\/\/www.facebook.com\/profile.php?id=61576678196717","article_modified_time":"2025-12-24T16:33:16+00:00","og_image":[{"width":1000,"height":1000,"url":"https:\/\/vitablanca.ma\/wp-content\/uploads\/2025\/06\/Isispharma-Neotone-Aqua-Solution-Micellaire-Demaquillante-250ml-nova-parapharmacie-maroc.png","type":"image\/png"}],"twitter_card":"summary_large_image","twitter_misc":{"Est. reading time":"1 minute"},"schema":{"@context":"https:\/\/schema.org","@graph":[{"@type":["WebPage","ItemPage"],"@id":"https:\/\/vitablanca.ma\/produit\/isispharma-neotone-aqua-solution-micellaire-demaquillante\/","url":"https:\/\/vitablanca.ma\/produit\/isispharma-neotone-aqua-solution-micellaire-demaquillante\/","name":"Isispharma Neotone Aqua Solution Micellaire D\u00e9maquillante - Maroc Prix","isPartOf":{"@id":"https:\/\/vitablanca.ma\/#website"},"primaryImageOfPage":{"@id":"https:\/\/vitablanca.ma\/produit\/isispharma-neotone-aqua-solution-micellaire-demaquillante\/#primaryimage"},"image":{"@id":"https:\/\/vitablanca.ma\/produit\/isispharma-neotone-aqua-solution-micellaire-demaquillante\/#primaryimage"},"thumbnailUrl":"https:\/\/vitablanca.ma\/wp-content\/uploads\/2025\/06\/Isispharma-Neotone-Aqua-Solution-Micellaire-Demaquillante-250ml-nova-parapharmacie-maroc.png","datePublished":"2025-06-10T18:01:22+00:00","dateModified":"2025-12-24T16:33:16+00:00","description":"Isispharma Neotone Aqua Micellar Make-up Remover Solution","breadcrumb":{"@id":"https:\/\/vitablanca.ma\/produit\/isispharma-neotone-aqua-solution-micellaire-demaquillante\/#breadcrumb"},"inLanguage":"en-US","potentialAction":[{"@type":"ReadAction","target":["https:\/\/vitablanca.ma\/produit\/isispharma-neotone-aqua-solution-micellaire-demaquillante\/"]}]},{"@type":"ImageObject","inLanguage":"en-US","@id":"https:\/\/vitablanca.ma\/produit\/isispharma-neotone-aqua-solution-micellaire-demaquillante\/#primaryimage","url":"https:\/\/vitablanca.ma\/wp-content\/uploads\/2025\/06\/Isispharma-Neotone-Aqua-Solution-Micellaire-Demaquillante-250ml-nova-parapharmacie-maroc.png","contentUrl":"https:\/\/vitablanca.ma\/wp-content\/uploads\/2025\/06\/Isispharma-Neotone-Aqua-Solution-Micellaire-Demaquillante-250ml-nova-parapharmacie-maroc.png","width":1000,"height":1000},{"@type":"BreadcrumbList","@id":"https:\/\/vitablanca.ma\/produit\/isispharma-neotone-aqua-solution-micellaire-demaquillante\/#breadcrumb","itemListElement":[{"@type":"ListItem","position":1,"name":"Home","item":"https:\/\/vitablanca.ma\/"},{"@type":"ListItem","position":2,"name":"Tous Les Produits","item":"https:\/\/vitablanca.ma\/tous-les-produits\/"},{"@type":"ListItem","position":3,"name":"Isispharma Neotone Aqua Solution Micellaire D\u00e9maquillante"}]},{"@type":"WebSite","@id":"https:\/\/vitablanca.ma\/#website","url":"https:\/\/vitablanca.ma\/","name":"VitaBlanca.ma | Food supplements, health &amp; beauty in Morocco","description":"sell premium vitamins and supplements from USA &amp; Canada, New Zealand, Morocco (NOW Foods, Solgar, Manuka). Fast delivery anywhere in Morocco.","publisher":{"@id":"https:\/\/vitablanca.ma\/#organization"},"alternateName":"VitaBlanca.ma","potentialAction":[{"@type":"SearchAction","target":{"@type":"EntryPoint","urlTemplate":"https:\/\/vitablanca.ma\/?s={search_term_string}"},"query-input":{"@type":"PropertyValueSpecification","valueRequired":true,"valueName":"search_term_string"}}],"inLanguage":"en-US"},{"@type":"Organization","@id":"https:\/\/vitablanca.ma\/#organization","name":"VitaBlanca","url":"https:\/\/vitablanca.ma\/","logo":{"@type":"ImageObject","inLanguage":"en-US","@id":"https:\/\/vitablanca.ma\/#\/schema\/logo\/image\/","url":"https:\/\/vitablanca.ma\/wp-content\/uploads\/2025\/05\/cropped-vitablanca.png","contentUrl":"https:\/\/vitablanca.ma\/wp-content\/uploads\/2025\/05\/cropped-vitablanca.png","width":360,"height":67,"caption":"VitaBlanca"},"image":{"@id":"https:\/\/vitablanca.ma\/#\/schema\/logo\/image\/"},"sameAs":["https:\/\/www.facebook.com\/profile.php?id=61576678196717","https:\/\/www.tiktok.com\/@vitablanca.ma","https:\/\/www.instagram.com\/vitablanca.ma\/"]}]}},"jetpack_sharing_enabled":true,"_links":{"self":[{"href":"https:\/\/vitablanca.ma\/en\/wp-json\/wp\/v2\/product\/19579","targetHints":{"allow":["GET"]}}],"collection":[{"href":"https:\/\/vitablanca.ma\/en\/wp-json\/wp\/v2\/product"}],"about":[{"href":"https:\/\/vitablanca.ma\/en\/wp-json\/wp\/v2\/types\/product"}],"wp:featuredmedia":[{"embeddable":true,"href":"https:\/\/vitablanca.ma\/en\/wp-json\/wp\/v2\/media\/19571"}],"wp:attachment":[{"href":"https:\/\/vitablanca.ma\/en\/wp-json\/wp\/v2\/media?parent=19579"}],"wp:term":[{"taxonomy":"product_brand","embeddable":true,"href":"https:\/\/vitablanca.ma\/en\/wp-json\/wp\/v2\/product_brand?post=19579"},{"taxonomy":"product_cat","embeddable":true,"href":"https:\/\/vitablanca.ma\/en\/wp-json\/wp\/v2\/product_cat?post=19579"},{"taxonomy":"product_tag","embeddable":true,"href":"https:\/\/vitablanca.ma\/en\/wp-json\/wp\/v2\/product_tag?post=19579"}],"curies":[{"name":"wp","href":"https:\/\/api.w.org\/{rel}","templated":true}]}}