{"id":19573,"date":"2025-06-10T18:00:58","date_gmt":"2025-06-10T18:00:58","guid":{"rendered":"https:\/\/vitablanca.ma\/product\/la-roche-posay-pure-vitamin-c-legere\/"},"modified":"2025-12-17T19:08:10","modified_gmt":"2025-12-17T19:08:10","slug":"la-roche-posay-pure-vitamin-c-legere","status":"publish","type":"product","link":"https:\/\/vitablanca.ma\/en\/product\/la-roche-posay-pure-vitamin-c-legere\/","title":{"rendered":"La Roche Posay Pure Vitamin C Light"},"content":{"rendered":"<h2>La Roche Posay Pure Vitamin C Light Vitamin C Cream\u00a0<span data-mce-fragment=\"1\">Normal to combination skin.<\/span><br \/>\n<\/h2>\n<header class=\"obj_banner-product\">\n<div class=\"ctn_txt\" id=\"top\">\n<div class=\"ctn_desc\">\n<p><strong>BENEFITS<\/strong><br \/>Anti-wrinkle radiance treatment, combining pure vitamin C and neurosensine, to reveal the radiance of sensitive skin.\u00a0<\/p>\n<p><strong>INDICATIONS<\/strong><\/p>\n<p>Wrinkles, dullness, loss of firmness. Normal to combination skin.<\/p>\n<\/div>\n<div class=\"ctn_format\">\n<p class=\"active\">40 ml<\/p>\n<section class=\"obj_detail product clearfix\">\n<div class=\"ctn_description clearfix\" id=\"carousselpack\">\n<div class=\"ctn_col var_center\">\n<div class=\"ctn_properties\">\n<h3>PROPERTIES<\/h3>\n<p><strong>Dermatological expertise:<\/strong><br \/>Sensitive skin is characterized by a tendency toward more pronounced redness. As we age, redness accentuates the alteration of the uniformity of the complexion and adds to wrinkles and a lack of firmness. With this expertise, La Roche-Posay laboratories have developed a formula for sensitive skin concentrated in Vitamin C.<br \/><strong>1\/ IMPROVES SKIN UNIFORMITY<\/strong><br \/>A cream enriched with\u00a0<u>VITAMIN C<\/u>, a leading anti-aging active ingredient that helps reveal skin&#039;s radiance and smooth out fine lines and wrinkles. Vitamin C inhibits the production of melanin produced in the melanocytes of the epidermis to reduce the appearance of dark spots.<br \/><strong>2\/ SMOOTHES AND PLUMPS THE SKIN<\/strong><br \/>Thanks to\u00a0<u>HYALURONIC ACID<\/u><span>\u00a0<\/span>fragmented present in the formula.<br \/><strong>3\/ LIGHTENS THE COMPLEXION<\/strong><br \/>The complexion is radiant thanks to Mannose, a regenerating sugar to optimize the interaction of light with the skin.<br \/><strong>4\/ REPAIRS AND SOOTHES<\/strong><br \/>Thanks to restorative Madecassoside and Neurosensine (soothing peptide).<\/p>\n<\/div>\n<\/div>\n<\/div>\n<\/section>\n<section class=\"obj_detail product clearfix\">\n<div class=\"obj_encart clearfix\">\n<div class=\"ctn_col var_efficacy\">\n<h3>EFFICIENCY<\/h3>\n<p>Wrinkles are reduced. The skin regains its radiance and the complexion is even.<\/p>\n<p><u>+92%<\/u><span>\u00a0<\/span>Skin appears softer<br \/><u>+69%<\/u><span>\u00a0<\/span>The skin is firmer\u00a0<br \/><u>+67%<\/u><span>\u00a0<\/span>The complexion is more even\u00a0<\/p>\n<p><em>*Clinical evaluation on 51 subjects after 8 weeks of use<\/em><\/p>\n<p>Immediate results*:<br \/><u>+33%<\/u><span>\u00a0<\/span>Tone\u00a0<br \/><u>+17%<\/u><span>\u00a0<\/span>Firmness\u00a0<\/p>\n<p><em>*Instrumental test on 40 subjects with dry skin.<\/em><\/p>\n<\/div>\n<div class=\"ctn_col var_texture\">\n<h3>TEXTURE &amp; APPLICATION<\/h3>\n<div>\n<strong>TEXTURE<\/strong><\/p>\n<p>A plumping, fresh and light texture that leaves a velvety finish and a non-greasy feel.<\/p>\n<p><strong>HOW TO APPLY IT?<\/strong><\/p>\n<p>Morning and\/or evening apply to the face and neck.<\/p><\/div>\n<div>To complete your Vitamin C routine, use<u><span>\u00a0<\/span>Pure Vitamin C10<\/u><span>\u00a0<\/span>Serum upstream and\u00a0<u>Pure Vitamin C Eyes<\/u><span>\u00a0<\/span>for an anti-aging filling treatment for the eye area.<\/div>\n<\/div>\n<\/div>\n<\/section>\n<\/div>\n<div class=\"ctn_desc\">\n<section class=\"obj_detail product clearfix\">\n<div class=\"obj_encart clearfix\">\n<div class=\"ctn_col var_texture\">\n<div><\/div>\n<\/div>\n<\/div>\n<\/section>\n<\/div>\n<\/div>\n<\/header>","protected":false},"excerpt":{"rendered":"<p>La Roche Posay Pure Vitamin C L\u00e9g\u00e8re Cr\u00e8me \u00e0 la Vitamine C\u00a0Peaux normales \u00e0 mixtes. B\u00c9N\u00c9FICESSoin anti-rides \u00e9clat, alliant de la vitamine C pure et de la neurosensine, pour r\u00e9v\u00e9ler l\u2019\u00e9clat des peaux sensibles.\u00a0 INDICATIONS Rides, manque d\u2019\u00e9clat, perte de fermet\u00e9. Peaux normales \u00e0 mixtes. 40 ml PROPRI\u00c9T\u00c9S Expertise dermatologique :Les peaux sensibles se caract\u00e9risent [&hellip;]<\/p>\n","protected":false},"featured_media":19570,"template":"","meta":{"om_disable_all_campaigns":false},"product_brand":[3456],"product_cat":[18],"product_tag":[3459,3471,3473,3468,3472,3470,3474,3462,3464,3460,3465,3461,3457,3466,3469,3458,3463,3467],"class_list":{"0":"post-19573","1":"product","2":"type-product","3":"status-publish","4":"has-post-thumbnail","6":"product_brand-la-roche-posay-maroc-prix","7":"product_cat-beaute-sante","8":"product_tag-acheter-la-roche-posay-en-ligne-maroc","9":"product_tag-anthelios-maroc","10":"product_tag-cosmetiques-maroc","11":"product_tag-creme-solaire-maroc","12":"product_tag-dermatologie-maroc","13":"product_tag-effaclar-maroc","14":"product_tag-hydratation-peau","15":"product_tag-la-roche-posay-acne-maroc","16":"product_tag-la-roche-posay-anthelios-maroc","17":"product_tag-la-roche-posay-creme-solaire-maroc","18":"product_tag-la-roche-posay-effaclar-maroc","19":"product_tag-la-roche-posay-hydratant-visage-maroc","20":"product_tag-la-roche-posay-maroc","21":"product_tag-la-roche-posay-maroc-prix","22":"product_tag-peau-sensible-maroc","23":"product_tag-produits-la-roche-posay-maroc","24":"product_tag-serum-la-roche-posay-maroc","25":"product_tag-soins-visage-maroc","27":"first","28":"instock","29":"sale","30":"taxable","31":"shipping-taxable","32":"purchasable","33":"product-type-simple"},"yoast_head":"<!-- This site is optimized with the Yoast SEO plugin v27.4 - https:\/\/yoast.com\/product\/yoast-seo-wordpress\/ -->\n<title>La Roche Posay Pure Vitamin C L\u00e9g\u00e8re - Maroc Prix<\/title>\n<meta name=\"description\" content=\"La Roche Posay Pure Vitamin C L\u00e9g\u00e8re\" \/>\n<meta name=\"robots\" content=\"index, follow, max-snippet:-1, max-image-preview:large, max-video-preview:-1\" \/>\n<link rel=\"canonical\" href=\"https:\/\/vitablanca.ma\/en\/product\/la-roche-posay-pure-vitamin-c-legere\/\" \/>\n<meta property=\"og:locale\" content=\"en_US\" \/>\n<meta property=\"og:type\" content=\"article\" \/>\n<meta property=\"og:title\" content=\"La Roche Posay Pure Vitamin C L\u00e9g\u00e8re - Maroc Prix\" \/>\n<meta property=\"og:description\" content=\"La Roche Posay Pure Vitamin C L\u00e9g\u00e8re\" \/>\n<meta property=\"og:url\" content=\"https:\/\/vitablanca.ma\/en\/product\/la-roche-posay-pure-vitamin-c-legere\/\" \/>\n<meta property=\"og:site_name\" content=\"Vitablanca.ma &ndash; Sant&eacute;, vitalit&eacute; et bien-&ecirc;tre pour tous les Marocains\" \/>\n<meta property=\"article:publisher\" content=\"https:\/\/www.facebook.com\/profile.php?id=61576678196717\" \/>\n<meta property=\"article:modified_time\" content=\"2025-12-17T19:08:10+00:00\" \/>\n<meta property=\"og:image\" content=\"https:\/\/vitablanca.ma\/wp-content\/uploads\/2025\/06\/La-Roche-Posay-Pure-Vitamin-C-Legere-nova-parapharmacie-casablanca2.jpg\" \/>\n\t<meta property=\"og:image:width\" content=\"1000\" \/>\n\t<meta property=\"og:image:height\" content=\"1000\" \/>\n\t<meta property=\"og:image:type\" content=\"image\/jpeg\" \/>\n<meta name=\"twitter:card\" content=\"summary_large_image\" \/>\n<meta name=\"twitter:label1\" content=\"Est. reading time\" \/>\n\t<meta name=\"twitter:data1\" content=\"2 minutes\" \/>\n<script type=\"application\/ld+json\" class=\"yoast-schema-graph\">{\"@context\":\"https:\\\/\\\/schema.org\",\"@graph\":[{\"@type\":[\"WebPage\",\"ItemPage\"],\"@id\":\"https:\\\/\\\/vitablanca.ma\\\/produit\\\/la-roche-posay-pure-vitamin-c-legere\\\/\",\"url\":\"https:\\\/\\\/vitablanca.ma\\\/produit\\\/la-roche-posay-pure-vitamin-c-legere\\\/\",\"name\":\"La Roche Posay Pure Vitamin C L\u00e9g\u00e8re - Maroc Prix\",\"isPartOf\":{\"@id\":\"https:\\\/\\\/vitablanca.ma\\\/#website\"},\"primaryImageOfPage\":{\"@id\":\"https:\\\/\\\/vitablanca.ma\\\/produit\\\/la-roche-posay-pure-vitamin-c-legere\\\/#primaryimage\"},\"image\":{\"@id\":\"https:\\\/\\\/vitablanca.ma\\\/produit\\\/la-roche-posay-pure-vitamin-c-legere\\\/#primaryimage\"},\"thumbnailUrl\":\"https:\\\/\\\/vitablanca.ma\\\/wp-content\\\/uploads\\\/2025\\\/06\\\/La-Roche-Posay-Pure-Vitamin-C-Legere-nova-parapharmacie-casablanca2.jpg\",\"datePublished\":\"2025-06-10T18:00:58+00:00\",\"dateModified\":\"2025-12-17T19:08:10+00:00\",\"description\":\"La Roche Posay Pure Vitamin C L\u00e9g\u00e8re\",\"breadcrumb\":{\"@id\":\"https:\\\/\\\/vitablanca.ma\\\/produit\\\/la-roche-posay-pure-vitamin-c-legere\\\/#breadcrumb\"},\"inLanguage\":\"en-US\",\"potentialAction\":[{\"@type\":\"ReadAction\",\"target\":[\"https:\\\/\\\/vitablanca.ma\\\/produit\\\/la-roche-posay-pure-vitamin-c-legere\\\/\"]}]},{\"@type\":\"ImageObject\",\"inLanguage\":\"en-US\",\"@id\":\"https:\\\/\\\/vitablanca.ma\\\/produit\\\/la-roche-posay-pure-vitamin-c-legere\\\/#primaryimage\",\"url\":\"https:\\\/\\\/vitablanca.ma\\\/wp-content\\\/uploads\\\/2025\\\/06\\\/La-Roche-Posay-Pure-Vitamin-C-Legere-nova-parapharmacie-casablanca2.jpg\",\"contentUrl\":\"https:\\\/\\\/vitablanca.ma\\\/wp-content\\\/uploads\\\/2025\\\/06\\\/La-Roche-Posay-Pure-Vitamin-C-Legere-nova-parapharmacie-casablanca2.jpg\",\"width\":1000,\"height\":1000},{\"@type\":\"BreadcrumbList\",\"@id\":\"https:\\\/\\\/vitablanca.ma\\\/produit\\\/la-roche-posay-pure-vitamin-c-legere\\\/#breadcrumb\",\"itemListElement\":[{\"@type\":\"ListItem\",\"position\":1,\"name\":\"Home\",\"item\":\"https:\\\/\\\/vitablanca.ma\\\/\"},{\"@type\":\"ListItem\",\"position\":2,\"name\":\"Tous Les Produits\",\"item\":\"https:\\\/\\\/vitablanca.ma\\\/tous-les-produits\\\/\"},{\"@type\":\"ListItem\",\"position\":3,\"name\":\"La Roche Posay Pure Vitamin C L\u00e9g\u00e8re\"}]},{\"@type\":\"WebSite\",\"@id\":\"https:\\\/\\\/vitablanca.ma\\\/#website\",\"url\":\"https:\\\/\\\/vitablanca.ma\\\/\",\"name\":\"VitaBlanca.ma | Compl\u00e9ments alimentaires, sant\u00e9 & beaut\u00e9 au Maroc\",\"description\":\"vendre vitamines et compl\u00e9ments premium des USA &amp; Canada, Nouvelle Z\u00e9lande,Maroc (NOW Foods, Solgar, Manuka). Livraison rapide partout au Maroc.\",\"publisher\":{\"@id\":\"https:\\\/\\\/vitablanca.ma\\\/#organization\"},\"alternateName\":\"VitaBlanca.ma\",\"potentialAction\":[{\"@type\":\"SearchAction\",\"target\":{\"@type\":\"EntryPoint\",\"urlTemplate\":\"https:\\\/\\\/vitablanca.ma\\\/?s={search_term_string}\"},\"query-input\":{\"@type\":\"PropertyValueSpecification\",\"valueRequired\":true,\"valueName\":\"search_term_string\"}}],\"inLanguage\":\"en-US\"},{\"@type\":\"Organization\",\"@id\":\"https:\\\/\\\/vitablanca.ma\\\/#organization\",\"name\":\"VitaBlanca\",\"url\":\"https:\\\/\\\/vitablanca.ma\\\/\",\"logo\":{\"@type\":\"ImageObject\",\"inLanguage\":\"en-US\",\"@id\":\"https:\\\/\\\/vitablanca.ma\\\/#\\\/schema\\\/logo\\\/image\\\/\",\"url\":\"https:\\\/\\\/vitablanca.ma\\\/wp-content\\\/uploads\\\/2025\\\/05\\\/cropped-vitablanca.png\",\"contentUrl\":\"https:\\\/\\\/vitablanca.ma\\\/wp-content\\\/uploads\\\/2025\\\/05\\\/cropped-vitablanca.png\",\"width\":360,\"height\":67,\"caption\":\"VitaBlanca\"},\"image\":{\"@id\":\"https:\\\/\\\/vitablanca.ma\\\/#\\\/schema\\\/logo\\\/image\\\/\"},\"sameAs\":[\"https:\\\/\\\/www.facebook.com\\\/profile.php?id=61576678196717\",\"https:\\\/\\\/www.tiktok.com\\\/@vitablanca.ma\",\"https:\\\/\\\/www.instagram.com\\\/vitablanca.ma\\\/\"]}]}<\/script>\n<!-- \/ Yoast SEO plugin. -->","yoast_head_json":{"title":"La Roche Posay Pure Vitamin C Light - Morocco Price","description":"La Roche Posay Pure Vitamin C Light","robots":{"index":"index","follow":"follow","max-snippet":"max-snippet:-1","max-image-preview":"max-image-preview:large","max-video-preview":"max-video-preview:-1"},"canonical":"https:\/\/vitablanca.ma\/en\/product\/la-roche-posay-pure-vitamin-c-legere\/","og_locale":"en_US","og_type":"article","og_title":"La Roche Posay Pure Vitamin C L\u00e9g\u00e8re - Maroc Prix","og_description":"La Roche Posay Pure Vitamin C L\u00e9g\u00e8re","og_url":"https:\/\/vitablanca.ma\/en\/product\/la-roche-posay-pure-vitamin-c-legere\/","og_site_name":"Vitablanca.ma &ndash; Sant&eacute;, vitalit&eacute; et bien-&ecirc;tre pour tous les Marocains","article_publisher":"https:\/\/www.facebook.com\/profile.php?id=61576678196717","article_modified_time":"2025-12-17T19:08:10+00:00","og_image":[{"width":1000,"height":1000,"url":"https:\/\/vitablanca.ma\/wp-content\/uploads\/2025\/06\/La-Roche-Posay-Pure-Vitamin-C-Legere-nova-parapharmacie-casablanca2.jpg","type":"image\/jpeg"}],"twitter_card":"summary_large_image","twitter_misc":{"Est. reading time":"2 minutes"},"schema":{"@context":"https:\/\/schema.org","@graph":[{"@type":["WebPage","ItemPage"],"@id":"https:\/\/vitablanca.ma\/produit\/la-roche-posay-pure-vitamin-c-legere\/","url":"https:\/\/vitablanca.ma\/produit\/la-roche-posay-pure-vitamin-c-legere\/","name":"La Roche Posay Pure Vitamin C Light - Morocco Price","isPartOf":{"@id":"https:\/\/vitablanca.ma\/#website"},"primaryImageOfPage":{"@id":"https:\/\/vitablanca.ma\/produit\/la-roche-posay-pure-vitamin-c-legere\/#primaryimage"},"image":{"@id":"https:\/\/vitablanca.ma\/produit\/la-roche-posay-pure-vitamin-c-legere\/#primaryimage"},"thumbnailUrl":"https:\/\/vitablanca.ma\/wp-content\/uploads\/2025\/06\/La-Roche-Posay-Pure-Vitamin-C-Legere-nova-parapharmacie-casablanca2.jpg","datePublished":"2025-06-10T18:00:58+00:00","dateModified":"2025-12-17T19:08:10+00:00","description":"La Roche Posay Pure Vitamin C Light","breadcrumb":{"@id":"https:\/\/vitablanca.ma\/produit\/la-roche-posay-pure-vitamin-c-legere\/#breadcrumb"},"inLanguage":"en-US","potentialAction":[{"@type":"ReadAction","target":["https:\/\/vitablanca.ma\/produit\/la-roche-posay-pure-vitamin-c-legere\/"]}]},{"@type":"ImageObject","inLanguage":"en-US","@id":"https:\/\/vitablanca.ma\/produit\/la-roche-posay-pure-vitamin-c-legere\/#primaryimage","url":"https:\/\/vitablanca.ma\/wp-content\/uploads\/2025\/06\/La-Roche-Posay-Pure-Vitamin-C-Legere-nova-parapharmacie-casablanca2.jpg","contentUrl":"https:\/\/vitablanca.ma\/wp-content\/uploads\/2025\/06\/La-Roche-Posay-Pure-Vitamin-C-Legere-nova-parapharmacie-casablanca2.jpg","width":1000,"height":1000},{"@type":"BreadcrumbList","@id":"https:\/\/vitablanca.ma\/produit\/la-roche-posay-pure-vitamin-c-legere\/#breadcrumb","itemListElement":[{"@type":"ListItem","position":1,"name":"Home","item":"https:\/\/vitablanca.ma\/"},{"@type":"ListItem","position":2,"name":"Tous Les Produits","item":"https:\/\/vitablanca.ma\/tous-les-produits\/"},{"@type":"ListItem","position":3,"name":"La Roche Posay Pure Vitamin C L\u00e9g\u00e8re"}]},{"@type":"WebSite","@id":"https:\/\/vitablanca.ma\/#website","url":"https:\/\/vitablanca.ma\/","name":"VitaBlanca.ma | Food supplements, health &amp; beauty in Morocco","description":"sell premium vitamins and supplements from USA &amp; Canada, New Zealand, Morocco (NOW Foods, Solgar, Manuka). Fast delivery anywhere in Morocco.","publisher":{"@id":"https:\/\/vitablanca.ma\/#organization"},"alternateName":"VitaBlanca.ma","potentialAction":[{"@type":"SearchAction","target":{"@type":"EntryPoint","urlTemplate":"https:\/\/vitablanca.ma\/?s={search_term_string}"},"query-input":{"@type":"PropertyValueSpecification","valueRequired":true,"valueName":"search_term_string"}}],"inLanguage":"en-US"},{"@type":"Organization","@id":"https:\/\/vitablanca.ma\/#organization","name":"VitaBlanca","url":"https:\/\/vitablanca.ma\/","logo":{"@type":"ImageObject","inLanguage":"en-US","@id":"https:\/\/vitablanca.ma\/#\/schema\/logo\/image\/","url":"https:\/\/vitablanca.ma\/wp-content\/uploads\/2025\/05\/cropped-vitablanca.png","contentUrl":"https:\/\/vitablanca.ma\/wp-content\/uploads\/2025\/05\/cropped-vitablanca.png","width":360,"height":67,"caption":"VitaBlanca"},"image":{"@id":"https:\/\/vitablanca.ma\/#\/schema\/logo\/image\/"},"sameAs":["https:\/\/www.facebook.com\/profile.php?id=61576678196717","https:\/\/www.tiktok.com\/@vitablanca.ma","https:\/\/www.instagram.com\/vitablanca.ma\/"]}]}},"jetpack_sharing_enabled":true,"_links":{"self":[{"href":"https:\/\/vitablanca.ma\/en\/wp-json\/wp\/v2\/product\/19573","targetHints":{"allow":["GET"]}}],"collection":[{"href":"https:\/\/vitablanca.ma\/en\/wp-json\/wp\/v2\/product"}],"about":[{"href":"https:\/\/vitablanca.ma\/en\/wp-json\/wp\/v2\/types\/product"}],"wp:featuredmedia":[{"embeddable":true,"href":"https:\/\/vitablanca.ma\/en\/wp-json\/wp\/v2\/media\/19570"}],"wp:attachment":[{"href":"https:\/\/vitablanca.ma\/en\/wp-json\/wp\/v2\/media?parent=19573"}],"wp:term":[{"taxonomy":"product_brand","embeddable":true,"href":"https:\/\/vitablanca.ma\/en\/wp-json\/wp\/v2\/product_brand?post=19573"},{"taxonomy":"product_cat","embeddable":true,"href":"https:\/\/vitablanca.ma\/en\/wp-json\/wp\/v2\/product_cat?post=19573"},{"taxonomy":"product_tag","embeddable":true,"href":"https:\/\/vitablanca.ma\/en\/wp-json\/wp\/v2\/product_tag?post=19573"}],"curies":[{"name":"wp","href":"https:\/\/api.w.org\/{rel}","templated":true}]}}