{"id":19569,"date":"2025-06-10T18:00:42","date_gmt":"2025-06-10T18:00:42","guid":{"rendered":"https:\/\/vitablanca.ma\/product\/la-roche-posay-effaclar-serum-ultra-concentre-30ml\/"},"modified":"2025-12-17T19:08:10","modified_gmt":"2025-12-17T19:08:10","slug":"la-roche-posay-effaclar-serum-ultra-concentre-30ml","status":"publish","type":"product","link":"https:\/\/vitablanca.ma\/en\/product\/la-roche-posay-effaclar-serum-ultra-concentre-30ml\/","title":{"rendered":"La Roche Posay Effaclar Ultra Concentrated Serum 30ml"},"content":{"rendered":"<h2 data-mce-fragment=\"1\">La Roche Posay Effaclar Ultra Concentrated Salicylic Acid Anti-Blemish Serum\u00a0<span data-mce-fragment=\"1\">soothing.<\/span><br \/>\n<\/h2>\n<p data-mce-fragment=\"1\">Face<br data-mce-fragment=\"1\">Adults<br data-mce-fragment=\"1\">Acne-prone skin<\/p>\n<p data-mce-fragment=\"1\">A balanced formula that combines a peeling and soothing effect. This salicylic acid serum unclogs pores and corrects persistent imperfections day after day.<\/p>\n<h3 data-mce-fragment=\"1\"><strong data-mce-fragment=\"1\">LA ROCHE-POSAY INNOVATION<\/strong><\/h3>\n<p data-mce-fragment=\"1\">Formulated with a complex of 3 ultra-concentrated complementary acids combined with soothing active ingredients:<\/p>\n<p data-mce-fragment=\"1\"><strong data-mce-fragment=\"1\">1\/ D<\/strong><strong data-mce-fragment=\"1\">E<\/strong><strong data-mce-fragment=\"1\">SINCRUSTE AND R<\/strong><strong data-mce-fragment=\"1\">E<\/strong><strong data-mce-fragment=\"1\">BALANCE<\/strong><br data-mce-fragment=\"1\"><\/p>\n<ul data-mce-fragment=\"1\">\n<li data-mce-fragment=\"1\">\n<strong data-mce-fragment=\"1\"><u data-mce-fragment=\"1\">SALYCILIC ACID<\/u><\/strong><span data-mce-fragment=\"1\">\u00a0<\/span>: unclogs pores and reduces sebum buildup. Naturally present in certain fruits, salicylic acid promotes the elimination of dead cells and thus frees clogged pores, facilitating the flow of sebum. Its keratolytic action helps smooth and soften the skin&#039;s surface.<\/li>\n<\/ul>\n<p data-mce-fragment=\"1\"><strong data-mce-fragment=\"1\">2\/ STIMULATES CELL RENEWAL<br data-mce-fragment=\"1\"><\/strong><\/p>\n<ul data-mce-fragment=\"1\">\n<li data-mce-fragment=\"1\">\n<strong data-mce-fragment=\"1\"><u data-mce-fragment=\"1\">GLYCOLIC ACID<\/u><\/strong><span data-mce-fragment=\"1\">\u00a0<\/span>: activates skin renewal. Produced from sugar cane, glycolic acid promotes the elimination of dead and dehydrated cells. By accelerating desquamation, it stimulates cell renewal, which helps improve skin texture and radiance.<\/li>\n<\/ul>\n<p data-mce-fragment=\"1\"><strong data-mce-fragment=\"1\">3\/ GENTLY EXFOLIATE<br data-mce-fragment=\"1\"><\/strong><\/p>\n<ul data-mce-fragment=\"1\">\n<li data-mce-fragment=\"1\">LHA: Gently exfoliates the skin&#039;s surface. A patented La Roche-Posay active ingredient, LHA demonstrates excellent exfoliating properties. It causes fine peeling and helps reduce blackheads. Skin is evened out and fine lines are reduced.<\/li>\n<\/ul>\n<p data-mce-fragment=\"1\"><strong data-mce-fragment=\"1\">4\/ R<\/strong><strong data-mce-fragment=\"1\">E<\/strong><strong data-mce-fragment=\"1\">DUIT THE BRANDS<br data-mce-fragment=\"1\"><\/strong><\/p>\n<ul data-mce-fragment=\"1\">\n<li data-mce-fragment=\"1\">\n<u data-mce-fragment=\"1\"><strong data-mce-fragment=\"1\"><\/strong><\/u><strong data-mce-fragment=\"1\">NIACINAMIDE<span data-mce-fragment=\"1\">\u00a0<\/span><\/strong>: Soothing, with antioxidant and anti-inflammatory properties. Derived from vitamin B3, niacinamide acts upstream to prevent the appearance of hyperpigmented marks and reduces water loss. Marks are faded and the complexion is more even and luminous.<\/li>\n<\/ul>\n<p data-mce-fragment=\"1\"><strong data-mce-fragment=\"1\">5\/ SOOTHES AND SOFTENS<br data-mce-fragment=\"1\"><\/strong><\/p>\n<ul data-mce-fragment=\"1\">\n<li data-mce-fragment=\"1\">\n<strong data-mce-fragment=\"1\">THERMAL WATER<span data-mce-fragment=\"1\">\u00a0<\/span><\/strong>: Soothes acne-prone skin, it is rich in minerals and trace elements including selenium. Its properties are soothing and softening.<\/li>\n<\/ul>\n<p data-mce-fragment=\"1\"><span data-mce-fragment=\"1\">Dermatologically tested on acne-prone skin.<\/span><br data-mce-fragment=\"1\"><span data-mce-fragment=\"1\">Non-comedogenic.<\/span><\/p>\n<h3 data-mce-fragment=\"1\"><span data-mce-fragment=\"1\">TEXTURE &amp; APPLICATION<\/span><\/h3>\n<p data-mce-fragment=\"1\"><span data-mce-fragment=\"1\"><strong data-mce-fragment=\"1\">TEXTURE<\/strong><br data-mce-fragment=\"1\">Lightweight, fast-absorbing serum for easy application. Non-sticky finish. Non-comedogenic.<\/span><\/p>\n<p data-mce-fragment=\"1\"><span data-mce-fragment=\"1\"><strong data-mce-fragment=\"1\">HOW TO APPLY IT?<\/strong><br data-mce-fragment=\"1\">Apply in the evening to the entire face. We recommend applying sunscreen (minimum SPF 15) such as ANTHELIOS Facial Sunscreen Mist during the day while using the serum and avoiding prolonged sun exposure.<\/span><\/p>\n<p data-mce-fragment=\"1\"><span data-mce-fragment=\"1\">Avoid the eye area. In case of contact with eyes, rinse thoroughly. Do not apply to damaged skin or wounds. If discomfort occurs, space out applications. The odor of this product is linked to its effectiveness. It disappears upon application.<\/span><\/p>\n<p data-mce-fragment=\"1\">\u00a0<\/p>","protected":false},"excerpt":{"rendered":"<p>La Roche Posay Effaclar s\u00e9rum \u00e0 l&rsquo;acide salicylique ultra concentr\u00e9\u00a0anti-imperfections\u00a0apaisant. VisageAdultesPeau \u00e0 tendance acn\u00e9ique Une formule \u00e9quilibr\u00e9e qui combine un effet peeling et apaisant. Ce s\u00e9rum \u00e0 l&rsquo;acide salicylique d\u00e9sincruste les pores et corrige les imperfections persistantes jour apr\u00e8s jour. INNOVATION LA ROCHE-POSAY Formul\u00e9 avec un complexe de 3 acides compl\u00e9mentaires ultra concentr\u00e9s associ\u00e9s \u00e0 [&hellip;]<\/p>\n","protected":false},"featured_media":19551,"template":"","meta":{"om_disable_all_campaigns":false},"product_brand":[3456],"product_cat":[18],"product_tag":[3459,3471,3473,3468,3472,3470,3474,3462,3464,3460,3465,3461,3457,3466,3469,3458,3463,3467],"class_list":{"0":"post-19569","1":"product","2":"type-product","3":"status-publish","4":"has-post-thumbnail","6":"product_brand-la-roche-posay-maroc-prix","7":"product_cat-beaute-sante","8":"product_tag-acheter-la-roche-posay-en-ligne-maroc","9":"product_tag-anthelios-maroc","10":"product_tag-cosmetiques-maroc","11":"product_tag-creme-solaire-maroc","12":"product_tag-dermatologie-maroc","13":"product_tag-effaclar-maroc","14":"product_tag-hydratation-peau","15":"product_tag-la-roche-posay-acne-maroc","16":"product_tag-la-roche-posay-anthelios-maroc","17":"product_tag-la-roche-posay-creme-solaire-maroc","18":"product_tag-la-roche-posay-effaclar-maroc","19":"product_tag-la-roche-posay-hydratant-visage-maroc","20":"product_tag-la-roche-posay-maroc","21":"product_tag-la-roche-posay-maroc-prix","22":"product_tag-peau-sensible-maroc","23":"product_tag-produits-la-roche-posay-maroc","24":"product_tag-serum-la-roche-posay-maroc","25":"product_tag-soins-visage-maroc","27":"first","28":"instock","29":"sale","30":"taxable","31":"shipping-taxable","32":"purchasable","33":"product-type-simple"},"yoast_head":"<!-- This site is optimized with the Yoast SEO plugin v27.4 - https:\/\/yoast.com\/product\/yoast-seo-wordpress\/ -->\n<title>La Roche Posay Effaclar S\u00e9rum Ultra Concentr\u00e9 30ml - Maroc Prix<\/title>\n<meta name=\"description\" content=\"La Roche Posay Effaclar S\u00e9rum Ultra Concentr\u00e9 30ml\" \/>\n<meta name=\"robots\" content=\"index, follow, max-snippet:-1, max-image-preview:large, max-video-preview:-1\" \/>\n<link rel=\"canonical\" href=\"https:\/\/vitablanca.ma\/en\/product\/la-roche-posay-effaclar-serum-ultra-concentre-30ml\/\" \/>\n<meta property=\"og:locale\" content=\"en_US\" \/>\n<meta property=\"og:type\" content=\"article\" \/>\n<meta property=\"og:title\" content=\"La Roche Posay Effaclar S\u00e9rum Ultra Concentr\u00e9 30ml - Maroc Prix\" \/>\n<meta property=\"og:description\" content=\"La Roche Posay Effaclar S\u00e9rum Ultra Concentr\u00e9 30ml\" \/>\n<meta property=\"og:url\" content=\"https:\/\/vitablanca.ma\/en\/product\/la-roche-posay-effaclar-serum-ultra-concentre-30ml\/\" \/>\n<meta property=\"og:site_name\" content=\"Vitablanca.ma &ndash; Sant&eacute;, vitalit&eacute; et bien-&ecirc;tre pour tous les Marocains\" \/>\n<meta property=\"article:publisher\" content=\"https:\/\/www.facebook.com\/profile.php?id=61576678196717\" \/>\n<meta property=\"article:modified_time\" content=\"2025-12-17T19:08:10+00:00\" \/>\n<meta property=\"og:image\" content=\"https:\/\/vitablanca.ma\/wp-content\/uploads\/2025\/06\/La-Roche-Posay-Effaclar-serum-a-l_acide-salicylique-ultra-concentre-30ml-Novaparapharmacie-maroc.jpg\" \/>\n\t<meta property=\"og:image:width\" content=\"1000\" \/>\n\t<meta property=\"og:image:height\" content=\"1000\" \/>\n\t<meta property=\"og:image:type\" content=\"image\/jpeg\" \/>\n<meta name=\"twitter:card\" content=\"summary_large_image\" \/>\n<meta name=\"twitter:label1\" content=\"Est. reading time\" \/>\n\t<meta name=\"twitter:data1\" content=\"2 minutes\" \/>\n<script type=\"application\/ld+json\" class=\"yoast-schema-graph\">{\"@context\":\"https:\\\/\\\/schema.org\",\"@graph\":[{\"@type\":[\"WebPage\",\"ItemPage\"],\"@id\":\"https:\\\/\\\/vitablanca.ma\\\/produit\\\/la-roche-posay-effaclar-serum-ultra-concentre-30ml\\\/\",\"url\":\"https:\\\/\\\/vitablanca.ma\\\/produit\\\/la-roche-posay-effaclar-serum-ultra-concentre-30ml\\\/\",\"name\":\"La Roche Posay Effaclar S\u00e9rum Ultra Concentr\u00e9 30ml - Maroc Prix\",\"isPartOf\":{\"@id\":\"https:\\\/\\\/vitablanca.ma\\\/#website\"},\"primaryImageOfPage\":{\"@id\":\"https:\\\/\\\/vitablanca.ma\\\/produit\\\/la-roche-posay-effaclar-serum-ultra-concentre-30ml\\\/#primaryimage\"},\"image\":{\"@id\":\"https:\\\/\\\/vitablanca.ma\\\/produit\\\/la-roche-posay-effaclar-serum-ultra-concentre-30ml\\\/#primaryimage\"},\"thumbnailUrl\":\"https:\\\/\\\/vitablanca.ma\\\/wp-content\\\/uploads\\\/2025\\\/06\\\/La-Roche-Posay-Effaclar-serum-a-l_acide-salicylique-ultra-concentre-30ml-Novaparapharmacie-maroc.jpg\",\"datePublished\":\"2025-06-10T18:00:42+00:00\",\"dateModified\":\"2025-12-17T19:08:10+00:00\",\"description\":\"La Roche Posay Effaclar S\u00e9rum Ultra Concentr\u00e9 30ml\",\"breadcrumb\":{\"@id\":\"https:\\\/\\\/vitablanca.ma\\\/produit\\\/la-roche-posay-effaclar-serum-ultra-concentre-30ml\\\/#breadcrumb\"},\"inLanguage\":\"en-US\",\"potentialAction\":[{\"@type\":\"ReadAction\",\"target\":[\"https:\\\/\\\/vitablanca.ma\\\/produit\\\/la-roche-posay-effaclar-serum-ultra-concentre-30ml\\\/\"]}]},{\"@type\":\"ImageObject\",\"inLanguage\":\"en-US\",\"@id\":\"https:\\\/\\\/vitablanca.ma\\\/produit\\\/la-roche-posay-effaclar-serum-ultra-concentre-30ml\\\/#primaryimage\",\"url\":\"https:\\\/\\\/vitablanca.ma\\\/wp-content\\\/uploads\\\/2025\\\/06\\\/La-Roche-Posay-Effaclar-serum-a-l_acide-salicylique-ultra-concentre-30ml-Novaparapharmacie-maroc.jpg\",\"contentUrl\":\"https:\\\/\\\/vitablanca.ma\\\/wp-content\\\/uploads\\\/2025\\\/06\\\/La-Roche-Posay-Effaclar-serum-a-l_acide-salicylique-ultra-concentre-30ml-Novaparapharmacie-maroc.jpg\",\"width\":1000,\"height\":1000},{\"@type\":\"BreadcrumbList\",\"@id\":\"https:\\\/\\\/vitablanca.ma\\\/produit\\\/la-roche-posay-effaclar-serum-ultra-concentre-30ml\\\/#breadcrumb\",\"itemListElement\":[{\"@type\":\"ListItem\",\"position\":1,\"name\":\"Home\",\"item\":\"https:\\\/\\\/vitablanca.ma\\\/\"},{\"@type\":\"ListItem\",\"position\":2,\"name\":\"Tous Les Produits\",\"item\":\"https:\\\/\\\/vitablanca.ma\\\/tous-les-produits\\\/\"},{\"@type\":\"ListItem\",\"position\":3,\"name\":\"La Roche Posay Effaclar S\u00e9rum Ultra Concentr\u00e9 30ml\"}]},{\"@type\":\"WebSite\",\"@id\":\"https:\\\/\\\/vitablanca.ma\\\/#website\",\"url\":\"https:\\\/\\\/vitablanca.ma\\\/\",\"name\":\"VitaBlanca.ma | Compl\u00e9ments alimentaires, sant\u00e9 & beaut\u00e9 au Maroc\",\"description\":\"vendre vitamines et compl\u00e9ments premium des USA &amp; Canada, Nouvelle Z\u00e9lande,Maroc (NOW Foods, Solgar, Manuka). Livraison rapide partout au Maroc.\",\"publisher\":{\"@id\":\"https:\\\/\\\/vitablanca.ma\\\/#organization\"},\"alternateName\":\"VitaBlanca.ma\",\"potentialAction\":[{\"@type\":\"SearchAction\",\"target\":{\"@type\":\"EntryPoint\",\"urlTemplate\":\"https:\\\/\\\/vitablanca.ma\\\/?s={search_term_string}\"},\"query-input\":{\"@type\":\"PropertyValueSpecification\",\"valueRequired\":true,\"valueName\":\"search_term_string\"}}],\"inLanguage\":\"en-US\"},{\"@type\":\"Organization\",\"@id\":\"https:\\\/\\\/vitablanca.ma\\\/#organization\",\"name\":\"VitaBlanca\",\"url\":\"https:\\\/\\\/vitablanca.ma\\\/\",\"logo\":{\"@type\":\"ImageObject\",\"inLanguage\":\"en-US\",\"@id\":\"https:\\\/\\\/vitablanca.ma\\\/#\\\/schema\\\/logo\\\/image\\\/\",\"url\":\"https:\\\/\\\/vitablanca.ma\\\/wp-content\\\/uploads\\\/2025\\\/05\\\/cropped-vitablanca.png\",\"contentUrl\":\"https:\\\/\\\/vitablanca.ma\\\/wp-content\\\/uploads\\\/2025\\\/05\\\/cropped-vitablanca.png\",\"width\":360,\"height\":67,\"caption\":\"VitaBlanca\"},\"image\":{\"@id\":\"https:\\\/\\\/vitablanca.ma\\\/#\\\/schema\\\/logo\\\/image\\\/\"},\"sameAs\":[\"https:\\\/\\\/www.facebook.com\\\/profile.php?id=61576678196717\",\"https:\\\/\\\/www.tiktok.com\\\/@vitablanca.ma\",\"https:\\\/\\\/www.instagram.com\\\/vitablanca.ma\\\/\"]}]}<\/script>\n<!-- \/ Yoast SEO plugin. -->","yoast_head_json":{"title":"La Roche Posay Effaclar Ultra Concentrated Serum 30ml - Morocco Price","description":"La Roche Posay Effaclar Ultra Concentrated Serum 30ml","robots":{"index":"index","follow":"follow","max-snippet":"max-snippet:-1","max-image-preview":"max-image-preview:large","max-video-preview":"max-video-preview:-1"},"canonical":"https:\/\/vitablanca.ma\/en\/product\/la-roche-posay-effaclar-serum-ultra-concentre-30ml\/","og_locale":"en_US","og_type":"article","og_title":"La Roche Posay Effaclar S\u00e9rum Ultra Concentr\u00e9 30ml - Maroc Prix","og_description":"La Roche Posay Effaclar S\u00e9rum Ultra Concentr\u00e9 30ml","og_url":"https:\/\/vitablanca.ma\/en\/product\/la-roche-posay-effaclar-serum-ultra-concentre-30ml\/","og_site_name":"Vitablanca.ma &ndash; Sant&eacute;, vitalit&eacute; et bien-&ecirc;tre pour tous les Marocains","article_publisher":"https:\/\/www.facebook.com\/profile.php?id=61576678196717","article_modified_time":"2025-12-17T19:08:10+00:00","og_image":[{"width":1000,"height":1000,"url":"https:\/\/vitablanca.ma\/wp-content\/uploads\/2025\/06\/La-Roche-Posay-Effaclar-serum-a-l_acide-salicylique-ultra-concentre-30ml-Novaparapharmacie-maroc.jpg","type":"image\/jpeg"}],"twitter_card":"summary_large_image","twitter_misc":{"Est. reading time":"2 minutes"},"schema":{"@context":"https:\/\/schema.org","@graph":[{"@type":["WebPage","ItemPage"],"@id":"https:\/\/vitablanca.ma\/produit\/la-roche-posay-effaclar-serum-ultra-concentre-30ml\/","url":"https:\/\/vitablanca.ma\/produit\/la-roche-posay-effaclar-serum-ultra-concentre-30ml\/","name":"La Roche Posay Effaclar Ultra Concentrated Serum 30ml - Morocco Price","isPartOf":{"@id":"https:\/\/vitablanca.ma\/#website"},"primaryImageOfPage":{"@id":"https:\/\/vitablanca.ma\/produit\/la-roche-posay-effaclar-serum-ultra-concentre-30ml\/#primaryimage"},"image":{"@id":"https:\/\/vitablanca.ma\/produit\/la-roche-posay-effaclar-serum-ultra-concentre-30ml\/#primaryimage"},"thumbnailUrl":"https:\/\/vitablanca.ma\/wp-content\/uploads\/2025\/06\/La-Roche-Posay-Effaclar-serum-a-l_acide-salicylique-ultra-concentre-30ml-Novaparapharmacie-maroc.jpg","datePublished":"2025-06-10T18:00:42+00:00","dateModified":"2025-12-17T19:08:10+00:00","description":"La Roche Posay Effaclar Ultra Concentrated Serum 30ml","breadcrumb":{"@id":"https:\/\/vitablanca.ma\/produit\/la-roche-posay-effaclar-serum-ultra-concentre-30ml\/#breadcrumb"},"inLanguage":"en-US","potentialAction":[{"@type":"ReadAction","target":["https:\/\/vitablanca.ma\/produit\/la-roche-posay-effaclar-serum-ultra-concentre-30ml\/"]}]},{"@type":"ImageObject","inLanguage":"en-US","@id":"https:\/\/vitablanca.ma\/produit\/la-roche-posay-effaclar-serum-ultra-concentre-30ml\/#primaryimage","url":"https:\/\/vitablanca.ma\/wp-content\/uploads\/2025\/06\/La-Roche-Posay-Effaclar-serum-a-l_acide-salicylique-ultra-concentre-30ml-Novaparapharmacie-maroc.jpg","contentUrl":"https:\/\/vitablanca.ma\/wp-content\/uploads\/2025\/06\/La-Roche-Posay-Effaclar-serum-a-l_acide-salicylique-ultra-concentre-30ml-Novaparapharmacie-maroc.jpg","width":1000,"height":1000},{"@type":"BreadcrumbList","@id":"https:\/\/vitablanca.ma\/produit\/la-roche-posay-effaclar-serum-ultra-concentre-30ml\/#breadcrumb","itemListElement":[{"@type":"ListItem","position":1,"name":"Home","item":"https:\/\/vitablanca.ma\/"},{"@type":"ListItem","position":2,"name":"Tous Les Produits","item":"https:\/\/vitablanca.ma\/tous-les-produits\/"},{"@type":"ListItem","position":3,"name":"La Roche Posay Effaclar S\u00e9rum Ultra Concentr\u00e9 30ml"}]},{"@type":"WebSite","@id":"https:\/\/vitablanca.ma\/#website","url":"https:\/\/vitablanca.ma\/","name":"VitaBlanca.ma | Food supplements, health &amp; beauty in Morocco","description":"sell premium vitamins and supplements from USA &amp; Canada, New Zealand, Morocco (NOW Foods, Solgar, Manuka). Fast delivery anywhere in Morocco.","publisher":{"@id":"https:\/\/vitablanca.ma\/#organization"},"alternateName":"VitaBlanca.ma","potentialAction":[{"@type":"SearchAction","target":{"@type":"EntryPoint","urlTemplate":"https:\/\/vitablanca.ma\/?s={search_term_string}"},"query-input":{"@type":"PropertyValueSpecification","valueRequired":true,"valueName":"search_term_string"}}],"inLanguage":"en-US"},{"@type":"Organization","@id":"https:\/\/vitablanca.ma\/#organization","name":"VitaBlanca","url":"https:\/\/vitablanca.ma\/","logo":{"@type":"ImageObject","inLanguage":"en-US","@id":"https:\/\/vitablanca.ma\/#\/schema\/logo\/image\/","url":"https:\/\/vitablanca.ma\/wp-content\/uploads\/2025\/05\/cropped-vitablanca.png","contentUrl":"https:\/\/vitablanca.ma\/wp-content\/uploads\/2025\/05\/cropped-vitablanca.png","width":360,"height":67,"caption":"VitaBlanca"},"image":{"@id":"https:\/\/vitablanca.ma\/#\/schema\/logo\/image\/"},"sameAs":["https:\/\/www.facebook.com\/profile.php?id=61576678196717","https:\/\/www.tiktok.com\/@vitablanca.ma","https:\/\/www.instagram.com\/vitablanca.ma\/"]}]}},"jetpack_sharing_enabled":true,"_links":{"self":[{"href":"https:\/\/vitablanca.ma\/en\/wp-json\/wp\/v2\/product\/19569","targetHints":{"allow":["GET"]}}],"collection":[{"href":"https:\/\/vitablanca.ma\/en\/wp-json\/wp\/v2\/product"}],"about":[{"href":"https:\/\/vitablanca.ma\/en\/wp-json\/wp\/v2\/types\/product"}],"wp:featuredmedia":[{"embeddable":true,"href":"https:\/\/vitablanca.ma\/en\/wp-json\/wp\/v2\/media\/19551"}],"wp:attachment":[{"href":"https:\/\/vitablanca.ma\/en\/wp-json\/wp\/v2\/media?parent=19569"}],"wp:term":[{"taxonomy":"product_brand","embeddable":true,"href":"https:\/\/vitablanca.ma\/en\/wp-json\/wp\/v2\/product_brand?post=19569"},{"taxonomy":"product_cat","embeddable":true,"href":"https:\/\/vitablanca.ma\/en\/wp-json\/wp\/v2\/product_cat?post=19569"},{"taxonomy":"product_tag","embeddable":true,"href":"https:\/\/vitablanca.ma\/en\/wp-json\/wp\/v2\/product_tag?post=19569"}],"curies":[{"name":"wp","href":"https:\/\/api.w.org\/{rel}","templated":true}]}}