{"id":19555,"date":"2025-06-10T18:00:13","date_gmt":"2025-06-10T18:00:13","guid":{"rendered":"https:\/\/vitablanca.ma\/product\/klorane-bebe-lingettes-nettoyantes-epaisses-25-pieces\/"},"modified":"2026-01-21T23:56:48","modified_gmt":"2026-01-21T23:56:48","slug":"klorane-bebe-lingettes-nettoyantes-epaisses-25-pieces","status":"publish","type":"product","link":"https:\/\/vitablanca.ma\/en\/product\/klorane-bebe-lingettes-nettoyantes-epaisses-25-pieces\/","title":{"rendered":"Klorane Baby Thick Cleansing Wipes 25 Pieces"},"content":{"rendered":"<h2>Klorane Baby Thick Cleansing Wipes\u00a0<span data-mce-fragment=\"1\">To gently cleanse and moisturize<\/span><br \/>\n<\/h2>\n<p><span data-mce-fragment=\"1\">New natural formula: with soothing calendula obtained from organically grown flowers<br \/>Its formula with 98% of ingredients of natural origin, with a tender and relaxing fragrance, gently cleanses, moisturizes and softens.<br \/>Wipes made from natural fibers and biodegradable 100%<\/span><\/p>\n<h3><span data-mce-fragment=\"1\"><strong>Directions for use<\/strong><\/span><\/h3>\n<ul>\n<li><span data-mce-fragment=\"1\">Cleanse with one or more wipes until skin is clean.<\/span><\/li>\n<li><span data-mce-fragment=\"1\">Dry thoroughly.<\/span><\/li>\n<\/ul>\n<h3><strong data-mce-fragment=\"1\">Ingredients <\/strong><\/h3>\n<p><span data-mce-fragment=\"1\">Water (aqua), glycerin, PEG-40 hydrogenated castor oil, Calendula officinalis flower extract, caprylyl glycol, citric acid, coco-glucoside, fragrance (parfum), isoleucine, polysorbate 80, propylene glycol, sodium benzoate<\/span><br data-mce-fragment=\"1\"><\/p>","protected":false},"excerpt":{"rendered":"<p>Klorane B\u00e9b\u00e9 Lingettes Nettoyantes Epaisses\u00a0Pour nettoyer en douceur et hydrater Nouvelle formule naturelle : au calendula apaisant obtenu \u00e0 partir de fleurs issues de culture bioSa formule \u00e0 98% d\u2019ingr\u00e9dients d\u2019origine naturelle, au parfum tendre et relaxant, nettoie en douceur, hydrate et adoucit.Lingettes en fibres d&rsquo;origine naturelle et 100% biod\u00e9gradables Conseils d\u2019utilisation Nettoyez avec une [&hellip;]<\/p>\n","protected":false},"featured_media":19546,"template":"","meta":{"om_disable_all_campaigns":false},"product_brand":[6000],"product_cat":[18,15],"product_tag":[],"class_list":{"0":"post-19555","1":"product","2":"type-product","3":"status-publish","4":"has-post-thumbnail","6":"product_brand-klorane-maroc-prix","7":"product_cat-beaute-sante","8":"product_cat-beaute-sante-complements-alimentaires-soins-et-bien-etre-au-meilleur-prix","10":"first","11":"instock","12":"sale","13":"taxable","14":"shipping-taxable","15":"purchasable","16":"product-type-simple"},"yoast_head":"<!-- This site is optimized with the Yoast SEO plugin v27.4 - https:\/\/yoast.com\/product\/yoast-seo-wordpress\/ -->\n<title>Klorane B\u00e9b\u00e9 Lingettes Nettoyantes Epaisses 25 Pi\u00e8ces - Maroc Prix<\/title>\n<meta name=\"description\" content=\"Klorane B\u00e9b\u00e9 Lingettes Nettoyantes Epaisses 25 Pi\u00e8ces\" \/>\n<meta name=\"robots\" content=\"index, follow, max-snippet:-1, max-image-preview:large, max-video-preview:-1\" \/>\n<link rel=\"canonical\" href=\"https:\/\/vitablanca.ma\/en\/product\/klorane-bebe-lingettes-nettoyantes-epaisses-25-pieces\/\" \/>\n<meta property=\"og:locale\" content=\"en_US\" \/>\n<meta property=\"og:type\" content=\"article\" \/>\n<meta property=\"og:title\" content=\"Klorane B\u00e9b\u00e9 Lingettes Nettoyantes Epaisses 25 Pi\u00e8ces - Maroc Prix\" \/>\n<meta property=\"og:description\" content=\"Klorane B\u00e9b\u00e9 Lingettes Nettoyantes Epaisses 25 Pi\u00e8ces\" \/>\n<meta property=\"og:url\" content=\"https:\/\/vitablanca.ma\/en\/product\/klorane-bebe-lingettes-nettoyantes-epaisses-25-pieces\/\" \/>\n<meta property=\"og:site_name\" content=\"Vitablanca.ma &ndash; Sant&eacute;, vitalit&eacute; et bien-&ecirc;tre pour tous les Marocains\" \/>\n<meta property=\"article:publisher\" content=\"https:\/\/www.facebook.com\/profile.php?id=61576678196717\" \/>\n<meta property=\"article:modified_time\" content=\"2026-01-21T23:56:48+00:00\" \/>\n<meta property=\"og:image\" content=\"https:\/\/vitablanca.ma\/wp-content\/uploads\/2025\/06\/Klorane-Bebe-Lingettes-Nettoyantes-Epaisses-25-Pieces-nova-parapharmacie-maroc.jpg\" \/>\n\t<meta property=\"og:image:width\" content=\"1000\" \/>\n\t<meta property=\"og:image:height\" content=\"1000\" \/>\n\t<meta property=\"og:image:type\" content=\"image\/jpeg\" \/>\n<meta name=\"twitter:card\" content=\"summary_large_image\" \/>\n<script type=\"application\/ld+json\" class=\"yoast-schema-graph\">{\"@context\":\"https:\\\/\\\/schema.org\",\"@graph\":[{\"@type\":[\"WebPage\",\"ItemPage\"],\"@id\":\"https:\\\/\\\/vitablanca.ma\\\/produit\\\/klorane-bebe-lingettes-nettoyantes-epaisses-25-pieces\\\/\",\"url\":\"https:\\\/\\\/vitablanca.ma\\\/produit\\\/klorane-bebe-lingettes-nettoyantes-epaisses-25-pieces\\\/\",\"name\":\"Klorane B\u00e9b\u00e9 Lingettes Nettoyantes Epaisses 25 Pi\u00e8ces - Maroc Prix\",\"isPartOf\":{\"@id\":\"https:\\\/\\\/vitablanca.ma\\\/#website\"},\"primaryImageOfPage\":{\"@id\":\"https:\\\/\\\/vitablanca.ma\\\/produit\\\/klorane-bebe-lingettes-nettoyantes-epaisses-25-pieces\\\/#primaryimage\"},\"image\":{\"@id\":\"https:\\\/\\\/vitablanca.ma\\\/produit\\\/klorane-bebe-lingettes-nettoyantes-epaisses-25-pieces\\\/#primaryimage\"},\"thumbnailUrl\":\"https:\\\/\\\/vitablanca.ma\\\/wp-content\\\/uploads\\\/2025\\\/06\\\/Klorane-Bebe-Lingettes-Nettoyantes-Epaisses-25-Pieces-nova-parapharmacie-maroc.jpg\",\"datePublished\":\"2025-06-10T18:00:13+00:00\",\"dateModified\":\"2026-01-21T23:56:48+00:00\",\"description\":\"Klorane B\u00e9b\u00e9 Lingettes Nettoyantes Epaisses 25 Pi\u00e8ces\",\"breadcrumb\":{\"@id\":\"https:\\\/\\\/vitablanca.ma\\\/produit\\\/klorane-bebe-lingettes-nettoyantes-epaisses-25-pieces\\\/#breadcrumb\"},\"inLanguage\":\"en-US\",\"potentialAction\":[{\"@type\":\"ReadAction\",\"target\":[\"https:\\\/\\\/vitablanca.ma\\\/produit\\\/klorane-bebe-lingettes-nettoyantes-epaisses-25-pieces\\\/\"]}]},{\"@type\":\"ImageObject\",\"inLanguage\":\"en-US\",\"@id\":\"https:\\\/\\\/vitablanca.ma\\\/produit\\\/klorane-bebe-lingettes-nettoyantes-epaisses-25-pieces\\\/#primaryimage\",\"url\":\"https:\\\/\\\/vitablanca.ma\\\/wp-content\\\/uploads\\\/2025\\\/06\\\/Klorane-Bebe-Lingettes-Nettoyantes-Epaisses-25-Pieces-nova-parapharmacie-maroc.jpg\",\"contentUrl\":\"https:\\\/\\\/vitablanca.ma\\\/wp-content\\\/uploads\\\/2025\\\/06\\\/Klorane-Bebe-Lingettes-Nettoyantes-Epaisses-25-Pieces-nova-parapharmacie-maroc.jpg\",\"width\":1000,\"height\":1000},{\"@type\":\"BreadcrumbList\",\"@id\":\"https:\\\/\\\/vitablanca.ma\\\/produit\\\/klorane-bebe-lingettes-nettoyantes-epaisses-25-pieces\\\/#breadcrumb\",\"itemListElement\":[{\"@type\":\"ListItem\",\"position\":1,\"name\":\"Home\",\"item\":\"https:\\\/\\\/vitablanca.ma\\\/\"},{\"@type\":\"ListItem\",\"position\":2,\"name\":\"Tous Les Produits\",\"item\":\"https:\\\/\\\/vitablanca.ma\\\/tous-les-produits\\\/\"},{\"@type\":\"ListItem\",\"position\":3,\"name\":\"Klorane B\u00e9b\u00e9 Lingettes Nettoyantes Epaisses 25 Pi\u00e8ces\"}]},{\"@type\":\"WebSite\",\"@id\":\"https:\\\/\\\/vitablanca.ma\\\/#website\",\"url\":\"https:\\\/\\\/vitablanca.ma\\\/\",\"name\":\"VitaBlanca.ma | Compl\u00e9ments alimentaires, sant\u00e9 & beaut\u00e9 au Maroc\",\"description\":\"vendre vitamines et compl\u00e9ments premium des USA &amp; Canada, Nouvelle Z\u00e9lande,Maroc (NOW Foods, Solgar, Manuka). Livraison rapide partout au Maroc.\",\"publisher\":{\"@id\":\"https:\\\/\\\/vitablanca.ma\\\/#organization\"},\"alternateName\":\"VitaBlanca.ma\",\"potentialAction\":[{\"@type\":\"SearchAction\",\"target\":{\"@type\":\"EntryPoint\",\"urlTemplate\":\"https:\\\/\\\/vitablanca.ma\\\/?s={search_term_string}\"},\"query-input\":{\"@type\":\"PropertyValueSpecification\",\"valueRequired\":true,\"valueName\":\"search_term_string\"}}],\"inLanguage\":\"en-US\"},{\"@type\":\"Organization\",\"@id\":\"https:\\\/\\\/vitablanca.ma\\\/#organization\",\"name\":\"VitaBlanca\",\"url\":\"https:\\\/\\\/vitablanca.ma\\\/\",\"logo\":{\"@type\":\"ImageObject\",\"inLanguage\":\"en-US\",\"@id\":\"https:\\\/\\\/vitablanca.ma\\\/#\\\/schema\\\/logo\\\/image\\\/\",\"url\":\"https:\\\/\\\/vitablanca.ma\\\/wp-content\\\/uploads\\\/2025\\\/05\\\/cropped-vitablanca.png\",\"contentUrl\":\"https:\\\/\\\/vitablanca.ma\\\/wp-content\\\/uploads\\\/2025\\\/05\\\/cropped-vitablanca.png\",\"width\":360,\"height\":67,\"caption\":\"VitaBlanca\"},\"image\":{\"@id\":\"https:\\\/\\\/vitablanca.ma\\\/#\\\/schema\\\/logo\\\/image\\\/\"},\"sameAs\":[\"https:\\\/\\\/www.facebook.com\\\/profile.php?id=61576678196717\",\"https:\\\/\\\/www.tiktok.com\\\/@vitablanca.ma\",\"https:\\\/\\\/www.instagram.com\\\/vitablanca.ma\\\/\"]}]}<\/script>\n<!-- \/ Yoast SEO plugin. -->","yoast_head_json":{"title":"Klorane Baby Thick Cleansing Wipes 25 Pieces - Morocco Price","description":"Klorane Baby Thick Cleansing Wipes 25 Pieces","robots":{"index":"index","follow":"follow","max-snippet":"max-snippet:-1","max-image-preview":"max-image-preview:large","max-video-preview":"max-video-preview:-1"},"canonical":"https:\/\/vitablanca.ma\/en\/product\/klorane-bebe-lingettes-nettoyantes-epaisses-25-pieces\/","og_locale":"en_US","og_type":"article","og_title":"Klorane B\u00e9b\u00e9 Lingettes Nettoyantes Epaisses 25 Pi\u00e8ces - Maroc Prix","og_description":"Klorane B\u00e9b\u00e9 Lingettes Nettoyantes Epaisses 25 Pi\u00e8ces","og_url":"https:\/\/vitablanca.ma\/en\/product\/klorane-bebe-lingettes-nettoyantes-epaisses-25-pieces\/","og_site_name":"Vitablanca.ma &ndash; Sant&eacute;, vitalit&eacute; et bien-&ecirc;tre pour tous les Marocains","article_publisher":"https:\/\/www.facebook.com\/profile.php?id=61576678196717","article_modified_time":"2026-01-21T23:56:48+00:00","og_image":[{"width":1000,"height":1000,"url":"https:\/\/vitablanca.ma\/wp-content\/uploads\/2025\/06\/Klorane-Bebe-Lingettes-Nettoyantes-Epaisses-25-Pieces-nova-parapharmacie-maroc.jpg","type":"image\/jpeg"}],"twitter_card":"summary_large_image","schema":{"@context":"https:\/\/schema.org","@graph":[{"@type":["WebPage","ItemPage"],"@id":"https:\/\/vitablanca.ma\/produit\/klorane-bebe-lingettes-nettoyantes-epaisses-25-pieces\/","url":"https:\/\/vitablanca.ma\/produit\/klorane-bebe-lingettes-nettoyantes-epaisses-25-pieces\/","name":"Klorane Baby Thick Cleansing Wipes 25 Pieces - Morocco Price","isPartOf":{"@id":"https:\/\/vitablanca.ma\/#website"},"primaryImageOfPage":{"@id":"https:\/\/vitablanca.ma\/produit\/klorane-bebe-lingettes-nettoyantes-epaisses-25-pieces\/#primaryimage"},"image":{"@id":"https:\/\/vitablanca.ma\/produit\/klorane-bebe-lingettes-nettoyantes-epaisses-25-pieces\/#primaryimage"},"thumbnailUrl":"https:\/\/vitablanca.ma\/wp-content\/uploads\/2025\/06\/Klorane-Bebe-Lingettes-Nettoyantes-Epaisses-25-Pieces-nova-parapharmacie-maroc.jpg","datePublished":"2025-06-10T18:00:13+00:00","dateModified":"2026-01-21T23:56:48+00:00","description":"Klorane Baby Thick Cleansing Wipes 25 Pieces","breadcrumb":{"@id":"https:\/\/vitablanca.ma\/produit\/klorane-bebe-lingettes-nettoyantes-epaisses-25-pieces\/#breadcrumb"},"inLanguage":"en-US","potentialAction":[{"@type":"ReadAction","target":["https:\/\/vitablanca.ma\/produit\/klorane-bebe-lingettes-nettoyantes-epaisses-25-pieces\/"]}]},{"@type":"ImageObject","inLanguage":"en-US","@id":"https:\/\/vitablanca.ma\/produit\/klorane-bebe-lingettes-nettoyantes-epaisses-25-pieces\/#primaryimage","url":"https:\/\/vitablanca.ma\/wp-content\/uploads\/2025\/06\/Klorane-Bebe-Lingettes-Nettoyantes-Epaisses-25-Pieces-nova-parapharmacie-maroc.jpg","contentUrl":"https:\/\/vitablanca.ma\/wp-content\/uploads\/2025\/06\/Klorane-Bebe-Lingettes-Nettoyantes-Epaisses-25-Pieces-nova-parapharmacie-maroc.jpg","width":1000,"height":1000},{"@type":"BreadcrumbList","@id":"https:\/\/vitablanca.ma\/produit\/klorane-bebe-lingettes-nettoyantes-epaisses-25-pieces\/#breadcrumb","itemListElement":[{"@type":"ListItem","position":1,"name":"Home","item":"https:\/\/vitablanca.ma\/"},{"@type":"ListItem","position":2,"name":"Tous Les Produits","item":"https:\/\/vitablanca.ma\/tous-les-produits\/"},{"@type":"ListItem","position":3,"name":"Klorane B\u00e9b\u00e9 Lingettes Nettoyantes Epaisses 25 Pi\u00e8ces"}]},{"@type":"WebSite","@id":"https:\/\/vitablanca.ma\/#website","url":"https:\/\/vitablanca.ma\/","name":"VitaBlanca.ma | Food supplements, health &amp; beauty in Morocco","description":"sell premium vitamins and supplements from USA &amp; Canada, New Zealand, Morocco (NOW Foods, Solgar, Manuka). Fast delivery anywhere in Morocco.","publisher":{"@id":"https:\/\/vitablanca.ma\/#organization"},"alternateName":"VitaBlanca.ma","potentialAction":[{"@type":"SearchAction","target":{"@type":"EntryPoint","urlTemplate":"https:\/\/vitablanca.ma\/?s={search_term_string}"},"query-input":{"@type":"PropertyValueSpecification","valueRequired":true,"valueName":"search_term_string"}}],"inLanguage":"en-US"},{"@type":"Organization","@id":"https:\/\/vitablanca.ma\/#organization","name":"VitaBlanca","url":"https:\/\/vitablanca.ma\/","logo":{"@type":"ImageObject","inLanguage":"en-US","@id":"https:\/\/vitablanca.ma\/#\/schema\/logo\/image\/","url":"https:\/\/vitablanca.ma\/wp-content\/uploads\/2025\/05\/cropped-vitablanca.png","contentUrl":"https:\/\/vitablanca.ma\/wp-content\/uploads\/2025\/05\/cropped-vitablanca.png","width":360,"height":67,"caption":"VitaBlanca"},"image":{"@id":"https:\/\/vitablanca.ma\/#\/schema\/logo\/image\/"},"sameAs":["https:\/\/www.facebook.com\/profile.php?id=61576678196717","https:\/\/www.tiktok.com\/@vitablanca.ma","https:\/\/www.instagram.com\/vitablanca.ma\/"]}]}},"jetpack_sharing_enabled":true,"_links":{"self":[{"href":"https:\/\/vitablanca.ma\/en\/wp-json\/wp\/v2\/product\/19555","targetHints":{"allow":["GET"]}}],"collection":[{"href":"https:\/\/vitablanca.ma\/en\/wp-json\/wp\/v2\/product"}],"about":[{"href":"https:\/\/vitablanca.ma\/en\/wp-json\/wp\/v2\/types\/product"}],"wp:featuredmedia":[{"embeddable":true,"href":"https:\/\/vitablanca.ma\/en\/wp-json\/wp\/v2\/media\/19546"}],"wp:attachment":[{"href":"https:\/\/vitablanca.ma\/en\/wp-json\/wp\/v2\/media?parent=19555"}],"wp:term":[{"taxonomy":"product_brand","embeddable":true,"href":"https:\/\/vitablanca.ma\/en\/wp-json\/wp\/v2\/product_brand?post=19555"},{"taxonomy":"product_cat","embeddable":true,"href":"https:\/\/vitablanca.ma\/en\/wp-json\/wp\/v2\/product_cat?post=19555"},{"taxonomy":"product_tag","embeddable":true,"href":"https:\/\/vitablanca.ma\/en\/wp-json\/wp\/v2\/product_tag?post=19555"}],"curies":[{"name":"wp","href":"https:\/\/api.w.org\/{rel}","templated":true}]}}