{"id":19542,"date":"2025-06-10T17:59:46","date_gmt":"2025-06-10T17:59:46","guid":{"rendered":"https:\/\/vitablanca.ma\/product\/klorane-apres-shampoing-au-cupuacu-200ml\/"},"modified":"2026-01-21T23:56:48","modified_gmt":"2026-01-21T23:56:48","slug":"klorane-apres-shampoing-au-cupuacu-200ml","status":"publish","type":"product","link":"https:\/\/vitablanca.ma\/en\/product\/klorane-apres-shampoing-au-cupuacu-200ml\/","title":{"rendered":"Klorane Cupua\u00e7u Conditioner 200ml"},"content":{"rendered":"<h2>Klorane Cupua\u00e7u Conditioner <span data-mce-fragment=\"1\">rich in fatty acids is effective in nourishing and repairing hair right down to the tips.<\/span><br \/>\n<\/h2>\n<div class=\"block-content\">\n<p>This hair care product with 96 % of natural ingredients nourishes and repairs very dry, brittle, frizzy or regularly stressed hair (straightening, brushing, coloring, etc.). Biodegradable*, Klorane conditioner is enriched with organic Cupua\u00e7u, with ultra-nourishing properties. This active ingredient, rich in fatty acids, is effective in nourishing and repairing hair right down to the tips. By smoothing the hair fiber, the conditioner makes detangling easier, for immediately shiny, protected and strong hair**.<\/p>\n<\/div>\n<div class=\"block-content has-heading\">\n<div class=\"block-content-heading\">\n<h3 id=\"\" class=\"\">Advantage<\/h3>\n<\/div>\n<p>Its ultra-gentle cleansing capacity allows it to be used as a cleansing balm instead of regular shampoo for even the driest hair.<\/p>\n<div class=\"block-content-heading\">\n<h3 id=\"\" class=\"\">Benefits<\/h3>\n<\/div>\n<p>\u2013 Detangles: the melting formula coats damaged hair fibers and disciplines dry hair for gentle detangling.<br \/>\u2013 Nourishes: Organic Cupua\u00e7u will deeply nourish dry hair.<br \/>\u2013 Repairs: the conditioner fills in the gaps in the hair, for repaired and preserved lengths.<\/p>\n<\/div>\n<div class=\"tab-content\" id=\"product-composition-block-content\">\n<div class=\"tab-pane fade active in\" id=\"efficiency\" role=\"tabpanel\" aria-labelledby=\"home-tab\">\n<div class=\"panel panel-default\">\n<div id=\"collapse-efficiency\" class=\"panel-collapse collapse active in\">\n<div class=\"panel-body\"><\/div>\n<\/div>\n<\/div>\n<\/div>\n<\/div>","protected":false},"excerpt":{"rendered":"<p>Klorane Apr\u00e8s-Shampoing Au Cupua\u00e7u riche en acide gras est efficace pour nourrir et r\u00e9parer le cheveu jusqu\u2019\u00e0 la pointe. Ce soin cheveux \u00e0 96 % d\u2019ingr\u00e9dients d\u2019origine naturelle nourrit et r\u00e9pare les\u00a0cheveux tr\u00e8s secs, cassants, fris\u00e9s ou r\u00e9guli\u00e8rement mis \u00e0 l\u2019\u00e9preuve (lissages, brossages, colorations\u2026). Biod\u00e9gradable*, l&rsquo;apr\u00e8s-shampoing Klorane\u00a0est enrichi en Cupua\u00e7u BIO, aux propri\u00e9t\u00e9s ultra-nourrissantes. Cet [&hellip;]<\/p>\n","protected":false},"featured_media":19540,"template":"","meta":{"om_disable_all_campaigns":false},"product_brand":[6000],"product_cat":[18,15],"product_tag":[],"class_list":{"0":"post-19542","1":"product","2":"type-product","3":"status-publish","4":"has-post-thumbnail","6":"product_brand-klorane-maroc-prix","7":"product_cat-beaute-sante","8":"product_cat-beaute-sante-complements-alimentaires-soins-et-bien-etre-au-meilleur-prix","10":"first","11":"instock","12":"sale","13":"taxable","14":"shipping-taxable","15":"purchasable","16":"product-type-simple"},"yoast_head":"<!-- This site is optimized with the Yoast SEO plugin v27.4 - https:\/\/yoast.com\/product\/yoast-seo-wordpress\/ -->\n<title>Klorane Apr\u00e8s-Shampoing Au Cupua\u00e7u 200ml - Maroc Prix<\/title>\n<meta name=\"description\" content=\"Klorane Apr\u00e8s-Shampoing Au Cupua\u00e7u 200ml\" \/>\n<meta name=\"robots\" content=\"index, follow, max-snippet:-1, max-image-preview:large, max-video-preview:-1\" \/>\n<link rel=\"canonical\" href=\"https:\/\/vitablanca.ma\/en\/product\/klorane-apres-shampoing-au-cupuacu-200ml\/\" \/>\n<meta property=\"og:locale\" content=\"en_US\" \/>\n<meta property=\"og:type\" content=\"article\" \/>\n<meta property=\"og:title\" content=\"Klorane Apr\u00e8s-Shampoing Au Cupua\u00e7u 200ml - Maroc Prix\" \/>\n<meta property=\"og:description\" content=\"Klorane Apr\u00e8s-Shampoing Au Cupua\u00e7u 200ml\" \/>\n<meta property=\"og:url\" content=\"https:\/\/vitablanca.ma\/en\/product\/klorane-apres-shampoing-au-cupuacu-200ml\/\" \/>\n<meta property=\"og:site_name\" content=\"Vitablanca.ma &ndash; Sant&eacute;, vitalit&eacute; et bien-&ecirc;tre pour tous les Marocains\" \/>\n<meta property=\"article:publisher\" content=\"https:\/\/www.facebook.com\/profile.php?id=61576678196717\" \/>\n<meta property=\"article:modified_time\" content=\"2026-01-21T23:56:48+00:00\" \/>\n<meta property=\"og:image\" content=\"https:\/\/vitablanca.ma\/wp-content\/uploads\/2025\/06\/Klorane-Apres-Shampoing-Au-Cupuacu-200ml-novaparapharmacie-maroc.jpg\" \/>\n\t<meta property=\"og:image:width\" content=\"1000\" \/>\n\t<meta property=\"og:image:height\" content=\"1000\" \/>\n\t<meta property=\"og:image:type\" content=\"image\/jpeg\" \/>\n<meta name=\"twitter:card\" content=\"summary_large_image\" \/>\n<meta name=\"twitter:label1\" content=\"Est. reading time\" \/>\n\t<meta name=\"twitter:data1\" content=\"1 minute\" \/>\n<script type=\"application\/ld+json\" class=\"yoast-schema-graph\">{\"@context\":\"https:\\\/\\\/schema.org\",\"@graph\":[{\"@type\":[\"WebPage\",\"ItemPage\"],\"@id\":\"https:\\\/\\\/vitablanca.ma\\\/produit\\\/klorane-apres-shampoing-au-cupuacu-200ml\\\/\",\"url\":\"https:\\\/\\\/vitablanca.ma\\\/produit\\\/klorane-apres-shampoing-au-cupuacu-200ml\\\/\",\"name\":\"Klorane Apr\u00e8s-Shampoing Au Cupua\u00e7u 200ml - Maroc Prix\",\"isPartOf\":{\"@id\":\"https:\\\/\\\/vitablanca.ma\\\/#website\"},\"primaryImageOfPage\":{\"@id\":\"https:\\\/\\\/vitablanca.ma\\\/produit\\\/klorane-apres-shampoing-au-cupuacu-200ml\\\/#primaryimage\"},\"image\":{\"@id\":\"https:\\\/\\\/vitablanca.ma\\\/produit\\\/klorane-apres-shampoing-au-cupuacu-200ml\\\/#primaryimage\"},\"thumbnailUrl\":\"https:\\\/\\\/vitablanca.ma\\\/wp-content\\\/uploads\\\/2025\\\/06\\\/Klorane-Apres-Shampoing-Au-Cupuacu-200ml-novaparapharmacie-maroc.jpg\",\"datePublished\":\"2025-06-10T17:59:46+00:00\",\"dateModified\":\"2026-01-21T23:56:48+00:00\",\"description\":\"Klorane Apr\u00e8s-Shampoing Au Cupua\u00e7u 200ml\",\"breadcrumb\":{\"@id\":\"https:\\\/\\\/vitablanca.ma\\\/produit\\\/klorane-apres-shampoing-au-cupuacu-200ml\\\/#breadcrumb\"},\"inLanguage\":\"en-US\",\"potentialAction\":[{\"@type\":\"ReadAction\",\"target\":[\"https:\\\/\\\/vitablanca.ma\\\/produit\\\/klorane-apres-shampoing-au-cupuacu-200ml\\\/\"]}]},{\"@type\":\"ImageObject\",\"inLanguage\":\"en-US\",\"@id\":\"https:\\\/\\\/vitablanca.ma\\\/produit\\\/klorane-apres-shampoing-au-cupuacu-200ml\\\/#primaryimage\",\"url\":\"https:\\\/\\\/vitablanca.ma\\\/wp-content\\\/uploads\\\/2025\\\/06\\\/Klorane-Apres-Shampoing-Au-Cupuacu-200ml-novaparapharmacie-maroc.jpg\",\"contentUrl\":\"https:\\\/\\\/vitablanca.ma\\\/wp-content\\\/uploads\\\/2025\\\/06\\\/Klorane-Apres-Shampoing-Au-Cupuacu-200ml-novaparapharmacie-maroc.jpg\",\"width\":1000,\"height\":1000},{\"@type\":\"BreadcrumbList\",\"@id\":\"https:\\\/\\\/vitablanca.ma\\\/produit\\\/klorane-apres-shampoing-au-cupuacu-200ml\\\/#breadcrumb\",\"itemListElement\":[{\"@type\":\"ListItem\",\"position\":1,\"name\":\"Home\",\"item\":\"https:\\\/\\\/vitablanca.ma\\\/\"},{\"@type\":\"ListItem\",\"position\":2,\"name\":\"Tous Les Produits\",\"item\":\"https:\\\/\\\/vitablanca.ma\\\/tous-les-produits\\\/\"},{\"@type\":\"ListItem\",\"position\":3,\"name\":\"Klorane Apr\u00e8s-Shampoing Au Cupua\u00e7u 200ml\"}]},{\"@type\":\"WebSite\",\"@id\":\"https:\\\/\\\/vitablanca.ma\\\/#website\",\"url\":\"https:\\\/\\\/vitablanca.ma\\\/\",\"name\":\"VitaBlanca.ma | Compl\u00e9ments alimentaires, sant\u00e9 & beaut\u00e9 au Maroc\",\"description\":\"vendre vitamines et compl\u00e9ments premium des USA &amp; Canada, Nouvelle Z\u00e9lande,Maroc (NOW Foods, Solgar, Manuka). Livraison rapide partout au Maroc.\",\"publisher\":{\"@id\":\"https:\\\/\\\/vitablanca.ma\\\/#organization\"},\"alternateName\":\"VitaBlanca.ma\",\"potentialAction\":[{\"@type\":\"SearchAction\",\"target\":{\"@type\":\"EntryPoint\",\"urlTemplate\":\"https:\\\/\\\/vitablanca.ma\\\/?s={search_term_string}\"},\"query-input\":{\"@type\":\"PropertyValueSpecification\",\"valueRequired\":true,\"valueName\":\"search_term_string\"}}],\"inLanguage\":\"en-US\"},{\"@type\":\"Organization\",\"@id\":\"https:\\\/\\\/vitablanca.ma\\\/#organization\",\"name\":\"VitaBlanca\",\"url\":\"https:\\\/\\\/vitablanca.ma\\\/\",\"logo\":{\"@type\":\"ImageObject\",\"inLanguage\":\"en-US\",\"@id\":\"https:\\\/\\\/vitablanca.ma\\\/#\\\/schema\\\/logo\\\/image\\\/\",\"url\":\"https:\\\/\\\/vitablanca.ma\\\/wp-content\\\/uploads\\\/2025\\\/05\\\/cropped-vitablanca.png\",\"contentUrl\":\"https:\\\/\\\/vitablanca.ma\\\/wp-content\\\/uploads\\\/2025\\\/05\\\/cropped-vitablanca.png\",\"width\":360,\"height\":67,\"caption\":\"VitaBlanca\"},\"image\":{\"@id\":\"https:\\\/\\\/vitablanca.ma\\\/#\\\/schema\\\/logo\\\/image\\\/\"},\"sameAs\":[\"https:\\\/\\\/www.facebook.com\\\/profile.php?id=61576678196717\",\"https:\\\/\\\/www.tiktok.com\\\/@vitablanca.ma\",\"https:\\\/\\\/www.instagram.com\\\/vitablanca.ma\\\/\"]}]}<\/script>\n<!-- \/ Yoast SEO plugin. -->","yoast_head_json":{"title":"Klorane Cupua\u00e7u Conditioner 200ml - Morocco Price","description":"Klorane Cupua\u00e7u Conditioner 200ml","robots":{"index":"index","follow":"follow","max-snippet":"max-snippet:-1","max-image-preview":"max-image-preview:large","max-video-preview":"max-video-preview:-1"},"canonical":"https:\/\/vitablanca.ma\/en\/product\/klorane-apres-shampoing-au-cupuacu-200ml\/","og_locale":"en_US","og_type":"article","og_title":"Klorane Apr\u00e8s-Shampoing Au Cupua\u00e7u 200ml - Maroc Prix","og_description":"Klorane Apr\u00e8s-Shampoing Au Cupua\u00e7u 200ml","og_url":"https:\/\/vitablanca.ma\/en\/product\/klorane-apres-shampoing-au-cupuacu-200ml\/","og_site_name":"Vitablanca.ma &ndash; Sant&eacute;, vitalit&eacute; et bien-&ecirc;tre pour tous les Marocains","article_publisher":"https:\/\/www.facebook.com\/profile.php?id=61576678196717","article_modified_time":"2026-01-21T23:56:48+00:00","og_image":[{"width":1000,"height":1000,"url":"https:\/\/vitablanca.ma\/wp-content\/uploads\/2025\/06\/Klorane-Apres-Shampoing-Au-Cupuacu-200ml-novaparapharmacie-maroc.jpg","type":"image\/jpeg"}],"twitter_card":"summary_large_image","twitter_misc":{"Est. reading time":"1 minute"},"schema":{"@context":"https:\/\/schema.org","@graph":[{"@type":["WebPage","ItemPage"],"@id":"https:\/\/vitablanca.ma\/produit\/klorane-apres-shampoing-au-cupuacu-200ml\/","url":"https:\/\/vitablanca.ma\/produit\/klorane-apres-shampoing-au-cupuacu-200ml\/","name":"Klorane Cupua\u00e7u Conditioner 200ml - Morocco Price","isPartOf":{"@id":"https:\/\/vitablanca.ma\/#website"},"primaryImageOfPage":{"@id":"https:\/\/vitablanca.ma\/produit\/klorane-apres-shampoing-au-cupuacu-200ml\/#primaryimage"},"image":{"@id":"https:\/\/vitablanca.ma\/produit\/klorane-apres-shampoing-au-cupuacu-200ml\/#primaryimage"},"thumbnailUrl":"https:\/\/vitablanca.ma\/wp-content\/uploads\/2025\/06\/Klorane-Apres-Shampoing-Au-Cupuacu-200ml-novaparapharmacie-maroc.jpg","datePublished":"2025-06-10T17:59:46+00:00","dateModified":"2026-01-21T23:56:48+00:00","description":"Klorane Cupua\u00e7u Conditioner 200ml","breadcrumb":{"@id":"https:\/\/vitablanca.ma\/produit\/klorane-apres-shampoing-au-cupuacu-200ml\/#breadcrumb"},"inLanguage":"en-US","potentialAction":[{"@type":"ReadAction","target":["https:\/\/vitablanca.ma\/produit\/klorane-apres-shampoing-au-cupuacu-200ml\/"]}]},{"@type":"ImageObject","inLanguage":"en-US","@id":"https:\/\/vitablanca.ma\/produit\/klorane-apres-shampoing-au-cupuacu-200ml\/#primaryimage","url":"https:\/\/vitablanca.ma\/wp-content\/uploads\/2025\/06\/Klorane-Apres-Shampoing-Au-Cupuacu-200ml-novaparapharmacie-maroc.jpg","contentUrl":"https:\/\/vitablanca.ma\/wp-content\/uploads\/2025\/06\/Klorane-Apres-Shampoing-Au-Cupuacu-200ml-novaparapharmacie-maroc.jpg","width":1000,"height":1000},{"@type":"BreadcrumbList","@id":"https:\/\/vitablanca.ma\/produit\/klorane-apres-shampoing-au-cupuacu-200ml\/#breadcrumb","itemListElement":[{"@type":"ListItem","position":1,"name":"Home","item":"https:\/\/vitablanca.ma\/"},{"@type":"ListItem","position":2,"name":"Tous Les Produits","item":"https:\/\/vitablanca.ma\/tous-les-produits\/"},{"@type":"ListItem","position":3,"name":"Klorane Apr\u00e8s-Shampoing Au Cupua\u00e7u 200ml"}]},{"@type":"WebSite","@id":"https:\/\/vitablanca.ma\/#website","url":"https:\/\/vitablanca.ma\/","name":"VitaBlanca.ma | Food supplements, health &amp; beauty in Morocco","description":"sell premium vitamins and supplements from USA &amp; Canada, New Zealand, Morocco (NOW Foods, Solgar, Manuka). Fast delivery anywhere in Morocco.","publisher":{"@id":"https:\/\/vitablanca.ma\/#organization"},"alternateName":"VitaBlanca.ma","potentialAction":[{"@type":"SearchAction","target":{"@type":"EntryPoint","urlTemplate":"https:\/\/vitablanca.ma\/?s={search_term_string}"},"query-input":{"@type":"PropertyValueSpecification","valueRequired":true,"valueName":"search_term_string"}}],"inLanguage":"en-US"},{"@type":"Organization","@id":"https:\/\/vitablanca.ma\/#organization","name":"VitaBlanca","url":"https:\/\/vitablanca.ma\/","logo":{"@type":"ImageObject","inLanguage":"en-US","@id":"https:\/\/vitablanca.ma\/#\/schema\/logo\/image\/","url":"https:\/\/vitablanca.ma\/wp-content\/uploads\/2025\/05\/cropped-vitablanca.png","contentUrl":"https:\/\/vitablanca.ma\/wp-content\/uploads\/2025\/05\/cropped-vitablanca.png","width":360,"height":67,"caption":"VitaBlanca"},"image":{"@id":"https:\/\/vitablanca.ma\/#\/schema\/logo\/image\/"},"sameAs":["https:\/\/www.facebook.com\/profile.php?id=61576678196717","https:\/\/www.tiktok.com\/@vitablanca.ma","https:\/\/www.instagram.com\/vitablanca.ma\/"]}]}},"jetpack_sharing_enabled":true,"_links":{"self":[{"href":"https:\/\/vitablanca.ma\/en\/wp-json\/wp\/v2\/product\/19542","targetHints":{"allow":["GET"]}}],"collection":[{"href":"https:\/\/vitablanca.ma\/en\/wp-json\/wp\/v2\/product"}],"about":[{"href":"https:\/\/vitablanca.ma\/en\/wp-json\/wp\/v2\/types\/product"}],"wp:featuredmedia":[{"embeddable":true,"href":"https:\/\/vitablanca.ma\/en\/wp-json\/wp\/v2\/media\/19540"}],"wp:attachment":[{"href":"https:\/\/vitablanca.ma\/en\/wp-json\/wp\/v2\/media?parent=19542"}],"wp:term":[{"taxonomy":"product_brand","embeddable":true,"href":"https:\/\/vitablanca.ma\/en\/wp-json\/wp\/v2\/product_brand?post=19542"},{"taxonomy":"product_cat","embeddable":true,"href":"https:\/\/vitablanca.ma\/en\/wp-json\/wp\/v2\/product_cat?post=19542"},{"taxonomy":"product_tag","embeddable":true,"href":"https:\/\/vitablanca.ma\/en\/wp-json\/wp\/v2\/product_tag?post=19542"}],"curies":[{"name":"wp","href":"https:\/\/api.w.org\/{rel}","templated":true}]}}