{"id":19534,"date":"2025-06-10T17:59:34","date_gmt":"2025-06-10T17:59:34","guid":{"rendered":"https:\/\/vitablanca.ma\/product\/klorane-creme-de-jour-a-la-mangue-125ml\/"},"modified":"2026-01-21T23:56:48","modified_gmt":"2026-01-21T23:56:48","slug":"klorane-creme-de-jour-a-la-mangue-125ml","status":"publish","type":"product","link":"https:\/\/vitablanca.ma\/en\/product\/klorane-creme-de-jour-a-la-mangue-125ml\/","title":{"rendered":"Klorane Mango Day Cream 125ml"},"content":{"rendered":"<h2>Klorane Day Cream <strong>with Mango.\u00a0<span data-mce-fragment=\"1\">Leaves a shiny finish, Nourishes.<\/span><\/strong><br \/>\n<\/h2>\n<p class=\"p-info__description\">A daily SOS nutrition treatment, the Nourishing Day Cream protects and enhances the lengths of dry hair.<\/p>\n<div class=\"myaccordion\" id=\"accordion\">\n<div class=\"myaccordion__item\">\n<div id=\"headingOne\" class=\"myaccordion__header\">\n<div class=\"myaccordion__btn d-flex align-items-center justify-content-between\">A care gesture and touch-up tip, it brings radiance and softness.\n<\/div>\n<\/div>\n<\/div>\n<div class=\"myaccordion__item\">\n<div id=\"headingTwo\" class=\"myaccordion__header\">\n<div class=\"myaccordion__btn d-flex align-items-center justify-content-between\">Nourishing, protective, illuminating.<br \/>125ml.<\/div>\n<div class=\"myaccordion__btn d-flex align-items-center justify-content-between\"><\/div>\n<div class=\"myaccordion__btn d-flex align-items-center justify-content-between\">\n<div class=\"block-content\">\n<p>Mango Day Cream is a melt-in, leave-in beautifying treatment. It is particularly recommended for the daily protection of dry and fragile hair. Its formulation with Mango butter, a highly nutritious plant-based extract, helps to enhance and nourish hair without weighing it down. Generous in gentle ingredients, its formula protects hair from roots to ends, restoring shine and suppleness. The light, fluid cream texture envelops the hair fiber and leaves a delicious, fruity scent. Hair regains suppleness and silkiness, and styling is made easier.<\/p>\n<\/div>\n<div class=\"block-content has-heading\">\n<div class=\"block-content-heading\">\n<h3 id=\"\" class=\"\">Advantage<\/h3>\n<\/div>\n<p>A 97% formula of naturally derived ingredients to nourish and enhance hair.<\/p>\n<div class=\"block-content-heading\">\n<h3 id=\"\" class=\"\">Benefits<\/h3>\n<\/div>\n<p>\u2013 Nourishing: the active ingredient of tender and silky Mango butter, rich in fatty acids, nourishes the hair deeply.<br \/>\u2013 Protective: envelops the hair to coat and protect it along its entire length in order to limit the formation of split ends.<br \/>\u2013 Enhancer: its daily use allows the hair to regain suppleness and silkiness, it is visibly less split.<\/p>\n<p class=\"style-1\"><strong>Ideal:<\/strong> For\u00a0<span>Adults<\/span><\/p>\n<p class=\"style-1\"><strong>Hair Type:<\/strong>\u00a0<span>Dry hair<\/span><\/p>\n<p class=\"style-1\"><strong>Need:<\/strong>\u00a0<span>Nutrition<br \/><\/span><\/p>\n<h3 class=\"application__title\"><span id=\"\" class=\"anm block-name animated\">Application<\/span><\/h3>\n<div class=\"application__sub-title anm animated\">\n<p>Restores shine to hair without weighing it down.<\/p>\n<div class=\"app-step__title\">\n<h3 id=\"\" class=\"style-1\">FREQUENCY OF USE<\/h3>\n<\/div>\n<div class=\"application__cons\"><span>1 time per day<\/span><\/div>\n<p>Use on dry or damp hair.<br \/>Apply 2 or 3 hazelnuts to the lengths and ends.<br \/>Do not rinse.<br \/>Ideal before blow-drying to protect against dryness or as a finishing treatment to enhance the texture and provide a satin finish. Avoid contact with eyes.<\/p>\n<\/div>\n<\/div>\n<\/div>\n<div class=\"myaccordion__btn d-flex align-items-center justify-content-between\">\n<span><\/span>\n<\/div>\n<\/div>\n<\/div>\n<\/div>","protected":false},"excerpt":{"rendered":"<p>Klorane Cr\u00e8me de jour \u00e0 la Mangue.\u00a0Laisse un fini brillant, Nourrit. Geste SOS nutrition au quotidien, la Cr\u00e8me de jour nourissante, prot\u00e8ge et sublime les longueurs des cheveux secs. Geste soin et astuce retouche, elle apporte \u00e9clat et douceur. Nourrissant, protecteur, illuminant.125ml. La Cr\u00e8me de jour \u00e0 la Mangue est un soin sublimateur fondant et [&hellip;]<\/p>\n","protected":false},"featured_media":19531,"template":"","meta":{"om_disable_all_campaigns":false},"product_brand":[6000],"product_cat":[18,15],"product_tag":[],"class_list":{"0":"post-19534","1":"product","2":"type-product","3":"status-publish","4":"has-post-thumbnail","6":"product_brand-klorane-maroc-prix","7":"product_cat-beaute-sante","8":"product_cat-beaute-sante-complements-alimentaires-soins-et-bien-etre-au-meilleur-prix","10":"first","11":"instock","12":"sale","13":"taxable","14":"shipping-taxable","15":"purchasable","16":"product-type-simple"},"yoast_head":"<!-- This site is optimized with the Yoast SEO plugin v27.4 - https:\/\/yoast.com\/product\/yoast-seo-wordpress\/ -->\n<title>Klorane Cr\u00e8me de jour \u00e0 la Mangue 125ml - Maroc Prix<\/title>\n<meta name=\"description\" content=\"Klorane Cr\u00e8me de jour \u00e0 la Mangue 125ml\" \/>\n<meta name=\"robots\" content=\"index, follow, max-snippet:-1, max-image-preview:large, max-video-preview:-1\" \/>\n<link rel=\"canonical\" href=\"https:\/\/vitablanca.ma\/en\/product\/klorane-creme-de-jour-a-la-mangue-125ml\/\" \/>\n<meta property=\"og:locale\" content=\"en_US\" \/>\n<meta property=\"og:type\" content=\"article\" \/>\n<meta property=\"og:title\" content=\"Klorane Cr\u00e8me de jour \u00e0 la Mangue 125ml - Maroc Prix\" \/>\n<meta property=\"og:description\" content=\"Klorane Cr\u00e8me de jour \u00e0 la Mangue 125ml\" \/>\n<meta property=\"og:url\" content=\"https:\/\/vitablanca.ma\/en\/product\/klorane-creme-de-jour-a-la-mangue-125ml\/\" \/>\n<meta property=\"og:site_name\" content=\"Vitablanca.ma &ndash; Sant&eacute;, vitalit&eacute; et bien-&ecirc;tre pour tous les Marocains\" \/>\n<meta property=\"article:publisher\" content=\"https:\/\/www.facebook.com\/profile.php?id=61576678196717\" \/>\n<meta property=\"article:modified_time\" content=\"2026-01-21T23:56:48+00:00\" \/>\n<meta property=\"og:image\" content=\"https:\/\/vitablanca.ma\/wp-content\/uploads\/2025\/06\/Klorane-Creme-de-jour-a-la-Mangue-125ml-nova-parapharmacie-casablanca.jpg\" \/>\n\t<meta property=\"og:image:width\" content=\"1000\" \/>\n\t<meta property=\"og:image:height\" content=\"1000\" \/>\n\t<meta property=\"og:image:type\" content=\"image\/jpeg\" \/>\n<meta name=\"twitter:card\" content=\"summary_large_image\" \/>\n<meta name=\"twitter:label1\" content=\"Est. reading time\" \/>\n\t<meta name=\"twitter:data1\" content=\"2 minutes\" \/>\n<script type=\"application\/ld+json\" class=\"yoast-schema-graph\">{\"@context\":\"https:\\\/\\\/schema.org\",\"@graph\":[{\"@type\":[\"WebPage\",\"ItemPage\"],\"@id\":\"https:\\\/\\\/vitablanca.ma\\\/produit\\\/klorane-creme-de-jour-a-la-mangue-125ml\\\/\",\"url\":\"https:\\\/\\\/vitablanca.ma\\\/produit\\\/klorane-creme-de-jour-a-la-mangue-125ml\\\/\",\"name\":\"Klorane Cr\u00e8me de jour \u00e0 la Mangue 125ml - Maroc Prix\",\"isPartOf\":{\"@id\":\"https:\\\/\\\/vitablanca.ma\\\/#website\"},\"primaryImageOfPage\":{\"@id\":\"https:\\\/\\\/vitablanca.ma\\\/produit\\\/klorane-creme-de-jour-a-la-mangue-125ml\\\/#primaryimage\"},\"image\":{\"@id\":\"https:\\\/\\\/vitablanca.ma\\\/produit\\\/klorane-creme-de-jour-a-la-mangue-125ml\\\/#primaryimage\"},\"thumbnailUrl\":\"https:\\\/\\\/vitablanca.ma\\\/wp-content\\\/uploads\\\/2025\\\/06\\\/Klorane-Creme-de-jour-a-la-Mangue-125ml-nova-parapharmacie-casablanca.jpg\",\"datePublished\":\"2025-06-10T17:59:34+00:00\",\"dateModified\":\"2026-01-21T23:56:48+00:00\",\"description\":\"Klorane Cr\u00e8me de jour \u00e0 la Mangue 125ml\",\"breadcrumb\":{\"@id\":\"https:\\\/\\\/vitablanca.ma\\\/produit\\\/klorane-creme-de-jour-a-la-mangue-125ml\\\/#breadcrumb\"},\"inLanguage\":\"en-US\",\"potentialAction\":[{\"@type\":\"ReadAction\",\"target\":[\"https:\\\/\\\/vitablanca.ma\\\/produit\\\/klorane-creme-de-jour-a-la-mangue-125ml\\\/\"]}]},{\"@type\":\"ImageObject\",\"inLanguage\":\"en-US\",\"@id\":\"https:\\\/\\\/vitablanca.ma\\\/produit\\\/klorane-creme-de-jour-a-la-mangue-125ml\\\/#primaryimage\",\"url\":\"https:\\\/\\\/vitablanca.ma\\\/wp-content\\\/uploads\\\/2025\\\/06\\\/Klorane-Creme-de-jour-a-la-Mangue-125ml-nova-parapharmacie-casablanca.jpg\",\"contentUrl\":\"https:\\\/\\\/vitablanca.ma\\\/wp-content\\\/uploads\\\/2025\\\/06\\\/Klorane-Creme-de-jour-a-la-Mangue-125ml-nova-parapharmacie-casablanca.jpg\",\"width\":1000,\"height\":1000},{\"@type\":\"BreadcrumbList\",\"@id\":\"https:\\\/\\\/vitablanca.ma\\\/produit\\\/klorane-creme-de-jour-a-la-mangue-125ml\\\/#breadcrumb\",\"itemListElement\":[{\"@type\":\"ListItem\",\"position\":1,\"name\":\"Home\",\"item\":\"https:\\\/\\\/vitablanca.ma\\\/\"},{\"@type\":\"ListItem\",\"position\":2,\"name\":\"Tous Les Produits\",\"item\":\"https:\\\/\\\/vitablanca.ma\\\/tous-les-produits\\\/\"},{\"@type\":\"ListItem\",\"position\":3,\"name\":\"Klorane Cr\u00e8me de jour \u00e0 la Mangue 125ml\"}]},{\"@type\":\"WebSite\",\"@id\":\"https:\\\/\\\/vitablanca.ma\\\/#website\",\"url\":\"https:\\\/\\\/vitablanca.ma\\\/\",\"name\":\"VitaBlanca.ma | Compl\u00e9ments alimentaires, sant\u00e9 & beaut\u00e9 au Maroc\",\"description\":\"vendre vitamines et compl\u00e9ments premium des USA &amp; Canada, Nouvelle Z\u00e9lande,Maroc (NOW Foods, Solgar, Manuka). Livraison rapide partout au Maroc.\",\"publisher\":{\"@id\":\"https:\\\/\\\/vitablanca.ma\\\/#organization\"},\"alternateName\":\"VitaBlanca.ma\",\"potentialAction\":[{\"@type\":\"SearchAction\",\"target\":{\"@type\":\"EntryPoint\",\"urlTemplate\":\"https:\\\/\\\/vitablanca.ma\\\/?s={search_term_string}\"},\"query-input\":{\"@type\":\"PropertyValueSpecification\",\"valueRequired\":true,\"valueName\":\"search_term_string\"}}],\"inLanguage\":\"en-US\"},{\"@type\":\"Organization\",\"@id\":\"https:\\\/\\\/vitablanca.ma\\\/#organization\",\"name\":\"VitaBlanca\",\"url\":\"https:\\\/\\\/vitablanca.ma\\\/\",\"logo\":{\"@type\":\"ImageObject\",\"inLanguage\":\"en-US\",\"@id\":\"https:\\\/\\\/vitablanca.ma\\\/#\\\/schema\\\/logo\\\/image\\\/\",\"url\":\"https:\\\/\\\/vitablanca.ma\\\/wp-content\\\/uploads\\\/2025\\\/05\\\/cropped-vitablanca.png\",\"contentUrl\":\"https:\\\/\\\/vitablanca.ma\\\/wp-content\\\/uploads\\\/2025\\\/05\\\/cropped-vitablanca.png\",\"width\":360,\"height\":67,\"caption\":\"VitaBlanca\"},\"image\":{\"@id\":\"https:\\\/\\\/vitablanca.ma\\\/#\\\/schema\\\/logo\\\/image\\\/\"},\"sameAs\":[\"https:\\\/\\\/www.facebook.com\\\/profile.php?id=61576678196717\",\"https:\\\/\\\/www.tiktok.com\\\/@vitablanca.ma\",\"https:\\\/\\\/www.instagram.com\\\/vitablanca.ma\\\/\"]}]}<\/script>\n<!-- \/ Yoast SEO plugin. -->","yoast_head_json":{"title":"Klorane Mango Day Cream 125ml - Morocco Price","description":"Klorane Mango Day Cream 125ml","robots":{"index":"index","follow":"follow","max-snippet":"max-snippet:-1","max-image-preview":"max-image-preview:large","max-video-preview":"max-video-preview:-1"},"canonical":"https:\/\/vitablanca.ma\/en\/product\/klorane-creme-de-jour-a-la-mangue-125ml\/","og_locale":"en_US","og_type":"article","og_title":"Klorane Cr\u00e8me de jour \u00e0 la Mangue 125ml - Maroc Prix","og_description":"Klorane Cr\u00e8me de jour \u00e0 la Mangue 125ml","og_url":"https:\/\/vitablanca.ma\/en\/product\/klorane-creme-de-jour-a-la-mangue-125ml\/","og_site_name":"Vitablanca.ma &ndash; Sant&eacute;, vitalit&eacute; et bien-&ecirc;tre pour tous les Marocains","article_publisher":"https:\/\/www.facebook.com\/profile.php?id=61576678196717","article_modified_time":"2026-01-21T23:56:48+00:00","og_image":[{"width":1000,"height":1000,"url":"https:\/\/vitablanca.ma\/wp-content\/uploads\/2025\/06\/Klorane-Creme-de-jour-a-la-Mangue-125ml-nova-parapharmacie-casablanca.jpg","type":"image\/jpeg"}],"twitter_card":"summary_large_image","twitter_misc":{"Est. reading time":"2 minutes"},"schema":{"@context":"https:\/\/schema.org","@graph":[{"@type":["WebPage","ItemPage"],"@id":"https:\/\/vitablanca.ma\/produit\/klorane-creme-de-jour-a-la-mangue-125ml\/","url":"https:\/\/vitablanca.ma\/produit\/klorane-creme-de-jour-a-la-mangue-125ml\/","name":"Klorane Mango Day Cream 125ml - Morocco Price","isPartOf":{"@id":"https:\/\/vitablanca.ma\/#website"},"primaryImageOfPage":{"@id":"https:\/\/vitablanca.ma\/produit\/klorane-creme-de-jour-a-la-mangue-125ml\/#primaryimage"},"image":{"@id":"https:\/\/vitablanca.ma\/produit\/klorane-creme-de-jour-a-la-mangue-125ml\/#primaryimage"},"thumbnailUrl":"https:\/\/vitablanca.ma\/wp-content\/uploads\/2025\/06\/Klorane-Creme-de-jour-a-la-Mangue-125ml-nova-parapharmacie-casablanca.jpg","datePublished":"2025-06-10T17:59:34+00:00","dateModified":"2026-01-21T23:56:48+00:00","description":"Klorane Mango Day Cream 125ml","breadcrumb":{"@id":"https:\/\/vitablanca.ma\/produit\/klorane-creme-de-jour-a-la-mangue-125ml\/#breadcrumb"},"inLanguage":"en-US","potentialAction":[{"@type":"ReadAction","target":["https:\/\/vitablanca.ma\/produit\/klorane-creme-de-jour-a-la-mangue-125ml\/"]}]},{"@type":"ImageObject","inLanguage":"en-US","@id":"https:\/\/vitablanca.ma\/produit\/klorane-creme-de-jour-a-la-mangue-125ml\/#primaryimage","url":"https:\/\/vitablanca.ma\/wp-content\/uploads\/2025\/06\/Klorane-Creme-de-jour-a-la-Mangue-125ml-nova-parapharmacie-casablanca.jpg","contentUrl":"https:\/\/vitablanca.ma\/wp-content\/uploads\/2025\/06\/Klorane-Creme-de-jour-a-la-Mangue-125ml-nova-parapharmacie-casablanca.jpg","width":1000,"height":1000},{"@type":"BreadcrumbList","@id":"https:\/\/vitablanca.ma\/produit\/klorane-creme-de-jour-a-la-mangue-125ml\/#breadcrumb","itemListElement":[{"@type":"ListItem","position":1,"name":"Home","item":"https:\/\/vitablanca.ma\/"},{"@type":"ListItem","position":2,"name":"Tous Les Produits","item":"https:\/\/vitablanca.ma\/tous-les-produits\/"},{"@type":"ListItem","position":3,"name":"Klorane Cr\u00e8me de jour \u00e0 la Mangue 125ml"}]},{"@type":"WebSite","@id":"https:\/\/vitablanca.ma\/#website","url":"https:\/\/vitablanca.ma\/","name":"VitaBlanca.ma | Food supplements, health &amp; beauty in Morocco","description":"sell premium vitamins and supplements from USA &amp; Canada, New Zealand, Morocco (NOW Foods, Solgar, Manuka). Fast delivery anywhere in Morocco.","publisher":{"@id":"https:\/\/vitablanca.ma\/#organization"},"alternateName":"VitaBlanca.ma","potentialAction":[{"@type":"SearchAction","target":{"@type":"EntryPoint","urlTemplate":"https:\/\/vitablanca.ma\/?s={search_term_string}"},"query-input":{"@type":"PropertyValueSpecification","valueRequired":true,"valueName":"search_term_string"}}],"inLanguage":"en-US"},{"@type":"Organization","@id":"https:\/\/vitablanca.ma\/#organization","name":"VitaBlanca","url":"https:\/\/vitablanca.ma\/","logo":{"@type":"ImageObject","inLanguage":"en-US","@id":"https:\/\/vitablanca.ma\/#\/schema\/logo\/image\/","url":"https:\/\/vitablanca.ma\/wp-content\/uploads\/2025\/05\/cropped-vitablanca.png","contentUrl":"https:\/\/vitablanca.ma\/wp-content\/uploads\/2025\/05\/cropped-vitablanca.png","width":360,"height":67,"caption":"VitaBlanca"},"image":{"@id":"https:\/\/vitablanca.ma\/#\/schema\/logo\/image\/"},"sameAs":["https:\/\/www.facebook.com\/profile.php?id=61576678196717","https:\/\/www.tiktok.com\/@vitablanca.ma","https:\/\/www.instagram.com\/vitablanca.ma\/"]}]}},"jetpack_sharing_enabled":true,"_links":{"self":[{"href":"https:\/\/vitablanca.ma\/en\/wp-json\/wp\/v2\/product\/19534","targetHints":{"allow":["GET"]}}],"collection":[{"href":"https:\/\/vitablanca.ma\/en\/wp-json\/wp\/v2\/product"}],"about":[{"href":"https:\/\/vitablanca.ma\/en\/wp-json\/wp\/v2\/types\/product"}],"wp:featuredmedia":[{"embeddable":true,"href":"https:\/\/vitablanca.ma\/en\/wp-json\/wp\/v2\/media\/19531"}],"wp:attachment":[{"href":"https:\/\/vitablanca.ma\/en\/wp-json\/wp\/v2\/media?parent=19534"}],"wp:term":[{"taxonomy":"product_brand","embeddable":true,"href":"https:\/\/vitablanca.ma\/en\/wp-json\/wp\/v2\/product_brand?post=19534"},{"taxonomy":"product_cat","embeddable":true,"href":"https:\/\/vitablanca.ma\/en\/wp-json\/wp\/v2\/product_cat?post=19534"},{"taxonomy":"product_tag","embeddable":true,"href":"https:\/\/vitablanca.ma\/en\/wp-json\/wp\/v2\/product_tag?post=19534"}],"curies":[{"name":"wp","href":"https:\/\/api.w.org\/{rel}","templated":true}]}}