{"id":19519,"date":"2025-06-10T17:59:23","date_gmt":"2025-06-10T17:59:23","guid":{"rendered":"https:\/\/vitablanca.ma\/product\/klorane-shampoing-au-dattier-du-desert\/"},"modified":"2026-01-21T23:56:48","modified_gmt":"2026-01-21T23:56:48","slug":"klorane-shampoing-au-dattier-du-desert","status":"publish","type":"product","link":"https:\/\/vitablanca.ma\/en\/product\/klorane-shampoing-au-dattier-du-desert\/","title":{"rendered":"Klorane Desert Date Shampoo"},"content":{"rendered":"<h2>Klorane Desert Date Shampoo.<\/h2>\n<p><span>Thanks to its non-detergent cleansing base, this Desert Date shampoo gently cleanses and repairs hair while preserving the natural balance of the hair and scalp. Nourished and strengthened, hair regains elasticity and suppleness.<br \/>200ml-400ml<\/span><\/p>\n<p><strong>Efficiency<\/strong><\/p>\n<div id=\"product-composition-block-content\" class=\"tab-content\">\n<div aria-labelledby=\"home-tab\" role=\"tabpanel\" id=\"efficiency\" class=\"tab-pane fade active in\">\n<div class=\"panel panel-default\">\n<div class=\"panel-collapse collapse active in\" id=\"collapse-efficiency\">\n<div class=\"panel-body\">\n<p>Softer \u2013 91% of satisfaction*, Softer \u2013 94% of satisfaction**<\/p>\n<p>*Satisfaction test \u2013 67 people \u2013 after 15 days of use. **Satisfaction test \u2013 67 people \u2013 after use. Tested under dermatological control.<\/p>\n<p class=\"product-strip-block-title\"><strong>HAIR<\/strong><\/p>\n<p class=\"product-strip-block-details\">Dry, damaged and brittle hair.<\/p>\n<p class=\"product-strip-block-title\"><strong>NATURAL ACTIVE INGREDIENT<\/strong><\/p>\n<p class=\"product-strip-block-details\">Desert date palm grown in sub-Sahelian Africa with respect for the ecosystem and populations.<\/p>\n<p class=\"product-strip-block-title\"><strong>ECO-DESIGNED<\/strong><\/p>\n<p class=\"product-strip-block-details\">Biodegradable formula, according to OECD 301B standard<\/p>\n<h3 class=\"product-strip-block-details\">APPLICATION COUNCIL<\/h3>\n<p class=\"product-strip-block-details\">Apply to wet hair, emulsify, then massage into your scalp for a few seconds. Rinse thoroughly.<\/p>\n<\/div>\n<\/div>\n<\/div>\n<\/div>\n<\/div>","protected":false},"excerpt":{"rendered":"<p>Klorane Shampoing Au Dattier Du D\u00e9sert. Gr\u00e2ce \u00e0 sa base lavante non d\u00e9tergente ce shampooing au Dattier du d\u00e9sert lave et r\u00e9pare les cheveux en douceur tout en pr\u00e9servant l\u2019\u00e9quilibre naturel du cheveu et du cuir chevelu. Nourris et renforc\u00e9s, les cheveux retrouvent \u00e9lasticit\u00e9 et souplesse.200ml-400ml Efficacit\u00e9 Plus doux &#8211; 91% de satisfaction*, Souplesse &#8211; [&hellip;]<\/p>\n","protected":false},"featured_media":19515,"template":"","meta":{"om_disable_all_campaigns":false},"product_brand":[6000],"product_cat":[18,15],"product_tag":[],"class_list":{"0":"post-19519","1":"product","2":"type-product","3":"status-publish","4":"has-post-thumbnail","6":"product_brand-klorane-maroc-prix","7":"product_cat-beaute-sante","8":"product_cat-beaute-sante-complements-alimentaires-soins-et-bien-etre-au-meilleur-prix","10":"first","11":"instock","12":"sale","13":"taxable","14":"shipping-taxable","15":"purchasable","16":"product-type-variable"},"yoast_head":"<!-- This site is optimized with the Yoast SEO plugin v27.4 - https:\/\/yoast.com\/product\/yoast-seo-wordpress\/ -->\n<title>Klorane Shampoing Au Dattier Du D\u00e9sert - Maroc Prix<\/title>\n<meta name=\"description\" content=\"Klorane Shampoing Au Dattier Du D\u00e9sert\" \/>\n<meta name=\"robots\" content=\"index, follow, max-snippet:-1, max-image-preview:large, max-video-preview:-1\" \/>\n<link rel=\"canonical\" href=\"https:\/\/vitablanca.ma\/en\/product\/klorane-shampoing-au-dattier-du-desert\/\" \/>\n<meta property=\"og:locale\" content=\"en_US\" \/>\n<meta property=\"og:type\" content=\"article\" \/>\n<meta property=\"og:title\" content=\"Klorane Shampoing Au Dattier Du D\u00e9sert - Maroc Prix\" \/>\n<meta property=\"og:description\" content=\"Klorane Shampoing Au Dattier Du D\u00e9sert\" \/>\n<meta property=\"og:url\" content=\"https:\/\/vitablanca.ma\/en\/product\/klorane-shampoing-au-dattier-du-desert\/\" \/>\n<meta property=\"og:site_name\" content=\"Vitablanca.ma &ndash; Sant&eacute;, vitalit&eacute; et bien-&ecirc;tre pour tous les Marocains\" \/>\n<meta property=\"article:publisher\" content=\"https:\/\/www.facebook.com\/profile.php?id=61576678196717\" \/>\n<meta property=\"article:modified_time\" content=\"2026-01-21T23:56:48+00:00\" \/>\n<meta property=\"og:image\" content=\"https:\/\/vitablanca.ma\/wp-content\/uploads\/2025\/06\/Klorane-Shampoing-Au-Dattier-Du-Desert-200ml-nova-parapharmacie-casablanca.jpg\" \/>\n\t<meta property=\"og:image:width\" content=\"1000\" \/>\n\t<meta property=\"og:image:height\" content=\"1000\" \/>\n\t<meta property=\"og:image:type\" content=\"image\/jpeg\" \/>\n<meta name=\"twitter:card\" content=\"summary_large_image\" \/>\n<meta name=\"twitter:label1\" content=\"Est. reading time\" \/>\n\t<meta name=\"twitter:data1\" content=\"1 minute\" \/>\n<script type=\"application\/ld+json\" class=\"yoast-schema-graph\">{\"@context\":\"https:\\\/\\\/schema.org\",\"@graph\":[{\"@type\":[\"WebPage\",\"ItemPage\"],\"@id\":\"https:\\\/\\\/vitablanca.ma\\\/produit\\\/klorane-shampoing-au-dattier-du-desert\\\/\",\"url\":\"https:\\\/\\\/vitablanca.ma\\\/produit\\\/klorane-shampoing-au-dattier-du-desert\\\/\",\"name\":\"Klorane Shampoing Au Dattier Du D\u00e9sert - Maroc Prix\",\"isPartOf\":{\"@id\":\"https:\\\/\\\/vitablanca.ma\\\/#website\"},\"primaryImageOfPage\":{\"@id\":\"https:\\\/\\\/vitablanca.ma\\\/produit\\\/klorane-shampoing-au-dattier-du-desert\\\/#primaryimage\"},\"image\":{\"@id\":\"https:\\\/\\\/vitablanca.ma\\\/produit\\\/klorane-shampoing-au-dattier-du-desert\\\/#primaryimage\"},\"thumbnailUrl\":\"https:\\\/\\\/vitablanca.ma\\\/wp-content\\\/uploads\\\/2025\\\/06\\\/Klorane-Shampoing-Au-Dattier-Du-Desert-200ml-nova-parapharmacie-casablanca.jpg\",\"datePublished\":\"2025-06-10T17:59:23+00:00\",\"dateModified\":\"2026-01-21T23:56:48+00:00\",\"description\":\"Klorane Shampoing Au Dattier Du D\u00e9sert\",\"breadcrumb\":{\"@id\":\"https:\\\/\\\/vitablanca.ma\\\/produit\\\/klorane-shampoing-au-dattier-du-desert\\\/#breadcrumb\"},\"inLanguage\":\"en-US\",\"potentialAction\":[{\"@type\":\"ReadAction\",\"target\":[\"https:\\\/\\\/vitablanca.ma\\\/produit\\\/klorane-shampoing-au-dattier-du-desert\\\/\"]}]},{\"@type\":\"ImageObject\",\"inLanguage\":\"en-US\",\"@id\":\"https:\\\/\\\/vitablanca.ma\\\/produit\\\/klorane-shampoing-au-dattier-du-desert\\\/#primaryimage\",\"url\":\"https:\\\/\\\/vitablanca.ma\\\/wp-content\\\/uploads\\\/2025\\\/06\\\/Klorane-Shampoing-Au-Dattier-Du-Desert-200ml-nova-parapharmacie-casablanca.jpg\",\"contentUrl\":\"https:\\\/\\\/vitablanca.ma\\\/wp-content\\\/uploads\\\/2025\\\/06\\\/Klorane-Shampoing-Au-Dattier-Du-Desert-200ml-nova-parapharmacie-casablanca.jpg\",\"width\":1000,\"height\":1000},{\"@type\":\"BreadcrumbList\",\"@id\":\"https:\\\/\\\/vitablanca.ma\\\/produit\\\/klorane-shampoing-au-dattier-du-desert\\\/#breadcrumb\",\"itemListElement\":[{\"@type\":\"ListItem\",\"position\":1,\"name\":\"Home\",\"item\":\"https:\\\/\\\/vitablanca.ma\\\/\"},{\"@type\":\"ListItem\",\"position\":2,\"name\":\"Tous Les Produits\",\"item\":\"https:\\\/\\\/vitablanca.ma\\\/tous-les-produits\\\/\"},{\"@type\":\"ListItem\",\"position\":3,\"name\":\"Klorane Shampoing Au Dattier Du D\u00e9sert\"}]},{\"@type\":\"WebSite\",\"@id\":\"https:\\\/\\\/vitablanca.ma\\\/#website\",\"url\":\"https:\\\/\\\/vitablanca.ma\\\/\",\"name\":\"VitaBlanca.ma | Compl\u00e9ments alimentaires, sant\u00e9 & beaut\u00e9 au Maroc\",\"description\":\"vendre vitamines et compl\u00e9ments premium des USA &amp; Canada, Nouvelle Z\u00e9lande,Maroc (NOW Foods, Solgar, Manuka). Livraison rapide partout au Maroc.\",\"publisher\":{\"@id\":\"https:\\\/\\\/vitablanca.ma\\\/#organization\"},\"alternateName\":\"VitaBlanca.ma\",\"potentialAction\":[{\"@type\":\"SearchAction\",\"target\":{\"@type\":\"EntryPoint\",\"urlTemplate\":\"https:\\\/\\\/vitablanca.ma\\\/?s={search_term_string}\"},\"query-input\":{\"@type\":\"PropertyValueSpecification\",\"valueRequired\":true,\"valueName\":\"search_term_string\"}}],\"inLanguage\":\"en-US\"},{\"@type\":\"Organization\",\"@id\":\"https:\\\/\\\/vitablanca.ma\\\/#organization\",\"name\":\"VitaBlanca\",\"url\":\"https:\\\/\\\/vitablanca.ma\\\/\",\"logo\":{\"@type\":\"ImageObject\",\"inLanguage\":\"en-US\",\"@id\":\"https:\\\/\\\/vitablanca.ma\\\/#\\\/schema\\\/logo\\\/image\\\/\",\"url\":\"https:\\\/\\\/vitablanca.ma\\\/wp-content\\\/uploads\\\/2025\\\/05\\\/cropped-vitablanca.png\",\"contentUrl\":\"https:\\\/\\\/vitablanca.ma\\\/wp-content\\\/uploads\\\/2025\\\/05\\\/cropped-vitablanca.png\",\"width\":360,\"height\":67,\"caption\":\"VitaBlanca\"},\"image\":{\"@id\":\"https:\\\/\\\/vitablanca.ma\\\/#\\\/schema\\\/logo\\\/image\\\/\"},\"sameAs\":[\"https:\\\/\\\/www.facebook.com\\\/profile.php?id=61576678196717\",\"https:\\\/\\\/www.tiktok.com\\\/@vitablanca.ma\",\"https:\\\/\\\/www.instagram.com\\\/vitablanca.ma\\\/\"]}]}<\/script>\n<!-- \/ Yoast SEO plugin. -->","yoast_head_json":{"title":"Klorane Desert Date Shampoo - Morocco Price","description":"Klorane Desert Date Shampoo","robots":{"index":"index","follow":"follow","max-snippet":"max-snippet:-1","max-image-preview":"max-image-preview:large","max-video-preview":"max-video-preview:-1"},"canonical":"https:\/\/vitablanca.ma\/en\/product\/klorane-shampoing-au-dattier-du-desert\/","og_locale":"en_US","og_type":"article","og_title":"Klorane Shampoing Au Dattier Du D\u00e9sert - Maroc Prix","og_description":"Klorane Shampoing Au Dattier Du D\u00e9sert","og_url":"https:\/\/vitablanca.ma\/en\/product\/klorane-shampoing-au-dattier-du-desert\/","og_site_name":"Vitablanca.ma &ndash; Sant&eacute;, vitalit&eacute; et bien-&ecirc;tre pour tous les Marocains","article_publisher":"https:\/\/www.facebook.com\/profile.php?id=61576678196717","article_modified_time":"2026-01-21T23:56:48+00:00","og_image":[{"width":1000,"height":1000,"url":"https:\/\/vitablanca.ma\/wp-content\/uploads\/2025\/06\/Klorane-Shampoing-Au-Dattier-Du-Desert-200ml-nova-parapharmacie-casablanca.jpg","type":"image\/jpeg"}],"twitter_card":"summary_large_image","twitter_misc":{"Est. reading time":"1 minute"},"schema":{"@context":"https:\/\/schema.org","@graph":[{"@type":["WebPage","ItemPage"],"@id":"https:\/\/vitablanca.ma\/produit\/klorane-shampoing-au-dattier-du-desert\/","url":"https:\/\/vitablanca.ma\/produit\/klorane-shampoing-au-dattier-du-desert\/","name":"Klorane Desert Date Shampoo - Morocco Price","isPartOf":{"@id":"https:\/\/vitablanca.ma\/#website"},"primaryImageOfPage":{"@id":"https:\/\/vitablanca.ma\/produit\/klorane-shampoing-au-dattier-du-desert\/#primaryimage"},"image":{"@id":"https:\/\/vitablanca.ma\/produit\/klorane-shampoing-au-dattier-du-desert\/#primaryimage"},"thumbnailUrl":"https:\/\/vitablanca.ma\/wp-content\/uploads\/2025\/06\/Klorane-Shampoing-Au-Dattier-Du-Desert-200ml-nova-parapharmacie-casablanca.jpg","datePublished":"2025-06-10T17:59:23+00:00","dateModified":"2026-01-21T23:56:48+00:00","description":"Klorane Desert Date Shampoo","breadcrumb":{"@id":"https:\/\/vitablanca.ma\/produit\/klorane-shampoing-au-dattier-du-desert\/#breadcrumb"},"inLanguage":"en-US","potentialAction":[{"@type":"ReadAction","target":["https:\/\/vitablanca.ma\/produit\/klorane-shampoing-au-dattier-du-desert\/"]}]},{"@type":"ImageObject","inLanguage":"en-US","@id":"https:\/\/vitablanca.ma\/produit\/klorane-shampoing-au-dattier-du-desert\/#primaryimage","url":"https:\/\/vitablanca.ma\/wp-content\/uploads\/2025\/06\/Klorane-Shampoing-Au-Dattier-Du-Desert-200ml-nova-parapharmacie-casablanca.jpg","contentUrl":"https:\/\/vitablanca.ma\/wp-content\/uploads\/2025\/06\/Klorane-Shampoing-Au-Dattier-Du-Desert-200ml-nova-parapharmacie-casablanca.jpg","width":1000,"height":1000},{"@type":"BreadcrumbList","@id":"https:\/\/vitablanca.ma\/produit\/klorane-shampoing-au-dattier-du-desert\/#breadcrumb","itemListElement":[{"@type":"ListItem","position":1,"name":"Home","item":"https:\/\/vitablanca.ma\/"},{"@type":"ListItem","position":2,"name":"Tous Les Produits","item":"https:\/\/vitablanca.ma\/tous-les-produits\/"},{"@type":"ListItem","position":3,"name":"Klorane Shampoing Au Dattier Du D\u00e9sert"}]},{"@type":"WebSite","@id":"https:\/\/vitablanca.ma\/#website","url":"https:\/\/vitablanca.ma\/","name":"VitaBlanca.ma | Food supplements, health &amp; beauty in Morocco","description":"sell premium vitamins and supplements from USA &amp; Canada, New Zealand, Morocco (NOW Foods, Solgar, Manuka). Fast delivery anywhere in Morocco.","publisher":{"@id":"https:\/\/vitablanca.ma\/#organization"},"alternateName":"VitaBlanca.ma","potentialAction":[{"@type":"SearchAction","target":{"@type":"EntryPoint","urlTemplate":"https:\/\/vitablanca.ma\/?s={search_term_string}"},"query-input":{"@type":"PropertyValueSpecification","valueRequired":true,"valueName":"search_term_string"}}],"inLanguage":"en-US"},{"@type":"Organization","@id":"https:\/\/vitablanca.ma\/#organization","name":"VitaBlanca","url":"https:\/\/vitablanca.ma\/","logo":{"@type":"ImageObject","inLanguage":"en-US","@id":"https:\/\/vitablanca.ma\/#\/schema\/logo\/image\/","url":"https:\/\/vitablanca.ma\/wp-content\/uploads\/2025\/05\/cropped-vitablanca.png","contentUrl":"https:\/\/vitablanca.ma\/wp-content\/uploads\/2025\/05\/cropped-vitablanca.png","width":360,"height":67,"caption":"VitaBlanca"},"image":{"@id":"https:\/\/vitablanca.ma\/#\/schema\/logo\/image\/"},"sameAs":["https:\/\/www.facebook.com\/profile.php?id=61576678196717","https:\/\/www.tiktok.com\/@vitablanca.ma","https:\/\/www.instagram.com\/vitablanca.ma\/"]}]}},"jetpack_sharing_enabled":true,"_links":{"self":[{"href":"https:\/\/vitablanca.ma\/en\/wp-json\/wp\/v2\/product\/19519","targetHints":{"allow":["GET"]}}],"collection":[{"href":"https:\/\/vitablanca.ma\/en\/wp-json\/wp\/v2\/product"}],"about":[{"href":"https:\/\/vitablanca.ma\/en\/wp-json\/wp\/v2\/types\/product"}],"wp:featuredmedia":[{"embeddable":true,"href":"https:\/\/vitablanca.ma\/en\/wp-json\/wp\/v2\/media\/19515"}],"wp:attachment":[{"href":"https:\/\/vitablanca.ma\/en\/wp-json\/wp\/v2\/media?parent=19519"}],"wp:term":[{"taxonomy":"product_brand","embeddable":true,"href":"https:\/\/vitablanca.ma\/en\/wp-json\/wp\/v2\/product_brand?post=19519"},{"taxonomy":"product_cat","embeddable":true,"href":"https:\/\/vitablanca.ma\/en\/wp-json\/wp\/v2\/product_cat?post=19519"},{"taxonomy":"product_tag","embeddable":true,"href":"https:\/\/vitablanca.ma\/en\/wp-json\/wp\/v2\/product_tag?post=19519"}],"curies":[{"name":"wp","href":"https:\/\/api.w.org\/{rel}","templated":true}]}}