{"id":194,"date":"2025-04-16T23:04:24","date_gmt":"2025-04-16T23:04:24","guid":{"rendered":"https:\/\/vitablanca.ma\/?post_type=product&#038;p=194"},"modified":"2026-02-20T03:03:28","modified_gmt":"2026-02-20T03:03:28","slug":"now-foods-l-carnitine-500-mg-60-gelules-vegetales","status":"publish","type":"product","link":"https:\/\/vitablanca.ma\/en\/product\/now-foods-l-carnitine-500-mg-60-gelules-vegetales\/","title":{"rendered":"Now Foods L-Carnitine, 500 mg, 60 Veggie Caplets"},"content":{"rendered":"<p>La L-carnitine est un acide amin\u00e9 non essentiel qui contribue \u00e0 maintenir une bonne sant\u00e9 globale en facilitant le transfert de groupes d\u2019acides gras dans la membrane mitochondriale pour la production d\u2019\u00e9nergie cellulaire. Elle se produit naturellement dans la viande rouge et dans d\u2019autres aliments de source animale, mais nous recommandons la suppl\u00e9mentation pour obtenir des niveaux optimaux de cet excellent acide amin\u00e9. La L-Carnitine NOW est la forme la plus pure, elle est test\u00e9e cliniquement et v\u00e9g\u00e9tarienne (elle n\u2019est pas obtenue de source animale).<\/p>\n<p>Suggested Use<\/p>\n<p>Take between 1 and 3 capsules per day.<\/p>","protected":false},"excerpt":{"rendered":"<ul>\n<li>Purest form, clinically tested<\/li>\n<li>Physical Health Support<\/li>\n<li>Stimulates Cellular Energy<\/li>\n<li>Transports Fatty Acids<\/li>\n<li>Carnipure<\/li>\n<\/ul>","protected":false},"featured_media":195,"template":"","meta":{"om_disable_all_campaigns":false},"product_brand":[83],"product_cat":[198,18,199,85],"product_tag":[201,129,126,200,91,388,726,202],"class_list":{"0":"post-194","1":"product","2":"type-product","3":"status-publish","4":"has-post-thumbnail","6":"product_brand-now-foods-maroc-prix","7":"product_cat-acides-amine","8":"product_cat-beaute-sante","9":"product_cat-carnitine","10":"product_cat-nutrition-sportive-beaute-sante","11":"product_tag-acide-amine","12":"product_tag-now-foods-casa","13":"product_tag-now-foods-iherb","14":"product_tag-now-foods-l-carnitine","15":"product_tag-now-foods-maroc","16":"product_tag-now-foods-maroc-avis","17":"product_tag-now-foods-maroc-prix","18":"product_tag-vegetarienne","20":"first","21":"instock","22":"sale","23":"taxable","24":"shipping-taxable","25":"purchasable","26":"product-type-simple"},"yoast_head":"<!-- This site is optimized with the Yoast SEO plugin v27.5 - https:\/\/yoast.com\/product\/yoast-seo-wordpress\/ -->\n<title>Now Foods L-carnitine, 500 mg, 60 g\u00e9lules v\u00e9g\u00e9tales - Maroc Prix<\/title>\n<meta name=\"description\" content=\"Achetez Now Foods L-Carnitine 500 mg au Maroc. 60 g\u00e9lules v\u00e9g\u00e9tales pour le m\u00e9tabolisme des graisses et l&#039;\u00e9nergie musculaire. Id\u00e9al pour sportifs.\" \/>\n<meta name=\"robots\" content=\"index, follow, max-snippet:-1, max-image-preview:large, max-video-preview:-1\" \/>\n<link rel=\"canonical\" href=\"https:\/\/vitablanca.ma\/en\/product\/now-foods-l-carnitine-500-mg-60-gelules-vegetales\/\" \/>\n<meta property=\"og:locale\" content=\"en_US\" \/>\n<meta property=\"og:type\" content=\"article\" \/>\n<meta property=\"og:title\" content=\"Now Foods L-carnitine, 500 mg, 60 g\u00e9lules v\u00e9g\u00e9tales - Maroc Prix\" \/>\n<meta property=\"og:description\" content=\"Achetez Now Foods L-Carnitine 500 mg au Maroc. 60 g\u00e9lules v\u00e9g\u00e9tales pour le m\u00e9tabolisme des graisses et l&#039;\u00e9nergie musculaire. Id\u00e9al pour sportifs.\" \/>\n<meta property=\"og:url\" content=\"https:\/\/vitablanca.ma\/en\/product\/now-foods-l-carnitine-500-mg-60-gelules-vegetales\/\" \/>\n<meta property=\"og:site_name\" content=\"Vitablanca.ma &ndash; Sant&eacute;, vitalit&eacute; et bien-&ecirc;tre pour tous les Marocains\" \/>\n<meta property=\"article:publisher\" content=\"https:\/\/www.facebook.com\/profile.php?id=61576678196717\" \/>\n<meta property=\"article:modified_time\" content=\"2026-02-20T03:03:28+00:00\" \/>\n<meta property=\"og:image\" content=\"https:\/\/vitablanca.ma\/wp-content\/uploads\/2025\/04\/carnitine-500-mg-60-gelules-vegetales-now-foods-.jpg\" \/>\n\t<meta property=\"og:image:width\" content=\"680\" \/>\n\t<meta property=\"og:image:height\" content=\"680\" \/>\n\t<meta property=\"og:image:type\" content=\"image\/jpeg\" \/>\n<meta name=\"twitter:card\" content=\"summary_large_image\" \/>\n<meta name=\"twitter:label1\" content=\"Est. reading time\" \/>\n\t<meta name=\"twitter:data1\" content=\"1 minute\" \/>\n<script type=\"application\/ld+json\" class=\"yoast-schema-graph\">{\"@context\":\"https:\\\/\\\/schema.org\",\"@graph\":[{\"@type\":[\"WebPage\",\"ItemPage\"],\"@id\":\"https:\\\/\\\/vitablanca.ma\\\/produit\\\/now-foods-l-carnitine-500-mg-60-gelules-vegetales\\\/\",\"url\":\"https:\\\/\\\/vitablanca.ma\\\/produit\\\/now-foods-l-carnitine-500-mg-60-gelules-vegetales\\\/\",\"name\":\"Now Foods L-carnitine, 500 mg, 60 g\u00e9lules v\u00e9g\u00e9tales - Maroc Prix\",\"isPartOf\":{\"@id\":\"https:\\\/\\\/vitablanca.ma\\\/#website\"},\"primaryImageOfPage\":{\"@id\":\"https:\\\/\\\/vitablanca.ma\\\/produit\\\/now-foods-l-carnitine-500-mg-60-gelules-vegetales\\\/#primaryimage\"},\"image\":{\"@id\":\"https:\\\/\\\/vitablanca.ma\\\/produit\\\/now-foods-l-carnitine-500-mg-60-gelules-vegetales\\\/#primaryimage\"},\"thumbnailUrl\":\"https:\\\/\\\/vitablanca.ma\\\/wp-content\\\/uploads\\\/2025\\\/04\\\/carnitine-500-mg-60-gelules-vegetales-now-foods-.jpg\",\"datePublished\":\"2025-04-16T23:04:24+00:00\",\"dateModified\":\"2026-02-20T03:03:28+00:00\",\"description\":\"Achetez Now Foods L-Carnitine 500 mg au Maroc. 60 g\u00e9lules v\u00e9g\u00e9tales pour le m\u00e9tabolisme des graisses et l'\u00e9nergie musculaire. Id\u00e9al pour sportifs.\",\"breadcrumb\":{\"@id\":\"https:\\\/\\\/vitablanca.ma\\\/produit\\\/now-foods-l-carnitine-500-mg-60-gelules-vegetales\\\/#breadcrumb\"},\"inLanguage\":\"en-US\",\"potentialAction\":[{\"@type\":\"ReadAction\",\"target\":[\"https:\\\/\\\/vitablanca.ma\\\/produit\\\/now-foods-l-carnitine-500-mg-60-gelules-vegetales\\\/\"]}]},{\"@type\":\"ImageObject\",\"inLanguage\":\"en-US\",\"@id\":\"https:\\\/\\\/vitablanca.ma\\\/produit\\\/now-foods-l-carnitine-500-mg-60-gelules-vegetales\\\/#primaryimage\",\"url\":\"https:\\\/\\\/vitablanca.ma\\\/wp-content\\\/uploads\\\/2025\\\/04\\\/carnitine-500-mg-60-gelules-vegetales-now-foods-.jpg\",\"contentUrl\":\"https:\\\/\\\/vitablanca.ma\\\/wp-content\\\/uploads\\\/2025\\\/04\\\/carnitine-500-mg-60-gelules-vegetales-now-foods-.jpg\",\"width\":680,\"height\":680},{\"@type\":\"BreadcrumbList\",\"@id\":\"https:\\\/\\\/vitablanca.ma\\\/produit\\\/now-foods-l-carnitine-500-mg-60-gelules-vegetales\\\/#breadcrumb\",\"itemListElement\":[{\"@type\":\"ListItem\",\"position\":1,\"name\":\"Home\",\"item\":\"https:\\\/\\\/vitablanca.ma\\\/\"},{\"@type\":\"ListItem\",\"position\":2,\"name\":\"Tous Les Produits\",\"item\":\"https:\\\/\\\/vitablanca.ma\\\/tous-les-produits\\\/\"},{\"@type\":\"ListItem\",\"position\":3,\"name\":\"Now Foods L-carnitine, 500 mg, 60 g\u00e9lules v\u00e9g\u00e9tales\"}]},{\"@type\":\"WebSite\",\"@id\":\"https:\\\/\\\/vitablanca.ma\\\/#website\",\"url\":\"https:\\\/\\\/vitablanca.ma\\\/\",\"name\":\"VitaBlanca.ma | Compl\u00e9ments alimentaires, sant\u00e9 & beaut\u00e9 au Maroc\",\"description\":\"vendre vitamines et compl\u00e9ments premium des USA &amp; Canada, Nouvelle Z\u00e9lande,Maroc (NOW Foods, Solgar, Manuka). Livraison rapide partout au Maroc.\",\"publisher\":{\"@id\":\"https:\\\/\\\/vitablanca.ma\\\/#organization\"},\"alternateName\":\"VitaBlanca.ma\",\"potentialAction\":[{\"@type\":\"SearchAction\",\"target\":{\"@type\":\"EntryPoint\",\"urlTemplate\":\"https:\\\/\\\/vitablanca.ma\\\/?s={search_term_string}\"},\"query-input\":{\"@type\":\"PropertyValueSpecification\",\"valueRequired\":true,\"valueName\":\"search_term_string\"}}],\"inLanguage\":\"en-US\"},{\"@type\":\"Organization\",\"@id\":\"https:\\\/\\\/vitablanca.ma\\\/#organization\",\"name\":\"VitaBlanca\",\"url\":\"https:\\\/\\\/vitablanca.ma\\\/\",\"logo\":{\"@type\":\"ImageObject\",\"inLanguage\":\"en-US\",\"@id\":\"https:\\\/\\\/vitablanca.ma\\\/#\\\/schema\\\/logo\\\/image\\\/\",\"url\":\"https:\\\/\\\/vitablanca.ma\\\/wp-content\\\/uploads\\\/2025\\\/05\\\/cropped-vitablanca.png\",\"contentUrl\":\"https:\\\/\\\/vitablanca.ma\\\/wp-content\\\/uploads\\\/2025\\\/05\\\/cropped-vitablanca.png\",\"width\":360,\"height\":67,\"caption\":\"VitaBlanca\"},\"image\":{\"@id\":\"https:\\\/\\\/vitablanca.ma\\\/#\\\/schema\\\/logo\\\/image\\\/\"},\"sameAs\":[\"https:\\\/\\\/www.facebook.com\\\/profile.php?id=61576678196717\",\"https:\\\/\\\/www.tiktok.com\\\/@vitablanca.ma\",\"https:\\\/\\\/www.instagram.com\\\/vitablanca.ma\\\/\"]}]}<\/script>\n<!-- \/ Yoast SEO plugin. -->","yoast_head_json":{"title":"Now Foods L-Carnitine, 500 mg, 60 Veggie Caplets - Morocco Price","description":"Buy Now Foods L-Carnitine 500 mg in Morocco. 60 vegetarian capsules for fat metabolism and muscle energy. Ideal for athletes.","robots":{"index":"index","follow":"follow","max-snippet":"max-snippet:-1","max-image-preview":"max-image-preview:large","max-video-preview":"max-video-preview:-1"},"canonical":"https:\/\/vitablanca.ma\/en\/product\/now-foods-l-carnitine-500-mg-60-gelules-vegetales\/","og_locale":"en_US","og_type":"article","og_title":"Now Foods L-carnitine, 500 mg, 60 g\u00e9lules v\u00e9g\u00e9tales - Maroc Prix","og_description":"Achetez Now Foods L-Carnitine 500 mg au Maroc. 60 g\u00e9lules v\u00e9g\u00e9tales pour le m\u00e9tabolisme des graisses et l'\u00e9nergie musculaire. Id\u00e9al pour sportifs.","og_url":"https:\/\/vitablanca.ma\/en\/product\/now-foods-l-carnitine-500-mg-60-gelules-vegetales\/","og_site_name":"Vitablanca.ma &ndash; Sant&eacute;, vitalit&eacute; et bien-&ecirc;tre pour tous les Marocains","article_publisher":"https:\/\/www.facebook.com\/profile.php?id=61576678196717","article_modified_time":"2026-02-20T03:03:28+00:00","og_image":[{"width":680,"height":680,"url":"https:\/\/vitablanca.ma\/wp-content\/uploads\/2025\/04\/carnitine-500-mg-60-gelules-vegetales-now-foods-.jpg","type":"image\/jpeg"}],"twitter_card":"summary_large_image","twitter_misc":{"Est. reading time":"1 minute"},"schema":{"@context":"https:\/\/schema.org","@graph":[{"@type":["WebPage","ItemPage"],"@id":"https:\/\/vitablanca.ma\/produit\/now-foods-l-carnitine-500-mg-60-gelules-vegetales\/","url":"https:\/\/vitablanca.ma\/produit\/now-foods-l-carnitine-500-mg-60-gelules-vegetales\/","name":"Now Foods L-Carnitine, 500 mg, 60 Veggie Caplets - Morocco Price","isPartOf":{"@id":"https:\/\/vitablanca.ma\/#website"},"primaryImageOfPage":{"@id":"https:\/\/vitablanca.ma\/produit\/now-foods-l-carnitine-500-mg-60-gelules-vegetales\/#primaryimage"},"image":{"@id":"https:\/\/vitablanca.ma\/produit\/now-foods-l-carnitine-500-mg-60-gelules-vegetales\/#primaryimage"},"thumbnailUrl":"https:\/\/vitablanca.ma\/wp-content\/uploads\/2025\/04\/carnitine-500-mg-60-gelules-vegetales-now-foods-.jpg","datePublished":"2025-04-16T23:04:24+00:00","dateModified":"2026-02-20T03:03:28+00:00","description":"Buy Now Foods L-Carnitine 500 mg in Morocco. 60 vegetarian capsules for fat metabolism and muscle energy. Ideal for athletes.","breadcrumb":{"@id":"https:\/\/vitablanca.ma\/produit\/now-foods-l-carnitine-500-mg-60-gelules-vegetales\/#breadcrumb"},"inLanguage":"en-US","potentialAction":[{"@type":"ReadAction","target":["https:\/\/vitablanca.ma\/produit\/now-foods-l-carnitine-500-mg-60-gelules-vegetales\/"]}]},{"@type":"ImageObject","inLanguage":"en-US","@id":"https:\/\/vitablanca.ma\/produit\/now-foods-l-carnitine-500-mg-60-gelules-vegetales\/#primaryimage","url":"https:\/\/vitablanca.ma\/wp-content\/uploads\/2025\/04\/carnitine-500-mg-60-gelules-vegetales-now-foods-.jpg","contentUrl":"https:\/\/vitablanca.ma\/wp-content\/uploads\/2025\/04\/carnitine-500-mg-60-gelules-vegetales-now-foods-.jpg","width":680,"height":680},{"@type":"BreadcrumbList","@id":"https:\/\/vitablanca.ma\/produit\/now-foods-l-carnitine-500-mg-60-gelules-vegetales\/#breadcrumb","itemListElement":[{"@type":"ListItem","position":1,"name":"Home","item":"https:\/\/vitablanca.ma\/"},{"@type":"ListItem","position":2,"name":"Tous Les Produits","item":"https:\/\/vitablanca.ma\/tous-les-produits\/"},{"@type":"ListItem","position":3,"name":"Now Foods L-carnitine, 500 mg, 60 g\u00e9lules v\u00e9g\u00e9tales"}]},{"@type":"WebSite","@id":"https:\/\/vitablanca.ma\/#website","url":"https:\/\/vitablanca.ma\/","name":"VitaBlanca.ma | Food supplements, health &amp; beauty in Morocco","description":"sell premium vitamins and supplements from USA &amp; Canada, New Zealand, Morocco (NOW Foods, Solgar, Manuka). Fast delivery anywhere in Morocco.","publisher":{"@id":"https:\/\/vitablanca.ma\/#organization"},"alternateName":"VitaBlanca.ma","potentialAction":[{"@type":"SearchAction","target":{"@type":"EntryPoint","urlTemplate":"https:\/\/vitablanca.ma\/?s={search_term_string}"},"query-input":{"@type":"PropertyValueSpecification","valueRequired":true,"valueName":"search_term_string"}}],"inLanguage":"en-US"},{"@type":"Organization","@id":"https:\/\/vitablanca.ma\/#organization","name":"VitaBlanca","url":"https:\/\/vitablanca.ma\/","logo":{"@type":"ImageObject","inLanguage":"en-US","@id":"https:\/\/vitablanca.ma\/#\/schema\/logo\/image\/","url":"https:\/\/vitablanca.ma\/wp-content\/uploads\/2025\/05\/cropped-vitablanca.png","contentUrl":"https:\/\/vitablanca.ma\/wp-content\/uploads\/2025\/05\/cropped-vitablanca.png","width":360,"height":67,"caption":"VitaBlanca"},"image":{"@id":"https:\/\/vitablanca.ma\/#\/schema\/logo\/image\/"},"sameAs":["https:\/\/www.facebook.com\/profile.php?id=61576678196717","https:\/\/www.tiktok.com\/@vitablanca.ma","https:\/\/www.instagram.com\/vitablanca.ma\/"]}]}},"jetpack_sharing_enabled":true,"_links":{"self":[{"href":"https:\/\/vitablanca.ma\/en\/wp-json\/wp\/v2\/product\/194","targetHints":{"allow":["GET"]}}],"collection":[{"href":"https:\/\/vitablanca.ma\/en\/wp-json\/wp\/v2\/product"}],"about":[{"href":"https:\/\/vitablanca.ma\/en\/wp-json\/wp\/v2\/types\/product"}],"wp:featuredmedia":[{"embeddable":true,"href":"https:\/\/vitablanca.ma\/en\/wp-json\/wp\/v2\/media\/195"}],"wp:attachment":[{"href":"https:\/\/vitablanca.ma\/en\/wp-json\/wp\/v2\/media?parent=194"}],"wp:term":[{"taxonomy":"product_brand","embeddable":true,"href":"https:\/\/vitablanca.ma\/en\/wp-json\/wp\/v2\/product_brand?post=194"},{"taxonomy":"product_cat","embeddable":true,"href":"https:\/\/vitablanca.ma\/en\/wp-json\/wp\/v2\/product_cat?post=194"},{"taxonomy":"product_tag","embeddable":true,"href":"https:\/\/vitablanca.ma\/en\/wp-json\/wp\/v2\/product_tag?post=194"}],"curies":[{"name":"wp","href":"https:\/\/api.w.org\/{rel}","templated":true}]}}