{"id":19367,"date":"2025-06-10T17:56:56","date_gmt":"2025-06-10T17:56:56","guid":{"rendered":"https:\/\/vitablanca.ma\/product\/kin-b5-bain-de-bouche-500ml\/"},"modified":"2025-09-16T17:57:01","modified_gmt":"2025-09-16T17:57:01","slug":"kin-b5-bain-de-bouche-500ml","status":"publish","type":"product","link":"https:\/\/vitablanca.ma\/en\/product\/kin-b5-bain-de-bouche-500ml\/","title":{"rendered":"Kin B5 Mouthwash 500ml"},"content":{"rendered":"<h2>Kin B5 Mouthwash<\/h2>\n<p>500ml<\/p>\n<p>The accumulation of dental biofilm is mainly responsible for gingival pathology (inflammation and bleeding of the gums). It is therefore very important to use specific products daily that control dental plaque and strengthen the gums.<\/p>\n<h3><strong>COMPOSITION :<\/strong><\/h3>\n<p>Cetylpyridinium chloride (CPC)<br \/>Zinc lactate<br \/>Provitamin B5<br \/>Vitamin B3<br \/>Xylitol: 1.00% Fluoride<br \/>sodium: 226 ppm F-<\/p>\n<h3><strong>INDICATIONS:<\/strong><\/h3>\n<p>GingiKIN B5 is a complete line indicated for daily care:<br \/>\u2013 Helps control dental biofilm, anti-plaque protection.<br \/>\u2013 Strengthens and tones the gums, antioxidant and revitalizing action.<br \/>\u2013 Prevents tooth decay and strengthens tooth enamel<\/p>\n<h3><strong>INSTRUCTIONS FOR USE:<\/strong><\/h3>\n<p>Rinse two or three times a day with 10-15 ml of undiluted product for 1 minute after brushing your teeth. It is recommended not to eat or drink for at least half an hour after administration.<\/p>\n<h3><strong>WARNINGS:<\/strong><\/h3>\n<p>Reserved for adults and children over 12 years old.<\/p>\n<p style=\"text-align: center\">Discover <strong>Kin B5 Mouthwash<\/strong>, a product carefully selected to meet your specific needs, and enjoy an exceptional shopping experience on our site,\u00a0<strong>Vita Blanca Parapharmacie Maroc<\/strong><\/p>","protected":false},"excerpt":{"rendered":"<p>Kin B5 Bain De Bouche 500ml L\u2019accumulation de biofilm dentaire est principalement responsable de la pathologie gingivale (inflammation et saignement des gencives). Il est donc tr\u00e8s important d\u2019utiliser quotidiennement des produits sp\u00e9cifiques qui contr\u00f4lent la plaque dentaire et renforcent les gencives. COMPOSITION : Chlorure de c\u00e9tylpyridinium (CPC)Lactate de zincProvitamine B5Vitamine B3Xylitol : 1,00% Flurorure desodium [&hellip;]<\/p>\n","protected":false},"featured_media":19366,"template":"","meta":{"om_disable_all_campaigns":false},"product_brand":[],"product_cat":[15],"product_tag":[],"class_list":{"0":"post-19367","1":"product","2":"type-product","3":"status-publish","4":"has-post-thumbnail","6":"product_cat-beaute-sante-complements-alimentaires-soins-et-bien-etre-au-meilleur-prix","8":"first","9":"instock","10":"sale","11":"taxable","12":"shipping-taxable","13":"purchasable","14":"product-type-simple"},"yoast_head":"<!-- This site is optimized with the Yoast SEO plugin v27.5 - https:\/\/yoast.com\/product\/yoast-seo-wordpress\/ -->\n<title>Kin B5 Bain De Bouche 500ml - Maroc Prix<\/title>\n<meta name=\"description\" content=\"Kin B5 Bain De Bouche 500ml\" \/>\n<meta name=\"robots\" content=\"index, follow, max-snippet:-1, max-image-preview:large, max-video-preview:-1\" \/>\n<link rel=\"canonical\" href=\"https:\/\/vitablanca.ma\/en\/product\/kin-b5-bain-de-bouche-500ml\/\" \/>\n<meta property=\"og:locale\" content=\"en_US\" \/>\n<meta property=\"og:type\" content=\"article\" \/>\n<meta property=\"og:title\" content=\"Kin B5 Bain De Bouche 500ml - Maroc Prix\" \/>\n<meta property=\"og:description\" content=\"Kin B5 Bain De Bouche 500ml\" \/>\n<meta property=\"og:url\" content=\"https:\/\/vitablanca.ma\/en\/product\/kin-b5-bain-de-bouche-500ml\/\" \/>\n<meta property=\"og:site_name\" content=\"Vitablanca.ma &ndash; Sant&eacute;, vitalit&eacute; et bien-&ecirc;tre pour tous les Marocains\" \/>\n<meta property=\"article:publisher\" content=\"https:\/\/www.facebook.com\/profile.php?id=61576678196717\" \/>\n<meta property=\"article:modified_time\" content=\"2025-09-16T17:57:01+00:00\" \/>\n<meta property=\"og:image\" content=\"https:\/\/vitablanca.ma\/wp-content\/uploads\/2025\/06\/Kin-B5-Bain-De-Bouche-500ml-prix-maroc-parapharmacie-casablanca.jpg\" \/>\n\t<meta property=\"og:image:width\" content=\"1000\" \/>\n\t<meta property=\"og:image:height\" content=\"1000\" \/>\n\t<meta property=\"og:image:type\" content=\"image\/jpeg\" \/>\n<meta name=\"twitter:card\" content=\"summary_large_image\" \/>\n<meta name=\"twitter:label1\" content=\"Est. reading time\" \/>\n\t<meta name=\"twitter:data1\" content=\"1 minute\" \/>\n<script type=\"application\/ld+json\" class=\"yoast-schema-graph\">{\"@context\":\"https:\\\/\\\/schema.org\",\"@graph\":[{\"@type\":[\"WebPage\",\"ItemPage\"],\"@id\":\"https:\\\/\\\/vitablanca.ma\\\/produit\\\/kin-b5-bain-de-bouche-500ml\\\/\",\"url\":\"https:\\\/\\\/vitablanca.ma\\\/produit\\\/kin-b5-bain-de-bouche-500ml\\\/\",\"name\":\"Kin B5 Bain De Bouche 500ml - Maroc Prix\",\"isPartOf\":{\"@id\":\"https:\\\/\\\/vitablanca.ma\\\/#website\"},\"primaryImageOfPage\":{\"@id\":\"https:\\\/\\\/vitablanca.ma\\\/produit\\\/kin-b5-bain-de-bouche-500ml\\\/#primaryimage\"},\"image\":{\"@id\":\"https:\\\/\\\/vitablanca.ma\\\/produit\\\/kin-b5-bain-de-bouche-500ml\\\/#primaryimage\"},\"thumbnailUrl\":\"https:\\\/\\\/vitablanca.ma\\\/wp-content\\\/uploads\\\/2025\\\/06\\\/Kin-B5-Bain-De-Bouche-500ml-prix-maroc-parapharmacie-casablanca.jpg\",\"datePublished\":\"2025-06-10T17:56:56+00:00\",\"dateModified\":\"2025-09-16T17:57:01+00:00\",\"description\":\"Kin B5 Bain De Bouche 500ml\",\"breadcrumb\":{\"@id\":\"https:\\\/\\\/vitablanca.ma\\\/produit\\\/kin-b5-bain-de-bouche-500ml\\\/#breadcrumb\"},\"inLanguage\":\"en-US\",\"potentialAction\":[{\"@type\":\"ReadAction\",\"target\":[\"https:\\\/\\\/vitablanca.ma\\\/produit\\\/kin-b5-bain-de-bouche-500ml\\\/\"]}]},{\"@type\":\"ImageObject\",\"inLanguage\":\"en-US\",\"@id\":\"https:\\\/\\\/vitablanca.ma\\\/produit\\\/kin-b5-bain-de-bouche-500ml\\\/#primaryimage\",\"url\":\"https:\\\/\\\/vitablanca.ma\\\/wp-content\\\/uploads\\\/2025\\\/06\\\/Kin-B5-Bain-De-Bouche-500ml-prix-maroc-parapharmacie-casablanca.jpg\",\"contentUrl\":\"https:\\\/\\\/vitablanca.ma\\\/wp-content\\\/uploads\\\/2025\\\/06\\\/Kin-B5-Bain-De-Bouche-500ml-prix-maroc-parapharmacie-casablanca.jpg\",\"width\":1000,\"height\":1000},{\"@type\":\"BreadcrumbList\",\"@id\":\"https:\\\/\\\/vitablanca.ma\\\/produit\\\/kin-b5-bain-de-bouche-500ml\\\/#breadcrumb\",\"itemListElement\":[{\"@type\":\"ListItem\",\"position\":1,\"name\":\"Home\",\"item\":\"https:\\\/\\\/vitablanca.ma\\\/\"},{\"@type\":\"ListItem\",\"position\":2,\"name\":\"Tous Les Produits\",\"item\":\"https:\\\/\\\/vitablanca.ma\\\/tous-les-produits\\\/\"},{\"@type\":\"ListItem\",\"position\":3,\"name\":\"Kin B5 Bain De Bouche 500ml\"}]},{\"@type\":\"WebSite\",\"@id\":\"https:\\\/\\\/vitablanca.ma\\\/#website\",\"url\":\"https:\\\/\\\/vitablanca.ma\\\/\",\"name\":\"VitaBlanca.ma | Compl\u00e9ments alimentaires, sant\u00e9 & beaut\u00e9 au Maroc\",\"description\":\"vendre vitamines et compl\u00e9ments premium des USA &amp; Canada, Nouvelle Z\u00e9lande,Maroc (NOW Foods, Solgar, Manuka). Livraison rapide partout au Maroc.\",\"publisher\":{\"@id\":\"https:\\\/\\\/vitablanca.ma\\\/#organization\"},\"alternateName\":\"VitaBlanca.ma\",\"potentialAction\":[{\"@type\":\"SearchAction\",\"target\":{\"@type\":\"EntryPoint\",\"urlTemplate\":\"https:\\\/\\\/vitablanca.ma\\\/?s={search_term_string}\"},\"query-input\":{\"@type\":\"PropertyValueSpecification\",\"valueRequired\":true,\"valueName\":\"search_term_string\"}}],\"inLanguage\":\"en-US\"},{\"@type\":\"Organization\",\"@id\":\"https:\\\/\\\/vitablanca.ma\\\/#organization\",\"name\":\"VitaBlanca\",\"url\":\"https:\\\/\\\/vitablanca.ma\\\/\",\"logo\":{\"@type\":\"ImageObject\",\"inLanguage\":\"en-US\",\"@id\":\"https:\\\/\\\/vitablanca.ma\\\/#\\\/schema\\\/logo\\\/image\\\/\",\"url\":\"https:\\\/\\\/vitablanca.ma\\\/wp-content\\\/uploads\\\/2025\\\/05\\\/cropped-vitablanca.png\",\"contentUrl\":\"https:\\\/\\\/vitablanca.ma\\\/wp-content\\\/uploads\\\/2025\\\/05\\\/cropped-vitablanca.png\",\"width\":360,\"height\":67,\"caption\":\"VitaBlanca\"},\"image\":{\"@id\":\"https:\\\/\\\/vitablanca.ma\\\/#\\\/schema\\\/logo\\\/image\\\/\"},\"sameAs\":[\"https:\\\/\\\/www.facebook.com\\\/profile.php?id=61576678196717\",\"https:\\\/\\\/www.tiktok.com\\\/@vitablanca.ma\",\"https:\\\/\\\/www.instagram.com\\\/vitablanca.ma\\\/\"]}]}<\/script>\n<!-- \/ Yoast SEO plugin. -->","yoast_head_json":{"title":"Kin B5 Mouthwash 500ml - Morocco Price","description":"Kin B5 Mouthwash 500ml","robots":{"index":"index","follow":"follow","max-snippet":"max-snippet:-1","max-image-preview":"max-image-preview:large","max-video-preview":"max-video-preview:-1"},"canonical":"https:\/\/vitablanca.ma\/en\/product\/kin-b5-bain-de-bouche-500ml\/","og_locale":"en_US","og_type":"article","og_title":"Kin B5 Bain De Bouche 500ml - Maroc Prix","og_description":"Kin B5 Bain De Bouche 500ml","og_url":"https:\/\/vitablanca.ma\/en\/product\/kin-b5-bain-de-bouche-500ml\/","og_site_name":"Vitablanca.ma &ndash; Sant&eacute;, vitalit&eacute; et bien-&ecirc;tre pour tous les Marocains","article_publisher":"https:\/\/www.facebook.com\/profile.php?id=61576678196717","article_modified_time":"2025-09-16T17:57:01+00:00","og_image":[{"width":1000,"height":1000,"url":"https:\/\/vitablanca.ma\/wp-content\/uploads\/2025\/06\/Kin-B5-Bain-De-Bouche-500ml-prix-maroc-parapharmacie-casablanca.jpg","type":"image\/jpeg"}],"twitter_card":"summary_large_image","twitter_misc":{"Est. reading time":"1 minute"},"schema":{"@context":"https:\/\/schema.org","@graph":[{"@type":["WebPage","ItemPage"],"@id":"https:\/\/vitablanca.ma\/produit\/kin-b5-bain-de-bouche-500ml\/","url":"https:\/\/vitablanca.ma\/produit\/kin-b5-bain-de-bouche-500ml\/","name":"Kin B5 Mouthwash 500ml - Morocco Price","isPartOf":{"@id":"https:\/\/vitablanca.ma\/#website"},"primaryImageOfPage":{"@id":"https:\/\/vitablanca.ma\/produit\/kin-b5-bain-de-bouche-500ml\/#primaryimage"},"image":{"@id":"https:\/\/vitablanca.ma\/produit\/kin-b5-bain-de-bouche-500ml\/#primaryimage"},"thumbnailUrl":"https:\/\/vitablanca.ma\/wp-content\/uploads\/2025\/06\/Kin-B5-Bain-De-Bouche-500ml-prix-maroc-parapharmacie-casablanca.jpg","datePublished":"2025-06-10T17:56:56+00:00","dateModified":"2025-09-16T17:57:01+00:00","description":"Kin B5 Mouthwash 500ml","breadcrumb":{"@id":"https:\/\/vitablanca.ma\/produit\/kin-b5-bain-de-bouche-500ml\/#breadcrumb"},"inLanguage":"en-US","potentialAction":[{"@type":"ReadAction","target":["https:\/\/vitablanca.ma\/produit\/kin-b5-bain-de-bouche-500ml\/"]}]},{"@type":"ImageObject","inLanguage":"en-US","@id":"https:\/\/vitablanca.ma\/produit\/kin-b5-bain-de-bouche-500ml\/#primaryimage","url":"https:\/\/vitablanca.ma\/wp-content\/uploads\/2025\/06\/Kin-B5-Bain-De-Bouche-500ml-prix-maroc-parapharmacie-casablanca.jpg","contentUrl":"https:\/\/vitablanca.ma\/wp-content\/uploads\/2025\/06\/Kin-B5-Bain-De-Bouche-500ml-prix-maroc-parapharmacie-casablanca.jpg","width":1000,"height":1000},{"@type":"BreadcrumbList","@id":"https:\/\/vitablanca.ma\/produit\/kin-b5-bain-de-bouche-500ml\/#breadcrumb","itemListElement":[{"@type":"ListItem","position":1,"name":"Home","item":"https:\/\/vitablanca.ma\/"},{"@type":"ListItem","position":2,"name":"Tous Les Produits","item":"https:\/\/vitablanca.ma\/tous-les-produits\/"},{"@type":"ListItem","position":3,"name":"Kin B5 Bain De Bouche 500ml"}]},{"@type":"WebSite","@id":"https:\/\/vitablanca.ma\/#website","url":"https:\/\/vitablanca.ma\/","name":"VitaBlanca.ma | Food supplements, health &amp; beauty in Morocco","description":"sell premium vitamins and supplements from USA &amp; Canada, New Zealand, Morocco (NOW Foods, Solgar, Manuka). Fast delivery anywhere in Morocco.","publisher":{"@id":"https:\/\/vitablanca.ma\/#organization"},"alternateName":"VitaBlanca.ma","potentialAction":[{"@type":"SearchAction","target":{"@type":"EntryPoint","urlTemplate":"https:\/\/vitablanca.ma\/?s={search_term_string}"},"query-input":{"@type":"PropertyValueSpecification","valueRequired":true,"valueName":"search_term_string"}}],"inLanguage":"en-US"},{"@type":"Organization","@id":"https:\/\/vitablanca.ma\/#organization","name":"VitaBlanca","url":"https:\/\/vitablanca.ma\/","logo":{"@type":"ImageObject","inLanguage":"en-US","@id":"https:\/\/vitablanca.ma\/#\/schema\/logo\/image\/","url":"https:\/\/vitablanca.ma\/wp-content\/uploads\/2025\/05\/cropped-vitablanca.png","contentUrl":"https:\/\/vitablanca.ma\/wp-content\/uploads\/2025\/05\/cropped-vitablanca.png","width":360,"height":67,"caption":"VitaBlanca"},"image":{"@id":"https:\/\/vitablanca.ma\/#\/schema\/logo\/image\/"},"sameAs":["https:\/\/www.facebook.com\/profile.php?id=61576678196717","https:\/\/www.tiktok.com\/@vitablanca.ma","https:\/\/www.instagram.com\/vitablanca.ma\/"]}]}},"jetpack_sharing_enabled":true,"_links":{"self":[{"href":"https:\/\/vitablanca.ma\/en\/wp-json\/wp\/v2\/product\/19367","targetHints":{"allow":["GET"]}}],"collection":[{"href":"https:\/\/vitablanca.ma\/en\/wp-json\/wp\/v2\/product"}],"about":[{"href":"https:\/\/vitablanca.ma\/en\/wp-json\/wp\/v2\/types\/product"}],"wp:featuredmedia":[{"embeddable":true,"href":"https:\/\/vitablanca.ma\/en\/wp-json\/wp\/v2\/media\/19366"}],"wp:attachment":[{"href":"https:\/\/vitablanca.ma\/en\/wp-json\/wp\/v2\/media?parent=19367"}],"wp:term":[{"taxonomy":"product_brand","embeddable":true,"href":"https:\/\/vitablanca.ma\/en\/wp-json\/wp\/v2\/product_brand?post=19367"},{"taxonomy":"product_cat","embeddable":true,"href":"https:\/\/vitablanca.ma\/en\/wp-json\/wp\/v2\/product_cat?post=19367"},{"taxonomy":"product_tag","embeddable":true,"href":"https:\/\/vitablanca.ma\/en\/wp-json\/wp\/v2\/product_tag?post=19367"}],"curies":[{"name":"wp","href":"https:\/\/api.w.org\/{rel}","templated":true}]}}