{"id":19361,"date":"2025-06-10T17:56:48","date_gmt":"2025-06-10T17:56:48","guid":{"rendered":"https:\/\/vitablanca.ma\/product\/gum-gingidex-006-dentifrice-75ml\/"},"modified":"2025-06-10T17:56:48","modified_gmt":"2025-06-10T17:56:48","slug":"gum-gingidex-006-dentifrice-75ml","status":"publish","type":"product","link":"https:\/\/vitablanca.ma\/en\/product\/gum-gingidex-006-dentifrice-75ml\/","title":{"rendered":"Gum GINGIDEX 0.06% Toothpaste 75ml"},"content":{"rendered":"<div data-mce-fragment=\"1\" class=\"product detail parbase\">\n<div data-mce-fragment=\"1\" class=\"gum-Product cq-dd-product-data-reference grid-container\">\n<div data-mce-fragment=\"1\" class=\"custom-grid grid-x grid-margin-x small-mt-60 small-mb-60 medium-mb-120\" data-v-317ff41e=\"\">\n<div data-mce-fragment=\"1\" class=\"cell medium-7 float-right text-center medium-text-left medium-pr-60 large-pr-120\" data-v-317ff41e=\"\">\n<div data-mce-fragment=\"1\" class=\"h3-title small-mb-30 medium-mb-60 medium-mt-0 c-txt-grey-dark\" data-v-317ff41e=\"\">\n<h2 data-mce-fragment=\"1\">Gum GINGIDEX 0,06% Dentifrice aide \u00e0 r\u00e9duire l\u2019accumulation de plaque dentaire<\/h2>\n<p data-mce-fragment=\"1\" data-v-317ff41e=\"\">La gamme\u00a0GUM PAROEX\u00ae \/ GINGIDEX offre un contr\u00f4le de plaque professionnel pour une sant\u00e9 optimale des gencives . Pour de meilleurs r\u00e9sultats, nous recommandons le brossage avec le dentifrice\u00a0GUM GINGIDEX 0,06% apr\u00e8s chaque repas, ou au moins deux fois par jour, pendant deux minutes \u00e0 l\u2019aide d\u2019une brosse souple.<\/p>\n<p data-mce-fragment=\"1\" data-v-317ff41e=\"\">Id\u00e9al dans la phase de maintenance apr\u00e8s un traitement parodontal ou pour r\u00e9pondre aux premiers signes de sensibilit\u00e9 des gencives. \u00c9galement recommand\u00e9 pour le contr\u00f4le de plaque en implantologie ou en situations proth\u00e9tiques.<\/p>\n<\/div>\n<\/div>\n<\/div>\n<\/div>\n<\/div>\n<div data-mce-fragment=\"1\" class=\"product-detail-parsys\">\n<div data-mce-fragment=\"1\" class=\"container-narrow\">\n<div data-mce-fragment=\"1\">\n<div data-mce-fragment=\"1\" class=\"experiencefragment\">\n<div data-mce-fragment=\"1\" class=\"xf-content-height\">\n<div data-mce-fragment=\"1\" class=\"producthighlights parbase\">\n<div data-mce-fragment=\"1\" class=\"grid-container small-mt-45 medium-mt-90 small-mb-45 medium-mb-90\">\n<div data-mce-fragment=\"1\" class=\"grid-x align-center\">\n<div data-mce-fragment=\"1\" class=\"small-12 medium-10 cell producthighlights__inner c-bg-gradient-default c-txt-white small-p-30 medium-p-60 small-pl-45 small-pr-45 medium-pl-90 medium-pr-90 large-pl-120 large-pr-120\">\n<div data-mce-fragment=\"1\" class=\"grid-container full\">\n<div data-mce-fragment=\"1\" class=\"grid-x align-justify\">\n<div data-mce-fragment=\"1\" class=\"cell small-12 medium-5 large-4\">\n<div data-mce-fragment=\"1\" class=\"aem-fix\">\n<div data-mce-fragment=\"1\" class=\"aem-fix\">\n<h3 data-mce-fragment=\"1\" class=\"small-mb-15 small-mt-0 medium-mb-30 medium-mt-0 c-txt-white text-center medium-text-left\">Points<span data-mce-fragment=\"1\">\u00a0<\/span><b data-mce-fragment=\"1\">STRONG<\/b><br \/>\n<\/h3>\n<\/div>\n<div data-mce-fragment=\"1\" class=\"aem-fix\">\n<ul data-mce-fragment=\"1\">\n<li data-mce-fragment=\"1\">Helps reduce plaque buildup<\/li>\n<li data-mce-fragment=\"1\">Helps soothe sensitive gums<\/li>\n<li data-mce-fragment=\"1\">Aide \u00e0 maintenir des tissus gingivaux sains<\/li>\n<li data-mce-fragment=\"1\">Fresh mint aroma<br data-mce-fragment=\"1\">\n<\/li>\n<\/ul>\n<\/div>\n<\/div>\n<\/div>\n<div data-mce-fragment=\"1\" class=\"cell small-12 medium-5 large-4\">\n<div data-mce-fragment=\"1\" class=\"aem-fix\">\n<div data-mce-fragment=\"1\" class=\"aem-fix\">\n<h3 data-mce-fragment=\"1\" class=\"small-mb-15 small-mt-15 medium-mb-30 medium-mt-0 c-txt-white text-center medium-text-left\"><b data-mce-fragment=\"1\">En d\u00e9tails<\/b><\/h3>\n<\/div>\n<div data-mce-fragment=\"1\" class=\"aem-fix\">\n<ul data-mce-fragment=\"1\">\n<li data-mce-fragment=\"1\">Syst\u00e8me anti-plaque double action combinant 0,06 % de digluconate de chlorhexidine (CHX) et 0,05 % de chlorure de c\u00e9tylpyridinium (CPC)<\/li>\n<li data-mce-fragment=\"1\">Contient de la pro-vitamine B5, un agent tonifiant pour aider \u00e0 revitaliser la muqueuse buccale<\/li>\n<li data-mce-fragment=\"1\">Favorise la pr\u00e9vention des caries gr\u00e2ce \u00e0 la pr\u00e9sence de fluor (1450 ppm) et d&rsquo;isomalt \u00a0<\/li>\n<\/ul>\n<\/div>\n<\/div>\n<\/div>\n<\/div>\n<\/div>\n<\/div>\n<\/div>\n<\/div>\n<\/div>\n<\/div>\n<\/div>\n<\/div>\n<\/div>\n<\/div>","protected":false},"excerpt":{"rendered":"<p>Gum GINGIDEX 0,06% Dentifrice aide \u00e0 r\u00e9duire l\u2019accumulation de plaque dentaire La gamme\u00a0GUM PAROEX\u00ae \/ GINGIDEX offre un contr\u00f4le de plaque professionnel pour une sant\u00e9 optimale des gencives . Pour de meilleurs r\u00e9sultats, nous recommandons le brossage avec le dentifrice\u00a0GUM GINGIDEX 0,06% apr\u00e8s chaque repas, ou au moins deux fois par jour, pendant deux minutes [&hellip;]<\/p>\n","protected":false},"featured_media":19356,"template":"","meta":{"om_disable_all_campaigns":false},"product_brand":[],"product_cat":[15],"product_tag":[],"class_list":{"0":"post-19361","1":"product","2":"type-product","3":"status-publish","4":"has-post-thumbnail","6":"product_cat-beaute-sante-complements-alimentaires-soins-et-bien-etre-au-meilleur-prix","8":"first","9":"instock","10":"sale","11":"taxable","12":"shipping-taxable","13":"purchasable","14":"product-type-simple"},"yoast_head":"<!-- This site is optimized with the Yoast SEO plugin v27.3 - https:\/\/yoast.com\/product\/yoast-seo-wordpress\/ -->\n<title>Gum GINGIDEX 0,06% Dentifrice 75ml - Maroc Prix<\/title>\n<meta name=\"description\" content=\"Gum GINGIDEX 0,06% Dentifrice 75ml\" \/>\n<meta name=\"robots\" content=\"index, follow, max-snippet:-1, max-image-preview:large, max-video-preview:-1\" \/>\n<link rel=\"canonical\" href=\"https:\/\/vitablanca.ma\/en\/product\/gum-gingidex-006-dentifrice-75ml\/\" \/>\n<meta property=\"og:locale\" content=\"en_US\" \/>\n<meta property=\"og:type\" content=\"article\" \/>\n<meta property=\"og:title\" content=\"Gum GINGIDEX 0,06% Dentifrice 75ml - Maroc Prix\" \/>\n<meta property=\"og:description\" content=\"Gum GINGIDEX 0,06% Dentifrice 75ml\" \/>\n<meta property=\"og:url\" content=\"https:\/\/vitablanca.ma\/en\/product\/gum-gingidex-006-dentifrice-75ml\/\" \/>\n<meta property=\"og:site_name\" content=\"Vitablanca.ma &ndash; Sant&eacute;, vitalit&eacute; et bien-&ecirc;tre pour tous les Marocains\" \/>\n<meta property=\"article:publisher\" content=\"https:\/\/www.facebook.com\/profile.php?id=61576678196717\" \/>\n<meta property=\"og:image\" content=\"https:\/\/vitablanca.ma\/wp-content\/uploads\/2025\/06\/Gum-GINGIDEX-0_06_-Dentifrice-75ml-nova-parapharmacie-maroc.png\" \/>\n\t<meta property=\"og:image:width\" content=\"1000\" \/>\n\t<meta property=\"og:image:height\" content=\"1000\" \/>\n\t<meta property=\"og:image:type\" content=\"image\/png\" \/>\n<meta name=\"twitter:card\" content=\"summary_large_image\" \/>\n<meta name=\"twitter:label1\" content=\"Est. reading time\" \/>\n\t<meta name=\"twitter:data1\" content=\"1 minute\" \/>\n<script type=\"application\/ld+json\" class=\"yoast-schema-graph\">{\"@context\":\"https:\\\/\\\/schema.org\",\"@graph\":[{\"@type\":[\"WebPage\",\"ItemPage\"],\"@id\":\"https:\\\/\\\/vitablanca.ma\\\/produit\\\/gum-gingidex-006-dentifrice-75ml\\\/\",\"url\":\"https:\\\/\\\/vitablanca.ma\\\/produit\\\/gum-gingidex-006-dentifrice-75ml\\\/\",\"name\":\"Gum GINGIDEX 0,06% Dentifrice 75ml - Maroc Prix\",\"isPartOf\":{\"@id\":\"https:\\\/\\\/vitablanca.ma\\\/#website\"},\"primaryImageOfPage\":{\"@id\":\"https:\\\/\\\/vitablanca.ma\\\/produit\\\/gum-gingidex-006-dentifrice-75ml\\\/#primaryimage\"},\"image\":{\"@id\":\"https:\\\/\\\/vitablanca.ma\\\/produit\\\/gum-gingidex-006-dentifrice-75ml\\\/#primaryimage\"},\"thumbnailUrl\":\"https:\\\/\\\/vitablanca.ma\\\/wp-content\\\/uploads\\\/2025\\\/06\\\/Gum-GINGIDEX-0_06_-Dentifrice-75ml-nova-parapharmacie-maroc.png\",\"datePublished\":\"2025-06-10T17:56:48+00:00\",\"description\":\"Gum GINGIDEX 0,06% Dentifrice 75ml\",\"breadcrumb\":{\"@id\":\"https:\\\/\\\/vitablanca.ma\\\/produit\\\/gum-gingidex-006-dentifrice-75ml\\\/#breadcrumb\"},\"inLanguage\":\"en-US\",\"potentialAction\":[{\"@type\":\"ReadAction\",\"target\":[\"https:\\\/\\\/vitablanca.ma\\\/produit\\\/gum-gingidex-006-dentifrice-75ml\\\/\"]}]},{\"@type\":\"ImageObject\",\"inLanguage\":\"en-US\",\"@id\":\"https:\\\/\\\/vitablanca.ma\\\/produit\\\/gum-gingidex-006-dentifrice-75ml\\\/#primaryimage\",\"url\":\"https:\\\/\\\/vitablanca.ma\\\/wp-content\\\/uploads\\\/2025\\\/06\\\/Gum-GINGIDEX-0_06_-Dentifrice-75ml-nova-parapharmacie-maroc.png\",\"contentUrl\":\"https:\\\/\\\/vitablanca.ma\\\/wp-content\\\/uploads\\\/2025\\\/06\\\/Gum-GINGIDEX-0_06_-Dentifrice-75ml-nova-parapharmacie-maroc.png\",\"width\":1000,\"height\":1000},{\"@type\":\"BreadcrumbList\",\"@id\":\"https:\\\/\\\/vitablanca.ma\\\/produit\\\/gum-gingidex-006-dentifrice-75ml\\\/#breadcrumb\",\"itemListElement\":[{\"@type\":\"ListItem\",\"position\":1,\"name\":\"Home\",\"item\":\"https:\\\/\\\/vitablanca.ma\\\/\"},{\"@type\":\"ListItem\",\"position\":2,\"name\":\"Tous Les Produits\",\"item\":\"https:\\\/\\\/vitablanca.ma\\\/tous-les-produits\\\/\"},{\"@type\":\"ListItem\",\"position\":3,\"name\":\"Gum GINGIDEX 0,06% Dentifrice 75ml\"}]},{\"@type\":\"WebSite\",\"@id\":\"https:\\\/\\\/vitablanca.ma\\\/#website\",\"url\":\"https:\\\/\\\/vitablanca.ma\\\/\",\"name\":\"VitaBlanca.ma | Compl\u00e9ments alimentaires, sant\u00e9 & beaut\u00e9 au Maroc\",\"description\":\"vendre vitamines et compl\u00e9ments premium des USA &amp; Canada, Nouvelle Z\u00e9lande,Maroc (NOW Foods, Solgar, Manuka). Livraison rapide partout au Maroc.\",\"publisher\":{\"@id\":\"https:\\\/\\\/vitablanca.ma\\\/#organization\"},\"alternateName\":\"VitaBlanca.ma\",\"potentialAction\":[{\"@type\":\"SearchAction\",\"target\":{\"@type\":\"EntryPoint\",\"urlTemplate\":\"https:\\\/\\\/vitablanca.ma\\\/?s={search_term_string}\"},\"query-input\":{\"@type\":\"PropertyValueSpecification\",\"valueRequired\":true,\"valueName\":\"search_term_string\"}}],\"inLanguage\":\"en-US\"},{\"@type\":\"Organization\",\"@id\":\"https:\\\/\\\/vitablanca.ma\\\/#organization\",\"name\":\"VitaBlanca\",\"url\":\"https:\\\/\\\/vitablanca.ma\\\/\",\"logo\":{\"@type\":\"ImageObject\",\"inLanguage\":\"en-US\",\"@id\":\"https:\\\/\\\/vitablanca.ma\\\/#\\\/schema\\\/logo\\\/image\\\/\",\"url\":\"https:\\\/\\\/vitablanca.ma\\\/wp-content\\\/uploads\\\/2025\\\/05\\\/cropped-vitablanca.png\",\"contentUrl\":\"https:\\\/\\\/vitablanca.ma\\\/wp-content\\\/uploads\\\/2025\\\/05\\\/cropped-vitablanca.png\",\"width\":360,\"height\":67,\"caption\":\"VitaBlanca\"},\"image\":{\"@id\":\"https:\\\/\\\/vitablanca.ma\\\/#\\\/schema\\\/logo\\\/image\\\/\"},\"sameAs\":[\"https:\\\/\\\/www.facebook.com\\\/profile.php?id=61576678196717\",\"https:\\\/\\\/www.tiktok.com\\\/@vitablanca.ma\",\"https:\\\/\\\/www.instagram.com\\\/vitablanca.ma\\\/\"]}]}<\/script>\n<!-- \/ Yoast SEO plugin. -->","yoast_head_json":{"title":"Gum GINGIDEX 0,06% Dentifrice 75ml - Maroc Prix","description":"Gum GINGIDEX 0.06% Toothpaste 75ml","robots":{"index":"index","follow":"follow","max-snippet":"max-snippet:-1","max-image-preview":"max-image-preview:large","max-video-preview":"max-video-preview:-1"},"canonical":"https:\/\/vitablanca.ma\/en\/product\/gum-gingidex-006-dentifrice-75ml\/","og_locale":"en_US","og_type":"article","og_title":"Gum GINGIDEX 0,06% Dentifrice 75ml - Maroc Prix","og_description":"Gum GINGIDEX 0,06% Dentifrice 75ml","og_url":"https:\/\/vitablanca.ma\/en\/product\/gum-gingidex-006-dentifrice-75ml\/","og_site_name":"Vitablanca.ma &ndash; Sant&eacute;, vitalit&eacute; et bien-&ecirc;tre pour tous les Marocains","article_publisher":"https:\/\/www.facebook.com\/profile.php?id=61576678196717","og_image":[{"width":1000,"height":1000,"url":"https:\/\/vitablanca.ma\/wp-content\/uploads\/2025\/06\/Gum-GINGIDEX-0_06_-Dentifrice-75ml-nova-parapharmacie-maroc.png","type":"image\/png"}],"twitter_card":"summary_large_image","twitter_misc":{"Est. reading time":"1 minute"},"schema":{"@context":"https:\/\/schema.org","@graph":[{"@type":["WebPage","ItemPage"],"@id":"https:\/\/vitablanca.ma\/produit\/gum-gingidex-006-dentifrice-75ml\/","url":"https:\/\/vitablanca.ma\/produit\/gum-gingidex-006-dentifrice-75ml\/","name":"Gum GINGIDEX 0,06% Dentifrice 75ml - Maroc Prix","isPartOf":{"@id":"https:\/\/vitablanca.ma\/#website"},"primaryImageOfPage":{"@id":"https:\/\/vitablanca.ma\/produit\/gum-gingidex-006-dentifrice-75ml\/#primaryimage"},"image":{"@id":"https:\/\/vitablanca.ma\/produit\/gum-gingidex-006-dentifrice-75ml\/#primaryimage"},"thumbnailUrl":"https:\/\/vitablanca.ma\/wp-content\/uploads\/2025\/06\/Gum-GINGIDEX-0_06_-Dentifrice-75ml-nova-parapharmacie-maroc.png","datePublished":"2025-06-10T17:56:48+00:00","description":"Gum GINGIDEX 0.06% Toothpaste 75ml","breadcrumb":{"@id":"https:\/\/vitablanca.ma\/produit\/gum-gingidex-006-dentifrice-75ml\/#breadcrumb"},"inLanguage":"en-US","potentialAction":[{"@type":"ReadAction","target":["https:\/\/vitablanca.ma\/produit\/gum-gingidex-006-dentifrice-75ml\/"]}]},{"@type":"ImageObject","inLanguage":"en-US","@id":"https:\/\/vitablanca.ma\/produit\/gum-gingidex-006-dentifrice-75ml\/#primaryimage","url":"https:\/\/vitablanca.ma\/wp-content\/uploads\/2025\/06\/Gum-GINGIDEX-0_06_-Dentifrice-75ml-nova-parapharmacie-maroc.png","contentUrl":"https:\/\/vitablanca.ma\/wp-content\/uploads\/2025\/06\/Gum-GINGIDEX-0_06_-Dentifrice-75ml-nova-parapharmacie-maroc.png","width":1000,"height":1000},{"@type":"BreadcrumbList","@id":"https:\/\/vitablanca.ma\/produit\/gum-gingidex-006-dentifrice-75ml\/#breadcrumb","itemListElement":[{"@type":"ListItem","position":1,"name":"Home","item":"https:\/\/vitablanca.ma\/"},{"@type":"ListItem","position":2,"name":"Tous Les Produits","item":"https:\/\/vitablanca.ma\/tous-les-produits\/"},{"@type":"ListItem","position":3,"name":"Gum GINGIDEX 0,06% Dentifrice 75ml"}]},{"@type":"WebSite","@id":"https:\/\/vitablanca.ma\/#website","url":"https:\/\/vitablanca.ma\/","name":"VitaBlanca.ma | Food supplements, health &amp; beauty in Morocco","description":"sell premium vitamins and supplements from USA &amp; Canada, New Zealand, Morocco (NOW Foods, Solgar, Manuka). Fast delivery anywhere in Morocco.","publisher":{"@id":"https:\/\/vitablanca.ma\/#organization"},"alternateName":"VitaBlanca.ma","potentialAction":[{"@type":"SearchAction","target":{"@type":"EntryPoint","urlTemplate":"https:\/\/vitablanca.ma\/?s={search_term_string}"},"query-input":{"@type":"PropertyValueSpecification","valueRequired":true,"valueName":"search_term_string"}}],"inLanguage":"en-US"},{"@type":"Organization","@id":"https:\/\/vitablanca.ma\/#organization","name":"VitaBlanca","url":"https:\/\/vitablanca.ma\/","logo":{"@type":"ImageObject","inLanguage":"en-US","@id":"https:\/\/vitablanca.ma\/#\/schema\/logo\/image\/","url":"https:\/\/vitablanca.ma\/wp-content\/uploads\/2025\/05\/cropped-vitablanca.png","contentUrl":"https:\/\/vitablanca.ma\/wp-content\/uploads\/2025\/05\/cropped-vitablanca.png","width":360,"height":67,"caption":"VitaBlanca"},"image":{"@id":"https:\/\/vitablanca.ma\/#\/schema\/logo\/image\/"},"sameAs":["https:\/\/www.facebook.com\/profile.php?id=61576678196717","https:\/\/www.tiktok.com\/@vitablanca.ma","https:\/\/www.instagram.com\/vitablanca.ma\/"]}]}},"jetpack_sharing_enabled":true,"_links":{"self":[{"href":"https:\/\/vitablanca.ma\/en\/wp-json\/wp\/v2\/product\/19361","targetHints":{"allow":["GET"]}}],"collection":[{"href":"https:\/\/vitablanca.ma\/en\/wp-json\/wp\/v2\/product"}],"about":[{"href":"https:\/\/vitablanca.ma\/en\/wp-json\/wp\/v2\/types\/product"}],"wp:featuredmedia":[{"embeddable":true,"href":"https:\/\/vitablanca.ma\/en\/wp-json\/wp\/v2\/media\/19356"}],"wp:attachment":[{"href":"https:\/\/vitablanca.ma\/en\/wp-json\/wp\/v2\/media?parent=19361"}],"wp:term":[{"taxonomy":"product_brand","embeddable":true,"href":"https:\/\/vitablanca.ma\/en\/wp-json\/wp\/v2\/product_brand?post=19361"},{"taxonomy":"product_cat","embeddable":true,"href":"https:\/\/vitablanca.ma\/en\/wp-json\/wp\/v2\/product_cat?post=19361"},{"taxonomy":"product_tag","embeddable":true,"href":"https:\/\/vitablanca.ma\/en\/wp-json\/wp\/v2\/product_tag?post=19361"}],"curies":[{"name":"wp","href":"https:\/\/api.w.org\/{rel}","templated":true}]}}