{"id":19342,"date":"2025-06-10T17:56:29","date_gmt":"2025-06-10T17:56:29","guid":{"rendered":"https:\/\/vitablanca.ma\/product\/gum-original-white-dentifrice-75ml-1745\/"},"modified":"2025-06-10T17:56:29","modified_gmt":"2025-06-10T17:56:29","slug":"gum-original-white-dentifrice-75ml-1745","status":"publish","type":"product","link":"https:\/\/vitablanca.ma\/en\/product\/gum-original-white-dentifrice-75ml-1745\/","title":{"rendered":"Gum Original White Toothpaste 75ml (1745)"},"content":{"rendered":"<div class=\"product detail parbase\" data-mce-fragment=\"1\">\n<div class=\"gum-Product cq-dd-product-data-reference grid-container\" data-mce-fragment=\"1\">\n<div data-v-317ff41e=\"\" class=\"custom-grid grid-x grid-margin-x small-mt-60 small-mb-60 medium-mb-120\" data-mce-fragment=\"1\">\n<div data-v-317ff41e=\"\" class=\"cell medium-7 float-right text-center medium-text-left medium-pr-60 large-pr-120\" data-mce-fragment=\"1\">\n<div data-v-317ff41e=\"\" class=\"h3-title small-mb-30 medium-mb-60 medium-mt-0 c-txt-grey-dark\" data-mce-fragment=\"1\">\n<h2 data-mce-fragment=\"1\"><span>Gum Original White Toothpaste gently cleans teeth and revitalizes gums.<\/span><\/h2>\n<p data-v-317ff41e=\"\" data-mce-fragment=\"1\">It is perfectly normal for teeth to lose their original whiteness over time. This change can be caused by stains from certain foods, drinks, tobacco, or medications, as well as the natural aging process.<\/p>\n<p data-v-317ff41e=\"\" data-mce-fragment=\"1\">Our experts have developed the GUM Original White range not only to effectively remove discolorations, but also to help prevent their reappearance.\u00a0 \u00a0<\/p>\n<p data-v-317ff41e=\"\" data-mce-fragment=\"1\">Ideal for daily use, GUM Original White toothpaste gently cleans teeth, while strengthening your teeth and gums.<\/p>\n<\/div>\n<\/div>\n<\/div>\n<\/div>\n<\/div>\n<div class=\"product-detail-parsys\" data-mce-fragment=\"1\">\n<div class=\"container-narrow\" data-mce-fragment=\"1\">\n<div data-mce-fragment=\"1\">\n<div class=\"experiencefragment\" data-mce-fragment=\"1\">\n<div class=\"xf-content-height\" data-mce-fragment=\"1\">\n<div class=\"producthighlights parbase\" data-mce-fragment=\"1\">\n<div class=\"grid-container small-mt-45 medium-mt-90 small-mb-45 medium-mb-90\" data-mce-fragment=\"1\">\n<div class=\"grid-x align-center\" data-mce-fragment=\"1\">\n<div class=\"small-12 medium-10 cell producthighlights__inner c-bg-gradient-default c-txt-white small-p-30 medium-p-60 small-pl-45 small-pr-45 medium-pl-90 medium-pr-90 large-pl-120 large-pr-120\" data-mce-fragment=\"1\">\n<div class=\"grid-container full\" data-mce-fragment=\"1\">\n<div class=\"grid-x align-justify grid-x--single-col\" data-mce-fragment=\"1\">\n<div class=\"cell small-12\" data-mce-fragment=\"1\">\n<div class=\"aem-fix\" data-mce-fragment=\"1\">\n<div class=\"aem-fix\" data-mce-fragment=\"1\">\n<h3 class=\"small-mb-15 small-mt-0 medium-mb-30 medium-mt-0 c-txt-white text-center\" data-mce-fragment=\"1\">Points<span data-mce-fragment=\"1\">\u00a0<\/span><b data-mce-fragment=\"1\">STRONG<\/b><br \/>\n<\/h3>\n<\/div>\n<div class=\"aem-fix\" data-mce-fragment=\"1\">\n<ul data-mce-fragment=\"1\">\n<li data-mce-fragment=\"1\">Gently removes stains without damaging the enamel thanks to the dual action of micronized silica and the Stain Clear active ingredient<span data-mce-fragment=\"1\"><sup data-mce-fragment=\"1\">TM<\/sup><\/span><br data-mce-fragment=\"1\">\n<\/li>\n<li data-mce-fragment=\"1\">Forms micro-bubbles for better dispersion on dental surfaces<br data-mce-fragment=\"1\">\n<\/li>\n<li data-mce-fragment=\"1\">Strengthens and protects enamel thanks to fluoride (1490 ppm) and isomalt<br data-mce-fragment=\"1\">\n<\/li>\n<li data-mce-fragment=\"1\">Revitalizes gums<\/li>\n<\/ul>\n<\/div>\n<\/div>\n<\/div>\n<\/div>\n<\/div>\n<\/div>\n<\/div>\n<\/div>\n<\/div>\n<div class=\"columncontrol parbase\" data-mce-fragment=\"1\">\n<div class=\"grid-container small-mt-10 small-mb-10 medium-mt-20 medium-mb-20\" data-mce-fragment=\"1\">\n<div class=\"grid-x grid-margin-x align-middle\" data-mce-fragment=\"1\">\n<div class=\"cell small-12 medium-6 large-6\" data-mce-fragment=\"1\">\n<div data-mce-fragment=\"1\">\n<div class=\"cmp cmp-text\" data-mce-fragment=\"1\">\n<div class=\"grid-container\" data-mce-fragment=\"1\">\n<div class=\"grid-x align-center small-mt-30 small-mb-30 medium-mt-60 medium-mb-60\" data-mce-fragment=\"1\">\n<div class=\"cell small-12 medium-8\" data-mce-fragment=\"1\">\n<p data-mce-fragment=\"1\">Ideal for daily use, GUM Original White toothpaste gently cleans teeth while strengthening your teeth and gums. Not only does it effectively remove discoloration, but it also helps prevent its recurrence.<\/p>\n<p data-mce-fragment=\"1\">It provides better results when used in combination with<span data-mce-fragment=\"1\">\u00a0<\/span>the GUM Original White toothbrush.<\/p>\n<\/div>\n<\/div>\n<\/div>\n<\/div>\n<\/div>\n<\/div>\n<\/div>\n<\/div>\n<\/div>\n<div class=\"columncontrol parbase\" data-mce-fragment=\"1\">\n<div class=\"grid-container small-mt-10 small-mb-10 medium-mt-20 medium-mb-20\" data-mce-fragment=\"1\">\n<div class=\"grid-x grid-margin-x align-middle\" data-mce-fragment=\"1\">\n<div class=\"cell small-12 medium-6 large-6\" data-mce-fragment=\"1\">\n<div data-mce-fragment=\"1\">\n<div class=\"cmp cmp-text\" data-mce-fragment=\"1\">\n<div class=\"grid-container\" data-mce-fragment=\"1\">\n<div class=\"grid-x align-center small-mt-30 small-mb-30 medium-mt-60 medium-mb-60\" data-mce-fragment=\"1\">\n<div class=\"cell small-12 medium-8\" data-mce-fragment=\"1\">\n<p data-mce-fragment=\"1\">It gently cleans teeth and revitalizes gums.<\/p>\n<p data-mce-fragment=\"1\">Contains vitamin E and pro-vitamin B5 to keep gums healthy and graceful<span data-mce-fragment=\"1\">\u00a0with fluoride and isomalt to strengthen enamel.<\/span><\/p>\n<\/div>\n<\/div>\n<\/div>\n<\/div>\n<\/div>\n<\/div>\n<\/div>\n<\/div>\n<\/div>\n<\/div>\n<\/div>\n<\/div>\n<\/div>\n<\/div>","protected":false},"excerpt":{"rendered":"<p>Gum Original White Dentifrice nettoie en douceur les dents et revitalise les gencives. Il est parfaitement normal que les dents perdent de leur blancheur originelle avec le temps. Ce changement peut \u00eatre caus\u00e9 par des taches li\u00e9es \u00e0 la consommation de certains aliments, de boissons, de tabac, ou de m\u00e9dicaments, ainsi que par le processus [&hellip;]<\/p>\n","protected":false},"featured_media":19336,"template":"","meta":{"om_disable_all_campaigns":false},"product_brand":[],"product_cat":[15],"product_tag":[],"class_list":{"0":"post-19342","1":"product","2":"type-product","3":"status-publish","4":"has-post-thumbnail","6":"product_cat-beaute-sante-complements-alimentaires-soins-et-bien-etre-au-meilleur-prix","8":"first","9":"instock","10":"sale","11":"taxable","12":"shipping-taxable","13":"purchasable","14":"product-type-simple"},"yoast_head":"<!-- This site is optimized with the Yoast SEO plugin v27.4 - https:\/\/yoast.com\/product\/yoast-seo-wordpress\/ -->\n<title>Gum Original White Dentifrice 75ml (1745) - Maroc Prix<\/title>\n<meta name=\"description\" content=\"Gum Original White Dentifrice 75ml (1745)\" \/>\n<meta name=\"robots\" content=\"index, follow, max-snippet:-1, max-image-preview:large, max-video-preview:-1\" \/>\n<link rel=\"canonical\" href=\"https:\/\/vitablanca.ma\/en\/product\/gum-original-white-dentifrice-75ml-1745\/\" \/>\n<meta property=\"og:locale\" content=\"en_US\" \/>\n<meta property=\"og:type\" content=\"article\" \/>\n<meta property=\"og:title\" content=\"Gum Original White Dentifrice 75ml (1745) - Maroc Prix\" \/>\n<meta property=\"og:description\" content=\"Gum Original White Dentifrice 75ml (1745)\" \/>\n<meta property=\"og:url\" content=\"https:\/\/vitablanca.ma\/en\/product\/gum-original-white-dentifrice-75ml-1745\/\" \/>\n<meta property=\"og:site_name\" content=\"Vitablanca.ma &ndash; Sant&eacute;, vitalit&eacute; et bien-&ecirc;tre pour tous les Marocains\" \/>\n<meta property=\"article:publisher\" content=\"https:\/\/www.facebook.com\/profile.php?id=61576678196717\" \/>\n<meta property=\"og:image\" content=\"https:\/\/vitablanca.ma\/wp-content\/uploads\/2025\/06\/Gum-Original-White-Dentifrice-75ml-_1745_-nova-parapharmacie-maroc.png\" \/>\n\t<meta property=\"og:image:width\" content=\"1000\" \/>\n\t<meta property=\"og:image:height\" content=\"1000\" \/>\n\t<meta property=\"og:image:type\" content=\"image\/png\" \/>\n<meta name=\"twitter:card\" content=\"summary_large_image\" \/>\n<meta name=\"twitter:label1\" content=\"Est. reading time\" \/>\n\t<meta name=\"twitter:data1\" content=\"1 minute\" \/>\n<script type=\"application\/ld+json\" class=\"yoast-schema-graph\">{\"@context\":\"https:\\\/\\\/schema.org\",\"@graph\":[{\"@type\":[\"WebPage\",\"ItemPage\"],\"@id\":\"https:\\\/\\\/vitablanca.ma\\\/produit\\\/gum-original-white-dentifrice-75ml-1745\\\/\",\"url\":\"https:\\\/\\\/vitablanca.ma\\\/produit\\\/gum-original-white-dentifrice-75ml-1745\\\/\",\"name\":\"Gum Original White Dentifrice 75ml (1745) - Maroc Prix\",\"isPartOf\":{\"@id\":\"https:\\\/\\\/vitablanca.ma\\\/#website\"},\"primaryImageOfPage\":{\"@id\":\"https:\\\/\\\/vitablanca.ma\\\/produit\\\/gum-original-white-dentifrice-75ml-1745\\\/#primaryimage\"},\"image\":{\"@id\":\"https:\\\/\\\/vitablanca.ma\\\/produit\\\/gum-original-white-dentifrice-75ml-1745\\\/#primaryimage\"},\"thumbnailUrl\":\"https:\\\/\\\/vitablanca.ma\\\/wp-content\\\/uploads\\\/2025\\\/06\\\/Gum-Original-White-Dentifrice-75ml-_1745_-nova-parapharmacie-maroc.png\",\"datePublished\":\"2025-06-10T17:56:29+00:00\",\"description\":\"Gum Original White Dentifrice 75ml (1745)\",\"breadcrumb\":{\"@id\":\"https:\\\/\\\/vitablanca.ma\\\/produit\\\/gum-original-white-dentifrice-75ml-1745\\\/#breadcrumb\"},\"inLanguage\":\"en-US\",\"potentialAction\":[{\"@type\":\"ReadAction\",\"target\":[\"https:\\\/\\\/vitablanca.ma\\\/produit\\\/gum-original-white-dentifrice-75ml-1745\\\/\"]}]},{\"@type\":\"ImageObject\",\"inLanguage\":\"en-US\",\"@id\":\"https:\\\/\\\/vitablanca.ma\\\/produit\\\/gum-original-white-dentifrice-75ml-1745\\\/#primaryimage\",\"url\":\"https:\\\/\\\/vitablanca.ma\\\/wp-content\\\/uploads\\\/2025\\\/06\\\/Gum-Original-White-Dentifrice-75ml-_1745_-nova-parapharmacie-maroc.png\",\"contentUrl\":\"https:\\\/\\\/vitablanca.ma\\\/wp-content\\\/uploads\\\/2025\\\/06\\\/Gum-Original-White-Dentifrice-75ml-_1745_-nova-parapharmacie-maroc.png\",\"width\":1000,\"height\":1000},{\"@type\":\"BreadcrumbList\",\"@id\":\"https:\\\/\\\/vitablanca.ma\\\/produit\\\/gum-original-white-dentifrice-75ml-1745\\\/#breadcrumb\",\"itemListElement\":[{\"@type\":\"ListItem\",\"position\":1,\"name\":\"Home\",\"item\":\"https:\\\/\\\/vitablanca.ma\\\/\"},{\"@type\":\"ListItem\",\"position\":2,\"name\":\"Tous Les Produits\",\"item\":\"https:\\\/\\\/vitablanca.ma\\\/tous-les-produits\\\/\"},{\"@type\":\"ListItem\",\"position\":3,\"name\":\"Gum Original White Dentifrice 75ml (1745)\"}]},{\"@type\":\"WebSite\",\"@id\":\"https:\\\/\\\/vitablanca.ma\\\/#website\",\"url\":\"https:\\\/\\\/vitablanca.ma\\\/\",\"name\":\"VitaBlanca.ma | Compl\u00e9ments alimentaires, sant\u00e9 & beaut\u00e9 au Maroc\",\"description\":\"vendre vitamines et compl\u00e9ments premium des USA &amp; Canada, Nouvelle Z\u00e9lande,Maroc (NOW Foods, Solgar, Manuka). Livraison rapide partout au Maroc.\",\"publisher\":{\"@id\":\"https:\\\/\\\/vitablanca.ma\\\/#organization\"},\"alternateName\":\"VitaBlanca.ma\",\"potentialAction\":[{\"@type\":\"SearchAction\",\"target\":{\"@type\":\"EntryPoint\",\"urlTemplate\":\"https:\\\/\\\/vitablanca.ma\\\/?s={search_term_string}\"},\"query-input\":{\"@type\":\"PropertyValueSpecification\",\"valueRequired\":true,\"valueName\":\"search_term_string\"}}],\"inLanguage\":\"en-US\"},{\"@type\":\"Organization\",\"@id\":\"https:\\\/\\\/vitablanca.ma\\\/#organization\",\"name\":\"VitaBlanca\",\"url\":\"https:\\\/\\\/vitablanca.ma\\\/\",\"logo\":{\"@type\":\"ImageObject\",\"inLanguage\":\"en-US\",\"@id\":\"https:\\\/\\\/vitablanca.ma\\\/#\\\/schema\\\/logo\\\/image\\\/\",\"url\":\"https:\\\/\\\/vitablanca.ma\\\/wp-content\\\/uploads\\\/2025\\\/05\\\/cropped-vitablanca.png\",\"contentUrl\":\"https:\\\/\\\/vitablanca.ma\\\/wp-content\\\/uploads\\\/2025\\\/05\\\/cropped-vitablanca.png\",\"width\":360,\"height\":67,\"caption\":\"VitaBlanca\"},\"image\":{\"@id\":\"https:\\\/\\\/vitablanca.ma\\\/#\\\/schema\\\/logo\\\/image\\\/\"},\"sameAs\":[\"https:\\\/\\\/www.facebook.com\\\/profile.php?id=61576678196717\",\"https:\\\/\\\/www.tiktok.com\\\/@vitablanca.ma\",\"https:\\\/\\\/www.instagram.com\\\/vitablanca.ma\\\/\"]}]}<\/script>\n<!-- \/ Yoast SEO plugin. -->","yoast_head_json":{"title":"Gum Original White Toothpaste 75ml (1745) - Morocco Price","description":"Gum Original White Toothpaste 75ml (1745)","robots":{"index":"index","follow":"follow","max-snippet":"max-snippet:-1","max-image-preview":"max-image-preview:large","max-video-preview":"max-video-preview:-1"},"canonical":"https:\/\/vitablanca.ma\/en\/product\/gum-original-white-dentifrice-75ml-1745\/","og_locale":"en_US","og_type":"article","og_title":"Gum Original White Dentifrice 75ml (1745) - Maroc Prix","og_description":"Gum Original White Dentifrice 75ml (1745)","og_url":"https:\/\/vitablanca.ma\/en\/product\/gum-original-white-dentifrice-75ml-1745\/","og_site_name":"Vitablanca.ma &ndash; Sant&eacute;, vitalit&eacute; et bien-&ecirc;tre pour tous les Marocains","article_publisher":"https:\/\/www.facebook.com\/profile.php?id=61576678196717","og_image":[{"width":1000,"height":1000,"url":"https:\/\/vitablanca.ma\/wp-content\/uploads\/2025\/06\/Gum-Original-White-Dentifrice-75ml-_1745_-nova-parapharmacie-maroc.png","type":"image\/png"}],"twitter_card":"summary_large_image","twitter_misc":{"Est. reading time":"1 minute"},"schema":{"@context":"https:\/\/schema.org","@graph":[{"@type":["WebPage","ItemPage"],"@id":"https:\/\/vitablanca.ma\/produit\/gum-original-white-dentifrice-75ml-1745\/","url":"https:\/\/vitablanca.ma\/produit\/gum-original-white-dentifrice-75ml-1745\/","name":"Gum Original White Toothpaste 75ml (1745) - Morocco Price","isPartOf":{"@id":"https:\/\/vitablanca.ma\/#website"},"primaryImageOfPage":{"@id":"https:\/\/vitablanca.ma\/produit\/gum-original-white-dentifrice-75ml-1745\/#primaryimage"},"image":{"@id":"https:\/\/vitablanca.ma\/produit\/gum-original-white-dentifrice-75ml-1745\/#primaryimage"},"thumbnailUrl":"https:\/\/vitablanca.ma\/wp-content\/uploads\/2025\/06\/Gum-Original-White-Dentifrice-75ml-_1745_-nova-parapharmacie-maroc.png","datePublished":"2025-06-10T17:56:29+00:00","description":"Gum Original White Toothpaste 75ml (1745)","breadcrumb":{"@id":"https:\/\/vitablanca.ma\/produit\/gum-original-white-dentifrice-75ml-1745\/#breadcrumb"},"inLanguage":"en-US","potentialAction":[{"@type":"ReadAction","target":["https:\/\/vitablanca.ma\/produit\/gum-original-white-dentifrice-75ml-1745\/"]}]},{"@type":"ImageObject","inLanguage":"en-US","@id":"https:\/\/vitablanca.ma\/produit\/gum-original-white-dentifrice-75ml-1745\/#primaryimage","url":"https:\/\/vitablanca.ma\/wp-content\/uploads\/2025\/06\/Gum-Original-White-Dentifrice-75ml-_1745_-nova-parapharmacie-maroc.png","contentUrl":"https:\/\/vitablanca.ma\/wp-content\/uploads\/2025\/06\/Gum-Original-White-Dentifrice-75ml-_1745_-nova-parapharmacie-maroc.png","width":1000,"height":1000},{"@type":"BreadcrumbList","@id":"https:\/\/vitablanca.ma\/produit\/gum-original-white-dentifrice-75ml-1745\/#breadcrumb","itemListElement":[{"@type":"ListItem","position":1,"name":"Home","item":"https:\/\/vitablanca.ma\/"},{"@type":"ListItem","position":2,"name":"Tous Les Produits","item":"https:\/\/vitablanca.ma\/tous-les-produits\/"},{"@type":"ListItem","position":3,"name":"Gum Original White Dentifrice 75ml (1745)"}]},{"@type":"WebSite","@id":"https:\/\/vitablanca.ma\/#website","url":"https:\/\/vitablanca.ma\/","name":"VitaBlanca.ma | Food supplements, health &amp; beauty in Morocco","description":"sell premium vitamins and supplements from USA &amp; Canada, New Zealand, Morocco (NOW Foods, Solgar, Manuka). Fast delivery anywhere in Morocco.","publisher":{"@id":"https:\/\/vitablanca.ma\/#organization"},"alternateName":"VitaBlanca.ma","potentialAction":[{"@type":"SearchAction","target":{"@type":"EntryPoint","urlTemplate":"https:\/\/vitablanca.ma\/?s={search_term_string}"},"query-input":{"@type":"PropertyValueSpecification","valueRequired":true,"valueName":"search_term_string"}}],"inLanguage":"en-US"},{"@type":"Organization","@id":"https:\/\/vitablanca.ma\/#organization","name":"VitaBlanca","url":"https:\/\/vitablanca.ma\/","logo":{"@type":"ImageObject","inLanguage":"en-US","@id":"https:\/\/vitablanca.ma\/#\/schema\/logo\/image\/","url":"https:\/\/vitablanca.ma\/wp-content\/uploads\/2025\/05\/cropped-vitablanca.png","contentUrl":"https:\/\/vitablanca.ma\/wp-content\/uploads\/2025\/05\/cropped-vitablanca.png","width":360,"height":67,"caption":"VitaBlanca"},"image":{"@id":"https:\/\/vitablanca.ma\/#\/schema\/logo\/image\/"},"sameAs":["https:\/\/www.facebook.com\/profile.php?id=61576678196717","https:\/\/www.tiktok.com\/@vitablanca.ma","https:\/\/www.instagram.com\/vitablanca.ma\/"]}]}},"jetpack_sharing_enabled":true,"_links":{"self":[{"href":"https:\/\/vitablanca.ma\/en\/wp-json\/wp\/v2\/product\/19342","targetHints":{"allow":["GET"]}}],"collection":[{"href":"https:\/\/vitablanca.ma\/en\/wp-json\/wp\/v2\/product"}],"about":[{"href":"https:\/\/vitablanca.ma\/en\/wp-json\/wp\/v2\/types\/product"}],"wp:featuredmedia":[{"embeddable":true,"href":"https:\/\/vitablanca.ma\/en\/wp-json\/wp\/v2\/media\/19336"}],"wp:attachment":[{"href":"https:\/\/vitablanca.ma\/en\/wp-json\/wp\/v2\/media?parent=19342"}],"wp:term":[{"taxonomy":"product_brand","embeddable":true,"href":"https:\/\/vitablanca.ma\/en\/wp-json\/wp\/v2\/product_brand?post=19342"},{"taxonomy":"product_cat","embeddable":true,"href":"https:\/\/vitablanca.ma\/en\/wp-json\/wp\/v2\/product_cat?post=19342"},{"taxonomy":"product_tag","embeddable":true,"href":"https:\/\/vitablanca.ma\/en\/wp-json\/wp\/v2\/product_tag?post=19342"}],"curies":[{"name":"wp","href":"https:\/\/api.w.org\/{rel}","templated":true}]}}