{"id":19333,"date":"2025-06-10T17:56:17","date_gmt":"2025-06-10T17:56:17","guid":{"rendered":"https:\/\/vitablanca.ma\/product\/kin-dentifrice-gingival-pate-75ml\/"},"modified":"2025-06-10T17:56:17","modified_gmt":"2025-06-10T17:56:17","slug":"kin-dentifrice-gingival-pate-75ml","status":"publish","type":"product","link":"https:\/\/vitablanca.ma\/en\/product\/kin-dentifrice-gingival-pate-75ml\/","title":{"rendered":"KIN Gingival Paste Toothpaste 75ml"},"content":{"rendered":"<h2 data-mce-fragment=\"1\"><span data-mce-fragment=\"1\">KIN Gingival Paste Toothpaste to restore the natural whiteness of teeth.<\/span><\/h2>\n<p data-mce-fragment=\"1\"><span data-mce-fragment=\"1\">Oral care is becoming increasingly important, both in terms of hygiene and aesthetics. A healthy mouth is not only a clear manifestation of health and youth, but it also affects our social relationships. Therefore, interest in improving teeth whitening techniques and the use of teeth whitening products has increased significantly.<\/span><\/p>\n<div class=\"item indications\" data-mce-fragment=\"1\">\n<h3 data-mce-fragment=\"1\">INDICATIONS<\/h3>\n<p data-mce-fragment=\"1\">Daily whitening toothpaste formulated with micro-pulverized sodium bicarbonate, for the gradual removal of stains without damaging enamel.<br data-mce-fragment=\"1\">Specially formulated to restore the natural whiteness of teeth.<br data-mce-fragment=\"1\">Controls and prevents the formation of dental tartar thanks to its sodium pyrophosphate formula.<br data-mce-fragment=\"1\">Fluoride helps prevent cavities. For people with sensitive gums, it is recommended to brush gently and alternate the use of FKD\/KIN Whitening Toothpaste with their regular toothpaste. If you notice any discomfort during or after brushing, discontinue use.<\/p>\n<\/div>\n<div class=\"item use\" data-mce-fragment=\"1\">\n<h3 data-mce-fragment=\"1\">INSTRUCTIONS FOR USE<\/h3>\n<p data-mce-fragment=\"1\">Brush your teeth 3 times a day, preferably after meals and before going to bed, for 2 to 3 minutes<\/p>\n<\/div>\n<div class=\"item warnings\" data-mce-fragment=\"1\">\n<h3 data-mce-fragment=\"1\">WARNINGS<\/h3>\n<p data-mce-fragment=\"1\">Keep out of reach of children.<br data-mce-fragment=\"1\">Do not swallow.<br data-mce-fragment=\"1\">Gluten free.<\/p>\n<h3 data-mce-fragment=\"1\">COMPOSITION<\/h3>\n<p data-mce-fragment=\"1\">Sodium bicarbonate: 15<br data-mce-fragment=\"1\">% Sodium Fluoride: 1000 ppm F-<br data-mce-fragment=\"1\">Sodium pyrophosphate: 3.3<\/p>\n<p data-mce-fragment=\"1\">\u00a0<\/p>\n<\/div>","protected":false},"excerpt":{"rendered":"<p>KIN Dentifrice\u00a0Gingival\u00a0Pate\u00a0pour retrouver la blancheur naturelle des dents. Les soins bucco-dentaires sont de plus en plus importants, tant sur le plan de l&rsquo;hygi\u00e8ne que sur celui de l&rsquo;esth\u00e9tique. Une bouche saine n&rsquo;est pas seulement une manifestation de sant\u00e9 et de jeunesse \u00e9vidente, mais elle affecte \u00e9galement nos relations sociales. C&rsquo;est pourquoi l&rsquo;int\u00e9r\u00eat pour l&rsquo;am\u00e9lioration des [&hellip;]<\/p>\n","protected":false},"featured_media":19329,"template":"","meta":{"om_disable_all_campaigns":false},"product_brand":[],"product_cat":[15],"product_tag":[],"class_list":{"0":"post-19333","1":"product","2":"type-product","3":"status-publish","4":"has-post-thumbnail","6":"product_cat-beaute-sante-complements-alimentaires-soins-et-bien-etre-au-meilleur-prix","8":"first","9":"instock","10":"sale","11":"taxable","12":"shipping-taxable","13":"purchasable","14":"product-type-simple"},"yoast_head":"<!-- This site is optimized with the Yoast SEO plugin v27.4 - https:\/\/yoast.com\/product\/yoast-seo-wordpress\/ -->\n<title>KIN Dentifrice Gingival Pate 75ml - Maroc Prix<\/title>\n<meta name=\"description\" content=\"KIN Dentifrice Gingival Pate 75ml\" \/>\n<meta name=\"robots\" content=\"index, follow, max-snippet:-1, max-image-preview:large, max-video-preview:-1\" \/>\n<link rel=\"canonical\" href=\"https:\/\/vitablanca.ma\/en\/product\/kin-dentifrice-gingival-pate-75ml\/\" \/>\n<meta property=\"og:locale\" content=\"en_US\" \/>\n<meta property=\"og:type\" content=\"article\" \/>\n<meta property=\"og:title\" content=\"KIN Dentifrice Gingival Pate 75ml - Maroc Prix\" \/>\n<meta property=\"og:description\" content=\"KIN Dentifrice Gingival Pate 75ml\" \/>\n<meta property=\"og:url\" content=\"https:\/\/vitablanca.ma\/en\/product\/kin-dentifrice-gingival-pate-75ml\/\" \/>\n<meta property=\"og:site_name\" content=\"Vitablanca.ma &ndash; Sant&eacute;, vitalit&eacute; et bien-&ecirc;tre pour tous les Marocains\" \/>\n<meta property=\"article:publisher\" content=\"https:\/\/www.facebook.com\/profile.php?id=61576678196717\" \/>\n<meta property=\"og:image\" content=\"https:\/\/vitablanca.ma\/wp-content\/uploads\/2025\/06\/kin-dentifrice-pate-gingival-75-ml-Nova-para-prix-Maroc.jpg\" \/>\n\t<meta property=\"og:image:width\" content=\"800\" \/>\n\t<meta property=\"og:image:height\" content=\"800\" \/>\n\t<meta property=\"og:image:type\" content=\"image\/jpeg\" \/>\n<meta name=\"twitter:card\" content=\"summary_large_image\" \/>\n<meta name=\"twitter:label1\" content=\"Est. reading time\" \/>\n\t<meta name=\"twitter:data1\" content=\"1 minute\" \/>\n<script type=\"application\/ld+json\" class=\"yoast-schema-graph\">{\"@context\":\"https:\\\/\\\/schema.org\",\"@graph\":[{\"@type\":[\"WebPage\",\"ItemPage\"],\"@id\":\"https:\\\/\\\/vitablanca.ma\\\/produit\\\/kin-dentifrice-gingival-pate-75ml\\\/\",\"url\":\"https:\\\/\\\/vitablanca.ma\\\/produit\\\/kin-dentifrice-gingival-pate-75ml\\\/\",\"name\":\"KIN Dentifrice Gingival Pate 75ml - Maroc Prix\",\"isPartOf\":{\"@id\":\"https:\\\/\\\/vitablanca.ma\\\/#website\"},\"primaryImageOfPage\":{\"@id\":\"https:\\\/\\\/vitablanca.ma\\\/produit\\\/kin-dentifrice-gingival-pate-75ml\\\/#primaryimage\"},\"image\":{\"@id\":\"https:\\\/\\\/vitablanca.ma\\\/produit\\\/kin-dentifrice-gingival-pate-75ml\\\/#primaryimage\"},\"thumbnailUrl\":\"https:\\\/\\\/vitablanca.ma\\\/wp-content\\\/uploads\\\/2025\\\/06\\\/kin-dentifrice-pate-gingival-75-ml-Nova-para-prix-Maroc.jpg\",\"datePublished\":\"2025-06-10T17:56:17+00:00\",\"description\":\"KIN Dentifrice Gingival Pate 75ml\",\"breadcrumb\":{\"@id\":\"https:\\\/\\\/vitablanca.ma\\\/produit\\\/kin-dentifrice-gingival-pate-75ml\\\/#breadcrumb\"},\"inLanguage\":\"en-US\",\"potentialAction\":[{\"@type\":\"ReadAction\",\"target\":[\"https:\\\/\\\/vitablanca.ma\\\/produit\\\/kin-dentifrice-gingival-pate-75ml\\\/\"]}]},{\"@type\":\"ImageObject\",\"inLanguage\":\"en-US\",\"@id\":\"https:\\\/\\\/vitablanca.ma\\\/produit\\\/kin-dentifrice-gingival-pate-75ml\\\/#primaryimage\",\"url\":\"https:\\\/\\\/vitablanca.ma\\\/wp-content\\\/uploads\\\/2025\\\/06\\\/kin-dentifrice-pate-gingival-75-ml-Nova-para-prix-Maroc.jpg\",\"contentUrl\":\"https:\\\/\\\/vitablanca.ma\\\/wp-content\\\/uploads\\\/2025\\\/06\\\/kin-dentifrice-pate-gingival-75-ml-Nova-para-prix-Maroc.jpg\",\"width\":800,\"height\":800},{\"@type\":\"BreadcrumbList\",\"@id\":\"https:\\\/\\\/vitablanca.ma\\\/produit\\\/kin-dentifrice-gingival-pate-75ml\\\/#breadcrumb\",\"itemListElement\":[{\"@type\":\"ListItem\",\"position\":1,\"name\":\"Home\",\"item\":\"https:\\\/\\\/vitablanca.ma\\\/\"},{\"@type\":\"ListItem\",\"position\":2,\"name\":\"Tous Les Produits\",\"item\":\"https:\\\/\\\/vitablanca.ma\\\/tous-les-produits\\\/\"},{\"@type\":\"ListItem\",\"position\":3,\"name\":\"KIN Dentifrice Gingival Pate 75ml\"}]},{\"@type\":\"WebSite\",\"@id\":\"https:\\\/\\\/vitablanca.ma\\\/#website\",\"url\":\"https:\\\/\\\/vitablanca.ma\\\/\",\"name\":\"VitaBlanca.ma | Compl\u00e9ments alimentaires, sant\u00e9 & beaut\u00e9 au Maroc\",\"description\":\"vendre vitamines et compl\u00e9ments premium des USA &amp; Canada, Nouvelle Z\u00e9lande,Maroc (NOW Foods, Solgar, Manuka). Livraison rapide partout au Maroc.\",\"publisher\":{\"@id\":\"https:\\\/\\\/vitablanca.ma\\\/#organization\"},\"alternateName\":\"VitaBlanca.ma\",\"potentialAction\":[{\"@type\":\"SearchAction\",\"target\":{\"@type\":\"EntryPoint\",\"urlTemplate\":\"https:\\\/\\\/vitablanca.ma\\\/?s={search_term_string}\"},\"query-input\":{\"@type\":\"PropertyValueSpecification\",\"valueRequired\":true,\"valueName\":\"search_term_string\"}}],\"inLanguage\":\"en-US\"},{\"@type\":\"Organization\",\"@id\":\"https:\\\/\\\/vitablanca.ma\\\/#organization\",\"name\":\"VitaBlanca\",\"url\":\"https:\\\/\\\/vitablanca.ma\\\/\",\"logo\":{\"@type\":\"ImageObject\",\"inLanguage\":\"en-US\",\"@id\":\"https:\\\/\\\/vitablanca.ma\\\/#\\\/schema\\\/logo\\\/image\\\/\",\"url\":\"https:\\\/\\\/vitablanca.ma\\\/wp-content\\\/uploads\\\/2025\\\/05\\\/cropped-vitablanca.png\",\"contentUrl\":\"https:\\\/\\\/vitablanca.ma\\\/wp-content\\\/uploads\\\/2025\\\/05\\\/cropped-vitablanca.png\",\"width\":360,\"height\":67,\"caption\":\"VitaBlanca\"},\"image\":{\"@id\":\"https:\\\/\\\/vitablanca.ma\\\/#\\\/schema\\\/logo\\\/image\\\/\"},\"sameAs\":[\"https:\\\/\\\/www.facebook.com\\\/profile.php?id=61576678196717\",\"https:\\\/\\\/www.tiktok.com\\\/@vitablanca.ma\",\"https:\\\/\\\/www.instagram.com\\\/vitablanca.ma\\\/\"]}]}<\/script>\n<!-- \/ Yoast SEO plugin. -->","yoast_head_json":{"title":"KIN Gingival Paste Toothpaste 75ml - Morocco Price","description":"KIN Gingival Paste Toothpaste 75ml","robots":{"index":"index","follow":"follow","max-snippet":"max-snippet:-1","max-image-preview":"max-image-preview:large","max-video-preview":"max-video-preview:-1"},"canonical":"https:\/\/vitablanca.ma\/en\/product\/kin-dentifrice-gingival-pate-75ml\/","og_locale":"en_US","og_type":"article","og_title":"KIN Dentifrice Gingival Pate 75ml - Maroc Prix","og_description":"KIN Dentifrice Gingival Pate 75ml","og_url":"https:\/\/vitablanca.ma\/en\/product\/kin-dentifrice-gingival-pate-75ml\/","og_site_name":"Vitablanca.ma &ndash; Sant&eacute;, vitalit&eacute; et bien-&ecirc;tre pour tous les Marocains","article_publisher":"https:\/\/www.facebook.com\/profile.php?id=61576678196717","og_image":[{"width":800,"height":800,"url":"https:\/\/vitablanca.ma\/wp-content\/uploads\/2025\/06\/kin-dentifrice-pate-gingival-75-ml-Nova-para-prix-Maroc.jpg","type":"image\/jpeg"}],"twitter_card":"summary_large_image","twitter_misc":{"Est. reading time":"1 minute"},"schema":{"@context":"https:\/\/schema.org","@graph":[{"@type":["WebPage","ItemPage"],"@id":"https:\/\/vitablanca.ma\/produit\/kin-dentifrice-gingival-pate-75ml\/","url":"https:\/\/vitablanca.ma\/produit\/kin-dentifrice-gingival-pate-75ml\/","name":"KIN Gingival Paste Toothpaste 75ml - Morocco Price","isPartOf":{"@id":"https:\/\/vitablanca.ma\/#website"},"primaryImageOfPage":{"@id":"https:\/\/vitablanca.ma\/produit\/kin-dentifrice-gingival-pate-75ml\/#primaryimage"},"image":{"@id":"https:\/\/vitablanca.ma\/produit\/kin-dentifrice-gingival-pate-75ml\/#primaryimage"},"thumbnailUrl":"https:\/\/vitablanca.ma\/wp-content\/uploads\/2025\/06\/kin-dentifrice-pate-gingival-75-ml-Nova-para-prix-Maroc.jpg","datePublished":"2025-06-10T17:56:17+00:00","description":"KIN Gingival Paste Toothpaste 75ml","breadcrumb":{"@id":"https:\/\/vitablanca.ma\/produit\/kin-dentifrice-gingival-pate-75ml\/#breadcrumb"},"inLanguage":"en-US","potentialAction":[{"@type":"ReadAction","target":["https:\/\/vitablanca.ma\/produit\/kin-dentifrice-gingival-pate-75ml\/"]}]},{"@type":"ImageObject","inLanguage":"en-US","@id":"https:\/\/vitablanca.ma\/produit\/kin-dentifrice-gingival-pate-75ml\/#primaryimage","url":"https:\/\/vitablanca.ma\/wp-content\/uploads\/2025\/06\/kin-dentifrice-pate-gingival-75-ml-Nova-para-prix-Maroc.jpg","contentUrl":"https:\/\/vitablanca.ma\/wp-content\/uploads\/2025\/06\/kin-dentifrice-pate-gingival-75-ml-Nova-para-prix-Maroc.jpg","width":800,"height":800},{"@type":"BreadcrumbList","@id":"https:\/\/vitablanca.ma\/produit\/kin-dentifrice-gingival-pate-75ml\/#breadcrumb","itemListElement":[{"@type":"ListItem","position":1,"name":"Home","item":"https:\/\/vitablanca.ma\/"},{"@type":"ListItem","position":2,"name":"Tous Les Produits","item":"https:\/\/vitablanca.ma\/tous-les-produits\/"},{"@type":"ListItem","position":3,"name":"KIN Dentifrice Gingival Pate 75ml"}]},{"@type":"WebSite","@id":"https:\/\/vitablanca.ma\/#website","url":"https:\/\/vitablanca.ma\/","name":"VitaBlanca.ma | Food supplements, health &amp; beauty in Morocco","description":"sell premium vitamins and supplements from USA &amp; Canada, New Zealand, Morocco (NOW Foods, Solgar, Manuka). Fast delivery anywhere in Morocco.","publisher":{"@id":"https:\/\/vitablanca.ma\/#organization"},"alternateName":"VitaBlanca.ma","potentialAction":[{"@type":"SearchAction","target":{"@type":"EntryPoint","urlTemplate":"https:\/\/vitablanca.ma\/?s={search_term_string}"},"query-input":{"@type":"PropertyValueSpecification","valueRequired":true,"valueName":"search_term_string"}}],"inLanguage":"en-US"},{"@type":"Organization","@id":"https:\/\/vitablanca.ma\/#organization","name":"VitaBlanca","url":"https:\/\/vitablanca.ma\/","logo":{"@type":"ImageObject","inLanguage":"en-US","@id":"https:\/\/vitablanca.ma\/#\/schema\/logo\/image\/","url":"https:\/\/vitablanca.ma\/wp-content\/uploads\/2025\/05\/cropped-vitablanca.png","contentUrl":"https:\/\/vitablanca.ma\/wp-content\/uploads\/2025\/05\/cropped-vitablanca.png","width":360,"height":67,"caption":"VitaBlanca"},"image":{"@id":"https:\/\/vitablanca.ma\/#\/schema\/logo\/image\/"},"sameAs":["https:\/\/www.facebook.com\/profile.php?id=61576678196717","https:\/\/www.tiktok.com\/@vitablanca.ma","https:\/\/www.instagram.com\/vitablanca.ma\/"]}]}},"jetpack_sharing_enabled":true,"_links":{"self":[{"href":"https:\/\/vitablanca.ma\/en\/wp-json\/wp\/v2\/product\/19333","targetHints":{"allow":["GET"]}}],"collection":[{"href":"https:\/\/vitablanca.ma\/en\/wp-json\/wp\/v2\/product"}],"about":[{"href":"https:\/\/vitablanca.ma\/en\/wp-json\/wp\/v2\/types\/product"}],"wp:featuredmedia":[{"embeddable":true,"href":"https:\/\/vitablanca.ma\/en\/wp-json\/wp\/v2\/media\/19329"}],"wp:attachment":[{"href":"https:\/\/vitablanca.ma\/en\/wp-json\/wp\/v2\/media?parent=19333"}],"wp:term":[{"taxonomy":"product_brand","embeddable":true,"href":"https:\/\/vitablanca.ma\/en\/wp-json\/wp\/v2\/product_brand?post=19333"},{"taxonomy":"product_cat","embeddable":true,"href":"https:\/\/vitablanca.ma\/en\/wp-json\/wp\/v2\/product_cat?post=19333"},{"taxonomy":"product_tag","embeddable":true,"href":"https:\/\/vitablanca.ma\/en\/wp-json\/wp\/v2\/product_tag?post=19333"}],"curies":[{"name":"wp","href":"https:\/\/api.w.org\/{rel}","templated":true}]}}