{"id":19285,"date":"2025-06-10T17:55:20","date_gmt":"2025-06-10T17:55:20","guid":{"rendered":"https:\/\/vitablanca.ma\/product\/gum-sensivital-brosse-a-dents-509\/"},"modified":"2025-06-10T17:55:20","modified_gmt":"2025-06-10T17:55:20","slug":"gum-sensivital-brosse-a-dents-509","status":"publish","type":"product","link":"https:\/\/vitablanca.ma\/en\/product\/gum-sensivital-brosse-a-dents-509\/","title":{"rendered":"Gum SensiVital Toothbrush (509)"},"content":{"rendered":"<div data-mce-fragment=\"1\" class=\"product detail parbase\">\n<div data-mce-fragment=\"1\" class=\"gum-Product cq-dd-product-data-reference grid-container\">\n<div data-mce-fragment=\"1\" class=\"custom-grid grid-x grid-margin-x small-mt-60 small-mb-60 medium-mb-120\" data-v-317ff41e=\"\">\n<div data-mce-fragment=\"1\" class=\"cell medium-7 float-right text-center medium-text-left medium-pr-60 large-pr-120\" data-v-317ff41e=\"\">\n<div data-mce-fragment=\"1\" class=\"h3-title small-mb-30 medium-mb-60 medium-mt-0 c-txt-grey-dark\" data-v-317ff41e=\"\">\n<h2 data-mce-fragment=\"1\"><span>Gum SensiVital Toothbrush for effective interdental reach<\/span><\/h2>\n<p data-mce-fragment=\"1\" data-v-317ff41e=\"\">The GUM SensiVital range helps prevent and relieve tooth sensitivity. Our ultra-soft GUM SensiVital toothbrush is very gentle on the mouth, making it a particularly suitable choice for anyone suffering from sensitive teeth.<\/p>\n<p data-mce-fragment=\"1\" data-v-317ff41e=\"\">It has been specifically designed to target plaque from all angles, leaving your teeth perfectly clean.<\/p>\n<\/div>\n<\/div>\n<\/div>\n<\/div>\n<\/div>\n<div data-mce-fragment=\"1\" class=\"product-detail-parsys\">\n<div data-mce-fragment=\"1\" class=\"container-narrow\">\n<div data-mce-fragment=\"1\">\n<div data-mce-fragment=\"1\" class=\"experiencefragment\">\n<div data-mce-fragment=\"1\" class=\"xf-content-height\">\n<div data-mce-fragment=\"1\" class=\"producthighlights parbase\">\n<div data-mce-fragment=\"1\" class=\"grid-container small-mt-45 medium-mt-90 small-mb-45 medium-mb-90\">\n<div data-mce-fragment=\"1\" class=\"grid-x align-center\">\n<div data-mce-fragment=\"1\" class=\"small-12 medium-10 cell producthighlights__inner c-bg-gradient-default c-txt-white small-p-30 medium-p-60 small-pl-45 small-pr-45 medium-pl-90 medium-pr-90 large-pl-120 large-pr-120\">\n<div data-mce-fragment=\"1\" class=\"grid-container full\">\n<div data-mce-fragment=\"1\" class=\"grid-x align-justify grid-x--single-col\">\n<div data-mce-fragment=\"1\" class=\"cell small-12\">\n<div data-mce-fragment=\"1\" class=\"aem-fix\">\n<div data-mce-fragment=\"1\" class=\"aem-fix\">\n<h3 data-mce-fragment=\"1\" class=\"small-mb-15 small-mt-0 medium-mb-30 medium-mt-0 c-txt-white text-center\">Points<span data-mce-fragment=\"1\">\u00a0<\/span><b data-mce-fragment=\"1\">STRONG<\/b><br \/>\n<\/h3>\n<\/div>\n<div data-mce-fragment=\"1\" class=\"aem-fix\">\n<ul data-mce-fragment=\"1\">\n<li data-mce-fragment=\"1\">Long, tapered 15\/100 bristles, tapered to 1\/100 at the ends to effectively reach interdental spaces and the gum line while respecting fragile gums\u00a0<br data-mce-fragment=\"1\">\n<\/li>\n<li data-mce-fragment=\"1\">Compact head for easy access to all areas of the mouth<\/li>\n<li data-mce-fragment=\"1\">Cap included<\/li>\n<\/ul>\n<\/div>\n<\/div>\n<\/div>\n<\/div>\n<\/div>\n<\/div>\n<\/div>\n<\/div>\n<\/div>\n<\/div>\n<\/div>\n<\/div>\n<\/div>\n<\/div>","protected":false},"excerpt":{"rendered":"<p>Gum SensiVital Brosse \u00e0 Dents pour atteindre efficacement les espaces interdentaires La gamme GUM SensiVital aide \u00e0 pr\u00e9venir et \u00e0 soulager les personnes souffrant de sensibilit\u00e9 dentaire.\u00a0Notre brosse \u00e0 dents GUM SensiVital ultra-souple est tr\u00e8s douce en bouche, ce qui en fait un choix particuli\u00e8rement adapt\u00e9 pour toute personne souffrant de dents sensibles. Elle a [&hellip;]<\/p>\n","protected":false},"featured_media":19282,"template":"","meta":{"om_disable_all_campaigns":false},"product_brand":[],"product_cat":[15],"product_tag":[],"class_list":{"0":"post-19285","1":"product","2":"type-product","3":"status-publish","4":"has-post-thumbnail","6":"product_cat-beaute-sante-complements-alimentaires-soins-et-bien-etre-au-meilleur-prix","8":"first","9":"instock","10":"sale","11":"taxable","12":"shipping-taxable","13":"purchasable","14":"product-type-simple"},"yoast_head":"<!-- This site is optimized with the Yoast SEO plugin v27.5 - https:\/\/yoast.com\/product\/yoast-seo-wordpress\/ -->\n<title>Gum SensiVital Brosse \u00e0 Dents (509) - Maroc Prix<\/title>\n<meta name=\"description\" content=\"Gum SensiVital Brosse \u00e0 Dents (509)\" \/>\n<meta name=\"robots\" content=\"index, follow, max-snippet:-1, max-image-preview:large, max-video-preview:-1\" \/>\n<link rel=\"canonical\" href=\"https:\/\/vitablanca.ma\/en\/product\/gum-sensivital-brosse-a-dents-509\/\" \/>\n<meta property=\"og:locale\" content=\"en_US\" \/>\n<meta property=\"og:type\" content=\"article\" \/>\n<meta property=\"og:title\" content=\"Gum SensiVital Brosse \u00e0 Dents (509) - Maroc Prix\" \/>\n<meta property=\"og:description\" content=\"Gum SensiVital Brosse \u00e0 Dents (509)\" \/>\n<meta property=\"og:url\" content=\"https:\/\/vitablanca.ma\/en\/product\/gum-sensivital-brosse-a-dents-509\/\" \/>\n<meta property=\"og:site_name\" content=\"Vitablanca.ma &ndash; Sant&eacute;, vitalit&eacute; et bien-&ecirc;tre pour tous les Marocains\" \/>\n<meta property=\"article:publisher\" content=\"https:\/\/www.facebook.com\/profile.php?id=61576678196717\" \/>\n<meta property=\"og:image\" content=\"https:\/\/vitablanca.ma\/wp-content\/uploads\/2025\/06\/Gum-SensiVital-Brosse-a-Dents-_509_-nova-parapharmacie-maroc.png\" \/>\n\t<meta property=\"og:image:width\" content=\"1000\" \/>\n\t<meta property=\"og:image:height\" content=\"1000\" \/>\n\t<meta property=\"og:image:type\" content=\"image\/png\" \/>\n<meta name=\"twitter:card\" content=\"summary_large_image\" \/>\n<meta name=\"twitter:label1\" content=\"Est. reading time\" \/>\n\t<meta name=\"twitter:data1\" content=\"1 minute\" \/>\n<script type=\"application\/ld+json\" class=\"yoast-schema-graph\">{\"@context\":\"https:\\\/\\\/schema.org\",\"@graph\":[{\"@type\":[\"WebPage\",\"ItemPage\"],\"@id\":\"https:\\\/\\\/vitablanca.ma\\\/produit\\\/gum-sensivital-brosse-a-dents-509\\\/\",\"url\":\"https:\\\/\\\/vitablanca.ma\\\/produit\\\/gum-sensivital-brosse-a-dents-509\\\/\",\"name\":\"Gum SensiVital Brosse \u00e0 Dents (509) - Maroc Prix\",\"isPartOf\":{\"@id\":\"https:\\\/\\\/vitablanca.ma\\\/#website\"},\"primaryImageOfPage\":{\"@id\":\"https:\\\/\\\/vitablanca.ma\\\/produit\\\/gum-sensivital-brosse-a-dents-509\\\/#primaryimage\"},\"image\":{\"@id\":\"https:\\\/\\\/vitablanca.ma\\\/produit\\\/gum-sensivital-brosse-a-dents-509\\\/#primaryimage\"},\"thumbnailUrl\":\"https:\\\/\\\/vitablanca.ma\\\/wp-content\\\/uploads\\\/2025\\\/06\\\/Gum-SensiVital-Brosse-a-Dents-_509_-nova-parapharmacie-maroc.png\",\"datePublished\":\"2025-06-10T17:55:20+00:00\",\"description\":\"Gum SensiVital Brosse \u00e0 Dents (509)\",\"breadcrumb\":{\"@id\":\"https:\\\/\\\/vitablanca.ma\\\/produit\\\/gum-sensivital-brosse-a-dents-509\\\/#breadcrumb\"},\"inLanguage\":\"en-US\",\"potentialAction\":[{\"@type\":\"ReadAction\",\"target\":[\"https:\\\/\\\/vitablanca.ma\\\/produit\\\/gum-sensivital-brosse-a-dents-509\\\/\"]}]},{\"@type\":\"ImageObject\",\"inLanguage\":\"en-US\",\"@id\":\"https:\\\/\\\/vitablanca.ma\\\/produit\\\/gum-sensivital-brosse-a-dents-509\\\/#primaryimage\",\"url\":\"https:\\\/\\\/vitablanca.ma\\\/wp-content\\\/uploads\\\/2025\\\/06\\\/Gum-SensiVital-Brosse-a-Dents-_509_-nova-parapharmacie-maroc.png\",\"contentUrl\":\"https:\\\/\\\/vitablanca.ma\\\/wp-content\\\/uploads\\\/2025\\\/06\\\/Gum-SensiVital-Brosse-a-Dents-_509_-nova-parapharmacie-maroc.png\",\"width\":1000,\"height\":1000},{\"@type\":\"BreadcrumbList\",\"@id\":\"https:\\\/\\\/vitablanca.ma\\\/produit\\\/gum-sensivital-brosse-a-dents-509\\\/#breadcrumb\",\"itemListElement\":[{\"@type\":\"ListItem\",\"position\":1,\"name\":\"Home\",\"item\":\"https:\\\/\\\/vitablanca.ma\\\/\"},{\"@type\":\"ListItem\",\"position\":2,\"name\":\"Tous Les Produits\",\"item\":\"https:\\\/\\\/vitablanca.ma\\\/tous-les-produits\\\/\"},{\"@type\":\"ListItem\",\"position\":3,\"name\":\"Gum SensiVital Brosse \u00e0 Dents (509)\"}]},{\"@type\":\"WebSite\",\"@id\":\"https:\\\/\\\/vitablanca.ma\\\/#website\",\"url\":\"https:\\\/\\\/vitablanca.ma\\\/\",\"name\":\"VitaBlanca.ma | Compl\u00e9ments alimentaires, sant\u00e9 & beaut\u00e9 au Maroc\",\"description\":\"vendre vitamines et compl\u00e9ments premium des USA &amp; Canada, Nouvelle Z\u00e9lande,Maroc (NOW Foods, Solgar, Manuka). Livraison rapide partout au Maroc.\",\"publisher\":{\"@id\":\"https:\\\/\\\/vitablanca.ma\\\/#organization\"},\"alternateName\":\"VitaBlanca.ma\",\"potentialAction\":[{\"@type\":\"SearchAction\",\"target\":{\"@type\":\"EntryPoint\",\"urlTemplate\":\"https:\\\/\\\/vitablanca.ma\\\/?s={search_term_string}\"},\"query-input\":{\"@type\":\"PropertyValueSpecification\",\"valueRequired\":true,\"valueName\":\"search_term_string\"}}],\"inLanguage\":\"en-US\"},{\"@type\":\"Organization\",\"@id\":\"https:\\\/\\\/vitablanca.ma\\\/#organization\",\"name\":\"VitaBlanca\",\"url\":\"https:\\\/\\\/vitablanca.ma\\\/\",\"logo\":{\"@type\":\"ImageObject\",\"inLanguage\":\"en-US\",\"@id\":\"https:\\\/\\\/vitablanca.ma\\\/#\\\/schema\\\/logo\\\/image\\\/\",\"url\":\"https:\\\/\\\/vitablanca.ma\\\/wp-content\\\/uploads\\\/2025\\\/05\\\/cropped-vitablanca.png\",\"contentUrl\":\"https:\\\/\\\/vitablanca.ma\\\/wp-content\\\/uploads\\\/2025\\\/05\\\/cropped-vitablanca.png\",\"width\":360,\"height\":67,\"caption\":\"VitaBlanca\"},\"image\":{\"@id\":\"https:\\\/\\\/vitablanca.ma\\\/#\\\/schema\\\/logo\\\/image\\\/\"},\"sameAs\":[\"https:\\\/\\\/www.facebook.com\\\/profile.php?id=61576678196717\",\"https:\\\/\\\/www.tiktok.com\\\/@vitablanca.ma\",\"https:\\\/\\\/www.instagram.com\\\/vitablanca.ma\\\/\"]}]}<\/script>\n<!-- \/ Yoast SEO plugin. -->","yoast_head_json":{"title":"Gum SensiVital Toothbrush (509) - Morocco Price","description":"Gum SensiVital Toothbrush (509)","robots":{"index":"index","follow":"follow","max-snippet":"max-snippet:-1","max-image-preview":"max-image-preview:large","max-video-preview":"max-video-preview:-1"},"canonical":"https:\/\/vitablanca.ma\/en\/product\/gum-sensivital-brosse-a-dents-509\/","og_locale":"en_US","og_type":"article","og_title":"Gum SensiVital Brosse \u00e0 Dents (509) - Maroc Prix","og_description":"Gum SensiVital Brosse \u00e0 Dents (509)","og_url":"https:\/\/vitablanca.ma\/en\/product\/gum-sensivital-brosse-a-dents-509\/","og_site_name":"Vitablanca.ma &ndash; Sant&eacute;, vitalit&eacute; et bien-&ecirc;tre pour tous les Marocains","article_publisher":"https:\/\/www.facebook.com\/profile.php?id=61576678196717","og_image":[{"width":1000,"height":1000,"url":"https:\/\/vitablanca.ma\/wp-content\/uploads\/2025\/06\/Gum-SensiVital-Brosse-a-Dents-_509_-nova-parapharmacie-maroc.png","type":"image\/png"}],"twitter_card":"summary_large_image","twitter_misc":{"Est. reading time":"1 minute"},"schema":{"@context":"https:\/\/schema.org","@graph":[{"@type":["WebPage","ItemPage"],"@id":"https:\/\/vitablanca.ma\/produit\/gum-sensivital-brosse-a-dents-509\/","url":"https:\/\/vitablanca.ma\/produit\/gum-sensivital-brosse-a-dents-509\/","name":"Gum SensiVital Toothbrush (509) - Morocco Price","isPartOf":{"@id":"https:\/\/vitablanca.ma\/#website"},"primaryImageOfPage":{"@id":"https:\/\/vitablanca.ma\/produit\/gum-sensivital-brosse-a-dents-509\/#primaryimage"},"image":{"@id":"https:\/\/vitablanca.ma\/produit\/gum-sensivital-brosse-a-dents-509\/#primaryimage"},"thumbnailUrl":"https:\/\/vitablanca.ma\/wp-content\/uploads\/2025\/06\/Gum-SensiVital-Brosse-a-Dents-_509_-nova-parapharmacie-maroc.png","datePublished":"2025-06-10T17:55:20+00:00","description":"Gum SensiVital Toothbrush (509)","breadcrumb":{"@id":"https:\/\/vitablanca.ma\/produit\/gum-sensivital-brosse-a-dents-509\/#breadcrumb"},"inLanguage":"en-US","potentialAction":[{"@type":"ReadAction","target":["https:\/\/vitablanca.ma\/produit\/gum-sensivital-brosse-a-dents-509\/"]}]},{"@type":"ImageObject","inLanguage":"en-US","@id":"https:\/\/vitablanca.ma\/produit\/gum-sensivital-brosse-a-dents-509\/#primaryimage","url":"https:\/\/vitablanca.ma\/wp-content\/uploads\/2025\/06\/Gum-SensiVital-Brosse-a-Dents-_509_-nova-parapharmacie-maroc.png","contentUrl":"https:\/\/vitablanca.ma\/wp-content\/uploads\/2025\/06\/Gum-SensiVital-Brosse-a-Dents-_509_-nova-parapharmacie-maroc.png","width":1000,"height":1000},{"@type":"BreadcrumbList","@id":"https:\/\/vitablanca.ma\/produit\/gum-sensivital-brosse-a-dents-509\/#breadcrumb","itemListElement":[{"@type":"ListItem","position":1,"name":"Home","item":"https:\/\/vitablanca.ma\/"},{"@type":"ListItem","position":2,"name":"Tous Les Produits","item":"https:\/\/vitablanca.ma\/tous-les-produits\/"},{"@type":"ListItem","position":3,"name":"Gum SensiVital Brosse \u00e0 Dents (509)"}]},{"@type":"WebSite","@id":"https:\/\/vitablanca.ma\/#website","url":"https:\/\/vitablanca.ma\/","name":"VitaBlanca.ma | Food supplements, health &amp; beauty in Morocco","description":"sell premium vitamins and supplements from USA &amp; Canada, New Zealand, Morocco (NOW Foods, Solgar, Manuka). Fast delivery anywhere in Morocco.","publisher":{"@id":"https:\/\/vitablanca.ma\/#organization"},"alternateName":"VitaBlanca.ma","potentialAction":[{"@type":"SearchAction","target":{"@type":"EntryPoint","urlTemplate":"https:\/\/vitablanca.ma\/?s={search_term_string}"},"query-input":{"@type":"PropertyValueSpecification","valueRequired":true,"valueName":"search_term_string"}}],"inLanguage":"en-US"},{"@type":"Organization","@id":"https:\/\/vitablanca.ma\/#organization","name":"VitaBlanca","url":"https:\/\/vitablanca.ma\/","logo":{"@type":"ImageObject","inLanguage":"en-US","@id":"https:\/\/vitablanca.ma\/#\/schema\/logo\/image\/","url":"https:\/\/vitablanca.ma\/wp-content\/uploads\/2025\/05\/cropped-vitablanca.png","contentUrl":"https:\/\/vitablanca.ma\/wp-content\/uploads\/2025\/05\/cropped-vitablanca.png","width":360,"height":67,"caption":"VitaBlanca"},"image":{"@id":"https:\/\/vitablanca.ma\/#\/schema\/logo\/image\/"},"sameAs":["https:\/\/www.facebook.com\/profile.php?id=61576678196717","https:\/\/www.tiktok.com\/@vitablanca.ma","https:\/\/www.instagram.com\/vitablanca.ma\/"]}]}},"jetpack_sharing_enabled":true,"_links":{"self":[{"href":"https:\/\/vitablanca.ma\/en\/wp-json\/wp\/v2\/product\/19285","targetHints":{"allow":["GET"]}}],"collection":[{"href":"https:\/\/vitablanca.ma\/en\/wp-json\/wp\/v2\/product"}],"about":[{"href":"https:\/\/vitablanca.ma\/en\/wp-json\/wp\/v2\/types\/product"}],"wp:featuredmedia":[{"embeddable":true,"href":"https:\/\/vitablanca.ma\/en\/wp-json\/wp\/v2\/media\/19282"}],"wp:attachment":[{"href":"https:\/\/vitablanca.ma\/en\/wp-json\/wp\/v2\/media?parent=19285"}],"wp:term":[{"taxonomy":"product_brand","embeddable":true,"href":"https:\/\/vitablanca.ma\/en\/wp-json\/wp\/v2\/product_brand?post=19285"},{"taxonomy":"product_cat","embeddable":true,"href":"https:\/\/vitablanca.ma\/en\/wp-json\/wp\/v2\/product_cat?post=19285"},{"taxonomy":"product_tag","embeddable":true,"href":"https:\/\/vitablanca.ma\/en\/wp-json\/wp\/v2\/product_tag?post=19285"}],"curies":[{"name":"wp","href":"https:\/\/api.w.org\/{rel}","templated":true}]}}