{"id":19284,"date":"2025-06-10T17:55:18","date_gmt":"2025-06-10T17:55:18","guid":{"rendered":"https:\/\/vitablanca.ma\/product\/janssen-cosmetics-eye-zone-gel-contour-des-yeux-30ml\/"},"modified":"2025-06-10T17:55:18","modified_gmt":"2025-06-10T17:55:18","slug":"janssen-cosmetics-eye-zone-gel-contour-des-yeux-30ml","status":"publish","type":"product","link":"https:\/\/vitablanca.ma\/en\/product\/janssen-cosmetics-eye-zone-gel-contour-des-yeux-30ml\/","title":{"rendered":"Janssen Cosmetics Eye Zone Eye Contour Gel 30ml"},"content":{"rendered":"<h2 data-mce-fragment=\"1\">Janssen Cosmetics Eye Zone Eye Contour Gel\u00a0<span data-mce-fragment=\"1\">yeast extract complex<\/span><br \/>\n<\/h2>\n<p data-mce-fragment=\"1\">Contains short and long chain hyaluronic acid, a complex of yeast extract, panthenol, butcher&#039;s broom extract, licorice root and marigold flower.<\/p>\n<h3 data-mce-fragment=\"1\">DIRECTIONS FOR USE\u00a0<\/h3>\n<p data-mce-fragment=\"1\">Apply Eye Contour Gel morning and evening or as often as you wish during the day all around the eyes by gently tapping with your fingertips.<\/p>\n<p data-mce-fragment=\"1\"><strong>Advice<\/strong> : Eye Contour Gel kept in the refrigerator provides a particularly refreshing action during application.<\/p>\n<p data-mce-fragment=\"1\">L\u2019effet frais renforce l\u00b4effet d\u00e9congestionnant du gel.<\/p>\n<h3 data-mce-fragment=\"1\">INGREDIENTS\u00a0<\/h3>\n<p data-mce-fragment=\"1\">\u2022 Long-chain hyaluronic acid: produced by biotechnology, it is formed of long molecular chains. It is an intense moisturizing agent that retains water in the skin tissues, it firms and smoothes the upper layer of the skin, it forms a film-forming tightening effect on the skin<\/p>\n<p data-mce-fragment=\"1\">\u2022 Short-chain hyaluronic acid: produced by biotechnology, it is formed by a short molecular chain. It has a moisturizing effect, retains moisture in the tissues, penetrates into the deep layers of the epidermis, plumps the skin from the inside and makes it smooth.<\/p>\n<p data-mce-fragment=\"1\">\u2022 Imperata cylindrica: root extract of the desert plant Imperata cylindrica, native to Asia and Australia, it is able to survive even in extremely drying climatic conditions. It is rich in potassium, hydrates and maintains moisture in the tissues<\/p>\n<p data-mce-fragment=\"1\">\u2022 Softening complex: complex of active substances based on yeast extract, panthenol, butcher&#039;s broom, calendula (marigold), horse chestnut, licorice root. It has an anti-inflammatory and decongestant effect, strengthens the skin barrier and effectively combats dark circles under the eyes.<\/p>","protected":false},"excerpt":{"rendered":"<p>Janssen Cosmetics Eye Zone Gel Contour Des Yeux\u00a0complexe \u00e0 base d\u00b4extrait de levure Contient de l\u2019acide hyaluronique \u00e0 courtes et longues cha\u00eenes, un complexe \u00e0 base d\u00b4extrait de levure, de panth\u00e9nol, d\u2019extrait de petit houx, de racine de r\u00e9glisse et de fleur de souci. CONSEILS D\u2019UTILISATION\u00a0 Appliquez Gel Contour des Yeux matin et soir ou [&hellip;]<\/p>\n","protected":false},"featured_media":19283,"template":"","meta":{"om_disable_all_campaigns":false},"product_brand":[],"product_cat":[15],"product_tag":[],"class_list":{"0":"post-19284","1":"product","2":"type-product","3":"status-publish","4":"has-post-thumbnail","6":"product_cat-beaute-sante-complements-alimentaires-soins-et-bien-etre-au-meilleur-prix","8":"first","9":"instock","10":"sale","11":"taxable","12":"shipping-taxable","13":"purchasable","14":"product-type-simple"},"yoast_head":"<!-- This site is optimized with the Yoast SEO plugin v27.5 - https:\/\/yoast.com\/product\/yoast-seo-wordpress\/ -->\n<title>Janssen Cosmetics Eye Zone Gel Contour Des Yeux 30ml - Maroc Prix<\/title>\n<meta name=\"description\" content=\"Janssen Cosmetics Eye Zone Gel Contour Des Yeux 30ml\" \/>\n<meta name=\"robots\" content=\"index, follow, max-snippet:-1, max-image-preview:large, max-video-preview:-1\" \/>\n<link rel=\"canonical\" href=\"https:\/\/vitablanca.ma\/en\/product\/janssen-cosmetics-eye-zone-gel-contour-des-yeux-30ml\/\" \/>\n<meta property=\"og:locale\" content=\"en_US\" \/>\n<meta property=\"og:type\" content=\"article\" \/>\n<meta property=\"og:title\" content=\"Janssen Cosmetics Eye Zone Gel Contour Des Yeux 30ml - Maroc Prix\" \/>\n<meta property=\"og:description\" content=\"Janssen Cosmetics Eye Zone Gel Contour Des Yeux 30ml\" \/>\n<meta property=\"og:url\" content=\"https:\/\/vitablanca.ma\/en\/product\/janssen-cosmetics-eye-zone-gel-contour-des-yeux-30ml\/\" \/>\n<meta property=\"og:site_name\" content=\"Vitablanca.ma &ndash; Sant&eacute;, vitalit&eacute; et bien-&ecirc;tre pour tous les Marocains\" \/>\n<meta property=\"article:publisher\" content=\"https:\/\/www.facebook.com\/profile.php?id=61576678196717\" \/>\n<meta property=\"og:image\" content=\"https:\/\/vitablanca.ma\/wp-content\/uploads\/2025\/06\/Janssen-Cosmetics-Eye-Zone-Gel-Contour-Des-Yeux-30ml-nova-parapharmacie-maroc.jpg\" \/>\n\t<meta property=\"og:image:width\" content=\"1000\" \/>\n\t<meta property=\"og:image:height\" content=\"1000\" \/>\n\t<meta property=\"og:image:type\" content=\"image\/jpeg\" \/>\n<meta name=\"twitter:card\" content=\"summary_large_image\" \/>\n<meta name=\"twitter:label1\" content=\"Est. reading time\" \/>\n\t<meta name=\"twitter:data1\" content=\"2 minutes\" \/>\n<script type=\"application\/ld+json\" class=\"yoast-schema-graph\">{\"@context\":\"https:\\\/\\\/schema.org\",\"@graph\":[{\"@type\":[\"WebPage\",\"ItemPage\"],\"@id\":\"https:\\\/\\\/vitablanca.ma\\\/produit\\\/janssen-cosmetics-eye-zone-gel-contour-des-yeux-30ml\\\/\",\"url\":\"https:\\\/\\\/vitablanca.ma\\\/produit\\\/janssen-cosmetics-eye-zone-gel-contour-des-yeux-30ml\\\/\",\"name\":\"Janssen Cosmetics Eye Zone Gel Contour Des Yeux 30ml - Maroc Prix\",\"isPartOf\":{\"@id\":\"https:\\\/\\\/vitablanca.ma\\\/#website\"},\"primaryImageOfPage\":{\"@id\":\"https:\\\/\\\/vitablanca.ma\\\/produit\\\/janssen-cosmetics-eye-zone-gel-contour-des-yeux-30ml\\\/#primaryimage\"},\"image\":{\"@id\":\"https:\\\/\\\/vitablanca.ma\\\/produit\\\/janssen-cosmetics-eye-zone-gel-contour-des-yeux-30ml\\\/#primaryimage\"},\"thumbnailUrl\":\"https:\\\/\\\/vitablanca.ma\\\/wp-content\\\/uploads\\\/2025\\\/06\\\/Janssen-Cosmetics-Eye-Zone-Gel-Contour-Des-Yeux-30ml-nova-parapharmacie-maroc.jpg\",\"datePublished\":\"2025-06-10T17:55:18+00:00\",\"description\":\"Janssen Cosmetics Eye Zone Gel Contour Des Yeux 30ml\",\"breadcrumb\":{\"@id\":\"https:\\\/\\\/vitablanca.ma\\\/produit\\\/janssen-cosmetics-eye-zone-gel-contour-des-yeux-30ml\\\/#breadcrumb\"},\"inLanguage\":\"en-US\",\"potentialAction\":[{\"@type\":\"ReadAction\",\"target\":[\"https:\\\/\\\/vitablanca.ma\\\/produit\\\/janssen-cosmetics-eye-zone-gel-contour-des-yeux-30ml\\\/\"]}]},{\"@type\":\"ImageObject\",\"inLanguage\":\"en-US\",\"@id\":\"https:\\\/\\\/vitablanca.ma\\\/produit\\\/janssen-cosmetics-eye-zone-gel-contour-des-yeux-30ml\\\/#primaryimage\",\"url\":\"https:\\\/\\\/vitablanca.ma\\\/wp-content\\\/uploads\\\/2025\\\/06\\\/Janssen-Cosmetics-Eye-Zone-Gel-Contour-Des-Yeux-30ml-nova-parapharmacie-maroc.jpg\",\"contentUrl\":\"https:\\\/\\\/vitablanca.ma\\\/wp-content\\\/uploads\\\/2025\\\/06\\\/Janssen-Cosmetics-Eye-Zone-Gel-Contour-Des-Yeux-30ml-nova-parapharmacie-maroc.jpg\",\"width\":1000,\"height\":1000},{\"@type\":\"BreadcrumbList\",\"@id\":\"https:\\\/\\\/vitablanca.ma\\\/produit\\\/janssen-cosmetics-eye-zone-gel-contour-des-yeux-30ml\\\/#breadcrumb\",\"itemListElement\":[{\"@type\":\"ListItem\",\"position\":1,\"name\":\"Home\",\"item\":\"https:\\\/\\\/vitablanca.ma\\\/\"},{\"@type\":\"ListItem\",\"position\":2,\"name\":\"Tous Les Produits\",\"item\":\"https:\\\/\\\/vitablanca.ma\\\/tous-les-produits\\\/\"},{\"@type\":\"ListItem\",\"position\":3,\"name\":\"Janssen Cosmetics Eye Zone Gel Contour Des Yeux 30ml\"}]},{\"@type\":\"WebSite\",\"@id\":\"https:\\\/\\\/vitablanca.ma\\\/#website\",\"url\":\"https:\\\/\\\/vitablanca.ma\\\/\",\"name\":\"VitaBlanca.ma | Compl\u00e9ments alimentaires, sant\u00e9 & beaut\u00e9 au Maroc\",\"description\":\"vendre vitamines et compl\u00e9ments premium des USA &amp; Canada, Nouvelle Z\u00e9lande,Maroc (NOW Foods, Solgar, Manuka). Livraison rapide partout au Maroc.\",\"publisher\":{\"@id\":\"https:\\\/\\\/vitablanca.ma\\\/#organization\"},\"alternateName\":\"VitaBlanca.ma\",\"potentialAction\":[{\"@type\":\"SearchAction\",\"target\":{\"@type\":\"EntryPoint\",\"urlTemplate\":\"https:\\\/\\\/vitablanca.ma\\\/?s={search_term_string}\"},\"query-input\":{\"@type\":\"PropertyValueSpecification\",\"valueRequired\":true,\"valueName\":\"search_term_string\"}}],\"inLanguage\":\"en-US\"},{\"@type\":\"Organization\",\"@id\":\"https:\\\/\\\/vitablanca.ma\\\/#organization\",\"name\":\"VitaBlanca\",\"url\":\"https:\\\/\\\/vitablanca.ma\\\/\",\"logo\":{\"@type\":\"ImageObject\",\"inLanguage\":\"en-US\",\"@id\":\"https:\\\/\\\/vitablanca.ma\\\/#\\\/schema\\\/logo\\\/image\\\/\",\"url\":\"https:\\\/\\\/vitablanca.ma\\\/wp-content\\\/uploads\\\/2025\\\/05\\\/cropped-vitablanca.png\",\"contentUrl\":\"https:\\\/\\\/vitablanca.ma\\\/wp-content\\\/uploads\\\/2025\\\/05\\\/cropped-vitablanca.png\",\"width\":360,\"height\":67,\"caption\":\"VitaBlanca\"},\"image\":{\"@id\":\"https:\\\/\\\/vitablanca.ma\\\/#\\\/schema\\\/logo\\\/image\\\/\"},\"sameAs\":[\"https:\\\/\\\/www.facebook.com\\\/profile.php?id=61576678196717\",\"https:\\\/\\\/www.tiktok.com\\\/@vitablanca.ma\",\"https:\\\/\\\/www.instagram.com\\\/vitablanca.ma\\\/\"]}]}<\/script>\n<!-- \/ Yoast SEO plugin. -->","yoast_head_json":{"title":"Janssen Cosmetics Eye Zone Eye Contour Gel 30ml - Morocco Price","description":"Janssen Cosmetics Eye Zone Eye Contour Gel 30ml","robots":{"index":"index","follow":"follow","max-snippet":"max-snippet:-1","max-image-preview":"max-image-preview:large","max-video-preview":"max-video-preview:-1"},"canonical":"https:\/\/vitablanca.ma\/en\/product\/janssen-cosmetics-eye-zone-gel-contour-des-yeux-30ml\/","og_locale":"en_US","og_type":"article","og_title":"Janssen Cosmetics Eye Zone Gel Contour Des Yeux 30ml - Maroc Prix","og_description":"Janssen Cosmetics Eye Zone Gel Contour Des Yeux 30ml","og_url":"https:\/\/vitablanca.ma\/en\/product\/janssen-cosmetics-eye-zone-gel-contour-des-yeux-30ml\/","og_site_name":"Vitablanca.ma &ndash; Sant&eacute;, vitalit&eacute; et bien-&ecirc;tre pour tous les Marocains","article_publisher":"https:\/\/www.facebook.com\/profile.php?id=61576678196717","og_image":[{"width":1000,"height":1000,"url":"https:\/\/vitablanca.ma\/wp-content\/uploads\/2025\/06\/Janssen-Cosmetics-Eye-Zone-Gel-Contour-Des-Yeux-30ml-nova-parapharmacie-maroc.jpg","type":"image\/jpeg"}],"twitter_card":"summary_large_image","twitter_misc":{"Est. reading time":"2 minutes"},"schema":{"@context":"https:\/\/schema.org","@graph":[{"@type":["WebPage","ItemPage"],"@id":"https:\/\/vitablanca.ma\/produit\/janssen-cosmetics-eye-zone-gel-contour-des-yeux-30ml\/","url":"https:\/\/vitablanca.ma\/produit\/janssen-cosmetics-eye-zone-gel-contour-des-yeux-30ml\/","name":"Janssen Cosmetics Eye Zone Eye Contour Gel 30ml - Morocco Price","isPartOf":{"@id":"https:\/\/vitablanca.ma\/#website"},"primaryImageOfPage":{"@id":"https:\/\/vitablanca.ma\/produit\/janssen-cosmetics-eye-zone-gel-contour-des-yeux-30ml\/#primaryimage"},"image":{"@id":"https:\/\/vitablanca.ma\/produit\/janssen-cosmetics-eye-zone-gel-contour-des-yeux-30ml\/#primaryimage"},"thumbnailUrl":"https:\/\/vitablanca.ma\/wp-content\/uploads\/2025\/06\/Janssen-Cosmetics-Eye-Zone-Gel-Contour-Des-Yeux-30ml-nova-parapharmacie-maroc.jpg","datePublished":"2025-06-10T17:55:18+00:00","description":"Janssen Cosmetics Eye Zone Eye Contour Gel 30ml","breadcrumb":{"@id":"https:\/\/vitablanca.ma\/produit\/janssen-cosmetics-eye-zone-gel-contour-des-yeux-30ml\/#breadcrumb"},"inLanguage":"en-US","potentialAction":[{"@type":"ReadAction","target":["https:\/\/vitablanca.ma\/produit\/janssen-cosmetics-eye-zone-gel-contour-des-yeux-30ml\/"]}]},{"@type":"ImageObject","inLanguage":"en-US","@id":"https:\/\/vitablanca.ma\/produit\/janssen-cosmetics-eye-zone-gel-contour-des-yeux-30ml\/#primaryimage","url":"https:\/\/vitablanca.ma\/wp-content\/uploads\/2025\/06\/Janssen-Cosmetics-Eye-Zone-Gel-Contour-Des-Yeux-30ml-nova-parapharmacie-maroc.jpg","contentUrl":"https:\/\/vitablanca.ma\/wp-content\/uploads\/2025\/06\/Janssen-Cosmetics-Eye-Zone-Gel-Contour-Des-Yeux-30ml-nova-parapharmacie-maroc.jpg","width":1000,"height":1000},{"@type":"BreadcrumbList","@id":"https:\/\/vitablanca.ma\/produit\/janssen-cosmetics-eye-zone-gel-contour-des-yeux-30ml\/#breadcrumb","itemListElement":[{"@type":"ListItem","position":1,"name":"Home","item":"https:\/\/vitablanca.ma\/"},{"@type":"ListItem","position":2,"name":"Tous Les Produits","item":"https:\/\/vitablanca.ma\/tous-les-produits\/"},{"@type":"ListItem","position":3,"name":"Janssen Cosmetics Eye Zone Gel Contour Des Yeux 30ml"}]},{"@type":"WebSite","@id":"https:\/\/vitablanca.ma\/#website","url":"https:\/\/vitablanca.ma\/","name":"VitaBlanca.ma | Food supplements, health &amp; beauty in Morocco","description":"sell premium vitamins and supplements from USA &amp; Canada, New Zealand, Morocco (NOW Foods, Solgar, Manuka). Fast delivery anywhere in Morocco.","publisher":{"@id":"https:\/\/vitablanca.ma\/#organization"},"alternateName":"VitaBlanca.ma","potentialAction":[{"@type":"SearchAction","target":{"@type":"EntryPoint","urlTemplate":"https:\/\/vitablanca.ma\/?s={search_term_string}"},"query-input":{"@type":"PropertyValueSpecification","valueRequired":true,"valueName":"search_term_string"}}],"inLanguage":"en-US"},{"@type":"Organization","@id":"https:\/\/vitablanca.ma\/#organization","name":"VitaBlanca","url":"https:\/\/vitablanca.ma\/","logo":{"@type":"ImageObject","inLanguage":"en-US","@id":"https:\/\/vitablanca.ma\/#\/schema\/logo\/image\/","url":"https:\/\/vitablanca.ma\/wp-content\/uploads\/2025\/05\/cropped-vitablanca.png","contentUrl":"https:\/\/vitablanca.ma\/wp-content\/uploads\/2025\/05\/cropped-vitablanca.png","width":360,"height":67,"caption":"VitaBlanca"},"image":{"@id":"https:\/\/vitablanca.ma\/#\/schema\/logo\/image\/"},"sameAs":["https:\/\/www.facebook.com\/profile.php?id=61576678196717","https:\/\/www.tiktok.com\/@vitablanca.ma","https:\/\/www.instagram.com\/vitablanca.ma\/"]}]}},"jetpack_sharing_enabled":true,"_links":{"self":[{"href":"https:\/\/vitablanca.ma\/en\/wp-json\/wp\/v2\/product\/19284","targetHints":{"allow":["GET"]}}],"collection":[{"href":"https:\/\/vitablanca.ma\/en\/wp-json\/wp\/v2\/product"}],"about":[{"href":"https:\/\/vitablanca.ma\/en\/wp-json\/wp\/v2\/types\/product"}],"wp:featuredmedia":[{"embeddable":true,"href":"https:\/\/vitablanca.ma\/en\/wp-json\/wp\/v2\/media\/19283"}],"wp:attachment":[{"href":"https:\/\/vitablanca.ma\/en\/wp-json\/wp\/v2\/media?parent=19284"}],"wp:term":[{"taxonomy":"product_brand","embeddable":true,"href":"https:\/\/vitablanca.ma\/en\/wp-json\/wp\/v2\/product_brand?post=19284"},{"taxonomy":"product_cat","embeddable":true,"href":"https:\/\/vitablanca.ma\/en\/wp-json\/wp\/v2\/product_cat?post=19284"},{"taxonomy":"product_tag","embeddable":true,"href":"https:\/\/vitablanca.ma\/en\/wp-json\/wp\/v2\/product_tag?post=19284"}],"curies":[{"name":"wp","href":"https:\/\/api.w.org\/{rel}","templated":true}]}}