{"id":19261,"date":"2025-06-10T17:54:35","date_gmt":"2025-06-10T17:54:35","guid":{"rendered":"https:\/\/vitablanca.ma\/product\/jowae-masque-argile-purifiant-50ml\/"},"modified":"2025-06-10T17:54:35","modified_gmt":"2025-06-10T17:54:35","slug":"jowae-masque-argile-purifiant-50ml","status":"publish","type":"product","link":"https:\/\/vitablanca.ma\/en\/product\/jowae-masque-argile-purifiant-50ml\/","title":{"rendered":"Jowa\u00e9 Purifying Clay Mask 50ml"},"content":{"rendered":"<h2><span data-mce-fragment=\"1\">Jowa\u00e9 Purifying Clay Mask Purifies, unclogs and tightens pores.<\/span><\/h2>\n<p><span data-mce-fragment=\"1\">Purifies, unclogs and tightens pores.<\/span><br data-mce-fragment=\"1\"><span data-mce-fragment=\"1\">The skin is clear, rebalanced and mattified. Pores are unclogged and tightened. The complexion is velvety and radiant.<\/span><\/p>\n<h3>Benefits and results<\/h3>\n<p><span>\u2013 Tolerance: clinically tested under dermatological control. Also suitable for sensitive skin.<\/span><br \/><span>\u2013 Proven effectiveness from the moment of application and lasting:<\/span><br \/><span>\u2013 Skin as if purified 96%<\/span><span class=\"font7\"><sup>(1)<\/sup><\/span><span class=\"font5\"><br \/>\u2013 Excess sebum eliminated 95%<\/span><span class=\"font7\"><sup>(1)\u00a0<\/sup><\/span><span class=\"font5\"><br \/>\u2013 Smooth skin texture 90%<\/span><span class=\"font7\"><sup>(2)<\/sup><\/span><span class=\"font5\"><br \/>Overall: 80% satisfaction<\/span><span class=\"font6\"><br \/><small>Clinical study carried out on 22 volunteers: (1) Immediate effect after application \u2013 % of satisfaction. (2) Effect after 28 days of use \u2013 application twice a week \u2013 % of satisfaction<\/small><\/span><\/p>\n<h3>Directions for use<\/h3>\n<p><span>Apply twice a week in a thick layer.<\/span><br \/><span>Its light, creamy-foam texture works in three steps. Leave on for 5 minutes to absorb excess sebum. Massage in to unclog pores. Rinse thoroughly with water.<\/span><br \/><span>Avoid the eye area.\u00a0<\/span><\/p>\n<h3>Ingredients<\/h3>\n<p><span>\u00a0AQUA \/ WATER \/ EAU. GLYCERIN. CAPRYLIC\/CAPRIC TRIGLYCERIDE. KAOLIN. GLYCERYL STEARATE. PEG-100 STEARATE. SODIUM POLYACRYLATE. STEARIC ACID. PERLITE. PALMITIC ACID. CAPRYLYL GLYCOL. PERFUME \/ FRAGRANCE. CHLORPHENESIN. CITRIC ACID. ORYZA SATIVA (RICE) STARCH. TETRASODIUM EDTA. NELUMBO NUCIFERA FLOWER EXTRACT. PAPAIN. SEMPERVIVUM TECTORUM EXTRACT. POTASSIUM SORBATE. SODIUM BENZOATE. 1,2-HEXANEDIOL. CARBOMER. CI 75810 \/ CHLOROPHYLLIN-COPPER COMPLEX. ALGIN. 1379A.<\/span><\/p>","protected":false},"excerpt":{"rendered":"<p>Jowa\u00e9 Masque Argile Purifiant\u00a0Purifie, d\u00e9sincruste et resserre les pores. Purifie, d\u00e9sincruste et resserre les pores.La peau est nette, r\u00e9\u00e9quilibr\u00e9e et matif\u00aci\u00e9e. Les pores sont d\u00e9sincrust\u00e9s et resserr\u00e9s. Le teint est velout\u00e9 et \u00e9clatant. B\u00e9n\u00e9fices et r\u00e9sultats &#8211; Tol\u00e9rance : test\u00e9e cliniquement sous contr\u00f4le dermatologique. Convient \u00e9galement aux peaux sensibles.&#8211; Efficacit\u00e9 prouv\u00e9e d\u00e8s l\u2019application et durablement [&hellip;]<\/p>\n","protected":false},"featured_media":19257,"template":"","meta":{"om_disable_all_campaigns":false},"product_brand":[],"product_cat":[15],"product_tag":[],"class_list":{"0":"post-19261","1":"product","2":"type-product","3":"status-publish","4":"has-post-thumbnail","6":"product_cat-beaute-sante-complements-alimentaires-soins-et-bien-etre-au-meilleur-prix","8":"first","9":"instock","10":"sale","11":"taxable","12":"shipping-taxable","13":"purchasable","14":"product-type-simple"},"yoast_head":"<!-- This site is optimized with the Yoast SEO plugin v27.4 - https:\/\/yoast.com\/product\/yoast-seo-wordpress\/ -->\n<title>Jowa\u00e9 Masque Argile Purifiant 50ml - Maroc Prix<\/title>\n<meta name=\"description\" content=\"Jowa\u00e9 Masque Argile Purifiant 50ml\" \/>\n<meta name=\"robots\" content=\"index, follow, max-snippet:-1, max-image-preview:large, max-video-preview:-1\" \/>\n<link rel=\"canonical\" href=\"https:\/\/vitablanca.ma\/en\/product\/jowae-masque-argile-purifiant-50ml\/\" \/>\n<meta property=\"og:locale\" content=\"en_US\" \/>\n<meta property=\"og:type\" content=\"article\" \/>\n<meta property=\"og:title\" content=\"Jowa\u00e9 Masque Argile Purifiant 50ml - Maroc Prix\" \/>\n<meta property=\"og:description\" content=\"Jowa\u00e9 Masque Argile Purifiant 50ml\" \/>\n<meta property=\"og:url\" content=\"https:\/\/vitablanca.ma\/en\/product\/jowae-masque-argile-purifiant-50ml\/\" \/>\n<meta property=\"og:site_name\" content=\"Vitablanca.ma &ndash; Sant&eacute;, vitalit&eacute; et bien-&ecirc;tre pour tous les Marocains\" \/>\n<meta property=\"article:publisher\" content=\"https:\/\/www.facebook.com\/profile.php?id=61576678196717\" \/>\n<meta property=\"og:image\" content=\"https:\/\/vitablanca.ma\/wp-content\/uploads\/2025\/06\/Jowae-Masque-Argile-Purifiant-50ml-nova-parapharmacie-maroc.jpg\" \/>\n\t<meta property=\"og:image:width\" content=\"1000\" \/>\n\t<meta property=\"og:image:height\" content=\"1000\" \/>\n\t<meta property=\"og:image:type\" content=\"image\/jpeg\" \/>\n<meta name=\"twitter:card\" content=\"summary_large_image\" \/>\n<meta name=\"twitter:label1\" content=\"Est. reading time\" \/>\n\t<meta name=\"twitter:data1\" content=\"1 minute\" \/>\n<script type=\"application\/ld+json\" class=\"yoast-schema-graph\">{\"@context\":\"https:\\\/\\\/schema.org\",\"@graph\":[{\"@type\":[\"WebPage\",\"ItemPage\"],\"@id\":\"https:\\\/\\\/vitablanca.ma\\\/produit\\\/jowae-masque-argile-purifiant-50ml\\\/\",\"url\":\"https:\\\/\\\/vitablanca.ma\\\/produit\\\/jowae-masque-argile-purifiant-50ml\\\/\",\"name\":\"Jowa\u00e9 Masque Argile Purifiant 50ml - Maroc Prix\",\"isPartOf\":{\"@id\":\"https:\\\/\\\/vitablanca.ma\\\/#website\"},\"primaryImageOfPage\":{\"@id\":\"https:\\\/\\\/vitablanca.ma\\\/produit\\\/jowae-masque-argile-purifiant-50ml\\\/#primaryimage\"},\"image\":{\"@id\":\"https:\\\/\\\/vitablanca.ma\\\/produit\\\/jowae-masque-argile-purifiant-50ml\\\/#primaryimage\"},\"thumbnailUrl\":\"https:\\\/\\\/vitablanca.ma\\\/wp-content\\\/uploads\\\/2025\\\/06\\\/Jowae-Masque-Argile-Purifiant-50ml-nova-parapharmacie-maroc.jpg\",\"datePublished\":\"2025-06-10T17:54:35+00:00\",\"description\":\"Jowa\u00e9 Masque Argile Purifiant 50ml\",\"breadcrumb\":{\"@id\":\"https:\\\/\\\/vitablanca.ma\\\/produit\\\/jowae-masque-argile-purifiant-50ml\\\/#breadcrumb\"},\"inLanguage\":\"en-US\",\"potentialAction\":[{\"@type\":\"ReadAction\",\"target\":[\"https:\\\/\\\/vitablanca.ma\\\/produit\\\/jowae-masque-argile-purifiant-50ml\\\/\"]}]},{\"@type\":\"ImageObject\",\"inLanguage\":\"en-US\",\"@id\":\"https:\\\/\\\/vitablanca.ma\\\/produit\\\/jowae-masque-argile-purifiant-50ml\\\/#primaryimage\",\"url\":\"https:\\\/\\\/vitablanca.ma\\\/wp-content\\\/uploads\\\/2025\\\/06\\\/Jowae-Masque-Argile-Purifiant-50ml-nova-parapharmacie-maroc.jpg\",\"contentUrl\":\"https:\\\/\\\/vitablanca.ma\\\/wp-content\\\/uploads\\\/2025\\\/06\\\/Jowae-Masque-Argile-Purifiant-50ml-nova-parapharmacie-maroc.jpg\",\"width\":1000,\"height\":1000},{\"@type\":\"BreadcrumbList\",\"@id\":\"https:\\\/\\\/vitablanca.ma\\\/produit\\\/jowae-masque-argile-purifiant-50ml\\\/#breadcrumb\",\"itemListElement\":[{\"@type\":\"ListItem\",\"position\":1,\"name\":\"Home\",\"item\":\"https:\\\/\\\/vitablanca.ma\\\/\"},{\"@type\":\"ListItem\",\"position\":2,\"name\":\"Tous Les Produits\",\"item\":\"https:\\\/\\\/vitablanca.ma\\\/tous-les-produits\\\/\"},{\"@type\":\"ListItem\",\"position\":3,\"name\":\"Jowa\u00e9 Masque Argile Purifiant 50ml\"}]},{\"@type\":\"WebSite\",\"@id\":\"https:\\\/\\\/vitablanca.ma\\\/#website\",\"url\":\"https:\\\/\\\/vitablanca.ma\\\/\",\"name\":\"VitaBlanca.ma | Compl\u00e9ments alimentaires, sant\u00e9 & beaut\u00e9 au Maroc\",\"description\":\"vendre vitamines et compl\u00e9ments premium des USA &amp; Canada, Nouvelle Z\u00e9lande,Maroc (NOW Foods, Solgar, Manuka). Livraison rapide partout au Maroc.\",\"publisher\":{\"@id\":\"https:\\\/\\\/vitablanca.ma\\\/#organization\"},\"alternateName\":\"VitaBlanca.ma\",\"potentialAction\":[{\"@type\":\"SearchAction\",\"target\":{\"@type\":\"EntryPoint\",\"urlTemplate\":\"https:\\\/\\\/vitablanca.ma\\\/?s={search_term_string}\"},\"query-input\":{\"@type\":\"PropertyValueSpecification\",\"valueRequired\":true,\"valueName\":\"search_term_string\"}}],\"inLanguage\":\"en-US\"},{\"@type\":\"Organization\",\"@id\":\"https:\\\/\\\/vitablanca.ma\\\/#organization\",\"name\":\"VitaBlanca\",\"url\":\"https:\\\/\\\/vitablanca.ma\\\/\",\"logo\":{\"@type\":\"ImageObject\",\"inLanguage\":\"en-US\",\"@id\":\"https:\\\/\\\/vitablanca.ma\\\/#\\\/schema\\\/logo\\\/image\\\/\",\"url\":\"https:\\\/\\\/vitablanca.ma\\\/wp-content\\\/uploads\\\/2025\\\/05\\\/cropped-vitablanca.png\",\"contentUrl\":\"https:\\\/\\\/vitablanca.ma\\\/wp-content\\\/uploads\\\/2025\\\/05\\\/cropped-vitablanca.png\",\"width\":360,\"height\":67,\"caption\":\"VitaBlanca\"},\"image\":{\"@id\":\"https:\\\/\\\/vitablanca.ma\\\/#\\\/schema\\\/logo\\\/image\\\/\"},\"sameAs\":[\"https:\\\/\\\/www.facebook.com\\\/profile.php?id=61576678196717\",\"https:\\\/\\\/www.tiktok.com\\\/@vitablanca.ma\",\"https:\\\/\\\/www.instagram.com\\\/vitablanca.ma\\\/\"]}]}<\/script>\n<!-- \/ Yoast SEO plugin. -->","yoast_head_json":{"title":"Jowa\u00e9 Purifying Clay Mask 50ml - Morocco Price","description":"Jowa\u00e9 Purifying Clay Mask 50ml","robots":{"index":"index","follow":"follow","max-snippet":"max-snippet:-1","max-image-preview":"max-image-preview:large","max-video-preview":"max-video-preview:-1"},"canonical":"https:\/\/vitablanca.ma\/en\/product\/jowae-masque-argile-purifiant-50ml\/","og_locale":"en_US","og_type":"article","og_title":"Jowa\u00e9 Masque Argile Purifiant 50ml - Maroc Prix","og_description":"Jowa\u00e9 Masque Argile Purifiant 50ml","og_url":"https:\/\/vitablanca.ma\/en\/product\/jowae-masque-argile-purifiant-50ml\/","og_site_name":"Vitablanca.ma &ndash; Sant&eacute;, vitalit&eacute; et bien-&ecirc;tre pour tous les Marocains","article_publisher":"https:\/\/www.facebook.com\/profile.php?id=61576678196717","og_image":[{"width":1000,"height":1000,"url":"https:\/\/vitablanca.ma\/wp-content\/uploads\/2025\/06\/Jowae-Masque-Argile-Purifiant-50ml-nova-parapharmacie-maroc.jpg","type":"image\/jpeg"}],"twitter_card":"summary_large_image","twitter_misc":{"Est. reading time":"1 minute"},"schema":{"@context":"https:\/\/schema.org","@graph":[{"@type":["WebPage","ItemPage"],"@id":"https:\/\/vitablanca.ma\/produit\/jowae-masque-argile-purifiant-50ml\/","url":"https:\/\/vitablanca.ma\/produit\/jowae-masque-argile-purifiant-50ml\/","name":"Jowa\u00e9 Purifying Clay Mask 50ml - Morocco Price","isPartOf":{"@id":"https:\/\/vitablanca.ma\/#website"},"primaryImageOfPage":{"@id":"https:\/\/vitablanca.ma\/produit\/jowae-masque-argile-purifiant-50ml\/#primaryimage"},"image":{"@id":"https:\/\/vitablanca.ma\/produit\/jowae-masque-argile-purifiant-50ml\/#primaryimage"},"thumbnailUrl":"https:\/\/vitablanca.ma\/wp-content\/uploads\/2025\/06\/Jowae-Masque-Argile-Purifiant-50ml-nova-parapharmacie-maroc.jpg","datePublished":"2025-06-10T17:54:35+00:00","description":"Jowa\u00e9 Purifying Clay Mask 50ml","breadcrumb":{"@id":"https:\/\/vitablanca.ma\/produit\/jowae-masque-argile-purifiant-50ml\/#breadcrumb"},"inLanguage":"en-US","potentialAction":[{"@type":"ReadAction","target":["https:\/\/vitablanca.ma\/produit\/jowae-masque-argile-purifiant-50ml\/"]}]},{"@type":"ImageObject","inLanguage":"en-US","@id":"https:\/\/vitablanca.ma\/produit\/jowae-masque-argile-purifiant-50ml\/#primaryimage","url":"https:\/\/vitablanca.ma\/wp-content\/uploads\/2025\/06\/Jowae-Masque-Argile-Purifiant-50ml-nova-parapharmacie-maroc.jpg","contentUrl":"https:\/\/vitablanca.ma\/wp-content\/uploads\/2025\/06\/Jowae-Masque-Argile-Purifiant-50ml-nova-parapharmacie-maroc.jpg","width":1000,"height":1000},{"@type":"BreadcrumbList","@id":"https:\/\/vitablanca.ma\/produit\/jowae-masque-argile-purifiant-50ml\/#breadcrumb","itemListElement":[{"@type":"ListItem","position":1,"name":"Home","item":"https:\/\/vitablanca.ma\/"},{"@type":"ListItem","position":2,"name":"Tous Les Produits","item":"https:\/\/vitablanca.ma\/tous-les-produits\/"},{"@type":"ListItem","position":3,"name":"Jowa\u00e9 Masque Argile Purifiant 50ml"}]},{"@type":"WebSite","@id":"https:\/\/vitablanca.ma\/#website","url":"https:\/\/vitablanca.ma\/","name":"VitaBlanca.ma | Food supplements, health &amp; beauty in Morocco","description":"sell premium vitamins and supplements from USA &amp; Canada, New Zealand, Morocco (NOW Foods, Solgar, Manuka). Fast delivery anywhere in Morocco.","publisher":{"@id":"https:\/\/vitablanca.ma\/#organization"},"alternateName":"VitaBlanca.ma","potentialAction":[{"@type":"SearchAction","target":{"@type":"EntryPoint","urlTemplate":"https:\/\/vitablanca.ma\/?s={search_term_string}"},"query-input":{"@type":"PropertyValueSpecification","valueRequired":true,"valueName":"search_term_string"}}],"inLanguage":"en-US"},{"@type":"Organization","@id":"https:\/\/vitablanca.ma\/#organization","name":"VitaBlanca","url":"https:\/\/vitablanca.ma\/","logo":{"@type":"ImageObject","inLanguage":"en-US","@id":"https:\/\/vitablanca.ma\/#\/schema\/logo\/image\/","url":"https:\/\/vitablanca.ma\/wp-content\/uploads\/2025\/05\/cropped-vitablanca.png","contentUrl":"https:\/\/vitablanca.ma\/wp-content\/uploads\/2025\/05\/cropped-vitablanca.png","width":360,"height":67,"caption":"VitaBlanca"},"image":{"@id":"https:\/\/vitablanca.ma\/#\/schema\/logo\/image\/"},"sameAs":["https:\/\/www.facebook.com\/profile.php?id=61576678196717","https:\/\/www.tiktok.com\/@vitablanca.ma","https:\/\/www.instagram.com\/vitablanca.ma\/"]}]}},"jetpack_sharing_enabled":true,"_links":{"self":[{"href":"https:\/\/vitablanca.ma\/en\/wp-json\/wp\/v2\/product\/19261","targetHints":{"allow":["GET"]}}],"collection":[{"href":"https:\/\/vitablanca.ma\/en\/wp-json\/wp\/v2\/product"}],"about":[{"href":"https:\/\/vitablanca.ma\/en\/wp-json\/wp\/v2\/types\/product"}],"wp:featuredmedia":[{"embeddable":true,"href":"https:\/\/vitablanca.ma\/en\/wp-json\/wp\/v2\/media\/19257"}],"wp:attachment":[{"href":"https:\/\/vitablanca.ma\/en\/wp-json\/wp\/v2\/media?parent=19261"}],"wp:term":[{"taxonomy":"product_brand","embeddable":true,"href":"https:\/\/vitablanca.ma\/en\/wp-json\/wp\/v2\/product_brand?post=19261"},{"taxonomy":"product_cat","embeddable":true,"href":"https:\/\/vitablanca.ma\/en\/wp-json\/wp\/v2\/product_cat?post=19261"},{"taxonomy":"product_tag","embeddable":true,"href":"https:\/\/vitablanca.ma\/en\/wp-json\/wp\/v2\/product_tag?post=19261"}],"curies":[{"name":"wp","href":"https:\/\/api.w.org\/{rel}","templated":true}]}}