{"id":19245,"date":"2025-06-10T17:53:59","date_gmt":"2025-06-10T17:53:59","guid":{"rendered":"https:\/\/vitablanca.ma\/product\/janssen-cosmetics-men-24-7-creme-energisante-50ml\/"},"modified":"2025-06-10T17:53:59","modified_gmt":"2025-06-10T17:53:59","slug":"janssen-cosmetics-men-24-7-creme-energisante-50ml","status":"publish","type":"product","link":"https:\/\/vitablanca.ma\/en\/product\/janssen-cosmetics-men-24-7-creme-energisante-50ml\/","title":{"rendered":"Janssen Cosmetics Men 24\/7 Energizing Cream 50ml"},"content":{"rendered":"<h2>Janssen Cosmetics Men 24\/7 Energizing Cream <span>Strengthens and stimulates the skin throughout the day.<\/span><br \/>\n<\/h2>\n<p><span>Stimulating skincare cream with a powerful anti-aging formula. Strengthens and stimulates the skin throughout the day.<\/span><\/p>\n<p>An anti-aging treatment for a moment of daily pleasure: its active ingredients immediately and deeply hydrate the skin. The skin is visibly smoothed. Its luxurious formula combining Men&#039;s SuperMoist and SPECIMEN strengthens and stimulates your skin throughout the day. Wrinkles and fine lines are visibly reduced. 24\/7 Energizing Cream, a treatment for revived, dynamic, and radiant men&#039;s skin.<\/p>\n<h3>APPLICATION<\/h3>\n<div class=\"descbox2\" data-mce-fragment=\"1\">\n<div class=\"mb-2\" data-mce-fragment=\"1\">\n<div class=\"descbox2\">\n<div class=\"mb-2\">\n<div class=\"descbox2\">\n<div class=\"mb-2\">\n<p>Apply 24\/7 Energizing Cream morning and evening to cleansed facial skin and massage in gently. \u00a0<\/p>\n<\/div>\n<\/div>\n<\/div>\n<\/div>\n<\/div>\n<\/div>\n<div class=\"descbox3\" data-mce-fragment=\"1\">\n<h3 data-mce-fragment=\"1\">INGREDIENTS<\/h3>\n<div class=\"mb-2\" data-mce-fragment=\"1\">\n<p>Men&#039;s SuperMoist: Contains components of the skin&#039;s natural moisturizing factor; hydrating; reduces fine lines of dryness<\/p>\n<p>\u2022 SPECIMEN: Anti-aging active ingredient derived from South African baobab and specially designed for men; improves the viscoelastic properties of the skin; wrinkles are reduced; signs of photo-induced skin aging are reduced<\/p>\n<p>\u2022 Short and long chain hyaluronic acid: hydrates and preserves skin moisture<\/p>\n<p>\u2022 Allantoin: soothes the skin and fights redness<\/p>\n<p>\u2022 Alpha-bisabolol: soothes the skin and fights redness<\/p>\n<p>\u2022 Vitamin E-acetate: anti-free radical, prevents photo-induced skin aging<\/p>\n<\/div>\n<\/div>","protected":false},"excerpt":{"rendered":"<p>Janssen Cosmetics Men 24\/7 Cr\u00e8me \u00c9nergisante Renforce et stimule la peau tout au long de la journ\u00e9e. Cr\u00e8me de soin stimulante avec formule anti-\u00e2ge puissante. Renforce et stimule la peau tout au long de la journ\u00e9e. Un soin anti-\u00e2ge pour un moment de plaisir au quotidien\u00a0: ses principes actifs hydratent la peau imm\u00e9diatement et en [&hellip;]<\/p>\n","protected":false},"featured_media":19235,"template":"","meta":{"om_disable_all_campaigns":false},"product_brand":[],"product_cat":[15],"product_tag":[],"class_list":{"0":"post-19245","1":"product","2":"type-product","3":"status-publish","4":"has-post-thumbnail","6":"product_cat-beaute-sante-complements-alimentaires-soins-et-bien-etre-au-meilleur-prix","8":"first","9":"instock","10":"sale","11":"taxable","12":"shipping-taxable","13":"purchasable","14":"product-type-simple"},"yoast_head":"<!-- This site is optimized with the Yoast SEO plugin v27.4 - https:\/\/yoast.com\/product\/yoast-seo-wordpress\/ -->\n<title>Janssen Cosmetics Men 24\/7 Cr\u00e8me \u00c9nergisante 50ml - Maroc Prix<\/title>\n<meta name=\"description\" content=\"Janssen Cosmetics Men 24\/7 Cr\u00e8me \u00c9nergisante 50ml\" \/>\n<meta name=\"robots\" content=\"index, follow, max-snippet:-1, max-image-preview:large, max-video-preview:-1\" \/>\n<link rel=\"canonical\" href=\"https:\/\/vitablanca.ma\/en\/product\/janssen-cosmetics-men-24-7-creme-energisante-50ml\/\" \/>\n<meta property=\"og:locale\" content=\"en_US\" \/>\n<meta property=\"og:type\" content=\"article\" \/>\n<meta property=\"og:title\" content=\"Janssen Cosmetics Men 24\/7 Cr\u00e8me \u00c9nergisante 50ml - Maroc Prix\" \/>\n<meta property=\"og:description\" content=\"Janssen Cosmetics Men 24\/7 Cr\u00e8me \u00c9nergisante 50ml\" \/>\n<meta property=\"og:url\" content=\"https:\/\/vitablanca.ma\/en\/product\/janssen-cosmetics-men-24-7-creme-energisante-50ml\/\" \/>\n<meta property=\"og:site_name\" content=\"Vitablanca.ma &ndash; Sant&eacute;, vitalit&eacute; et bien-&ecirc;tre pour tous les Marocains\" \/>\n<meta property=\"article:publisher\" content=\"https:\/\/www.facebook.com\/profile.php?id=61576678196717\" \/>\n<meta property=\"og:image\" content=\"https:\/\/vitablanca.ma\/wp-content\/uploads\/2025\/06\/Janssen-Cosmetics-Men-24-7-Creme-Energisante-50ml-novapara-maroc.jpg\" \/>\n\t<meta property=\"og:image:width\" content=\"1000\" \/>\n\t<meta property=\"og:image:height\" content=\"1000\" \/>\n\t<meta property=\"og:image:type\" content=\"image\/jpeg\" \/>\n<meta name=\"twitter:card\" content=\"summary_large_image\" \/>\n<meta name=\"twitter:label1\" content=\"Est. reading time\" \/>\n\t<meta name=\"twitter:data1\" content=\"1 minute\" \/>\n<script type=\"application\/ld+json\" class=\"yoast-schema-graph\">{\"@context\":\"https:\\\/\\\/schema.org\",\"@graph\":[{\"@type\":[\"WebPage\",\"ItemPage\"],\"@id\":\"https:\\\/\\\/vitablanca.ma\\\/produit\\\/janssen-cosmetics-men-24-7-creme-energisante-50ml\\\/\",\"url\":\"https:\\\/\\\/vitablanca.ma\\\/produit\\\/janssen-cosmetics-men-24-7-creme-energisante-50ml\\\/\",\"name\":\"Janssen Cosmetics Men 24\\\/7 Cr\u00e8me \u00c9nergisante 50ml - Maroc Prix\",\"isPartOf\":{\"@id\":\"https:\\\/\\\/vitablanca.ma\\\/#website\"},\"primaryImageOfPage\":{\"@id\":\"https:\\\/\\\/vitablanca.ma\\\/produit\\\/janssen-cosmetics-men-24-7-creme-energisante-50ml\\\/#primaryimage\"},\"image\":{\"@id\":\"https:\\\/\\\/vitablanca.ma\\\/produit\\\/janssen-cosmetics-men-24-7-creme-energisante-50ml\\\/#primaryimage\"},\"thumbnailUrl\":\"https:\\\/\\\/vitablanca.ma\\\/wp-content\\\/uploads\\\/2025\\\/06\\\/Janssen-Cosmetics-Men-24-7-Creme-Energisante-50ml-novapara-maroc.jpg\",\"datePublished\":\"2025-06-10T17:53:59+00:00\",\"description\":\"Janssen Cosmetics Men 24\\\/7 Cr\u00e8me \u00c9nergisante 50ml\",\"breadcrumb\":{\"@id\":\"https:\\\/\\\/vitablanca.ma\\\/produit\\\/janssen-cosmetics-men-24-7-creme-energisante-50ml\\\/#breadcrumb\"},\"inLanguage\":\"en-US\",\"potentialAction\":[{\"@type\":\"ReadAction\",\"target\":[\"https:\\\/\\\/vitablanca.ma\\\/produit\\\/janssen-cosmetics-men-24-7-creme-energisante-50ml\\\/\"]}]},{\"@type\":\"ImageObject\",\"inLanguage\":\"en-US\",\"@id\":\"https:\\\/\\\/vitablanca.ma\\\/produit\\\/janssen-cosmetics-men-24-7-creme-energisante-50ml\\\/#primaryimage\",\"url\":\"https:\\\/\\\/vitablanca.ma\\\/wp-content\\\/uploads\\\/2025\\\/06\\\/Janssen-Cosmetics-Men-24-7-Creme-Energisante-50ml-novapara-maroc.jpg\",\"contentUrl\":\"https:\\\/\\\/vitablanca.ma\\\/wp-content\\\/uploads\\\/2025\\\/06\\\/Janssen-Cosmetics-Men-24-7-Creme-Energisante-50ml-novapara-maroc.jpg\",\"width\":1000,\"height\":1000},{\"@type\":\"BreadcrumbList\",\"@id\":\"https:\\\/\\\/vitablanca.ma\\\/produit\\\/janssen-cosmetics-men-24-7-creme-energisante-50ml\\\/#breadcrumb\",\"itemListElement\":[{\"@type\":\"ListItem\",\"position\":1,\"name\":\"Home\",\"item\":\"https:\\\/\\\/vitablanca.ma\\\/\"},{\"@type\":\"ListItem\",\"position\":2,\"name\":\"Tous Les Produits\",\"item\":\"https:\\\/\\\/vitablanca.ma\\\/tous-les-produits\\\/\"},{\"@type\":\"ListItem\",\"position\":3,\"name\":\"Janssen Cosmetics Men 24\\\/7 Cr\u00e8me \u00c9nergisante 50ml\"}]},{\"@type\":\"WebSite\",\"@id\":\"https:\\\/\\\/vitablanca.ma\\\/#website\",\"url\":\"https:\\\/\\\/vitablanca.ma\\\/\",\"name\":\"VitaBlanca.ma | Compl\u00e9ments alimentaires, sant\u00e9 & beaut\u00e9 au Maroc\",\"description\":\"vendre vitamines et compl\u00e9ments premium des USA &amp; Canada, Nouvelle Z\u00e9lande,Maroc (NOW Foods, Solgar, Manuka). Livraison rapide partout au Maroc.\",\"publisher\":{\"@id\":\"https:\\\/\\\/vitablanca.ma\\\/#organization\"},\"alternateName\":\"VitaBlanca.ma\",\"potentialAction\":[{\"@type\":\"SearchAction\",\"target\":{\"@type\":\"EntryPoint\",\"urlTemplate\":\"https:\\\/\\\/vitablanca.ma\\\/?s={search_term_string}\"},\"query-input\":{\"@type\":\"PropertyValueSpecification\",\"valueRequired\":true,\"valueName\":\"search_term_string\"}}],\"inLanguage\":\"en-US\"},{\"@type\":\"Organization\",\"@id\":\"https:\\\/\\\/vitablanca.ma\\\/#organization\",\"name\":\"VitaBlanca\",\"url\":\"https:\\\/\\\/vitablanca.ma\\\/\",\"logo\":{\"@type\":\"ImageObject\",\"inLanguage\":\"en-US\",\"@id\":\"https:\\\/\\\/vitablanca.ma\\\/#\\\/schema\\\/logo\\\/image\\\/\",\"url\":\"https:\\\/\\\/vitablanca.ma\\\/wp-content\\\/uploads\\\/2025\\\/05\\\/cropped-vitablanca.png\",\"contentUrl\":\"https:\\\/\\\/vitablanca.ma\\\/wp-content\\\/uploads\\\/2025\\\/05\\\/cropped-vitablanca.png\",\"width\":360,\"height\":67,\"caption\":\"VitaBlanca\"},\"image\":{\"@id\":\"https:\\\/\\\/vitablanca.ma\\\/#\\\/schema\\\/logo\\\/image\\\/\"},\"sameAs\":[\"https:\\\/\\\/www.facebook.com\\\/profile.php?id=61576678196717\",\"https:\\\/\\\/www.tiktok.com\\\/@vitablanca.ma\",\"https:\\\/\\\/www.instagram.com\\\/vitablanca.ma\\\/\"]}]}<\/script>\n<!-- \/ Yoast SEO plugin. -->","yoast_head_json":{"title":"Janssen Cosmetics Men 24\/7 Energizing Cream 50ml - Morocco Price","description":"Janssen Cosmetics Men 24\/7 Energizing Cream 50ml","robots":{"index":"index","follow":"follow","max-snippet":"max-snippet:-1","max-image-preview":"max-image-preview:large","max-video-preview":"max-video-preview:-1"},"canonical":"https:\/\/vitablanca.ma\/en\/product\/janssen-cosmetics-men-24-7-creme-energisante-50ml\/","og_locale":"en_US","og_type":"article","og_title":"Janssen Cosmetics Men 24\/7 Cr\u00e8me \u00c9nergisante 50ml - Maroc Prix","og_description":"Janssen Cosmetics Men 24\/7 Cr\u00e8me \u00c9nergisante 50ml","og_url":"https:\/\/vitablanca.ma\/en\/product\/janssen-cosmetics-men-24-7-creme-energisante-50ml\/","og_site_name":"Vitablanca.ma &ndash; Sant&eacute;, vitalit&eacute; et bien-&ecirc;tre pour tous les Marocains","article_publisher":"https:\/\/www.facebook.com\/profile.php?id=61576678196717","og_image":[{"width":1000,"height":1000,"url":"https:\/\/vitablanca.ma\/wp-content\/uploads\/2025\/06\/Janssen-Cosmetics-Men-24-7-Creme-Energisante-50ml-novapara-maroc.jpg","type":"image\/jpeg"}],"twitter_card":"summary_large_image","twitter_misc":{"Est. reading time":"1 minute"},"schema":{"@context":"https:\/\/schema.org","@graph":[{"@type":["WebPage","ItemPage"],"@id":"https:\/\/vitablanca.ma\/produit\/janssen-cosmetics-men-24-7-creme-energisante-50ml\/","url":"https:\/\/vitablanca.ma\/produit\/janssen-cosmetics-men-24-7-creme-energisante-50ml\/","name":"Janssen Cosmetics Men 24\/7 Energizing Cream 50ml - Morocco Price","isPartOf":{"@id":"https:\/\/vitablanca.ma\/#website"},"primaryImageOfPage":{"@id":"https:\/\/vitablanca.ma\/produit\/janssen-cosmetics-men-24-7-creme-energisante-50ml\/#primaryimage"},"image":{"@id":"https:\/\/vitablanca.ma\/produit\/janssen-cosmetics-men-24-7-creme-energisante-50ml\/#primaryimage"},"thumbnailUrl":"https:\/\/vitablanca.ma\/wp-content\/uploads\/2025\/06\/Janssen-Cosmetics-Men-24-7-Creme-Energisante-50ml-novapara-maroc.jpg","datePublished":"2025-06-10T17:53:59+00:00","description":"Janssen Cosmetics Men 24\/7 Energizing Cream 50ml","breadcrumb":{"@id":"https:\/\/vitablanca.ma\/produit\/janssen-cosmetics-men-24-7-creme-energisante-50ml\/#breadcrumb"},"inLanguage":"en-US","potentialAction":[{"@type":"ReadAction","target":["https:\/\/vitablanca.ma\/produit\/janssen-cosmetics-men-24-7-creme-energisante-50ml\/"]}]},{"@type":"ImageObject","inLanguage":"en-US","@id":"https:\/\/vitablanca.ma\/produit\/janssen-cosmetics-men-24-7-creme-energisante-50ml\/#primaryimage","url":"https:\/\/vitablanca.ma\/wp-content\/uploads\/2025\/06\/Janssen-Cosmetics-Men-24-7-Creme-Energisante-50ml-novapara-maroc.jpg","contentUrl":"https:\/\/vitablanca.ma\/wp-content\/uploads\/2025\/06\/Janssen-Cosmetics-Men-24-7-Creme-Energisante-50ml-novapara-maroc.jpg","width":1000,"height":1000},{"@type":"BreadcrumbList","@id":"https:\/\/vitablanca.ma\/produit\/janssen-cosmetics-men-24-7-creme-energisante-50ml\/#breadcrumb","itemListElement":[{"@type":"ListItem","position":1,"name":"Home","item":"https:\/\/vitablanca.ma\/"},{"@type":"ListItem","position":2,"name":"Tous Les Produits","item":"https:\/\/vitablanca.ma\/tous-les-produits\/"},{"@type":"ListItem","position":3,"name":"Janssen Cosmetics Men 24\/7 Cr\u00e8me \u00c9nergisante 50ml"}]},{"@type":"WebSite","@id":"https:\/\/vitablanca.ma\/#website","url":"https:\/\/vitablanca.ma\/","name":"VitaBlanca.ma | Food supplements, health &amp; beauty in Morocco","description":"sell premium vitamins and supplements from USA &amp; Canada, New Zealand, Morocco (NOW Foods, Solgar, Manuka). Fast delivery anywhere in Morocco.","publisher":{"@id":"https:\/\/vitablanca.ma\/#organization"},"alternateName":"VitaBlanca.ma","potentialAction":[{"@type":"SearchAction","target":{"@type":"EntryPoint","urlTemplate":"https:\/\/vitablanca.ma\/?s={search_term_string}"},"query-input":{"@type":"PropertyValueSpecification","valueRequired":true,"valueName":"search_term_string"}}],"inLanguage":"en-US"},{"@type":"Organization","@id":"https:\/\/vitablanca.ma\/#organization","name":"VitaBlanca","url":"https:\/\/vitablanca.ma\/","logo":{"@type":"ImageObject","inLanguage":"en-US","@id":"https:\/\/vitablanca.ma\/#\/schema\/logo\/image\/","url":"https:\/\/vitablanca.ma\/wp-content\/uploads\/2025\/05\/cropped-vitablanca.png","contentUrl":"https:\/\/vitablanca.ma\/wp-content\/uploads\/2025\/05\/cropped-vitablanca.png","width":360,"height":67,"caption":"VitaBlanca"},"image":{"@id":"https:\/\/vitablanca.ma\/#\/schema\/logo\/image\/"},"sameAs":["https:\/\/www.facebook.com\/profile.php?id=61576678196717","https:\/\/www.tiktok.com\/@vitablanca.ma","https:\/\/www.instagram.com\/vitablanca.ma\/"]}]}},"jetpack_sharing_enabled":true,"_links":{"self":[{"href":"https:\/\/vitablanca.ma\/en\/wp-json\/wp\/v2\/product\/19245","targetHints":{"allow":["GET"]}}],"collection":[{"href":"https:\/\/vitablanca.ma\/en\/wp-json\/wp\/v2\/product"}],"about":[{"href":"https:\/\/vitablanca.ma\/en\/wp-json\/wp\/v2\/types\/product"}],"wp:featuredmedia":[{"embeddable":true,"href":"https:\/\/vitablanca.ma\/en\/wp-json\/wp\/v2\/media\/19235"}],"wp:attachment":[{"href":"https:\/\/vitablanca.ma\/en\/wp-json\/wp\/v2\/media?parent=19245"}],"wp:term":[{"taxonomy":"product_brand","embeddable":true,"href":"https:\/\/vitablanca.ma\/en\/wp-json\/wp\/v2\/product_brand?post=19245"},{"taxonomy":"product_cat","embeddable":true,"href":"https:\/\/vitablanca.ma\/en\/wp-json\/wp\/v2\/product_cat?post=19245"},{"taxonomy":"product_tag","embeddable":true,"href":"https:\/\/vitablanca.ma\/en\/wp-json\/wp\/v2\/product_tag?post=19245"}],"curies":[{"name":"wp","href":"https:\/\/api.w.org\/{rel}","templated":true}]}}