{"id":19228,"date":"2025-06-10T17:53:27","date_gmt":"2025-06-10T17:53:27","guid":{"rendered":"https:\/\/vitablanca.ma\/product\/gum-teens-brosse-a-dents-904\/"},"modified":"2025-06-10T17:53:27","modified_gmt":"2025-06-10T17:53:27","slug":"gum-teens-brosse-a-dents-904","status":"publish","type":"product","link":"https:\/\/vitablanca.ma\/en\/product\/gum-teens-brosse-a-dents-904\/","title":{"rendered":"Gum TEENS Toothbrush (904)"},"content":{"rendered":"<div class=\"product detail parbase\" data-mce-fragment=\"1\">\n<div class=\"gum-Product cq-dd-product-data-reference grid-container\" data-mce-fragment=\"1\">\n<div data-v-317ff41e=\"\" class=\"custom-grid grid-x grid-margin-x small-mt-60 small-mb-60 medium-mb-120\" data-mce-fragment=\"1\">\n<div data-v-317ff41e=\"\" class=\"cell medium-7 float-right text-center medium-text-left medium-pr-60 large-pr-120\" data-mce-fragment=\"1\">\n<div data-v-317ff41e=\"\" class=\"h3-title small-mb-30 medium-mb-60 medium-mt-0 c-txt-grey-dark\" data-mce-fragment=\"1\">\n<h2 data-mce-fragment=\"1\">Gum TEENS Toothbrush (904) choose from a range of fresh and trendy colors<\/h2>\n<p data-v-317ff41e=\"\" data-mce-fragment=\"1\">Specially designed to care for the teeth and gums of children aged 10 and over, this designer toothbrush comes in a range of bright, trendy colors.<\/p>\n<\/div>\n<\/div>\n<\/div>\n<\/div>\n<\/div>\n<div class=\"product-detail-parsys\" data-mce-fragment=\"1\">\n<div class=\"container-narrow\" data-mce-fragment=\"1\">\n<div data-mce-fragment=\"1\">\n<div class=\"experiencefragment\" data-mce-fragment=\"1\">\n<div class=\"xf-content-height\" data-mce-fragment=\"1\">\n<div class=\"producthighlights parbase\" data-mce-fragment=\"1\">\n<div class=\"grid-container small-mt-45 medium-mt-90 small-mb-45 medium-mb-90\" data-mce-fragment=\"1\">\n<div class=\"grid-x align-center\" data-mce-fragment=\"1\">\n<div class=\"small-12 medium-10 cell producthighlights__inner c-bg-gradient-default c-txt-white small-p-30 medium-p-60 small-pl-45 small-pr-45 medium-pl-90 medium-pr-90 large-pl-120 large-pr-120\" data-mce-fragment=\"1\">\n<div class=\"grid-container full\" data-mce-fragment=\"1\">\n<div class=\"grid-x align-justify grid-x--single-col\" data-mce-fragment=\"1\">\n<div class=\"cell small-12\" data-mce-fragment=\"1\">\n<div class=\"aem-fix\" data-mce-fragment=\"1\">\n<div class=\"aem-fix\" data-mce-fragment=\"1\">\n<h3 class=\"small-mb-15 small-mt-0 medium-mb-30 medium-mt-0 c-txt-white text-center\" data-mce-fragment=\"1\">Points<span data-mce-fragment=\"1\">\u00a0<\/span><b data-mce-fragment=\"1\">STRONG<\/b><br \/>\n<\/h3>\n<\/div>\n<div class=\"aem-fix\" data-mce-fragment=\"1\">\n<ul data-mce-fragment=\"1\">\n<li data-mce-fragment=\"1\">Compact head suitable for this age group<\/li>\n<li data-mce-fragment=\"1\">Choose from a range of fresh and trendy colors<\/li>\n<li data-mce-fragment=\"1\">Soft bristles to gently remove plaque\u00a0<\/li>\n<li data-mce-fragment=\"1\">Ergonomic handle with thumb rest for easy grip<\/li>\n<\/ul>\n<\/div>\n<\/div>\n<\/div>\n<\/div>\n<\/div>\n<\/div>\n<\/div>\n<\/div>\n<\/div>\n<\/div>\n<\/div>\n<\/div>\n<\/div>\n<\/div>","protected":false},"excerpt":{"rendered":"<p>Gum TEENS Brosse \u00e0 Dents (904) choisissez parmi une gamme de couleurs fra\u00eeches et tendances Sp\u00e9cialement con\u00e7ue pour prendre soin des dents et gencives des enfants de 10 ans et plus, cette brosse \u00e0 dents design se d\u00e9cline en une gamme de couleurs vives et tendances. Points\u00a0FORTS T\u00eate compacte adapt\u00e9e \u00e0 cette tranche d\u2019\u00e2ge Choisissez [&hellip;]<\/p>\n","protected":false},"featured_media":19221,"template":"","meta":{"om_disable_all_campaigns":false},"product_brand":[],"product_cat":[15],"product_tag":[],"class_list":{"0":"post-19228","1":"product","2":"type-product","3":"status-publish","4":"has-post-thumbnail","6":"product_cat-beaute-sante-complements-alimentaires-soins-et-bien-etre-au-meilleur-prix","8":"first","9":"instock","10":"sale","11":"taxable","12":"shipping-taxable","13":"purchasable","14":"product-type-simple"},"yoast_head":"<!-- This site is optimized with the Yoast SEO plugin v27.4 - https:\/\/yoast.com\/product\/yoast-seo-wordpress\/ -->\n<title>Gum TEENS Brosse \u00e0 Dents (904) - Maroc Prix<\/title>\n<meta name=\"description\" content=\"Gum TEENS Brosse \u00e0 Dents (904)\" \/>\n<meta name=\"robots\" content=\"index, follow, max-snippet:-1, max-image-preview:large, max-video-preview:-1\" \/>\n<link rel=\"canonical\" href=\"https:\/\/vitablanca.ma\/en\/product\/gum-teens-brosse-a-dents-904\/\" \/>\n<meta property=\"og:locale\" content=\"en_US\" \/>\n<meta property=\"og:type\" content=\"article\" \/>\n<meta property=\"og:title\" content=\"Gum TEENS Brosse \u00e0 Dents (904) - Maroc Prix\" \/>\n<meta property=\"og:description\" content=\"Gum TEENS Brosse \u00e0 Dents (904)\" \/>\n<meta property=\"og:url\" content=\"https:\/\/vitablanca.ma\/en\/product\/gum-teens-brosse-a-dents-904\/\" \/>\n<meta property=\"og:site_name\" content=\"Vitablanca.ma &ndash; Sant&eacute;, vitalit&eacute; et bien-&ecirc;tre pour tous les Marocains\" \/>\n<meta property=\"article:publisher\" content=\"https:\/\/www.facebook.com\/profile.php?id=61576678196717\" \/>\n<meta property=\"og:image\" content=\"https:\/\/vitablanca.ma\/wp-content\/uploads\/2025\/06\/Gum-TEENS-Brosse-a-Dents-_904_-nova-parapharmacie-maroc.png\" \/>\n\t<meta property=\"og:image:width\" content=\"1000\" \/>\n\t<meta property=\"og:image:height\" content=\"1000\" \/>\n\t<meta property=\"og:image:type\" content=\"image\/png\" \/>\n<meta name=\"twitter:card\" content=\"summary_large_image\" \/>\n<script type=\"application\/ld+json\" class=\"yoast-schema-graph\">{\"@context\":\"https:\\\/\\\/schema.org\",\"@graph\":[{\"@type\":[\"WebPage\",\"ItemPage\"],\"@id\":\"https:\\\/\\\/vitablanca.ma\\\/produit\\\/gum-teens-brosse-a-dents-904\\\/\",\"url\":\"https:\\\/\\\/vitablanca.ma\\\/produit\\\/gum-teens-brosse-a-dents-904\\\/\",\"name\":\"Gum TEENS Brosse \u00e0 Dents (904) - Maroc Prix\",\"isPartOf\":{\"@id\":\"https:\\\/\\\/vitablanca.ma\\\/#website\"},\"primaryImageOfPage\":{\"@id\":\"https:\\\/\\\/vitablanca.ma\\\/produit\\\/gum-teens-brosse-a-dents-904\\\/#primaryimage\"},\"image\":{\"@id\":\"https:\\\/\\\/vitablanca.ma\\\/produit\\\/gum-teens-brosse-a-dents-904\\\/#primaryimage\"},\"thumbnailUrl\":\"https:\\\/\\\/vitablanca.ma\\\/wp-content\\\/uploads\\\/2025\\\/06\\\/Gum-TEENS-Brosse-a-Dents-_904_-nova-parapharmacie-maroc.png\",\"datePublished\":\"2025-06-10T17:53:27+00:00\",\"description\":\"Gum TEENS Brosse \u00e0 Dents (904)\",\"breadcrumb\":{\"@id\":\"https:\\\/\\\/vitablanca.ma\\\/produit\\\/gum-teens-brosse-a-dents-904\\\/#breadcrumb\"},\"inLanguage\":\"en-US\",\"potentialAction\":[{\"@type\":\"ReadAction\",\"target\":[\"https:\\\/\\\/vitablanca.ma\\\/produit\\\/gum-teens-brosse-a-dents-904\\\/\"]}]},{\"@type\":\"ImageObject\",\"inLanguage\":\"en-US\",\"@id\":\"https:\\\/\\\/vitablanca.ma\\\/produit\\\/gum-teens-brosse-a-dents-904\\\/#primaryimage\",\"url\":\"https:\\\/\\\/vitablanca.ma\\\/wp-content\\\/uploads\\\/2025\\\/06\\\/Gum-TEENS-Brosse-a-Dents-_904_-nova-parapharmacie-maroc.png\",\"contentUrl\":\"https:\\\/\\\/vitablanca.ma\\\/wp-content\\\/uploads\\\/2025\\\/06\\\/Gum-TEENS-Brosse-a-Dents-_904_-nova-parapharmacie-maroc.png\",\"width\":1000,\"height\":1000},{\"@type\":\"BreadcrumbList\",\"@id\":\"https:\\\/\\\/vitablanca.ma\\\/produit\\\/gum-teens-brosse-a-dents-904\\\/#breadcrumb\",\"itemListElement\":[{\"@type\":\"ListItem\",\"position\":1,\"name\":\"Home\",\"item\":\"https:\\\/\\\/vitablanca.ma\\\/\"},{\"@type\":\"ListItem\",\"position\":2,\"name\":\"Tous Les Produits\",\"item\":\"https:\\\/\\\/vitablanca.ma\\\/tous-les-produits\\\/\"},{\"@type\":\"ListItem\",\"position\":3,\"name\":\"Gum TEENS Brosse \u00e0 Dents (904)\"}]},{\"@type\":\"WebSite\",\"@id\":\"https:\\\/\\\/vitablanca.ma\\\/#website\",\"url\":\"https:\\\/\\\/vitablanca.ma\\\/\",\"name\":\"VitaBlanca.ma | Compl\u00e9ments alimentaires, sant\u00e9 & beaut\u00e9 au Maroc\",\"description\":\"vendre vitamines et compl\u00e9ments premium des USA &amp; Canada, Nouvelle Z\u00e9lande,Maroc (NOW Foods, Solgar, Manuka). Livraison rapide partout au Maroc.\",\"publisher\":{\"@id\":\"https:\\\/\\\/vitablanca.ma\\\/#organization\"},\"alternateName\":\"VitaBlanca.ma\",\"potentialAction\":[{\"@type\":\"SearchAction\",\"target\":{\"@type\":\"EntryPoint\",\"urlTemplate\":\"https:\\\/\\\/vitablanca.ma\\\/?s={search_term_string}\"},\"query-input\":{\"@type\":\"PropertyValueSpecification\",\"valueRequired\":true,\"valueName\":\"search_term_string\"}}],\"inLanguage\":\"en-US\"},{\"@type\":\"Organization\",\"@id\":\"https:\\\/\\\/vitablanca.ma\\\/#organization\",\"name\":\"VitaBlanca\",\"url\":\"https:\\\/\\\/vitablanca.ma\\\/\",\"logo\":{\"@type\":\"ImageObject\",\"inLanguage\":\"en-US\",\"@id\":\"https:\\\/\\\/vitablanca.ma\\\/#\\\/schema\\\/logo\\\/image\\\/\",\"url\":\"https:\\\/\\\/vitablanca.ma\\\/wp-content\\\/uploads\\\/2025\\\/05\\\/cropped-vitablanca.png\",\"contentUrl\":\"https:\\\/\\\/vitablanca.ma\\\/wp-content\\\/uploads\\\/2025\\\/05\\\/cropped-vitablanca.png\",\"width\":360,\"height\":67,\"caption\":\"VitaBlanca\"},\"image\":{\"@id\":\"https:\\\/\\\/vitablanca.ma\\\/#\\\/schema\\\/logo\\\/image\\\/\"},\"sameAs\":[\"https:\\\/\\\/www.facebook.com\\\/profile.php?id=61576678196717\",\"https:\\\/\\\/www.tiktok.com\\\/@vitablanca.ma\",\"https:\\\/\\\/www.instagram.com\\\/vitablanca.ma\\\/\"]}]}<\/script>\n<!-- \/ Yoast SEO plugin. -->","yoast_head_json":{"title":"Gum TEENS Toothbrush (904) - Morocco Price","description":"Gum TEENS Toothbrush (904)","robots":{"index":"index","follow":"follow","max-snippet":"max-snippet:-1","max-image-preview":"max-image-preview:large","max-video-preview":"max-video-preview:-1"},"canonical":"https:\/\/vitablanca.ma\/en\/product\/gum-teens-brosse-a-dents-904\/","og_locale":"en_US","og_type":"article","og_title":"Gum TEENS Brosse \u00e0 Dents (904) - Maroc Prix","og_description":"Gum TEENS Brosse \u00e0 Dents (904)","og_url":"https:\/\/vitablanca.ma\/en\/product\/gum-teens-brosse-a-dents-904\/","og_site_name":"Vitablanca.ma &ndash; Sant&eacute;, vitalit&eacute; et bien-&ecirc;tre pour tous les Marocains","article_publisher":"https:\/\/www.facebook.com\/profile.php?id=61576678196717","og_image":[{"width":1000,"height":1000,"url":"https:\/\/vitablanca.ma\/wp-content\/uploads\/2025\/06\/Gum-TEENS-Brosse-a-Dents-_904_-nova-parapharmacie-maroc.png","type":"image\/png"}],"twitter_card":"summary_large_image","schema":{"@context":"https:\/\/schema.org","@graph":[{"@type":["WebPage","ItemPage"],"@id":"https:\/\/vitablanca.ma\/produit\/gum-teens-brosse-a-dents-904\/","url":"https:\/\/vitablanca.ma\/produit\/gum-teens-brosse-a-dents-904\/","name":"Gum TEENS Toothbrush (904) - Morocco Price","isPartOf":{"@id":"https:\/\/vitablanca.ma\/#website"},"primaryImageOfPage":{"@id":"https:\/\/vitablanca.ma\/produit\/gum-teens-brosse-a-dents-904\/#primaryimage"},"image":{"@id":"https:\/\/vitablanca.ma\/produit\/gum-teens-brosse-a-dents-904\/#primaryimage"},"thumbnailUrl":"https:\/\/vitablanca.ma\/wp-content\/uploads\/2025\/06\/Gum-TEENS-Brosse-a-Dents-_904_-nova-parapharmacie-maroc.png","datePublished":"2025-06-10T17:53:27+00:00","description":"Gum TEENS Toothbrush (904)","breadcrumb":{"@id":"https:\/\/vitablanca.ma\/produit\/gum-teens-brosse-a-dents-904\/#breadcrumb"},"inLanguage":"en-US","potentialAction":[{"@type":"ReadAction","target":["https:\/\/vitablanca.ma\/produit\/gum-teens-brosse-a-dents-904\/"]}]},{"@type":"ImageObject","inLanguage":"en-US","@id":"https:\/\/vitablanca.ma\/produit\/gum-teens-brosse-a-dents-904\/#primaryimage","url":"https:\/\/vitablanca.ma\/wp-content\/uploads\/2025\/06\/Gum-TEENS-Brosse-a-Dents-_904_-nova-parapharmacie-maroc.png","contentUrl":"https:\/\/vitablanca.ma\/wp-content\/uploads\/2025\/06\/Gum-TEENS-Brosse-a-Dents-_904_-nova-parapharmacie-maroc.png","width":1000,"height":1000},{"@type":"BreadcrumbList","@id":"https:\/\/vitablanca.ma\/produit\/gum-teens-brosse-a-dents-904\/#breadcrumb","itemListElement":[{"@type":"ListItem","position":1,"name":"Home","item":"https:\/\/vitablanca.ma\/"},{"@type":"ListItem","position":2,"name":"Tous Les Produits","item":"https:\/\/vitablanca.ma\/tous-les-produits\/"},{"@type":"ListItem","position":3,"name":"Gum TEENS Brosse \u00e0 Dents (904)"}]},{"@type":"WebSite","@id":"https:\/\/vitablanca.ma\/#website","url":"https:\/\/vitablanca.ma\/","name":"VitaBlanca.ma | Food supplements, health &amp; beauty in Morocco","description":"sell premium vitamins and supplements from USA &amp; Canada, New Zealand, Morocco (NOW Foods, Solgar, Manuka). Fast delivery anywhere in Morocco.","publisher":{"@id":"https:\/\/vitablanca.ma\/#organization"},"alternateName":"VitaBlanca.ma","potentialAction":[{"@type":"SearchAction","target":{"@type":"EntryPoint","urlTemplate":"https:\/\/vitablanca.ma\/?s={search_term_string}"},"query-input":{"@type":"PropertyValueSpecification","valueRequired":true,"valueName":"search_term_string"}}],"inLanguage":"en-US"},{"@type":"Organization","@id":"https:\/\/vitablanca.ma\/#organization","name":"VitaBlanca","url":"https:\/\/vitablanca.ma\/","logo":{"@type":"ImageObject","inLanguage":"en-US","@id":"https:\/\/vitablanca.ma\/#\/schema\/logo\/image\/","url":"https:\/\/vitablanca.ma\/wp-content\/uploads\/2025\/05\/cropped-vitablanca.png","contentUrl":"https:\/\/vitablanca.ma\/wp-content\/uploads\/2025\/05\/cropped-vitablanca.png","width":360,"height":67,"caption":"VitaBlanca"},"image":{"@id":"https:\/\/vitablanca.ma\/#\/schema\/logo\/image\/"},"sameAs":["https:\/\/www.facebook.com\/profile.php?id=61576678196717","https:\/\/www.tiktok.com\/@vitablanca.ma","https:\/\/www.instagram.com\/vitablanca.ma\/"]}]}},"jetpack_sharing_enabled":true,"_links":{"self":[{"href":"https:\/\/vitablanca.ma\/en\/wp-json\/wp\/v2\/product\/19228","targetHints":{"allow":["GET"]}}],"collection":[{"href":"https:\/\/vitablanca.ma\/en\/wp-json\/wp\/v2\/product"}],"about":[{"href":"https:\/\/vitablanca.ma\/en\/wp-json\/wp\/v2\/types\/product"}],"wp:featuredmedia":[{"embeddable":true,"href":"https:\/\/vitablanca.ma\/en\/wp-json\/wp\/v2\/media\/19221"}],"wp:attachment":[{"href":"https:\/\/vitablanca.ma\/en\/wp-json\/wp\/v2\/media?parent=19228"}],"wp:term":[{"taxonomy":"product_brand","embeddable":true,"href":"https:\/\/vitablanca.ma\/en\/wp-json\/wp\/v2\/product_brand?post=19228"},{"taxonomy":"product_cat","embeddable":true,"href":"https:\/\/vitablanca.ma\/en\/wp-json\/wp\/v2\/product_cat?post=19228"},{"taxonomy":"product_tag","embeddable":true,"href":"https:\/\/vitablanca.ma\/en\/wp-json\/wp\/v2\/product_tag?post=19228"}],"curies":[{"name":"wp","href":"https:\/\/api.w.org\/{rel}","templated":true}]}}