{"id":19219,"date":"2025-06-10T17:52:56","date_gmt":"2025-06-10T17:52:56","guid":{"rendered":"https:\/\/vitablanca.ma\/product\/janssen-cosmetics-creme-contour-fermete-50ml\/"},"modified":"2025-06-10T17:52:56","modified_gmt":"2025-06-10T17:52:56","slug":"janssen-cosmetics-creme-contour-fermete-50ml","status":"publish","type":"product","link":"https:\/\/vitablanca.ma\/en\/product\/janssen-cosmetics-creme-contour-fermete-50ml\/","title":{"rendered":"Janssen Cosmetics Firming Contour Cream 50ml"},"content":{"rendered":"<h2>Janssen Cosmetics Firming Contour Cream<span data-mce-fragment=\"1\">\u00a0for visibly redefined facial contours.<\/span>\u00a0<br \/>\n<\/h2>\n<div class=\"descbox\" data-mce-fragment=\"\">Creamy, firming treatment cream for visibly redefined facial contours.\n<\/div>\n<div class=\"mb-2\" data-mce-fragment=\"1\">\n<p class=\"cs95E872D0\" data-mce-fragment=\"1\"><span class=\"csD5D7D290\" data-mce-fragment=\"1\">Firming treatment cream with a creamy texture. For visibly smoother and more even skin and a firmer face with redefined contours. Contains: elastin-stimulating peptides, pure Japanese silk, short- and long-chain hyaluronic acid, macadamia nut oil, vitamin E acetate, plant extracts<\/span>\u00a0<br data-mce-fragment=\"1\"><\/p>\n<\/div>\n<div class=\"descbox2\" data-mce-fragment=\"1\">\n<h3 data-mce-fragment=\"1\">APPLICATION<\/h3>\n<div class=\"mb-2\" data-mce-fragment=\"1\">\n<p class=\"cs95E872D0\" data-mce-fragment=\"1\"><span class=\"csD5D7D290\" data-mce-fragment=\"1\">Apply Firming Contour Cream morning and\/or evening to well-cleansed skin on the face and d\u00e9collet\u00e9.<\/span><\/p>\n<p class=\"cs95E872D0\" data-mce-fragment=\"1\"><span class=\"cs52DB4310\" data-mce-fragment=\"1\">Recommendation :<span data-mce-fragment=\"1\">\u00a0<\/span><\/span><span class=\"cs43C038A\" data-mce-fragment=\"1\">Advanced Protective Care effectively protects the skin against UV rays and thus prevents premature skin aging. Simply apply this ultra-light emulsion under your Firming Contour Cream during the day.<\/span><\/p>\n<\/div>\n<\/div>\n<div class=\"descbox3\" data-mce-fragment=\"1\">\n<h3 data-mce-fragment=\"1\">INGREDIENTS<\/h3>\n<div class=\"mb-2\" data-mce-fragment=\"1\">\n<p class=\"cs95E872D0\" data-mce-fragment=\"1\"><span class=\"cs31D24DEE\" data-mce-fragment=\"1\">\u2022 Elastin-stimulating peptides<\/span><span class=\"csD5D7D290\" data-mce-fragment=\"1\"><span data-mce-fragment=\"1\">\u00a0<\/span>; activate the synthesis of elastin fibers in fibroblasts, firm the structure of connective tissue and lift facial contours<\/span><\/p>\n<p class=\"cs95E872D0\" data-mce-fragment=\"1\"><span class=\"cs31D24DEE\" data-mce-fragment=\"1\">\u2022 SORR plant extract:<span data-mce-fragment=\"1\">\u00a0<\/span><\/span><span class=\"csD5D7D290\" data-mce-fragment=\"1\">highly effective extract from the plants Siegesbeckia Orientalis and Rabdosia Rubescens, has an antioxidant effect, provides an even and radiant complexion<\/span><\/p>\n<p class=\"cs95E872D0\" data-mce-fragment=\"1\"><span class=\"cs31D24DEE\" data-mce-fragment=\"1\">\u2022 Long and short chain hyaluronic acid:<span data-mce-fragment=\"1\">\u00a0<\/span><\/span><span class=\"csD5D7D290\" data-mce-fragment=\"1\">intensively moisturizes, retains and maintains moisture in skin tissue<\/span><\/p>\n<p class=\"cs95E872D0\" data-mce-fragment=\"1\"><span class=\"cs31D24DEE\" data-mce-fragment=\"1\">\u2022 Pure Japanese silk:<span data-mce-fragment=\"1\">\u00a0<\/span><\/span><span class=\"csD5D7D290\" data-mce-fragment=\"1\">has a structure comparable to that of skin, absorbs quickly, protects against skin dryness and provides soft and silky skin<\/span><\/p>\n<p class=\"cs95E872D0\" data-mce-fragment=\"1\"><span class=\"cs31D24DEE\" data-mce-fragment=\"1\">\u2022 Macadamia nut oil:<span data-mce-fragment=\"1\">\u00a0<\/span><\/span><span class=\"csD5D7D290\" data-mce-fragment=\"1\">softens and smoothes the skin<\/span><\/p>\n<p class=\"cs95E872D0\" data-mce-fragment=\"1\"><span class=\"cs31D24DEE\" data-mce-fragment=\"1\">\u2022 Isostearyl isostearate:<span data-mce-fragment=\"1\">\u00a0<\/span><\/span><span class=\"csD5D7D290\" data-mce-fragment=\"1\">improves lipid maintenance in the stratum corneum and reduces transepidermal moisture loss<\/span><\/p>\n<p class=\"cs95E872D0\" data-mce-fragment=\"1\"><span class=\"cs31D24DEE\" data-mce-fragment=\"1\">\u2022 Vitamin A-Palmitate:<span data-mce-fragment=\"1\">\u00a0<\/span><\/span><span class=\"csD5D7D290\" data-mce-fragment=\"1\">accelerates natural epidermal renewal<\/span><\/p>\n<p class=\"cs95E872D0\" data-mce-fragment=\"1\"><span class=\"cs31D24DEE\" data-mce-fragment=\"1\">\u2022 Vitamin E-acetate:<span data-mce-fragment=\"1\">\u00a0<\/span><\/span><span class=\"csD5D7D290\" data-mce-fragment=\"1\">fights free radicals, provides preventive cellular protection, prevents premature aging<\/span><\/p>\n<\/div>\n<\/div>","protected":false},"excerpt":{"rendered":"<p>Janssen Cosmetics Cr\u00e8me Contour Fermet\u00e9\u00a0pour des contours de visage visiblement red\u00e9finis.\u00a0 Onctueuse cr\u00e8me de soin raffermissante pour des contours de visage visiblement red\u00e9finis. Cr\u00e8me de soin raffermissante \u00e0 texture onctueuse. Pour une peau visiblement plus lisse et plus uniforme et un visage raffermi aux contours red\u00e9finis. Contient: peptides stimulant l\u00b4\u00e9lastine, pure soie du Japon, acide [&hellip;]<\/p>\n","protected":false},"featured_media":19216,"template":"","meta":{"om_disable_all_campaigns":false},"product_brand":[],"product_cat":[15],"product_tag":[],"class_list":{"0":"post-19219","1":"product","2":"type-product","3":"status-publish","4":"has-post-thumbnail","6":"product_cat-beaute-sante-complements-alimentaires-soins-et-bien-etre-au-meilleur-prix","8":"first","9":"instock","10":"sale","11":"taxable","12":"shipping-taxable","13":"purchasable","14":"product-type-simple"},"yoast_head":"<!-- This site is optimized with the Yoast SEO plugin v27.4 - https:\/\/yoast.com\/product\/yoast-seo-wordpress\/ -->\n<title>Janssen Cosmetics Cr\u00e8me Contour Fermet\u00e9 50ml - Maroc Prix<\/title>\n<meta name=\"description\" content=\"Janssen Cosmetics Cr\u00e8me Contour Fermet\u00e9 50ml\" \/>\n<meta name=\"robots\" content=\"index, follow, max-snippet:-1, max-image-preview:large, max-video-preview:-1\" \/>\n<link rel=\"canonical\" href=\"https:\/\/vitablanca.ma\/en\/product\/janssen-cosmetics-creme-contour-fermete-50ml\/\" \/>\n<meta property=\"og:locale\" content=\"en_US\" \/>\n<meta property=\"og:type\" content=\"article\" \/>\n<meta property=\"og:title\" content=\"Janssen Cosmetics Cr\u00e8me Contour Fermet\u00e9 50ml - Maroc Prix\" \/>\n<meta property=\"og:description\" content=\"Janssen Cosmetics Cr\u00e8me Contour Fermet\u00e9 50ml\" \/>\n<meta property=\"og:url\" content=\"https:\/\/vitablanca.ma\/en\/product\/janssen-cosmetics-creme-contour-fermete-50ml\/\" \/>\n<meta property=\"og:site_name\" content=\"Vitablanca.ma &ndash; Sant&eacute;, vitalit&eacute; et bien-&ecirc;tre pour tous les Marocains\" \/>\n<meta property=\"article:publisher\" content=\"https:\/\/www.facebook.com\/profile.php?id=61576678196717\" \/>\n<meta property=\"og:image\" content=\"https:\/\/vitablanca.ma\/wp-content\/uploads\/2025\/06\/Janssen-Cosmetics-Creme-Contour-Fermete-50ml-nova-parapharmacie-maroc.jpg\" \/>\n\t<meta property=\"og:image:width\" content=\"1000\" \/>\n\t<meta property=\"og:image:height\" content=\"1000\" \/>\n\t<meta property=\"og:image:type\" content=\"image\/jpeg\" \/>\n<meta name=\"twitter:card\" content=\"summary_large_image\" \/>\n<meta name=\"twitter:label1\" content=\"Est. reading time\" \/>\n\t<meta name=\"twitter:data1\" content=\"2 minutes\" \/>\n<script type=\"application\/ld+json\" class=\"yoast-schema-graph\">{\"@context\":\"https:\\\/\\\/schema.org\",\"@graph\":[{\"@type\":[\"WebPage\",\"ItemPage\"],\"@id\":\"https:\\\/\\\/vitablanca.ma\\\/produit\\\/janssen-cosmetics-creme-contour-fermete-50ml\\\/\",\"url\":\"https:\\\/\\\/vitablanca.ma\\\/produit\\\/janssen-cosmetics-creme-contour-fermete-50ml\\\/\",\"name\":\"Janssen Cosmetics Cr\u00e8me Contour Fermet\u00e9 50ml - Maroc Prix\",\"isPartOf\":{\"@id\":\"https:\\\/\\\/vitablanca.ma\\\/#website\"},\"primaryImageOfPage\":{\"@id\":\"https:\\\/\\\/vitablanca.ma\\\/produit\\\/janssen-cosmetics-creme-contour-fermete-50ml\\\/#primaryimage\"},\"image\":{\"@id\":\"https:\\\/\\\/vitablanca.ma\\\/produit\\\/janssen-cosmetics-creme-contour-fermete-50ml\\\/#primaryimage\"},\"thumbnailUrl\":\"https:\\\/\\\/vitablanca.ma\\\/wp-content\\\/uploads\\\/2025\\\/06\\\/Janssen-Cosmetics-Creme-Contour-Fermete-50ml-nova-parapharmacie-maroc.jpg\",\"datePublished\":\"2025-06-10T17:52:56+00:00\",\"description\":\"Janssen Cosmetics Cr\u00e8me Contour Fermet\u00e9 50ml\",\"breadcrumb\":{\"@id\":\"https:\\\/\\\/vitablanca.ma\\\/produit\\\/janssen-cosmetics-creme-contour-fermete-50ml\\\/#breadcrumb\"},\"inLanguage\":\"en-US\",\"potentialAction\":[{\"@type\":\"ReadAction\",\"target\":[\"https:\\\/\\\/vitablanca.ma\\\/produit\\\/janssen-cosmetics-creme-contour-fermete-50ml\\\/\"]}]},{\"@type\":\"ImageObject\",\"inLanguage\":\"en-US\",\"@id\":\"https:\\\/\\\/vitablanca.ma\\\/produit\\\/janssen-cosmetics-creme-contour-fermete-50ml\\\/#primaryimage\",\"url\":\"https:\\\/\\\/vitablanca.ma\\\/wp-content\\\/uploads\\\/2025\\\/06\\\/Janssen-Cosmetics-Creme-Contour-Fermete-50ml-nova-parapharmacie-maroc.jpg\",\"contentUrl\":\"https:\\\/\\\/vitablanca.ma\\\/wp-content\\\/uploads\\\/2025\\\/06\\\/Janssen-Cosmetics-Creme-Contour-Fermete-50ml-nova-parapharmacie-maroc.jpg\",\"width\":1000,\"height\":1000},{\"@type\":\"BreadcrumbList\",\"@id\":\"https:\\\/\\\/vitablanca.ma\\\/produit\\\/janssen-cosmetics-creme-contour-fermete-50ml\\\/#breadcrumb\",\"itemListElement\":[{\"@type\":\"ListItem\",\"position\":1,\"name\":\"Home\",\"item\":\"https:\\\/\\\/vitablanca.ma\\\/\"},{\"@type\":\"ListItem\",\"position\":2,\"name\":\"Tous Les Produits\",\"item\":\"https:\\\/\\\/vitablanca.ma\\\/tous-les-produits\\\/\"},{\"@type\":\"ListItem\",\"position\":3,\"name\":\"Janssen Cosmetics Cr\u00e8me Contour Fermet\u00e9 50ml\"}]},{\"@type\":\"WebSite\",\"@id\":\"https:\\\/\\\/vitablanca.ma\\\/#website\",\"url\":\"https:\\\/\\\/vitablanca.ma\\\/\",\"name\":\"VitaBlanca.ma | Compl\u00e9ments alimentaires, sant\u00e9 & beaut\u00e9 au Maroc\",\"description\":\"vendre vitamines et compl\u00e9ments premium des USA &amp; Canada, Nouvelle Z\u00e9lande,Maroc (NOW Foods, Solgar, Manuka). Livraison rapide partout au Maroc.\",\"publisher\":{\"@id\":\"https:\\\/\\\/vitablanca.ma\\\/#organization\"},\"alternateName\":\"VitaBlanca.ma\",\"potentialAction\":[{\"@type\":\"SearchAction\",\"target\":{\"@type\":\"EntryPoint\",\"urlTemplate\":\"https:\\\/\\\/vitablanca.ma\\\/?s={search_term_string}\"},\"query-input\":{\"@type\":\"PropertyValueSpecification\",\"valueRequired\":true,\"valueName\":\"search_term_string\"}}],\"inLanguage\":\"en-US\"},{\"@type\":\"Organization\",\"@id\":\"https:\\\/\\\/vitablanca.ma\\\/#organization\",\"name\":\"VitaBlanca\",\"url\":\"https:\\\/\\\/vitablanca.ma\\\/\",\"logo\":{\"@type\":\"ImageObject\",\"inLanguage\":\"en-US\",\"@id\":\"https:\\\/\\\/vitablanca.ma\\\/#\\\/schema\\\/logo\\\/image\\\/\",\"url\":\"https:\\\/\\\/vitablanca.ma\\\/wp-content\\\/uploads\\\/2025\\\/05\\\/cropped-vitablanca.png\",\"contentUrl\":\"https:\\\/\\\/vitablanca.ma\\\/wp-content\\\/uploads\\\/2025\\\/05\\\/cropped-vitablanca.png\",\"width\":360,\"height\":67,\"caption\":\"VitaBlanca\"},\"image\":{\"@id\":\"https:\\\/\\\/vitablanca.ma\\\/#\\\/schema\\\/logo\\\/image\\\/\"},\"sameAs\":[\"https:\\\/\\\/www.facebook.com\\\/profile.php?id=61576678196717\",\"https:\\\/\\\/www.tiktok.com\\\/@vitablanca.ma\",\"https:\\\/\\\/www.instagram.com\\\/vitablanca.ma\\\/\"]}]}<\/script>\n<!-- \/ Yoast SEO plugin. -->","yoast_head_json":{"title":"Janssen Cosmetics Firming Contour Cream 50ml - Morocco Price","description":"Janssen Cosmetics Firming Contour Cream 50ml","robots":{"index":"index","follow":"follow","max-snippet":"max-snippet:-1","max-image-preview":"max-image-preview:large","max-video-preview":"max-video-preview:-1"},"canonical":"https:\/\/vitablanca.ma\/en\/product\/janssen-cosmetics-creme-contour-fermete-50ml\/","og_locale":"en_US","og_type":"article","og_title":"Janssen Cosmetics Cr\u00e8me Contour Fermet\u00e9 50ml - Maroc Prix","og_description":"Janssen Cosmetics Cr\u00e8me Contour Fermet\u00e9 50ml","og_url":"https:\/\/vitablanca.ma\/en\/product\/janssen-cosmetics-creme-contour-fermete-50ml\/","og_site_name":"Vitablanca.ma &ndash; Sant&eacute;, vitalit&eacute; et bien-&ecirc;tre pour tous les Marocains","article_publisher":"https:\/\/www.facebook.com\/profile.php?id=61576678196717","og_image":[{"width":1000,"height":1000,"url":"https:\/\/vitablanca.ma\/wp-content\/uploads\/2025\/06\/Janssen-Cosmetics-Creme-Contour-Fermete-50ml-nova-parapharmacie-maroc.jpg","type":"image\/jpeg"}],"twitter_card":"summary_large_image","twitter_misc":{"Est. reading time":"2 minutes"},"schema":{"@context":"https:\/\/schema.org","@graph":[{"@type":["WebPage","ItemPage"],"@id":"https:\/\/vitablanca.ma\/produit\/janssen-cosmetics-creme-contour-fermete-50ml\/","url":"https:\/\/vitablanca.ma\/produit\/janssen-cosmetics-creme-contour-fermete-50ml\/","name":"Janssen Cosmetics Firming Contour Cream 50ml - Morocco Price","isPartOf":{"@id":"https:\/\/vitablanca.ma\/#website"},"primaryImageOfPage":{"@id":"https:\/\/vitablanca.ma\/produit\/janssen-cosmetics-creme-contour-fermete-50ml\/#primaryimage"},"image":{"@id":"https:\/\/vitablanca.ma\/produit\/janssen-cosmetics-creme-contour-fermete-50ml\/#primaryimage"},"thumbnailUrl":"https:\/\/vitablanca.ma\/wp-content\/uploads\/2025\/06\/Janssen-Cosmetics-Creme-Contour-Fermete-50ml-nova-parapharmacie-maroc.jpg","datePublished":"2025-06-10T17:52:56+00:00","description":"Janssen Cosmetics Firming Contour Cream 50ml","breadcrumb":{"@id":"https:\/\/vitablanca.ma\/produit\/janssen-cosmetics-creme-contour-fermete-50ml\/#breadcrumb"},"inLanguage":"en-US","potentialAction":[{"@type":"ReadAction","target":["https:\/\/vitablanca.ma\/produit\/janssen-cosmetics-creme-contour-fermete-50ml\/"]}]},{"@type":"ImageObject","inLanguage":"en-US","@id":"https:\/\/vitablanca.ma\/produit\/janssen-cosmetics-creme-contour-fermete-50ml\/#primaryimage","url":"https:\/\/vitablanca.ma\/wp-content\/uploads\/2025\/06\/Janssen-Cosmetics-Creme-Contour-Fermete-50ml-nova-parapharmacie-maroc.jpg","contentUrl":"https:\/\/vitablanca.ma\/wp-content\/uploads\/2025\/06\/Janssen-Cosmetics-Creme-Contour-Fermete-50ml-nova-parapharmacie-maroc.jpg","width":1000,"height":1000},{"@type":"BreadcrumbList","@id":"https:\/\/vitablanca.ma\/produit\/janssen-cosmetics-creme-contour-fermete-50ml\/#breadcrumb","itemListElement":[{"@type":"ListItem","position":1,"name":"Home","item":"https:\/\/vitablanca.ma\/"},{"@type":"ListItem","position":2,"name":"Tous Les Produits","item":"https:\/\/vitablanca.ma\/tous-les-produits\/"},{"@type":"ListItem","position":3,"name":"Janssen Cosmetics Cr\u00e8me Contour Fermet\u00e9 50ml"}]},{"@type":"WebSite","@id":"https:\/\/vitablanca.ma\/#website","url":"https:\/\/vitablanca.ma\/","name":"VitaBlanca.ma | Food supplements, health &amp; beauty in Morocco","description":"sell premium vitamins and supplements from USA &amp; Canada, New Zealand, Morocco (NOW Foods, Solgar, Manuka). Fast delivery anywhere in Morocco.","publisher":{"@id":"https:\/\/vitablanca.ma\/#organization"},"alternateName":"VitaBlanca.ma","potentialAction":[{"@type":"SearchAction","target":{"@type":"EntryPoint","urlTemplate":"https:\/\/vitablanca.ma\/?s={search_term_string}"},"query-input":{"@type":"PropertyValueSpecification","valueRequired":true,"valueName":"search_term_string"}}],"inLanguage":"en-US"},{"@type":"Organization","@id":"https:\/\/vitablanca.ma\/#organization","name":"VitaBlanca","url":"https:\/\/vitablanca.ma\/","logo":{"@type":"ImageObject","inLanguage":"en-US","@id":"https:\/\/vitablanca.ma\/#\/schema\/logo\/image\/","url":"https:\/\/vitablanca.ma\/wp-content\/uploads\/2025\/05\/cropped-vitablanca.png","contentUrl":"https:\/\/vitablanca.ma\/wp-content\/uploads\/2025\/05\/cropped-vitablanca.png","width":360,"height":67,"caption":"VitaBlanca"},"image":{"@id":"https:\/\/vitablanca.ma\/#\/schema\/logo\/image\/"},"sameAs":["https:\/\/www.facebook.com\/profile.php?id=61576678196717","https:\/\/www.tiktok.com\/@vitablanca.ma","https:\/\/www.instagram.com\/vitablanca.ma\/"]}]}},"jetpack_sharing_enabled":true,"_links":{"self":[{"href":"https:\/\/vitablanca.ma\/en\/wp-json\/wp\/v2\/product\/19219","targetHints":{"allow":["GET"]}}],"collection":[{"href":"https:\/\/vitablanca.ma\/en\/wp-json\/wp\/v2\/product"}],"about":[{"href":"https:\/\/vitablanca.ma\/en\/wp-json\/wp\/v2\/types\/product"}],"wp:featuredmedia":[{"embeddable":true,"href":"https:\/\/vitablanca.ma\/en\/wp-json\/wp\/v2\/media\/19216"}],"wp:attachment":[{"href":"https:\/\/vitablanca.ma\/en\/wp-json\/wp\/v2\/media?parent=19219"}],"wp:term":[{"taxonomy":"product_brand","embeddable":true,"href":"https:\/\/vitablanca.ma\/en\/wp-json\/wp\/v2\/product_brand?post=19219"},{"taxonomy":"product_cat","embeddable":true,"href":"https:\/\/vitablanca.ma\/en\/wp-json\/wp\/v2\/product_cat?post=19219"},{"taxonomy":"product_tag","embeddable":true,"href":"https:\/\/vitablanca.ma\/en\/wp-json\/wp\/v2\/product_tag?post=19219"}],"curies":[{"name":"wp","href":"https:\/\/api.w.org\/{rel}","templated":true}]}}