{"id":19218,"date":"2025-06-10T17:52:55","date_gmt":"2025-06-10T17:52:55","guid":{"rendered":"https:\/\/vitablanca.ma\/product\/jowae-creme-legere-lissante-anti-rides-40ml\/"},"modified":"2025-06-10T17:52:55","modified_gmt":"2025-06-10T17:52:55","slug":"jowae-creme-legere-lissante-anti-rides-40ml","status":"publish","type":"product","link":"https:\/\/vitablanca.ma\/en\/product\/jowae-creme-legere-lissante-anti-rides-40ml\/","title":{"rendered":"Jowa\u00e9 Light Smoothing Anti-Wrinkle Cream 40ml"},"content":{"rendered":"<h2>Jowa\u00e9 Light Smoothing Anti-Wrinkle Cream <span data-mce-fragment=\"1\">plumps and hydrates. Skin is firmer, visibly younger and smoother.\u00a0<\/span><br \/>\n<\/h2>\n<p><span>Reduces wrinkles and smooths. Firms, plumps, and hydrates. Skin is firmer, visibly younger, and smoother. Complexion is radiant and luminous.<\/span><\/p>\n<h3>Benefits and results<\/h3>\n<p>\u2013 Tolerance: clinically tested under dermatological control.<\/p>\n<p>\u2013 Non-comedogenic<\/p>\n<p>\u2013 Reduction of deep wrinkles: -41%*\u00a0<\/p>\n<p>\u2013 Skin is smoother: 95%**<\/p>\n<p>\u2013 The complexion is brighter and more radiant: 85%**<br \/>\u2013 Overall: 75% of satisfaction<\/p>\n<p>Clinical study on 20 volunteers:<br \/>* for 28 days \u2013 instrumental measurements<br \/>** for 28 days \u2013 % of satisfaction<\/p>\n<h3>Directions for use<\/h3>\n<div class=\"accordion border border-rg-grey-4\">\n<div class=\"p-4\">\n<div class=\"rg-text-sm\">\n<p>Apply every morning.<\/p>\n<\/div>\n<\/div>\n<\/div>\n<h3>Ingredients<\/h3>\n<p><span>\u00a0AQUA\/WATER\/EAU. GLYCERIN. ISONONYL ISONONANOATE. ISOHEXADECANE. BUTYLENE GLYCOL. DIMETHICONE. CETYL ALCOHOL. GLYCERYL STEARATE. PEG-100 STEARATE. NEOPENTYL GLYCOL DIETHYLHEXANOATE. BUTYROSPERMUM PARKII (SHEA) NUT EXTRACT. SODIUM POLYACRYLATE. ISODODECANE. PERFUME\/FRAGRANCE. PANTHENOL. CHLORPHENESIN. TOCOPHERYL ACETATE. LAUROYL LYSINE. TETRASODIUM EDTA. O-CYMEN-5-OL. SODIUM HYDROXIDE. SODIUM HYALURONATE. CARBOMER. SODIUM LACTATE. POLYSORBATE 20. SEMPERVIVUM TECTORUM EXTRACT. PANAX GINSENG ROOT EXTRACT. PANTOLACTONE. PALMITOYL TRIPEPTIDE-1. PALMITOYL TETRAPEPTIDE-7.<\/span><\/p>","protected":false},"excerpt":{"rendered":"<p>Jowa\u00e9 Cr\u00e8me L\u00e9g\u00e8re Lissante Anti-Rides repulpe et hydrate. La peau est plus ferme, visiblement plus jeune et lisse.\u00a0 Estompe les rides et lisse. Raffermit, repulpe et hydrate. La peau est plus ferme, visiblement plus jeune et lisse. Le teint est \u00e9clatant et lumineux. B\u00e9n\u00e9fices et r\u00e9sultats &#8211; Tol\u00e9rance : test\u00e9e cliniquement sous contr\u00f4le dermatologique. &#8211; [&hellip;]<\/p>\n","protected":false},"featured_media":19215,"template":"","meta":{"om_disable_all_campaigns":false},"product_brand":[],"product_cat":[15],"product_tag":[],"class_list":{"0":"post-19218","1":"product","2":"type-product","3":"status-publish","4":"has-post-thumbnail","6":"product_cat-beaute-sante-complements-alimentaires-soins-et-bien-etre-au-meilleur-prix","8":"first","9":"instock","10":"sale","11":"taxable","12":"shipping-taxable","13":"purchasable","14":"product-type-simple"},"yoast_head":"<!-- This site is optimized with the Yoast SEO plugin v27.4 - https:\/\/yoast.com\/product\/yoast-seo-wordpress\/ -->\n<title>Jowa\u00e9 Cr\u00e8me L\u00e9g\u00e8re Lissante Anti-Rides 40ml - Maroc Prix<\/title>\n<meta name=\"description\" content=\"Jowa\u00e9 Cr\u00e8me L\u00e9g\u00e8re Lissante Anti-Rides 40ml\" \/>\n<meta name=\"robots\" content=\"index, follow, max-snippet:-1, max-image-preview:large, max-video-preview:-1\" \/>\n<link rel=\"canonical\" href=\"https:\/\/vitablanca.ma\/en\/product\/jowae-creme-legere-lissante-anti-rides-40ml\/\" \/>\n<meta property=\"og:locale\" content=\"en_US\" \/>\n<meta property=\"og:type\" content=\"article\" \/>\n<meta property=\"og:title\" content=\"Jowa\u00e9 Cr\u00e8me L\u00e9g\u00e8re Lissante Anti-Rides 40ml - Maroc Prix\" \/>\n<meta property=\"og:description\" content=\"Jowa\u00e9 Cr\u00e8me L\u00e9g\u00e8re Lissante Anti-Rides 40ml\" \/>\n<meta property=\"og:url\" content=\"https:\/\/vitablanca.ma\/en\/product\/jowae-creme-legere-lissante-anti-rides-40ml\/\" \/>\n<meta property=\"og:site_name\" content=\"Vitablanca.ma &ndash; Sant&eacute;, vitalit&eacute; et bien-&ecirc;tre pour tous les Marocains\" \/>\n<meta property=\"article:publisher\" content=\"https:\/\/www.facebook.com\/profile.php?id=61576678196717\" \/>\n<meta property=\"og:image\" content=\"https:\/\/vitablanca.ma\/wp-content\/uploads\/2025\/06\/Jowae-Creme-Legere-Lissante-Anti-Rides-40ml-nova-parapharmacie-maroc.jpg\" \/>\n\t<meta property=\"og:image:width\" content=\"1000\" \/>\n\t<meta property=\"og:image:height\" content=\"1000\" \/>\n\t<meta property=\"og:image:type\" content=\"image\/jpeg\" \/>\n<meta name=\"twitter:card\" content=\"summary_large_image\" \/>\n<meta name=\"twitter:label1\" content=\"Est. reading time\" \/>\n\t<meta name=\"twitter:data1\" content=\"1 minute\" \/>\n<script type=\"application\/ld+json\" class=\"yoast-schema-graph\">{\"@context\":\"https:\\\/\\\/schema.org\",\"@graph\":[{\"@type\":[\"WebPage\",\"ItemPage\"],\"@id\":\"https:\\\/\\\/vitablanca.ma\\\/produit\\\/jowae-creme-legere-lissante-anti-rides-40ml\\\/\",\"url\":\"https:\\\/\\\/vitablanca.ma\\\/produit\\\/jowae-creme-legere-lissante-anti-rides-40ml\\\/\",\"name\":\"Jowa\u00e9 Cr\u00e8me L\u00e9g\u00e8re Lissante Anti-Rides 40ml - Maroc Prix\",\"isPartOf\":{\"@id\":\"https:\\\/\\\/vitablanca.ma\\\/#website\"},\"primaryImageOfPage\":{\"@id\":\"https:\\\/\\\/vitablanca.ma\\\/produit\\\/jowae-creme-legere-lissante-anti-rides-40ml\\\/#primaryimage\"},\"image\":{\"@id\":\"https:\\\/\\\/vitablanca.ma\\\/produit\\\/jowae-creme-legere-lissante-anti-rides-40ml\\\/#primaryimage\"},\"thumbnailUrl\":\"https:\\\/\\\/vitablanca.ma\\\/wp-content\\\/uploads\\\/2025\\\/06\\\/Jowae-Creme-Legere-Lissante-Anti-Rides-40ml-nova-parapharmacie-maroc.jpg\",\"datePublished\":\"2025-06-10T17:52:55+00:00\",\"description\":\"Jowa\u00e9 Cr\u00e8me L\u00e9g\u00e8re Lissante Anti-Rides 40ml\",\"breadcrumb\":{\"@id\":\"https:\\\/\\\/vitablanca.ma\\\/produit\\\/jowae-creme-legere-lissante-anti-rides-40ml\\\/#breadcrumb\"},\"inLanguage\":\"en-US\",\"potentialAction\":[{\"@type\":\"ReadAction\",\"target\":[\"https:\\\/\\\/vitablanca.ma\\\/produit\\\/jowae-creme-legere-lissante-anti-rides-40ml\\\/\"]}]},{\"@type\":\"ImageObject\",\"inLanguage\":\"en-US\",\"@id\":\"https:\\\/\\\/vitablanca.ma\\\/produit\\\/jowae-creme-legere-lissante-anti-rides-40ml\\\/#primaryimage\",\"url\":\"https:\\\/\\\/vitablanca.ma\\\/wp-content\\\/uploads\\\/2025\\\/06\\\/Jowae-Creme-Legere-Lissante-Anti-Rides-40ml-nova-parapharmacie-maroc.jpg\",\"contentUrl\":\"https:\\\/\\\/vitablanca.ma\\\/wp-content\\\/uploads\\\/2025\\\/06\\\/Jowae-Creme-Legere-Lissante-Anti-Rides-40ml-nova-parapharmacie-maroc.jpg\",\"width\":1000,\"height\":1000},{\"@type\":\"BreadcrumbList\",\"@id\":\"https:\\\/\\\/vitablanca.ma\\\/produit\\\/jowae-creme-legere-lissante-anti-rides-40ml\\\/#breadcrumb\",\"itemListElement\":[{\"@type\":\"ListItem\",\"position\":1,\"name\":\"Home\",\"item\":\"https:\\\/\\\/vitablanca.ma\\\/\"},{\"@type\":\"ListItem\",\"position\":2,\"name\":\"Tous Les Produits\",\"item\":\"https:\\\/\\\/vitablanca.ma\\\/tous-les-produits\\\/\"},{\"@type\":\"ListItem\",\"position\":3,\"name\":\"Jowa\u00e9 Cr\u00e8me L\u00e9g\u00e8re Lissante Anti-Rides 40ml\"}]},{\"@type\":\"WebSite\",\"@id\":\"https:\\\/\\\/vitablanca.ma\\\/#website\",\"url\":\"https:\\\/\\\/vitablanca.ma\\\/\",\"name\":\"VitaBlanca.ma | Compl\u00e9ments alimentaires, sant\u00e9 & beaut\u00e9 au Maroc\",\"description\":\"vendre vitamines et compl\u00e9ments premium des USA &amp; Canada, Nouvelle Z\u00e9lande,Maroc (NOW Foods, Solgar, Manuka). Livraison rapide partout au Maroc.\",\"publisher\":{\"@id\":\"https:\\\/\\\/vitablanca.ma\\\/#organization\"},\"alternateName\":\"VitaBlanca.ma\",\"potentialAction\":[{\"@type\":\"SearchAction\",\"target\":{\"@type\":\"EntryPoint\",\"urlTemplate\":\"https:\\\/\\\/vitablanca.ma\\\/?s={search_term_string}\"},\"query-input\":{\"@type\":\"PropertyValueSpecification\",\"valueRequired\":true,\"valueName\":\"search_term_string\"}}],\"inLanguage\":\"en-US\"},{\"@type\":\"Organization\",\"@id\":\"https:\\\/\\\/vitablanca.ma\\\/#organization\",\"name\":\"VitaBlanca\",\"url\":\"https:\\\/\\\/vitablanca.ma\\\/\",\"logo\":{\"@type\":\"ImageObject\",\"inLanguage\":\"en-US\",\"@id\":\"https:\\\/\\\/vitablanca.ma\\\/#\\\/schema\\\/logo\\\/image\\\/\",\"url\":\"https:\\\/\\\/vitablanca.ma\\\/wp-content\\\/uploads\\\/2025\\\/05\\\/cropped-vitablanca.png\",\"contentUrl\":\"https:\\\/\\\/vitablanca.ma\\\/wp-content\\\/uploads\\\/2025\\\/05\\\/cropped-vitablanca.png\",\"width\":360,\"height\":67,\"caption\":\"VitaBlanca\"},\"image\":{\"@id\":\"https:\\\/\\\/vitablanca.ma\\\/#\\\/schema\\\/logo\\\/image\\\/\"},\"sameAs\":[\"https:\\\/\\\/www.facebook.com\\\/profile.php?id=61576678196717\",\"https:\\\/\\\/www.tiktok.com\\\/@vitablanca.ma\",\"https:\\\/\\\/www.instagram.com\\\/vitablanca.ma\\\/\"]}]}<\/script>\n<!-- \/ Yoast SEO plugin. -->","yoast_head_json":{"title":"Jowa\u00e9 Light Smoothing Anti-Wrinkle Cream 40ml - Morocco Price","description":"Jowa\u00e9 Light Smoothing Anti-Wrinkle Cream 40ml","robots":{"index":"index","follow":"follow","max-snippet":"max-snippet:-1","max-image-preview":"max-image-preview:large","max-video-preview":"max-video-preview:-1"},"canonical":"https:\/\/vitablanca.ma\/en\/product\/jowae-creme-legere-lissante-anti-rides-40ml\/","og_locale":"en_US","og_type":"article","og_title":"Jowa\u00e9 Cr\u00e8me L\u00e9g\u00e8re Lissante Anti-Rides 40ml - Maroc Prix","og_description":"Jowa\u00e9 Cr\u00e8me L\u00e9g\u00e8re Lissante Anti-Rides 40ml","og_url":"https:\/\/vitablanca.ma\/en\/product\/jowae-creme-legere-lissante-anti-rides-40ml\/","og_site_name":"Vitablanca.ma &ndash; Sant&eacute;, vitalit&eacute; et bien-&ecirc;tre pour tous les Marocains","article_publisher":"https:\/\/www.facebook.com\/profile.php?id=61576678196717","og_image":[{"width":1000,"height":1000,"url":"https:\/\/vitablanca.ma\/wp-content\/uploads\/2025\/06\/Jowae-Creme-Legere-Lissante-Anti-Rides-40ml-nova-parapharmacie-maroc.jpg","type":"image\/jpeg"}],"twitter_card":"summary_large_image","twitter_misc":{"Est. reading time":"1 minute"},"schema":{"@context":"https:\/\/schema.org","@graph":[{"@type":["WebPage","ItemPage"],"@id":"https:\/\/vitablanca.ma\/produit\/jowae-creme-legere-lissante-anti-rides-40ml\/","url":"https:\/\/vitablanca.ma\/produit\/jowae-creme-legere-lissante-anti-rides-40ml\/","name":"Jowa\u00e9 Light Smoothing Anti-Wrinkle Cream 40ml - Morocco Price","isPartOf":{"@id":"https:\/\/vitablanca.ma\/#website"},"primaryImageOfPage":{"@id":"https:\/\/vitablanca.ma\/produit\/jowae-creme-legere-lissante-anti-rides-40ml\/#primaryimage"},"image":{"@id":"https:\/\/vitablanca.ma\/produit\/jowae-creme-legere-lissante-anti-rides-40ml\/#primaryimage"},"thumbnailUrl":"https:\/\/vitablanca.ma\/wp-content\/uploads\/2025\/06\/Jowae-Creme-Legere-Lissante-Anti-Rides-40ml-nova-parapharmacie-maroc.jpg","datePublished":"2025-06-10T17:52:55+00:00","description":"Jowa\u00e9 Light Smoothing Anti-Wrinkle Cream 40ml","breadcrumb":{"@id":"https:\/\/vitablanca.ma\/produit\/jowae-creme-legere-lissante-anti-rides-40ml\/#breadcrumb"},"inLanguage":"en-US","potentialAction":[{"@type":"ReadAction","target":["https:\/\/vitablanca.ma\/produit\/jowae-creme-legere-lissante-anti-rides-40ml\/"]}]},{"@type":"ImageObject","inLanguage":"en-US","@id":"https:\/\/vitablanca.ma\/produit\/jowae-creme-legere-lissante-anti-rides-40ml\/#primaryimage","url":"https:\/\/vitablanca.ma\/wp-content\/uploads\/2025\/06\/Jowae-Creme-Legere-Lissante-Anti-Rides-40ml-nova-parapharmacie-maroc.jpg","contentUrl":"https:\/\/vitablanca.ma\/wp-content\/uploads\/2025\/06\/Jowae-Creme-Legere-Lissante-Anti-Rides-40ml-nova-parapharmacie-maroc.jpg","width":1000,"height":1000},{"@type":"BreadcrumbList","@id":"https:\/\/vitablanca.ma\/produit\/jowae-creme-legere-lissante-anti-rides-40ml\/#breadcrumb","itemListElement":[{"@type":"ListItem","position":1,"name":"Home","item":"https:\/\/vitablanca.ma\/"},{"@type":"ListItem","position":2,"name":"Tous Les Produits","item":"https:\/\/vitablanca.ma\/tous-les-produits\/"},{"@type":"ListItem","position":3,"name":"Jowa\u00e9 Cr\u00e8me L\u00e9g\u00e8re Lissante Anti-Rides 40ml"}]},{"@type":"WebSite","@id":"https:\/\/vitablanca.ma\/#website","url":"https:\/\/vitablanca.ma\/","name":"VitaBlanca.ma | Food supplements, health &amp; beauty in Morocco","description":"sell premium vitamins and supplements from USA &amp; Canada, New Zealand, Morocco (NOW Foods, Solgar, Manuka). Fast delivery anywhere in Morocco.","publisher":{"@id":"https:\/\/vitablanca.ma\/#organization"},"alternateName":"VitaBlanca.ma","potentialAction":[{"@type":"SearchAction","target":{"@type":"EntryPoint","urlTemplate":"https:\/\/vitablanca.ma\/?s={search_term_string}"},"query-input":{"@type":"PropertyValueSpecification","valueRequired":true,"valueName":"search_term_string"}}],"inLanguage":"en-US"},{"@type":"Organization","@id":"https:\/\/vitablanca.ma\/#organization","name":"VitaBlanca","url":"https:\/\/vitablanca.ma\/","logo":{"@type":"ImageObject","inLanguage":"en-US","@id":"https:\/\/vitablanca.ma\/#\/schema\/logo\/image\/","url":"https:\/\/vitablanca.ma\/wp-content\/uploads\/2025\/05\/cropped-vitablanca.png","contentUrl":"https:\/\/vitablanca.ma\/wp-content\/uploads\/2025\/05\/cropped-vitablanca.png","width":360,"height":67,"caption":"VitaBlanca"},"image":{"@id":"https:\/\/vitablanca.ma\/#\/schema\/logo\/image\/"},"sameAs":["https:\/\/www.facebook.com\/profile.php?id=61576678196717","https:\/\/www.tiktok.com\/@vitablanca.ma","https:\/\/www.instagram.com\/vitablanca.ma\/"]}]}},"jetpack_sharing_enabled":true,"_links":{"self":[{"href":"https:\/\/vitablanca.ma\/en\/wp-json\/wp\/v2\/product\/19218","targetHints":{"allow":["GET"]}}],"collection":[{"href":"https:\/\/vitablanca.ma\/en\/wp-json\/wp\/v2\/product"}],"about":[{"href":"https:\/\/vitablanca.ma\/en\/wp-json\/wp\/v2\/types\/product"}],"wp:featuredmedia":[{"embeddable":true,"href":"https:\/\/vitablanca.ma\/en\/wp-json\/wp\/v2\/media\/19215"}],"wp:attachment":[{"href":"https:\/\/vitablanca.ma\/en\/wp-json\/wp\/v2\/media?parent=19218"}],"wp:term":[{"taxonomy":"product_brand","embeddable":true,"href":"https:\/\/vitablanca.ma\/en\/wp-json\/wp\/v2\/product_brand?post=19218"},{"taxonomy":"product_cat","embeddable":true,"href":"https:\/\/vitablanca.ma\/en\/wp-json\/wp\/v2\/product_cat?post=19218"},{"taxonomy":"product_tag","embeddable":true,"href":"https:\/\/vitablanca.ma\/en\/wp-json\/wp\/v2\/product_tag?post=19218"}],"curies":[{"name":"wp","href":"https:\/\/api.w.org\/{rel}","templated":true}]}}