{"id":19210,"date":"2025-06-10T17:52:31","date_gmt":"2025-06-10T17:52:31","guid":{"rendered":"https:\/\/vitablanca.ma\/product\/jowae-creme-hydratante-teintee-30ml\/"},"modified":"2025-06-10T17:52:35","modified_gmt":"2025-06-10T17:52:35","slug":"jowae-creme-hydratante-teintee-30ml","status":"publish","type":"product","link":"https:\/\/vitablanca.ma\/en\/product\/jowae-creme-hydratante-teintee-30ml\/","title":{"rendered":"Jowa\u00e9 Tinted Moisturizing Cream 30ml"},"content":{"rendered":"<h2><span data-mce-fragment=\"1\">Jowa\u00e9 Tinted Moisturizing Cream Rehydrates, unifies and enhances for an immediate healthy glow.<\/span><\/h2>\n<p><span data-mce-fragment=\"1\">Rehydrates, unifies and enhances.<\/span><br data-mce-fragment=\"1\"><span data-mce-fragment=\"1\">The finish is natural. The complexion&#039;s radiance is instantly enhanced, for an immediate healthy glow.<\/span><\/p>\n<h3>Benefits and results<\/h3>\n<p>\u2013 Tolerance: clinically tested under dermatological control.<\/p>\n<p>\u2013 Non-comedogenic<\/p>\n<p>\u2013 The skin is immediately hydrated and the complexion evened out: 90%*\u00a0<\/p>\n<p>\u2013 The result is natural: 100%*<\/p>\n<p>\u2013 Immediate healthy glow effect and silky finish: 95%*<\/p>\n<p>\u2013 Overall: 95% satisfaction<\/p>\n<p><span>Clinical study on 20 volunteers:<br \/><\/span><span>*immediate effect \u2013 single application \u2013 % of satisfaction<\/span><\/p>\n<h3>Directions for use<\/h3>\n<div class=\"accordion border border-rg-grey-4\">\n<div class=\"p-4\">\n<div class=\"rg-text-sm\">\n<p>Apply every morning.<\/p>\n<\/div>\n<\/div>\n<\/div>\n<h3>Ingredients<\/h3>\n<p><span>AQUA\/WATER\/EAU. GLYCERIN. ISOAMYL LAURATE. CI 77891\/TITANIUM DIOXIDE. ISONONYL ISONONANOATE. ARACHIDYL ALCOHOL. PROPYLENE GLYCOL. CETEARETH-20. GLYCERYL STEARATE. MAGNESIUM ALUMINUM SILICATE. METHYL METHACRYLATE CROSSPOLYMER. CETEARYL ALCOHOL. BEHENYL ALCOHOL. SODIUM ACRYLATES COPOLYMER. CI 77492\/IRON OXIDES. BUTYROSPERMUM PARKII (SHEA) NUT EXTRACT. HYDROXYACETOPHENONE. NYLON-6\/12. HYDROGENATED POLYISOBUTENE. ARACHIDYL GLUCOSIDE. PERFUME\/FRAGRANCE. 1,2-HEXANEDIOL. CAPRYLYL GLYCOL. CHLORPHENESIN. SODIUM CITRATE. CI 77491\/IRON OXIDES. PHOSPHOLIPIDS. POLYGLYCERYL-10 STEARATE. HELIANTHUS ANNUUS (SUNFLOWER) SEED OIL. CITRIC ACID. CITRUS GRANDIS (GRAPEFRUIT) FRUIT EXTRACT. FRAGARIA VESCA (STRAWBERRY) FRUIT EXTRACT. MANGIFERA INDICA (MANGO) FRUIT EXTRACT. PASSIFLORA INCARNATA FRUIT EXTRACT. PRUNUS ARMENIACA (APRICOT) FRUIT EXTRACT. PRUNUS PERSICA (PEACH) FRUIT EXTRACT. PSIDIUM GUAJAVA FRUIT EXTRACT. RUBUS IDAEUS (RASPBERRY) FRUIT EXTRACT. HYDROGENATED LECITHIN. CARRAGEENAN. GLYCOLIC ACID. SODIUM HYALURONATE. XANTHAN GUM. CI 77499\/IRON OXIDES. LACTIC ACID. DIETHYLHEXYL SYRINGYLIDENEMALONATE. SEMPERVIVUM TECTORUM EXTRACT. MANDELIC ACID. SODIUM BENZOATE. PRUNUS SERRULATA FLOWER EXTRACT. CAPRYLIC\/CAPRIC TRIGLYCERIDE. TOCOPHEROL.<\/span><\/p>","protected":false},"excerpt":{"rendered":"<p>Jowa\u00e9 Cr\u00e8me Hydratante Teint\u00e9e\u00a0R\u00e9hydrate, unifie et sublime pour un effet bonne mine imm\u00e9diat. R\u00e9hydrate, unifie et sublime.Le fini est naturel. L\u2019\u00e9clat du teint est instantan\u00e9ment r\u00e9veill\u00e9, pour un effet bonne mine imm\u00e9diat. B\u00e9n\u00e9fices et r\u00e9sultats &#8211; Tol\u00e9rance: test\u00e9e cliniquement sous contr\u00f4le dermatologique. &#8211; Non com\u00e9dog\u00e8ne &#8211; La peau est imm\u00e9diatement hydrat\u00e9e et le teint unifi\u00e9 [&hellip;]<\/p>\n","protected":false},"featured_media":19205,"template":"","meta":{"om_disable_all_campaigns":false},"product_brand":[],"product_cat":[15],"product_tag":[],"class_list":{"0":"post-19210","1":"product","2":"type-product","3":"status-publish","4":"has-post-thumbnail","6":"product_cat-beaute-sante-complements-alimentaires-soins-et-bien-etre-au-meilleur-prix","8":"first","9":"instock","10":"sale","11":"taxable","12":"shipping-taxable","13":"purchasable","14":"product-type-variable"},"yoast_head":"<!-- This site is optimized with the Yoast SEO plugin v27.4 - https:\/\/yoast.com\/product\/yoast-seo-wordpress\/ -->\n<title>Jowa\u00e9 Cr\u00e8me Hydratante Teint\u00e9e 30ml - Maroc Prix<\/title>\n<meta name=\"description\" content=\"Jowa\u00e9 Cr\u00e8me Hydratante Teint\u00e9e 30ml\" \/>\n<meta name=\"robots\" content=\"index, follow, max-snippet:-1, max-image-preview:large, max-video-preview:-1\" \/>\n<link rel=\"canonical\" href=\"https:\/\/vitablanca.ma\/en\/product\/jowae-creme-hydratante-teintee-30ml\/\" \/>\n<meta property=\"og:locale\" content=\"en_US\" \/>\n<meta property=\"og:type\" content=\"article\" \/>\n<meta property=\"og:title\" content=\"Jowa\u00e9 Cr\u00e8me Hydratante Teint\u00e9e 30ml - Maroc Prix\" \/>\n<meta property=\"og:description\" content=\"Jowa\u00e9 Cr\u00e8me Hydratante Teint\u00e9e 30ml\" \/>\n<meta property=\"og:url\" content=\"https:\/\/vitablanca.ma\/en\/product\/jowae-creme-hydratante-teintee-30ml\/\" \/>\n<meta property=\"og:site_name\" content=\"Vitablanca.ma &ndash; Sant&eacute;, vitalit&eacute; et bien-&ecirc;tre pour tous les Marocains\" \/>\n<meta property=\"article:publisher\" content=\"https:\/\/www.facebook.com\/profile.php?id=61576678196717\" \/>\n<meta property=\"article:modified_time\" content=\"2025-06-10T17:52:35+00:00\" \/>\n<meta property=\"og:image\" content=\"https:\/\/vitablanca.ma\/wp-content\/uploads\/2025\/06\/Jowae-Creme-Hydratante-Teintee-30ml-clairenova-parapharmacie-maroc.jpg\" \/>\n\t<meta property=\"og:image:width\" content=\"1000\" \/>\n\t<meta property=\"og:image:height\" content=\"1000\" \/>\n\t<meta property=\"og:image:type\" content=\"image\/jpeg\" \/>\n<meta name=\"twitter:card\" content=\"summary_large_image\" \/>\n<meta name=\"twitter:label1\" content=\"Est. reading time\" \/>\n\t<meta name=\"twitter:data1\" content=\"1 minute\" \/>\n<script type=\"application\/ld+json\" class=\"yoast-schema-graph\">{\"@context\":\"https:\\\/\\\/schema.org\",\"@graph\":[{\"@type\":[\"WebPage\",\"ItemPage\"],\"@id\":\"https:\\\/\\\/vitablanca.ma\\\/produit\\\/jowae-creme-hydratante-teintee-30ml\\\/\",\"url\":\"https:\\\/\\\/vitablanca.ma\\\/produit\\\/jowae-creme-hydratante-teintee-30ml\\\/\",\"name\":\"Jowa\u00e9 Cr\u00e8me Hydratante Teint\u00e9e 30ml - Maroc Prix\",\"isPartOf\":{\"@id\":\"https:\\\/\\\/vitablanca.ma\\\/#website\"},\"primaryImageOfPage\":{\"@id\":\"https:\\\/\\\/vitablanca.ma\\\/produit\\\/jowae-creme-hydratante-teintee-30ml\\\/#primaryimage\"},\"image\":{\"@id\":\"https:\\\/\\\/vitablanca.ma\\\/produit\\\/jowae-creme-hydratante-teintee-30ml\\\/#primaryimage\"},\"thumbnailUrl\":\"https:\\\/\\\/vitablanca.ma\\\/wp-content\\\/uploads\\\/2025\\\/06\\\/Jowae-Creme-Hydratante-Teintee-30ml-clairenova-parapharmacie-maroc.jpg\",\"datePublished\":\"2025-06-10T17:52:31+00:00\",\"dateModified\":\"2025-06-10T17:52:35+00:00\",\"description\":\"Jowa\u00e9 Cr\u00e8me Hydratante Teint\u00e9e 30ml\",\"breadcrumb\":{\"@id\":\"https:\\\/\\\/vitablanca.ma\\\/produit\\\/jowae-creme-hydratante-teintee-30ml\\\/#breadcrumb\"},\"inLanguage\":\"en-US\",\"potentialAction\":[{\"@type\":\"ReadAction\",\"target\":[\"https:\\\/\\\/vitablanca.ma\\\/produit\\\/jowae-creme-hydratante-teintee-30ml\\\/\"]}]},{\"@type\":\"ImageObject\",\"inLanguage\":\"en-US\",\"@id\":\"https:\\\/\\\/vitablanca.ma\\\/produit\\\/jowae-creme-hydratante-teintee-30ml\\\/#primaryimage\",\"url\":\"https:\\\/\\\/vitablanca.ma\\\/wp-content\\\/uploads\\\/2025\\\/06\\\/Jowae-Creme-Hydratante-Teintee-30ml-clairenova-parapharmacie-maroc.jpg\",\"contentUrl\":\"https:\\\/\\\/vitablanca.ma\\\/wp-content\\\/uploads\\\/2025\\\/06\\\/Jowae-Creme-Hydratante-Teintee-30ml-clairenova-parapharmacie-maroc.jpg\",\"width\":1000,\"height\":1000},{\"@type\":\"BreadcrumbList\",\"@id\":\"https:\\\/\\\/vitablanca.ma\\\/produit\\\/jowae-creme-hydratante-teintee-30ml\\\/#breadcrumb\",\"itemListElement\":[{\"@type\":\"ListItem\",\"position\":1,\"name\":\"Home\",\"item\":\"https:\\\/\\\/vitablanca.ma\\\/\"},{\"@type\":\"ListItem\",\"position\":2,\"name\":\"Tous Les Produits\",\"item\":\"https:\\\/\\\/vitablanca.ma\\\/tous-les-produits\\\/\"},{\"@type\":\"ListItem\",\"position\":3,\"name\":\"Jowa\u00e9 Cr\u00e8me Hydratante Teint\u00e9e 30ml\"}]},{\"@type\":\"WebSite\",\"@id\":\"https:\\\/\\\/vitablanca.ma\\\/#website\",\"url\":\"https:\\\/\\\/vitablanca.ma\\\/\",\"name\":\"VitaBlanca.ma | Compl\u00e9ments alimentaires, sant\u00e9 & beaut\u00e9 au Maroc\",\"description\":\"vendre vitamines et compl\u00e9ments premium des USA &amp; Canada, Nouvelle Z\u00e9lande,Maroc (NOW Foods, Solgar, Manuka). Livraison rapide partout au Maroc.\",\"publisher\":{\"@id\":\"https:\\\/\\\/vitablanca.ma\\\/#organization\"},\"alternateName\":\"VitaBlanca.ma\",\"potentialAction\":[{\"@type\":\"SearchAction\",\"target\":{\"@type\":\"EntryPoint\",\"urlTemplate\":\"https:\\\/\\\/vitablanca.ma\\\/?s={search_term_string}\"},\"query-input\":{\"@type\":\"PropertyValueSpecification\",\"valueRequired\":true,\"valueName\":\"search_term_string\"}}],\"inLanguage\":\"en-US\"},{\"@type\":\"Organization\",\"@id\":\"https:\\\/\\\/vitablanca.ma\\\/#organization\",\"name\":\"VitaBlanca\",\"url\":\"https:\\\/\\\/vitablanca.ma\\\/\",\"logo\":{\"@type\":\"ImageObject\",\"inLanguage\":\"en-US\",\"@id\":\"https:\\\/\\\/vitablanca.ma\\\/#\\\/schema\\\/logo\\\/image\\\/\",\"url\":\"https:\\\/\\\/vitablanca.ma\\\/wp-content\\\/uploads\\\/2025\\\/05\\\/cropped-vitablanca.png\",\"contentUrl\":\"https:\\\/\\\/vitablanca.ma\\\/wp-content\\\/uploads\\\/2025\\\/05\\\/cropped-vitablanca.png\",\"width\":360,\"height\":67,\"caption\":\"VitaBlanca\"},\"image\":{\"@id\":\"https:\\\/\\\/vitablanca.ma\\\/#\\\/schema\\\/logo\\\/image\\\/\"},\"sameAs\":[\"https:\\\/\\\/www.facebook.com\\\/profile.php?id=61576678196717\",\"https:\\\/\\\/www.tiktok.com\\\/@vitablanca.ma\",\"https:\\\/\\\/www.instagram.com\\\/vitablanca.ma\\\/\"]}]}<\/script>\n<!-- \/ Yoast SEO plugin. -->","yoast_head_json":{"title":"Jowa\u00e9 Tinted Moisturizing Cream 30ml - Morocco Price","description":"Jowa\u00e9 Tinted Moisturizing Cream 30ml","robots":{"index":"index","follow":"follow","max-snippet":"max-snippet:-1","max-image-preview":"max-image-preview:large","max-video-preview":"max-video-preview:-1"},"canonical":"https:\/\/vitablanca.ma\/en\/product\/jowae-creme-hydratante-teintee-30ml\/","og_locale":"en_US","og_type":"article","og_title":"Jowa\u00e9 Cr\u00e8me Hydratante Teint\u00e9e 30ml - Maroc Prix","og_description":"Jowa\u00e9 Cr\u00e8me Hydratante Teint\u00e9e 30ml","og_url":"https:\/\/vitablanca.ma\/en\/product\/jowae-creme-hydratante-teintee-30ml\/","og_site_name":"Vitablanca.ma &ndash; Sant&eacute;, vitalit&eacute; et bien-&ecirc;tre pour tous les Marocains","article_publisher":"https:\/\/www.facebook.com\/profile.php?id=61576678196717","article_modified_time":"2025-06-10T17:52:35+00:00","og_image":[{"width":1000,"height":1000,"url":"https:\/\/vitablanca.ma\/wp-content\/uploads\/2025\/06\/Jowae-Creme-Hydratante-Teintee-30ml-clairenova-parapharmacie-maroc.jpg","type":"image\/jpeg"}],"twitter_card":"summary_large_image","twitter_misc":{"Est. reading time":"1 minute"},"schema":{"@context":"https:\/\/schema.org","@graph":[{"@type":["WebPage","ItemPage"],"@id":"https:\/\/vitablanca.ma\/produit\/jowae-creme-hydratante-teintee-30ml\/","url":"https:\/\/vitablanca.ma\/produit\/jowae-creme-hydratante-teintee-30ml\/","name":"Jowa\u00e9 Tinted Moisturizing Cream 30ml - Morocco Price","isPartOf":{"@id":"https:\/\/vitablanca.ma\/#website"},"primaryImageOfPage":{"@id":"https:\/\/vitablanca.ma\/produit\/jowae-creme-hydratante-teintee-30ml\/#primaryimage"},"image":{"@id":"https:\/\/vitablanca.ma\/produit\/jowae-creme-hydratante-teintee-30ml\/#primaryimage"},"thumbnailUrl":"https:\/\/vitablanca.ma\/wp-content\/uploads\/2025\/06\/Jowae-Creme-Hydratante-Teintee-30ml-clairenova-parapharmacie-maroc.jpg","datePublished":"2025-06-10T17:52:31+00:00","dateModified":"2025-06-10T17:52:35+00:00","description":"Jowa\u00e9 Tinted Moisturizing Cream 30ml","breadcrumb":{"@id":"https:\/\/vitablanca.ma\/produit\/jowae-creme-hydratante-teintee-30ml\/#breadcrumb"},"inLanguage":"en-US","potentialAction":[{"@type":"ReadAction","target":["https:\/\/vitablanca.ma\/produit\/jowae-creme-hydratante-teintee-30ml\/"]}]},{"@type":"ImageObject","inLanguage":"en-US","@id":"https:\/\/vitablanca.ma\/produit\/jowae-creme-hydratante-teintee-30ml\/#primaryimage","url":"https:\/\/vitablanca.ma\/wp-content\/uploads\/2025\/06\/Jowae-Creme-Hydratante-Teintee-30ml-clairenova-parapharmacie-maroc.jpg","contentUrl":"https:\/\/vitablanca.ma\/wp-content\/uploads\/2025\/06\/Jowae-Creme-Hydratante-Teintee-30ml-clairenova-parapharmacie-maroc.jpg","width":1000,"height":1000},{"@type":"BreadcrumbList","@id":"https:\/\/vitablanca.ma\/produit\/jowae-creme-hydratante-teintee-30ml\/#breadcrumb","itemListElement":[{"@type":"ListItem","position":1,"name":"Home","item":"https:\/\/vitablanca.ma\/"},{"@type":"ListItem","position":2,"name":"Tous Les Produits","item":"https:\/\/vitablanca.ma\/tous-les-produits\/"},{"@type":"ListItem","position":3,"name":"Jowa\u00e9 Cr\u00e8me Hydratante Teint\u00e9e 30ml"}]},{"@type":"WebSite","@id":"https:\/\/vitablanca.ma\/#website","url":"https:\/\/vitablanca.ma\/","name":"VitaBlanca.ma | Food supplements, health &amp; beauty in Morocco","description":"sell premium vitamins and supplements from USA &amp; Canada, New Zealand, Morocco (NOW Foods, Solgar, Manuka). Fast delivery anywhere in Morocco.","publisher":{"@id":"https:\/\/vitablanca.ma\/#organization"},"alternateName":"VitaBlanca.ma","potentialAction":[{"@type":"SearchAction","target":{"@type":"EntryPoint","urlTemplate":"https:\/\/vitablanca.ma\/?s={search_term_string}"},"query-input":{"@type":"PropertyValueSpecification","valueRequired":true,"valueName":"search_term_string"}}],"inLanguage":"en-US"},{"@type":"Organization","@id":"https:\/\/vitablanca.ma\/#organization","name":"VitaBlanca","url":"https:\/\/vitablanca.ma\/","logo":{"@type":"ImageObject","inLanguage":"en-US","@id":"https:\/\/vitablanca.ma\/#\/schema\/logo\/image\/","url":"https:\/\/vitablanca.ma\/wp-content\/uploads\/2025\/05\/cropped-vitablanca.png","contentUrl":"https:\/\/vitablanca.ma\/wp-content\/uploads\/2025\/05\/cropped-vitablanca.png","width":360,"height":67,"caption":"VitaBlanca"},"image":{"@id":"https:\/\/vitablanca.ma\/#\/schema\/logo\/image\/"},"sameAs":["https:\/\/www.facebook.com\/profile.php?id=61576678196717","https:\/\/www.tiktok.com\/@vitablanca.ma","https:\/\/www.instagram.com\/vitablanca.ma\/"]}]}},"jetpack_sharing_enabled":true,"_links":{"self":[{"href":"https:\/\/vitablanca.ma\/en\/wp-json\/wp\/v2\/product\/19210","targetHints":{"allow":["GET"]}}],"collection":[{"href":"https:\/\/vitablanca.ma\/en\/wp-json\/wp\/v2\/product"}],"about":[{"href":"https:\/\/vitablanca.ma\/en\/wp-json\/wp\/v2\/types\/product"}],"wp:featuredmedia":[{"embeddable":true,"href":"https:\/\/vitablanca.ma\/en\/wp-json\/wp\/v2\/media\/19205"}],"wp:attachment":[{"href":"https:\/\/vitablanca.ma\/en\/wp-json\/wp\/v2\/media?parent=19210"}],"wp:term":[{"taxonomy":"product_brand","embeddable":true,"href":"https:\/\/vitablanca.ma\/en\/wp-json\/wp\/v2\/product_brand?post=19210"},{"taxonomy":"product_cat","embeddable":true,"href":"https:\/\/vitablanca.ma\/en\/wp-json\/wp\/v2\/product_cat?post=19210"},{"taxonomy":"product_tag","embeddable":true,"href":"https:\/\/vitablanca.ma\/en\/wp-json\/wp\/v2\/product_tag?post=19210"}],"curies":[{"name":"wp","href":"https:\/\/api.w.org\/{rel}","templated":true}]}}