{"id":19201,"date":"2025-06-10T17:52:12","date_gmt":"2025-06-10T17:52:12","guid":{"rendered":"https:\/\/vitablanca.ma\/product\/janssen-cosmetics-lip-mask-15ml\/"},"modified":"2025-06-10T17:52:12","modified_gmt":"2025-06-10T17:52:12","slug":"janssen-cosmetics-lip-mask-15ml","status":"publish","type":"product","link":"https:\/\/vitablanca.ma\/en\/product\/janssen-cosmetics-lip-mask-15ml\/","title":{"rendered":"Janssen Cosmetics Lip Mask 15ml"},"content":{"rendered":"<div class=\"descbox\" data-mce-fragment=\"1\">\n<div class=\"mb-2\" data-mce-fragment=\"1\">\n<div class=\"descbox\">\n<div class=\"mb-2\">\n<h2 class=\"cs95E872D0\"><span class=\"csD5D7D290\"><span>Janssen Cosmetics Lip Mask for repair, the lip mask allows particularly dry lips\u00a0<\/span><\/span><\/h2>\n<p class=\"cs95E872D0\"><span class=\"csD5D7D290\"><span>Smoothing overnight mask for full, supple lips.<span>\u00a0<\/span>Highly effective in repairing, the lip mask allows particularly dry and brittle lips to breathe again: Overnight, it fuses with the skin and deploys its intensive and extremely valuable moisturizing active ingredients, such as hyaluronic acid and phyto-extracts.<span>\u00a0<\/span>Smoothing shea butter, protective plant waxes and cell-strengthening oils give lips irresistible suppleness and sensual volume.<span>\u00a0<\/span>A delicate melting texture \u2013 a tangible balm for the lips and the soul.<span>\u00a0<\/span>Goodnight Lip Mask is also the perfect daytime SOS treatment for stressed lips.<\/span><\/span><\/p>\n<\/div>\n<\/div>\n<div class=\"descbox2\">\n<h3><span>USE<\/span><\/h3>\n<div class=\"mb-2\">\n<p class=\"cs95E872D0\"><span class=\"csD5D7D290\"><span>Goodnight Lip Mask is applied in the evening to cleansed lip skin and treats delicate skin in three steps:<\/span><\/span><\/p>\n<p class=\"cs95E872D0\"><span class=\"csD5D7D290\"><span>1. Massage \u2013 apply the mask generously to the lips and along the lip contour and massage.<\/span><\/span><\/p>\n<p class=\"cs95E872D0\"><span class=\"csD5D7D290\"><span>2. Leave on \u2013 valuable ingredients absorb into the skin overnight, relaxing and smoothing.<\/span><\/span><\/p>\n<p class=\"cs95E872D0\"><span class=\"csD5D7D290\"><span>3. Wake up feeling relaxed \u2013 with smooth, irresistibly supple lips.<\/span><\/span><\/p>\n<\/div>\n<\/div>\n<div class=\"descbox3\">\n<h3><span>INGREDIENTS<\/span><\/h3>\n<div class=\"mb-2\">\n<p class=\"cs95E872D0\"><span class=\"csD5D7D290\"><span>\u2022 Butter<span>\u00a0<\/span><\/span><\/span><span class=\"cs31D24DEE\"><span>shea:<span>\u00a0<\/span><\/span><\/span><span class=\"csD5D7D290\"><span>high-quality natural substance from the nuts of the shea butter tree (Butyrospermum Parkii), moisturizing, smoothing and softening, and prevents skin from drying out<\/span><\/span><\/p>\n<p class=\"cs95E872D0\"><span class=\"csD5D7D290\"><span>\u2022<span>\u00a0<\/span><\/span><\/span><span class=\"cs31D24DEE\"><span>Sunflower wax:<span>\u00a0<\/span><\/span><\/span><span class=\"csD5D7D290\"><span>obtained from sunflower seeds;<span>\u00a0<\/span>creates a pleasant feeling on the skin;<span>\u00a0<\/span>protective<\/span><\/span><\/p>\n<p class=\"cs95E872D0\"><span class=\"csD5D7D290\"><span>\u2022<span>\u00a0<\/span><\/span><\/span><span class=\"cs31D24DEE\"><span>Candelilla Wax:<span>\u00a0<\/span><\/span><\/span><span class=\"csD5D7D290\"><span>is obtained from the leaves and stems of the Candelilla bush (Euphorbia antisyphilitica) native to northern Mexico and the southwestern United States;<span>\u00a0<\/span>ensures consistency, protection<\/span><\/span><\/p>\n<p class=\"cs95E872D0\"><span class=\"csD5D7D290\"><span>\u2022<span>\u00a0<\/span><\/span><\/span><span class=\"cs31D24DEE\"><span>Linseed oil:<span>\u00a0<\/span><\/span><\/span><span class=\"csD5D7D290\"><span>derived from flax seeds and rich in omega-3 and omega-6 fatty acids;<span>\u00a0<\/span>strengthens the skin&#039;s barrier function<\/span><\/span><\/p>\n<p class=\"cs95E872D0\"><span class=\"csD5D7D290\"><span>\u2022<span>\u00a0<\/span><\/span><\/span><span class=\"cs31D24DEE\"><span>Cottonseed Oil:<span>\u00a0<\/span><\/span><\/span><span class=\"csD5D7D290\"><span>is a pressed cotton seed, rich in vitamin E;<span>\u00a0<\/span>protects the skin<\/span><\/span><\/p>\n<p class=\"cs95E872D0\"><span class=\"csD5D7D290\"><span>\u2022<span>\u00a0<\/span><\/span><\/span><span class=\"cs31D24DEE\"><span>Paracress Extract (Spilanthes Acmella):<span>\u00a0<\/span><\/span><\/span><span class=\"csD5D7D290\"><span>reduces expression lines and smoothes the skin&#039;s surface<\/span><\/span><\/p>\n<p class=\"cs95E872D0\"><span class=\"csD5D7D290\"><span>\u2022<span>\u00a0<\/span><\/span><\/span><span class=\"cs31D24DEE\"><span>Hyaluronic acid:<span>\u00a0<\/span><\/span><\/span><span class=\"csD5D7D290\"><span>hydrate<\/span><\/span><\/p>\n<\/div>\n<\/div>\n<\/div>\n<\/div>","protected":false},"excerpt":{"rendered":"<p>Janssen Cosmetics Lip Mask pour r\u00e9parer, le masque pour les l\u00e8vres permet aux l\u00e8vres particuli\u00e8rement s\u00e8ches\u00a0 Masque de nuit lissant pour des l\u00e8vres pleines et souples.\u00a0Tr\u00e8s efficace pour r\u00e9parer, le masque pour les l\u00e8vres permet aux l\u00e8vres particuli\u00e8rement s\u00e8ches et cassantes de respirer \u00e0 nouveau : Du jour au lendemain, il fusionne avec la peau [&hellip;]<\/p>\n","protected":false},"featured_media":19199,"template":"","meta":{"om_disable_all_campaigns":false},"product_brand":[],"product_cat":[15],"product_tag":[],"class_list":{"0":"post-19201","1":"product","2":"type-product","3":"status-publish","4":"has-post-thumbnail","6":"product_cat-beaute-sante-complements-alimentaires-soins-et-bien-etre-au-meilleur-prix","8":"first","9":"instock","10":"sale","11":"taxable","12":"shipping-taxable","13":"purchasable","14":"product-type-simple"},"yoast_head":"<!-- This site is optimized with the Yoast SEO plugin v27.4 - https:\/\/yoast.com\/product\/yoast-seo-wordpress\/ -->\n<title>Janssen Cosmetics Lip Mask 15ml - Maroc Prix<\/title>\n<meta name=\"description\" content=\"Janssen Cosmetics Lip Mask 15ml\" \/>\n<meta name=\"robots\" content=\"index, follow, max-snippet:-1, max-image-preview:large, max-video-preview:-1\" \/>\n<link rel=\"canonical\" href=\"https:\/\/vitablanca.ma\/en\/product\/janssen-cosmetics-lip-mask-15ml\/\" \/>\n<meta property=\"og:locale\" content=\"en_US\" \/>\n<meta property=\"og:type\" content=\"article\" \/>\n<meta property=\"og:title\" content=\"Janssen Cosmetics Lip Mask 15ml - Maroc Prix\" \/>\n<meta property=\"og:description\" content=\"Janssen Cosmetics Lip Mask 15ml\" \/>\n<meta property=\"og:url\" content=\"https:\/\/vitablanca.ma\/en\/product\/janssen-cosmetics-lip-mask-15ml\/\" \/>\n<meta property=\"og:site_name\" content=\"Vitablanca.ma &ndash; Sant&eacute;, vitalit&eacute; et bien-&ecirc;tre pour tous les Marocains\" \/>\n<meta property=\"article:publisher\" content=\"https:\/\/www.facebook.com\/profile.php?id=61576678196717\" \/>\n<meta property=\"og:image\" content=\"https:\/\/vitablanca.ma\/wp-content\/uploads\/2025\/06\/Janssen-Cosmetics-Lip-Mask-15ml-nova-parapharmacie-maroc.jpg\" \/>\n\t<meta property=\"og:image:width\" content=\"1000\" \/>\n\t<meta property=\"og:image:height\" content=\"1000\" \/>\n\t<meta property=\"og:image:type\" content=\"image\/jpeg\" \/>\n<meta name=\"twitter:card\" content=\"summary_large_image\" \/>\n<meta name=\"twitter:label1\" content=\"Est. reading time\" \/>\n\t<meta name=\"twitter:data1\" content=\"2 minutes\" \/>\n<script type=\"application\/ld+json\" class=\"yoast-schema-graph\">{\"@context\":\"https:\\\/\\\/schema.org\",\"@graph\":[{\"@type\":[\"WebPage\",\"ItemPage\"],\"@id\":\"https:\\\/\\\/vitablanca.ma\\\/produit\\\/janssen-cosmetics-lip-mask-15ml\\\/\",\"url\":\"https:\\\/\\\/vitablanca.ma\\\/produit\\\/janssen-cosmetics-lip-mask-15ml\\\/\",\"name\":\"Janssen Cosmetics Lip Mask 15ml - Maroc Prix\",\"isPartOf\":{\"@id\":\"https:\\\/\\\/vitablanca.ma\\\/#website\"},\"primaryImageOfPage\":{\"@id\":\"https:\\\/\\\/vitablanca.ma\\\/produit\\\/janssen-cosmetics-lip-mask-15ml\\\/#primaryimage\"},\"image\":{\"@id\":\"https:\\\/\\\/vitablanca.ma\\\/produit\\\/janssen-cosmetics-lip-mask-15ml\\\/#primaryimage\"},\"thumbnailUrl\":\"https:\\\/\\\/vitablanca.ma\\\/wp-content\\\/uploads\\\/2025\\\/06\\\/Janssen-Cosmetics-Lip-Mask-15ml-nova-parapharmacie-maroc.jpg\",\"datePublished\":\"2025-06-10T17:52:12+00:00\",\"description\":\"Janssen Cosmetics Lip Mask 15ml\",\"breadcrumb\":{\"@id\":\"https:\\\/\\\/vitablanca.ma\\\/produit\\\/janssen-cosmetics-lip-mask-15ml\\\/#breadcrumb\"},\"inLanguage\":\"en-US\",\"potentialAction\":[{\"@type\":\"ReadAction\",\"target\":[\"https:\\\/\\\/vitablanca.ma\\\/produit\\\/janssen-cosmetics-lip-mask-15ml\\\/\"]}]},{\"@type\":\"ImageObject\",\"inLanguage\":\"en-US\",\"@id\":\"https:\\\/\\\/vitablanca.ma\\\/produit\\\/janssen-cosmetics-lip-mask-15ml\\\/#primaryimage\",\"url\":\"https:\\\/\\\/vitablanca.ma\\\/wp-content\\\/uploads\\\/2025\\\/06\\\/Janssen-Cosmetics-Lip-Mask-15ml-nova-parapharmacie-maroc.jpg\",\"contentUrl\":\"https:\\\/\\\/vitablanca.ma\\\/wp-content\\\/uploads\\\/2025\\\/06\\\/Janssen-Cosmetics-Lip-Mask-15ml-nova-parapharmacie-maroc.jpg\",\"width\":1000,\"height\":1000},{\"@type\":\"BreadcrumbList\",\"@id\":\"https:\\\/\\\/vitablanca.ma\\\/produit\\\/janssen-cosmetics-lip-mask-15ml\\\/#breadcrumb\",\"itemListElement\":[{\"@type\":\"ListItem\",\"position\":1,\"name\":\"Home\",\"item\":\"https:\\\/\\\/vitablanca.ma\\\/\"},{\"@type\":\"ListItem\",\"position\":2,\"name\":\"Tous Les Produits\",\"item\":\"https:\\\/\\\/vitablanca.ma\\\/tous-les-produits\\\/\"},{\"@type\":\"ListItem\",\"position\":3,\"name\":\"Janssen Cosmetics Lip Mask 15ml\"}]},{\"@type\":\"WebSite\",\"@id\":\"https:\\\/\\\/vitablanca.ma\\\/#website\",\"url\":\"https:\\\/\\\/vitablanca.ma\\\/\",\"name\":\"VitaBlanca.ma | Compl\u00e9ments alimentaires, sant\u00e9 & beaut\u00e9 au Maroc\",\"description\":\"vendre vitamines et compl\u00e9ments premium des USA &amp; Canada, Nouvelle Z\u00e9lande,Maroc (NOW Foods, Solgar, Manuka). Livraison rapide partout au Maroc.\",\"publisher\":{\"@id\":\"https:\\\/\\\/vitablanca.ma\\\/#organization\"},\"alternateName\":\"VitaBlanca.ma\",\"potentialAction\":[{\"@type\":\"SearchAction\",\"target\":{\"@type\":\"EntryPoint\",\"urlTemplate\":\"https:\\\/\\\/vitablanca.ma\\\/?s={search_term_string}\"},\"query-input\":{\"@type\":\"PropertyValueSpecification\",\"valueRequired\":true,\"valueName\":\"search_term_string\"}}],\"inLanguage\":\"en-US\"},{\"@type\":\"Organization\",\"@id\":\"https:\\\/\\\/vitablanca.ma\\\/#organization\",\"name\":\"VitaBlanca\",\"url\":\"https:\\\/\\\/vitablanca.ma\\\/\",\"logo\":{\"@type\":\"ImageObject\",\"inLanguage\":\"en-US\",\"@id\":\"https:\\\/\\\/vitablanca.ma\\\/#\\\/schema\\\/logo\\\/image\\\/\",\"url\":\"https:\\\/\\\/vitablanca.ma\\\/wp-content\\\/uploads\\\/2025\\\/05\\\/cropped-vitablanca.png\",\"contentUrl\":\"https:\\\/\\\/vitablanca.ma\\\/wp-content\\\/uploads\\\/2025\\\/05\\\/cropped-vitablanca.png\",\"width\":360,\"height\":67,\"caption\":\"VitaBlanca\"},\"image\":{\"@id\":\"https:\\\/\\\/vitablanca.ma\\\/#\\\/schema\\\/logo\\\/image\\\/\"},\"sameAs\":[\"https:\\\/\\\/www.facebook.com\\\/profile.php?id=61576678196717\",\"https:\\\/\\\/www.tiktok.com\\\/@vitablanca.ma\",\"https:\\\/\\\/www.instagram.com\\\/vitablanca.ma\\\/\"]}]}<\/script>\n<!-- \/ Yoast SEO plugin. -->","yoast_head_json":{"title":"Janssen Cosmetics Lip Mask 15ml - Morocco Price","description":"Janssen Cosmetics Lip Mask 15ml","robots":{"index":"index","follow":"follow","max-snippet":"max-snippet:-1","max-image-preview":"max-image-preview:large","max-video-preview":"max-video-preview:-1"},"canonical":"https:\/\/vitablanca.ma\/en\/product\/janssen-cosmetics-lip-mask-15ml\/","og_locale":"en_US","og_type":"article","og_title":"Janssen Cosmetics Lip Mask 15ml - Maroc Prix","og_description":"Janssen Cosmetics Lip Mask 15ml","og_url":"https:\/\/vitablanca.ma\/en\/product\/janssen-cosmetics-lip-mask-15ml\/","og_site_name":"Vitablanca.ma &ndash; Sant&eacute;, vitalit&eacute; et bien-&ecirc;tre pour tous les Marocains","article_publisher":"https:\/\/www.facebook.com\/profile.php?id=61576678196717","og_image":[{"width":1000,"height":1000,"url":"https:\/\/vitablanca.ma\/wp-content\/uploads\/2025\/06\/Janssen-Cosmetics-Lip-Mask-15ml-nova-parapharmacie-maroc.jpg","type":"image\/jpeg"}],"twitter_card":"summary_large_image","twitter_misc":{"Est. reading time":"2 minutes"},"schema":{"@context":"https:\/\/schema.org","@graph":[{"@type":["WebPage","ItemPage"],"@id":"https:\/\/vitablanca.ma\/produit\/janssen-cosmetics-lip-mask-15ml\/","url":"https:\/\/vitablanca.ma\/produit\/janssen-cosmetics-lip-mask-15ml\/","name":"Janssen Cosmetics Lip Mask 15ml - Morocco Price","isPartOf":{"@id":"https:\/\/vitablanca.ma\/#website"},"primaryImageOfPage":{"@id":"https:\/\/vitablanca.ma\/produit\/janssen-cosmetics-lip-mask-15ml\/#primaryimage"},"image":{"@id":"https:\/\/vitablanca.ma\/produit\/janssen-cosmetics-lip-mask-15ml\/#primaryimage"},"thumbnailUrl":"https:\/\/vitablanca.ma\/wp-content\/uploads\/2025\/06\/Janssen-Cosmetics-Lip-Mask-15ml-nova-parapharmacie-maroc.jpg","datePublished":"2025-06-10T17:52:12+00:00","description":"Janssen Cosmetics Lip Mask 15ml","breadcrumb":{"@id":"https:\/\/vitablanca.ma\/produit\/janssen-cosmetics-lip-mask-15ml\/#breadcrumb"},"inLanguage":"en-US","potentialAction":[{"@type":"ReadAction","target":["https:\/\/vitablanca.ma\/produit\/janssen-cosmetics-lip-mask-15ml\/"]}]},{"@type":"ImageObject","inLanguage":"en-US","@id":"https:\/\/vitablanca.ma\/produit\/janssen-cosmetics-lip-mask-15ml\/#primaryimage","url":"https:\/\/vitablanca.ma\/wp-content\/uploads\/2025\/06\/Janssen-Cosmetics-Lip-Mask-15ml-nova-parapharmacie-maroc.jpg","contentUrl":"https:\/\/vitablanca.ma\/wp-content\/uploads\/2025\/06\/Janssen-Cosmetics-Lip-Mask-15ml-nova-parapharmacie-maroc.jpg","width":1000,"height":1000},{"@type":"BreadcrumbList","@id":"https:\/\/vitablanca.ma\/produit\/janssen-cosmetics-lip-mask-15ml\/#breadcrumb","itemListElement":[{"@type":"ListItem","position":1,"name":"Home","item":"https:\/\/vitablanca.ma\/"},{"@type":"ListItem","position":2,"name":"Tous Les Produits","item":"https:\/\/vitablanca.ma\/tous-les-produits\/"},{"@type":"ListItem","position":3,"name":"Janssen Cosmetics Lip Mask 15ml"}]},{"@type":"WebSite","@id":"https:\/\/vitablanca.ma\/#website","url":"https:\/\/vitablanca.ma\/","name":"VitaBlanca.ma | Food supplements, health &amp; beauty in Morocco","description":"sell premium vitamins and supplements from USA &amp; Canada, New Zealand, Morocco (NOW Foods, Solgar, Manuka). Fast delivery anywhere in Morocco.","publisher":{"@id":"https:\/\/vitablanca.ma\/#organization"},"alternateName":"VitaBlanca.ma","potentialAction":[{"@type":"SearchAction","target":{"@type":"EntryPoint","urlTemplate":"https:\/\/vitablanca.ma\/?s={search_term_string}"},"query-input":{"@type":"PropertyValueSpecification","valueRequired":true,"valueName":"search_term_string"}}],"inLanguage":"en-US"},{"@type":"Organization","@id":"https:\/\/vitablanca.ma\/#organization","name":"VitaBlanca","url":"https:\/\/vitablanca.ma\/","logo":{"@type":"ImageObject","inLanguage":"en-US","@id":"https:\/\/vitablanca.ma\/#\/schema\/logo\/image\/","url":"https:\/\/vitablanca.ma\/wp-content\/uploads\/2025\/05\/cropped-vitablanca.png","contentUrl":"https:\/\/vitablanca.ma\/wp-content\/uploads\/2025\/05\/cropped-vitablanca.png","width":360,"height":67,"caption":"VitaBlanca"},"image":{"@id":"https:\/\/vitablanca.ma\/#\/schema\/logo\/image\/"},"sameAs":["https:\/\/www.facebook.com\/profile.php?id=61576678196717","https:\/\/www.tiktok.com\/@vitablanca.ma","https:\/\/www.instagram.com\/vitablanca.ma\/"]}]}},"jetpack_sharing_enabled":true,"_links":{"self":[{"href":"https:\/\/vitablanca.ma\/en\/wp-json\/wp\/v2\/product\/19201","targetHints":{"allow":["GET"]}}],"collection":[{"href":"https:\/\/vitablanca.ma\/en\/wp-json\/wp\/v2\/product"}],"about":[{"href":"https:\/\/vitablanca.ma\/en\/wp-json\/wp\/v2\/types\/product"}],"wp:featuredmedia":[{"embeddable":true,"href":"https:\/\/vitablanca.ma\/en\/wp-json\/wp\/v2\/media\/19199"}],"wp:attachment":[{"href":"https:\/\/vitablanca.ma\/en\/wp-json\/wp\/v2\/media?parent=19201"}],"wp:term":[{"taxonomy":"product_brand","embeddable":true,"href":"https:\/\/vitablanca.ma\/en\/wp-json\/wp\/v2\/product_brand?post=19201"},{"taxonomy":"product_cat","embeddable":true,"href":"https:\/\/vitablanca.ma\/en\/wp-json\/wp\/v2\/product_cat?post=19201"},{"taxonomy":"product_tag","embeddable":true,"href":"https:\/\/vitablanca.ma\/en\/wp-json\/wp\/v2\/product_tag?post=19201"}],"curies":[{"name":"wp","href":"https:\/\/api.w.org\/{rel}","templated":true}]}}