{"id":19197,"date":"2025-06-10T17:52:01","date_gmt":"2025-06-10T17:52:01","guid":{"rendered":"https:\/\/vitablanca.ma\/product\/jowae-baume-levres-nourrissant-4g\/"},"modified":"2025-06-10T17:52:01","modified_gmt":"2025-06-10T17:52:01","slug":"jowae-baume-levres-nourrissant-4g","status":"publish","type":"product","link":"https:\/\/vitablanca.ma\/en\/product\/jowae-baume-levres-nourrissant-4g\/","title":{"rendered":"Jowae Nourishing Lip Balm 4g"},"content":{"rendered":"<h1>Jowae Nourishing Lip Balm 4g<\/h1>\n<p><span>&#8211;\u00a0<\/span><span>Nourishes, enhances and protects.<\/span><br \/><span>&#8211;\u00a0<\/span><span>Lips are intensely nourished, more supple and soft.<\/span><br \/><span>&#8211;\u00a0<\/span><span>To\u00a0<\/span><span>L<\/span><span>antioxidant umiphenols\u00a0<\/span><span>And<\/span><span>\u00a0<\/span><span>h<\/span><span>camellia oil<\/span><br \/><span>\u2013 99% of ingredients of natural origin<\/span><br \/><span>\u2013 Tolerance: clinically tested under dermatological control<\/span><br \/><span>\u2013 Nourished lips: 90%*<\/span><br \/><span>\u2013 Protected lips: 95%*<\/span><br \/><span>\u2013 Soothes cracked lips: 100%**.<\/span><br \/><span>\u2013 Overall: 90% satisfaction<\/span><br \/><span>\u2013 Jowa\u00e9 products are paraben-free, phenoxyethanol-free, mineral oil-free, free of ingredients of animal origin***, silicone-free****, and synthetic colorant-free.<\/span><\/p>\n<p><span>Clinical study on 21 volunteers:<\/span><br \/><span>*Immediate effect \u2013 single application \u2013 % of satisfaction<\/span><br \/><span>**For 28 days \u2013 application 4 times a day minimum \u2013 % of satisfaction<\/span><br \/><span>***Excluding beehive products<\/span><br \/><span>****Volatile<\/span><\/p>\n<h3><strong>Directions for Use:<\/strong><\/h3>\n<section id=\"wrapper\">\n<div id=\"content-wrapper\">\n<div class=\"product-wrapper\">\n<div class=\"container\">\n<section class=\"product-tabs tabs\">\n<div class=\"row\">\n<div class=\"col-md-6 col-xs-12\">\n<div class=\"tab-content\" id=\"tab-content\">\n<div class=\"tab-pane fade in active\" id=\"advices\" role=\"tabpanel\" aria-expanded=\"true\">\n<div class=\"product-advices\">\n<p><span>Apply to lips as often as needed.<\/span><\/p>\n<h3><span><strong>Ingredients :<\/strong><\/span><\/h3>\n<p><span data-mce-fragment=\"1\">Hydrogenated coconut oil, beeswax, Olus oil\/ vegetable oil\/ oil vegetale, octyldodecyl myristate, Candelilla cera\/ Euphorbia cerifera (candelilla) wax\/ Cire de candelilla, Helianthus annuus hybrid oil\/ Helianthus annuus (sunflower) seed oil, hydrogenated castor oil behenyl esters, isoamyl laurate, Butyrospermum parkii (shea) butter, cetyl ricinoleate, Ricinus communis (castor) seed oil, macadamia seed oil polyglyceryl-6 esters behenate, hydrogenated vegetable oil, Prunus amygdalus dulcis (sweet almond) oil, parfum\/fragrance, glycerin, tocopheryl acetate, tocopherol, Helianthus annuus (sunflower) seed oil, eau, Camellia sinensis leaf extract, Sempervivum tectorum extract, citric acid<\/span><br data-mce-fragment=\"1\"><br data-mce-fragment=\"1\"><span data-mce-fragment=\"1\">Active ingredients: antioxidant lumiphenols, camellia oil, shea butter, sun flower oil, candelilla wax, sweet almond<\/span>\n<\/div>\n<\/div>\n<\/div>\n<\/div>\n<\/div>\n<\/section>\n<\/div>\n<\/div>\n<\/div>\n<\/section>","protected":false},"excerpt":{"rendered":"<p>Jowae Baume levres Nourrissant 4g &#8211;\u00a0Nourrit, sublime et prot\u00e8ge.&#8211;\u00a0Les l\u00e8vres sont intens\u00e9ment nourries, plus souples et douces.&#8211;\u00a0Aux\u00a0lumiph\u00e9nols antioxydants\u00a0et\u00a0huile de cam\u00e9lia&#8211; 99% d&rsquo;ingr\u00e9dients d&rsquo;origine naturelle&#8211; Tol\u00e9rance : test\u00e9e cliniquement sous contr\u00f4le dermatologique&#8211; L\u00e8vres nourries : 90%*&#8211; L\u00e8vres prot\u00e9g\u00e9es : 95%*&#8211; Soulage les l\u00e8vres craquel\u00e9es : 100%**.&#8211; Au global : 90% de satisfaction&#8211; Les produits Jowa\u00e9 sont [&hellip;]<\/p>\n","protected":false},"featured_media":19195,"template":"","meta":{"om_disable_all_campaigns":false},"product_brand":[],"product_cat":[15],"product_tag":[],"class_list":{"0":"post-19197","1":"product","2":"type-product","3":"status-publish","4":"has-post-thumbnail","6":"product_cat-beaute-sante-complements-alimentaires-soins-et-bien-etre-au-meilleur-prix","8":"first","9":"instock","10":"sale","11":"taxable","12":"shipping-taxable","13":"purchasable","14":"product-type-simple"},"yoast_head":"<!-- This site is optimized with the Yoast SEO plugin v27.4 - https:\/\/yoast.com\/product\/yoast-seo-wordpress\/ -->\n<title>Jowae Baume levres Nourrissant 4g - Maroc Prix<\/title>\n<meta name=\"description\" content=\"Jowae Baume levres Nourrissant 4g\" \/>\n<meta name=\"robots\" content=\"index, follow, max-snippet:-1, max-image-preview:large, max-video-preview:-1\" \/>\n<link rel=\"canonical\" href=\"https:\/\/vitablanca.ma\/en\/product\/jowae-baume-levres-nourrissant-4g\/\" \/>\n<meta property=\"og:locale\" content=\"en_US\" \/>\n<meta property=\"og:type\" content=\"article\" \/>\n<meta property=\"og:title\" content=\"Jowae Baume levres Nourrissant 4g - Maroc Prix\" \/>\n<meta property=\"og:description\" content=\"Jowae Baume levres Nourrissant 4g\" \/>\n<meta property=\"og:url\" content=\"https:\/\/vitablanca.ma\/en\/product\/jowae-baume-levres-nourrissant-4g\/\" \/>\n<meta property=\"og:site_name\" content=\"Vitablanca.ma &ndash; Sant&eacute;, vitalit&eacute; et bien-&ecirc;tre pour tous les Marocains\" \/>\n<meta property=\"article:publisher\" content=\"https:\/\/www.facebook.com\/profile.php?id=61576678196717\" \/>\n<meta property=\"og:image\" content=\"https:\/\/vitablanca.ma\/wp-content\/uploads\/2025\/06\/Jowae-baume-levres-nourrissant-4g-parapharmacie-maroc.jpg\" \/>\n\t<meta property=\"og:image:width\" content=\"600\" \/>\n\t<meta property=\"og:image:height\" content=\"600\" \/>\n\t<meta property=\"og:image:type\" content=\"image\/jpeg\" \/>\n<meta name=\"twitter:card\" content=\"summary_large_image\" \/>\n<meta name=\"twitter:label1\" content=\"Est. reading time\" \/>\n\t<meta name=\"twitter:data1\" content=\"1 minute\" \/>\n<script type=\"application\/ld+json\" class=\"yoast-schema-graph\">{\"@context\":\"https:\\\/\\\/schema.org\",\"@graph\":[{\"@type\":[\"WebPage\",\"ItemPage\"],\"@id\":\"https:\\\/\\\/vitablanca.ma\\\/produit\\\/jowae-baume-levres-nourrissant-4g\\\/\",\"url\":\"https:\\\/\\\/vitablanca.ma\\\/produit\\\/jowae-baume-levres-nourrissant-4g\\\/\",\"name\":\"Jowae Baume levres Nourrissant 4g - Maroc Prix\",\"isPartOf\":{\"@id\":\"https:\\\/\\\/vitablanca.ma\\\/#website\"},\"primaryImageOfPage\":{\"@id\":\"https:\\\/\\\/vitablanca.ma\\\/produit\\\/jowae-baume-levres-nourrissant-4g\\\/#primaryimage\"},\"image\":{\"@id\":\"https:\\\/\\\/vitablanca.ma\\\/produit\\\/jowae-baume-levres-nourrissant-4g\\\/#primaryimage\"},\"thumbnailUrl\":\"https:\\\/\\\/vitablanca.ma\\\/wp-content\\\/uploads\\\/2025\\\/06\\\/Jowae-baume-levres-nourrissant-4g-parapharmacie-maroc.jpg\",\"datePublished\":\"2025-06-10T17:52:01+00:00\",\"description\":\"Jowae Baume levres Nourrissant 4g\",\"breadcrumb\":{\"@id\":\"https:\\\/\\\/vitablanca.ma\\\/produit\\\/jowae-baume-levres-nourrissant-4g\\\/#breadcrumb\"},\"inLanguage\":\"en-US\",\"potentialAction\":[{\"@type\":\"ReadAction\",\"target\":[\"https:\\\/\\\/vitablanca.ma\\\/produit\\\/jowae-baume-levres-nourrissant-4g\\\/\"]}]},{\"@type\":\"ImageObject\",\"inLanguage\":\"en-US\",\"@id\":\"https:\\\/\\\/vitablanca.ma\\\/produit\\\/jowae-baume-levres-nourrissant-4g\\\/#primaryimage\",\"url\":\"https:\\\/\\\/vitablanca.ma\\\/wp-content\\\/uploads\\\/2025\\\/06\\\/Jowae-baume-levres-nourrissant-4g-parapharmacie-maroc.jpg\",\"contentUrl\":\"https:\\\/\\\/vitablanca.ma\\\/wp-content\\\/uploads\\\/2025\\\/06\\\/Jowae-baume-levres-nourrissant-4g-parapharmacie-maroc.jpg\",\"width\":600,\"height\":600},{\"@type\":\"BreadcrumbList\",\"@id\":\"https:\\\/\\\/vitablanca.ma\\\/produit\\\/jowae-baume-levres-nourrissant-4g\\\/#breadcrumb\",\"itemListElement\":[{\"@type\":\"ListItem\",\"position\":1,\"name\":\"Home\",\"item\":\"https:\\\/\\\/vitablanca.ma\\\/\"},{\"@type\":\"ListItem\",\"position\":2,\"name\":\"Tous Les Produits\",\"item\":\"https:\\\/\\\/vitablanca.ma\\\/tous-les-produits\\\/\"},{\"@type\":\"ListItem\",\"position\":3,\"name\":\"Jowae Baume levres Nourrissant 4g\"}]},{\"@type\":\"WebSite\",\"@id\":\"https:\\\/\\\/vitablanca.ma\\\/#website\",\"url\":\"https:\\\/\\\/vitablanca.ma\\\/\",\"name\":\"VitaBlanca.ma | Compl\u00e9ments alimentaires, sant\u00e9 & beaut\u00e9 au Maroc\",\"description\":\"vendre vitamines et compl\u00e9ments premium des USA &amp; Canada, Nouvelle Z\u00e9lande,Maroc (NOW Foods, Solgar, Manuka). Livraison rapide partout au Maroc.\",\"publisher\":{\"@id\":\"https:\\\/\\\/vitablanca.ma\\\/#organization\"},\"alternateName\":\"VitaBlanca.ma\",\"potentialAction\":[{\"@type\":\"SearchAction\",\"target\":{\"@type\":\"EntryPoint\",\"urlTemplate\":\"https:\\\/\\\/vitablanca.ma\\\/?s={search_term_string}\"},\"query-input\":{\"@type\":\"PropertyValueSpecification\",\"valueRequired\":true,\"valueName\":\"search_term_string\"}}],\"inLanguage\":\"en-US\"},{\"@type\":\"Organization\",\"@id\":\"https:\\\/\\\/vitablanca.ma\\\/#organization\",\"name\":\"VitaBlanca\",\"url\":\"https:\\\/\\\/vitablanca.ma\\\/\",\"logo\":{\"@type\":\"ImageObject\",\"inLanguage\":\"en-US\",\"@id\":\"https:\\\/\\\/vitablanca.ma\\\/#\\\/schema\\\/logo\\\/image\\\/\",\"url\":\"https:\\\/\\\/vitablanca.ma\\\/wp-content\\\/uploads\\\/2025\\\/05\\\/cropped-vitablanca.png\",\"contentUrl\":\"https:\\\/\\\/vitablanca.ma\\\/wp-content\\\/uploads\\\/2025\\\/05\\\/cropped-vitablanca.png\",\"width\":360,\"height\":67,\"caption\":\"VitaBlanca\"},\"image\":{\"@id\":\"https:\\\/\\\/vitablanca.ma\\\/#\\\/schema\\\/logo\\\/image\\\/\"},\"sameAs\":[\"https:\\\/\\\/www.facebook.com\\\/profile.php?id=61576678196717\",\"https:\\\/\\\/www.tiktok.com\\\/@vitablanca.ma\",\"https:\\\/\\\/www.instagram.com\\\/vitablanca.ma\\\/\"]}]}<\/script>\n<!-- \/ Yoast SEO plugin. -->","yoast_head_json":{"title":"Jowae Nourishing Lip Balm 4g - Morocco Price","description":"Jowae Nourishing Lip Balm 4g","robots":{"index":"index","follow":"follow","max-snippet":"max-snippet:-1","max-image-preview":"max-image-preview:large","max-video-preview":"max-video-preview:-1"},"canonical":"https:\/\/vitablanca.ma\/en\/product\/jowae-baume-levres-nourrissant-4g\/","og_locale":"en_US","og_type":"article","og_title":"Jowae Baume levres Nourrissant 4g - Maroc Prix","og_description":"Jowae Baume levres Nourrissant 4g","og_url":"https:\/\/vitablanca.ma\/en\/product\/jowae-baume-levres-nourrissant-4g\/","og_site_name":"Vitablanca.ma &ndash; Sant&eacute;, vitalit&eacute; et bien-&ecirc;tre pour tous les Marocains","article_publisher":"https:\/\/www.facebook.com\/profile.php?id=61576678196717","og_image":[{"width":600,"height":600,"url":"https:\/\/vitablanca.ma\/wp-content\/uploads\/2025\/06\/Jowae-baume-levres-nourrissant-4g-parapharmacie-maroc.jpg","type":"image\/jpeg"}],"twitter_card":"summary_large_image","twitter_misc":{"Est. reading time":"1 minute"},"schema":{"@context":"https:\/\/schema.org","@graph":[{"@type":["WebPage","ItemPage"],"@id":"https:\/\/vitablanca.ma\/produit\/jowae-baume-levres-nourrissant-4g\/","url":"https:\/\/vitablanca.ma\/produit\/jowae-baume-levres-nourrissant-4g\/","name":"Jowae Nourishing Lip Balm 4g - Morocco Price","isPartOf":{"@id":"https:\/\/vitablanca.ma\/#website"},"primaryImageOfPage":{"@id":"https:\/\/vitablanca.ma\/produit\/jowae-baume-levres-nourrissant-4g\/#primaryimage"},"image":{"@id":"https:\/\/vitablanca.ma\/produit\/jowae-baume-levres-nourrissant-4g\/#primaryimage"},"thumbnailUrl":"https:\/\/vitablanca.ma\/wp-content\/uploads\/2025\/06\/Jowae-baume-levres-nourrissant-4g-parapharmacie-maroc.jpg","datePublished":"2025-06-10T17:52:01+00:00","description":"Jowae Nourishing Lip Balm 4g","breadcrumb":{"@id":"https:\/\/vitablanca.ma\/produit\/jowae-baume-levres-nourrissant-4g\/#breadcrumb"},"inLanguage":"en-US","potentialAction":[{"@type":"ReadAction","target":["https:\/\/vitablanca.ma\/produit\/jowae-baume-levres-nourrissant-4g\/"]}]},{"@type":"ImageObject","inLanguage":"en-US","@id":"https:\/\/vitablanca.ma\/produit\/jowae-baume-levres-nourrissant-4g\/#primaryimage","url":"https:\/\/vitablanca.ma\/wp-content\/uploads\/2025\/06\/Jowae-baume-levres-nourrissant-4g-parapharmacie-maroc.jpg","contentUrl":"https:\/\/vitablanca.ma\/wp-content\/uploads\/2025\/06\/Jowae-baume-levres-nourrissant-4g-parapharmacie-maroc.jpg","width":600,"height":600},{"@type":"BreadcrumbList","@id":"https:\/\/vitablanca.ma\/produit\/jowae-baume-levres-nourrissant-4g\/#breadcrumb","itemListElement":[{"@type":"ListItem","position":1,"name":"Home","item":"https:\/\/vitablanca.ma\/"},{"@type":"ListItem","position":2,"name":"Tous Les Produits","item":"https:\/\/vitablanca.ma\/tous-les-produits\/"},{"@type":"ListItem","position":3,"name":"Jowae Baume levres Nourrissant 4g"}]},{"@type":"WebSite","@id":"https:\/\/vitablanca.ma\/#website","url":"https:\/\/vitablanca.ma\/","name":"VitaBlanca.ma | Food supplements, health &amp; beauty in Morocco","description":"sell premium vitamins and supplements from USA &amp; Canada, New Zealand, Morocco (NOW Foods, Solgar, Manuka). Fast delivery anywhere in Morocco.","publisher":{"@id":"https:\/\/vitablanca.ma\/#organization"},"alternateName":"VitaBlanca.ma","potentialAction":[{"@type":"SearchAction","target":{"@type":"EntryPoint","urlTemplate":"https:\/\/vitablanca.ma\/?s={search_term_string}"},"query-input":{"@type":"PropertyValueSpecification","valueRequired":true,"valueName":"search_term_string"}}],"inLanguage":"en-US"},{"@type":"Organization","@id":"https:\/\/vitablanca.ma\/#organization","name":"VitaBlanca","url":"https:\/\/vitablanca.ma\/","logo":{"@type":"ImageObject","inLanguage":"en-US","@id":"https:\/\/vitablanca.ma\/#\/schema\/logo\/image\/","url":"https:\/\/vitablanca.ma\/wp-content\/uploads\/2025\/05\/cropped-vitablanca.png","contentUrl":"https:\/\/vitablanca.ma\/wp-content\/uploads\/2025\/05\/cropped-vitablanca.png","width":360,"height":67,"caption":"VitaBlanca"},"image":{"@id":"https:\/\/vitablanca.ma\/#\/schema\/logo\/image\/"},"sameAs":["https:\/\/www.facebook.com\/profile.php?id=61576678196717","https:\/\/www.tiktok.com\/@vitablanca.ma","https:\/\/www.instagram.com\/vitablanca.ma\/"]}]}},"jetpack_sharing_enabled":true,"_links":{"self":[{"href":"https:\/\/vitablanca.ma\/en\/wp-json\/wp\/v2\/product\/19197","targetHints":{"allow":["GET"]}}],"collection":[{"href":"https:\/\/vitablanca.ma\/en\/wp-json\/wp\/v2\/product"}],"about":[{"href":"https:\/\/vitablanca.ma\/en\/wp-json\/wp\/v2\/types\/product"}],"wp:featuredmedia":[{"embeddable":true,"href":"https:\/\/vitablanca.ma\/en\/wp-json\/wp\/v2\/media\/19195"}],"wp:attachment":[{"href":"https:\/\/vitablanca.ma\/en\/wp-json\/wp\/v2\/media?parent=19197"}],"wp:term":[{"taxonomy":"product_brand","embeddable":true,"href":"https:\/\/vitablanca.ma\/en\/wp-json\/wp\/v2\/product_brand?post=19197"},{"taxonomy":"product_cat","embeddable":true,"href":"https:\/\/vitablanca.ma\/en\/wp-json\/wp\/v2\/product_cat?post=19197"},{"taxonomy":"product_tag","embeddable":true,"href":"https:\/\/vitablanca.ma\/en\/wp-json\/wp\/v2\/product_tag?post=19197"}],"curies":[{"name":"wp","href":"https:\/\/api.w.org\/{rel}","templated":true}]}}