{"id":19194,"date":"2025-06-10T17:52:00","date_gmt":"2025-06-10T17:52:00","guid":{"rendered":"https:\/\/vitablanca.ma\/product\/janssen-cosmetics-men-nettoyant-rasage-purifiant-75ml\/"},"modified":"2025-06-10T17:52:00","modified_gmt":"2025-06-10T17:52:00","slug":"janssen-cosmetics-men-nettoyant-rasage-purifiant-75ml","status":"publish","type":"product","link":"https:\/\/vitablanca.ma\/en\/product\/janssen-cosmetics-men-nettoyant-rasage-purifiant-75ml\/","title":{"rendered":"Janssen Cosmetics Men Purifying Cleanser + Shave 75ml"},"content":{"rendered":"<h2>Janssen Cosmetics Men Purifying Cleanser + Shave <span>for a deep cleansing and a smooth shave.<\/span><br \/>\n<\/h2>\n<p><span>Fine, creamy lather for deep cleansing and a smooth shave.<\/span><\/p>\n<p>Your skin is immediately cleansed and refreshed, soothed during shaving and enjoys a lasting feeling of freshness and softness.<\/p>\n<h3>APPLICATION<\/h3>\n<div class=\"descbox2\" data-mce-fragment=\"1\">\n<div class=\"mb-2\" data-mce-fragment=\"1\">\n<div class=\"descbox2\">\n<div class=\"mb-2\">\n<p>Lather a small amount of product in your hands and apply to your face. To shave, gently massage into your beard and leave on briefly. Then shave. Remove excess product with warm water.<\/p>\n<\/div>\n<\/div>\n<\/div>\n<\/div>\n<div class=\"descbox3\" data-mce-fragment=\"1\">\n<h3 data-mce-fragment=\"1\">INGREDIENTS<\/h3>\n<div class=\"mb-2\" data-mce-fragment=\"1\">\n<p class=\"cs95E872D0\" data-mce-fragment=\"1\"><span class=\"cs31D24DEE\" data-mce-fragment=\"1\">\u2022 Yeast extract:<span data-mce-fragment=\"1\">\u00a0<\/span><\/span><span class=\"csD5D7D290\" data-mce-fragment=\"1\">enriched with B vitamins and allantoin, regulates sebum production<\/span><\/p>\n<p class=\"cs95E872D0\" data-mce-fragment=\"1\"><span class=\"cs31D24DEE\" data-mce-fragment=\"1\">\u2022 Decyl glucoside (mild surfactant obtained from sugar):<span data-mce-fragment=\"1\">\u00a0<\/span><\/span><span class=\"csD5D7D290\" data-mce-fragment=\"1\">natural-based cleaning agent<\/span><\/p>\n<p class=\"cs95E872D0\" data-mce-fragment=\"1\"><span class=\"cs31D24DEE\" data-mce-fragment=\"1\">\u2022 Allantoin:<span data-mce-fragment=\"1\">\u00a0<\/span><\/span><span class=\"csD5D7D290\" data-mce-fragment=\"1\">promotes natural skin regeneration<\/span><\/p>\n<\/div>\n<\/div>","protected":false},"excerpt":{"rendered":"<p>Janssen Cosmetics Men Nettoyant + Rasage Purifiant pour un nettoyage en profondeur et un rasage doux. Mousse fine et onctueuse pour un nettoyage en profondeur et un rasage doux. Votre peau est imm\u00e9diatement nettoy\u00e9e et rafra\u00eechie, apais\u00e9e pendant le rasage et profite d&rsquo;une sensation durable de fra\u00eecheur et de douceur. APPLICATION Faire mousser une petite [&hellip;]<\/p>\n","protected":false},"featured_media":19193,"template":"","meta":{"om_disable_all_campaigns":false},"product_brand":[],"product_cat":[15],"product_tag":[],"class_list":{"0":"post-19194","1":"product","2":"type-product","3":"status-publish","4":"has-post-thumbnail","6":"product_cat-beaute-sante-complements-alimentaires-soins-et-bien-etre-au-meilleur-prix","8":"first","9":"instock","10":"sale","11":"taxable","12":"shipping-taxable","13":"purchasable","14":"product-type-simple"},"yoast_head":"<!-- This site is optimized with the Yoast SEO plugin v27.4 - https:\/\/yoast.com\/product\/yoast-seo-wordpress\/ -->\n<title>Janssen Cosmetics Men Nettoyant + Rasage Purifiant 75ml - Maroc Prix<\/title>\n<meta name=\"description\" content=\"Janssen Cosmetics Men Nettoyant + Rasage Purifiant 75ml\" \/>\n<meta name=\"robots\" content=\"index, follow, max-snippet:-1, max-image-preview:large, max-video-preview:-1\" \/>\n<link rel=\"canonical\" href=\"https:\/\/vitablanca.ma\/en\/product\/janssen-cosmetics-men-nettoyant-rasage-purifiant-75ml\/\" \/>\n<meta property=\"og:locale\" content=\"en_US\" \/>\n<meta property=\"og:type\" content=\"article\" \/>\n<meta property=\"og:title\" content=\"Janssen Cosmetics Men Nettoyant + Rasage Purifiant 75ml - Maroc Prix\" \/>\n<meta property=\"og:description\" content=\"Janssen Cosmetics Men Nettoyant + Rasage Purifiant 75ml\" \/>\n<meta property=\"og:url\" content=\"https:\/\/vitablanca.ma\/en\/product\/janssen-cosmetics-men-nettoyant-rasage-purifiant-75ml\/\" \/>\n<meta property=\"og:site_name\" content=\"Vitablanca.ma &ndash; Sant&eacute;, vitalit&eacute; et bien-&ecirc;tre pour tous les Marocains\" \/>\n<meta property=\"article:publisher\" content=\"https:\/\/www.facebook.com\/profile.php?id=61576678196717\" \/>\n<meta property=\"og:image\" content=\"https:\/\/vitablanca.ma\/wp-content\/uploads\/2025\/06\/Janssen-Cosmetics-Nettoyant-_-Rasage-Purifiant-75ml-novapara-maroc.jpg\" \/>\n\t<meta property=\"og:image:width\" content=\"1000\" \/>\n\t<meta property=\"og:image:height\" content=\"1000\" \/>\n\t<meta property=\"og:image:type\" content=\"image\/jpeg\" \/>\n<meta name=\"twitter:card\" content=\"summary_large_image\" \/>\n<meta name=\"twitter:label1\" content=\"Est. reading time\" \/>\n\t<meta name=\"twitter:data1\" content=\"1 minute\" \/>\n<script type=\"application\/ld+json\" class=\"yoast-schema-graph\">{\"@context\":\"https:\\\/\\\/schema.org\",\"@graph\":[{\"@type\":[\"WebPage\",\"ItemPage\"],\"@id\":\"https:\\\/\\\/vitablanca.ma\\\/produit\\\/janssen-cosmetics-men-nettoyant-rasage-purifiant-75ml\\\/\",\"url\":\"https:\\\/\\\/vitablanca.ma\\\/produit\\\/janssen-cosmetics-men-nettoyant-rasage-purifiant-75ml\\\/\",\"name\":\"Janssen Cosmetics Men Nettoyant + Rasage Purifiant 75ml - Maroc Prix\",\"isPartOf\":{\"@id\":\"https:\\\/\\\/vitablanca.ma\\\/#website\"},\"primaryImageOfPage\":{\"@id\":\"https:\\\/\\\/vitablanca.ma\\\/produit\\\/janssen-cosmetics-men-nettoyant-rasage-purifiant-75ml\\\/#primaryimage\"},\"image\":{\"@id\":\"https:\\\/\\\/vitablanca.ma\\\/produit\\\/janssen-cosmetics-men-nettoyant-rasage-purifiant-75ml\\\/#primaryimage\"},\"thumbnailUrl\":\"https:\\\/\\\/vitablanca.ma\\\/wp-content\\\/uploads\\\/2025\\\/06\\\/Janssen-Cosmetics-Nettoyant-_-Rasage-Purifiant-75ml-novapara-maroc.jpg\",\"datePublished\":\"2025-06-10T17:52:00+00:00\",\"description\":\"Janssen Cosmetics Men Nettoyant + Rasage Purifiant 75ml\",\"breadcrumb\":{\"@id\":\"https:\\\/\\\/vitablanca.ma\\\/produit\\\/janssen-cosmetics-men-nettoyant-rasage-purifiant-75ml\\\/#breadcrumb\"},\"inLanguage\":\"en-US\",\"potentialAction\":[{\"@type\":\"ReadAction\",\"target\":[\"https:\\\/\\\/vitablanca.ma\\\/produit\\\/janssen-cosmetics-men-nettoyant-rasage-purifiant-75ml\\\/\"]}]},{\"@type\":\"ImageObject\",\"inLanguage\":\"en-US\",\"@id\":\"https:\\\/\\\/vitablanca.ma\\\/produit\\\/janssen-cosmetics-men-nettoyant-rasage-purifiant-75ml\\\/#primaryimage\",\"url\":\"https:\\\/\\\/vitablanca.ma\\\/wp-content\\\/uploads\\\/2025\\\/06\\\/Janssen-Cosmetics-Nettoyant-_-Rasage-Purifiant-75ml-novapara-maroc.jpg\",\"contentUrl\":\"https:\\\/\\\/vitablanca.ma\\\/wp-content\\\/uploads\\\/2025\\\/06\\\/Janssen-Cosmetics-Nettoyant-_-Rasage-Purifiant-75ml-novapara-maroc.jpg\",\"width\":1000,\"height\":1000},{\"@type\":\"BreadcrumbList\",\"@id\":\"https:\\\/\\\/vitablanca.ma\\\/produit\\\/janssen-cosmetics-men-nettoyant-rasage-purifiant-75ml\\\/#breadcrumb\",\"itemListElement\":[{\"@type\":\"ListItem\",\"position\":1,\"name\":\"Home\",\"item\":\"https:\\\/\\\/vitablanca.ma\\\/\"},{\"@type\":\"ListItem\",\"position\":2,\"name\":\"Tous Les Produits\",\"item\":\"https:\\\/\\\/vitablanca.ma\\\/tous-les-produits\\\/\"},{\"@type\":\"ListItem\",\"position\":3,\"name\":\"Janssen Cosmetics Men Nettoyant + Rasage Purifiant 75ml\"}]},{\"@type\":\"WebSite\",\"@id\":\"https:\\\/\\\/vitablanca.ma\\\/#website\",\"url\":\"https:\\\/\\\/vitablanca.ma\\\/\",\"name\":\"VitaBlanca.ma | Compl\u00e9ments alimentaires, sant\u00e9 & beaut\u00e9 au Maroc\",\"description\":\"vendre vitamines et compl\u00e9ments premium des USA &amp; Canada, Nouvelle Z\u00e9lande,Maroc (NOW Foods, Solgar, Manuka). Livraison rapide partout au Maroc.\",\"publisher\":{\"@id\":\"https:\\\/\\\/vitablanca.ma\\\/#organization\"},\"alternateName\":\"VitaBlanca.ma\",\"potentialAction\":[{\"@type\":\"SearchAction\",\"target\":{\"@type\":\"EntryPoint\",\"urlTemplate\":\"https:\\\/\\\/vitablanca.ma\\\/?s={search_term_string}\"},\"query-input\":{\"@type\":\"PropertyValueSpecification\",\"valueRequired\":true,\"valueName\":\"search_term_string\"}}],\"inLanguage\":\"en-US\"},{\"@type\":\"Organization\",\"@id\":\"https:\\\/\\\/vitablanca.ma\\\/#organization\",\"name\":\"VitaBlanca\",\"url\":\"https:\\\/\\\/vitablanca.ma\\\/\",\"logo\":{\"@type\":\"ImageObject\",\"inLanguage\":\"en-US\",\"@id\":\"https:\\\/\\\/vitablanca.ma\\\/#\\\/schema\\\/logo\\\/image\\\/\",\"url\":\"https:\\\/\\\/vitablanca.ma\\\/wp-content\\\/uploads\\\/2025\\\/05\\\/cropped-vitablanca.png\",\"contentUrl\":\"https:\\\/\\\/vitablanca.ma\\\/wp-content\\\/uploads\\\/2025\\\/05\\\/cropped-vitablanca.png\",\"width\":360,\"height\":67,\"caption\":\"VitaBlanca\"},\"image\":{\"@id\":\"https:\\\/\\\/vitablanca.ma\\\/#\\\/schema\\\/logo\\\/image\\\/\"},\"sameAs\":[\"https:\\\/\\\/www.facebook.com\\\/profile.php?id=61576678196717\",\"https:\\\/\\\/www.tiktok.com\\\/@vitablanca.ma\",\"https:\\\/\\\/www.instagram.com\\\/vitablanca.ma\\\/\"]}]}<\/script>\n<!-- \/ Yoast SEO plugin. -->","yoast_head_json":{"title":"Janssen Cosmetics Men Purifying Cleanser + Shave 75ml - Morocco Price","description":"Janssen Cosmetics Men Purifying Cleanser + Shave 75ml","robots":{"index":"index","follow":"follow","max-snippet":"max-snippet:-1","max-image-preview":"max-image-preview:large","max-video-preview":"max-video-preview:-1"},"canonical":"https:\/\/vitablanca.ma\/en\/product\/janssen-cosmetics-men-nettoyant-rasage-purifiant-75ml\/","og_locale":"en_US","og_type":"article","og_title":"Janssen Cosmetics Men Nettoyant + Rasage Purifiant 75ml - Maroc Prix","og_description":"Janssen Cosmetics Men Nettoyant + Rasage Purifiant 75ml","og_url":"https:\/\/vitablanca.ma\/en\/product\/janssen-cosmetics-men-nettoyant-rasage-purifiant-75ml\/","og_site_name":"Vitablanca.ma &ndash; Sant&eacute;, vitalit&eacute; et bien-&ecirc;tre pour tous les Marocains","article_publisher":"https:\/\/www.facebook.com\/profile.php?id=61576678196717","og_image":[{"width":1000,"height":1000,"url":"https:\/\/vitablanca.ma\/wp-content\/uploads\/2025\/06\/Janssen-Cosmetics-Nettoyant-_-Rasage-Purifiant-75ml-novapara-maroc.jpg","type":"image\/jpeg"}],"twitter_card":"summary_large_image","twitter_misc":{"Est. reading time":"1 minute"},"schema":{"@context":"https:\/\/schema.org","@graph":[{"@type":["WebPage","ItemPage"],"@id":"https:\/\/vitablanca.ma\/produit\/janssen-cosmetics-men-nettoyant-rasage-purifiant-75ml\/","url":"https:\/\/vitablanca.ma\/produit\/janssen-cosmetics-men-nettoyant-rasage-purifiant-75ml\/","name":"Janssen Cosmetics Men Purifying Cleanser + Shave 75ml - Morocco Price","isPartOf":{"@id":"https:\/\/vitablanca.ma\/#website"},"primaryImageOfPage":{"@id":"https:\/\/vitablanca.ma\/produit\/janssen-cosmetics-men-nettoyant-rasage-purifiant-75ml\/#primaryimage"},"image":{"@id":"https:\/\/vitablanca.ma\/produit\/janssen-cosmetics-men-nettoyant-rasage-purifiant-75ml\/#primaryimage"},"thumbnailUrl":"https:\/\/vitablanca.ma\/wp-content\/uploads\/2025\/06\/Janssen-Cosmetics-Nettoyant-_-Rasage-Purifiant-75ml-novapara-maroc.jpg","datePublished":"2025-06-10T17:52:00+00:00","description":"Janssen Cosmetics Men Purifying Cleanser + Shave 75ml","breadcrumb":{"@id":"https:\/\/vitablanca.ma\/produit\/janssen-cosmetics-men-nettoyant-rasage-purifiant-75ml\/#breadcrumb"},"inLanguage":"en-US","potentialAction":[{"@type":"ReadAction","target":["https:\/\/vitablanca.ma\/produit\/janssen-cosmetics-men-nettoyant-rasage-purifiant-75ml\/"]}]},{"@type":"ImageObject","inLanguage":"en-US","@id":"https:\/\/vitablanca.ma\/produit\/janssen-cosmetics-men-nettoyant-rasage-purifiant-75ml\/#primaryimage","url":"https:\/\/vitablanca.ma\/wp-content\/uploads\/2025\/06\/Janssen-Cosmetics-Nettoyant-_-Rasage-Purifiant-75ml-novapara-maroc.jpg","contentUrl":"https:\/\/vitablanca.ma\/wp-content\/uploads\/2025\/06\/Janssen-Cosmetics-Nettoyant-_-Rasage-Purifiant-75ml-novapara-maroc.jpg","width":1000,"height":1000},{"@type":"BreadcrumbList","@id":"https:\/\/vitablanca.ma\/produit\/janssen-cosmetics-men-nettoyant-rasage-purifiant-75ml\/#breadcrumb","itemListElement":[{"@type":"ListItem","position":1,"name":"Home","item":"https:\/\/vitablanca.ma\/"},{"@type":"ListItem","position":2,"name":"Tous Les Produits","item":"https:\/\/vitablanca.ma\/tous-les-produits\/"},{"@type":"ListItem","position":3,"name":"Janssen Cosmetics Men Nettoyant + Rasage Purifiant 75ml"}]},{"@type":"WebSite","@id":"https:\/\/vitablanca.ma\/#website","url":"https:\/\/vitablanca.ma\/","name":"VitaBlanca.ma | Food supplements, health &amp; beauty in Morocco","description":"sell premium vitamins and supplements from USA &amp; Canada, New Zealand, Morocco (NOW Foods, Solgar, Manuka). Fast delivery anywhere in Morocco.","publisher":{"@id":"https:\/\/vitablanca.ma\/#organization"},"alternateName":"VitaBlanca.ma","potentialAction":[{"@type":"SearchAction","target":{"@type":"EntryPoint","urlTemplate":"https:\/\/vitablanca.ma\/?s={search_term_string}"},"query-input":{"@type":"PropertyValueSpecification","valueRequired":true,"valueName":"search_term_string"}}],"inLanguage":"en-US"},{"@type":"Organization","@id":"https:\/\/vitablanca.ma\/#organization","name":"VitaBlanca","url":"https:\/\/vitablanca.ma\/","logo":{"@type":"ImageObject","inLanguage":"en-US","@id":"https:\/\/vitablanca.ma\/#\/schema\/logo\/image\/","url":"https:\/\/vitablanca.ma\/wp-content\/uploads\/2025\/05\/cropped-vitablanca.png","contentUrl":"https:\/\/vitablanca.ma\/wp-content\/uploads\/2025\/05\/cropped-vitablanca.png","width":360,"height":67,"caption":"VitaBlanca"},"image":{"@id":"https:\/\/vitablanca.ma\/#\/schema\/logo\/image\/"},"sameAs":["https:\/\/www.facebook.com\/profile.php?id=61576678196717","https:\/\/www.tiktok.com\/@vitablanca.ma","https:\/\/www.instagram.com\/vitablanca.ma\/"]}]}},"jetpack_sharing_enabled":true,"_links":{"self":[{"href":"https:\/\/vitablanca.ma\/en\/wp-json\/wp\/v2\/product\/19194","targetHints":{"allow":["GET"]}}],"collection":[{"href":"https:\/\/vitablanca.ma\/en\/wp-json\/wp\/v2\/product"}],"about":[{"href":"https:\/\/vitablanca.ma\/en\/wp-json\/wp\/v2\/types\/product"}],"wp:featuredmedia":[{"embeddable":true,"href":"https:\/\/vitablanca.ma\/en\/wp-json\/wp\/v2\/media\/19193"}],"wp:attachment":[{"href":"https:\/\/vitablanca.ma\/en\/wp-json\/wp\/v2\/media?parent=19194"}],"wp:term":[{"taxonomy":"product_brand","embeddable":true,"href":"https:\/\/vitablanca.ma\/en\/wp-json\/wp\/v2\/product_brand?post=19194"},{"taxonomy":"product_cat","embeddable":true,"href":"https:\/\/vitablanca.ma\/en\/wp-json\/wp\/v2\/product_cat?post=19194"},{"taxonomy":"product_tag","embeddable":true,"href":"https:\/\/vitablanca.ma\/en\/wp-json\/wp\/v2\/product_tag?post=19194"}],"curies":[{"name":"wp","href":"https:\/\/api.w.org\/{rel}","templated":true}]}}