{"id":19153,"date":"2025-06-10T17:50:27","date_gmt":"2025-06-10T17:50:27","guid":{"rendered":"https:\/\/vitablanca.ma\/product\/isispharma-neotone-body-lait-corps-intensif-100ml\/"},"modified":"2025-12-24T16:33:22","modified_gmt":"2025-12-24T16:33:22","slug":"isispharma-neotone-body-lait-corps-intensif-100ml","status":"publish","type":"product","link":"https:\/\/vitablanca.ma\/en\/product\/isispharma-neotone-body-lait-corps-intensif-100ml\/","title":{"rendered":"Isispharma Neotone Body Intensive Body Milk 100ml"},"content":{"rendered":"<h2>Isispharma Neotone Body Intensive Body Milk <span data-mce-fragment=\"1\">promotes the elimination of pigment spots<\/span><br \/>\n<\/h2>\n<p><span>Neotone Body depigmenting body milk, promotes the elimination of pigment spots by acting at all stages of the formation of brown spots (before, during and after their appearance) while making the skin softer.<\/span><\/p>\n<div class=\"sp_details--tab accordion_item open\">\n<h3 class=\"sp_details--tab-title accordion_item--toggle\">HOW TO USE IT?<span class=\"sp_details--tab-toggle-icon\"><\/span><br \/>\n<\/h3>\n<div class=\"sp_details--tab-content accordion_item--content\">\n<div class=\"accordion_item--content-inner rich-text\">\n<div class=\"sp_details--content\">\n<p><strong>On clean skin in the evening<\/strong><br \/>Use Neotone Body daily, targeting areas affected by pigment spots.<br \/>Suitable for sensitive areas such as underarms or bikini line.<\/p>\n<p>Milk can also be used on your belly after pregnancy in case of<span>\u00a0<\/span><em>linea nigra<\/em><span>\u00a0<\/span>in order to make this unsightly brownish line disappear.<\/p>\n<p><strong>Dermatologically tested<\/strong><br \/>Body milk provides intense hydration.<\/p>\n<p>NIGHT<\/p>\n<\/div>\n<\/div>\n<\/div>\n<\/div>\n<div class=\"sp_details--tab accordion_item open\">\n<h3 class=\"sp_details--tab-title accordion_item--toggle\">OUR CLINICAL RESULTS<span class=\"sp_details--tab-toggle-icon\"><\/span><br \/>\n<\/h3>\n<div class=\"sp_details--tab-content accordion_item--content\">\n<div class=\"accordion_item--content-inner rich-text\">\n<div class=\"sp_details--content\">\n<p><strong>Proven effectiveness<br \/><\/strong>Optimal tolerance and intense hydration for up to 8 hours*.<\/p>\n<div class=\"annotation\">\n<p>* Instrumental test on 11 volunteers.<\/p>\n<\/div>\n<\/div>\n<\/div>\n<\/div>\n<\/div>\n<div class=\"sp_details--tab accordion_item open\">\n<h3 class=\"sp_details--tab-title accordion_item--toggle\">COMPOSITION<span class=\"sp_details--tab-toggle-icon\"><\/span><br \/>\n<\/h3>\n<div class=\"sp_details--tab-content accordion_item--content\">\n<div class=\"accordion_item--content-inner rich-text\">\n<div class=\"sp_details--content\">\n<div class=\"annotation\">AQUA (WATER), DIMETHICONE, GLYCERIN, GLYCOLIC ACID, BUTYROSPERMUM PARKII (SHEA) BUTTER, CAPRYLIC\/CAPRIC TRIGLYCERIDE, NIACINAMIDE, SQUALANE, STEARETH-21, GLYCERYL STEARATE, SODIUM HYDROXIDE, AMMONIUM ACRYLOYLDIMETHYLTAURATE\/VP COPOLYMER, 1,2-HEXANEDIOL, POLYSILICONE-11, TRIMETHOXYBENZYL ACETYLSINAPATE, O-CYMEN-5-OL, T-BUTYL ALCOHOL, GLYCYRRHIZA GLABRA (LICORICE) ROOT EXTRACT, CAPRYLYL GLYCOL, DECYL GLUCOSIDE, BENTONITE, DIACETYL BOLDINE<\/div>\n<\/div>\n<\/div>\n<\/div>\n<\/div>","protected":false},"excerpt":{"rendered":"<p>Isispharma Neotone Body Lait Corps Intensif favorise l\u2019\u00e9limination des taches pigmentaires Neotone Body lait corps d\u00e9pigmentant, favorise l\u2019\u00e9limination des taches pigmentaires en agissant \u00e0 tous les stades de la formation des taches brunes (avant, pendant et apr\u00e8s leur apparition) tout en rendant la peau plus douce. COMMENT L&rsquo;UTILISER ? Sur peau propre le soirUtilisez Neotone [&hellip;]<\/p>\n","protected":false},"featured_media":19149,"template":"","meta":{"om_disable_all_campaigns":false},"product_brand":[5496],"product_cat":[15],"product_tag":[5502,5487,5497,5499,3469,5498,5501,5500,5503],"class_list":{"0":"post-19153","1":"product","2":"type-product","3":"status-publish","4":"has-post-thumbnail","6":"product_brand-isispharma-maroc-prix","7":"product_cat-beaute-sante-complements-alimentaires-soins-et-bien-etre-au-meilleur-prix","8":"product_tag-anti-rougeurs-maroc","9":"product_tag-isispharma-maroc","10":"product_tag-isispharma-produits-maroc","11":"product_tag-neotone-maroc","12":"product_tag-peau-sensible-maroc","13":"product_tag-ruboril-maroc","14":"product_tag-soin-dermatologique-maroc","15":"product_tag-teen-derm-maroc","16":"product_tag-traitement-taches-maroc","18":"first","19":"instock","20":"sale","21":"taxable","22":"shipping-taxable","23":"purchasable","24":"product-type-simple"},"yoast_head":"<!-- This site is optimized with the Yoast SEO plugin v27.4 - https:\/\/yoast.com\/product\/yoast-seo-wordpress\/ -->\n<title>Isispharma Neotone Body Lait Corps Intensif 100ml - Maroc Prix<\/title>\n<meta name=\"description\" content=\"Isispharma Neotone Body Lait Corps Intensif 100ml\" \/>\n<meta name=\"robots\" content=\"index, follow, max-snippet:-1, max-image-preview:large, max-video-preview:-1\" \/>\n<link rel=\"canonical\" href=\"https:\/\/vitablanca.ma\/en\/product\/isispharma-neotone-body-lait-corps-intensif-100ml\/\" \/>\n<meta property=\"og:locale\" content=\"en_US\" \/>\n<meta property=\"og:type\" content=\"article\" \/>\n<meta property=\"og:title\" content=\"Isispharma Neotone Body Lait Corps Intensif 100ml - Maroc Prix\" \/>\n<meta property=\"og:description\" content=\"Isispharma Neotone Body Lait Corps Intensif 100ml\" \/>\n<meta property=\"og:url\" content=\"https:\/\/vitablanca.ma\/en\/product\/isispharma-neotone-body-lait-corps-intensif-100ml\/\" \/>\n<meta property=\"og:site_name\" content=\"Vitablanca.ma &ndash; Sant&eacute;, vitalit&eacute; et bien-&ecirc;tre pour tous les Marocains\" \/>\n<meta property=\"article:publisher\" content=\"https:\/\/www.facebook.com\/profile.php?id=61576678196717\" \/>\n<meta property=\"article:modified_time\" content=\"2025-12-24T16:33:22+00:00\" \/>\n<meta property=\"og:image\" content=\"https:\/\/vitablanca.ma\/wp-content\/uploads\/2025\/06\/Isispharma-Neotone-Body-Lait-Corps-Intensif-100ml-nova-parapharmacie-maroc.jpg\" \/>\n\t<meta property=\"og:image:width\" content=\"1000\" \/>\n\t<meta property=\"og:image:height\" content=\"1000\" \/>\n\t<meta property=\"og:image:type\" content=\"image\/jpeg\" \/>\n<meta name=\"twitter:card\" content=\"summary_large_image\" \/>\n<meta name=\"twitter:label1\" content=\"Est. reading time\" \/>\n\t<meta name=\"twitter:data1\" content=\"1 minute\" \/>\n<script type=\"application\/ld+json\" class=\"yoast-schema-graph\">{\"@context\":\"https:\\\/\\\/schema.org\",\"@graph\":[{\"@type\":[\"WebPage\",\"ItemPage\"],\"@id\":\"https:\\\/\\\/vitablanca.ma\\\/produit\\\/isispharma-neotone-body-lait-corps-intensif-100ml\\\/\",\"url\":\"https:\\\/\\\/vitablanca.ma\\\/produit\\\/isispharma-neotone-body-lait-corps-intensif-100ml\\\/\",\"name\":\"Isispharma Neotone Body Lait Corps Intensif 100ml - Maroc Prix\",\"isPartOf\":{\"@id\":\"https:\\\/\\\/vitablanca.ma\\\/#website\"},\"primaryImageOfPage\":{\"@id\":\"https:\\\/\\\/vitablanca.ma\\\/produit\\\/isispharma-neotone-body-lait-corps-intensif-100ml\\\/#primaryimage\"},\"image\":{\"@id\":\"https:\\\/\\\/vitablanca.ma\\\/produit\\\/isispharma-neotone-body-lait-corps-intensif-100ml\\\/#primaryimage\"},\"thumbnailUrl\":\"https:\\\/\\\/vitablanca.ma\\\/wp-content\\\/uploads\\\/2025\\\/06\\\/Isispharma-Neotone-Body-Lait-Corps-Intensif-100ml-nova-parapharmacie-maroc.jpg\",\"datePublished\":\"2025-06-10T17:50:27+00:00\",\"dateModified\":\"2025-12-24T16:33:22+00:00\",\"description\":\"Isispharma Neotone Body Lait Corps Intensif 100ml\",\"breadcrumb\":{\"@id\":\"https:\\\/\\\/vitablanca.ma\\\/produit\\\/isispharma-neotone-body-lait-corps-intensif-100ml\\\/#breadcrumb\"},\"inLanguage\":\"en-US\",\"potentialAction\":[{\"@type\":\"ReadAction\",\"target\":[\"https:\\\/\\\/vitablanca.ma\\\/produit\\\/isispharma-neotone-body-lait-corps-intensif-100ml\\\/\"]}]},{\"@type\":\"ImageObject\",\"inLanguage\":\"en-US\",\"@id\":\"https:\\\/\\\/vitablanca.ma\\\/produit\\\/isispharma-neotone-body-lait-corps-intensif-100ml\\\/#primaryimage\",\"url\":\"https:\\\/\\\/vitablanca.ma\\\/wp-content\\\/uploads\\\/2025\\\/06\\\/Isispharma-Neotone-Body-Lait-Corps-Intensif-100ml-nova-parapharmacie-maroc.jpg\",\"contentUrl\":\"https:\\\/\\\/vitablanca.ma\\\/wp-content\\\/uploads\\\/2025\\\/06\\\/Isispharma-Neotone-Body-Lait-Corps-Intensif-100ml-nova-parapharmacie-maroc.jpg\",\"width\":1000,\"height\":1000},{\"@type\":\"BreadcrumbList\",\"@id\":\"https:\\\/\\\/vitablanca.ma\\\/produit\\\/isispharma-neotone-body-lait-corps-intensif-100ml\\\/#breadcrumb\",\"itemListElement\":[{\"@type\":\"ListItem\",\"position\":1,\"name\":\"Home\",\"item\":\"https:\\\/\\\/vitablanca.ma\\\/\"},{\"@type\":\"ListItem\",\"position\":2,\"name\":\"Tous Les Produits\",\"item\":\"https:\\\/\\\/vitablanca.ma\\\/tous-les-produits\\\/\"},{\"@type\":\"ListItem\",\"position\":3,\"name\":\"Isispharma Neotone Body Lait Corps Intensif 100ml\"}]},{\"@type\":\"WebSite\",\"@id\":\"https:\\\/\\\/vitablanca.ma\\\/#website\",\"url\":\"https:\\\/\\\/vitablanca.ma\\\/\",\"name\":\"VitaBlanca.ma | Compl\u00e9ments alimentaires, sant\u00e9 & beaut\u00e9 au Maroc\",\"description\":\"vendre vitamines et compl\u00e9ments premium des USA &amp; Canada, Nouvelle Z\u00e9lande,Maroc (NOW Foods, Solgar, Manuka). Livraison rapide partout au Maroc.\",\"publisher\":{\"@id\":\"https:\\\/\\\/vitablanca.ma\\\/#organization\"},\"alternateName\":\"VitaBlanca.ma\",\"potentialAction\":[{\"@type\":\"SearchAction\",\"target\":{\"@type\":\"EntryPoint\",\"urlTemplate\":\"https:\\\/\\\/vitablanca.ma\\\/?s={search_term_string}\"},\"query-input\":{\"@type\":\"PropertyValueSpecification\",\"valueRequired\":true,\"valueName\":\"search_term_string\"}}],\"inLanguage\":\"en-US\"},{\"@type\":\"Organization\",\"@id\":\"https:\\\/\\\/vitablanca.ma\\\/#organization\",\"name\":\"VitaBlanca\",\"url\":\"https:\\\/\\\/vitablanca.ma\\\/\",\"logo\":{\"@type\":\"ImageObject\",\"inLanguage\":\"en-US\",\"@id\":\"https:\\\/\\\/vitablanca.ma\\\/#\\\/schema\\\/logo\\\/image\\\/\",\"url\":\"https:\\\/\\\/vitablanca.ma\\\/wp-content\\\/uploads\\\/2025\\\/05\\\/cropped-vitablanca.png\",\"contentUrl\":\"https:\\\/\\\/vitablanca.ma\\\/wp-content\\\/uploads\\\/2025\\\/05\\\/cropped-vitablanca.png\",\"width\":360,\"height\":67,\"caption\":\"VitaBlanca\"},\"image\":{\"@id\":\"https:\\\/\\\/vitablanca.ma\\\/#\\\/schema\\\/logo\\\/image\\\/\"},\"sameAs\":[\"https:\\\/\\\/www.facebook.com\\\/profile.php?id=61576678196717\",\"https:\\\/\\\/www.tiktok.com\\\/@vitablanca.ma\",\"https:\\\/\\\/www.instagram.com\\\/vitablanca.ma\\\/\"]}]}<\/script>\n<!-- \/ Yoast SEO plugin. -->","yoast_head_json":{"title":"Isispharma Neotone Body Intensive Body Lotion 100ml - Morocco Price","description":"Isispharma Neotone Body Intensive Body Milk 100ml","robots":{"index":"index","follow":"follow","max-snippet":"max-snippet:-1","max-image-preview":"max-image-preview:large","max-video-preview":"max-video-preview:-1"},"canonical":"https:\/\/vitablanca.ma\/en\/product\/isispharma-neotone-body-lait-corps-intensif-100ml\/","og_locale":"en_US","og_type":"article","og_title":"Isispharma Neotone Body Lait Corps Intensif 100ml - Maroc Prix","og_description":"Isispharma Neotone Body Lait Corps Intensif 100ml","og_url":"https:\/\/vitablanca.ma\/en\/product\/isispharma-neotone-body-lait-corps-intensif-100ml\/","og_site_name":"Vitablanca.ma &ndash; Sant&eacute;, vitalit&eacute; et bien-&ecirc;tre pour tous les Marocains","article_publisher":"https:\/\/www.facebook.com\/profile.php?id=61576678196717","article_modified_time":"2025-12-24T16:33:22+00:00","og_image":[{"width":1000,"height":1000,"url":"https:\/\/vitablanca.ma\/wp-content\/uploads\/2025\/06\/Isispharma-Neotone-Body-Lait-Corps-Intensif-100ml-nova-parapharmacie-maroc.jpg","type":"image\/jpeg"}],"twitter_card":"summary_large_image","twitter_misc":{"Est. reading time":"1 minute"},"schema":{"@context":"https:\/\/schema.org","@graph":[{"@type":["WebPage","ItemPage"],"@id":"https:\/\/vitablanca.ma\/produit\/isispharma-neotone-body-lait-corps-intensif-100ml\/","url":"https:\/\/vitablanca.ma\/produit\/isispharma-neotone-body-lait-corps-intensif-100ml\/","name":"Isispharma Neotone Body Intensive Body Lotion 100ml - Morocco Price","isPartOf":{"@id":"https:\/\/vitablanca.ma\/#website"},"primaryImageOfPage":{"@id":"https:\/\/vitablanca.ma\/produit\/isispharma-neotone-body-lait-corps-intensif-100ml\/#primaryimage"},"image":{"@id":"https:\/\/vitablanca.ma\/produit\/isispharma-neotone-body-lait-corps-intensif-100ml\/#primaryimage"},"thumbnailUrl":"https:\/\/vitablanca.ma\/wp-content\/uploads\/2025\/06\/Isispharma-Neotone-Body-Lait-Corps-Intensif-100ml-nova-parapharmacie-maroc.jpg","datePublished":"2025-06-10T17:50:27+00:00","dateModified":"2025-12-24T16:33:22+00:00","description":"Isispharma Neotone Body Intensive Body Milk 100ml","breadcrumb":{"@id":"https:\/\/vitablanca.ma\/produit\/isispharma-neotone-body-lait-corps-intensif-100ml\/#breadcrumb"},"inLanguage":"en-US","potentialAction":[{"@type":"ReadAction","target":["https:\/\/vitablanca.ma\/produit\/isispharma-neotone-body-lait-corps-intensif-100ml\/"]}]},{"@type":"ImageObject","inLanguage":"en-US","@id":"https:\/\/vitablanca.ma\/produit\/isispharma-neotone-body-lait-corps-intensif-100ml\/#primaryimage","url":"https:\/\/vitablanca.ma\/wp-content\/uploads\/2025\/06\/Isispharma-Neotone-Body-Lait-Corps-Intensif-100ml-nova-parapharmacie-maroc.jpg","contentUrl":"https:\/\/vitablanca.ma\/wp-content\/uploads\/2025\/06\/Isispharma-Neotone-Body-Lait-Corps-Intensif-100ml-nova-parapharmacie-maroc.jpg","width":1000,"height":1000},{"@type":"BreadcrumbList","@id":"https:\/\/vitablanca.ma\/produit\/isispharma-neotone-body-lait-corps-intensif-100ml\/#breadcrumb","itemListElement":[{"@type":"ListItem","position":1,"name":"Home","item":"https:\/\/vitablanca.ma\/"},{"@type":"ListItem","position":2,"name":"Tous Les Produits","item":"https:\/\/vitablanca.ma\/tous-les-produits\/"},{"@type":"ListItem","position":3,"name":"Isispharma Neotone Body Lait Corps Intensif 100ml"}]},{"@type":"WebSite","@id":"https:\/\/vitablanca.ma\/#website","url":"https:\/\/vitablanca.ma\/","name":"VitaBlanca.ma | Food supplements, health &amp; beauty in Morocco","description":"sell premium vitamins and supplements from USA &amp; Canada, New Zealand, Morocco (NOW Foods, Solgar, Manuka). Fast delivery anywhere in Morocco.","publisher":{"@id":"https:\/\/vitablanca.ma\/#organization"},"alternateName":"VitaBlanca.ma","potentialAction":[{"@type":"SearchAction","target":{"@type":"EntryPoint","urlTemplate":"https:\/\/vitablanca.ma\/?s={search_term_string}"},"query-input":{"@type":"PropertyValueSpecification","valueRequired":true,"valueName":"search_term_string"}}],"inLanguage":"en-US"},{"@type":"Organization","@id":"https:\/\/vitablanca.ma\/#organization","name":"VitaBlanca","url":"https:\/\/vitablanca.ma\/","logo":{"@type":"ImageObject","inLanguage":"en-US","@id":"https:\/\/vitablanca.ma\/#\/schema\/logo\/image\/","url":"https:\/\/vitablanca.ma\/wp-content\/uploads\/2025\/05\/cropped-vitablanca.png","contentUrl":"https:\/\/vitablanca.ma\/wp-content\/uploads\/2025\/05\/cropped-vitablanca.png","width":360,"height":67,"caption":"VitaBlanca"},"image":{"@id":"https:\/\/vitablanca.ma\/#\/schema\/logo\/image\/"},"sameAs":["https:\/\/www.facebook.com\/profile.php?id=61576678196717","https:\/\/www.tiktok.com\/@vitablanca.ma","https:\/\/www.instagram.com\/vitablanca.ma\/"]}]}},"jetpack_sharing_enabled":true,"_links":{"self":[{"href":"https:\/\/vitablanca.ma\/en\/wp-json\/wp\/v2\/product\/19153","targetHints":{"allow":["GET"]}}],"collection":[{"href":"https:\/\/vitablanca.ma\/en\/wp-json\/wp\/v2\/product"}],"about":[{"href":"https:\/\/vitablanca.ma\/en\/wp-json\/wp\/v2\/types\/product"}],"wp:featuredmedia":[{"embeddable":true,"href":"https:\/\/vitablanca.ma\/en\/wp-json\/wp\/v2\/media\/19149"}],"wp:attachment":[{"href":"https:\/\/vitablanca.ma\/en\/wp-json\/wp\/v2\/media?parent=19153"}],"wp:term":[{"taxonomy":"product_brand","embeddable":true,"href":"https:\/\/vitablanca.ma\/en\/wp-json\/wp\/v2\/product_brand?post=19153"},{"taxonomy":"product_cat","embeddable":true,"href":"https:\/\/vitablanca.ma\/en\/wp-json\/wp\/v2\/product_cat?post=19153"},{"taxonomy":"product_tag","embeddable":true,"href":"https:\/\/vitablanca.ma\/en\/wp-json\/wp\/v2\/product_tag?post=19153"}],"curies":[{"name":"wp","href":"https:\/\/api.w.org\/{rel}","templated":true}]}}