{"id":19133,"date":"2025-06-10T17:49:45","date_gmt":"2025-06-10T17:49:45","guid":{"rendered":"https:\/\/vitablanca.ma\/product\/fotoprotector-isdin-compact-bronze-spf50-50ml\/"},"modified":"2025-06-10T17:49:45","modified_gmt":"2025-06-10T17:49:45","slug":"fotoprotector-isdin-compact-bronze-spf50-50ml","status":"publish","type":"product","link":"https:\/\/vitablanca.ma\/en\/product\/fotoprotector-isdin-compact-bronze-spf50-50ml\/","title":{"rendered":"Fotoprotector ISDIN Compact Bronze SPF50+ 50ml"},"content":{"rendered":"<h2>Fotoprotector ISDIN Compact Bronze SPF50+\u00a0<span data-mce-fragment=\"1\">Maquillage compact \u00e0 tr\u00e8s haute protection\u00a0<\/span><br \/>\n<\/h2>\n<h3>B\u00e9n\u00e9fices<\/h3>\n<ul>\n<li><span data-mce-fragment=\"1\">Prot\u00e8ge et matifie en un seul passage.<\/span><\/li>\n<li><span data-mce-fragment=\"1\">Procure une sensation de confort adapt\u00e9e aux peaux mixtes et grasses.<\/span><\/li>\n<li><span data-mce-fragment=\"1\">Convient aux peaux atopiques et sensibles.<\/span><\/li>\n<li><span data-mce-fragment=\"1\">Unifie le teint, laissant un teint naturel qui cache les imperfections.<\/span><\/li>\n<li><span data-mce-fragment=\"1\">Effet mat.<\/span><\/li>\n<li><span data-mce-fragment=\"1\">Couvrance longue dur\u00e9e<\/span><\/li>\n<li><span data-mce-fragment=\"1\">Sans huile et non com\u00e9dog\u00e8ne.<\/span><\/li>\n<li><span data-mce-fragment=\"1\">R\u00e9sistant \u00e0 l&rsquo;eau<\/span><\/li>\n<\/ul>\n<h3>Mode D&#8217;emploi<\/h3>\n<p><span>Appliquer uniform\u00e9ment avec une \u00e9ponge sur peau s\u00e8che une demi-heure avant l&rsquo;exposition au soleil.<span>\u00a0<\/span>Tamponnez pour appliquer et masser le visage, le cou et le d\u00e9collet\u00e9.<\/span><\/p>\n<p><span>Renouveler l&rsquo;application toutes les 2 heures ou apr\u00e8s avoir transpir\u00e9, nag\u00e9 ou s&rsquo;\u00eatre essuy\u00e9 avec une serviette.<\/span><\/p>\n<h3>Composition<\/h3>\n<p><span>N\u00e9opentanoate d&rsquo;isost\u00e9aryle, benzoate d&rsquo;alkyle C12-15, isohexad\u00e9cane, cocoate de butyl\u00e8ne glycol, huile de ricin hydrog\u00e9n\u00e9e, dioxyde de titane (nano), m\u00e9thacrylate de polym\u00e9thyle, octocryl\u00e8ne, butyl m\u00e9thoxydibenzoylm\u00e9thane, salicylate d&rsquo;\u00e9thylhexyle, bis-\u00e9thylhexyloxyph\u00e9nol m\u00e9thoxyph\u00e9nyl triazine, silice, ozok\u00e9rite, silylate de dim\u00e9thyle, PPG -15 Stearyl Ether, Tocopheryl Acetate, Pentaerythrityl Tetra-Di-T-Butyl Hydroxyhydrocinnamate, [+\/- Peut contenir\u00a0:, CI 77891 (Dioxyde de titane), CI 77492 (Oxydes de fer), CI 77491 (Oxydes de fer), CI 77499 ( Oxydes de fer)]<\/span><\/p>\n","protected":false},"excerpt":{"rendered":"<p>Fotoprotector ISDIN Compact Bronze SPF50+\u00a0Maquillage compact \u00e0 tr\u00e8s haute protection\u00a0 B\u00e9n\u00e9fices Prot\u00e8ge et matifie en un seul passage. Procure une sensation de confort adapt\u00e9e aux peaux mixtes et grasses. Convient aux peaux atopiques et sensibles. Unifie le teint, laissant un teint naturel qui cache les imperfections. Effet mat. Couvrance longue dur\u00e9e Sans huile et non [&hellip;]<\/p>\n","protected":false},"featured_media":19130,"template":"","meta":{"om_disable_all_campaigns":false},"product_brand":[],"product_cat":[15],"product_tag":[],"class_list":{"0":"post-19133","1":"product","2":"type-product","3":"status-publish","4":"has-post-thumbnail","6":"product_cat-beaute-sante-complements-alimentaires-soins-et-bien-etre-au-meilleur-prix","8":"first","9":"instock","10":"sale","11":"taxable","12":"shipping-taxable","13":"purchasable","14":"product-type-simple"},"yoast_head":"<!-- This site is optimized with the Yoast SEO plugin v27.4 - https:\/\/yoast.com\/product\/yoast-seo-wordpress\/ -->\n<title>Fotoprotector ISDIN Compact Bronze SPF50+ 50ml - Maroc Prix<\/title>\n<meta name=\"description\" content=\"Fotoprotector ISDIN Compact Bronze SPF50+ 50ml\" \/>\n<meta name=\"robots\" content=\"index, follow, max-snippet:-1, max-image-preview:large, max-video-preview:-1\" \/>\n<link rel=\"canonical\" href=\"https:\/\/vitablanca.ma\/en\/product\/fotoprotector-isdin-compact-bronze-spf50-50ml\/\" \/>\n<meta property=\"og:locale\" content=\"en_US\" \/>\n<meta property=\"og:type\" content=\"article\" \/>\n<meta property=\"og:title\" content=\"Fotoprotector ISDIN Compact Bronze SPF50+ 50ml - Maroc Prix\" \/>\n<meta property=\"og:description\" content=\"Fotoprotector ISDIN Compact Bronze SPF50+ 50ml\" \/>\n<meta property=\"og:url\" content=\"https:\/\/vitablanca.ma\/en\/product\/fotoprotector-isdin-compact-bronze-spf50-50ml\/\" \/>\n<meta property=\"og:site_name\" content=\"Vitablanca.ma &ndash; Sant&eacute;, vitalit&eacute; et bien-&ecirc;tre pour tous les Marocains\" \/>\n<meta property=\"article:publisher\" content=\"https:\/\/www.facebook.com\/profile.php?id=61576678196717\" \/>\n<meta property=\"og:image\" content=\"https:\/\/vitablanca.ma\/wp-content\/uploads\/2025\/06\/Fotoprotector-ISDIN-Compact-Bronze-SPF50_-nova-parapharmacie-maroc.jpg\" \/>\n\t<meta property=\"og:image:width\" content=\"1000\" \/>\n\t<meta property=\"og:image:height\" content=\"1000\" \/>\n\t<meta property=\"og:image:type\" content=\"image\/jpeg\" \/>\n<meta name=\"twitter:card\" content=\"summary_large_image\" \/>\n<meta name=\"twitter:label1\" content=\"Est. reading time\" \/>\n\t<meta name=\"twitter:data1\" content=\"1 minute\" \/>\n<script type=\"application\/ld+json\" class=\"yoast-schema-graph\">{\"@context\":\"https:\\\/\\\/schema.org\",\"@graph\":[{\"@type\":[\"WebPage\",\"ItemPage\"],\"@id\":\"https:\\\/\\\/vitablanca.ma\\\/produit\\\/fotoprotector-isdin-compact-bronze-spf50-50ml\\\/\",\"url\":\"https:\\\/\\\/vitablanca.ma\\\/produit\\\/fotoprotector-isdin-compact-bronze-spf50-50ml\\\/\",\"name\":\"Fotoprotector ISDIN Compact Bronze SPF50+ 50ml - Maroc Prix\",\"isPartOf\":{\"@id\":\"https:\\\/\\\/vitablanca.ma\\\/#website\"},\"primaryImageOfPage\":{\"@id\":\"https:\\\/\\\/vitablanca.ma\\\/produit\\\/fotoprotector-isdin-compact-bronze-spf50-50ml\\\/#primaryimage\"},\"image\":{\"@id\":\"https:\\\/\\\/vitablanca.ma\\\/produit\\\/fotoprotector-isdin-compact-bronze-spf50-50ml\\\/#primaryimage\"},\"thumbnailUrl\":\"https:\\\/\\\/vitablanca.ma\\\/wp-content\\\/uploads\\\/2025\\\/06\\\/Fotoprotector-ISDIN-Compact-Bronze-SPF50_-nova-parapharmacie-maroc.jpg\",\"datePublished\":\"2025-06-10T17:49:45+00:00\",\"description\":\"Fotoprotector ISDIN Compact Bronze SPF50+ 50ml\",\"breadcrumb\":{\"@id\":\"https:\\\/\\\/vitablanca.ma\\\/produit\\\/fotoprotector-isdin-compact-bronze-spf50-50ml\\\/#breadcrumb\"},\"inLanguage\":\"en-US\",\"potentialAction\":[{\"@type\":\"ReadAction\",\"target\":[\"https:\\\/\\\/vitablanca.ma\\\/produit\\\/fotoprotector-isdin-compact-bronze-spf50-50ml\\\/\"]}]},{\"@type\":\"ImageObject\",\"inLanguage\":\"en-US\",\"@id\":\"https:\\\/\\\/vitablanca.ma\\\/produit\\\/fotoprotector-isdin-compact-bronze-spf50-50ml\\\/#primaryimage\",\"url\":\"https:\\\/\\\/vitablanca.ma\\\/wp-content\\\/uploads\\\/2025\\\/06\\\/Fotoprotector-ISDIN-Compact-Bronze-SPF50_-nova-parapharmacie-maroc.jpg\",\"contentUrl\":\"https:\\\/\\\/vitablanca.ma\\\/wp-content\\\/uploads\\\/2025\\\/06\\\/Fotoprotector-ISDIN-Compact-Bronze-SPF50_-nova-parapharmacie-maroc.jpg\",\"width\":1000,\"height\":1000},{\"@type\":\"BreadcrumbList\",\"@id\":\"https:\\\/\\\/vitablanca.ma\\\/produit\\\/fotoprotector-isdin-compact-bronze-spf50-50ml\\\/#breadcrumb\",\"itemListElement\":[{\"@type\":\"ListItem\",\"position\":1,\"name\":\"Home\",\"item\":\"https:\\\/\\\/vitablanca.ma\\\/\"},{\"@type\":\"ListItem\",\"position\":2,\"name\":\"Tous Les Produits\",\"item\":\"https:\\\/\\\/vitablanca.ma\\\/tous-les-produits\\\/\"},{\"@type\":\"ListItem\",\"position\":3,\"name\":\"Fotoprotector ISDIN Compact Bronze SPF50+ 50ml\"}]},{\"@type\":\"WebSite\",\"@id\":\"https:\\\/\\\/vitablanca.ma\\\/#website\",\"url\":\"https:\\\/\\\/vitablanca.ma\\\/\",\"name\":\"VitaBlanca.ma | Compl\u00e9ments alimentaires, sant\u00e9 & beaut\u00e9 au Maroc\",\"description\":\"vendre vitamines et compl\u00e9ments premium des USA &amp; Canada, Nouvelle Z\u00e9lande,Maroc (NOW Foods, Solgar, Manuka). Livraison rapide partout au Maroc.\",\"publisher\":{\"@id\":\"https:\\\/\\\/vitablanca.ma\\\/#organization\"},\"alternateName\":\"VitaBlanca.ma\",\"potentialAction\":[{\"@type\":\"SearchAction\",\"target\":{\"@type\":\"EntryPoint\",\"urlTemplate\":\"https:\\\/\\\/vitablanca.ma\\\/?s={search_term_string}\"},\"query-input\":{\"@type\":\"PropertyValueSpecification\",\"valueRequired\":true,\"valueName\":\"search_term_string\"}}],\"inLanguage\":\"en-US\"},{\"@type\":\"Organization\",\"@id\":\"https:\\\/\\\/vitablanca.ma\\\/#organization\",\"name\":\"VitaBlanca\",\"url\":\"https:\\\/\\\/vitablanca.ma\\\/\",\"logo\":{\"@type\":\"ImageObject\",\"inLanguage\":\"en-US\",\"@id\":\"https:\\\/\\\/vitablanca.ma\\\/#\\\/schema\\\/logo\\\/image\\\/\",\"url\":\"https:\\\/\\\/vitablanca.ma\\\/wp-content\\\/uploads\\\/2025\\\/05\\\/cropped-vitablanca.png\",\"contentUrl\":\"https:\\\/\\\/vitablanca.ma\\\/wp-content\\\/uploads\\\/2025\\\/05\\\/cropped-vitablanca.png\",\"width\":360,\"height\":67,\"caption\":\"VitaBlanca\"},\"image\":{\"@id\":\"https:\\\/\\\/vitablanca.ma\\\/#\\\/schema\\\/logo\\\/image\\\/\"},\"sameAs\":[\"https:\\\/\\\/www.facebook.com\\\/profile.php?id=61576678196717\",\"https:\\\/\\\/www.tiktok.com\\\/@vitablanca.ma\",\"https:\\\/\\\/www.instagram.com\\\/vitablanca.ma\\\/\"]}]}<\/script>\n<!-- \/ Yoast SEO plugin. -->","yoast_head_json":{"title":"Fotoprotector ISDIN Compact Bronze SPF50+ 50ml - Morocco Price","description":"Fotoprotector ISDIN Compact Bronze SPF50+ 50ml","robots":{"index":"index","follow":"follow","max-snippet":"max-snippet:-1","max-image-preview":"max-image-preview:large","max-video-preview":"max-video-preview:-1"},"canonical":"https:\/\/vitablanca.ma\/en\/product\/fotoprotector-isdin-compact-bronze-spf50-50ml\/","og_locale":"en_US","og_type":"article","og_title":"Fotoprotector ISDIN Compact Bronze SPF50+ 50ml - Maroc Prix","og_description":"Fotoprotector ISDIN Compact Bronze SPF50+ 50ml","og_url":"https:\/\/vitablanca.ma\/en\/product\/fotoprotector-isdin-compact-bronze-spf50-50ml\/","og_site_name":"Vitablanca.ma &ndash; Sant&eacute;, vitalit&eacute; et bien-&ecirc;tre pour tous les Marocains","article_publisher":"https:\/\/www.facebook.com\/profile.php?id=61576678196717","og_image":[{"width":1000,"height":1000,"url":"https:\/\/vitablanca.ma\/wp-content\/uploads\/2025\/06\/Fotoprotector-ISDIN-Compact-Bronze-SPF50_-nova-parapharmacie-maroc.jpg","type":"image\/jpeg"}],"twitter_card":"summary_large_image","twitter_misc":{"Est. reading time":"1 minute"},"schema":{"@context":"https:\/\/schema.org","@graph":[{"@type":["WebPage","ItemPage"],"@id":"https:\/\/vitablanca.ma\/produit\/fotoprotector-isdin-compact-bronze-spf50-50ml\/","url":"https:\/\/vitablanca.ma\/produit\/fotoprotector-isdin-compact-bronze-spf50-50ml\/","name":"Fotoprotector ISDIN Compact Bronze SPF50+ 50ml - Morocco Price","isPartOf":{"@id":"https:\/\/vitablanca.ma\/#website"},"primaryImageOfPage":{"@id":"https:\/\/vitablanca.ma\/produit\/fotoprotector-isdin-compact-bronze-spf50-50ml\/#primaryimage"},"image":{"@id":"https:\/\/vitablanca.ma\/produit\/fotoprotector-isdin-compact-bronze-spf50-50ml\/#primaryimage"},"thumbnailUrl":"https:\/\/vitablanca.ma\/wp-content\/uploads\/2025\/06\/Fotoprotector-ISDIN-Compact-Bronze-SPF50_-nova-parapharmacie-maroc.jpg","datePublished":"2025-06-10T17:49:45+00:00","description":"Fotoprotector ISDIN Compact Bronze SPF50+ 50ml","breadcrumb":{"@id":"https:\/\/vitablanca.ma\/produit\/fotoprotector-isdin-compact-bronze-spf50-50ml\/#breadcrumb"},"inLanguage":"en-US","potentialAction":[{"@type":"ReadAction","target":["https:\/\/vitablanca.ma\/produit\/fotoprotector-isdin-compact-bronze-spf50-50ml\/"]}]},{"@type":"ImageObject","inLanguage":"en-US","@id":"https:\/\/vitablanca.ma\/produit\/fotoprotector-isdin-compact-bronze-spf50-50ml\/#primaryimage","url":"https:\/\/vitablanca.ma\/wp-content\/uploads\/2025\/06\/Fotoprotector-ISDIN-Compact-Bronze-SPF50_-nova-parapharmacie-maroc.jpg","contentUrl":"https:\/\/vitablanca.ma\/wp-content\/uploads\/2025\/06\/Fotoprotector-ISDIN-Compact-Bronze-SPF50_-nova-parapharmacie-maroc.jpg","width":1000,"height":1000},{"@type":"BreadcrumbList","@id":"https:\/\/vitablanca.ma\/produit\/fotoprotector-isdin-compact-bronze-spf50-50ml\/#breadcrumb","itemListElement":[{"@type":"ListItem","position":1,"name":"Home","item":"https:\/\/vitablanca.ma\/"},{"@type":"ListItem","position":2,"name":"Tous Les Produits","item":"https:\/\/vitablanca.ma\/tous-les-produits\/"},{"@type":"ListItem","position":3,"name":"Fotoprotector ISDIN Compact Bronze SPF50+ 50ml"}]},{"@type":"WebSite","@id":"https:\/\/vitablanca.ma\/#website","url":"https:\/\/vitablanca.ma\/","name":"VitaBlanca.ma | Food supplements, health &amp; beauty in Morocco","description":"sell premium vitamins and supplements from USA &amp; Canada, New Zealand, Morocco (NOW Foods, Solgar, Manuka). Fast delivery anywhere in Morocco.","publisher":{"@id":"https:\/\/vitablanca.ma\/#organization"},"alternateName":"VitaBlanca.ma","potentialAction":[{"@type":"SearchAction","target":{"@type":"EntryPoint","urlTemplate":"https:\/\/vitablanca.ma\/?s={search_term_string}"},"query-input":{"@type":"PropertyValueSpecification","valueRequired":true,"valueName":"search_term_string"}}],"inLanguage":"en-US"},{"@type":"Organization","@id":"https:\/\/vitablanca.ma\/#organization","name":"VitaBlanca","url":"https:\/\/vitablanca.ma\/","logo":{"@type":"ImageObject","inLanguage":"en-US","@id":"https:\/\/vitablanca.ma\/#\/schema\/logo\/image\/","url":"https:\/\/vitablanca.ma\/wp-content\/uploads\/2025\/05\/cropped-vitablanca.png","contentUrl":"https:\/\/vitablanca.ma\/wp-content\/uploads\/2025\/05\/cropped-vitablanca.png","width":360,"height":67,"caption":"VitaBlanca"},"image":{"@id":"https:\/\/vitablanca.ma\/#\/schema\/logo\/image\/"},"sameAs":["https:\/\/www.facebook.com\/profile.php?id=61576678196717","https:\/\/www.tiktok.com\/@vitablanca.ma","https:\/\/www.instagram.com\/vitablanca.ma\/"]}]}},"jetpack_sharing_enabled":true,"_links":{"self":[{"href":"https:\/\/vitablanca.ma\/en\/wp-json\/wp\/v2\/product\/19133","targetHints":{"allow":["GET"]}}],"collection":[{"href":"https:\/\/vitablanca.ma\/en\/wp-json\/wp\/v2\/product"}],"about":[{"href":"https:\/\/vitablanca.ma\/en\/wp-json\/wp\/v2\/types\/product"}],"wp:featuredmedia":[{"embeddable":true,"href":"https:\/\/vitablanca.ma\/en\/wp-json\/wp\/v2\/media\/19130"}],"wp:attachment":[{"href":"https:\/\/vitablanca.ma\/en\/wp-json\/wp\/v2\/media?parent=19133"}],"wp:term":[{"taxonomy":"product_brand","embeddable":true,"href":"https:\/\/vitablanca.ma\/en\/wp-json\/wp\/v2\/product_brand?post=19133"},{"taxonomy":"product_cat","embeddable":true,"href":"https:\/\/vitablanca.ma\/en\/wp-json\/wp\/v2\/product_cat?post=19133"},{"taxonomy":"product_tag","embeddable":true,"href":"https:\/\/vitablanca.ma\/en\/wp-json\/wp\/v2\/product_tag?post=19133"}],"curies":[{"name":"wp","href":"https:\/\/api.w.org\/{rel}","templated":true}]}}