{"id":19108,"date":"2025-06-10T17:48:32","date_gmt":"2025-06-10T17:48:32","guid":{"rendered":"https:\/\/vitablanca.ma\/product\/isdin-isdinceutics-pigment-expert-30-ampoules\/"},"modified":"2025-06-10T17:48:32","modified_gmt":"2025-06-10T17:48:32","slug":"isdin-isdinceutics-pigment-expert-30-ampoules","status":"publish","type":"product","link":"https:\/\/vitablanca.ma\/en\/product\/isdin-isdinceutics-pigment-expert-30-ampoules\/","title":{"rendered":"ISDIN Isdinceutics Pigment Expert 30 Ampoules"},"content":{"rendered":"<h2 data-mce-fragment=\"1\">ISDIN Isdinceutics Pigment Expert Corrective depigmenting serum<\/h2>\n<div class=\"indicaciones-main_info\" data-mce-fragment=\"1\">\n<p data-mce-fragment=\"1\">Corrects imperfections, reduces the size and number of spots. The skin is brighter.<\/p>\n<h3 data-mce-fragment=\"1\"><span data-mce-fragment=\"1\">Benefits<\/span><\/h3>\n<p data-mce-fragment=\"1\">Pigment Expert contains a combination of ingredients with depigmenting properties (PBlock) that help prevent and treat pigment spots.<\/p>\n<p data-mce-fragment=\"1\">The product acts against the signs of photoaging thanks to its content of glycolic acid (GAc) which helps stimulate collagen production and dipotassium glycyrrhizate (DpG) which restores skin elasticity.\u00a0<\/p>\n<p data-mce-fragment=\"1\"><strong data-mce-fragment=\"1\">Result<\/strong><span data-mce-fragment=\"1\">\u00a0<\/span>:<br data-mce-fragment=\"1\">an even complexion with a rejuvenated appearance.\u00a0\u00a0<\/p>\n<h3 data-mce-fragment=\"1\">Mode D\u2019emploi<\/h3>\n<div class=\"zone zone3 field_posologia\" data-mce-fragment=\"1\">\n<div class=\"zoneContainer\" data-mce-fragment=\"1\">\n<p data-mce-fragment=\"1\">Apply Pigment Expert in the morning as the second step of your facial routine, right after cleansing. Apply to clean, dry skin on your face, hands, neck, and\/or d\u00e9collet\u00e9, avoiding the eye area, then continue with your usual routine.\u00a0<\/p>\n<p data-mce-fragment=\"1\">To ensure maximum product effectiveness, we recommend using the ampoule within 48 hours of opening.\u00a0<\/p>\n<h3 data-mce-fragment=\"1\">Composition<\/h3>\n<p data-mce-fragment=\"1\"><strong data-mce-fragment=\"1\">Main ingredients:\u00a0<\/strong><\/p>\n<ul data-mce-fragment=\"1\">\n<li data-mce-fragment=\"1\">Pigment Block: Combination of 4-n-butyl resorcinol, hydroxyfenoxo propionic acid and nicotinamide, with depigmenting properties.\u00a0<\/li>\n<li data-mce-fragment=\"1\">Glycolic Acid: Exfoliating agent that facilitates cell proliferation and stimulates collagen production.\u00a0<\/li>\n<li data-mce-fragment=\"1\">Dipotassium Glycyrrhizate: Helps preserve the skin&#039;s hyaluronic acid content thanks to its calming properties.<\/li>\n<\/ul>\n<p data-mce-fragment=\"1\"><strong data-mce-fragment=\"1\">Ingredients:<\/strong><span data-mce-fragment=\"1\">\u00a0<br data-mce-fragment=\"1\"><\/span>Aqua (Water), Niacinamide, Glycolic Acid, Sodium Hydroxide, Dipotassium Glycyrrhizate, Hydroxyphenoxy Propionic Acid, Phenoxyethanol, 4-Butylresorcinol, Disodium EDTA, Ethylhexylglycerin, Biosaccharide Gum-1, Alcohol Denat., CI 15985 (Yellow 6), CI 19140 (Yellow 5).<\/p>\n<\/div>\n<\/div>\n<\/div>","protected":false},"excerpt":{"rendered":"<p>ISDIN Isdinceutics Pigment ExpertS\u00e9rum d\u00e9pigmentant correcteur Corrige les imperfections, r\u00e9duit la taille et le nombre des taches. La peau est plus lumineuse. B\u00e9n\u00e9fices Pigment Expert contient une combinaison d\u2019ingr\u00e9dients aux propri\u00e9t\u00e9s d\u00e9pigmentantes (PBlock) qui aident \u00e0 pr\u00e9venir et traiter les taches pigmentaires. Le produit agit contre les signes du photo-vieillissement gr\u00e2ce \u00e0 sa teneur en [&hellip;]<\/p>\n","protected":false},"featured_media":19105,"template":"","meta":{"om_disable_all_campaigns":false},"product_brand":[],"product_cat":[15],"product_tag":[],"class_list":{"0":"post-19108","1":"product","2":"type-product","3":"status-publish","4":"has-post-thumbnail","6":"product_cat-beaute-sante-complements-alimentaires-soins-et-bien-etre-au-meilleur-prix","8":"first","9":"instock","10":"sale","11":"taxable","12":"shipping-taxable","13":"purchasable","14":"product-type-simple"},"yoast_head":"<!-- This site is optimized with the Yoast SEO plugin v27.5 - https:\/\/yoast.com\/product\/yoast-seo-wordpress\/ -->\n<title>ISDIN Isdinceutics Pigment Expert 30 Ampoules - Maroc Prix<\/title>\n<meta name=\"description\" content=\"ISDIN Isdinceutics Pigment Expert 30 Ampoules\" \/>\n<meta name=\"robots\" content=\"index, follow, max-snippet:-1, max-image-preview:large, max-video-preview:-1\" \/>\n<link rel=\"canonical\" href=\"https:\/\/vitablanca.ma\/en\/product\/isdin-isdinceutics-pigment-expert-30-ampoules\/\" \/>\n<meta property=\"og:locale\" content=\"en_US\" \/>\n<meta property=\"og:type\" content=\"article\" \/>\n<meta property=\"og:title\" content=\"ISDIN Isdinceutics Pigment Expert 30 Ampoules - Maroc Prix\" \/>\n<meta property=\"og:description\" content=\"ISDIN Isdinceutics Pigment Expert 30 Ampoules\" \/>\n<meta property=\"og:url\" content=\"https:\/\/vitablanca.ma\/en\/product\/isdin-isdinceutics-pigment-expert-30-ampoules\/\" \/>\n<meta property=\"og:site_name\" content=\"Vitablanca.ma &ndash; Sant&eacute;, vitalit&eacute; et bien-&ecirc;tre pour tous les Marocains\" \/>\n<meta property=\"article:publisher\" content=\"https:\/\/www.facebook.com\/profile.php?id=61576678196717\" \/>\n<meta property=\"og:image\" content=\"https:\/\/vitablanca.ma\/wp-content\/uploads\/2025\/06\/ISDIN-Isdinceutics-Pigment-Expert-30-Ampoules-x-2ml-nova-para-casablanca.jpg\" \/>\n\t<meta property=\"og:image:width\" content=\"1000\" \/>\n\t<meta property=\"og:image:height\" content=\"1000\" \/>\n\t<meta property=\"og:image:type\" content=\"image\/jpeg\" \/>\n<meta name=\"twitter:card\" content=\"summary_large_image\" \/>\n<meta name=\"twitter:label1\" content=\"Est. reading time\" \/>\n\t<meta name=\"twitter:data1\" content=\"1 minute\" \/>\n<script type=\"application\/ld+json\" class=\"yoast-schema-graph\">{\"@context\":\"https:\\\/\\\/schema.org\",\"@graph\":[{\"@type\":[\"WebPage\",\"ItemPage\"],\"@id\":\"https:\\\/\\\/vitablanca.ma\\\/produit\\\/isdin-isdinceutics-pigment-expert-30-ampoules\\\/\",\"url\":\"https:\\\/\\\/vitablanca.ma\\\/produit\\\/isdin-isdinceutics-pigment-expert-30-ampoules\\\/\",\"name\":\"ISDIN Isdinceutics Pigment Expert 30 Ampoules - Maroc Prix\",\"isPartOf\":{\"@id\":\"https:\\\/\\\/vitablanca.ma\\\/#website\"},\"primaryImageOfPage\":{\"@id\":\"https:\\\/\\\/vitablanca.ma\\\/produit\\\/isdin-isdinceutics-pigment-expert-30-ampoules\\\/#primaryimage\"},\"image\":{\"@id\":\"https:\\\/\\\/vitablanca.ma\\\/produit\\\/isdin-isdinceutics-pigment-expert-30-ampoules\\\/#primaryimage\"},\"thumbnailUrl\":\"https:\\\/\\\/vitablanca.ma\\\/wp-content\\\/uploads\\\/2025\\\/06\\\/ISDIN-Isdinceutics-Pigment-Expert-30-Ampoules-x-2ml-nova-para-casablanca.jpg\",\"datePublished\":\"2025-06-10T17:48:32+00:00\",\"description\":\"ISDIN Isdinceutics Pigment Expert 30 Ampoules\",\"breadcrumb\":{\"@id\":\"https:\\\/\\\/vitablanca.ma\\\/produit\\\/isdin-isdinceutics-pigment-expert-30-ampoules\\\/#breadcrumb\"},\"inLanguage\":\"en-US\",\"potentialAction\":[{\"@type\":\"ReadAction\",\"target\":[\"https:\\\/\\\/vitablanca.ma\\\/produit\\\/isdin-isdinceutics-pigment-expert-30-ampoules\\\/\"]}]},{\"@type\":\"ImageObject\",\"inLanguage\":\"en-US\",\"@id\":\"https:\\\/\\\/vitablanca.ma\\\/produit\\\/isdin-isdinceutics-pigment-expert-30-ampoules\\\/#primaryimage\",\"url\":\"https:\\\/\\\/vitablanca.ma\\\/wp-content\\\/uploads\\\/2025\\\/06\\\/ISDIN-Isdinceutics-Pigment-Expert-30-Ampoules-x-2ml-nova-para-casablanca.jpg\",\"contentUrl\":\"https:\\\/\\\/vitablanca.ma\\\/wp-content\\\/uploads\\\/2025\\\/06\\\/ISDIN-Isdinceutics-Pigment-Expert-30-Ampoules-x-2ml-nova-para-casablanca.jpg\",\"width\":1000,\"height\":1000},{\"@type\":\"BreadcrumbList\",\"@id\":\"https:\\\/\\\/vitablanca.ma\\\/produit\\\/isdin-isdinceutics-pigment-expert-30-ampoules\\\/#breadcrumb\",\"itemListElement\":[{\"@type\":\"ListItem\",\"position\":1,\"name\":\"Home\",\"item\":\"https:\\\/\\\/vitablanca.ma\\\/\"},{\"@type\":\"ListItem\",\"position\":2,\"name\":\"Tous Les Produits\",\"item\":\"https:\\\/\\\/vitablanca.ma\\\/tous-les-produits\\\/\"},{\"@type\":\"ListItem\",\"position\":3,\"name\":\"ISDIN Isdinceutics Pigment Expert 30 Ampoules\"}]},{\"@type\":\"WebSite\",\"@id\":\"https:\\\/\\\/vitablanca.ma\\\/#website\",\"url\":\"https:\\\/\\\/vitablanca.ma\\\/\",\"name\":\"VitaBlanca.ma | Compl\u00e9ments alimentaires, sant\u00e9 & beaut\u00e9 au Maroc\",\"description\":\"vendre vitamines et compl\u00e9ments premium des USA &amp; Canada, Nouvelle Z\u00e9lande,Maroc (NOW Foods, Solgar, Manuka). Livraison rapide partout au Maroc.\",\"publisher\":{\"@id\":\"https:\\\/\\\/vitablanca.ma\\\/#organization\"},\"alternateName\":\"VitaBlanca.ma\",\"potentialAction\":[{\"@type\":\"SearchAction\",\"target\":{\"@type\":\"EntryPoint\",\"urlTemplate\":\"https:\\\/\\\/vitablanca.ma\\\/?s={search_term_string}\"},\"query-input\":{\"@type\":\"PropertyValueSpecification\",\"valueRequired\":true,\"valueName\":\"search_term_string\"}}],\"inLanguage\":\"en-US\"},{\"@type\":\"Organization\",\"@id\":\"https:\\\/\\\/vitablanca.ma\\\/#organization\",\"name\":\"VitaBlanca\",\"url\":\"https:\\\/\\\/vitablanca.ma\\\/\",\"logo\":{\"@type\":\"ImageObject\",\"inLanguage\":\"en-US\",\"@id\":\"https:\\\/\\\/vitablanca.ma\\\/#\\\/schema\\\/logo\\\/image\\\/\",\"url\":\"https:\\\/\\\/vitablanca.ma\\\/wp-content\\\/uploads\\\/2025\\\/05\\\/cropped-vitablanca.png\",\"contentUrl\":\"https:\\\/\\\/vitablanca.ma\\\/wp-content\\\/uploads\\\/2025\\\/05\\\/cropped-vitablanca.png\",\"width\":360,\"height\":67,\"caption\":\"VitaBlanca\"},\"image\":{\"@id\":\"https:\\\/\\\/vitablanca.ma\\\/#\\\/schema\\\/logo\\\/image\\\/\"},\"sameAs\":[\"https:\\\/\\\/www.facebook.com\\\/profile.php?id=61576678196717\",\"https:\\\/\\\/www.tiktok.com\\\/@vitablanca.ma\",\"https:\\\/\\\/www.instagram.com\\\/vitablanca.ma\\\/\"]}]}<\/script>\n<!-- \/ Yoast SEO plugin. -->","yoast_head_json":{"title":"ISDIN Isdinceutics Pigment Expert 30 Ampoules - Morocco Price","description":"ISDIN Isdinceutics Pigment Expert 30 Ampoules","robots":{"index":"index","follow":"follow","max-snippet":"max-snippet:-1","max-image-preview":"max-image-preview:large","max-video-preview":"max-video-preview:-1"},"canonical":"https:\/\/vitablanca.ma\/en\/product\/isdin-isdinceutics-pigment-expert-30-ampoules\/","og_locale":"en_US","og_type":"article","og_title":"ISDIN Isdinceutics Pigment Expert 30 Ampoules - Maroc Prix","og_description":"ISDIN Isdinceutics Pigment Expert 30 Ampoules","og_url":"https:\/\/vitablanca.ma\/en\/product\/isdin-isdinceutics-pigment-expert-30-ampoules\/","og_site_name":"Vitablanca.ma &ndash; Sant&eacute;, vitalit&eacute; et bien-&ecirc;tre pour tous les Marocains","article_publisher":"https:\/\/www.facebook.com\/profile.php?id=61576678196717","og_image":[{"width":1000,"height":1000,"url":"https:\/\/vitablanca.ma\/wp-content\/uploads\/2025\/06\/ISDIN-Isdinceutics-Pigment-Expert-30-Ampoules-x-2ml-nova-para-casablanca.jpg","type":"image\/jpeg"}],"twitter_card":"summary_large_image","twitter_misc":{"Est. reading time":"1 minute"},"schema":{"@context":"https:\/\/schema.org","@graph":[{"@type":["WebPage","ItemPage"],"@id":"https:\/\/vitablanca.ma\/produit\/isdin-isdinceutics-pigment-expert-30-ampoules\/","url":"https:\/\/vitablanca.ma\/produit\/isdin-isdinceutics-pigment-expert-30-ampoules\/","name":"ISDIN Isdinceutics Pigment Expert 30 Ampoules - Morocco Price","isPartOf":{"@id":"https:\/\/vitablanca.ma\/#website"},"primaryImageOfPage":{"@id":"https:\/\/vitablanca.ma\/produit\/isdin-isdinceutics-pigment-expert-30-ampoules\/#primaryimage"},"image":{"@id":"https:\/\/vitablanca.ma\/produit\/isdin-isdinceutics-pigment-expert-30-ampoules\/#primaryimage"},"thumbnailUrl":"https:\/\/vitablanca.ma\/wp-content\/uploads\/2025\/06\/ISDIN-Isdinceutics-Pigment-Expert-30-Ampoules-x-2ml-nova-para-casablanca.jpg","datePublished":"2025-06-10T17:48:32+00:00","description":"ISDIN Isdinceutics Pigment Expert 30 Ampoules","breadcrumb":{"@id":"https:\/\/vitablanca.ma\/produit\/isdin-isdinceutics-pigment-expert-30-ampoules\/#breadcrumb"},"inLanguage":"en-US","potentialAction":[{"@type":"ReadAction","target":["https:\/\/vitablanca.ma\/produit\/isdin-isdinceutics-pigment-expert-30-ampoules\/"]}]},{"@type":"ImageObject","inLanguage":"en-US","@id":"https:\/\/vitablanca.ma\/produit\/isdin-isdinceutics-pigment-expert-30-ampoules\/#primaryimage","url":"https:\/\/vitablanca.ma\/wp-content\/uploads\/2025\/06\/ISDIN-Isdinceutics-Pigment-Expert-30-Ampoules-x-2ml-nova-para-casablanca.jpg","contentUrl":"https:\/\/vitablanca.ma\/wp-content\/uploads\/2025\/06\/ISDIN-Isdinceutics-Pigment-Expert-30-Ampoules-x-2ml-nova-para-casablanca.jpg","width":1000,"height":1000},{"@type":"BreadcrumbList","@id":"https:\/\/vitablanca.ma\/produit\/isdin-isdinceutics-pigment-expert-30-ampoules\/#breadcrumb","itemListElement":[{"@type":"ListItem","position":1,"name":"Home","item":"https:\/\/vitablanca.ma\/"},{"@type":"ListItem","position":2,"name":"Tous Les Produits","item":"https:\/\/vitablanca.ma\/tous-les-produits\/"},{"@type":"ListItem","position":3,"name":"ISDIN Isdinceutics Pigment Expert 30 Ampoules"}]},{"@type":"WebSite","@id":"https:\/\/vitablanca.ma\/#website","url":"https:\/\/vitablanca.ma\/","name":"VitaBlanca.ma | Food supplements, health &amp; beauty in Morocco","description":"sell premium vitamins and supplements from USA &amp; Canada, New Zealand, Morocco (NOW Foods, Solgar, Manuka). Fast delivery anywhere in Morocco.","publisher":{"@id":"https:\/\/vitablanca.ma\/#organization"},"alternateName":"VitaBlanca.ma","potentialAction":[{"@type":"SearchAction","target":{"@type":"EntryPoint","urlTemplate":"https:\/\/vitablanca.ma\/?s={search_term_string}"},"query-input":{"@type":"PropertyValueSpecification","valueRequired":true,"valueName":"search_term_string"}}],"inLanguage":"en-US"},{"@type":"Organization","@id":"https:\/\/vitablanca.ma\/#organization","name":"VitaBlanca","url":"https:\/\/vitablanca.ma\/","logo":{"@type":"ImageObject","inLanguage":"en-US","@id":"https:\/\/vitablanca.ma\/#\/schema\/logo\/image\/","url":"https:\/\/vitablanca.ma\/wp-content\/uploads\/2025\/05\/cropped-vitablanca.png","contentUrl":"https:\/\/vitablanca.ma\/wp-content\/uploads\/2025\/05\/cropped-vitablanca.png","width":360,"height":67,"caption":"VitaBlanca"},"image":{"@id":"https:\/\/vitablanca.ma\/#\/schema\/logo\/image\/"},"sameAs":["https:\/\/www.facebook.com\/profile.php?id=61576678196717","https:\/\/www.tiktok.com\/@vitablanca.ma","https:\/\/www.instagram.com\/vitablanca.ma\/"]}]}},"jetpack_sharing_enabled":true,"_links":{"self":[{"href":"https:\/\/vitablanca.ma\/en\/wp-json\/wp\/v2\/product\/19108","targetHints":{"allow":["GET"]}}],"collection":[{"href":"https:\/\/vitablanca.ma\/en\/wp-json\/wp\/v2\/product"}],"about":[{"href":"https:\/\/vitablanca.ma\/en\/wp-json\/wp\/v2\/types\/product"}],"wp:featuredmedia":[{"embeddable":true,"href":"https:\/\/vitablanca.ma\/en\/wp-json\/wp\/v2\/media\/19105"}],"wp:attachment":[{"href":"https:\/\/vitablanca.ma\/en\/wp-json\/wp\/v2\/media?parent=19108"}],"wp:term":[{"taxonomy":"product_brand","embeddable":true,"href":"https:\/\/vitablanca.ma\/en\/wp-json\/wp\/v2\/product_brand?post=19108"},{"taxonomy":"product_cat","embeddable":true,"href":"https:\/\/vitablanca.ma\/en\/wp-json\/wp\/v2\/product_cat?post=19108"},{"taxonomy":"product_tag","embeddable":true,"href":"https:\/\/vitablanca.ma\/en\/wp-json\/wp\/v2\/product_tag?post=19108"}],"curies":[{"name":"wp","href":"https:\/\/api.w.org\/{rel}","templated":true}]}}