{"id":19102,"date":"2025-06-10T17:48:17","date_gmt":"2025-06-10T17:48:17","guid":{"rendered":"https:\/\/vitablanca.ma\/product\/isdin-cicapost-cream-3-en-1-50g\/"},"modified":"2025-06-10T17:48:17","modified_gmt":"2025-06-10T17:48:17","slug":"isdin-cicapost-cream-3-en-1-50g","status":"publish","type":"product","link":"https:\/\/vitablanca.ma\/en\/product\/isdin-cicapost-cream-3-en-1-50g\/","title":{"rendered":"Isdin Cicapost Cream 3 In 1 50g"},"content":{"rendered":"<h2>Isdin Cicapost Cream 3 in 1<\/h2>\n<p>50g<\/p>\n<h3>Description:<\/h3>\n<div class=\"description col-xs-12 col-sm-6\">\n<div class=\"product description\">\n<ul>\n<li><strong><span>Cream for scars<\/span><\/strong><\/li>\n<li><strong><span>Skin repair<\/span><\/strong><\/li>\n<li><strong><span>Easy to apply<\/span><\/strong><\/li>\n<li><span>Non-comedogenic<\/span><\/li>\n<li><span>Clinically tested<\/span><\/li>\n<\/ul>\n<p><strong><span>Isdin Cicapost Cream<\/span><\/strong><span><span>\u00a0<\/span>is a cream for skin care on scars.<\/span><\/p>\n<p><span>Improves the natural process of<span>\u00a0<\/span><\/span><strong><span>skin repair<\/span><\/strong><span><span>\u00a0<\/span>and helps reduce visible scars.<span>\u00a0<\/span>At the same time, it balances skin tone.<\/span><\/p>\n<p><span>Il contient comme principes actifs principaux du dexpanth\u00e9nol, de l\u2019huile de rose musqu\u00e9e (rosa canina), de la niacinamide et de l\u2019ac\u00e9tate de vitamine E, qui aident \u00e0 r\u00e9parer les tissus mais aussi \u00e0<span>\u00a0<\/span><\/span><strong><span>am\u00e9liorer l\u2019apparence des cicatrices<\/span><\/strong><span><span>\u00a0<\/span>and relieve itching.<\/span><\/p>\n<\/div>\n<h3><span>Instructions d\u2019utilisation<\/span><\/h3>\n<p><span>Appliquer sur une peau propre et s\u00e8che 3 \u00e0 4 fois par jour en massant doucement jusqu\u2019\u00e0 absorption compl\u00e8te du produit.<\/span><\/p>\n<p class=\"disclaimer\"><span>Vita4you met tout en \u0153uvre pour s\u2019assurer que les informations et les images des produits fournies sur le site Web sont exactes.<span>\u00a0<\/span>However, variations due to manufacturer modifications are possible.<span>\u00a0<\/span>Nous vous recommandons de lire attentivement les \u00e9tiquettes, les pr\u00e9cautions et les instructions d\u2019utilisation de tous les produits avant de les utiliser.<\/span><\/p>\n<h3 class=\"disclaimer\">Properties<\/h3>\n<\/div>\n<div class=\"supplement_facts col-xs-12 col-sm-6\">\n<ul>\n<li>Contributes to tissue repair<\/li>\n<li><span>Am\u00e9liore l\u2019\u00e9lasticit\u00e9 de la peau<\/span><\/li>\n<li><span>R\u00e9duit l\u2019hyperpigmentation et les d\u00e9mangeaisons<\/span><\/li>\n<li><span>Does not cause sensitivity<\/span><\/li>\n<\/ul>\n<h3><span>Precautions:<\/span><\/h3>\n<p><span>Do not apply to an open wound.<\/span><\/p>\n<p><span>For external use only.<\/span><\/p>\n<p><span>Avoid contact with eyes and mucous membranes.<\/span><\/p>\n<p><span>Store in a cool, dry place away from children.<\/span><\/p>\n<div class=\"ingredients\">\n<h3><span>Ingredients:<\/span><\/h3>\n<div class=\"text-ingredients\">\n<p><span>Aqua (eau), panth\u00e9nol, st\u00e9arate de glyc\u00e9ryle, \u00e9thylhexanoate de c\u00e9t\u00e9aryle, glyc\u00e9rine, palmitate d\u2019isopropyle, huile de fruit de Rosa Canina, st\u00e9arate de PEG-40, niacinamide, alcool c\u00e9tylique, octyldod\u00e9canal, carbom\u00e8re, dim\u00e9thicone, \u00e9thylhexylglyc\u00e9rine, ac\u00e9tate de tocoph\u00e9ryle, 1,2-hexanediol, Caprylyl Glycol, Cyclopentasiloxane, Sulfate de dextran de sodium, Acide palmitique, Acide st\u00e9arique, Cyclohexasiloxane, Hydroxyde de sodium Asiaticoside, Acide mad\u00e9cassique, Acide asiatique, BHT, EDTA disodique, Parfum (Parfum), Citronellol, Linalol, G\u00e9raniol, Limon\u00e8ne, Tocoph\u00e9rol.<\/span><\/p>\n<\/div>\n<\/div>\n<\/div>","protected":false},"excerpt":{"rendered":"<p>Isdin Cicapost Cream 3 En 1 50g Description: Cr\u00e8me pour les cicatrices R\u00e9paration de la peau Facile \u00e0 appliquer Non com\u00e9dog\u00e8ne Test\u00e9 cliniquement Isdin Cicapost Cream\u00a0est une cr\u00e8me pour le soin de la peau sur les cicatrices. Am\u00e9liore le processus naturel de\u00a0r\u00e9paration de la peau\u00a0et aide \u00e0 r\u00e9duire les cicatrices visibles.\u00a0En m\u00eame temps, il \u00e9quilibre [&hellip;]<\/p>\n","protected":false},"featured_media":19098,"template":"","meta":{"om_disable_all_campaigns":false},"product_brand":[],"product_cat":[15],"product_tag":[],"class_list":{"0":"post-19102","1":"product","2":"type-product","3":"status-publish","4":"has-post-thumbnail","6":"product_cat-beaute-sante-complements-alimentaires-soins-et-bien-etre-au-meilleur-prix","8":"first","9":"instock","10":"sale","11":"taxable","12":"shipping-taxable","13":"purchasable","14":"product-type-simple"},"yoast_head":"<!-- This site is optimized with the Yoast SEO plugin v27.5 - https:\/\/yoast.com\/product\/yoast-seo-wordpress\/ -->\n<title>Isdin Cicapost Cream 3 En 1 50g - Maroc Prix<\/title>\n<meta name=\"description\" content=\"Isdin Cicapost Cream 3 En 1 50g\" \/>\n<meta name=\"robots\" content=\"index, follow, max-snippet:-1, max-image-preview:large, max-video-preview:-1\" \/>\n<link rel=\"canonical\" href=\"https:\/\/vitablanca.ma\/en\/product\/isdin-cicapost-cream-3-en-1-50g\/\" \/>\n<meta property=\"og:locale\" content=\"en_US\" \/>\n<meta property=\"og:type\" content=\"article\" \/>\n<meta property=\"og:title\" content=\"Isdin Cicapost Cream 3 En 1 50g - Maroc Prix\" \/>\n<meta property=\"og:description\" content=\"Isdin Cicapost Cream 3 En 1 50g\" \/>\n<meta property=\"og:url\" content=\"https:\/\/vitablanca.ma\/en\/product\/isdin-cicapost-cream-3-en-1-50g\/\" \/>\n<meta property=\"og:site_name\" content=\"Vitablanca.ma &ndash; Sant&eacute;, vitalit&eacute; et bien-&ecirc;tre pour tous les Marocains\" \/>\n<meta property=\"article:publisher\" content=\"https:\/\/www.facebook.com\/profile.php?id=61576678196717\" \/>\n<meta property=\"og:image\" content=\"https:\/\/vitablanca.ma\/wp-content\/uploads\/2025\/06\/Isdin-Cicapost-Cream-3-En-1-50g-prix-maroc-parapharmacie-casablanca.jpg\" \/>\n\t<meta property=\"og:image:width\" content=\"1000\" \/>\n\t<meta property=\"og:image:height\" content=\"1000\" \/>\n\t<meta property=\"og:image:type\" content=\"image\/jpeg\" \/>\n<meta name=\"twitter:card\" content=\"summary_large_image\" \/>\n<meta name=\"twitter:label1\" content=\"Est. reading time\" \/>\n\t<meta name=\"twitter:data1\" content=\"2 minutes\" \/>\n<script type=\"application\/ld+json\" class=\"yoast-schema-graph\">{\"@context\":\"https:\\\/\\\/schema.org\",\"@graph\":[{\"@type\":[\"WebPage\",\"ItemPage\"],\"@id\":\"https:\\\/\\\/vitablanca.ma\\\/produit\\\/isdin-cicapost-cream-3-en-1-50g\\\/\",\"url\":\"https:\\\/\\\/vitablanca.ma\\\/produit\\\/isdin-cicapost-cream-3-en-1-50g\\\/\",\"name\":\"Isdin Cicapost Cream 3 En 1 50g - Maroc Prix\",\"isPartOf\":{\"@id\":\"https:\\\/\\\/vitablanca.ma\\\/#website\"},\"primaryImageOfPage\":{\"@id\":\"https:\\\/\\\/vitablanca.ma\\\/produit\\\/isdin-cicapost-cream-3-en-1-50g\\\/#primaryimage\"},\"image\":{\"@id\":\"https:\\\/\\\/vitablanca.ma\\\/produit\\\/isdin-cicapost-cream-3-en-1-50g\\\/#primaryimage\"},\"thumbnailUrl\":\"https:\\\/\\\/vitablanca.ma\\\/wp-content\\\/uploads\\\/2025\\\/06\\\/Isdin-Cicapost-Cream-3-En-1-50g-prix-maroc-parapharmacie-casablanca.jpg\",\"datePublished\":\"2025-06-10T17:48:17+00:00\",\"description\":\"Isdin Cicapost Cream 3 En 1 50g\",\"breadcrumb\":{\"@id\":\"https:\\\/\\\/vitablanca.ma\\\/produit\\\/isdin-cicapost-cream-3-en-1-50g\\\/#breadcrumb\"},\"inLanguage\":\"en-US\",\"potentialAction\":[{\"@type\":\"ReadAction\",\"target\":[\"https:\\\/\\\/vitablanca.ma\\\/produit\\\/isdin-cicapost-cream-3-en-1-50g\\\/\"]}]},{\"@type\":\"ImageObject\",\"inLanguage\":\"en-US\",\"@id\":\"https:\\\/\\\/vitablanca.ma\\\/produit\\\/isdin-cicapost-cream-3-en-1-50g\\\/#primaryimage\",\"url\":\"https:\\\/\\\/vitablanca.ma\\\/wp-content\\\/uploads\\\/2025\\\/06\\\/Isdin-Cicapost-Cream-3-En-1-50g-prix-maroc-parapharmacie-casablanca.jpg\",\"contentUrl\":\"https:\\\/\\\/vitablanca.ma\\\/wp-content\\\/uploads\\\/2025\\\/06\\\/Isdin-Cicapost-Cream-3-En-1-50g-prix-maroc-parapharmacie-casablanca.jpg\",\"width\":1000,\"height\":1000},{\"@type\":\"BreadcrumbList\",\"@id\":\"https:\\\/\\\/vitablanca.ma\\\/produit\\\/isdin-cicapost-cream-3-en-1-50g\\\/#breadcrumb\",\"itemListElement\":[{\"@type\":\"ListItem\",\"position\":1,\"name\":\"Home\",\"item\":\"https:\\\/\\\/vitablanca.ma\\\/\"},{\"@type\":\"ListItem\",\"position\":2,\"name\":\"Tous Les Produits\",\"item\":\"https:\\\/\\\/vitablanca.ma\\\/tous-les-produits\\\/\"},{\"@type\":\"ListItem\",\"position\":3,\"name\":\"Isdin Cicapost Cream 3 En 1 50g\"}]},{\"@type\":\"WebSite\",\"@id\":\"https:\\\/\\\/vitablanca.ma\\\/#website\",\"url\":\"https:\\\/\\\/vitablanca.ma\\\/\",\"name\":\"VitaBlanca.ma | Compl\u00e9ments alimentaires, sant\u00e9 & beaut\u00e9 au Maroc\",\"description\":\"vendre vitamines et compl\u00e9ments premium des USA &amp; Canada, Nouvelle Z\u00e9lande,Maroc (NOW Foods, Solgar, Manuka). Livraison rapide partout au Maroc.\",\"publisher\":{\"@id\":\"https:\\\/\\\/vitablanca.ma\\\/#organization\"},\"alternateName\":\"VitaBlanca.ma\",\"potentialAction\":[{\"@type\":\"SearchAction\",\"target\":{\"@type\":\"EntryPoint\",\"urlTemplate\":\"https:\\\/\\\/vitablanca.ma\\\/?s={search_term_string}\"},\"query-input\":{\"@type\":\"PropertyValueSpecification\",\"valueRequired\":true,\"valueName\":\"search_term_string\"}}],\"inLanguage\":\"en-US\"},{\"@type\":\"Organization\",\"@id\":\"https:\\\/\\\/vitablanca.ma\\\/#organization\",\"name\":\"VitaBlanca\",\"url\":\"https:\\\/\\\/vitablanca.ma\\\/\",\"logo\":{\"@type\":\"ImageObject\",\"inLanguage\":\"en-US\",\"@id\":\"https:\\\/\\\/vitablanca.ma\\\/#\\\/schema\\\/logo\\\/image\\\/\",\"url\":\"https:\\\/\\\/vitablanca.ma\\\/wp-content\\\/uploads\\\/2025\\\/05\\\/cropped-vitablanca.png\",\"contentUrl\":\"https:\\\/\\\/vitablanca.ma\\\/wp-content\\\/uploads\\\/2025\\\/05\\\/cropped-vitablanca.png\",\"width\":360,\"height\":67,\"caption\":\"VitaBlanca\"},\"image\":{\"@id\":\"https:\\\/\\\/vitablanca.ma\\\/#\\\/schema\\\/logo\\\/image\\\/\"},\"sameAs\":[\"https:\\\/\\\/www.facebook.com\\\/profile.php?id=61576678196717\",\"https:\\\/\\\/www.tiktok.com\\\/@vitablanca.ma\",\"https:\\\/\\\/www.instagram.com\\\/vitablanca.ma\\\/\"]}]}<\/script>\n<!-- \/ Yoast SEO plugin. -->","yoast_head_json":{"title":"Isdin Cicapost Cream 3 in 1 50g - Morocco Price","description":"Isdin Cicapost Cream 3 In 1 50g","robots":{"index":"index","follow":"follow","max-snippet":"max-snippet:-1","max-image-preview":"max-image-preview:large","max-video-preview":"max-video-preview:-1"},"canonical":"https:\/\/vitablanca.ma\/en\/product\/isdin-cicapost-cream-3-en-1-50g\/","og_locale":"en_US","og_type":"article","og_title":"Isdin Cicapost Cream 3 En 1 50g - Maroc Prix","og_description":"Isdin Cicapost Cream 3 En 1 50g","og_url":"https:\/\/vitablanca.ma\/en\/product\/isdin-cicapost-cream-3-en-1-50g\/","og_site_name":"Vitablanca.ma &ndash; Sant&eacute;, vitalit&eacute; et bien-&ecirc;tre pour tous les Marocains","article_publisher":"https:\/\/www.facebook.com\/profile.php?id=61576678196717","og_image":[{"width":1000,"height":1000,"url":"https:\/\/vitablanca.ma\/wp-content\/uploads\/2025\/06\/Isdin-Cicapost-Cream-3-En-1-50g-prix-maroc-parapharmacie-casablanca.jpg","type":"image\/jpeg"}],"twitter_card":"summary_large_image","twitter_misc":{"Est. reading time":"2 minutes"},"schema":{"@context":"https:\/\/schema.org","@graph":[{"@type":["WebPage","ItemPage"],"@id":"https:\/\/vitablanca.ma\/produit\/isdin-cicapost-cream-3-en-1-50g\/","url":"https:\/\/vitablanca.ma\/produit\/isdin-cicapost-cream-3-en-1-50g\/","name":"Isdin Cicapost Cream 3 in 1 50g - Morocco Price","isPartOf":{"@id":"https:\/\/vitablanca.ma\/#website"},"primaryImageOfPage":{"@id":"https:\/\/vitablanca.ma\/produit\/isdin-cicapost-cream-3-en-1-50g\/#primaryimage"},"image":{"@id":"https:\/\/vitablanca.ma\/produit\/isdin-cicapost-cream-3-en-1-50g\/#primaryimage"},"thumbnailUrl":"https:\/\/vitablanca.ma\/wp-content\/uploads\/2025\/06\/Isdin-Cicapost-Cream-3-En-1-50g-prix-maroc-parapharmacie-casablanca.jpg","datePublished":"2025-06-10T17:48:17+00:00","description":"Isdin Cicapost Cream 3 In 1 50g","breadcrumb":{"@id":"https:\/\/vitablanca.ma\/produit\/isdin-cicapost-cream-3-en-1-50g\/#breadcrumb"},"inLanguage":"en-US","potentialAction":[{"@type":"ReadAction","target":["https:\/\/vitablanca.ma\/produit\/isdin-cicapost-cream-3-en-1-50g\/"]}]},{"@type":"ImageObject","inLanguage":"en-US","@id":"https:\/\/vitablanca.ma\/produit\/isdin-cicapost-cream-3-en-1-50g\/#primaryimage","url":"https:\/\/vitablanca.ma\/wp-content\/uploads\/2025\/06\/Isdin-Cicapost-Cream-3-En-1-50g-prix-maroc-parapharmacie-casablanca.jpg","contentUrl":"https:\/\/vitablanca.ma\/wp-content\/uploads\/2025\/06\/Isdin-Cicapost-Cream-3-En-1-50g-prix-maroc-parapharmacie-casablanca.jpg","width":1000,"height":1000},{"@type":"BreadcrumbList","@id":"https:\/\/vitablanca.ma\/produit\/isdin-cicapost-cream-3-en-1-50g\/#breadcrumb","itemListElement":[{"@type":"ListItem","position":1,"name":"Home","item":"https:\/\/vitablanca.ma\/"},{"@type":"ListItem","position":2,"name":"Tous Les Produits","item":"https:\/\/vitablanca.ma\/tous-les-produits\/"},{"@type":"ListItem","position":3,"name":"Isdin Cicapost Cream 3 En 1 50g"}]},{"@type":"WebSite","@id":"https:\/\/vitablanca.ma\/#website","url":"https:\/\/vitablanca.ma\/","name":"VitaBlanca.ma | Food supplements, health &amp; beauty in Morocco","description":"sell premium vitamins and supplements from USA &amp; Canada, New Zealand, Morocco (NOW Foods, Solgar, Manuka). Fast delivery anywhere in Morocco.","publisher":{"@id":"https:\/\/vitablanca.ma\/#organization"},"alternateName":"VitaBlanca.ma","potentialAction":[{"@type":"SearchAction","target":{"@type":"EntryPoint","urlTemplate":"https:\/\/vitablanca.ma\/?s={search_term_string}"},"query-input":{"@type":"PropertyValueSpecification","valueRequired":true,"valueName":"search_term_string"}}],"inLanguage":"en-US"},{"@type":"Organization","@id":"https:\/\/vitablanca.ma\/#organization","name":"VitaBlanca","url":"https:\/\/vitablanca.ma\/","logo":{"@type":"ImageObject","inLanguage":"en-US","@id":"https:\/\/vitablanca.ma\/#\/schema\/logo\/image\/","url":"https:\/\/vitablanca.ma\/wp-content\/uploads\/2025\/05\/cropped-vitablanca.png","contentUrl":"https:\/\/vitablanca.ma\/wp-content\/uploads\/2025\/05\/cropped-vitablanca.png","width":360,"height":67,"caption":"VitaBlanca"},"image":{"@id":"https:\/\/vitablanca.ma\/#\/schema\/logo\/image\/"},"sameAs":["https:\/\/www.facebook.com\/profile.php?id=61576678196717","https:\/\/www.tiktok.com\/@vitablanca.ma","https:\/\/www.instagram.com\/vitablanca.ma\/"]}]}},"jetpack_sharing_enabled":true,"_links":{"self":[{"href":"https:\/\/vitablanca.ma\/en\/wp-json\/wp\/v2\/product\/19102","targetHints":{"allow":["GET"]}}],"collection":[{"href":"https:\/\/vitablanca.ma\/en\/wp-json\/wp\/v2\/product"}],"about":[{"href":"https:\/\/vitablanca.ma\/en\/wp-json\/wp\/v2\/types\/product"}],"wp:featuredmedia":[{"embeddable":true,"href":"https:\/\/vitablanca.ma\/en\/wp-json\/wp\/v2\/media\/19098"}],"wp:attachment":[{"href":"https:\/\/vitablanca.ma\/en\/wp-json\/wp\/v2\/media?parent=19102"}],"wp:term":[{"taxonomy":"product_brand","embeddable":true,"href":"https:\/\/vitablanca.ma\/en\/wp-json\/wp\/v2\/product_brand?post=19102"},{"taxonomy":"product_cat","embeddable":true,"href":"https:\/\/vitablanca.ma\/en\/wp-json\/wp\/v2\/product_cat?post=19102"},{"taxonomy":"product_tag","embeddable":true,"href":"https:\/\/vitablanca.ma\/en\/wp-json\/wp\/v2\/product_tag?post=19102"}],"curies":[{"name":"wp","href":"https:\/\/api.w.org\/{rel}","templated":true}]}}